{"id":1328,"date":"2023-10-10T18:46:51","date_gmt":"2023-10-10T16:46:51","guid":{"rendered":"https:\/\/www.fleximat.es\/?page_id=1328"},"modified":"2023-11-23T10:51:40","modified_gmt":"2023-11-23T09:51:40","slug":"aviso-legal","status":"publish","type":"page","link":"https:\/\/www.fleximat.es\/ar\/aviso-legal\/","title":{"rendered":"\u062a\u062d\u0630\u064a\u0631 \u0642\u0627\u0646\u0648\u0646\u064a"},"content":{"rendered":"<p><strong>\u0627\u0644\u0628\u064a\u0627\u0646\u0627\u062a \u0627\u0644\u0636\u0631\u064a\u0628\u064a\u0629<\/strong><\/p>\n\n\n\n<ul class=\"wp-block-list\">\n<li>\u0627\u0644\u0645\u0627\u0644\u0643: FLEXIMAT SL<\/li>\n\n\n\n<li>\u0631\u0642\u0645 \u0627\u0644\u0647\u0648\u064a\u0629: B61575379<\/li>\n\n\n\n<li>\u0627\u0644\u0639\u0646\u0648\u0627\u0646: C\/ Marcel.li Massana, 20, 08206. Sabadell (\u0628\u0631\u0634\u0644\u0648\u0646\u0629\u060c \u0625\u0633\u0628\u0627\u0646\u064a\u0627)<\/li>\n\n\n\n<li>\u0627\u0644\u0647\u0627\u062a\u0641: +34 93 724 71 70<\/li>\n<\/ul>\n\n\n\n<p><strong>\u062d\u0645\u0627\u064a\u0629 \u0627\u0644\u0628\u064a\u0627\u0646\u0627\u062a \u0627\u0644\u0634\u062e\u0635\u064a\u0629<\/strong><\/p>\n\n\n\n<p>\u064a\u062a\u0645 \u0627\u0633\u062a\u062e\u062f\u0627\u0645 \u0627\u0644\u0628\u064a\u0627\u0646\u0627\u062a \u0627\u0644\u0634\u062e\u0635\u064a\u0629 \u0627\u0644\u062a\u064a \u064a\u062a\u0645 \u062c\u0645\u0639\u0647\u0627 \u0645\u0646 \u062e\u0644\u0627\u0644 \u0627\u0644\u0645\u0648\u0642\u0639 \u0627\u0644\u0625\u0644\u0643\u062a\u0631\u0648\u0646\u064a \u0641\u0642\u0637 \u0644\u0623\u063a\u0631\u0627\u0636 \u062a\u0642\u062f\u064a\u0645 \u0627\u0644\u062e\u062f\u0645\u0627\u062a \u0627\u0644\u0645\u0637\u0644\u0648\u0628\u0629 \u0628\u0627\u0644\u0625\u0636\u0627\u0641\u0629 \u0625\u0644\u0649 \u0625\u0639\u062f\u0627\u062f \u0641\u0648\u0627\u062a\u064a\u0631\u0647\u0627. \u0633\u064a\u062a\u0645 \u0648\u0636\u0639 \u0628\u064a\u0627\u0646\u0627\u062a\u0643 \u0641\u064a \u0627\u0644\u0645\u0644\u0641\u0627\u062a \u0627\u0644\u0645\u0645\u0644\u0648\u0643\u0629 \u0644\u0634\u0631\u0643\u0629 FLEXIMAT SL \u0644\u0623\u063a\u0631\u0627\u0636 \u0627\u0644\u0641\u0648\u062a\u0631\u0629 \u0648\u0633\u064a\u062a\u0645 \u0623\u0631\u0634\u0641\u062a\u0647\u0627 \u0644\u0644\u0641\u062a\u0631\u0629 \u0627\u0644\u0632\u0645\u0646\u064a\u0629 \u0627\u0644\u0644\u0627\u0632\u0645\u0629 \u0642\u0627\u0646\u0648\u0646\u064b\u0627. \u064a\u0645\u0643\u0646\u0643 \u0645\u0645\u0627\u0631\u0633\u0629 \u062d\u0642\u0648\u0642\u0643 \u0641\u064a \u0627\u0644\u0648\u0635\u0648\u0644 \u0648\u0627\u0644\u062a\u0635\u062d\u064a\u062d \u0648\u0627\u0644\u0625\u0644\u063a\u0627\u0621 \u0648\u0627\u0644\u0645\u0639\u0627\u0631\u0636\u0629 \u0643\u062a\u0627\u0628\u064a\u064b\u0627 \u0625\u0644\u0649 FLEXIMAT SL \u0639\u0644\u0649 C\/ Marcel.li Massana, 20, 08206. Sabadell (\u0628\u0631\u0634\u0644\u0648\u0646\u0629\u060c \u0625\u0633\u0628\u0627\u0646\u064a\u0627).<\/p>\n\n\n\n<p><strong>\u0627\u0644\u0645\u0644\u0643\u064a\u0629 \u0627\u0644\u0641\u0643\u0631\u064a\u0629 \u0648\u0627\u0644\u0645\u0633\u0624\u0648\u0644\u064a\u0629 \u0639\u0646 \u0627\u0644\u0645\u062d\u062a\u0648\u0649<\/strong><\/p>\n\n\n\n<p>\u064a\u064f\u0645\u0646\u0639 \u0623\u064a \u0627\u0633\u062a\u062e\u062f\u0627\u0645 \u0644\u0643\u0627\u0641\u0629 \u0645\u062d\u062a\u0648\u064a\u0627\u062a \u0627\u0644\u0645\u0648\u0642\u0639\u060c \u0648\u062a\u062d\u062f\u064a\u062f\u0627\u064b \u0627\u0644\u0646\u0635\u0648\u0635 \u0648\u0627\u0644\u062a\u0635\u0645\u064a\u0645 \u0648\u0643\u0648\u062f \u0627\u0644\u0645\u0635\u062f\u0631\u060c \u062f\u0648\u0646 \u0627\u0644\u062d\u0635\u0648\u0644 \u0639\u0644\u0649 \u0625\u0630\u0646 \u0635\u0631\u064a\u062d \u0645\u0646 \u0623\u0635\u062d\u0627\u0628\u0647. \u0633\u064a\u062a\u0645 \u0645\u0642\u0627\u0636\u0627\u0629 \u0623\u064a \u0627\u0633\u062a\u062e\u062f\u0627\u0645 \u063a\u064a\u0631 \u0645\u0635\u0631\u062d \u0628\u0647 \u0645\u0646 \u0642\u0628\u0644 \u0627\u0644\u0645\u0627\u0644\u0643\u064a\u0646 \u0627\u0644\u0634\u0631\u0639\u064a\u064a\u0646.<\/p>\n\n\n\n<p>\u0644\u0627 \u064a\u062a\u062d\u0645\u0644 \u0645\u0627\u0644\u0643 \u0627\u0644\u0645\u0648\u0642\u0639 \u0627\u0644\u0645\u0633\u0624\u0648\u0644\u064a\u0629 \u0639\u0646 \u0627\u0644\u0645\u062d\u062a\u0648\u064a\u0627\u062a \u0627\u0644\u062a\u064a \u062a\u0648\u062c\u0647 \u0625\u0644\u064a\u0647\u0627 \u0627\u0644\u0631\u0648\u0627\u0628\u0637 \u0627\u0644\u0645\u0648\u062c\u0648\u062f\u0629 \u0639\u0644\u064a\u0647\u060c \u0648\u0641\u0642\u0627\u064b \u0644\u0645\u0627 \u0647\u0648 \u0645\u0646\u0635\u0648\u0635 \u0639\u0644\u064a\u0647 \u0641\u064a \u0627\u0644\u0645\u0627\u062f\u0629 17 \u0645\u0646 LSSICE.<\/p>","protected":false},"excerpt":{"rendered":"<p>Datos fiscales Protecci\u00f3n de datos personales Los datos de car\u00e1cter personal que se recogen a trav\u00e9s de la p\u00e1gina web, son \u00fanicamente utilizados a efectos de prestar los servicios solicitados as\u00ed como proceder a la facturaci\u00f3n de los mismos. Sus datos ser\u00e1n ubicados en ficheros titularidad de FLEXIMAT SL a efectos de facturaci\u00f3n y ser\u00e1n&#8230;<\/p>","protected":false},"author":1,"featured_media":0,"parent":0,"menu_order":20,"comment_status":"closed","ping_status":"closed","template":"","meta":{"_kad_blocks_custom_css":"","_kad_blocks_head_custom_js":"","_kad_blocks_body_custom_js":"","_kad_blocks_footer_custom_js":"","_kadence_starter_templates_imported_post":false,"_kad_post_transparent":"","_kad_post_title":"","_kad_post_layout":"","_kad_post_sidebar_id":"","_kad_post_content_style":"","_kad_post_vertical_padding":"","_kad_post_feature":"","_kad_post_feature_position":"","_kad_post_header":false,"_kad_post_footer":false,"footnotes":""},"class_list":["post-1328","page","type-page","status-publish","hentry"],"yoast_head":"<!-- This site is optimized with the Yoast SEO plugin v21.7 - https:\/\/yoast.com\/wordpress\/plugins\/seo\/ -->\n<title>Aviso legal - Fleximat<\/title>\n<meta name=\"robots\" content=\"index, follow, max-snippet:-1, max-image-preview:large, max-video-preview:-1\" \/>\n<link rel=\"canonical\" href=\"https:\/\/www.fleximat.es\/ar\/aviso-legal\/\" \/>\n<meta property=\"og:locale\" content=\"ar_AR\" \/>\n<meta property=\"og:type\" content=\"article\" \/>\n<meta property=\"og:title\" content=\"Aviso legal - Fleximat\" \/>\n<meta property=\"og:description\" content=\"Datos fiscales Protecci\u00f3n de datos personales Los datos de car\u00e1cter personal que se recogen a trav\u00e9s de la p\u00e1gina web, son \u00fanicamente utilizados a efectos de prestar los servicios solicitados as\u00ed como proceder a la facturaci\u00f3n de los mismos. Sus datos ser\u00e1n ubicados en ficheros titularidad de FLEXIMAT SL a efectos de facturaci\u00f3n y ser\u00e1n...\" \/>\n<meta property=\"og:url\" content=\"https:\/\/www.fleximat.es\/ar\/aviso-legal\/\" \/>\n<meta property=\"og:site_name\" content=\"Fleximat\" \/>\n<meta property=\"article:modified_time\" content=\"2023-11-23T09:51:40+00:00\" \/>\n<meta name=\"twitter:card\" content=\"summary_large_image\" \/>\n<meta name=\"twitter:label1\" content=\"\u0648\u0642\u062a \u0627\u0644\u0642\u0631\u0627\u0621\u0629 \u0627\u0644\u0645\u064f\u0642\u062f\u0651\u0631\" \/>\n\t<meta name=\"twitter:data1\" content=\"\u062f\u0642\u064a\u0642\u0629 \u0648\u0627\u062d\u062f\u0629\" \/>\n<script type=\"application\/ld+json\" class=\"yoast-schema-graph\">{\"@context\":\"https:\/\/schema.org\",\"@graph\":[{\"@type\":\"WebPage\",\"@id\":\"https:\/\/www.fleximat.es\/aviso-legal\/\",\"url\":\"https:\/\/www.fleximat.es\/aviso-legal\/\",\"name\":\"Aviso legal - Fleximat\",\"isPartOf\":{\"@id\":\"https:\/\/www.fleximat.es\/bn\/#website\"},\"datePublished\":\"2023-10-10T16:46:51+00:00\",\"dateModified\":\"2023-11-23T09:51:40+00:00\",\"breadcrumb\":{\"@id\":\"https:\/\/www.fleximat.es\/aviso-legal\/#breadcrumb\"},\"inLanguage\":\"ar\",\"potentialAction\":[{\"@type\":\"ReadAction\",\"target\":[\"https:\/\/www.fleximat.es\/aviso-legal\/\"]}]},{\"@type\":\"BreadcrumbList\",\"@id\":\"https:\/\/www.fleximat.es\/aviso-legal\/#breadcrumb\",\"itemListElement\":[{\"@type\":\"ListItem\",\"position\":1,\"name\":\"Portada\",\"item\":\"https:\/\/www.fleximat.es\/\"},{\"@type\":\"ListItem\",\"position\":2,\"name\":\"Aviso legal\"}]},{\"@type\":\"WebSite\",\"@id\":\"https:\/\/www.fleximat.es\/bn\/#website\",\"url\":\"https:\/\/www.fleximat.es\/bn\/\",\"name\":\"Fleximat\",\"description\":\"Tu soluci\u00f3n en prensaestopas y tubos flexibles\",\"publisher\":{\"@id\":\"https:\/\/www.fleximat.es\/bn\/#organization\"},\"potentialAction\":[{\"@type\":\"SearchAction\",\"target\":{\"@type\":\"EntryPoint\",\"urlTemplate\":\"https:\/\/www.fleximat.es\/bn\/?s={search_term_string}\"},\"query-input\":\"required name=search_term_string\"}],\"inLanguage\":\"ar\"},{\"@type\":\"Organization\",\"@id\":\"https:\/\/www.fleximat.es\/bn\/#organization\",\"name\":\"Fleximat\",\"url\":\"https:\/\/www.fleximat.es\/bn\/\",\"logo\":{\"@type\":\"ImageObject\",\"inLanguage\":\"ar\",\"@id\":\"https:\/\/www.fleximat.es\/bn\/#\/schema\/logo\/image\/\",\"url\":\"https:\/\/www.fleximat.es\/wp-content\/uploads\/2023\/11\/fleximat-logo-1.png\",\"contentUrl\":\"https:\/\/www.fleximat.es\/wp-content\/uploads\/2023\/11\/fleximat-logo-1.png\",\"width\":1169,\"height\":289,\"caption\":\"Fleximat\"},\"image\":{\"@id\":\"https:\/\/www.fleximat.es\/bn\/#\/schema\/logo\/image\/\"}}]}<\/script>\n<!-- \/ Yoast SEO plugin. -->","yoast_head_json":{"title":"Aviso legal - Fleximat","robots":{"index":"index","follow":"follow","max-snippet":"max-snippet:-1","max-image-preview":"max-image-preview:large","max-video-preview":"max-video-preview:-1"},"canonical":"https:\/\/www.fleximat.es\/ar\/aviso-legal\/","og_locale":"ar_AR","og_type":"article","og_title":"Aviso legal - Fleximat","og_description":"Datos fiscales Protecci\u00f3n de datos personales Los datos de car\u00e1cter personal que se recogen a trav\u00e9s de la p\u00e1gina web, son \u00fanicamente utilizados a efectos de prestar los servicios solicitados as\u00ed como proceder a la facturaci\u00f3n de los mismos. Sus datos ser\u00e1n ubicados en ficheros titularidad de FLEXIMAT SL a efectos de facturaci\u00f3n y ser\u00e1n...","og_url":"https:\/\/www.fleximat.es\/ar\/aviso-legal\/","og_site_name":"Fleximat","article_modified_time":"2023-11-23T09:51:40+00:00","twitter_card":"summary_large_image","twitter_misc":{"\u0648\u0642\u062a \u0627\u0644\u0642\u0631\u0627\u0621\u0629 \u0627\u0644\u0645\u064f\u0642\u062f\u0651\u0631":"\u062f\u0642\u064a\u0642\u0629 \u0648\u0627\u062d\u062f\u0629"},"schema":{"@context":"https:\/\/schema.org","@graph":[{"@type":"WebPage","@id":"https:\/\/www.fleximat.es\/aviso-legal\/","url":"https:\/\/www.fleximat.es\/aviso-legal\/","name":"Aviso legal - Fleximat","isPartOf":{"@id":"https:\/\/www.fleximat.es\/bn\/#website"},"datePublished":"2023-10-10T16:46:51+00:00","dateModified":"2023-11-23T09:51:40+00:00","breadcrumb":{"@id":"https:\/\/www.fleximat.es\/aviso-legal\/#breadcrumb"},"inLanguage":"ar","potentialAction":[{"@type":"ReadAction","target":["https:\/\/www.fleximat.es\/aviso-legal\/"]}]},{"@type":"BreadcrumbList","@id":"https:\/\/www.fleximat.es\/aviso-legal\/#breadcrumb","itemListElement":[{"@type":"ListItem","position":1,"name":"Portada","item":"https:\/\/www.fleximat.es\/"},{"@type":"ListItem","position":2,"name":"Aviso legal"}]},{"@type":"WebSite","@id":"https:\/\/www.fleximat.es\/bn\/#website","url":"https:\/\/www.fleximat.es\/bn\/","name":"Fleximat","description":"Tu soluci\u00f3n en prensaestopas y tubos flexibles","publisher":{"@id":"https:\/\/www.fleximat.es\/bn\/#organization"},"potentialAction":[{"@type":"SearchAction","target":{"@type":"EntryPoint","urlTemplate":"https:\/\/www.fleximat.es\/bn\/?s={search_term_string}"},"query-input":"required name=search_term_string"}],"inLanguage":"ar"},{"@type":"Organization","@id":"https:\/\/www.fleximat.es\/bn\/#organization","name":"Fleximat","url":"https:\/\/www.fleximat.es\/bn\/","logo":{"@type":"ImageObject","inLanguage":"ar","@id":"https:\/\/www.fleximat.es\/bn\/#\/schema\/logo\/image\/","url":"https:\/\/www.fleximat.es\/wp-content\/uploads\/2023\/11\/fleximat-logo-1.png","contentUrl":"https:\/\/www.fleximat.es\/wp-content\/uploads\/2023\/11\/fleximat-logo-1.png","width":1169,"height":289,"caption":"Fleximat"},"image":{"@id":"https:\/\/www.fleximat.es\/bn\/#\/schema\/logo\/image\/"}}]}},"taxonomy_info":[],"featured_image_src_large":false,"author_info":{"display_name":"eloi","author_link":"https:\/\/www.fleximat.es\/ar\/author\/eloi\/"},"comment_info":0,"_links":{"self":[{"href":"https:\/\/www.fleximat.es\/ar\/wp-json\/wp\/v2\/pages\/1328"}],"collection":[{"href":"https:\/\/www.fleximat.es\/ar\/wp-json\/wp\/v2\/pages"}],"about":[{"href":"https:\/\/www.fleximat.es\/ar\/wp-json\/wp\/v2\/types\/page"}],"author":[{"embeddable":true,"href":"https:\/\/www.fleximat.es\/ar\/wp-json\/wp\/v2\/users\/1"}],"replies":[{"embeddable":true,"href":"https:\/\/www.fleximat.es\/ar\/wp-json\/wp\/v2\/comments?post=1328"}],"version-history":[{"count":0,"href":"https:\/\/www.fleximat.es\/ar\/wp-json\/wp\/v2\/pages\/1328\/revisions"}],"wp:attachment":[{"href":"https:\/\/www.fleximat.es\/ar\/wp-json\/wp\/v2\/media?parent=1328"}],"curies":[{"name":"wp","href":"https:\/\/api.w.org\/{rel}","templated":true}]}}