{"id":1331,"date":"2023-10-10T18:47:12","date_gmt":"2023-10-10T16:47:12","guid":{"rendered":"https:\/\/www.fleximat.es\/?page_id=1331"},"modified":"2024-01-24T10:27:40","modified_gmt":"2024-01-24T09:27:40","slug":"declaracion-de-accesibilidad","status":"publish","type":"page","link":"https:\/\/www.fleximat.es\/ar\/declaracion-de-accesibilidad\/","title":{"rendered":"\u0628\u064a\u0627\u0646 \u0625\u0645\u0643\u0627\u0646\u064a\u0629 \u0627\u0644\u0648\u0635\u0648\u0644"},"content":{"rendered":"<p>\u0627\u0644\u062a\u0632\u0645\u062a \u0634\u0631\u0643\u0629 Fleximat \u0628\u062c\u0639\u0644 \u0645\u0648\u0642\u0639\u0647\u0627 \u0627\u0644\u0625\u0644\u0643\u062a\u0631\u0648\u0646\u064a \u0645\u062a\u0627\u062d\u064b\u0627\u060c \u0648\u0641\u0642\u064b\u0627 \u0644\u0644\u0645\u0631\u0633\u0648\u0645 \u0627\u0644\u0645\u0644\u0643\u064a \u0631\u0642\u0645 1112\/2018\u060c \u0627\u0644\u0635\u0627\u062f\u0631 \u0641\u064a 7 \u0633\u0628\u062a\u0645\u0628\u0631\u060c \u0628\u0634\u0623\u0646 \u0625\u0645\u0643\u0627\u0646\u064a\u0629 \u0627\u0644\u0648\u0635\u0648\u0644 \u0625\u0644\u0649 \u0645\u0648\u0627\u0642\u0639 \u0627\u0644\u0648\u064a\u0628 \u0648\u0627\u0644\u062a\u0637\u0628\u064a\u0642\u0627\u062a \u0644\u0644\u0623\u062c\u0647\u0632\u0629 \u0627\u0644\u0645\u062d\u0645\u0648\u0644\u0629 \u0641\u064a \u0627\u0644\u0642\u0637\u0627\u0639 \u0627\u0644\u0639\u0627\u0645.<\/p>\n\n\n\n<p>\u064a\u0646\u0637\u0628\u0642 \u0628\u064a\u0627\u0646 \u0625\u0645\u0643\u0627\u0646\u064a\u0629 \u0627\u0644\u0648\u0635\u0648\u0644 \u0647\u0630\u0627 \u0639\u0644\u0649 \u0647\u0630\u0627 \u0627\u0644\u0645\u0648\u0642\u0639.<\/p>\n\n\n\n<h2 class=\"wp-block-heading\">\u062d\u0627\u0644\u0629 \u0627\u0644\u0627\u0645\u062a\u062b\u0627\u0644<\/h2>\n\n\n\n<p>\u062a\u0645 \u062a\u0637\u0648\u064a\u0631 \u0647\u0630\u0627 \u0627\u0644\u0645\u0648\u0642\u0639 \u0648\u0641\u0642\u064b\u0627 \u0644\u0640 RD 1112\/2018<\/p>\n\n\n\n<h2 class=\"wp-block-heading\">\u0627\u0644\u062a\u062d\u0636\u064a\u0631 \u0644\u0628\u064a\u0627\u0646 \u0625\u0645\u0643\u0627\u0646\u064a\u0629 \u0627\u0644\u0648\u0635\u0648\u0644 \u0627\u0644\u062a\u0627\u0644\u064a<\/h2>\n\n\n\n<p>\u062a\u0645 \u0625\u0639\u062f\u0627\u062f \u0647\u0630\u0627 \u0627\u0644\u0628\u064a\u0627\u0646 \u0641\u064a 20 \u0645\u0627\u064a\u0648 2023.<\/p>\n\n\n\n<p>\u0648\u0643\u0627\u0646\u062a \u0627\u0644\u0637\u0631\u064a\u0642\u0629 \u0627\u0644\u0645\u0633\u062a\u062e\u062f\u0645\u0629 \u0644\u0625\u0639\u062f\u0627\u062f \u0627\u0644\u0625\u0639\u0644\u0627\u0646 \u0647\u064a \u0627\u0644\u062a\u0642\u064a\u064a\u0645 \u0627\u0644\u0630\u0627\u062a\u064a.<\/p>\n\n\n\n<h2 class=\"wp-block-heading\">\u0627\u0644\u0645\u0644\u0627\u062d\u0638\u0627\u062a \u0648\u0645\u0639\u0644\u0648\u0645\u0627\u062a \u0627\u0644\u0627\u062a\u0635\u0627\u0644<\/h2>\n\n\n\n<p>\u064a\u0645\u0643\u0646\u0643 \u0625\u062c\u0631\u0627\u0621 \u0627\u062a\u0635\u0627\u0644\u0627\u062a \u062d\u0648\u0644 \u0645\u062a\u0637\u0644\u0628\u0627\u062a \u0625\u0645\u0643\u0627\u0646\u064a\u0629 \u0627\u0644\u0648\u0635\u0648\u0644 (\u0627\u0644\u0645\u0627\u062f\u0629 10.2.\u0623 \u0645\u0646 RD 1112\/2018) \u0645\u062b\u0644:<\/p>\n\n\n\n<ul class=\"wp-block-list\">\n<li>\u0627\u0644\u0625\u0628\u0644\u0627\u063a \u0639\u0646 \u0623\u064a \u062e\u0631\u0642 \u0645\u062d\u062a\u0645\u0644 \u0644\u0647\u0630\u0627 \u0627\u0644\u0645\u0648\u0642\u0639<\/li>\n\n\n\n<li>\u0646\u0642\u0644 \u0635\u0639\u0648\u0628\u0627\u062a \u0627\u0644\u0648\u0635\u0648\u0644 \u0625\u0644\u0649 \u0627\u0644\u0645\u062d\u062a\u0648\u0649 \u0627\u0644\u0623\u062e\u0631\u0649<\/li>\n\n\n\n<li>\u0642\u0645 \u0628\u0635\u064a\u0627\u063a\u0629 \u0623\u064a \u0627\u0633\u062a\u0641\u0633\u0627\u0631 \u0623\u0648 \u0627\u0642\u062a\u0631\u0627\u062d \u0622\u062e\u0631 \u0644\u0644\u062a\u062d\u0633\u064a\u0646 \u0641\u064a\u0645\u0627 \u064a\u062a\u0639\u0644\u0642 \u0628\u0625\u0645\u0643\u0627\u0646\u064a\u0629 \u0627\u0644\u0648\u0635\u0648\u0644 \u0625\u0644\u0649 \u0627\u0644\u0645\u0648\u0642\u0639 \u0645\u0646 \u062e\u0644\u0627\u0644\u00a0<a href=\"https:\/\/www.fleximat.es\/ar\/contacto\/\">\u0646\u0645\u0648\u0630\u062c \u0627\u0644\u0627\u062a\u0635\u0627\u0644<\/a>\u00a0\u0645\u0646 \u0647\u0630\u0627 \u0627\u0644\u0645\u0648\u0642\u0639 \u0623\u0648 \u0645\u0646 \u062e\u0644\u0627\u0644 \u0631\u0642\u0645 \u0627\u0644\u0647\u0627\u062a\u0641 635 72 78 47<\/li>\n<\/ul>\n\n\n\n<p>\u064a\u0645\u0643\u0646\u0643 \u062a\u0642\u062f\u064a\u0645:<\/p>\n\n\n\n<ul class=\"wp-block-list\">\n<li>\u0634\u0643\u0648\u0649 \u0628\u0634\u0623\u0646 \u0627\u0644\u0627\u0645\u062a\u062b\u0627\u0644 \u0644\u0645\u062a\u0637\u0644\u0628\u0627\u062a RD 1112\/2018<\/li>\n\n\n\n<li>\u0637\u0644\u0628 \u0627\u0644\u062d\u0635\u0648\u0644 \u0639\u0644\u0649 \u0645\u0639\u0644\u0648\u0645\u0627\u062a \u064a\u0645\u0643\u0646 \u0627\u0644\u0648\u0635\u0648\u0644 \u0625\u0644\u064a\u0647\u0627 \u062a\u062a\u0639\u0644\u0642 \u0628\u0645\u0627 \u064a\u0644\u064a:\n<ul class=\"wp-block-list\">\n<li>\u0627\u0644\u0645\u062d\u062a\u0648\u064a\u0627\u062a \u0627\u0644\u0645\u0633\u062a\u062b\u0646\u0627\u0629 \u0645\u0646 \u0646\u0637\u0627\u0642 \u062a\u0637\u0628\u064a\u0642 \u0627\u0644\u0645\u0631\u0633\u0648\u0645 \u0627\u0644\u0633\u0644\u0637\u0627\u0646\u064a \u0631\u0642\u0645 1112\/2018 \u0648\u0641\u0642\u0627 \u0644\u0645\u0627 \u0647\u0648 \u0645\u062d\u062f\u062f \u0641\u064a \u0627\u0644\u0645\u0627\u062f\u0629 3 \u0627\u0644\u0642\u0633\u0645 4<\/li>\n\n\n\n<li>\u0627\u0644\u0645\u062d\u062a\u0648\u0649 \u0627\u0644\u0645\u0639\u0641\u0649 \u0645\u0646 \u0627\u0644\u0627\u0645\u062a\u062b\u0627\u0644 \u0644\u0645\u062a\u0637\u0644\u0628\u0627\u062a \u0625\u0645\u0643\u0627\u0646\u064a\u0629 \u0627\u0644\u0648\u0635\u0648\u0644 \u0644\u0641\u0631\u0636 \u0639\u0628\u0626\u0627 \u063a\u064a\u0631 \u0645\u062a\u0646\u0627\u0633\u0628<\/li>\n\n\n\n<li>\u0641\u064a \u0637\u0644\u0628 \u0627\u0644\u062d\u0635\u0648\u0644 \u0639\u0644\u0649 \u0645\u0639\u0644\u0648\u0645\u0627\u062a \u064a\u0645\u0643\u0646 \u0627\u0644\u0648\u0635\u0648\u0644 \u0625\u0644\u064a\u0647\u0627\u060c \u064a\u062c\u0628 \u062a\u062d\u062f\u064a\u062f \u0627\u0644\u0648\u0642\u0627\u0626\u0639 \u0648\u0627\u0644\u0623\u0633\u0628\u0627\u0628 \u0648\u0627\u0644\u0637\u0644\u0628 \u0628\u0634\u0643\u0644 \u0648\u0627\u0636\u062d\u060c \u0645\u0645\u0627 \u064a\u0633\u0645\u062d \u0628\u0627\u0644\u062a\u062d\u0642\u0642 \u0645\u0646 \u0623\u0646\u0647 \u0637\u0644\u0628 \u0645\u0639\u0642\u0648\u0644 \u0648\u0645\u0634\u0631\u0648\u0639.<\/li>\n<\/ul>\n<\/li>\n<\/ul>\n\n\n\n<p>\u0633\u064a\u062a\u0645 \u062a\u0642\u062f\u064a\u0645 \u0627\u0644\u0634\u0643\u0627\u0648\u0649 \u0648\u0627\u0644\u0645\u0637\u0627\u0644\u0628\u0627\u062a \u0628\u0634\u0623\u0646 \u0627\u0644\u0645\u0639\u0644\u0648\u0645\u0627\u062a \u0627\u0644\u062a\u064a \u064a\u0645\u0643\u0646 \u0627\u0644\u0648\u0635\u0648\u0644 \u0625\u0644\u064a\u0647\u0627 \u0645\u0646 \u062e\u0644\u0627\u0644 \u0627\u0644\u0645\u0642\u0631 \u0627\u0644\u0625\u0644\u0643\u062a\u0631\u0648\u0646\u064a (<a href=\"https:\/\/sede.red.gob.es\/procedimientos\/quejas-y-sugerencias\" target=\"_blank\" rel=\"noreferrer noopener\">https:\/\/sede.red.gob.es\/procedimientos\/quejas-y-sugerencias<\/a>)\u060c \u0648\u0633\u064a\u062a\u0645 \u0627\u0633\u062a\u0644\u0627\u0645\u0647\u0627 \u0648\u0645\u0639\u0627\u0644\u062c\u062a\u0647\u0627 \u0628\u0648\u0627\u0633\u0637\u0629 \u0645\u0646\u0637\u0642\u0629 \u0646\u0638\u0645 \u0627\u0644\u0645\u0639\u0644\u0648\u0645\u0627\u062a \u0641\u064a Red.es.<\/p>\n\n\n\n<h2 class=\"wp-block-heading\">\u0645\u062d\u062a\u0648\u0649 \u0627\u062e\u062a\u064a\u0627\u0631\u064a<\/h2>\n\n\n\n<ul class=\"wp-block-list\">\n<li>\u0625\u0630\u0627 \u0643\u0646\u062a \u062a\u0631\u064a\u062f \u062a\u063a\u064a\u064a\u0631 \u062d\u062c\u0645 \u062e\u0637 \u0627\u0644\u0646\u0635 \u0641\u064a \u0627\u0644\u0645\u062a\u0635\u0641\u062d\u0627\u062a \u0627\u0644\u0631\u0633\u0648\u0645\u064a\u0629 \u0627\u0644\u0631\u0626\u064a\u0633\u064a\u0629\u060c \u0627\u0633\u062a\u062e\u062f\u0645 \u0627\u0644\u0642\u0648\u0627\u0626\u0645 \u0627\u0644\u062a\u0627\u0644\u064a\u0629:<\/li>\n\n\n\n<li>Safari: \u0639\u0631\u0636 &gt; \u062a\u0643\u0628\u064a\u0631 \u0627\u0644\u0646\u0635<\/li>\n\n\n\n<li>Chrome: \u0627\u0644\u062a\u062d\u0643\u0645 \u0641\u064a \u0627\u0644\u0635\u0641\u062d\u0629 \u0627\u0644\u062d\u0627\u0644\u064a\u0629 &gt; \u062d\u062c\u0645 \u0627\u0644\u0646\u0635<\/li>\n<\/ul>\n\n\n\n<p>\u0644\u062a\u063a\u064a\u064a\u0631 \u062d\u062c\u0645 \u0643\u0644 \u0634\u064a\u0621 \u0639\u0644\u0649 \u0627\u0644\u0635\u0641\u062d\u0629:<\/p>\n\n\n\n<ul class=\"wp-block-list\">\n<li>Ctrl++ \u0644\u0632\u064a\u0627\u062f\u062a\u0647<\/li>\n\n\n\n<li>Ctrl + - \u0644\u062a\u0642\u0644\u064a\u0644\u0647<\/li>\n\n\n\n<li>Ctrl + 0 \u064a\u0639\u064a\u062f \u062d\u062c\u0645 \u0627\u0644\u0646\u0635 \u0627\u0644\u0623\u0635\u0644\u064a<\/li>\n\n\n\n<li>\u0625\u0630\u0627 \u0643\u0627\u0646 \u0645\u0627 \u062a\u0631\u064a\u062f\u0647 \u0647\u0648 \u062a\u062c\u0627\u0648\u0632 \u0648\u0631\u0642\u0629 \u0627\u0644\u0623\u0646\u0645\u0627\u0637 \u0623\u0648 \u062a\u0639\u062f\u064a\u0644 \u0644\u0648\u0646 \u0627\u0644\u0646\u0635\u060c \u0641\u064a\u0645\u0643\u0646\u0643 \u0627\u0644\u0631\u062c\u0648\u0639 \u0625\u0644\u0649 \u0635\u0641\u062d\u0629 \u0643\u064a\u0641\u064a\u0629 \u062a\u063a\u064a\u064a\u0631 \u062d\u062c\u0645 \u0627\u0644\u0646\u0635 \u0623\u0648 \u0627\u0644\u0623\u0644\u0648\u0627\u0646 \u0641\u064a WAI\u060c \u0648\u0627\u0644\u062a\u064a \u064a\u0645\u0643\u0646 \u0642\u0631\u0627\u0621\u062a\u0647\u0627 \u0645\u062a\u0631\u062c\u0645\u0629 \u0625\u0644\u0649 \u0627\u0644\u0625\u0633\u0628\u0627\u0646\u064a\u0629 \u0641\u064a \u0643\u064a\u0641\u064a\u0629 \u062a\u063a\u064a\u064a\u0631 \u062d\u062c\u0645 \u0627\u0644\u0646\u0635 \u0623\u0648 \u0627\u0644\u0623\u0644\u0648\u0627\u0646\u061f<\/li>\n<\/ul>","protected":false},"excerpt":{"rendered":"<p>Fleximat&nbsp;se ha comprometido a hacer accesible su sitio web, de conformidad con el Real Decreto 1112\/2018, de 7 de septiembre, sobre accesibilidad de los sitios web y aplicaciones para dispositivos m\u00f3viles del sector p\u00fablico. Esta declaraci\u00f3n de accesibilidad se aplica a esta web. Situaci\u00f3n de cumplimiento Este sitio web est\u00e1 desarrollado de acuerdo con el&#8230;<\/p>","protected":false},"author":1,"featured_media":0,"parent":0,"menu_order":19,"comment_status":"closed","ping_status":"closed","template":"","meta":{"_kad_blocks_custom_css":"","_kad_blocks_head_custom_js":"","_kad_blocks_body_custom_js":"","_kad_blocks_footer_custom_js":"","_kadence_starter_templates_imported_post":false,"_kad_post_transparent":"","_kad_post_title":"","_kad_post_layout":"","_kad_post_sidebar_id":"","_kad_post_content_style":"","_kad_post_vertical_padding":"","_kad_post_feature":"","_kad_post_feature_position":"","_kad_post_header":false,"_kad_post_footer":false,"footnotes":""},"class_list":["post-1331","page","type-page","status-publish","hentry"],"yoast_head":"<!-- This site is optimized with the Yoast SEO plugin v21.7 - https:\/\/yoast.com\/wordpress\/plugins\/seo\/ -->\n<title>Declaraci\u00f3n de accesibilidad - Fleximat<\/title>\n<meta name=\"robots\" content=\"index, follow, max-snippet:-1, max-image-preview:large, max-video-preview:-1\" \/>\n<link rel=\"canonical\" href=\"https:\/\/www.fleximat.es\/ar\/declaracion-de-accesibilidad\/\" \/>\n<meta property=\"og:locale\" content=\"ar_AR\" \/>\n<meta property=\"og:type\" content=\"article\" \/>\n<meta property=\"og:title\" content=\"Declaraci\u00f3n de accesibilidad - Fleximat\" \/>\n<meta property=\"og:description\" content=\"Fleximat&nbsp;se ha comprometido a hacer accesible su sitio web, de conformidad con el Real Decreto 1112\/2018, de 7 de septiembre, sobre accesibilidad de los sitios web y aplicaciones para dispositivos m\u00f3viles del sector p\u00fablico. Esta declaraci\u00f3n de accesibilidad se aplica a esta web. Situaci\u00f3n de cumplimiento Este sitio web est\u00e1 desarrollado de acuerdo con el...\" \/>\n<meta property=\"og:url\" content=\"https:\/\/www.fleximat.es\/ar\/declaracion-de-accesibilidad\/\" \/>\n<meta property=\"og:site_name\" content=\"Fleximat\" \/>\n<meta property=\"article:modified_time\" content=\"2024-01-24T09:27:40+00:00\" \/>\n<meta name=\"twitter:card\" content=\"summary_large_image\" \/>\n<meta name=\"twitter:label1\" content=\"\u0648\u0642\u062a \u0627\u0644\u0642\u0631\u0627\u0621\u0629 \u0627\u0644\u0645\u064f\u0642\u062f\u0651\u0631\" \/>\n\t<meta name=\"twitter:data1\" content=\"\u062f\u0642\u064a\u0642\u062a\u0627\u0646\" \/>\n<script type=\"application\/ld+json\" class=\"yoast-schema-graph\">{\"@context\":\"https:\/\/schema.org\",\"@graph\":[{\"@type\":\"WebPage\",\"@id\":\"https:\/\/www.fleximat.es\/declaracion-de-accesibilidad\/\",\"url\":\"https:\/\/www.fleximat.es\/declaracion-de-accesibilidad\/\",\"name\":\"Declaraci\u00f3n de accesibilidad - Fleximat\",\"isPartOf\":{\"@id\":\"https:\/\/www.fleximat.es\/bn\/#website\"},\"datePublished\":\"2023-10-10T16:47:12+00:00\",\"dateModified\":\"2024-01-24T09:27:40+00:00\",\"breadcrumb\":{\"@id\":\"https:\/\/www.fleximat.es\/declaracion-de-accesibilidad\/#breadcrumb\"},\"inLanguage\":\"ar\",\"potentialAction\":[{\"@type\":\"ReadAction\",\"target\":[\"https:\/\/www.fleximat.es\/declaracion-de-accesibilidad\/\"]}]},{\"@type\":\"BreadcrumbList\",\"@id\":\"https:\/\/www.fleximat.es\/declaracion-de-accesibilidad\/#breadcrumb\",\"itemListElement\":[{\"@type\":\"ListItem\",\"position\":1,\"name\":\"Portada\",\"item\":\"https:\/\/www.fleximat.es\/\"},{\"@type\":\"ListItem\",\"position\":2,\"name\":\"Declaraci\u00f3n de accesibilidad\"}]},{\"@type\":\"WebSite\",\"@id\":\"https:\/\/www.fleximat.es\/bn\/#website\",\"url\":\"https:\/\/www.fleximat.es\/bn\/\",\"name\":\"Fleximat\",\"description\":\"Tu soluci\u00f3n en prensaestopas y tubos flexibles\",\"publisher\":{\"@id\":\"https:\/\/www.fleximat.es\/bn\/#organization\"},\"potentialAction\":[{\"@type\":\"SearchAction\",\"target\":{\"@type\":\"EntryPoint\",\"urlTemplate\":\"https:\/\/www.fleximat.es\/bn\/?s={search_term_string}\"},\"query-input\":\"required name=search_term_string\"}],\"inLanguage\":\"ar\"},{\"@type\":\"Organization\",\"@id\":\"https:\/\/www.fleximat.es\/bn\/#organization\",\"name\":\"Fleximat\",\"url\":\"https:\/\/www.fleximat.es\/bn\/\",\"logo\":{\"@type\":\"ImageObject\",\"inLanguage\":\"ar\",\"@id\":\"https:\/\/www.fleximat.es\/bn\/#\/schema\/logo\/image\/\",\"url\":\"https:\/\/www.fleximat.es\/wp-content\/uploads\/2023\/11\/fleximat-logo-1.png\",\"contentUrl\":\"https:\/\/www.fleximat.es\/wp-content\/uploads\/2023\/11\/fleximat-logo-1.png\",\"width\":1169,\"height\":289,\"caption\":\"Fleximat\"},\"image\":{\"@id\":\"https:\/\/www.fleximat.es\/bn\/#\/schema\/logo\/image\/\"}}]}<\/script>\n<!-- \/ Yoast SEO plugin. -->","yoast_head_json":{"title":"Declaraci\u00f3n de accesibilidad - Fleximat","robots":{"index":"index","follow":"follow","max-snippet":"max-snippet:-1","max-image-preview":"max-image-preview:large","max-video-preview":"max-video-preview:-1"},"canonical":"https:\/\/www.fleximat.es\/ar\/declaracion-de-accesibilidad\/","og_locale":"ar_AR","og_type":"article","og_title":"Declaraci\u00f3n de accesibilidad - Fleximat","og_description":"Fleximat&nbsp;se ha comprometido a hacer accesible su sitio web, de conformidad con el Real Decreto 1112\/2018, de 7 de septiembre, sobre accesibilidad de los sitios web y aplicaciones para dispositivos m\u00f3viles del sector p\u00fablico. Esta declaraci\u00f3n de accesibilidad se aplica a esta web. Situaci\u00f3n de cumplimiento Este sitio web est\u00e1 desarrollado de acuerdo con el...","og_url":"https:\/\/www.fleximat.es\/ar\/declaracion-de-accesibilidad\/","og_site_name":"Fleximat","article_modified_time":"2024-01-24T09:27:40+00:00","twitter_card":"summary_large_image","twitter_misc":{"\u0648\u0642\u062a \u0627\u0644\u0642\u0631\u0627\u0621\u0629 \u0627\u0644\u0645\u064f\u0642\u062f\u0651\u0631":"\u062f\u0642\u064a\u0642\u062a\u0627\u0646"},"schema":{"@context":"https:\/\/schema.org","@graph":[{"@type":"WebPage","@id":"https:\/\/www.fleximat.es\/declaracion-de-accesibilidad\/","url":"https:\/\/www.fleximat.es\/declaracion-de-accesibilidad\/","name":"Declaraci\u00f3n de accesibilidad - Fleximat","isPartOf":{"@id":"https:\/\/www.fleximat.es\/bn\/#website"},"datePublished":"2023-10-10T16:47:12+00:00","dateModified":"2024-01-24T09:27:40+00:00","breadcrumb":{"@id":"https:\/\/www.fleximat.es\/declaracion-de-accesibilidad\/#breadcrumb"},"inLanguage":"ar","potentialAction":[{"@type":"ReadAction","target":["https:\/\/www.fleximat.es\/declaracion-de-accesibilidad\/"]}]},{"@type":"BreadcrumbList","@id":"https:\/\/www.fleximat.es\/declaracion-de-accesibilidad\/#breadcrumb","itemListElement":[{"@type":"ListItem","position":1,"name":"Portada","item":"https:\/\/www.fleximat.es\/"},{"@type":"ListItem","position":2,"name":"Declaraci\u00f3n de accesibilidad"}]},{"@type":"WebSite","@id":"https:\/\/www.fleximat.es\/bn\/#website","url":"https:\/\/www.fleximat.es\/bn\/","name":"Fleximat","description":"Tu soluci\u00f3n en prensaestopas y tubos flexibles","publisher":{"@id":"https:\/\/www.fleximat.es\/bn\/#organization"},"potentialAction":[{"@type":"SearchAction","target":{"@type":"EntryPoint","urlTemplate":"https:\/\/www.fleximat.es\/bn\/?s={search_term_string}"},"query-input":"required name=search_term_string"}],"inLanguage":"ar"},{"@type":"Organization","@id":"https:\/\/www.fleximat.es\/bn\/#organization","name":"Fleximat","url":"https:\/\/www.fleximat.es\/bn\/","logo":{"@type":"ImageObject","inLanguage":"ar","@id":"https:\/\/www.fleximat.es\/bn\/#\/schema\/logo\/image\/","url":"https:\/\/www.fleximat.es\/wp-content\/uploads\/2023\/11\/fleximat-logo-1.png","contentUrl":"https:\/\/www.fleximat.es\/wp-content\/uploads\/2023\/11\/fleximat-logo-1.png","width":1169,"height":289,"caption":"Fleximat"},"image":{"@id":"https:\/\/www.fleximat.es\/bn\/#\/schema\/logo\/image\/"}}]}},"taxonomy_info":[],"featured_image_src_large":false,"author_info":{"display_name":"eloi","author_link":"https:\/\/www.fleximat.es\/ar\/author\/eloi\/"},"comment_info":0,"_links":{"self":[{"href":"https:\/\/www.fleximat.es\/ar\/wp-json\/wp\/v2\/pages\/1331"}],"collection":[{"href":"https:\/\/www.fleximat.es\/ar\/wp-json\/wp\/v2\/pages"}],"about":[{"href":"https:\/\/www.fleximat.es\/ar\/wp-json\/wp\/v2\/types\/page"}],"author":[{"embeddable":true,"href":"https:\/\/www.fleximat.es\/ar\/wp-json\/wp\/v2\/users\/1"}],"replies":[{"embeddable":true,"href":"https:\/\/www.fleximat.es\/ar\/wp-json\/wp\/v2\/comments?post=1331"}],"version-history":[{"count":1,"href":"https:\/\/www.fleximat.es\/ar\/wp-json\/wp\/v2\/pages\/1331\/revisions"}],"predecessor-version":[{"id":3622,"href":"https:\/\/www.fleximat.es\/ar\/wp-json\/wp\/v2\/pages\/1331\/revisions\/3622"}],"wp:attachment":[{"href":"https:\/\/www.fleximat.es\/ar\/wp-json\/wp\/v2\/media?parent=1331"}],"curies":[{"name":"wp","href":"https:\/\/api.w.org\/{rel}","templated":true}]}}