{"id":1551,"date":"2023-10-18T17:52:50","date_gmt":"2023-10-18T15:52:50","guid":{"rendered":"https:\/\/www.fleximat.es\/?post_type=product&#038;p=1551"},"modified":"2023-12-01T11:03:54","modified_gmt":"2023-12-01T10:03:54","slug":"prensaestopas-metrica-multihole-poliamida-ip-68-negro","status":"publish","type":"product","link":"https:\/\/www.fleximat.es\/ar\/product\/prensaestopas-metrica-multihole-poliamida-ip-68-negro\/","title":{"rendered":"\u0645\u062a\u0631\u064a \u0645\u062a\u0639\u062f\u062f \u0627\u0644\u062b\u0642\u0648\u0628 \u0643\u0627\u0628\u0644 \u0627\u0644\u063a\u062f\u0629 \u0645\u0627\u062f\u0629 \u0627\u0644\u0628\u0648\u0644\u064a \u0623\u0645\u064a\u062f IP-68 \u0627\u0644\u0623\u0633\u0648\u062f"},"content":{"rendered":"<h4>\u0645\u0644\u0643\u064a\u0627\u062a<\/h4>\n<p>\u0627\u0644\u0645\u0636\u0627\u062f\u0629 \u0644\u0644\u0627\u0647\u062a\u0632\u0627\u0632<br \/>\n\u0645\u0642\u0627\u0648\u0645\u0629 \u0639\u0627\u0644\u064a\u0629 \u0644\u0644\u0623\u0634\u0639\u0629 \u0641\u0648\u0642 \u0627\u0644\u0628\u0646\u0641\u0633\u062c\u064a\u0629<br \/>\n\u0633\u0647\u0644 \u0627\u0644\u062a\u062c\u0645\u064a\u0639 \u0648\u0645\u0639\u062a\u0645\u062f \u0645\u0646 VDE (40030037)<br \/>\n\u062e\u0627\u0644\u064a \u0645\u0646 \u0627\u0644\u0647\u0627\u0644\u0648\u062c\u064a\u0646\u0627\u062a<\/p>\n<h3>\u0648\u0635\u0641 \u0627\u0644\u0645\u0646\u062a\u062c<\/h3>\n<p>\u062a\u0639\u062f \u063a\u062f\u0629 \u0627\u0644\u0643\u0627\u0628\u0644\u0627\u062a \u0627\u0644\u0645\u062a\u0639\u062f\u062f\u0629 \u0623\u062d\u062f \u0623\u0634\u0643\u0627\u0644 \u063a\u062f\u0629 \u0627\u0644\u0643\u0627\u0628\u0644\u0627\u062a \u0627\u0644\u0634\u0627\u0626\u0639\u0629 \u0627\u0644\u062a\u064a \u062a\u062a\u0636\u0645\u0646 \u0648\u0635\u0644\u0629 \u062f\u0627\u062e\u0644\u064a\u0629 \u0628\u0647\u0627 \u0641\u062a\u062d\u0627\u062a \u0644\u062a\u0645\u0631\u064a\u0631 \u0639\u062f\u062f \u0645\u0639\u064a\u0646 \u0645\u0646 \u0627\u0644\u0643\u0627\u0628\u0644\u0627\u062a \u0627\u0644\u0643\u0647\u0631\u0628\u0627\u0626\u064a\u0629.<\/p>\n<p>\u064a\u062a\u0645 \u0627\u0633\u062a\u062e\u062f\u0627\u0645 \u0627\u0644\u063a\u062f\u0629 \u0645\u062a\u0639\u062f\u062f\u0629 \u0627\u0644\u0643\u0627\u0628\u0644\u0627\u062a \u0623\u0648 \u062d\u0644\u0642\u0629 \u0627\u0644\u062c\u062f\u0627\u0631 \u0644\u062d\u0645\u0627\u064a\u0629 \u062a\u0648\u0635\u064a\u0644\u0627\u062a \u0627\u0644\u0623\u0633\u0644\u0627\u0643\u060c \u062d\u064a\u062b \u064a\u0639\u0645\u0644 \u062a\u0635\u0645\u064a\u0645\u0647\u0627 \u0648\u0645\u0643\u0648\u0646\u0627\u062a\u0647\u0627 \u0627\u0644\u0645\u064a\u0643\u0627\u0646\u064a\u0643\u064a\u0629 \u0639\u0644\u0649 \u0636\u063a\u0637 \u062d\u0634\u064a\u0629 \u0645\u0637\u0627\u0637\u064a\u0629 \u062f\u0627\u062e\u0644\u064a\u0629 \u062f\u0627\u062e\u0644 \u0627\u0644\u0647\u064a\u0643\u0644. \u0648\u0628\u062f\u0648\u0631\u0647 \u064a\u0642\u0648\u0645 \u0627\u0644\u0645\u0641\u0635\u0644 \u0627\u0644\u062f\u0627\u062e\u0644\u064a \u0628\u062a\u0648\u0632\u064a\u0639 \u0627\u0644\u0643\u0627\u0628\u0644\u0627\u062a \u062d\u0633\u0628 \u0645\u0648\u0627\u0635\u0641\u0627\u062a \u0627\u0644\u0645\u0634\u0631\u0648\u0639.<\/p>\n<p>\u062a\u0648\u0641\u0631 \u063a\u062f\u062f \u0627\u0644\u0643\u0627\u0628\u0644\u0627\u062a \u0644\u0644\u0643\u0627\u0628\u0644\u0627\u062a \u0627\u0644\u0645\u062e\u062a\u0644\u0641\u0629 \u062a\u0646\u0648\u0639\u064b\u0627 \u0643\u0628\u064a\u0631\u064b\u0627 \u0641\u064a \u0627\u0644\u062e\u0635\u0627\u0626\u0635\u060c \u0633\u0648\u0627\u0621 \u0643\u0627\u0646\u062a \u0645\u064a\u0643\u0627\u0646\u064a\u0643\u064a\u0629 \u0623\u0648 \u0643\u064a\u0645\u064a\u0627\u0626\u064a\u0629 \u0623\u0648 \u0623\u062f\u0627\u0621\u060c \u0648\u0647\u064a \u0645\u062a\u0648\u0641\u0631\u0629 \u0641\u064a \u0643\u0644 \u0645\u0646 \u0627\u0644\u0645\u0648\u0627\u062f \u0627\u0644\u0628\u0644\u0627\u0633\u062a\u064a\u0643\u064a\u0629 \u0648\u0627\u0644\u0646\u0633\u062e\u0629 \u0627\u0644\u0645\u0639\u062f\u0646\u064a\u0629.<\/p>\n<p>\u062a\u0648\u062c\u062f \u063a\u062f\u062f \u0645\u062a\u0639\u062f\u062f\u0629 \u0627\u0644\u0643\u0627\u0628\u0644\u0627\u062a \u0641\u064a \u0646\u0637\u0627\u0642 \u0648\u0627\u0633\u0639 \u062c\u062f\u064b\u0627 \u0645\u0646 \u0639\u062f\u062f \u0627\u0644\u0643\u0627\u0628\u0644\u0627\u062a \u0648\u0627\u0644\u0623\u0642\u0637\u0627\u0631 \u0627\u0644\u0645\u0637\u0644\u0648\u0628\u0629 \u0644\u0644\u0641\u062a\u062d\u0627\u062a \u0627\u0644\u0645\u0648\u062c\u0648\u062f\u0629 \u0641\u064a \u0645\u0641\u0627\u0635\u0644\u0647\u0627.<\/p>\n<table class=\"table table-bordered table-striped\">\n<tbody>\n<tr>\n<td colspan=\"3\"><strong>\u0627\u0644\u062e\u064a\u0648\u0637<\/strong><\/td>\n<td><strong>\u0631\u0645\u0648\u0632<\/strong><\/td>\n<td><strong>\u0639\u062f\u062f \u0627\u0644\u062b\u0642\u0648\u0628<\/strong><\/td>\n<td><strong>\u062c \u0645\u0645<\/strong><\/td>\n<\/tr>\n<tr>\n<td colspan=\"3\">\u0645 16 \u00d7 1.5<\/td>\n<td>\u0623\u0648\u0645\u0631\u0628 02A3<\/td>\n<td>2<\/td>\n<td>3<\/td>\n<\/tr>\n<tr>\n<td colspan=\"3\">\u0645 16 \u00d7 1.5<\/td>\n<td>\u0623\u0648\u0645\u0631\u0628 02\u06283<\/td>\n<td>3<\/td>\n<td>3<\/td>\n<\/tr>\n<tr>\n<td colspan=\"3\">\u0645 16 \u00d7 1.5<\/td>\n<td>\u0623\u0648\u0645\u0631\u0628 02C3<\/td>\n<td>4<\/td>\n<td>3<\/td>\n<\/tr>\n<tr>\n<td colspan=\"3\">\u0645 16 \u00d7 1.5<\/td>\n<td>\u0623\u0648\u0645\u0631\u0628 03A4<\/td>\n<td>2<\/td>\n<td>4<\/td>\n<\/tr>\n<tr>\n<td colspan=\"3\">\u0645 16 \u00d7 1.5<\/td>\n<td>\u0623\u0648\u0645\u0631\u0628 03A5<\/td>\n<td>2<\/td>\n<td>5<\/td>\n<\/tr>\n<tr>\n<td colspan=\"3\">\u0645 16 \u00d7 1.5<\/td>\n<td>\u0623\u0648\u0645\u0631\u0628 03\u06284<\/td>\n<td>3<\/td>\n<td>4<\/td>\n<\/tr>\n<tr>\n<td colspan=\"3\">\u0645 16 \u00d7 1.5<\/td>\n<td>\u0623\u0648\u0645\u0631\u0628 03\u06285<\/td>\n<td>3<\/td>\n<td>5<\/td>\n<\/tr>\n<tr>\n<td colspan=\"3\">\u0645 20 \u00d7 1.5<\/td>\n<td>\u0623\u0648\u0645\u0631\u0628 04A5<\/td>\n<td>2<\/td>\n<td>5<\/td>\n<\/tr>\n<tr>\n<td colspan=\"3\">\u0645 20 \u00d7 1.5<\/td>\n<td>\u0623\u0648\u0645\u0631\u0628 04A6<\/td>\n<td>2<\/td>\n<td>6<\/td>\n<\/tr>\n<tr>\n<td colspan=\"3\">\u0645 20 \u00d7 1.5<\/td>\n<td>\u0623\u0648\u0645\u0631\u0628 04B4<\/td>\n<td>3<\/td>\n<td>4<\/td>\n<\/tr>\n<tr>\n<td colspan=\"3\">\u0645 20 \u00d7 1.5<\/td>\n<td>\u0623\u0648\u0645\u0631\u0628 04B5<\/td>\n<td>3<\/td>\n<td>5<\/td>\n<\/tr>\n<tr>\n<td colspan=\"3\">\u0645 20 \u00d7 1.5<\/td>\n<td>\u0623\u0648\u0645\u0631\u0628 05A4<\/td>\n<td>2<\/td>\n<td>4<\/td>\n<\/tr>\n<tr>\n<td colspan=\"3\">\u0645 20 \u00d7 1.5<\/td>\n<td>\u0623\u0648\u0645\u0631\u0628 05A7<\/td>\n<td>2<\/td>\n<td>7<\/td>\n<\/tr>\n<tr>\n<td colspan=\"3\">\u0645 20 \u00d7 1.5<\/td>\n<td>\u0623\u0648\u0645\u0631\u0628 05\u06284<\/td>\n<td>3<\/td>\n<td>4<\/td>\n<\/tr>\n<tr>\n<td colspan=\"3\">\u0645 20 \u00d7 1.5<\/td>\n<td>\u0623\u0648\u0645\u0631\u0628 05\u06286<\/td>\n<td>3<\/td>\n<td>6<\/td>\n<\/tr>\n<tr>\n<td colspan=\"3\">\u0645 20 \u00d7 1.5<\/td>\n<td>\u0623\u0648\u0645\u0631\u0628 05C5<\/td>\n<td>4<\/td>\n<td>5<\/td>\n<\/tr>\n<tr>\n<td colspan=\"3\">\u0645 25 \u00d7 1.5<\/td>\n<td>\u0623\u0648\u0645\u0631\u0628 06A8<\/td>\n<td>2<\/td>\n<td>8<\/td>\n<\/tr>\n<tr>\n<td colspan=\"3\">\u0645 25 \u00d7 1.5<\/td>\n<td>\u0623\u0648\u0645\u0631\u0628 06A9<\/td>\n<td>2<\/td>\n<td>9<\/td>\n<\/tr>\n<tr>\n<td colspan=\"3\">\u0645 25 \u00d7 1.5<\/td>\n<td>\u0623\u0648\u0645\u0631\u0628 06\u06285<\/td>\n<td>5<\/td>\n<td>6<\/td>\n<\/tr>\n<tr>\n<td colspan=\"3\">\u0645 25 \u00d7 1.5<\/td>\n<td>\u0623\u0648\u0645\u0631\u0628 06\u06287<\/td>\n<td>3<\/td>\n<td>7<\/td>\n<\/tr>\n<tr>\n<td colspan=\"3\">\u0645 25 \u00d7 1.5<\/td>\n<td>\u0623\u0648\u0645\u0631\u0628 06\u06288<\/td>\n<td>3<\/td>\n<td>8<\/td>\n<\/tr>\n<tr>\n<td colspan=\"3\">\u0645 25 \u00d7 1.5<\/td>\n<td>\u0623\u0648\u0645\u0631\u0628 06C7<\/td>\n<td>4<\/td>\n<td>7<\/td>\n<\/tr>\n<tr>\n<td colspan=\"3\">\u0645 25 \u00d7 1.5<\/td>\n<td>\u0623\u0648\u0645\u0631\u0628 06G3<\/td>\n<td>8<\/td>\n<td>3<\/td>\n<\/tr>\n<tr>\n<td colspan=\"3\">\u0645 25 \u00d7 1.5<\/td>\n<td>\u0623\u0648\u0645\u0631\u0628 06G4<\/td>\n<td>8<\/td>\n<td>4<\/td>\n<\/tr>\n<tr>\n<td colspan=\"3\">\u0645 32 \u00d7 1.5<\/td>\n<td>\u0623\u0648\u0645\u0631\u0628 07C9<\/td>\n<td>4<\/td>\n<td>9<\/td>\n<\/tr>\n<tr>\n<td colspan=\"3\">\u0645 32 \u00d7 1.5<\/td>\n<td>\u0623\u0648\u0645\u0631\u0628 0703<\/td>\n<td>3<\/td>\n<td>16<\/td>\n<\/tr>\n<tr>\n<td colspan=\"3\">\u0645 40 \u00d7 1.5<\/td>\n<td>\u0623\u0648\u0645\u0631\u0628 08E8<\/td>\n<td>6<\/td>\n<td>8<\/td>\n<\/tr>\n<\/tbody>\n<\/table>","protected":false},"excerpt":{"rendered":"<h3>\u0645\u0627\u062f\u0629<\/h3>\n<table>\n<tbody>\n<tr>\n<td><strong>\u063a\u0637\u0627\u0621 \u0645\u062d\u0631\u0643 \u0627\u0644\u0633\u064a\u0627\u0631\u0629<\/strong><\/td>\n<td>\u0645\u0627\u062f\u0629 \u0627\u0644\u0628\u0648\u0644\u064a \u0623\u0645\u064a\u062f PA6 V2<\/td>\n<\/tr>\n<tr>\n<td><strong>\u062e\u062a\u0645 \u0637\u0648\u0642\u0627<\/strong><\/td>\n<td>\u062d\u0634\u064a\u0629 TPV \u062e\u0627\u0635\u0629 \u0644\u0644\u0643\u0627\u0628\u0644\u0627\u062a \u0627\u0644\u0645\u062a\u0639\u062f\u062f\u0629 \u0648\u0627\u0644\u0643\u0627\u0628\u0644\u0627\u062a \u0627\u0644\u0645\u0633\u0637\u062d\u0629<\/td>\n<\/tr>\n<tr>\n<td><strong>\u062c\u0633\u0645<\/strong><\/td>\n<td>\u0645\u0627\u062f\u0629 \u0627\u0644\u0628\u0648\u0644\u064a \u0623\u0645\u064a\u062f PA6 V2<\/td>\n<\/tr>\n<tr>\n<td><strong>\u064a\u0627 \u0627\u0644\u062f\u0627\u0626\u0631\u064a<\/strong><\/td>\n<td>\u0646\u0628\u0631<\/td>\n<\/tr>\n<tr>\n<td><strong>\u0646\u0648\u0639 \u0645\u0648\u0636\u0648\u0639<\/strong><\/td>\n<td>\u0645\u062a\u0631\u064a (EN 60423)<\/td>\n<\/tr>\n<tr>\n<td><strong>\u0636\u064a\u0642<\/strong><\/td>\n<td>IP68<\/td>\n<\/tr>\n<tr>\n<td><strong>\u062f\u0631\u062c\u0629 \u062d\u0631\u0627\u0631\u0629 \u0627\u0644\u0639\u0645\u0644 \u0627\u0644\u0645\u0633\u062a\u0645\u0631<\/strong><\/td>\n<td>-30 \u062f\u0631\u062c\u0629 \u0645\u0626\u0648\u064a\u0629 +80 \u062f\u0631\u062c\u0629 \u0645\u0626\u0648\u064a\u0629 +150 \u062f\u0631\u062c\u0629 \u0645\u0626\u0648\u064a\u0629 (\u0645\u0624\u0642\u062a)<\/td>\n<\/tr>\n<\/tbody>\n<\/table>","protected":false},"featured_media":2900,"template":"","meta":{"_kad_blocks_custom_css":"","_kad_blocks_head_custom_js":"","_kad_blocks_body_custom_js":"","_kad_blocks_footer_custom_js":"","_kadence_starter_templates_imported_post":false,"_kad_post_transparent":"default","_kad_post_title":"","_kad_post_layout":"default","_kad_post_sidebar_id":"","_kad_post_content_style":"default","_kad_post_vertical_padding":"default","_kad_post_feature":"","_kad_post_feature_position":"","_kad_post_header":false,"_kad_post_footer":false},"product_cat":[29,49],"product_tag":[],"class_list":{"0":"post-1551","1":"product","2":"type-product","3":"status-publish","4":"has-post-thumbnail","6":"product_cat-prensaestopas-y-accesorios-plasticos-de-poliamida","7":"product_cat-prensaestopas-para-multiples-cables-poliamida-ip-65","9":"first","10":"instock","11":"shipping-taxable","12":"product-type-simple","13":"entry","14":"content-bg","15":"loop-entry"},"yoast_head":"<!-- This site is optimized with the Yoast SEO plugin v21.7 - https:\/\/yoast.com\/wordpress\/plugins\/seo\/ -->\n<title>Prensaestopas M\u00e9trica Multihole Poliamida IP-68 Negro - Fleximat<\/title>\n<meta name=\"robots\" content=\"index, follow, max-snippet:-1, max-image-preview:large, max-video-preview:-1\" \/>\n<link rel=\"canonical\" href=\"https:\/\/www.fleximat.es\/ar\/product\/prensaestopas-metrica-multihole-poliamida-ip-68-negro\/\" \/>\n<meta property=\"og:locale\" content=\"ar_AR\" \/>\n<meta property=\"og:type\" content=\"article\" \/>\n<meta property=\"og:title\" content=\"Prensaestopas M\u00e9trica Multihole Poliamida IP-68 Negro - Fleximat\" \/>\n<meta property=\"og:description\" content=\"Material    Sombrerete Poliamida PA6 V2   Junta de sellado Junta TPV especial para m\u00faltiples cables y cables planos   Cuerpo Poliamida PA6 V2   Junta t\u00f3rica NBR   Tipo de Rosca M\u00e9trica (EN 60423)   Estanqueidad IP68   Temperatura de trabajo continua -30 \u00baC +80 \u00baC +150 \u00baC (temporal)\" \/>\n<meta property=\"og:url\" content=\"https:\/\/www.fleximat.es\/ar\/product\/prensaestopas-metrica-multihole-poliamida-ip-68-negro\/\" \/>\n<meta property=\"og:site_name\" content=\"Fleximat\" \/>\n<meta property=\"article:modified_time\" content=\"2023-12-01T10:03:54+00:00\" \/>\n<meta property=\"og:image\" content=\"https:\/\/www.fleximat.es\/wp-content\/uploads\/2023\/10\/fleximat-prensa-multihole-poliamida-negro-jpg.png\" \/>\n\t<meta property=\"og:image:width\" content=\"600\" \/>\n\t<meta property=\"og:image:height\" content=\"600\" \/>\n\t<meta property=\"og:image:type\" content=\"image\/png\" \/>\n<meta name=\"twitter:card\" content=\"summary_large_image\" \/>\n<meta name=\"twitter:label1\" content=\"\u0648\u0642\u062a \u0627\u0644\u0642\u0631\u0627\u0621\u0629 \u0627\u0644\u0645\u064f\u0642\u062f\u0651\u0631\" \/>\n\t<meta name=\"twitter:data1\" content=\"\u062f\u0642\u064a\u0642\u0629 \u0648\u0627\u062d\u062f\u0629\" \/>\n<script type=\"application\/ld+json\" class=\"yoast-schema-graph\">{\"@context\":\"https:\/\/schema.org\",\"@graph\":[{\"@type\":\"WebPage\",\"@id\":\"https:\/\/www.fleximat.es\/producto\/prensaestopas-metrica-multihole-poliamida-ip-68-negro\/\",\"url\":\"https:\/\/www.fleximat.es\/producto\/prensaestopas-metrica-multihole-poliamida-ip-68-negro\/\",\"name\":\"Prensaestopas M\u00e9trica Multihole Poliamida IP-68 Negro - Fleximat\",\"isPartOf\":{\"@id\":\"https:\/\/www.fleximat.es\/bn\/#website\"},\"datePublished\":\"2023-10-18T15:52:50+00:00\",\"dateModified\":\"2023-12-01T10:03:54+00:00\",\"breadcrumb\":{\"@id\":\"https:\/\/www.fleximat.es\/producto\/prensaestopas-metrica-multihole-poliamida-ip-68-negro\/#breadcrumb\"},\"inLanguage\":\"ar\",\"potentialAction\":[{\"@type\":\"ReadAction\",\"target\":[\"https:\/\/www.fleximat.es\/producto\/prensaestopas-metrica-multihole-poliamida-ip-68-negro\/\"]}]},{\"@type\":\"BreadcrumbList\",\"@id\":\"https:\/\/www.fleximat.es\/producto\/prensaestopas-metrica-multihole-poliamida-ip-68-negro\/#breadcrumb\",\"itemListElement\":[{\"@type\":\"ListItem\",\"position\":1,\"name\":\"Portada\",\"item\":\"https:\/\/www.fleximat.es\/\"},{\"@type\":\"ListItem\",\"position\":2,\"name\":\"Productos\",\"item\":\"https:\/\/www.fleximat.es\/en\/productos\/\"},{\"@type\":\"ListItem\",\"position\":3,\"name\":\"Prensaestopas M\u00e9trica Multihole Poliamida IP-68 Negro\"}]},{\"@type\":\"WebSite\",\"@id\":\"https:\/\/www.fleximat.es\/bn\/#website\",\"url\":\"https:\/\/www.fleximat.es\/bn\/\",\"name\":\"Fleximat\",\"description\":\"Tu soluci\u00f3n en prensaestopas y tubos flexibles\",\"publisher\":{\"@id\":\"https:\/\/www.fleximat.es\/bn\/#organization\"},\"potentialAction\":[{\"@type\":\"SearchAction\",\"target\":{\"@type\":\"EntryPoint\",\"urlTemplate\":\"https:\/\/www.fleximat.es\/bn\/?s={search_term_string}\"},\"query-input\":\"required name=search_term_string\"}],\"inLanguage\":\"ar\"},{\"@type\":\"Organization\",\"@id\":\"https:\/\/www.fleximat.es\/bn\/#organization\",\"name\":\"Fleximat\",\"url\":\"https:\/\/www.fleximat.es\/bn\/\",\"logo\":{\"@type\":\"ImageObject\",\"inLanguage\":\"ar\",\"@id\":\"https:\/\/www.fleximat.es\/bn\/#\/schema\/logo\/image\/\",\"url\":\"https:\/\/www.fleximat.es\/wp-content\/uploads\/2023\/11\/fleximat-logo-1.png\",\"contentUrl\":\"https:\/\/www.fleximat.es\/wp-content\/uploads\/2023\/11\/fleximat-logo-1.png\",\"width\":1169,\"height\":289,\"caption\":\"Fleximat\"},\"image\":{\"@id\":\"https:\/\/www.fleximat.es\/bn\/#\/schema\/logo\/image\/\"}}]}<\/script>\n<!-- \/ Yoast SEO plugin. -->","yoast_head_json":{"title":"Prensaestopas M\u00e9trica Multihole Poliamida IP-68 Negro - Fleximat","robots":{"index":"index","follow":"follow","max-snippet":"max-snippet:-1","max-image-preview":"max-image-preview:large","max-video-preview":"max-video-preview:-1"},"canonical":"https:\/\/www.fleximat.es\/ar\/product\/prensaestopas-metrica-multihole-poliamida-ip-68-negro\/","og_locale":"ar_AR","og_type":"article","og_title":"Prensaestopas M\u00e9trica Multihole Poliamida IP-68 Negro - Fleximat","og_description":"Material    Sombrerete Poliamida PA6 V2   Junta de sellado Junta TPV especial para m\u00faltiples cables y cables planos   Cuerpo Poliamida PA6 V2   Junta t\u00f3rica NBR   Tipo de Rosca M\u00e9trica (EN 60423)   Estanqueidad IP68   Temperatura de trabajo continua -30 \u00baC +80 \u00baC +150 \u00baC (temporal)","og_url":"https:\/\/www.fleximat.es\/ar\/product\/prensaestopas-metrica-multihole-poliamida-ip-68-negro\/","og_site_name":"Fleximat","article_modified_time":"2023-12-01T10:03:54+00:00","og_image":[{"width":600,"height":600,"url":"https:\/\/www.fleximat.es\/wp-content\/uploads\/2023\/10\/fleximat-prensa-multihole-poliamida-negro-jpg.png","type":"image\/png"}],"twitter_card":"summary_large_image","twitter_misc":{"\u0648\u0642\u062a \u0627\u0644\u0642\u0631\u0627\u0621\u0629 \u0627\u0644\u0645\u064f\u0642\u062f\u0651\u0631":"\u062f\u0642\u064a\u0642\u0629 \u0648\u0627\u062d\u062f\u0629"},"schema":{"@context":"https:\/\/schema.org","@graph":[{"@type":"WebPage","@id":"https:\/\/www.fleximat.es\/producto\/prensaestopas-metrica-multihole-poliamida-ip-68-negro\/","url":"https:\/\/www.fleximat.es\/producto\/prensaestopas-metrica-multihole-poliamida-ip-68-negro\/","name":"Prensaestopas M\u00e9trica Multihole Poliamida IP-68 Negro - Fleximat","isPartOf":{"@id":"https:\/\/www.fleximat.es\/bn\/#website"},"datePublished":"2023-10-18T15:52:50+00:00","dateModified":"2023-12-01T10:03:54+00:00","breadcrumb":{"@id":"https:\/\/www.fleximat.es\/producto\/prensaestopas-metrica-multihole-poliamida-ip-68-negro\/#breadcrumb"},"inLanguage":"ar","potentialAction":[{"@type":"ReadAction","target":["https:\/\/www.fleximat.es\/producto\/prensaestopas-metrica-multihole-poliamida-ip-68-negro\/"]}]},{"@type":"BreadcrumbList","@id":"https:\/\/www.fleximat.es\/producto\/prensaestopas-metrica-multihole-poliamida-ip-68-negro\/#breadcrumb","itemListElement":[{"@type":"ListItem","position":1,"name":"Portada","item":"https:\/\/www.fleximat.es\/"},{"@type":"ListItem","position":2,"name":"Productos","item":"https:\/\/www.fleximat.es\/en\/productos\/"},{"@type":"ListItem","position":3,"name":"Prensaestopas M\u00e9trica Multihole Poliamida IP-68 Negro"}]},{"@type":"WebSite","@id":"https:\/\/www.fleximat.es\/bn\/#website","url":"https:\/\/www.fleximat.es\/bn\/","name":"Fleximat","description":"Tu soluci\u00f3n en prensaestopas y tubos flexibles","publisher":{"@id":"https:\/\/www.fleximat.es\/bn\/#organization"},"potentialAction":[{"@type":"SearchAction","target":{"@type":"EntryPoint","urlTemplate":"https:\/\/www.fleximat.es\/bn\/?s={search_term_string}"},"query-input":"required name=search_term_string"}],"inLanguage":"ar"},{"@type":"Organization","@id":"https:\/\/www.fleximat.es\/bn\/#organization","name":"Fleximat","url":"https:\/\/www.fleximat.es\/bn\/","logo":{"@type":"ImageObject","inLanguage":"ar","@id":"https:\/\/www.fleximat.es\/bn\/#\/schema\/logo\/image\/","url":"https:\/\/www.fleximat.es\/wp-content\/uploads\/2023\/11\/fleximat-logo-1.png","contentUrl":"https:\/\/www.fleximat.es\/wp-content\/uploads\/2023\/11\/fleximat-logo-1.png","width":1169,"height":289,"caption":"Fleximat"},"image":{"@id":"https:\/\/www.fleximat.es\/bn\/#\/schema\/logo\/image\/"}}]}},"taxonomy_info":{"product_cat":[{"value":29,"label":"Prensaestopas y accesorios pl\u00e1sticos de Poliamida"},{"value":49,"label":"Prensaestopas para m\u00faltiples cables poliamida IP-65"}]},"featured_image_src_large":["https:\/\/www.fleximat.es\/wp-content\/uploads\/2023\/10\/fleximat-prensa-multihole-poliamida-negro-jpg.png",600,600,false],"author_info":[],"comment_info":"","_links":{"self":[{"href":"https:\/\/www.fleximat.es\/ar\/wp-json\/wp\/v2\/product\/1551"}],"collection":[{"href":"https:\/\/www.fleximat.es\/ar\/wp-json\/wp\/v2\/product"}],"about":[{"href":"https:\/\/www.fleximat.es\/ar\/wp-json\/wp\/v2\/types\/product"}],"wp:featuredmedia":[{"embeddable":true,"href":"https:\/\/www.fleximat.es\/ar\/wp-json\/wp\/v2\/media\/2900"}],"wp:attachment":[{"href":"https:\/\/www.fleximat.es\/ar\/wp-json\/wp\/v2\/media?parent=1551"}],"wp:term":[{"taxonomy":"product_cat","embeddable":true,"href":"https:\/\/www.fleximat.es\/ar\/wp-json\/wp\/v2\/product_cat?post=1551"},{"taxonomy":"product_tag","embeddable":true,"href":"https:\/\/www.fleximat.es\/ar\/wp-json\/wp\/v2\/product_tag?post=1551"}],"curies":[{"name":"wp","href":"https:\/\/api.w.org\/{rel}","templated":true}]}}