{"id":1598,"date":"2023-10-18T17:53:13","date_gmt":"2023-10-18T15:53:13","guid":{"rendered":"https:\/\/www.fleximat.es\/?post_type=product&#038;p=1598"},"modified":"2023-12-03T13:01:21","modified_gmt":"2023-12-03T12:01:21","slug":"prensaestopas-pg-altas-temperaturas-metalico-ip-68","status":"publish","type":"product","link":"https:\/\/www.fleximat.es\/ar\/product\/prensaestopas-pg-altas-temperaturas-metalico-ip-68\/","title":{"rendered":"PG \u0633\u062f\u0627\u062f\u0627\u062a \u0627\u0644\u0643\u0627\u0628\u0644\u0627\u062a \u0630\u0627\u062a \u062f\u0631\u062c\u0629 \u0627\u0644\u062d\u0631\u0627\u0631\u0629 \u0627\u0644\u0639\u0627\u0644\u064a\u0629 \u0645\u0639\u062f\u0646\u064a\u0629 IP-68"},"content":{"rendered":"<h4>\u0645\u0644\u0643\u064a\u0627\u062a<\/h4>\n<p>\u0645\u0642\u0627\u0648\u0645\u0629 \u0639\u0627\u0644\u064a\u0629 \u0623\u0648 \u0645\u0646\u062e\u0641\u0636\u0629 \u0644\u062f\u0631\u062c\u0627\u062a \u0627\u0644\u062d\u0631\u0627\u0631\u0629 \u0627\u0644\u0645\u0631\u062a\u0641\u0639\u0629<br \/>\n\u0633\u0647\u0644 \u0627\u0644\u062a\u062c\u0645\u064a\u0639<br \/>\n\u0633\u0637\u062d \u0645\u0633\u062a\u0648<br \/>\n\u0625\u0635\u062f\u0627\u0631\u0627\u062a \u0645\u0648\u0636\u0648\u0639 \u0637\u0648\u064a\u0644<br \/>\n\u062e\u0627\u0644 \u0645\u0646 \u0627\u0644\u0647\u0627\u0644\u0648\u062c\u064a\u0646<\/p>\n<h3>\u0648\u0635\u0641 \u0627\u0644\u0645\u0646\u062a\u062c<\/h3>\n<p><span style=\"font-weight: 400;\">\u0627\u0644\u063a\u062f\u0629 \u0630\u0627\u062a \u062f\u0631\u062c\u0629 \u0627\u0644\u062d\u0631\u0627\u0631\u0629 \u0627\u0644\u0645\u0631\u062a\u0641\u0639\u0629 \u0647\u064a \u0645\u062c\u0645\u0648\u0639\u0629 \u0645\u062a\u0646\u0648\u0639\u0629 \u0645\u0646 \u0627\u0644\u063a\u062f\u062f \u0627\u0644\u0645\u0639\u062f\u0646\u064a\u0629 \u0627\u0644\u062a\u064a \u062a\u062a\u0636\u0645\u0646 \u062d\u0634\u064a\u0629 \u062f\u0627\u062e\u0644\u064a\u0629 \u0645\u0635\u0646\u0648\u0639\u0629 \u0645\u0646 \u062a\u0631\u0643\u064a\u0628\u0629 \u0628\u0644\u0627\u0633\u062a\u064a\u0643\u064a\u0629 \u0623\u0648 \u0645\u0637\u0627\u0637\u064a\u0629 \u062e\u0627\u0635\u0629 \u062c\u062f\u064b\u0627.<\/span><\/p>\n<p>\u064a\u0645\u0643\u0646 \u062a\u0635\u0646\u064a\u0639 \u062d\u0634\u0648\u0627\u062a \u0627\u0644\u0643\u0627\u0628\u0644\u0627\u062a \u0644\u062f\u0631\u062c\u0627\u062a \u0627\u0644\u062d\u0631\u0627\u0631\u0629 \u0627\u0644\u0645\u0631\u062a\u0641\u0639\u0629 \u0645\u0646 \u0627\u0644\u0646\u062d\u0627\u0633 \u0627\u0644\u0645\u0637\u0644\u064a \u0628\u0627\u0644\u0646\u064a\u0643\u0644 \u0623\u0648 \u0627\u0644\u0641\u0648\u0644\u0627\u0630 \u0627\u0644\u0645\u0642\u0627\u0648\u0645 \u0644\u0644\u0635\u062f\u0623\u060c \u062d\u0633\u0628 \u0627\u062d\u062a\u064a\u0627\u062c\u0627\u062a \u0627\u0644\u0639\u0645\u064a\u0644.<\/p>\n<p>\u062a\u062a\u0645\u064a\u0632 \u0635\u0646\u0627\u062f\u064a\u0642 \u0627\u0644\u062d\u0634\u0648 \u0630\u0627\u062a \u062f\u0631\u062c\u0629 \u0627\u0644\u062d\u0631\u0627\u0631\u0629 \u0627\u0644\u0645\u0631\u062a\u0641\u0639\u0629 \u0628\u0645\u064a\u0632\u0627\u062a \u062e\u0627\u0635\u0629 \u062c\u062f\u064b\u0627 \u0648\u062a\u062d\u0638\u0649 \u0628\u062a\u0642\u062f\u064a\u0631 \u0643\u0628\u064a\u0631 \u0641\u064a \u0642\u0637\u0627\u0639\u0627\u062a \u0645\u062b\u0644 \u0627\u0644\u062f\u0641\u0627\u0639 \u0648\u0627\u0644\u0646\u0642\u0644 \u0627\u0644\u0646\u0641\u0627\u062b \u0648\u0627\u0644\u0622\u0644\u0627\u062a \u0627\u0644\u062b\u0642\u064a\u0644\u0629 \u062c\u062f\u064b\u0627.<\/p>\n<div class=\"table-responsive\">\n<table class=\"table table-bordered table-striped\" width=\"483\">\n<thead>\n<tr>\n<td>\u062e\u064a\u0637<\/td>\n<td>\u0634\u0641\u0631\u0629<\/td>\n<td>\u0647\u0645\u0645<\/td>\n<td>\u062c\u064a \u0625\u0644 \u0645\u0645<\/td>\n<td>\u0628 \u0645\u0645<\/td>\n<td>\u062c \u0645\u0645<\/td>\n<td>\u0645\u0645<\/td>\n<\/tr>\n<\/thead>\n<tbody>\n<tr>\n<td>\u06357<\/td>\n<td>PBGS01<\/td>\n<td>22<\/td>\n<td>6<\/td>\n<td>14<\/td>\n<td>14<\/td>\n<td>3 &#8211; 6,5<\/td>\n<\/tr>\n<tr>\n<td>\u06359<\/td>\n<td>PBGS02<\/td>\n<td>23<\/td>\n<td>6<\/td>\n<td>17<\/td>\n<td>17<\/td>\n<td>4-8<\/td>\n<\/tr>\n<tr>\n<td>PG11<\/td>\n<td>PBGS03<\/td>\n<td>26,5<\/td>\n<td>6<\/td>\n<td>20<\/td>\n<td>20<\/td>\n<td>5-10<\/td>\n<\/tr>\n<tr>\n<td>\u062c\u064a \u0628\u064a 13.5<\/td>\n<td>PBGS04<\/td>\n<td>28<\/td>\n<td>6,5<\/td>\n<td>22<\/td>\n<td>22<\/td>\n<td>6-12<\/td>\n<\/tr>\n<tr>\n<td>PG16<\/td>\n<td>PBGS05<\/td>\n<td>31,5<\/td>\n<td>6,5<\/td>\n<td>24<\/td>\n<td>24<\/td>\n<td>10-14<\/td>\n<\/tr>\n<tr>\n<td>PG21<\/td>\n<td>PBGS06<\/td>\n<td>38<\/td>\n<td>7<\/td>\n<td>30<\/td>\n<td>30<\/td>\n<td>13-18<\/td>\n<\/tr>\n<tr>\n<td>\u063529<\/td>\n<td>PBGS07<\/td>\n<td>43<\/td>\n<td>8<\/td>\n<td>40<\/td>\n<td>40<\/td>\n<td>18-25<\/td>\n<\/tr>\n<tr>\n<td>\u063536<\/td>\n<td>PBGS08<\/td>\n<td>48<\/td>\n<td>10<\/td>\n<td>50<\/td>\n<td>50<\/td>\n<td>22-32<\/td>\n<\/tr>\n<tr>\n<td>\u063542<\/td>\n<td>PBGS09<\/td>\n<td>48<\/td>\n<td>12<\/td>\n<td>57<\/td>\n<td>57<\/td>\n<td>30-38<\/td>\n<\/tr>\n<tr>\n<td>\u063548<\/td>\n<td>\u0628\u0628\u063a\u063310<\/td>\n<td>48<\/td>\n<td>14<\/td>\n<td>64<\/td>\n<td>64<\/td>\n<td>33-44<\/td>\n<\/tr>\n<\/tbody>\n<\/table>\n<\/div>","protected":false},"excerpt":{"rendered":"<h3>\u0635\u0641\u0627\u062a<\/h3>\n<table>\n<tbody>\n<tr>\n<td><strong>\u063a\u0637\u0627\u0621 \u0645\u062d\u0631\u0643 \u0627\u0644\u0633\u064a\u0627\u0631\u0629<\/strong><\/td>\n<td>\u0627\u0644\u0646\u064a\u0643\u0644 \u0648\u0627\u0644\u0646\u062d\u0627\u0633 \u0627\u0644\u0645\u0637\u0644\u064a<\/td>\n<\/tr>\n<tr>\n<td><strong>\u062e\u062a\u0645 \u0637\u0648\u0642\u0627<\/strong><\/td>\n<td>\u0633\u064a\u0644\u064a\u0643\u0648\u0646<\/td>\n<\/tr>\n<tr>\n<td><strong>\u062c\u0633\u0645<\/strong><\/td>\n<td>\u0627\u0644\u0641\u0648\u0644\u0627\u0630 \u0627\u0644\u0645\u0642\u0627\u0648\u0645 \u0644\u0644\u0635\u062f\u0623<\/td>\n<\/tr>\n<tr>\n<td><strong>\u064a\u0627 \u0627\u0644\u062f\u0627\u0626\u0631\u064a<\/strong><\/td>\n<td>\u0633\u064a\u0644\u064a\u0643\u0648\u0646<\/td>\n<\/tr>\n<tr>\n<td><strong>\u0646\u0648\u0639 \u0645\u0648\u0636\u0648\u0639<\/strong><\/td>\n<td>\u0645\u062a\u0631\u064a (EN 60423)<\/td>\n<\/tr>\n<tr>\n<td><strong>\u0636\u064a\u0642<\/strong><\/td>\n<td>IP68 \u2013 5 \u0628\u0627\u0631<\/td>\n<\/tr>\n<tr>\n<td><strong>\u062f\u0631\u062c\u0629 \u062d\u0631\u0627\u0631\u0629 \u0627\u0644\u0639\u0645\u0644 \u0627\u0644\u0645\u0633\u062a\u0645\u0631<\/strong><\/td>\n<td>-40 \u062f\u0631\u062c\u0629 \u0645\u0626\u0648\u064a\u0629 +200 \u062f\u0631\u062c\u0629 \u0645\u0626\u0648\u064a\u0629<\/td>\n<\/tr>\n<\/tbody>\n<\/table>","protected":false},"featured_media":1626,"template":"","meta":{"_kad_blocks_custom_css":"","_kad_blocks_head_custom_js":"","_kad_blocks_body_custom_js":"","_kad_blocks_footer_custom_js":"","_kadence_starter_templates_imported_post":false,"_kad_post_transparent":"default","_kad_post_title":"","_kad_post_layout":"default","_kad_post_sidebar_id":"","_kad_post_content_style":"default","_kad_post_vertical_padding":"default","_kad_post_feature":"","_kad_post_feature_position":"","_kad_post_header":false,"_kad_post_footer":false},"product_cat":[31,57],"product_tag":[],"class_list":{"0":"post-1598","1":"product","2":"type-product","3":"status-publish","4":"has-post-thumbnail","6":"product_cat-prensaestopas-y-accesorios-metalicos","7":"product_cat-prensaestopas-metalico-para-altas-temperaturas","9":"first","10":"instock","11":"shipping-taxable","12":"product-type-simple","13":"entry","14":"content-bg","15":"loop-entry"},"yoast_head":"<!-- This site is optimized with the Yoast SEO plugin v21.7 - https:\/\/yoast.com\/wordpress\/plugins\/seo\/ -->\n<title>Prensaestopas PG Altas Temperaturas Met\u00e1lico IP-68 - Fleximat<\/title>\n<meta name=\"robots\" content=\"index, follow, max-snippet:-1, max-image-preview:large, max-video-preview:-1\" \/>\n<link rel=\"canonical\" href=\"https:\/\/www.fleximat.es\/ar\/urun\/prensaestopas-pg-altas-temperaturas-metalico-ip-68\/\" \/>\n<meta property=\"og:locale\" content=\"ar_AR\" \/>\n<meta property=\"og:type\" content=\"article\" \/>\n<meta property=\"og:title\" content=\"Prensaestopas PG Altas Temperaturas Met\u00e1lico IP-68 - Fleximat\" \/>\n<meta property=\"og:description\" content=\"Caracter\u00edsticas    Sombrerete Lat\u00f3n Niquelado   Junta de sellado Silicona   Cuerpo Acero Inoxidable   Junta t\u00f3rica Silicona   Tipo de Rosca Metrica(EN 60423)   Estanqueidad IP68 - 5 bar   Temperatura de trabajo continua -40 \u00baC +200 \u00baC\" \/>\n<meta property=\"og:url\" content=\"https:\/\/www.fleximat.es\/ar\/urun\/prensaestopas-pg-altas-temperaturas-metalico-ip-68\/\" \/>\n<meta property=\"og:site_name\" content=\"Fleximat\" \/>\n<meta property=\"article:modified_time\" content=\"2023-12-03T12:01:21+00:00\" \/>\n<meta property=\"og:image\" content=\"https:\/\/www.fleximat.es\/wp-content\/uploads\/2023\/10\/th_crop_1571848062prensaestopas-para-altas-temperaturas-1.jpg\" \/>\n\t<meta property=\"og:image:width\" content=\"600\" \/>\n\t<meta property=\"og:image:height\" content=\"600\" \/>\n\t<meta property=\"og:image:type\" content=\"image\/jpeg\" \/>\n<meta name=\"twitter:card\" content=\"summary_large_image\" \/>\n<meta name=\"twitter:label1\" content=\"\u0648\u0642\u062a \u0627\u0644\u0642\u0631\u0627\u0621\u0629 \u0627\u0644\u0645\u064f\u0642\u062f\u0651\u0631\" \/>\n\t<meta name=\"twitter:data1\" content=\"\u062f\u0642\u064a\u0642\u0629 \u0648\u0627\u062d\u062f\u0629\" \/>\n<script type=\"application\/ld+json\" class=\"yoast-schema-graph\">{\"@context\":\"https:\/\/schema.org\",\"@graph\":[{\"@type\":\"WebPage\",\"@id\":\"https:\/\/www.fleximat.es\/tr\/urun\/prensaestopas-pg-altas-temperaturas-metalico-ip-68\/\",\"url\":\"https:\/\/www.fleximat.es\/tr\/urun\/prensaestopas-pg-altas-temperaturas-metalico-ip-68\/\",\"name\":\"Prensaestopas PG Altas Temperaturas Met\u00e1lico IP-68 - Fleximat\",\"isPartOf\":{\"@id\":\"https:\/\/www.fleximat.es\/bn\/#website\"},\"datePublished\":\"2023-10-18T15:53:13+00:00\",\"dateModified\":\"2023-12-03T12:01:21+00:00\",\"breadcrumb\":{\"@id\":\"https:\/\/www.fleximat.es\/tr\/urun\/prensaestopas-pg-altas-temperaturas-metalico-ip-68\/#breadcrumb\"},\"inLanguage\":\"ar\",\"potentialAction\":[{\"@type\":\"ReadAction\",\"target\":[\"https:\/\/www.fleximat.es\/tr\/urun\/prensaestopas-pg-altas-temperaturas-metalico-ip-68\/\"]}]},{\"@type\":\"BreadcrumbList\",\"@id\":\"https:\/\/www.fleximat.es\/tr\/urun\/prensaestopas-pg-altas-temperaturas-metalico-ip-68\/#breadcrumb\",\"itemListElement\":[{\"@type\":\"ListItem\",\"position\":1,\"name\":\"Portada\",\"item\":\"https:\/\/www.fleximat.es\/\"},{\"@type\":\"ListItem\",\"position\":2,\"name\":\"Productos\",\"item\":\"https:\/\/www.fleximat.es\/en\/productos\/\"},{\"@type\":\"ListItem\",\"position\":3,\"name\":\"Prensaestopas PG Altas Temperaturas Met\u00e1lico IP-68\"}]},{\"@type\":\"WebSite\",\"@id\":\"https:\/\/www.fleximat.es\/bn\/#website\",\"url\":\"https:\/\/www.fleximat.es\/bn\/\",\"name\":\"Fleximat\",\"description\":\"Tu soluci\u00f3n en prensaestopas y tubos flexibles\",\"publisher\":{\"@id\":\"https:\/\/www.fleximat.es\/bn\/#organization\"},\"potentialAction\":[{\"@type\":\"SearchAction\",\"target\":{\"@type\":\"EntryPoint\",\"urlTemplate\":\"https:\/\/www.fleximat.es\/bn\/?s={search_term_string}\"},\"query-input\":\"required name=search_term_string\"}],\"inLanguage\":\"ar\"},{\"@type\":\"Organization\",\"@id\":\"https:\/\/www.fleximat.es\/bn\/#organization\",\"name\":\"Fleximat\",\"url\":\"https:\/\/www.fleximat.es\/bn\/\",\"logo\":{\"@type\":\"ImageObject\",\"inLanguage\":\"ar\",\"@id\":\"https:\/\/www.fleximat.es\/bn\/#\/schema\/logo\/image\/\",\"url\":\"https:\/\/www.fleximat.es\/wp-content\/uploads\/2023\/11\/fleximat-logo-1.png\",\"contentUrl\":\"https:\/\/www.fleximat.es\/wp-content\/uploads\/2023\/11\/fleximat-logo-1.png\",\"width\":1169,\"height\":289,\"caption\":\"Fleximat\"},\"image\":{\"@id\":\"https:\/\/www.fleximat.es\/bn\/#\/schema\/logo\/image\/\"}}]}<\/script>\n<!-- \/ Yoast SEO plugin. -->","yoast_head_json":{"title":"Prensaestopas PG Altas Temperaturas Met\u00e1lico IP-68 - Fleximat","robots":{"index":"index","follow":"follow","max-snippet":"max-snippet:-1","max-image-preview":"max-image-preview:large","max-video-preview":"max-video-preview:-1"},"canonical":"https:\/\/www.fleximat.es\/ar\/urun\/prensaestopas-pg-altas-temperaturas-metalico-ip-68\/","og_locale":"ar_AR","og_type":"article","og_title":"Prensaestopas PG Altas Temperaturas Met\u00e1lico IP-68 - Fleximat","og_description":"Caracter\u00edsticas    Sombrerete Lat\u00f3n Niquelado   Junta de sellado Silicona   Cuerpo Acero Inoxidable   Junta t\u00f3rica Silicona   Tipo de Rosca Metrica(EN 60423)   Estanqueidad IP68 - 5 bar   Temperatura de trabajo continua -40 \u00baC +200 \u00baC","og_url":"https:\/\/www.fleximat.es\/ar\/urun\/prensaestopas-pg-altas-temperaturas-metalico-ip-68\/","og_site_name":"Fleximat","article_modified_time":"2023-12-03T12:01:21+00:00","og_image":[{"width":600,"height":600,"url":"https:\/\/www.fleximat.es\/wp-content\/uploads\/2023\/10\/th_crop_1571848062prensaestopas-para-altas-temperaturas-1.jpg","type":"image\/jpeg"}],"twitter_card":"summary_large_image","twitter_misc":{"\u0648\u0642\u062a \u0627\u0644\u0642\u0631\u0627\u0621\u0629 \u0627\u0644\u0645\u064f\u0642\u062f\u0651\u0631":"\u062f\u0642\u064a\u0642\u0629 \u0648\u0627\u062d\u062f\u0629"},"schema":{"@context":"https:\/\/schema.org","@graph":[{"@type":"WebPage","@id":"https:\/\/www.fleximat.es\/tr\/urun\/prensaestopas-pg-altas-temperaturas-metalico-ip-68\/","url":"https:\/\/www.fleximat.es\/tr\/urun\/prensaestopas-pg-altas-temperaturas-metalico-ip-68\/","name":"Prensaestopas PG Altas Temperaturas Met\u00e1lico IP-68 - Fleximat","isPartOf":{"@id":"https:\/\/www.fleximat.es\/bn\/#website"},"datePublished":"2023-10-18T15:53:13+00:00","dateModified":"2023-12-03T12:01:21+00:00","breadcrumb":{"@id":"https:\/\/www.fleximat.es\/tr\/urun\/prensaestopas-pg-altas-temperaturas-metalico-ip-68\/#breadcrumb"},"inLanguage":"ar","potentialAction":[{"@type":"ReadAction","target":["https:\/\/www.fleximat.es\/tr\/urun\/prensaestopas-pg-altas-temperaturas-metalico-ip-68\/"]}]},{"@type":"BreadcrumbList","@id":"https:\/\/www.fleximat.es\/tr\/urun\/prensaestopas-pg-altas-temperaturas-metalico-ip-68\/#breadcrumb","itemListElement":[{"@type":"ListItem","position":1,"name":"Portada","item":"https:\/\/www.fleximat.es\/"},{"@type":"ListItem","position":2,"name":"Productos","item":"https:\/\/www.fleximat.es\/en\/productos\/"},{"@type":"ListItem","position":3,"name":"Prensaestopas PG Altas Temperaturas Met\u00e1lico IP-68"}]},{"@type":"WebSite","@id":"https:\/\/www.fleximat.es\/bn\/#website","url":"https:\/\/www.fleximat.es\/bn\/","name":"Fleximat","description":"Tu soluci\u00f3n en prensaestopas y tubos flexibles","publisher":{"@id":"https:\/\/www.fleximat.es\/bn\/#organization"},"potentialAction":[{"@type":"SearchAction","target":{"@type":"EntryPoint","urlTemplate":"https:\/\/www.fleximat.es\/bn\/?s={search_term_string}"},"query-input":"required name=search_term_string"}],"inLanguage":"ar"},{"@type":"Organization","@id":"https:\/\/www.fleximat.es\/bn\/#organization","name":"Fleximat","url":"https:\/\/www.fleximat.es\/bn\/","logo":{"@type":"ImageObject","inLanguage":"ar","@id":"https:\/\/www.fleximat.es\/bn\/#\/schema\/logo\/image\/","url":"https:\/\/www.fleximat.es\/wp-content\/uploads\/2023\/11\/fleximat-logo-1.png","contentUrl":"https:\/\/www.fleximat.es\/wp-content\/uploads\/2023\/11\/fleximat-logo-1.png","width":1169,"height":289,"caption":"Fleximat"},"image":{"@id":"https:\/\/www.fleximat.es\/bn\/#\/schema\/logo\/image\/"}}]}},"taxonomy_info":{"product_cat":[{"value":31,"label":"Prensaestopas y accesorios met\u00e1licos"},{"value":57,"label":"Prensaestopas Met\u00e1lico para Altas Temperaturas"}]},"featured_image_src_large":["https:\/\/www.fleximat.es\/wp-content\/uploads\/2023\/10\/th_crop_1571848062prensaestopas-para-altas-temperaturas-1.jpg",600,600,false],"author_info":[],"comment_info":"","_links":{"self":[{"href":"https:\/\/www.fleximat.es\/ar\/wp-json\/wp\/v2\/product\/1598"}],"collection":[{"href":"https:\/\/www.fleximat.es\/ar\/wp-json\/wp\/v2\/product"}],"about":[{"href":"https:\/\/www.fleximat.es\/ar\/wp-json\/wp\/v2\/types\/product"}],"wp:featuredmedia":[{"embeddable":true,"href":"https:\/\/www.fleximat.es\/ar\/wp-json\/wp\/v2\/media\/1626"}],"wp:attachment":[{"href":"https:\/\/www.fleximat.es\/ar\/wp-json\/wp\/v2\/media?parent=1598"}],"wp:term":[{"taxonomy":"product_cat","embeddable":true,"href":"https:\/\/www.fleximat.es\/ar\/wp-json\/wp\/v2\/product_cat?post=1598"},{"taxonomy":"product_tag","embeddable":true,"href":"https:\/\/www.fleximat.es\/ar\/wp-json\/wp\/v2\/product_tag?post=1598"}],"curies":[{"name":"wp","href":"https:\/\/api.w.org\/{rel}","templated":true}]}}