{"id":1604,"date":"2023-10-18T17:53:13","date_gmt":"2023-10-18T15:53:13","guid":{"rendered":"https:\/\/www.fleximat.es\/?post_type=product&#038;p=1604"},"modified":"2023-11-27T11:22:45","modified_gmt":"2023-11-27T10:22:45","slug":"prensaestopas-pg-reductor-amplificador-acero-inoxidable-ip-68","status":"publish","type":"product","link":"https:\/\/www.fleximat.es\/ar\/product\/prensaestopas-pg-reductor-amplificador-acero-inoxidable-ip-68\/","title":{"rendered":"\u0645\u062e\u0641\u0636\/\u0645\u0636\u062e\u0645 \u063a\u062f\u0629 \u0643\u0627\u0628\u0644 PG \u0645\u0646 \u0627\u0644\u0641\u0648\u0644\u0627\u0630 \u0627\u0644\u0645\u0642\u0627\u0648\u0645 \u0644\u0644\u0635\u062f\u0623 IP-68"},"content":{"rendered":"<h4>\u0645\u0644\u0643\u064a\u0627\u062a<\/h4>\n<p>\u0645\u0642\u0627\u0648\u0645\u0629 \u0639\u0627\u0644\u064a\u0629 \u0644\u0644\u062a\u0622\u0643\u0644.<br \/>\n\u0633\u0637\u062d \u0623\u0645\u0644\u0633 \u0633\u0647\u0644 \u0627\u0644\u062a\u062c\u0645\u064a\u0639<br \/>\n\u0627\u0644\u0623\u063a\u0630\u064a\u0629 \u0648\u0627\u0644\u0645\u0634\u0631\u0648\u0628\u0627\u062a \u0648\u0627\u0644\u0635\u0646\u0627\u0639\u0627\u062a \u0627\u0644\u062f\u0648\u0627\u0626\u064a\u0629 \u0648\u062a\u0637\u0628\u064a\u0642\u0627\u062a \u0627\u0644\u0623\u0631\u0627\u0636\u064a \u0625\u0635\u062f\u0627\u0631\u0627\u062a \u0627\u0644\u0623\u0633\u0644\u0627\u0643 \u0627\u0644\u0637\u0648\u064a\u0644\u0629<br \/>\n\u062e\u0627\u0644 \u0645\u0646 \u0627\u0644\u0647\u0627\u0644\u0648\u062c\u064a\u0646<\/p>\n<h3>\u0648\u0635\u0641 \u0627\u0644\u0645\u0646\u062a\u062c<\/h3>\n<p>\u0625\u0646 \u063a\u062f\u0629 \u0627\u0644\u0643\u0627\u0628\u0644 \u0627\u0644\u0645\u0635\u0646\u0648\u0639\u0629 \u0645\u0646 \u0627\u0644\u0641\u0648\u0644\u0627\u0630 \u0627\u0644\u0645\u0642\u0627\u0648\u0645 \u0644\u0644\u0635\u062f\u0623 \u0639\u0628\u0627\u0631\u0629 \u0639\u0646 \u0642\u0637\u0639\u0629 \u062a\u0633\u0645\u062d \u0628\u0639\u0645\u0644 \u062e\u062a\u0645 \u0636\u063a\u0637 \u0641\u064a \u0623\u062d\u062f \u0637\u0631\u0641\u064a\u0647 \u0645\u0639 \u0636\u0645\u0627\u0646 \u0627\u0644\u0627\u062a\u0635\u0627\u0644 \u0628\u0627\u0644\u0637\u0631\u0641 \u0627\u0644\u0622\u062e\u0631 \u0628\u0627\u0633\u062a\u062e\u062f\u0627\u0645 \u062e\u064a\u0637 \u0630\u0643\u0631.<\/p>\n<p>\u062a\u0648\u0641\u0631 \u063a\u062f\u062f \u0627\u0644\u0643\u0627\u0628\u0644\u0627\u062a \u0627\u0644\u0645\u0635\u0646\u0648\u0639\u0629 \u0645\u0646 \u0627\u0644\u0641\u0648\u0644\u0627\u0630 \u0627\u0644\u0645\u0642\u0627\u0648\u0645 \u0644\u0644\u0635\u062f\u0623 \u0645\u062c\u0645\u0648\u0639\u0629 \u0648\u0627\u0633\u0639\u0629 \u0645\u0646 \u0627\u0644\u062e\u0635\u0627\u0626\u0635\u060c \u0633\u0648\u0627\u0621 \u0643\u0627\u0646\u062a \u0645\u064a\u0643\u0627\u0646\u064a\u0643\u064a\u0629 \u0623\u0648 \u0643\u064a\u0645\u064a\u0627\u0626\u064a\u0629 \u0623\u0648 \u0623\u062f\u0627\u0621. \u063a\u062f\u062f \u0627\u0644\u0643\u0627\u0628\u0644\u0627\u062a \u0633\u0631\u064a\u0639\u0629 \u0627\u0644\u062a\u062c\u0645\u064a\u0639 \u0648\u0633\u0647\u0644\u0629 \u0627\u0644\u062a\u0631\u0643\u064a\u0628. \u0644\u062f\u064a\u0647\u0645 \u0646\u0637\u0627\u0642 \u0648\u0627\u0633\u0639 \u0644\u062f\u0631\u062c\u0629 \u062d\u0631\u0627\u0631\u0629 \u0627\u0644\u0639\u0645\u0644.<\/p>\n<p>\u0625\u0646 \u0627\u0644\u062e\u0635\u0627\u0626\u0635 \u0627\u0644\u0645\u064a\u0643\u0627\u0646\u064a\u0643\u064a\u0629 \u0648\u0627\u0644\u0643\u064a\u0645\u064a\u0627\u0626\u064a\u0629 \u0644\u0648\u0635\u0644\u0627\u062a \u0627\u0644\u0643\u0627\u0628\u0644\u0627\u062a \u0627\u0644\u0645\u0635\u0646\u0648\u0639\u0629 \u0645\u0646 \u0627\u0644\u0641\u0648\u0644\u0627\u0630 \u0627\u0644\u0645\u0642\u0627\u0648\u0645 \u0644\u0644\u0635\u062f\u0623 \u0647\u064a \u0627\u0644\u0623\u0639\u0644\u0649 \u0627\u0644\u062a\u064a \u064a\u0645\u0643\u0646 \u0627\u0644\u0639\u062b\u0648\u0631 \u0639\u0644\u064a\u0647\u0627. \u0648\u0645\u0646 \u0646\u0627\u062d\u064a\u0629 \u0627\u0644\u062d\u0645\u0627\u064a\u0629 \u0641\u0647\u0645 \u0627\u0644\u0623\u0641\u0636\u0644 .<\/p>\n<p>\u0645\u064a\u0643\u0627\u0646\u064a\u0643\u064a\u064b\u0627\u060c \u0641\u0625\u0646\u0647\u0627 \u062a\u062a\u062d\u0645\u0644 \u0648\u062a\u0645\u062a\u0635 \u0623\u064a \u0646\u0648\u0639 \u0645\u0646 \u0627\u0644\u0633\u062d\u0628 \u0648\u0627\u0644\u0627\u0647\u062a\u0632\u0627\u0632 \u0648\u0627\u0644\u0635\u062f\u0645\u0627\u062a.<\/p>\n<div class=\"table-responsive\">\n<table width=\"587\">\n<tbody>\n<tr>\n<td width=\"80\">\u062e\u064a\u0637<\/td>\n<td width=\"107\">\u0634\u0641\u0631\u0629<\/td>\n<td width=\"80\">\u0647\u0645\u0645<\/td>\n<td width=\"80\">\u062c\u064a \u0625\u0644 \u0645\u0645<\/td>\n<td width=\"80\">\u0628 \u0645\u0645<\/td>\n<td width=\"80\">\u062c \u0645\u0645<\/td>\n<td width=\"80\">\u0645\u0645<\/td>\n<\/tr>\n<tr>\n<td>\u0635\u0641\u062d\u0629 7<\/td>\n<td>\u0623\u0648\u0628\u0633\u062c 01\/02<\/td>\n<td>23<\/td>\n<td>6<\/td>\n<td>17<\/td>\n<td>17<\/td>\n<td>4-8<\/td>\n<\/tr>\n<tr>\n<td>\u0635\u0641\u062d\u0629 9<\/td>\n<td>\u0623\u0648\u0628\u0633\u062c 02\/03<\/td>\n<td>24,5<\/td>\n<td>6<\/td>\n<td>22<\/td>\n<td>22<\/td>\n<td>5-10<\/td>\n<\/tr>\n<tr>\n<td>\u0635\u0641\u062d\u0629 9<\/td>\n<td>\u0623\u0648\u0628\u0633\u062c 02\/04<\/td>\n<td>26,5<\/td>\n<td>6<\/td>\n<td>22<\/td>\n<td>22<\/td>\n<td>6-12<\/td>\n<\/tr>\n<tr>\n<td>\u0635\u0641\u062d\u0629 11<\/td>\n<td>\u0623\u0648\u0628\u0633\u062c 03\/04<\/td>\n<td>26,5<\/td>\n<td>6<\/td>\n<td>22<\/td>\n<td>22<\/td>\n<td>6-12<\/td>\n<\/tr>\n<tr>\n<td>\u0635\u0641\u062d\u0629 11<\/td>\n<td>\u0623\u0648\u0628\u0633\u062c 03\/05<\/td>\n<td>28<\/td>\n<td>6<\/td>\n<td>24<\/td>\n<td>24<\/td>\n<td>10-14<\/td>\n<\/tr>\n<tr>\n<td>\u062c\u064a \u0628\u064a 13.5<\/td>\n<td>\u0623\u0648\u0628\u0633\u062c 04\/05<\/td>\n<td>28<\/td>\n<td>6,5<\/td>\n<td>24<\/td>\n<td>24<\/td>\n<td>10-14<\/td>\n<\/tr>\n<tr>\n<td>\u0635\u0641\u062d\u0629 16<\/td>\n<td>\u0623\u0648\u0628\u0633\u062c 05\/06<\/td>\n<td>31,5<\/td>\n<td>6,5<\/td>\n<td>30<\/td>\n<td>30<\/td>\n<td>13-18<\/td>\n<\/tr>\n<tr>\n<td>\u0627\u0644\u0635\u0641\u062d\u0629 21<\/td>\n<td>\u0623\u0648\u0628\u0633\u062c 06RS<\/td>\n<td>31,5<\/td>\n<td>7<\/td>\n<td>30<\/td>\n<td>30<\/td>\n<td>9-17<\/td>\n<\/tr>\n<tr>\n<td>\u0635\u0641\u062d\u0629 29<\/td>\n<td>\u0623\u0648\u0628\u0633\u062c 07\/08<\/td>\n<td>43<\/td>\n<td>8<\/td>\n<td>50<\/td>\n<td>50<\/td>\n<td>22-32<\/td>\n<\/tr>\n<tr>\n<td>\u0635\u0641\u062d\u0629 36<\/td>\n<td>\u0623\u0648\u0628\u0633\u062c 08\/09<\/td>\n<td>47<\/td>\n<td>10<\/td>\n<td>60<\/td>\n<td>60<\/td>\n<td>30-38<\/td>\n<\/tr>\n<tr>\n<td>\u0635\u0641\u062d\u0629 42<\/td>\n<td>\u0623\u0648\u0628\u0633\u062c 09\/10<\/td>\n<td>48<\/td>\n<td>12<\/td>\n<td>65<\/td>\n<td>65<\/td>\n<td>33-44<\/td>\n<\/tr>\n<\/tbody>\n<\/table>\n<\/div>","protected":false},"excerpt":{"rendered":"<h3>\u0635\u0641\u0627\u062a<\/h3>\n<table>\n<tbody>\n<tr>\n<td><strong>\u063a\u0637\u0627\u0621 \u0645\u062d\u0631\u0643 \u0627\u0644\u0633\u064a\u0627\u0631\u0629<\/strong><\/td>\n<td>\u0627\u0644\u0641\u0648\u0644\u0627\u0630 \u0627\u0644\u0645\u0642\u0627\u0648\u0645 \u0644\u0644\u0635\u062f\u0623<\/td>\n<\/tr>\n<tr>\n<td><strong>\u062e\u062a\u0645 \u0637\u0648\u0642\u0627<\/strong><\/td>\n<td>\u0646\u0642\u0627\u0637 \u0627\u0644\u0628\u064a\u0639<\/td>\n<\/tr>\n<tr>\n<td><strong>\u064a\u0627 \u0627\u0644\u062f\u0627\u0626\u0631\u064a<\/strong><\/td>\n<td>\u0646\u0628\u0631<\/td>\n<\/tr>\n<tr>\n<td><strong>\u0646\u0648\u0639 \u0645\u0648\u0636\u0648\u0639<\/strong><\/td>\n<td>\u0645\u062a\u0631\u064a (EN60423)<\/td>\n<\/tr>\n<tr>\n<td><strong>\u0636\u064a\u0642<\/strong><\/td>\n<td>IP68 \u2013 5 \u0628\u0627\u0631<\/td>\n<\/tr>\n<tr>\n<td><strong>\u062f\u0631\u062c\u0629 \u062d\u0631\u0627\u0631\u0629 \u0627\u0644\u0639\u0645\u0644 \u0627\u0644\u0645\u0633\u062a\u0645\u0631<\/strong><\/td>\n<td>-20 \u062f\u0631\u062c\u0629 \u0645\u0626\u0648\u064a\u0629 +100 \u062f\u0631\u062c\u0629 \u0645\u0626\u0648\u064a\u0629<\/td>\n<\/tr>\n<\/tbody>\n<\/table>","protected":false},"featured_media":2994,"template":"","meta":{"_kad_blocks_custom_css":"","_kad_blocks_head_custom_js":"","_kad_blocks_body_custom_js":"","_kad_blocks_footer_custom_js":"","_kadence_starter_templates_imported_post":false,"_kad_post_transparent":"default","_kad_post_title":"","_kad_post_layout":"default","_kad_post_sidebar_id":"","_kad_post_content_style":"default","_kad_post_vertical_padding":"default","_kad_post_feature":"","_kad_post_feature_position":"","_kad_post_header":false,"_kad_post_footer":false},"product_cat":[31,59],"product_tag":[],"class_list":{"0":"post-1604","1":"product","2":"type-product","3":"status-publish","4":"has-post-thumbnail","6":"product_cat-prensaestopas-y-accesorios-metalicos","7":"product_cat-prensaestopas-ip-68-acero-inoxidable","9":"first","10":"instock","11":"shipping-taxable","12":"product-type-simple","13":"entry","14":"content-bg","15":"loop-entry"},"yoast_head":"<!-- This site is optimized with the Yoast SEO plugin v21.7 - https:\/\/yoast.com\/wordpress\/plugins\/seo\/ -->\n<title>Prensaestopas PG Reductor\/Amplificador Acero Inoxidable IP-68 - Fleximat<\/title>\n<meta name=\"robots\" content=\"index, follow, max-snippet:-1, max-image-preview:large, max-video-preview:-1\" \/>\n<link rel=\"canonical\" href=\"https:\/\/www.fleximat.es\/ar\/product\/prensaestopas-pg-reductor-amplificador-acero-inoxidable-ip-68\/\" \/>\n<meta property=\"og:locale\" content=\"ar_AR\" \/>\n<meta property=\"og:type\" content=\"article\" \/>\n<meta property=\"og:title\" content=\"Prensaestopas PG Reductor\/Amplificador Acero Inoxidable IP-68 - Fleximat\" \/>\n<meta property=\"og:description\" content=\"Caracter\u00edsticas    Sombrerete Acero Inoxidable   Junta de sellado TPV   Junta t\u00f3rica NBR   Tipo de Rosca M\u00e9trica (EN60423)   Estanqueidad IP68 - 5 bar   Temperatura de trabajo continua -20 \u00baC +100 \u00baC\" \/>\n<meta property=\"og:url\" content=\"https:\/\/www.fleximat.es\/ar\/product\/prensaestopas-pg-reductor-amplificador-acero-inoxidable-ip-68\/\" \/>\n<meta property=\"og:site_name\" content=\"Fleximat\" \/>\n<meta property=\"article:modified_time\" content=\"2023-11-27T10:22:45+00:00\" \/>\n<meta property=\"og:image\" content=\"https:\/\/www.fleximat.es\/wp-content\/uploads\/2023\/10\/prensaestopas-acero-inoxidable-ip-68-700x572-1.png\" \/>\n\t<meta property=\"og:image:width\" content=\"700\" \/>\n\t<meta property=\"og:image:height\" content=\"700\" \/>\n\t<meta property=\"og:image:type\" content=\"image\/png\" \/>\n<meta name=\"twitter:card\" content=\"summary_large_image\" \/>\n<meta name=\"twitter:label1\" content=\"\u0648\u0642\u062a \u0627\u0644\u0642\u0631\u0627\u0621\u0629 \u0627\u0644\u0645\u064f\u0642\u062f\u0651\u0631\" \/>\n\t<meta name=\"twitter:data1\" content=\"\u062f\u0642\u064a\u0642\u0629 \u0648\u0627\u062d\u062f\u0629\" \/>\n<script type=\"application\/ld+json\" class=\"yoast-schema-graph\">{\"@context\":\"https:\/\/schema.org\",\"@graph\":[{\"@type\":\"WebPage\",\"@id\":\"https:\/\/www.fleximat.es\/producto\/prensaestopas-pg-reductor-amplificador-acero-inoxidable-ip-68\/\",\"url\":\"https:\/\/www.fleximat.es\/producto\/prensaestopas-pg-reductor-amplificador-acero-inoxidable-ip-68\/\",\"name\":\"Prensaestopas PG Reductor\/Amplificador Acero Inoxidable IP-68 - Fleximat\",\"isPartOf\":{\"@id\":\"https:\/\/www.fleximat.es\/bn\/#website\"},\"datePublished\":\"2023-10-18T15:53:13+00:00\",\"dateModified\":\"2023-11-27T10:22:45+00:00\",\"breadcrumb\":{\"@id\":\"https:\/\/www.fleximat.es\/producto\/prensaestopas-pg-reductor-amplificador-acero-inoxidable-ip-68\/#breadcrumb\"},\"inLanguage\":\"ar\",\"potentialAction\":[{\"@type\":\"ReadAction\",\"target\":[\"https:\/\/www.fleximat.es\/producto\/prensaestopas-pg-reductor-amplificador-acero-inoxidable-ip-68\/\"]}]},{\"@type\":\"BreadcrumbList\",\"@id\":\"https:\/\/www.fleximat.es\/producto\/prensaestopas-pg-reductor-amplificador-acero-inoxidable-ip-68\/#breadcrumb\",\"itemListElement\":[{\"@type\":\"ListItem\",\"position\":1,\"name\":\"Portada\",\"item\":\"https:\/\/www.fleximat.es\/\"},{\"@type\":\"ListItem\",\"position\":2,\"name\":\"Productos\",\"item\":\"https:\/\/www.fleximat.es\/en\/productos\/\"},{\"@type\":\"ListItem\",\"position\":3,\"name\":\"Prensaestopas PG Reductor\/Amplificador Acero Inoxidable IP-68\"}]},{\"@type\":\"WebSite\",\"@id\":\"https:\/\/www.fleximat.es\/bn\/#website\",\"url\":\"https:\/\/www.fleximat.es\/bn\/\",\"name\":\"Fleximat\",\"description\":\"Tu soluci\u00f3n en prensaestopas y tubos flexibles\",\"publisher\":{\"@id\":\"https:\/\/www.fleximat.es\/bn\/#organization\"},\"potentialAction\":[{\"@type\":\"SearchAction\",\"target\":{\"@type\":\"EntryPoint\",\"urlTemplate\":\"https:\/\/www.fleximat.es\/bn\/?s={search_term_string}\"},\"query-input\":\"required name=search_term_string\"}],\"inLanguage\":\"ar\"},{\"@type\":\"Organization\",\"@id\":\"https:\/\/www.fleximat.es\/bn\/#organization\",\"name\":\"Fleximat\",\"url\":\"https:\/\/www.fleximat.es\/bn\/\",\"logo\":{\"@type\":\"ImageObject\",\"inLanguage\":\"ar\",\"@id\":\"https:\/\/www.fleximat.es\/bn\/#\/schema\/logo\/image\/\",\"url\":\"https:\/\/www.fleximat.es\/wp-content\/uploads\/2023\/11\/fleximat-logo-1.png\",\"contentUrl\":\"https:\/\/www.fleximat.es\/wp-content\/uploads\/2023\/11\/fleximat-logo-1.png\",\"width\":1169,\"height\":289,\"caption\":\"Fleximat\"},\"image\":{\"@id\":\"https:\/\/www.fleximat.es\/bn\/#\/schema\/logo\/image\/\"}}]}<\/script>\n<!-- \/ Yoast SEO plugin. -->","yoast_head_json":{"title":"Prensaestopas PG Reductor\/Amplificador Acero Inoxidable IP-68 - Fleximat","robots":{"index":"index","follow":"follow","max-snippet":"max-snippet:-1","max-image-preview":"max-image-preview:large","max-video-preview":"max-video-preview:-1"},"canonical":"https:\/\/www.fleximat.es\/ar\/product\/prensaestopas-pg-reductor-amplificador-acero-inoxidable-ip-68\/","og_locale":"ar_AR","og_type":"article","og_title":"Prensaestopas PG Reductor\/Amplificador Acero Inoxidable IP-68 - Fleximat","og_description":"Caracter\u00edsticas    Sombrerete Acero Inoxidable   Junta de sellado TPV   Junta t\u00f3rica NBR   Tipo de Rosca M\u00e9trica (EN60423)   Estanqueidad IP68 - 5 bar   Temperatura de trabajo continua -20 \u00baC +100 \u00baC","og_url":"https:\/\/www.fleximat.es\/ar\/product\/prensaestopas-pg-reductor-amplificador-acero-inoxidable-ip-68\/","og_site_name":"Fleximat","article_modified_time":"2023-11-27T10:22:45+00:00","og_image":[{"width":700,"height":700,"url":"https:\/\/www.fleximat.es\/wp-content\/uploads\/2023\/10\/prensaestopas-acero-inoxidable-ip-68-700x572-1.png","type":"image\/png"}],"twitter_card":"summary_large_image","twitter_misc":{"\u0648\u0642\u062a \u0627\u0644\u0642\u0631\u0627\u0621\u0629 \u0627\u0644\u0645\u064f\u0642\u062f\u0651\u0631":"\u062f\u0642\u064a\u0642\u0629 \u0648\u0627\u062d\u062f\u0629"},"schema":{"@context":"https:\/\/schema.org","@graph":[{"@type":"WebPage","@id":"https:\/\/www.fleximat.es\/producto\/prensaestopas-pg-reductor-amplificador-acero-inoxidable-ip-68\/","url":"https:\/\/www.fleximat.es\/producto\/prensaestopas-pg-reductor-amplificador-acero-inoxidable-ip-68\/","name":"Prensaestopas PG Reductor\/Amplificador Acero Inoxidable IP-68 - Fleximat","isPartOf":{"@id":"https:\/\/www.fleximat.es\/bn\/#website"},"datePublished":"2023-10-18T15:53:13+00:00","dateModified":"2023-11-27T10:22:45+00:00","breadcrumb":{"@id":"https:\/\/www.fleximat.es\/producto\/prensaestopas-pg-reductor-amplificador-acero-inoxidable-ip-68\/#breadcrumb"},"inLanguage":"ar","potentialAction":[{"@type":"ReadAction","target":["https:\/\/www.fleximat.es\/producto\/prensaestopas-pg-reductor-amplificador-acero-inoxidable-ip-68\/"]}]},{"@type":"BreadcrumbList","@id":"https:\/\/www.fleximat.es\/producto\/prensaestopas-pg-reductor-amplificador-acero-inoxidable-ip-68\/#breadcrumb","itemListElement":[{"@type":"ListItem","position":1,"name":"Portada","item":"https:\/\/www.fleximat.es\/"},{"@type":"ListItem","position":2,"name":"Productos","item":"https:\/\/www.fleximat.es\/en\/productos\/"},{"@type":"ListItem","position":3,"name":"Prensaestopas PG Reductor\/Amplificador Acero Inoxidable IP-68"}]},{"@type":"WebSite","@id":"https:\/\/www.fleximat.es\/bn\/#website","url":"https:\/\/www.fleximat.es\/bn\/","name":"Fleximat","description":"Tu soluci\u00f3n en prensaestopas y tubos flexibles","publisher":{"@id":"https:\/\/www.fleximat.es\/bn\/#organization"},"potentialAction":[{"@type":"SearchAction","target":{"@type":"EntryPoint","urlTemplate":"https:\/\/www.fleximat.es\/bn\/?s={search_term_string}"},"query-input":"required name=search_term_string"}],"inLanguage":"ar"},{"@type":"Organization","@id":"https:\/\/www.fleximat.es\/bn\/#organization","name":"Fleximat","url":"https:\/\/www.fleximat.es\/bn\/","logo":{"@type":"ImageObject","inLanguage":"ar","@id":"https:\/\/www.fleximat.es\/bn\/#\/schema\/logo\/image\/","url":"https:\/\/www.fleximat.es\/wp-content\/uploads\/2023\/11\/fleximat-logo-1.png","contentUrl":"https:\/\/www.fleximat.es\/wp-content\/uploads\/2023\/11\/fleximat-logo-1.png","width":1169,"height":289,"caption":"Fleximat"},"image":{"@id":"https:\/\/www.fleximat.es\/bn\/#\/schema\/logo\/image\/"}}]}},"taxonomy_info":{"product_cat":[{"value":31,"label":"Prensaestopas y accesorios met\u00e1licos"},{"value":59,"label":"Prensaestopas IP-68 Acero Inoxidable"}]},"featured_image_src_large":["https:\/\/www.fleximat.es\/wp-content\/uploads\/2023\/10\/prensaestopas-acero-inoxidable-ip-68-700x572-1.png",700,700,false],"author_info":[],"comment_info":"","_links":{"self":[{"href":"https:\/\/www.fleximat.es\/ar\/wp-json\/wp\/v2\/product\/1604"}],"collection":[{"href":"https:\/\/www.fleximat.es\/ar\/wp-json\/wp\/v2\/product"}],"about":[{"href":"https:\/\/www.fleximat.es\/ar\/wp-json\/wp\/v2\/types\/product"}],"wp:featuredmedia":[{"embeddable":true,"href":"https:\/\/www.fleximat.es\/ar\/wp-json\/wp\/v2\/media\/2994"}],"wp:attachment":[{"href":"https:\/\/www.fleximat.es\/ar\/wp-json\/wp\/v2\/media?parent=1604"}],"wp:term":[{"taxonomy":"product_cat","embeddable":true,"href":"https:\/\/www.fleximat.es\/ar\/wp-json\/wp\/v2\/product_cat?post=1604"},{"taxonomy":"product_tag","embeddable":true,"href":"https:\/\/www.fleximat.es\/ar\/wp-json\/wp\/v2\/product_tag?post=1604"}],"curies":[{"name":"wp","href":"https:\/\/api.w.org\/{rel}","templated":true}]}}