{"id":1623,"date":"2023-10-18T17:53:15","date_gmt":"2023-10-18T15:53:15","guid":{"rendered":"https:\/\/www.fleximat.es\/?post_type=product&#038;p=1623"},"modified":"2023-12-04T17:22:01","modified_gmt":"2023-12-04T16:22:01","slug":"tapon-ventilacion-pg-poliamida-ip-68","status":"publish","type":"product","link":"https:\/\/www.fleximat.es\/ar\/product\/tapon-ventilacion-pg-poliamida-ip-68\/","title":{"rendered":"PG \u0628\u0648\u0644\u064a\u0627\u0645\u064a\u062f \u0642\u0627\u0628\u0633 \u0627\u0644\u062a\u0647\u0648\u064a\u0629 IP-68"},"content":{"rendered":"<h4>\u0645\u0644\u0643\u064a\u0627\u062a<\/h4>\n<p>\u0646\u0638\u0627\u0645 \u0627\u0644\u062a\u0647\u0648\u064a\u0629: \u0623\u0643\u0631\u064a\u0644\u064a\u0643 \u0628\u0648\u0644\u064a\u0645\u0631 \u0645\u0634\u062a\u0631\u0643 \u0639\u0644\u0649 \u062f\u0639\u0627\u0645\u0629 \u0645\u0646 \u0627\u0644\u0646\u0627\u064a\u0644\u0648\u0646 (\u0643\u0627\u0631\u0647 \u0644\u0644\u0645\u0627\u0621 - \u0643\u0627\u0631\u0647 \u0644\u0644\u0632\u064a\u0648\u062a).<\/p>\n<p>\u0645\u0639\u0627\u062f\u0644\u0629 \u0627\u0644\u0636\u063a\u0637 \u0627\u0644\u062f\u0627\u062e\u0644\u064a \u0648\u0627\u0644\u062e\u0627\u0631\u062c\u064a \u0644\u0644\u0646\u0638\u0627\u0645. \u062a\u062f\u0641\u0642 \u062a\u0647\u0648\u064a\u0629 \u0631\u0627\u0626\u0639.<\/p>\n<p>\u064a\u0645\u0646\u0639 \u0627\u0644\u062a\u0622\u0643\u0644 \u0648\u062a\u0643\u062b\u064a\u0641 \u0627\u0644\u0645\u0627\u0621 \u062f\u0627\u062e\u0644 \u0627\u0644\u062c\u0647\u0627\u0632 \u0648\u0638\u064a\u0641\u0629 \u0645\u0632\u062f\u0648\u062c\u0629: \u0635\u0646\u062f\u0648\u0642 \u062d\u0634\u0648\/\u0639\u0646\u0635\u0631 \u062a\u0647\u0648\u064a\u0629. \u064a\u0637\u064a\u0644 \u0639\u0645\u0631 \u0627\u0644\u0645\u0646\u062a\u062c \u062d\u064a\u062b \u064a\u062a\u0645 \u062a\u0637\u0628\u064a\u0642\u0647.<\/p>\n<p>\u0645\u0642\u0627\u0648\u0645\u0629: \u0627\u0644\u0623\u0634\u0639\u0629 \u0641\u0648\u0642 \u0627\u0644\u0628\u0646\u0641\u0633\u062c\u064a\u0629\u060c \u0645\u0642\u0627\u0648\u0645\u0629 \u0627\u0644\u0633\u062d\u0628\u060c \u0627\u0644\u0645\u0646\u062a\u062c\u0627\u062a \u0627\u0644\u0643\u064a\u0645\u064a\u0627\u0626\u064a\u0629\u060c \u0645\u0642\u0627\u0648\u0645\u0629 \u0627\u0644\u0627\u0647\u062a\u0632\u0627\u0632\u060c \u0633\u0647\u0644\u0629 \u0627\u0644\u062a\u062c\u0645\u064a\u0639 \u0648\u062e\u0627\u0644\u064a\u0629 \u0645\u0646 \u0627\u0644\u0647\u0627\u0644\u0648\u062c\u064a\u0646.<\/p>\n<p>\u0627\u0644\u062a\u0637\u0628\u064a\u0642\u0627\u062a: \u0645\u0639\u062f\u0627\u062a \u0627\u0644\u0625\u0636\u0627\u0621\u0629\u060c \u0627\u0644\u0623\u0644\u0648\u0627\u062d \u0627\u0644\u0634\u0645\u0633\u064a\u0629\u060c \u0627\u0644\u0645\u0639\u062f\u0627\u062a \u0627\u0644\u0625\u0644\u0643\u062a\u0631\u0648\u0646\u064a\u0629\u060c \u0627\u0644\u0623\u062a\u0645\u062a\u0629\u060c \u0635\u0646\u0627\u0639\u0629 \u0627\u0644\u0633\u064a\u0627\u0631\u0627\u062a \u0648\u0627\u0644\u0633\u0643\u0643 \u0627\u0644\u062d\u062f\u064a\u062f\u064a\u0629<\/p>\n<h3>\u0648\u0635\u0641 \u0627\u0644\u0645\u0646\u062a\u062c<\/h3>\n<p>\u062a\u0633\u062a\u062e\u062f\u0645 \u0642\u0648\u0627\u0628\u0633 \u0627\u0644\u062a\u0647\u0648\u064a\u0629 \u0623\u0648 \u0645\u0627\u0646\u0639\u0629 \u0627\u0644\u062a\u0643\u062b\u064a\u0641 \u0644\u062d\u0645\u0627\u064a\u0629 \u0627\u0644\u0645\u0639\u062f\u0627\u062a \u0645\u0646 \u0627\u0644\u0623\u0643\u0633\u062f\u0629 \u0648\u0627\u0644\u0643\u0633\u0631 \u0627\u0644\u0630\u064a \u0642\u062f \u064a\u062d\u062f\u062b \u0628\u0633\u0628\u0628 \u0627\u0644\u062a\u063a\u064a\u0631\u0627\u062a \u0641\u064a \u062f\u0631\u062c\u0627\u062a \u0627\u0644\u062d\u0631\u0627\u0631\u0629.<\/p>\n<p>\u062a\u0633\u062a\u062e\u062f\u0645 \u0633\u062f\u0627\u062f\u0627\u062a \u0627\u0644\u062a\u0647\u0648\u064a\u0629 \u0635\u0645\u0627\u0645 \u0628\u0648\u0644\u064a\u0645\u0631 \u0644\u0644\u0633\u0645\u0627\u062d \u0628\u062a\u062f\u0641\u0642 \u0627\u0644\u0647\u0648\u0627\u0621 \u0628\u0634\u0643\u0644 \u0645\u0646\u0627\u0633\u0628 \u0648\u0645\u0639\u0627\u062f\u0644\u0629 \u0627\u0644\u0636\u063a\u0637.<\/p>\n<p>\u062a\u064f\u0633\u062a\u062e\u062f\u0645 \u0647\u0630\u0647 \u0627\u0644\u0645\u0642\u0627\u0628\u0633 \u0627\u0644\u0645\u0636\u0627\u062f\u0629 \u0644\u0644\u062a\u0643\u062b\u064a\u0641 \u0639\u0627\u062f\u0629 \u0641\u064a \u0627\u0644\u0645\u0639\u062f\u0627\u062a \u0627\u0644\u062a\u064a \u062a\u0639\u0645\u0644 \u0641\u064a \u0627\u0644\u0647\u0648\u0627\u0621 \u0627\u0644\u0637\u0644\u0642\u060c \u0648\u0646\u062d\u0646 \u0646\u0648\u0635\u064a \u0628\u0647\u0627 \u0644\u062c\u0645\u064a\u0639 \u0623\u0646\u0648\u0627\u0639 \u0627\u0644\u062a\u0637\u0628\u064a\u0642\u0627\u062a\u060c \u0648\u062e\u0627\u0635\u0629 \u0642\u0637\u0627\u0639 \u0627\u0644\u0625\u0636\u0627\u0621\u0629.<\/p>\n<table class=\"table table-bordered table-striped\">\n<thead>\n<tr>\n<td>\u062e\u064a\u0637<\/td>\n<td>\u0627\u0644\u0631\u0645\u0632 \u0627\u0644\u0631\u0645\u0627\u062f\u064a RAL7035<\/td>\n<td>\u0627\u0644\u0631\u0645\u0632 \u0627\u0644\u0623\u0633\u0648\u062f RAL9005<\/td>\n<td>\u062d<\/p>\n<p>\u0645\u0645.<\/td>\n<td>\u062c\u064a \u0625\u0644.<\/p>\n<p>\u0645\u0645.<\/td>\n<td>\u0645\u0645.<\/td>\n<td>\u0642\u0637\u0631 \u0627\u0644\u062e\u064a\u0637 \u0645\u0645.<\/td>\n<td>\u0642\u0637\u0631 \u0627\u0644\u062b\u0642\u0628 \u0645\u0645.<\/td>\n<td>\u062a\u062f\u0641\u0642 \u0627\u0644\u0647\u0648\u0627\u0621<\/p>\n<p>\/\u0623\u0646\u0627\/\u062d<\/td>\n<td>\u062a\u062f\u062e\u0644 \u0627\u0644\u0645\u064a\u0627\u0647<\/p>\n<p>\u0627\u0644\u0639\u0646\u0628\u0631<\/td>\n<\/tr>\n<\/thead>\n<tbody>\n<tr>\n<td>\u064512 \u00d7 1.5<\/td>\n<td>OMVPL01S<\/td>\n<td>OMVPB01S<\/td>\n<td>15<\/td>\n<td>6<\/td>\n<td>18<\/td>\n<td>12<\/td>\n<td>12,3<\/td>\n<td>16<\/td>\n<td>0,8<\/td>\n<\/tr>\n<tr>\n<td>\u064512 \u00d7 1.5<\/td>\n<td>OMVPL01M<\/td>\n<td>OMVPB01M<\/td>\n<td>15<\/td>\n<td>6<\/td>\n<td>18<\/td>\n<td>12<\/td>\n<td>12,3<\/td>\n<td>25<\/td>\n<td>0,5<\/td>\n<\/tr>\n<tr>\n<td>\u064512 \u00d7 1.5<\/td>\n<td>OMVPL01H<\/td>\n<td>OMVPB01H<\/td>\n<td>15<\/td>\n<td>6<\/td>\n<td>18<\/td>\n<td>12<\/td>\n<td>12,3<\/td>\n<td>133<\/td>\n<td>0,2<\/td>\n<\/tr>\n<tr>\n<td>\u064512 \u00d7 1.5<\/td>\n<td>OMVPL01UH<\/td>\n<td>OMVPB01UH<\/td>\n<td>15<\/td>\n<td>6<\/td>\n<td>18<\/td>\n<td>12<\/td>\n<td>12,3<\/td>\n<td>300<\/td>\n<td>0,1<\/td>\n<\/tr>\n<tr>\n<td>\u064512 \u00d7 1.5<\/td>\n<td>OMVPL01SL<\/td>\n<td>OMVPB01SL<\/td>\n<td>15<\/td>\n<td>10<\/td>\n<td>18<\/td>\n<td>12<\/td>\n<td>12,3<\/td>\n<td>16<\/td>\n<td>0,8<\/td>\n<\/tr>\n<tr>\n<td>\u064512 \u00d7 1.5<\/td>\n<td>OMVPL01ML<\/td>\n<td>OMVPB01ML<\/td>\n<td>15<\/td>\n<td>10<\/td>\n<td>18<\/td>\n<td>12<\/td>\n<td>12,3<\/td>\n<td>25<\/td>\n<td>0,5<\/td>\n<\/tr>\n<tr>\n<td>\u064512 \u00d7 1.5<\/td>\n<td>OMVPL01HL<\/td>\n<td>OMVPB01HL<\/td>\n<td>15<\/td>\n<td>10<\/td>\n<td>18<\/td>\n<td>12<\/td>\n<td>12,3<\/td>\n<td>133<\/td>\n<td>0,2<\/td>\n<\/tr>\n<tr>\n<td>\u064512 \u00d7 1.5<\/td>\n<td>OMVPL01UHL<\/td>\n<td>OMVPB01UHL<\/td>\n<td>15<\/td>\n<td>10<\/td>\n<td>18<\/td>\n<td>12<\/td>\n<td>12,3<\/td>\n<td>300<\/td>\n<td>0,1<\/td>\n<\/tr>\n<\/tbody>\n<\/table>","protected":false},"excerpt":{"rendered":"<h3>\u0635\u0641\u0627\u062a<\/h3>\n<table>\n<tbody>\n<tr>\n<td><strong>\u064a\u0627 \u0627\u0644\u062f\u0627\u0626\u0631\u064a<\/strong><\/td>\n<td>\u0646\u0628\u0631\/\u0625\u0628\u062f\u0645<\/td>\n<\/tr>\n<tr>\n<td><strong>\u0646\u0648\u0639 \u0645\u0648\u0636\u0648\u0639<\/strong><\/td>\n<td>\u0628\u063a (\u062f\u064a\u0646 40430)<\/td>\n<\/tr>\n<tr>\n<td><strong>\u0636\u064a\u0642<\/strong><\/td>\n<td>IP68<\/td>\n<\/tr>\n<tr>\n<td><strong>\u062f\u0631\u062c\u0629 \u062d\u0631\u0627\u0631\u0629 \u0627\u0644\u0639\u0645\u0644 \u0627\u0644\u0645\u0633\u062a\u0645\u0631<\/strong><\/td>\n<td>-40 \u062f\u0631\u062c\u0629 \u0645\u0626\u0648\u064a\u0629 +105 \u062f\u0631\u062c\u0629 \u0645\u0626\u0648\u064a\u0629<\/td>\n<\/tr>\n<\/tbody>\n<\/table>","protected":false},"featured_media":3088,"template":"","meta":{"_kad_blocks_custom_css":"","_kad_blocks_head_custom_js":"","_kad_blocks_body_custom_js":"","_kad_blocks_footer_custom_js":"","_kadence_starter_templates_imported_post":false,"_kad_post_transparent":"default","_kad_post_title":"","_kad_post_layout":"default","_kad_post_sidebar_id":"","_kad_post_content_style":"default","_kad_post_vertical_padding":"default","_kad_post_feature":"","_kad_post_feature_position":"","_kad_post_header":false,"_kad_post_footer":false},"product_cat":[65,67],"product_tag":[],"class_list":{"0":"post-1623","1":"product","2":"type-product","3":"status-publish","4":"has-post-thumbnail","6":"product_cat-prensaestopas-y-tapones-de-ventilacion","7":"product_cat-tapon-de-ventilacion","9":"first","10":"instock","11":"shipping-taxable","12":"product-type-simple","13":"entry","14":"content-bg","15":"loop-entry"},"yoast_head":"<!-- This site is optimized with the Yoast SEO plugin v21.7 - https:\/\/yoast.com\/wordpress\/plugins\/seo\/ -->\n<title>Tap\u00f3n Ventilaci\u00f3n PG Poliamida IP-68 - Fleximat<\/title>\n<meta name=\"robots\" content=\"index, follow, max-snippet:-1, max-image-preview:large, max-video-preview:-1\" \/>\n<link rel=\"canonical\" href=\"https:\/\/www.fleximat.es\/ar\/produto\/tapon-ventilacion-pg-poliamida-ip-68\/\" \/>\n<meta property=\"og:locale\" content=\"ar_AR\" \/>\n<meta property=\"og:type\" content=\"article\" \/>\n<meta property=\"og:title\" content=\"Tap\u00f3n Ventilaci\u00f3n PG Poliamida IP-68 - Fleximat\" \/>\n<meta property=\"og:description\" content=\"Caracter\u00edsticas    Junta t\u00f3rica NBR \/ EPDM   Tipo de Rosca PG (DIN 40430)   Estanqueidad IP68   Temperatura de trabajo continua -40 \u00baC +105 \u00baC\" \/>\n<meta property=\"og:url\" content=\"https:\/\/www.fleximat.es\/ar\/produto\/tapon-ventilacion-pg-poliamida-ip-68\/\" \/>\n<meta property=\"og:site_name\" content=\"Fleximat\" \/>\n<meta property=\"article:modified_time\" content=\"2023-12-04T16:22:01+00:00\" \/>\n<meta property=\"og:image\" content=\"https:\/\/www.fleximat.es\/wp-content\/uploads\/2023\/12\/tapon-ventilacion-acero-inoxidable-ip-68-gris.png\" \/>\n\t<meta property=\"og:image:width\" content=\"700\" \/>\n\t<meta property=\"og:image:height\" content=\"700\" \/>\n\t<meta property=\"og:image:type\" content=\"image\/png\" \/>\n<meta name=\"twitter:card\" content=\"summary_large_image\" \/>\n<meta name=\"twitter:label1\" content=\"\u0648\u0642\u062a \u0627\u0644\u0642\u0631\u0627\u0621\u0629 \u0627\u0644\u0645\u064f\u0642\u062f\u0651\u0631\" \/>\n\t<meta name=\"twitter:data1\" content=\"\u062f\u0642\u064a\u0642\u0629 \u0648\u0627\u062d\u062f\u0629\" \/>\n<script type=\"application\/ld+json\" class=\"yoast-schema-graph\">{\"@context\":\"https:\/\/schema.org\",\"@graph\":[{\"@type\":\"WebPage\",\"@id\":\"https:\/\/www.fleximat.es\/pt\/produto\/tapon-ventilacion-pg-poliamida-ip-68\/\",\"url\":\"https:\/\/www.fleximat.es\/pt\/produto\/tapon-ventilacion-pg-poliamida-ip-68\/\",\"name\":\"Tap\u00f3n Ventilaci\u00f3n PG Poliamida IP-68 - Fleximat\",\"isPartOf\":{\"@id\":\"https:\/\/www.fleximat.es\/bn\/#website\"},\"datePublished\":\"2023-10-18T15:53:15+00:00\",\"dateModified\":\"2023-12-04T16:22:01+00:00\",\"breadcrumb\":{\"@id\":\"https:\/\/www.fleximat.es\/pt\/produto\/tapon-ventilacion-pg-poliamida-ip-68\/#breadcrumb\"},\"inLanguage\":\"ar\",\"potentialAction\":[{\"@type\":\"ReadAction\",\"target\":[\"https:\/\/www.fleximat.es\/pt\/produto\/tapon-ventilacion-pg-poliamida-ip-68\/\"]}]},{\"@type\":\"BreadcrumbList\",\"@id\":\"https:\/\/www.fleximat.es\/pt\/produto\/tapon-ventilacion-pg-poliamida-ip-68\/#breadcrumb\",\"itemListElement\":[{\"@type\":\"ListItem\",\"position\":1,\"name\":\"Portada\",\"item\":\"https:\/\/www.fleximat.es\/\"},{\"@type\":\"ListItem\",\"position\":2,\"name\":\"Productos\",\"item\":\"https:\/\/www.fleximat.es\/en\/productos\/\"},{\"@type\":\"ListItem\",\"position\":3,\"name\":\"Tap\u00f3n Ventilaci\u00f3n PG Poliamida IP-68\"}]},{\"@type\":\"WebSite\",\"@id\":\"https:\/\/www.fleximat.es\/bn\/#website\",\"url\":\"https:\/\/www.fleximat.es\/bn\/\",\"name\":\"Fleximat\",\"description\":\"Tu soluci\u00f3n en prensaestopas y tubos flexibles\",\"publisher\":{\"@id\":\"https:\/\/www.fleximat.es\/bn\/#organization\"},\"potentialAction\":[{\"@type\":\"SearchAction\",\"target\":{\"@type\":\"EntryPoint\",\"urlTemplate\":\"https:\/\/www.fleximat.es\/bn\/?s={search_term_string}\"},\"query-input\":\"required name=search_term_string\"}],\"inLanguage\":\"ar\"},{\"@type\":\"Organization\",\"@id\":\"https:\/\/www.fleximat.es\/bn\/#organization\",\"name\":\"Fleximat\",\"url\":\"https:\/\/www.fleximat.es\/bn\/\",\"logo\":{\"@type\":\"ImageObject\",\"inLanguage\":\"ar\",\"@id\":\"https:\/\/www.fleximat.es\/bn\/#\/schema\/logo\/image\/\",\"url\":\"https:\/\/www.fleximat.es\/wp-content\/uploads\/2023\/11\/fleximat-logo-1.png\",\"contentUrl\":\"https:\/\/www.fleximat.es\/wp-content\/uploads\/2023\/11\/fleximat-logo-1.png\",\"width\":1169,\"height\":289,\"caption\":\"Fleximat\"},\"image\":{\"@id\":\"https:\/\/www.fleximat.es\/bn\/#\/schema\/logo\/image\/\"}}]}<\/script>\n<!-- \/ Yoast SEO plugin. -->","yoast_head_json":{"title":"Tap\u00f3n Ventilaci\u00f3n PG Poliamida IP-68 - Fleximat","robots":{"index":"index","follow":"follow","max-snippet":"max-snippet:-1","max-image-preview":"max-image-preview:large","max-video-preview":"max-video-preview:-1"},"canonical":"https:\/\/www.fleximat.es\/ar\/produto\/tapon-ventilacion-pg-poliamida-ip-68\/","og_locale":"ar_AR","og_type":"article","og_title":"Tap\u00f3n Ventilaci\u00f3n PG Poliamida IP-68 - Fleximat","og_description":"Caracter\u00edsticas    Junta t\u00f3rica NBR \/ EPDM   Tipo de Rosca PG (DIN 40430)   Estanqueidad IP68   Temperatura de trabajo continua -40 \u00baC +105 \u00baC","og_url":"https:\/\/www.fleximat.es\/ar\/produto\/tapon-ventilacion-pg-poliamida-ip-68\/","og_site_name":"Fleximat","article_modified_time":"2023-12-04T16:22:01+00:00","og_image":[{"width":700,"height":700,"url":"https:\/\/www.fleximat.es\/wp-content\/uploads\/2023\/12\/tapon-ventilacion-acero-inoxidable-ip-68-gris.png","type":"image\/png"}],"twitter_card":"summary_large_image","twitter_misc":{"\u0648\u0642\u062a \u0627\u0644\u0642\u0631\u0627\u0621\u0629 \u0627\u0644\u0645\u064f\u0642\u062f\u0651\u0631":"\u062f\u0642\u064a\u0642\u0629 \u0648\u0627\u062d\u062f\u0629"},"schema":{"@context":"https:\/\/schema.org","@graph":[{"@type":"WebPage","@id":"https:\/\/www.fleximat.es\/pt\/produto\/tapon-ventilacion-pg-poliamida-ip-68\/","url":"https:\/\/www.fleximat.es\/pt\/produto\/tapon-ventilacion-pg-poliamida-ip-68\/","name":"Tap\u00f3n Ventilaci\u00f3n PG Poliamida IP-68 - Fleximat","isPartOf":{"@id":"https:\/\/www.fleximat.es\/bn\/#website"},"datePublished":"2023-10-18T15:53:15+00:00","dateModified":"2023-12-04T16:22:01+00:00","breadcrumb":{"@id":"https:\/\/www.fleximat.es\/pt\/produto\/tapon-ventilacion-pg-poliamida-ip-68\/#breadcrumb"},"inLanguage":"ar","potentialAction":[{"@type":"ReadAction","target":["https:\/\/www.fleximat.es\/pt\/produto\/tapon-ventilacion-pg-poliamida-ip-68\/"]}]},{"@type":"BreadcrumbList","@id":"https:\/\/www.fleximat.es\/pt\/produto\/tapon-ventilacion-pg-poliamida-ip-68\/#breadcrumb","itemListElement":[{"@type":"ListItem","position":1,"name":"Portada","item":"https:\/\/www.fleximat.es\/"},{"@type":"ListItem","position":2,"name":"Productos","item":"https:\/\/www.fleximat.es\/en\/productos\/"},{"@type":"ListItem","position":3,"name":"Tap\u00f3n Ventilaci\u00f3n PG Poliamida IP-68"}]},{"@type":"WebSite","@id":"https:\/\/www.fleximat.es\/bn\/#website","url":"https:\/\/www.fleximat.es\/bn\/","name":"Fleximat","description":"Tu soluci\u00f3n en prensaestopas y tubos flexibles","publisher":{"@id":"https:\/\/www.fleximat.es\/bn\/#organization"},"potentialAction":[{"@type":"SearchAction","target":{"@type":"EntryPoint","urlTemplate":"https:\/\/www.fleximat.es\/bn\/?s={search_term_string}"},"query-input":"required name=search_term_string"}],"inLanguage":"ar"},{"@type":"Organization","@id":"https:\/\/www.fleximat.es\/bn\/#organization","name":"Fleximat","url":"https:\/\/www.fleximat.es\/bn\/","logo":{"@type":"ImageObject","inLanguage":"ar","@id":"https:\/\/www.fleximat.es\/bn\/#\/schema\/logo\/image\/","url":"https:\/\/www.fleximat.es\/wp-content\/uploads\/2023\/11\/fleximat-logo-1.png","contentUrl":"https:\/\/www.fleximat.es\/wp-content\/uploads\/2023\/11\/fleximat-logo-1.png","width":1169,"height":289,"caption":"Fleximat"},"image":{"@id":"https:\/\/www.fleximat.es\/bn\/#\/schema\/logo\/image\/"}}]}},"taxonomy_info":{"product_cat":[{"value":65,"label":"Prensaestopas y tapones de ventilaci\u00f3n"},{"value":67,"label":"Tap\u00f3n de ventilaci\u00f3n"}]},"featured_image_src_large":["https:\/\/www.fleximat.es\/wp-content\/uploads\/2023\/12\/tapon-ventilacion-acero-inoxidable-ip-68-gris.png",700,700,false],"author_info":[],"comment_info":"","_links":{"self":[{"href":"https:\/\/www.fleximat.es\/ar\/wp-json\/wp\/v2\/product\/1623"}],"collection":[{"href":"https:\/\/www.fleximat.es\/ar\/wp-json\/wp\/v2\/product"}],"about":[{"href":"https:\/\/www.fleximat.es\/ar\/wp-json\/wp\/v2\/types\/product"}],"wp:featuredmedia":[{"embeddable":true,"href":"https:\/\/www.fleximat.es\/ar\/wp-json\/wp\/v2\/media\/3088"}],"wp:attachment":[{"href":"https:\/\/www.fleximat.es\/ar\/wp-json\/wp\/v2\/media?parent=1623"}],"wp:term":[{"taxonomy":"product_cat","embeddable":true,"href":"https:\/\/www.fleximat.es\/ar\/wp-json\/wp\/v2\/product_cat?post=1623"},{"taxonomy":"product_tag","embeddable":true,"href":"https:\/\/www.fleximat.es\/ar\/wp-json\/wp\/v2\/product_tag?post=1623"}],"curies":[{"name":"wp","href":"https:\/\/api.w.org\/{rel}","templated":true}]}}