{"id":1708,"date":"2023-10-18T17:54:04","date_gmt":"2023-10-18T15:54:04","guid":{"rendered":"https:\/\/www.fleximat.es\/?post_type=product&#038;p=1708"},"modified":"2023-10-25T09:19:39","modified_gmt":"2023-10-25T07:19:39","slug":"racor-giratorio-liquid-tight-metalico-ip-67","status":"publish","type":"product","link":"https:\/\/www.fleximat.es\/ar\/product\/racor-giratorio-liquid-tight-metalico-ip-67\/","title":{"rendered":"\u062a\u0631\u0643\u064a\u0628\u0627\u062a \u062f\u0648\u0627\u0631\u0629 \u0645\u0639\u062f\u0646\u064a\u0629 \u0633\u0627\u0626\u0644\u0629 \u0636\u064a\u0642\u0629 IP-67"},"content":{"rendered":"<h4>\u0645\u0644\u0643\u064a\u0627\u062a<\/h4>\n<p>\u0633\u0647\u0644 \u0627\u0644\u062a\u062c\u0645\u064a\u0639\u060c \u0625\u0635\u062f\u0627\u0631 \u0627\u0644\u062c\u0633\u0645 \u0627\u0644\u062b\u0627\u0628\u062a \u0623\u0648 \u0627\u0644\u062f\u0648\u0627\u0631\u060c \u0627\u0637\u0644\u0628 \u0645\u0639 \u0642\u0646\u0648\u0627\u062a LGT \u0623\u0648 CTS\u060c CTPS<\/p>\n<h3>\u0648\u0635\u0641 \u0627\u0644\u0645\u0646\u062a\u062c<\/h3>\n<p>\u0627\u0644\u062a\u0631\u0643\u064a\u0628 \u0627\u0644\u062f\u0648\u0627\u0631 \u0647\u0648 \u0645\u0644\u062d\u0642 \u062a\u0648\u0635\u064a\u0644 \u0627\u0644\u0623\u0646\u0628\u0648\u0628.<\/p>\n<p>\u064a\u0645\u0643\u0646 \u0623\u0646 \u062a\u062d\u062a\u0648\u064a \u0627\u0644\u062a\u0631\u0643\u064a\u0628\u0627\u062a \u0627\u0644\u062f\u0648\u0627\u0631\u0629 \u0639\u0644\u0649 \u0623\u062c\u0633\u0627\u0645 \u0648\u062e\u064a\u0648\u0637 \u0645\u062e\u062a\u0644\u0641\u0629 \u062d\u0633\u0628 \u0627\u0644\u062d\u0627\u062c\u0629 \u0625\u0644\u0649 \u0627\u0644\u062d\u0645\u0627\u064a\u0629.<\/p>\n<p>\u064a\u0645\u0643\u0646 \u0623\u0646 \u062a\u0643\u0648\u0646 \u0627\u0644\u062a\u0631\u0643\u064a\u0628\u0627\u062a \u0627\u0644\u062f\u0648\u0627\u0631\u0629 \u0628\u0644\u0627\u0633\u062a\u064a\u0643\u064a\u0629 \u0623\u0648 \u0645\u0639\u062f\u0646\u064a\u0629.<\/p>\n<p>\u0644\u062f\u064a\u0646\u0627 \u0625\u0635\u062f\u0627\u0631\u0627\u062a \u0630\u0627\u062a \u0623\u062c\u0633\u0627\u0645 \u062f\u0648\u0627\u0631\u0629 \u0648\u0645\u0639 \u0635\u0646\u062f\u0648\u0642 \u062d\u0634\u0648 \u0645\u062f\u0645\u062c.<\/p>\n<h3>\u0645\u0639\u0627\u0647\u062f\u0629 \u062d\u0638\u0631 \u0627\u0644\u0627\u0646\u062a\u0634\u0627\u0631 \u0627\u0644\u0646\u0648\u0648\u064a<\/h3>\n<table class=\"table table-bordered table-striped\">\n<thead>\n<tr>\n<td>\u0645\u0639\u0627\u0647\u062f\u0629 \u062d\u0638\u0631 \u0627\u0644\u0627\u0646\u062a\u0634\u0627\u0631 \u0627\u0644\u0646\u0648\u0648\u064a (\u0627\u0644\u0643\u0648\u062f)<\/td>\n<td>\u0645\u0648\u0636\u0648\u0639 \u0645\u0639\u0627\u0647\u062f\u0629 \u062d\u0638\u0631 \u0627\u0644\u0627\u0646\u062a\u0634\u0627\u0631 \u0627\u0644\u0646\u0648\u0648\u064a<\/td>\n<td>\u062c\u064a \u0625\u0644 \u0645\u0645<\/td>\n<td>\u0628 \u0645\u0645<\/td>\n<td>\u062c \u0645\u0645<\/td>\n<\/tr>\n<\/thead>\n<tbody>\n<tr>\n<td>\u0625\u0644 \u0625\u0633 \u0622\u0631 \u0625\u0646 00<\/td>\n<td>1\/4&#8243;<\/td>\n<td>10<\/td>\n<td>20<\/td>\n<td>22<\/td>\n<\/tr>\n<tr>\n<td>\u0625\u0644 \u0625\u0633 \u0622\u0631 \u0625\u0646 01<\/td>\n<td>3\/8&#8243;<\/td>\n<td>11,5<\/td>\n<td>24<\/td>\n<td>26<\/td>\n<\/tr>\n<tr>\n<td>\u0625\u0644 \u0625\u0633 \u0622\u0631 \u0625\u0646 02<\/td>\n<td>1\/2&#8243;<\/td>\n<td>13<\/td>\n<td>27<\/td>\n<td>29<\/td>\n<\/tr>\n<tr>\n<td>\u0625\u0644 \u0625\u0633 \u0622\u0631 \u0625\u0646 03<\/td>\n<td>3\/4&#8243;<\/td>\n<td>15<\/td>\n<td>33<\/td>\n<td>35<\/td>\n<\/tr>\n<tr>\n<td>\u0625\u0644 \u0625\u0633 \u0622\u0631 \u0625\u0646 04<\/td>\n<td>1&#8243;<\/td>\n<td>15<\/td>\n<td>43<\/td>\n<td>45<\/td>\n<\/tr>\n<tr>\n<td>\u0625\u0644 \u0625\u0633 \u0622\u0631 \u0625\u0646 05<\/td>\n<td>1 1\/4&#8243;<\/td>\n<td>16<\/td>\n<td>52<\/td>\n<td>54<\/td>\n<\/tr>\n<tr>\n<td>\u0625\u0644 \u0625\u0633 \u0622\u0631 \u0625\u0646 06<\/td>\n<td>1 1\/2&#8243;<\/td>\n<td>18<\/td>\n<td>60<\/td>\n<td>63<\/td>\n<\/tr>\n<tr>\n<td>\u0644\u0633\u0631\u0646 07<\/td>\n<td>2&#8243;<\/td>\n<td>20<\/td>\n<td>74<\/td>\n<td>77<\/td>\n<\/tr>\n<tr>\n<td>\u0644\u0633\u0631\u0646 08<\/td>\n<td>2 1\/2&#8243;<\/td>\n<td><\/td>\n<td><\/td>\n<td><\/td>\n<\/tr>\n<tr>\n<td>\u0644\u0633\u0631\u0646 09<\/td>\n<td>3&#8243;<\/td>\n<td><\/td>\n<td><\/td>\n<td><\/td>\n<\/tr>\n<tr>\n<td>\u0625\u0644 \u0625\u0633 \u0622\u0631 \u0625\u0646 10<\/td>\n<td>4&#8243;<\/td>\n<\/tr>\n<\/tbody>\n<\/table>\n<p>&nbsp;<\/p>\n<h3>\u0635.<\/h3>\n<table class=\"table table-bordered table-striped\">\n<thead>\n<tr>\n<td>PG (\u0627\u0644\u0643\u0648\u062f)<\/td>\n<td>PG (\u062e\u064a\u0637 AG)<\/td>\n<td>\u0637\u0648\u0644 \u062f\u0648\u0627\u0645\u0629<\/td>\n<td>\u062c\u064a \u0625\u0644 \u0645\u0645<\/td>\n<td>\u0628 \u0645\u0645<\/td>\n<td>\u062c \u0645\u0645<\/td>\n<\/tr>\n<\/thead>\n<tbody>\n<tr>\n<td>\u0644\u0633\u0631\u062f\u0628 00<\/td>\n<td>\u0635\u0641\u062d\u0629 7<\/td>\n<td>10 &#8211; 1\/4&#8243;<\/td>\n<td>10<\/td>\n<td>20<\/td>\n<td>22<\/td>\n<\/tr>\n<tr>\n<td>\u0625\u0644 \u0625\u0633 \u0622\u0631 \u062f\u064a \u0628\u064a 1 \u0623<\/td>\n<td>\u0635\u0641\u062d\u0629 9<\/td>\n<td>12 &#8211; 1\/4&#8243;<\/td>\n<td>10<\/td>\n<td>20<\/td>\n<td>22<\/td>\n<\/tr>\n<tr>\n<td>\u0644\u0633\u0631\u062f\u0628 01<\/td>\n<td>\u0635\u0641\u062d\u0629 11<\/td>\n<td>13 &#8211; 3\/8&#8243;<\/td>\n<td>11,5<\/td>\n<td>24<\/td>\n<td>26<\/td>\n<\/tr>\n<tr>\n<td>\u0625\u0644 \u0625\u0633 \u0622\u0631 \u062f\u064a \u0628\u064a 2 \u0623<\/td>\n<td>\u062c\u064a \u0628\u064a 13.5<\/td>\n<td>16 &#8211; 1\/2&#8243;<\/td>\n<td>13<\/td>\n<td>27<\/td>\n<td>29<\/td>\n<\/tr>\n<tr>\n<td>\u0644\u0633\u0631\u062f\u0628 02<\/td>\n<td>\u0635\u0641\u062d\u0629 16<\/td>\n<td>16 &#8211; 1\/2&#8243;<\/td>\n<td>13<\/td>\n<td>27<\/td>\n<td>29<\/td>\n<\/tr>\n<tr>\n<td>\u0644\u0633\u0631\u062f\u0628 03<\/td>\n<td>\u0627\u0644\u0635\u0641\u062d\u0629 21<\/td>\n<td>21 &#8211; 3\/4&#8243;<\/td>\n<td>15<\/td>\n<td>33<\/td>\n<td>35<\/td>\n<\/tr>\n<tr>\n<td>\u0625\u0644 \u0625\u0633 \u0622\u0631 \u062f\u064a \u0628\u064a 04<\/td>\n<td>\u0635\u0641\u062d\u0629 29<\/td>\n<td>26 &#8211; 1&#8243;<\/td>\n<td>15<\/td>\n<td>43<\/td>\n<td>45<\/td>\n<\/tr>\n<tr>\n<td>\u0644\u0633\u0631\u062f\u0628 05<\/td>\n<td>\u0635\u0641\u062d\u0629 36<\/td>\n<td>35 &#8211; 1 1\/4&#8243;<\/td>\n<td>16<\/td>\n<td>52<\/td>\n<td>54<\/td>\n<\/tr>\n<tr>\n<td>\u0644\u0633\u0631\u062f\u0628 06<\/td>\n<td>\u0635\u0641\u062d\u0629 42<\/td>\n<td>40 &#8211; 1 1\/2&#8243;<\/td>\n<td>18<\/td>\n<td>60<\/td>\n<td>63<\/td>\n<\/tr>\n<tr>\n<td>\u0644\u0633\u0631\u062f\u0628 07<\/td>\n<td>\u0635\u0641\u062d\u0629 48<\/td>\n<td>51 &#8211; 2&#8243;<\/td>\n<td>20<\/td>\n<td>74<\/td>\n<td>77<\/td>\n<\/tr>\n<\/tbody>\n<\/table>","protected":false},"excerpt":{"rendered":"<h3>\u0635\u0641\u0627\u062a<\/h3>\n<table>\n<tbody>\n<tr>\n<td><strong>\u063a\u0637\u0627\u0621 \u0645\u062d\u0631\u0643 \u0627\u0644\u0633\u064a\u0627\u0631\u0629<\/strong><\/td>\n<td>\u0627\u0644\u0646\u064a\u0643\u0644 \u0648\u0627\u0644\u0646\u062d\u0627\u0633 \u0627\u0644\u0645\u0637\u0644\u064a<\/td>\n<\/tr>\n<tr>\n<td><strong>\u062e\u062a\u0645 \u0637\u0648\u0642\u0627<\/strong><\/td>\n<td>\u0646\u0642\u0627\u0637 \u0627\u0644\u0628\u064a\u0639<\/td>\n<\/tr>\n<tr>\n<td><strong>\u064a\u0627 \u0627\u0644\u062f\u0627\u0626\u0631\u064a<\/strong><\/td>\n<td>\u0646\u0628\u0631<\/td>\n<\/tr>\n<tr>\n<td><strong>\u0636\u064a\u0642<\/strong><\/td>\n<td>IP67<\/td>\n<\/tr>\n<tr>\n<td><strong>\u062f\u0631\u062c\u0629 \u062d\u0631\u0627\u0631\u0629 \u0627\u0644\u0639\u0645\u0644 \u0627\u0644\u0645\u0633\u062a\u0645\u0631<\/strong><\/td>\n<td>-20 \u062f\u0631\u062c\u0629 \u0645\u0626\u0648\u064a\u0629 +80 \u062f\u0631\u062c\u0629 \u0645\u0626\u0648\u064a\u0629<\/td>\n<\/tr>\n<\/tbody>\n<\/table>","protected":false},"featured_media":1734,"template":"","meta":{"_kad_blocks_custom_css":"","_kad_blocks_head_custom_js":"","_kad_blocks_body_custom_js":"","_kad_blocks_footer_custom_js":"","_kadence_starter_templates_imported_post":false,"_kad_post_transparent":"default","_kad_post_title":"","_kad_post_layout":"default","_kad_post_sidebar_id":"","_kad_post_content_style":"default","_kad_post_vertical_padding":"default","_kad_post_feature":"","_kad_post_feature_position":"","_kad_post_header":false,"_kad_post_footer":false},"product_cat":[68,71],"product_tag":[],"class_list":{"0":"post-1708","1":"product","2":"type-product","3":"status-publish","4":"has-post-thumbnail","6":"product_cat-tubos-flexibles-racores-y-accesorios","7":"product_cat-racores-y-accesorios-metalicos","9":"first","10":"instock","11":"shipping-taxable","12":"product-type-simple","13":"entry","14":"content-bg","15":"loop-entry"},"yoast_head":"<!-- This site is optimized with the Yoast SEO plugin v21.7 - https:\/\/yoast.com\/wordpress\/plugins\/seo\/ -->\n<title>Racor Giratorio LIQUID TIGHT Met\u00e1lico IP-67 - Fleximat<\/title>\n<meta name=\"robots\" content=\"index, follow, max-snippet:-1, max-image-preview:large, max-video-preview:-1\" \/>\n<link rel=\"canonical\" href=\"https:\/\/www.fleximat.es\/ar\/produto\/racor-giratorio-liquid-tight-metalico-ip-67\/\" \/>\n<meta property=\"og:locale\" content=\"ar_AR\" \/>\n<meta property=\"og:type\" content=\"article\" \/>\n<meta property=\"og:title\" content=\"Racor Giratorio LIQUID TIGHT Met\u00e1lico IP-67 - Fleximat\" \/>\n<meta property=\"og:description\" content=\"Caracter\u00edsticas    Sombrerete Lat\u00f3n Niquelado   Junta de sellado TPV   Junta t\u00f3rica NBR   Estanqueidad IP67   Temperatura de trabajo continua -20 \u00baC +80 \u00baC\" \/>\n<meta property=\"og:url\" content=\"https:\/\/www.fleximat.es\/ar\/produto\/racor-giratorio-liquid-tight-metalico-ip-67\/\" \/>\n<meta property=\"og:site_name\" content=\"Fleximat\" \/>\n<meta property=\"article:modified_time\" content=\"2023-10-25T07:19:39+00:00\" \/>\n<meta property=\"og:image\" content=\"https:\/\/www.fleximat.es\/wp-content\/uploads\/2023\/10\/th_crop_1572364604racor-liquid-tight-macho-fijo.jpg\" \/>\n\t<meta property=\"og:image:width\" content=\"600\" \/>\n\t<meta property=\"og:image:height\" content=\"600\" \/>\n\t<meta property=\"og:image:type\" content=\"image\/jpeg\" \/>\n<meta name=\"twitter:card\" content=\"summary_large_image\" \/>\n<meta name=\"twitter:label1\" content=\"\u0648\u0642\u062a \u0627\u0644\u0642\u0631\u0627\u0621\u0629 \u0627\u0644\u0645\u064f\u0642\u062f\u0651\u0631\" \/>\n\t<meta name=\"twitter:data1\" content=\"\u062f\u0642\u064a\u0642\u0629 \u0648\u0627\u062d\u062f\u0629\" \/>\n<script type=\"application\/ld+json\" class=\"yoast-schema-graph\">{\"@context\":\"https:\/\/schema.org\",\"@graph\":[{\"@type\":\"WebPage\",\"@id\":\"https:\/\/www.fleximat.es\/pt\/produto\/racor-giratorio-liquid-tight-metalico-ip-67\/\",\"url\":\"https:\/\/www.fleximat.es\/pt\/produto\/racor-giratorio-liquid-tight-metalico-ip-67\/\",\"name\":\"Racor Giratorio LIQUID TIGHT Met\u00e1lico IP-67 - Fleximat\",\"isPartOf\":{\"@id\":\"https:\/\/www.fleximat.es\/bn\/#website\"},\"datePublished\":\"2023-10-18T15:54:04+00:00\",\"dateModified\":\"2023-10-25T07:19:39+00:00\",\"breadcrumb\":{\"@id\":\"https:\/\/www.fleximat.es\/pt\/produto\/racor-giratorio-liquid-tight-metalico-ip-67\/#breadcrumb\"},\"inLanguage\":\"ar\",\"potentialAction\":[{\"@type\":\"ReadAction\",\"target\":[\"https:\/\/www.fleximat.es\/pt\/produto\/racor-giratorio-liquid-tight-metalico-ip-67\/\"]}]},{\"@type\":\"BreadcrumbList\",\"@id\":\"https:\/\/www.fleximat.es\/pt\/produto\/racor-giratorio-liquid-tight-metalico-ip-67\/#breadcrumb\",\"itemListElement\":[{\"@type\":\"ListItem\",\"position\":1,\"name\":\"Portada\",\"item\":\"https:\/\/www.fleximat.es\/\"},{\"@type\":\"ListItem\",\"position\":2,\"name\":\"Productos\",\"item\":\"https:\/\/www.fleximat.es\/en\/productos\/\"},{\"@type\":\"ListItem\",\"position\":3,\"name\":\"Racor Giratorio LIQUID TIGHT Met\u00e1lico IP-67\"}]},{\"@type\":\"WebSite\",\"@id\":\"https:\/\/www.fleximat.es\/bn\/#website\",\"url\":\"https:\/\/www.fleximat.es\/bn\/\",\"name\":\"Fleximat\",\"description\":\"Tu soluci\u00f3n en prensaestopas y tubos flexibles\",\"publisher\":{\"@id\":\"https:\/\/www.fleximat.es\/bn\/#organization\"},\"potentialAction\":[{\"@type\":\"SearchAction\",\"target\":{\"@type\":\"EntryPoint\",\"urlTemplate\":\"https:\/\/www.fleximat.es\/bn\/?s={search_term_string}\"},\"query-input\":\"required name=search_term_string\"}],\"inLanguage\":\"ar\"},{\"@type\":\"Organization\",\"@id\":\"https:\/\/www.fleximat.es\/bn\/#organization\",\"name\":\"Fleximat\",\"url\":\"https:\/\/www.fleximat.es\/bn\/\",\"logo\":{\"@type\":\"ImageObject\",\"inLanguage\":\"ar\",\"@id\":\"https:\/\/www.fleximat.es\/bn\/#\/schema\/logo\/image\/\",\"url\":\"https:\/\/www.fleximat.es\/wp-content\/uploads\/2023\/11\/fleximat-logo-1.png\",\"contentUrl\":\"https:\/\/www.fleximat.es\/wp-content\/uploads\/2023\/11\/fleximat-logo-1.png\",\"width\":1169,\"height\":289,\"caption\":\"Fleximat\"},\"image\":{\"@id\":\"https:\/\/www.fleximat.es\/bn\/#\/schema\/logo\/image\/\"}}]}<\/script>\n<!-- \/ Yoast SEO plugin. -->","yoast_head_json":{"title":"Racor Giratorio LIQUID TIGHT Met\u00e1lico IP-67 - Fleximat","robots":{"index":"index","follow":"follow","max-snippet":"max-snippet:-1","max-image-preview":"max-image-preview:large","max-video-preview":"max-video-preview:-1"},"canonical":"https:\/\/www.fleximat.es\/ar\/produto\/racor-giratorio-liquid-tight-metalico-ip-67\/","og_locale":"ar_AR","og_type":"article","og_title":"Racor Giratorio LIQUID TIGHT Met\u00e1lico IP-67 - Fleximat","og_description":"Caracter\u00edsticas    Sombrerete Lat\u00f3n Niquelado   Junta de sellado TPV   Junta t\u00f3rica NBR   Estanqueidad IP67   Temperatura de trabajo continua -20 \u00baC +80 \u00baC","og_url":"https:\/\/www.fleximat.es\/ar\/produto\/racor-giratorio-liquid-tight-metalico-ip-67\/","og_site_name":"Fleximat","article_modified_time":"2023-10-25T07:19:39+00:00","og_image":[{"width":600,"height":600,"url":"https:\/\/www.fleximat.es\/wp-content\/uploads\/2023\/10\/th_crop_1572364604racor-liquid-tight-macho-fijo.jpg","type":"image\/jpeg"}],"twitter_card":"summary_large_image","twitter_misc":{"\u0648\u0642\u062a \u0627\u0644\u0642\u0631\u0627\u0621\u0629 \u0627\u0644\u0645\u064f\u0642\u062f\u0651\u0631":"\u062f\u0642\u064a\u0642\u0629 \u0648\u0627\u062d\u062f\u0629"},"schema":{"@context":"https:\/\/schema.org","@graph":[{"@type":"WebPage","@id":"https:\/\/www.fleximat.es\/pt\/produto\/racor-giratorio-liquid-tight-metalico-ip-67\/","url":"https:\/\/www.fleximat.es\/pt\/produto\/racor-giratorio-liquid-tight-metalico-ip-67\/","name":"Racor Giratorio LIQUID TIGHT Met\u00e1lico IP-67 - Fleximat","isPartOf":{"@id":"https:\/\/www.fleximat.es\/bn\/#website"},"datePublished":"2023-10-18T15:54:04+00:00","dateModified":"2023-10-25T07:19:39+00:00","breadcrumb":{"@id":"https:\/\/www.fleximat.es\/pt\/produto\/racor-giratorio-liquid-tight-metalico-ip-67\/#breadcrumb"},"inLanguage":"ar","potentialAction":[{"@type":"ReadAction","target":["https:\/\/www.fleximat.es\/pt\/produto\/racor-giratorio-liquid-tight-metalico-ip-67\/"]}]},{"@type":"BreadcrumbList","@id":"https:\/\/www.fleximat.es\/pt\/produto\/racor-giratorio-liquid-tight-metalico-ip-67\/#breadcrumb","itemListElement":[{"@type":"ListItem","position":1,"name":"Portada","item":"https:\/\/www.fleximat.es\/"},{"@type":"ListItem","position":2,"name":"Productos","item":"https:\/\/www.fleximat.es\/en\/productos\/"},{"@type":"ListItem","position":3,"name":"Racor Giratorio LIQUID TIGHT Met\u00e1lico IP-67"}]},{"@type":"WebSite","@id":"https:\/\/www.fleximat.es\/bn\/#website","url":"https:\/\/www.fleximat.es\/bn\/","name":"Fleximat","description":"Tu soluci\u00f3n en prensaestopas y tubos flexibles","publisher":{"@id":"https:\/\/www.fleximat.es\/bn\/#organization"},"potentialAction":[{"@type":"SearchAction","target":{"@type":"EntryPoint","urlTemplate":"https:\/\/www.fleximat.es\/bn\/?s={search_term_string}"},"query-input":"required name=search_term_string"}],"inLanguage":"ar"},{"@type":"Organization","@id":"https:\/\/www.fleximat.es\/bn\/#organization","name":"Fleximat","url":"https:\/\/www.fleximat.es\/bn\/","logo":{"@type":"ImageObject","inLanguage":"ar","@id":"https:\/\/www.fleximat.es\/bn\/#\/schema\/logo\/image\/","url":"https:\/\/www.fleximat.es\/wp-content\/uploads\/2023\/11\/fleximat-logo-1.png","contentUrl":"https:\/\/www.fleximat.es\/wp-content\/uploads\/2023\/11\/fleximat-logo-1.png","width":1169,"height":289,"caption":"Fleximat"},"image":{"@id":"https:\/\/www.fleximat.es\/bn\/#\/schema\/logo\/image\/"}}]}},"taxonomy_info":{"product_cat":[{"value":68,"label":"Tubos flexibles, racores y accesorios"},{"value":71,"label":"Racores y accesorios met\u00e1licos"}]},"featured_image_src_large":["https:\/\/www.fleximat.es\/wp-content\/uploads\/2023\/10\/th_crop_1572364604racor-liquid-tight-macho-fijo.jpg",600,600,false],"author_info":[],"comment_info":"","_links":{"self":[{"href":"https:\/\/www.fleximat.es\/ar\/wp-json\/wp\/v2\/product\/1708"}],"collection":[{"href":"https:\/\/www.fleximat.es\/ar\/wp-json\/wp\/v2\/product"}],"about":[{"href":"https:\/\/www.fleximat.es\/ar\/wp-json\/wp\/v2\/types\/product"}],"wp:featuredmedia":[{"embeddable":true,"href":"https:\/\/www.fleximat.es\/ar\/wp-json\/wp\/v2\/media\/1734"}],"wp:attachment":[{"href":"https:\/\/www.fleximat.es\/ar\/wp-json\/wp\/v2\/media?parent=1708"}],"wp:term":[{"taxonomy":"product_cat","embeddable":true,"href":"https:\/\/www.fleximat.es\/ar\/wp-json\/wp\/v2\/product_cat?post=1708"},{"taxonomy":"product_tag","embeddable":true,"href":"https:\/\/www.fleximat.es\/ar\/wp-json\/wp\/v2\/product_tag?post=1708"}],"curies":[{"name":"wp","href":"https:\/\/api.w.org\/{rel}","templated":true}]}}