{"id":1773,"date":"2023-10-18T17:54:29","date_gmt":"2023-10-18T15:54:29","guid":{"rendered":"https:\/\/www.fleximat.es\/?post_type=product&#038;p=1773"},"modified":"2023-12-04T17:56:47","modified_gmt":"2023-12-04T16:56:47","slug":"prensaestopas-atex-para-cable-armado-una-compresion-acg","status":"publish","type":"product","link":"https:\/\/www.fleximat.es\/ar\/product\/prensaestopas-atex-para-cable-armado-una-compresion-acg\/","title":{"rendered":"\u0648\u0635\u0644\u0629 \u0643\u0627\u0628\u0644 ATEX \u0644\u0644\u0643\u0627\u0628\u0644 \u0627\u0644\u0645\u062f\u0631\u0639 (\u0636\u063a\u0637 \u0648\u0627\u062d\u062f) ACG"},"content":{"rendered":"<h3>\u0648\u0635\u0641 \u0627\u0644\u0645\u0646\u062a\u062c<\/h3>\n<p>\u0628\u0627\u0644\u0646\u0633\u0628\u0629 \u0644\u062c\u0645\u064a\u0639 \u0627\u0644\u0643\u0627\u0628\u0644\u0627\u062a \u0627\u0644\u0645\u062f\u0631\u0639\u0629\u060c \u064a\u0648\u062c\u062f \u0646\u0648\u0639 \u062e\u0627\u0635 \u0645\u0646 \u0648\u0635\u0644\u0629 \u0643\u0627\u0628\u0644 ATEX \u0645\u0642\u0627\u0631\u0646\u0629 \u0628\u0627\u0644\u0625\u0635\u062f\u0627\u0631 \u0627\u0644\u0642\u064a\u0627\u0633\u064a<\/p>\n<p><span style=\"font-weight: 400;\">\u062a\u0639\u062a\u0628\u0631 \u063a\u062f\u062f \u0643\u0628\u0644\u0627\u062a ATEX \u0646\u0648\u0639\u064b\u0627 \u0645\u0646 \u063a\u062f\u062f \u0643\u0628\u0644\u0627\u062a \u0627\u0644\u062d\u0645\u0627\u064a\u0629 \u0627\u0644\u0645\u062a\u0632\u0627\u064a\u062f\u0629 \u0627\u0644\u062e\u0627\u0635\u0629 \u0644\u0644\u0628\u064a\u0626\u0627\u062a \u0627\u0644\u062e\u0637\u0631\u0629 \u0627\u0644\u0645\u0635\u0646\u0641\u0629. \u0639\u0627\u062f\u0629 \u0645\u0627 \u062a\u0643\u0648\u0646 \u0645\u0635\u0646\u0648\u0639\u0629 \u0645\u0646 \u0627\u0644\u0646\u062d\u0627\u0633 \u0627\u0644\u0645\u0637\u0644\u064a \u0628\u0627\u0644\u0646\u064a\u0643\u0644 \u0623\u0648 \u0627\u0644\u0641\u0648\u0644\u0627\u0630 \u0627\u0644\u0645\u0642\u0627\u0648\u0645 \u0644\u0644\u0635\u062f\u0623 <\/span><span style=\"font-weight: 400;\">.<\/span><\/p>\n<p>\u0628\u0627\u0644\u0646\u0633\u0628\u0629 \u0644\u0644\u062a\u0637\u0628\u064a\u0642\u0627\u062a \u0627\u0644\u062e\u0627\u0635\u0629 \u0627\u0644\u062a\u064a \u0642\u062f \u062a\u0639\u0627\u0646\u064a \u0641\u064a\u0647\u0627 \u0627\u0644\u0643\u0627\u0628\u0644\u0627\u062a\u060c \u0642\u0645\u0646\u0627 \u0628\u062a\u0635\u0645\u064a\u0645\u0647\u0627 <span style=\"font-weight: 400;\">\u063a\u062f\u0629 \u0643\u0627\u0628\u0644 ATEX.<\/span><\/p>\n<p>\u062a\u062a\u0637\u0644\u0628 \u0627\u0644\u0643\u0627\u0628\u0644\u0627\u062a \u0627\u0644\u0645\u062f\u0631\u0639\u0629 \u062a\u0635\u0645\u064a\u0645\u064b\u0627 \u0645\u062e\u062a\u0644\u0641\u064b\u0627 \u0648\u0645\u0632\u064a\u062f\u064b\u0627 \u0645\u0646 \u0627\u0644\u062d\u0645\u0627\u064a\u0629.<\/p>\n<table class=\"table table-bordered table-striped\">\n<thead>\n<tr>\n<td>\u0645\u0642\u0627\u0633<\/td>\n<td>\u0634\u0641\u0631\u0629<\/td>\n<td>\u0627\u0644\u062e\u064a\u0637 \u0627\u0644\u0642\u064a\u0627\u0633\u064a<\/td>\n<td>\u0645\u0648\u0636\u0648\u0639 \u0645\u062a\u0631\u064a<\/td>\n<td>\u0645\u0648\u0636\u0648\u0639 \u0645\u0639\u0627\u0647\u062f\u0629 \u062d\u0638\u0631 \u0627\u0644\u0627\u0646\u062a\u0634\u0627\u0631 \u0627\u0644\u0646\u0648\u0648\u064a<\/td>\n<td>\u0625\u0644\u0649 \u0627\u0644\u062d\u062f \u0627\u0644\u0623\u062f\u0646\u0649<\/td>\n<td>\u0628 \u062f\u0642\u064a\u0642\u0629<\/td>\n<td>\u0628 \u0645\u0627\u0643\u0633<\/td>\n<td>\u00d8 \u062f (\u0645\u0633\u0644\u062d) \u062f\u0642\u064a\u0642\u0629<\/td>\n<td>\u00d8 \u062f (\u0645\u0633\u0644\u062d) \u0645\u0627\u0643\u0633<\/td>\n<td>\u062c\u064a \u0625\u0644 \u0645\u0645<\/td>\n<td>\u0645\u0645<\/td>\n<\/tr>\n<\/thead>\n<tbody>\n<tr>\n<td colspan=\"3\">16<\/td>\n<td>ACGXX\/16\/X<\/td>\n<td>M16x1.5<\/td>\n<td>1\/2&#8243;<\/td>\n<td colspan=\"2\">\u06359<\/td>\n<td>8,6<\/td>\n<td>6,1<\/td>\n<td>13,2<\/td>\n<td>0,8<\/td>\n<td>1,0<\/td>\n<td>15<\/td>\n<td>24<\/td>\n<\/tr>\n<tr>\n<td colspan=\"3\">20ss<\/td>\n<td>ACGXX\/20ss\/X<\/td>\n<td>M20ssx1.5<\/td>\n<td>1\/2&#8243;<\/td>\n<td colspan=\"2\">PG11ss<\/td>\n<td>8,6<\/td>\n<td>6,1<\/td>\n<td>13,2<\/td>\n<td>0,8<\/td>\n<td>1,0<\/td>\n<td>15<\/td>\n<td>24<\/td>\n<\/tr>\n<tr>\n<td colspan=\"3\">\u0627\u0644\u0639\u0634\u0631\u064a\u0646\u0627\u062a<\/td>\n<td>ACGXX\/20s\/X<\/td>\n<td>M20sx1.5<\/td>\n<td>1\/2&#8243;<\/td>\n<td colspan=\"2\">PG11s<\/td>\n<td>11,6<\/td>\n<td>9,5<\/td>\n<td>15,9<\/td>\n<td>0,8<\/td>\n<td>1,25<\/td>\n<td>15<\/td>\n<td>24<\/td>\n<\/tr>\n<tr>\n<td colspan=\"3\">20<\/td>\n<td>ACGXX\/20\/X<\/td>\n<td>M20x1.5<\/td>\n<td>1\/2&#8243;<\/td>\n<td colspan=\"2\">PG13.5<\/td>\n<td>13,9<\/td>\n<td>12,5<\/td>\n<td>20,9<\/td>\n<td>0,8<\/td>\n<td>1,25<\/td>\n<td>15<\/td>\n<td>30<\/td>\n<\/tr>\n<tr>\n<td colspan=\"3\">25 \u062b\u0627\u0646\u064a\u0629<\/td>\n<td>ACGXX\/25s\/X<\/td>\n<td>M25sx1.5<\/td>\n<td>3\/4&#8243;<\/td>\n<td colspan=\"2\">PG21s<\/td>\n<td>19,9<\/td>\n<td>14<\/td>\n<td>22<\/td>\n<td>1,25<\/td>\n<td>1,60<\/td>\n<td>15<\/td>\n<td>38<\/td>\n<\/tr>\n<tr>\n<td colspan=\"3\">25<\/td>\n<td>ACGXX\/25\/X<\/td>\n<td>M25x1.5<\/td>\n<td>3\/4&#8243;<\/td>\n<td colspan=\"2\">PG21<\/td>\n<td>19,9<\/td>\n<td>18,2<\/td>\n<td>26,2<\/td>\n<td>1,25<\/td>\n<td>1,60<\/td>\n<td>15<\/td>\n<td>38<\/td>\n<\/tr>\n<tr>\n<td colspan=\"3\">32<\/td>\n<td>ACGXX\/32\/X<\/td>\n<td>M32x1.5<\/td>\n<td>1&#8243;<\/td>\n<td colspan=\"2\">\u063529<\/td>\n<td>26,2<\/td>\n<td>23,7<\/td>\n<td>33,9<\/td>\n<td>1,6<\/td>\n<td>2,0<\/td>\n<td>15<\/td>\n<td>45<\/td>\n<\/tr>\n<tr>\n<td colspan=\"3\">40<\/td>\n<td>ACGXX\/40\/X<\/td>\n<td>M40x1.5<\/td>\n<td>11\/4&#8243;<\/td>\n<td colspan=\"2\">PG36s<\/td>\n<td>33,9<\/td>\n<td>27,9<\/td>\n<td>40,4<\/td>\n<td>1,6<\/td>\n<td>2,0<\/td>\n<td>15<\/td>\n<td>55<\/td>\n<\/tr>\n<tr>\n<td colspan=\"3\">\u0627\u0644\u062e\u0645\u0633\u064a\u0646\u064a\u0627\u062a<\/td>\n<td>ACGXX\/50s\/X<\/td>\n<td>M50sx1.5<\/td>\n<td>11\/2&#8243;<\/td>\n<td colspan=\"2\">\u063536<\/td>\n<td>38,1<\/td>\n<td>35,2<\/td>\n<td>46,7<\/td>\n<td>2,0<\/td>\n<td>2,5<\/td>\n<td>15<\/td>\n<td>60<\/td>\n<\/tr>\n<tr>\n<td colspan=\"3\">50<\/td>\n<td>\u0623\u0643\u062c\u0643\u0633\/50\/X<\/td>\n<td>\u064550x1.5<\/td>\n<td>2&#8243;<\/td>\n<td colspan=\"2\">PG42<\/td>\n<td>44,0<\/td>\n<td>40,4<\/td>\n<td>53,1<\/td>\n<td>2,0<\/td>\n<td>2,5<\/td>\n<td>15<\/td>\n<td>70<\/td>\n<\/tr>\n<tr>\n<td colspan=\"3\">63 \u062b\u0627\u0646\u064a\u0629<\/td>\n<td>\u0623\u0643\u062c\u0643\u0633\u0643\u0633\/63s\/X<\/td>\n<td>M63sx1.5<\/td>\n<td>2&#8243;<\/td>\n<td colspan=\"2\">PG48<\/td>\n<td>49,9<\/td>\n<td>45,6<\/td>\n<td>59,4<\/td>\n<td>2,0<\/td>\n<td>2,5<\/td>\n<td>15<\/td>\n<td>75<\/td>\n<\/tr>\n<tr>\n<td colspan=\"3\">63<\/td>\n<td>ACGXX\/63\/X<\/td>\n<td>\u064563x1.5<\/td>\n<td>21\/2&#8243;<\/td>\n<td colspan=\"2\">&#8211;<\/td>\n<td>55,9<\/td>\n<td>54,6<\/td>\n<td>65,9<\/td>\n<td>2,0<\/td>\n<td>2,5<\/td>\n<td>15<\/td>\n<td>80<\/td>\n<\/tr>\n<tr>\n<td colspan=\"3\">75 \u062b\u0627\u0646\u064a\u0629<\/td>\n<td>ACGXX\/75s\/X<\/td>\n<td>M75sx1.5<\/td>\n<td>21\/2&#8243;<\/td>\n<td colspan=\"2\">&#8211;<\/td>\n<td>61,9<\/td>\n<td>59<\/td>\n<td>72,1<\/td>\n<td>2,0<\/td>\n<td>2,5<\/td>\n<td>15<\/td>\n<td>90<\/td>\n<\/tr>\n<tr>\n<td colspan=\"3\">75<\/td>\n<td>ACGXX\/75\/X<\/td>\n<td>\u064575x1.5<\/td>\n<td>3&#8243;<\/td>\n<td colspan=\"2\">&#8211;<\/td>\n<td>67,9<\/td>\n<td>66,7<\/td>\n<td>78,5<\/td>\n<td>2,5<\/td>\n<td>3,0<\/td>\n<td>15<\/td>\n<td>100<\/td>\n<\/tr>\n<tr>\n<td colspan=\"3\">90<\/td>\n<td>\u0623\u0643\u062c\u0643\u0633\/90\/X<\/td>\n<td>M90x2.0<\/td>\n<td>3&#8243;<\/td>\n<td colspan=\"2\">&#8211;<\/td>\n<td>79,9<\/td>\n<td>76,2<\/td>\n<td>90,4<\/td>\n<td>3,0<\/td>\n<td>3,5<\/td>\n<td>15<\/td>\n<td>115<\/td>\n<\/tr>\n<tr>\n<td colspan=\"3\">100<\/td>\n<td>\u0623\u0643\u062c\u0643\u0633\/100\/X<\/td>\n<td>M100x2.0<\/td>\n<td>&#8211;<\/td>\n<td colspan=\"2\">&#8211;<\/td>\n<td>90<\/td>\n<td>86,1<\/td>\n<td>101,5<\/td>\n<td>3,15<\/td>\n<td>4,0<\/td>\n<td>15<\/td>\n<td>123<\/td>\n<\/tr>\n<tr>\n<td colspan=\"3\">115<\/td>\n<td>ACGXX\/115\/X<\/td>\n<td>M115x2.0<\/td>\n<td>&#8211;<\/td>\n<td colspan=\"2\">&#8211;<\/td>\n<td>97,9<\/td>\n<td>101,5<\/td>\n<td>110,3<\/td>\n<td>3,15<\/td>\n<td>4,0<\/td>\n<td>15<\/td>\n<td>133<\/td>\n<\/tr>\n<tr>\n<td colspan=\"3\">130<\/td>\n<td>ACGXX\/130\/X<\/td>\n<td>M130x2.0<\/td>\n<td>&#8211;<\/td>\n<td colspan=\"2\">&#8211;<\/td>\n<td>11,4<\/td>\n<td>114,2<\/td>\n<td>123,3<\/td>\n<td>3,15<\/td>\n<td>4,0<\/td>\n<td>15<\/td>\n<td>146<\/td>\n<\/tr>\n<\/tbody>\n<\/table>","protected":false},"excerpt":{"rendered":"<h3>\u0635\u0641\u0627\u062a<\/h3>\n<table>\n<tbody>\n<tr>\n<td><strong>\u0645\u0633\u062a\u0648\u0649 \u0627\u0644\u062d\u0645\u0627\u064a\u0629<\/strong><\/td>\n<td>:<\/td>\n<td>II 2G Ex eb IIC Gb II 2D Ex tb IIIC Db<\/td>\n<\/tr>\n<tr>\n<td><strong>\u0634\u0647\u0627\u062f\u0629\u00a0<\/strong><\/td>\n<td>:<\/td>\n<td>IEP 20 ATEX 0750 X ATEX\u060c ROHS\u060c CE\u060c PT\u060c TUV<\/td>\n<\/tr>\n<tr>\n<td><strong>\u062c\u0633\u0645<\/strong><\/td>\n<td>:<\/td>\n<td>\u0645\u0627\u062f\u0629 \u0627\u0644\u0628\u0648\u0644\u064a \u0623\u0645\u064a\u062f PA6<\/td>\n<\/tr>\n<tr>\n<td><strong>\u062e\u064a\u0637<\/strong><\/td>\n<td>:<\/td>\n<td>\u0628\u063a (\u062f\u064a\u0646 40430)<\/td>\n<\/tr>\n<tr>\n<td><strong>\u0644\u0648\u0646<\/strong><\/td>\n<td>:<\/td>\n<td>\u0623\u0632\u0631\u0642 (RAL 5012)<\/td>\n<\/tr>\n<tr>\n<td><strong>\u0645\u0639\u064a\u0627\u0631<\/strong><\/td>\n<td>:<\/td>\n<td>\u0625\u0646 60079-0\u060c 60079-7\u060c 60079-31<\/td>\n<\/tr>\n<tr>\n<td><strong>\u0636\u064a\u0642<\/strong><\/td>\n<td>:<\/td>\n<td>IP68 5 \u0628\u0627\u0631<\/td>\n<\/tr>\n<tr>\n<td><strong>\u062f\u0631\u062c\u0629 \u062d\u0631\u0627\u0631\u0629 \u0627\u0644\u0639\u0645\u0644<\/strong><\/td>\n<td>:<\/td>\n<td>-30 \u062f\u0631\u062c\u0629 \u0645\u0626\u0648\u064a\u0629 +100 \u062f\u0631\u062c\u0629 \u0645\u0626\u0648\u064a\u0629<\/td>\n<\/tr>\n<tr>\n<td><strong>\u0627\u0644\u062a\u0637\u0628\u064a\u0642\u0627\u062a<\/strong><\/td>\n<td>:<\/td>\n<td>\u0627\u0644\u0645\u0646\u0637\u0642\u0629 1\u060c \u0627\u0644\u0645\u0646\u0637\u0642\u0629 2\u060c \u0627\u0644\u0645\u0646\u0637\u0642\u0629 21\u060c \u0627\u0644\u0645\u0646\u0637\u0642\u0629 22\u060c \u0645\u062c\u0645\u0648\u0639\u0629 \u0627\u0644\u063a\u0627\u0632 IIA\u060c IIB\u060c IIC<\/td>\n<\/tr>\n<\/tbody>\n<\/table>","protected":false},"featured_media":3113,"template":"","meta":{"_kad_blocks_custom_css":"","_kad_blocks_head_custom_js":"","_kad_blocks_body_custom_js":"","_kad_blocks_footer_custom_js":"","_kadence_starter_templates_imported_post":false,"_kad_post_transparent":"default","_kad_post_title":"","_kad_post_layout":"default","_kad_post_sidebar_id":"","_kad_post_content_style":"default","_kad_post_vertical_padding":"default","_kad_post_feature":"","_kad_post_feature_position":"","_kad_post_header":false,"_kad_post_footer":false},"product_cat":[84,85],"product_tag":[],"class_list":{"0":"post-1773","1":"product","2":"type-product","3":"status-publish","4":"has-post-thumbnail","6":"product_cat-prensaestopas-y-accesorios-atex","7":"product_cat-prensaestopas-atex","9":"first","10":"instock","11":"shipping-taxable","12":"product-type-simple","13":"entry","14":"content-bg","15":"loop-entry"},"yoast_head":"<!-- This site is optimized with the Yoast SEO plugin v21.7 - https:\/\/yoast.com\/wordpress\/plugins\/seo\/ -->\n<title>Prensaestopas ATEX para cable armado (Una compresi\u00f3n) ACG - Fleximat<\/title>\n<meta name=\"robots\" content=\"index, follow, max-snippet:-1, max-image-preview:large, max-video-preview:-1\" \/>\n<link rel=\"canonical\" href=\"https:\/\/www.fleximat.es\/ar\/product\/prensaestopas-atex-para-cable-armado-una-compresion-acg\/\" \/>\n<meta property=\"og:locale\" content=\"ar_AR\" \/>\n<meta property=\"og:type\" content=\"article\" \/>\n<meta property=\"og:title\" content=\"Prensaestopas ATEX para cable armado (Una compresi\u00f3n) ACG - Fleximat\" \/>\n<meta property=\"og:description\" content=\"Caracter\u00edsticas    Nivel Protecci\u00f3n : II 2G Ex eb IIC Gb II 2D Ex tb IIIC Db   Certificado\u00a0 : IEP 20 ATEX 0750 X ATEX, ROHS, CE, PT, TUV   Cuerpo : Poliamida PA6   Rosca : PG (DIN 40430)   Color : Azul (RAL 5012)   Est\u00e1ndar : EN 60079-0, 60079-7, 60079-31   Estanqueidad : IP68 5 Bar   Temperatura de trabajo : -30 \u00b0C +100 \u00b0C   Aplicaciones : ZONE1, ZONE2, ZONE21, ZONE22, Gas Group IIA, IIB, IIC\" \/>\n<meta property=\"og:url\" content=\"https:\/\/www.fleximat.es\/ar\/product\/prensaestopas-atex-para-cable-armado-una-compresion-acg\/\" \/>\n<meta property=\"og:site_name\" content=\"Fleximat\" \/>\n<meta property=\"article:modified_time\" content=\"2023-12-04T16:56:47+00:00\" \/>\n<meta property=\"og:image\" content=\"https:\/\/www.fleximat.es\/wp-content\/uploads\/2023\/12\/th_crop_1571915494prensaestopas-atex-armado-1.png\" \/>\n\t<meta property=\"og:image:width\" content=\"600\" \/>\n\t<meta property=\"og:image:height\" content=\"600\" \/>\n\t<meta property=\"og:image:type\" content=\"image\/png\" \/>\n<meta name=\"twitter:card\" content=\"summary_large_image\" \/>\n<meta name=\"twitter:label1\" content=\"\u0648\u0642\u062a \u0627\u0644\u0642\u0631\u0627\u0621\u0629 \u0627\u0644\u0645\u064f\u0642\u062f\u0651\u0631\" \/>\n\t<meta name=\"twitter:data1\" content=\"\u062f\u0642\u064a\u0642\u0629 \u0648\u0627\u062d\u062f\u0629\" \/>\n<script type=\"application\/ld+json\" class=\"yoast-schema-graph\">{\"@context\":\"https:\/\/schema.org\",\"@graph\":[{\"@type\":\"WebPage\",\"@id\":\"https:\/\/www.fleximat.es\/producto\/prensaestopas-atex-para-cable-armado-una-compresion-acg\/\",\"url\":\"https:\/\/www.fleximat.es\/producto\/prensaestopas-atex-para-cable-armado-una-compresion-acg\/\",\"name\":\"Prensaestopas ATEX para cable armado (Una compresi\u00f3n) ACG - Fleximat\",\"isPartOf\":{\"@id\":\"https:\/\/www.fleximat.es\/bn\/#website\"},\"datePublished\":\"2023-10-18T15:54:29+00:00\",\"dateModified\":\"2023-12-04T16:56:47+00:00\",\"breadcrumb\":{\"@id\":\"https:\/\/www.fleximat.es\/producto\/prensaestopas-atex-para-cable-armado-una-compresion-acg\/#breadcrumb\"},\"inLanguage\":\"ar\",\"potentialAction\":[{\"@type\":\"ReadAction\",\"target\":[\"https:\/\/www.fleximat.es\/producto\/prensaestopas-atex-para-cable-armado-una-compresion-acg\/\"]}]},{\"@type\":\"BreadcrumbList\",\"@id\":\"https:\/\/www.fleximat.es\/producto\/prensaestopas-atex-para-cable-armado-una-compresion-acg\/#breadcrumb\",\"itemListElement\":[{\"@type\":\"ListItem\",\"position\":1,\"name\":\"Portada\",\"item\":\"https:\/\/www.fleximat.es\/\"},{\"@type\":\"ListItem\",\"position\":2,\"name\":\"Productos\",\"item\":\"https:\/\/www.fleximat.es\/en\/productos\/\"},{\"@type\":\"ListItem\",\"position\":3,\"name\":\"Prensaestopas ATEX para cable armado (Una compresi\u00f3n) ACG\"}]},{\"@type\":\"WebSite\",\"@id\":\"https:\/\/www.fleximat.es\/bn\/#website\",\"url\":\"https:\/\/www.fleximat.es\/bn\/\",\"name\":\"Fleximat\",\"description\":\"Tu soluci\u00f3n en prensaestopas y tubos flexibles\",\"publisher\":{\"@id\":\"https:\/\/www.fleximat.es\/bn\/#organization\"},\"potentialAction\":[{\"@type\":\"SearchAction\",\"target\":{\"@type\":\"EntryPoint\",\"urlTemplate\":\"https:\/\/www.fleximat.es\/bn\/?s={search_term_string}\"},\"query-input\":\"required name=search_term_string\"}],\"inLanguage\":\"ar\"},{\"@type\":\"Organization\",\"@id\":\"https:\/\/www.fleximat.es\/bn\/#organization\",\"name\":\"Fleximat\",\"url\":\"https:\/\/www.fleximat.es\/bn\/\",\"logo\":{\"@type\":\"ImageObject\",\"inLanguage\":\"ar\",\"@id\":\"https:\/\/www.fleximat.es\/bn\/#\/schema\/logo\/image\/\",\"url\":\"https:\/\/www.fleximat.es\/wp-content\/uploads\/2023\/11\/fleximat-logo-1.png\",\"contentUrl\":\"https:\/\/www.fleximat.es\/wp-content\/uploads\/2023\/11\/fleximat-logo-1.png\",\"width\":1169,\"height\":289,\"caption\":\"Fleximat\"},\"image\":{\"@id\":\"https:\/\/www.fleximat.es\/bn\/#\/schema\/logo\/image\/\"}}]}<\/script>\n<!-- \/ Yoast SEO plugin. -->","yoast_head_json":{"title":"Prensaestopas ATEX para cable armado (Una compresi\u00f3n) ACG - Fleximat","robots":{"index":"index","follow":"follow","max-snippet":"max-snippet:-1","max-image-preview":"max-image-preview:large","max-video-preview":"max-video-preview:-1"},"canonical":"https:\/\/www.fleximat.es\/ar\/product\/prensaestopas-atex-para-cable-armado-una-compresion-acg\/","og_locale":"ar_AR","og_type":"article","og_title":"Prensaestopas ATEX para cable armado (Una compresi\u00f3n) ACG - Fleximat","og_description":"Caracter\u00edsticas    Nivel Protecci\u00f3n : II 2G Ex eb IIC Gb II 2D Ex tb IIIC Db   Certificado\u00a0 : IEP 20 ATEX 0750 X ATEX, ROHS, CE, PT, TUV   Cuerpo : Poliamida PA6   Rosca : PG (DIN 40430)   Color : Azul (RAL 5012)   Est\u00e1ndar : EN 60079-0, 60079-7, 60079-31   Estanqueidad : IP68 5 Bar   Temperatura de trabajo : -30 \u00b0C +100 \u00b0C   Aplicaciones : ZONE1, ZONE2, ZONE21, ZONE22, Gas Group IIA, IIB, IIC","og_url":"https:\/\/www.fleximat.es\/ar\/product\/prensaestopas-atex-para-cable-armado-una-compresion-acg\/","og_site_name":"Fleximat","article_modified_time":"2023-12-04T16:56:47+00:00","og_image":[{"width":600,"height":600,"url":"https:\/\/www.fleximat.es\/wp-content\/uploads\/2023\/12\/th_crop_1571915494prensaestopas-atex-armado-1.png","type":"image\/png"}],"twitter_card":"summary_large_image","twitter_misc":{"\u0648\u0642\u062a \u0627\u0644\u0642\u0631\u0627\u0621\u0629 \u0627\u0644\u0645\u064f\u0642\u062f\u0651\u0631":"\u062f\u0642\u064a\u0642\u0629 \u0648\u0627\u062d\u062f\u0629"},"schema":{"@context":"https:\/\/schema.org","@graph":[{"@type":"WebPage","@id":"https:\/\/www.fleximat.es\/producto\/prensaestopas-atex-para-cable-armado-una-compresion-acg\/","url":"https:\/\/www.fleximat.es\/producto\/prensaestopas-atex-para-cable-armado-una-compresion-acg\/","name":"Prensaestopas ATEX para cable armado (Una compresi\u00f3n) ACG - Fleximat","isPartOf":{"@id":"https:\/\/www.fleximat.es\/bn\/#website"},"datePublished":"2023-10-18T15:54:29+00:00","dateModified":"2023-12-04T16:56:47+00:00","breadcrumb":{"@id":"https:\/\/www.fleximat.es\/producto\/prensaestopas-atex-para-cable-armado-una-compresion-acg\/#breadcrumb"},"inLanguage":"ar","potentialAction":[{"@type":"ReadAction","target":["https:\/\/www.fleximat.es\/producto\/prensaestopas-atex-para-cable-armado-una-compresion-acg\/"]}]},{"@type":"BreadcrumbList","@id":"https:\/\/www.fleximat.es\/producto\/prensaestopas-atex-para-cable-armado-una-compresion-acg\/#breadcrumb","itemListElement":[{"@type":"ListItem","position":1,"name":"Portada","item":"https:\/\/www.fleximat.es\/"},{"@type":"ListItem","position":2,"name":"Productos","item":"https:\/\/www.fleximat.es\/en\/productos\/"},{"@type":"ListItem","position":3,"name":"Prensaestopas ATEX para cable armado (Una compresi\u00f3n) ACG"}]},{"@type":"WebSite","@id":"https:\/\/www.fleximat.es\/bn\/#website","url":"https:\/\/www.fleximat.es\/bn\/","name":"Fleximat","description":"Tu soluci\u00f3n en prensaestopas y tubos flexibles","publisher":{"@id":"https:\/\/www.fleximat.es\/bn\/#organization"},"potentialAction":[{"@type":"SearchAction","target":{"@type":"EntryPoint","urlTemplate":"https:\/\/www.fleximat.es\/bn\/?s={search_term_string}"},"query-input":"required name=search_term_string"}],"inLanguage":"ar"},{"@type":"Organization","@id":"https:\/\/www.fleximat.es\/bn\/#organization","name":"Fleximat","url":"https:\/\/www.fleximat.es\/bn\/","logo":{"@type":"ImageObject","inLanguage":"ar","@id":"https:\/\/www.fleximat.es\/bn\/#\/schema\/logo\/image\/","url":"https:\/\/www.fleximat.es\/wp-content\/uploads\/2023\/11\/fleximat-logo-1.png","contentUrl":"https:\/\/www.fleximat.es\/wp-content\/uploads\/2023\/11\/fleximat-logo-1.png","width":1169,"height":289,"caption":"Fleximat"},"image":{"@id":"https:\/\/www.fleximat.es\/bn\/#\/schema\/logo\/image\/"}}]}},"taxonomy_info":{"product_cat":[{"value":84,"label":"Prensaestopas y accesorios ATEX"},{"value":85,"label":"Prensaestopas ATEX"}]},"featured_image_src_large":["https:\/\/www.fleximat.es\/wp-content\/uploads\/2023\/12\/th_crop_1571915494prensaestopas-atex-armado-1.png",600,600,false],"author_info":[],"comment_info":"","_links":{"self":[{"href":"https:\/\/www.fleximat.es\/ar\/wp-json\/wp\/v2\/product\/1773"}],"collection":[{"href":"https:\/\/www.fleximat.es\/ar\/wp-json\/wp\/v2\/product"}],"about":[{"href":"https:\/\/www.fleximat.es\/ar\/wp-json\/wp\/v2\/types\/product"}],"wp:featuredmedia":[{"embeddable":true,"href":"https:\/\/www.fleximat.es\/ar\/wp-json\/wp\/v2\/media\/3113"}],"wp:attachment":[{"href":"https:\/\/www.fleximat.es\/ar\/wp-json\/wp\/v2\/media?parent=1773"}],"wp:term":[{"taxonomy":"product_cat","embeddable":true,"href":"https:\/\/www.fleximat.es\/ar\/wp-json\/wp\/v2\/product_cat?post=1773"},{"taxonomy":"product_tag","embeddable":true,"href":"https:\/\/www.fleximat.es\/ar\/wp-json\/wp\/v2\/product_tag?post=1773"}],"curies":[{"name":"wp","href":"https:\/\/api.w.org\/{rel}","templated":true}]}}