{"id":1801,"date":"2023-10-18T17:54:55","date_gmt":"2023-10-18T15:54:55","guid":{"rendered":"https:\/\/www.fleximat.es\/?post_type=product&#038;p=1801"},"modified":"2023-10-25T09:07:43","modified_gmt":"2023-10-25T07:07:43","slug":"tapon-redondo-atex-to","status":"publish","type":"product","link":"https:\/\/www.fleximat.es\/ar\/product\/tapon-redondo-atex-to\/","title":{"rendered":"ATEX \u0625\u0644\u0649 \u0627\u0644\u0645\u0643\u0648\u0646\u0627\u062a \u0627\u0644\u0645\u0633\u062a\u062f\u064a\u0631\u0629"},"content":{"rendered":"<h4>\u0645\u0644\u0643\u064a\u0627\u062a<\/h4>\n<div id=\"eSelTextTrans\" dir=\"ltr\">\u0644\u062a\u0634\u062f\u064a\u062f \u0635\u0646\u0627\u062f\u064a\u0642 \u0627\u0644\u062d\u0634\u0648<\/div>\n<div dir=\"ltr\">\u064a\u062d\u062a\u0648\u064a \u0639\u0644\u0649 \u0623\u0644\u064a\u0627\u0641 \u0632\u062c\u0627\u062c\u064a\u0629 30%<\/div>\n<p>\u0645\u0642\u0627\u0648\u0645\u0629 \u0644\u0644\u0623\u0634\u0639\u0629 \u0641\u0648\u0642 \u0627\u0644\u0628\u0646\u0641\u0633\u062c\u064a\u0629. \u062e\u0627\u0644\u064a\u0629 \u0645\u0646 \u0627\u0644\u0647\u0627\u0644\u0648\u062c\u064a\u0646<\/p>\n<h3>\u0648\u0635\u0641 \u0627\u0644\u0645\u0646\u062a\u062c<\/h3>\n<p>\u0627\u0644\u0635\u0645\u0648\u0644\u0629 \u0647\u064a \u0627\u0644\u0645\u0644\u062d\u0642 \u0627\u0644\u0631\u0626\u064a\u0633\u064a \u0644\u0635\u0646\u062f\u0648\u0642 \u0627\u0644\u062d\u0634\u0648\u060c \u0641\u0647\u064a \u062a\u0639\u0645\u0644 \u0639\u0644\u0649 \u0625\u062d\u0643\u0627\u0645 \u0631\u0628\u0637\u0647\u0627 \u0648\u0628\u0627\u0644\u062a\u0627\u0644\u064a \u062a\u0648\u0641\u064a\u0631 \u0642\u062f\u0631 \u0623\u0643\u0628\u0631 \u0645\u0646 \u0627\u0644\u0623\u0645\u0627\u0646 \u0641\u064a \u0627\u0644\u0627\u062a\u0635\u0627\u0644.<\/p>\n<p>\u0627\u0644\u0635\u0648\u0627\u0645\u064a\u0644 \u0645\u062a\u0648\u0641\u0631\u0629 \u0628\u0646\u0641\u0633 \u0623\u062d\u062c\u0627\u0645 \u063a\u062f\u062f \u0627\u0644\u0643\u0627\u0628\u0644\u0627\u062a.<\/p>\n<p>\u062a\u0636\u064a\u0641 \u0635\u0648\u0627\u0645\u064a\u0644 \u0627\u0644\u0628\u0648\u0644\u064a\u0627\u0645\u064a\u062f \u0627\u0644\u0623\u0644\u064a\u0627\u0641 \u0627\u0644\u0632\u062c\u0627\u062c\u064a\u0629 30% \u0625\u0644\u0649 \u062a\u0631\u0643\u064a\u0628\u062a\u0647\u0627\u060c \u0645\u0645\u0627 \u064a\u0645\u0646\u062d\u0647\u0627 \u062e\u0635\u0627\u0626\u0635 \u0645\u0642\u0627\u0648\u0645\u0629 \u0645\u064a\u0643\u0627\u0646\u064a\u0643\u064a\u0629 \u0645\u0645\u062a\u0627\u0632\u0629.<\/p>\n<p>\u062a\u062a\u0648\u0641\u0631 \u0623\u064a\u0636\u064b\u0627 \u0635\u0648\u0627\u0645\u064a\u0644 \u0633\u062f\u0627\u0633\u064a\u0629 \u0628\u0642\u0627\u0639\u062f\u0629 \u0645\u0633\u062a\u062f\u064a\u0631\u0629.<\/p>\n<table class=\"table table-bordered table-striped\">\n<thead>\n<tr>\n<td><strong>\u0627\u0644\u062e\u064a\u0648\u0637<\/strong><\/td>\n<td><strong>\u0634\u0641\u0631\u0629<\/strong><\/td>\n<td><strong>\u0647\u0645\u0645<\/strong><\/td>\n<td><strong>\u0645\u0645<\/strong><\/td>\n<\/tr>\n<\/thead>\n<tbody>\n<tr>\n<td>\u0645 12 \u00d7 1.5<\/td>\n<td>\u0645\u0633\u0644 01<\/td>\n<td>5<\/td>\n<td>18<\/td>\n<\/tr>\n<tr>\n<td>\u0645 16 \u00d7 1.5<\/td>\n<td>\u0645\u0633\u0644 01<\/td>\n<td>5<\/td>\n<td>22<\/td>\n<\/tr>\n<tr>\n<td>\u0645 20 \u00d7 1.5<\/td>\n<td>\u0645\u0633\u0644 01<\/td>\n<td>6<\/td>\n<td>26<\/td>\n<\/tr>\n<tr>\n<td>\u0645 25 \u00d7 1.5<\/td>\n<td>\u0645\u0633\u0644 01<\/td>\n<td>6<\/td>\n<td>32<\/td>\n<\/tr>\n<tr>\n<td>\u0645 32 \u00d7 1.5<\/td>\n<td>\u0645\u0633\u0644 01<\/td>\n<td>7<\/td>\n<td>41<\/td>\n<\/tr>\n<tr>\n<td>\u0645 40 \u00d7 1.5<\/td>\n<td>\u0645\u0633\u0644 01<\/td>\n<td>7<\/td>\n<td>50<\/td>\n<\/tr>\n<tr>\n<td>\u0645 50 \u00d7 1.5<\/td>\n<td>\u0645\u0633\u0644 01<\/td>\n<td>8<\/td>\n<td>60<\/td>\n<\/tr>\n<tr>\n<td>\u0645 63 \u00d7 1.5<\/td>\n<td>\u0645\u0633\u0644 01<\/td>\n<td>8<\/td>\n<td>75<\/td>\n<\/tr>\n<\/tbody>\n<\/table>","protected":false},"excerpt":{"rendered":"<h3>\u0635\u0641\u0627\u062a<\/h3>\n<table>\n<tbody>\n<tr>\n<td><strong>\u0646\u0648\u0639 \u0645\u0648\u0636\u0648\u0639<\/strong><\/td>\n<td>\u0645\u062a\u0631\u064a \u0625\u0646 60423<\/td>\n<\/tr>\n<tr>\n<td><strong>\u062f\u0631\u062c\u0629 \u062d\u0631\u0627\u0631\u0629 \u0627\u0644\u0639\u0645\u0644 \u0627\u0644\u0645\u0633\u062a\u0645\u0631<\/strong><\/td>\n<td>-20 \u062f\u0631\u062c\u0629 \u0645\u0626\u0648\u064a\u0629 +100 \u062f\u0631\u062c\u0629 \u0645\u0626\u0648\u064a\u0629<\/td>\n<\/tr>\n<\/tbody>\n<\/table>","protected":false},"featured_media":1835,"template":"","meta":{"_kad_blocks_custom_css":"","_kad_blocks_head_custom_js":"","_kad_blocks_body_custom_js":"","_kad_blocks_footer_custom_js":"","_kadence_starter_templates_imported_post":false,"_kad_post_transparent":"default","_kad_post_title":"","_kad_post_layout":"default","_kad_post_sidebar_id":"","_kad_post_content_style":"default","_kad_post_vertical_padding":"default","_kad_post_feature":"","_kad_post_feature_position":"","_kad_post_header":false,"_kad_post_footer":false},"product_cat":[84,86],"product_tag":[],"class_list":{"0":"post-1801","1":"product","2":"type-product","3":"status-publish","4":"has-post-thumbnail","6":"product_cat-prensaestopas-y-accesorios-atex","7":"product_cat-accesorios-atex","9":"first","10":"instock","11":"shipping-taxable","12":"product-type-simple","13":"entry","14":"content-bg","15":"loop-entry"},"yoast_head":"<!-- This site is optimized with the Yoast SEO plugin v21.7 - https:\/\/yoast.com\/wordpress\/plugins\/seo\/ -->\n<title>Tap\u00f3n Redondo ATEX TO - Fleximat<\/title>\n<meta name=\"robots\" content=\"index, follow, max-snippet:-1, max-image-preview:large, max-video-preview:-1\" \/>\n<link rel=\"canonical\" href=\"https:\/\/www.fleximat.es\/ar\/product\/tapon-redondo-atex-to\/\" \/>\n<meta property=\"og:locale\" content=\"ar_AR\" \/>\n<meta property=\"og:type\" content=\"article\" \/>\n<meta property=\"og:title\" content=\"Tap\u00f3n Redondo ATEX TO - Fleximat\" \/>\n<meta property=\"og:description\" content=\"Caracter\u00edsticas    Tipo de Rosca M\u00e9trica EN 60423   Temperatura de trabajo continua -20 \u00baC +100 \u00baC\" \/>\n<meta property=\"og:url\" content=\"https:\/\/www.fleximat.es\/ar\/product\/tapon-redondo-atex-to\/\" \/>\n<meta property=\"og:site_name\" content=\"Fleximat\" \/>\n<meta property=\"article:modified_time\" content=\"2023-10-25T07:07:43+00:00\" \/>\n<meta property=\"og:image\" content=\"https:\/\/www.fleximat.es\/wp-content\/uploads\/2023\/10\/tapon-redondo-atex-to-type.jpg\" \/>\n\t<meta property=\"og:image:width\" content=\"1264\" \/>\n\t<meta property=\"og:image:height\" content=\"1034\" \/>\n\t<meta property=\"og:image:type\" content=\"image\/jpeg\" \/>\n<meta name=\"twitter:card\" content=\"summary_large_image\" \/>\n<meta name=\"twitter:label1\" content=\"\u0648\u0642\u062a \u0627\u0644\u0642\u0631\u0627\u0621\u0629 \u0627\u0644\u0645\u064f\u0642\u062f\u0651\u0631\" \/>\n\t<meta name=\"twitter:data1\" content=\"\u062f\u0642\u064a\u0642\u0629 \u0648\u0627\u062d\u062f\u0629\" \/>\n<script type=\"application\/ld+json\" class=\"yoast-schema-graph\">{\"@context\":\"https:\/\/schema.org\",\"@graph\":[{\"@type\":\"WebPage\",\"@id\":\"https:\/\/www.fleximat.es\/producto\/tapon-redondo-atex-to\/\",\"url\":\"https:\/\/www.fleximat.es\/producto\/tapon-redondo-atex-to\/\",\"name\":\"Tap\u00f3n Redondo ATEX TO - Fleximat\",\"isPartOf\":{\"@id\":\"https:\/\/www.fleximat.es\/bn\/#website\"},\"datePublished\":\"2023-10-18T15:54:55+00:00\",\"dateModified\":\"2023-10-25T07:07:43+00:00\",\"breadcrumb\":{\"@id\":\"https:\/\/www.fleximat.es\/producto\/tapon-redondo-atex-to\/#breadcrumb\"},\"inLanguage\":\"ar\",\"potentialAction\":[{\"@type\":\"ReadAction\",\"target\":[\"https:\/\/www.fleximat.es\/producto\/tapon-redondo-atex-to\/\"]}]},{\"@type\":\"BreadcrumbList\",\"@id\":\"https:\/\/www.fleximat.es\/producto\/tapon-redondo-atex-to\/#breadcrumb\",\"itemListElement\":[{\"@type\":\"ListItem\",\"position\":1,\"name\":\"Portada\",\"item\":\"https:\/\/www.fleximat.es\/\"},{\"@type\":\"ListItem\",\"position\":2,\"name\":\"Productos\",\"item\":\"https:\/\/www.fleximat.es\/en\/productos\/\"},{\"@type\":\"ListItem\",\"position\":3,\"name\":\"Tap\u00f3n Redondo ATEX TO\"}]},{\"@type\":\"WebSite\",\"@id\":\"https:\/\/www.fleximat.es\/bn\/#website\",\"url\":\"https:\/\/www.fleximat.es\/bn\/\",\"name\":\"Fleximat\",\"description\":\"Tu soluci\u00f3n en prensaestopas y tubos flexibles\",\"publisher\":{\"@id\":\"https:\/\/www.fleximat.es\/bn\/#organization\"},\"potentialAction\":[{\"@type\":\"SearchAction\",\"target\":{\"@type\":\"EntryPoint\",\"urlTemplate\":\"https:\/\/www.fleximat.es\/bn\/?s={search_term_string}\"},\"query-input\":\"required name=search_term_string\"}],\"inLanguage\":\"ar\"},{\"@type\":\"Organization\",\"@id\":\"https:\/\/www.fleximat.es\/bn\/#organization\",\"name\":\"Fleximat\",\"url\":\"https:\/\/www.fleximat.es\/bn\/\",\"logo\":{\"@type\":\"ImageObject\",\"inLanguage\":\"ar\",\"@id\":\"https:\/\/www.fleximat.es\/bn\/#\/schema\/logo\/image\/\",\"url\":\"https:\/\/www.fleximat.es\/wp-content\/uploads\/2023\/11\/fleximat-logo-1.png\",\"contentUrl\":\"https:\/\/www.fleximat.es\/wp-content\/uploads\/2023\/11\/fleximat-logo-1.png\",\"width\":1169,\"height\":289,\"caption\":\"Fleximat\"},\"image\":{\"@id\":\"https:\/\/www.fleximat.es\/bn\/#\/schema\/logo\/image\/\"}}]}<\/script>\n<!-- \/ Yoast SEO plugin. -->","yoast_head_json":{"title":"Tap\u00f3n Redondo ATEX TO - Fleximat","robots":{"index":"index","follow":"follow","max-snippet":"max-snippet:-1","max-image-preview":"max-image-preview:large","max-video-preview":"max-video-preview:-1"},"canonical":"https:\/\/www.fleximat.es\/ar\/product\/tapon-redondo-atex-to\/","og_locale":"ar_AR","og_type":"article","og_title":"Tap\u00f3n Redondo ATEX TO - Fleximat","og_description":"Caracter\u00edsticas    Tipo de Rosca M\u00e9trica EN 60423   Temperatura de trabajo continua -20 \u00baC +100 \u00baC","og_url":"https:\/\/www.fleximat.es\/ar\/product\/tapon-redondo-atex-to\/","og_site_name":"Fleximat","article_modified_time":"2023-10-25T07:07:43+00:00","og_image":[{"width":1264,"height":1034,"url":"https:\/\/www.fleximat.es\/wp-content\/uploads\/2023\/10\/tapon-redondo-atex-to-type.jpg","type":"image\/jpeg"}],"twitter_card":"summary_large_image","twitter_misc":{"\u0648\u0642\u062a \u0627\u0644\u0642\u0631\u0627\u0621\u0629 \u0627\u0644\u0645\u064f\u0642\u062f\u0651\u0631":"\u062f\u0642\u064a\u0642\u0629 \u0648\u0627\u062d\u062f\u0629"},"schema":{"@context":"https:\/\/schema.org","@graph":[{"@type":"WebPage","@id":"https:\/\/www.fleximat.es\/producto\/tapon-redondo-atex-to\/","url":"https:\/\/www.fleximat.es\/producto\/tapon-redondo-atex-to\/","name":"Tap\u00f3n Redondo ATEX TO - Fleximat","isPartOf":{"@id":"https:\/\/www.fleximat.es\/bn\/#website"},"datePublished":"2023-10-18T15:54:55+00:00","dateModified":"2023-10-25T07:07:43+00:00","breadcrumb":{"@id":"https:\/\/www.fleximat.es\/producto\/tapon-redondo-atex-to\/#breadcrumb"},"inLanguage":"ar","potentialAction":[{"@type":"ReadAction","target":["https:\/\/www.fleximat.es\/producto\/tapon-redondo-atex-to\/"]}]},{"@type":"BreadcrumbList","@id":"https:\/\/www.fleximat.es\/producto\/tapon-redondo-atex-to\/#breadcrumb","itemListElement":[{"@type":"ListItem","position":1,"name":"Portada","item":"https:\/\/www.fleximat.es\/"},{"@type":"ListItem","position":2,"name":"Productos","item":"https:\/\/www.fleximat.es\/en\/productos\/"},{"@type":"ListItem","position":3,"name":"Tap\u00f3n Redondo ATEX TO"}]},{"@type":"WebSite","@id":"https:\/\/www.fleximat.es\/bn\/#website","url":"https:\/\/www.fleximat.es\/bn\/","name":"Fleximat","description":"Tu soluci\u00f3n en prensaestopas y tubos flexibles","publisher":{"@id":"https:\/\/www.fleximat.es\/bn\/#organization"},"potentialAction":[{"@type":"SearchAction","target":{"@type":"EntryPoint","urlTemplate":"https:\/\/www.fleximat.es\/bn\/?s={search_term_string}"},"query-input":"required name=search_term_string"}],"inLanguage":"ar"},{"@type":"Organization","@id":"https:\/\/www.fleximat.es\/bn\/#organization","name":"Fleximat","url":"https:\/\/www.fleximat.es\/bn\/","logo":{"@type":"ImageObject","inLanguage":"ar","@id":"https:\/\/www.fleximat.es\/bn\/#\/schema\/logo\/image\/","url":"https:\/\/www.fleximat.es\/wp-content\/uploads\/2023\/11\/fleximat-logo-1.png","contentUrl":"https:\/\/www.fleximat.es\/wp-content\/uploads\/2023\/11\/fleximat-logo-1.png","width":1169,"height":289,"caption":"Fleximat"},"image":{"@id":"https:\/\/www.fleximat.es\/bn\/#\/schema\/logo\/image\/"}}]}},"taxonomy_info":{"product_cat":[{"value":84,"label":"Prensaestopas y accesorios ATEX"},{"value":86,"label":"Accesorios ATEX"}]},"featured_image_src_large":["https:\/\/www.fleximat.es\/wp-content\/uploads\/2023\/10\/tapon-redondo-atex-to-type-1024x838.jpg",1024,838,true],"author_info":[],"comment_info":"","_links":{"self":[{"href":"https:\/\/www.fleximat.es\/ar\/wp-json\/wp\/v2\/product\/1801"}],"collection":[{"href":"https:\/\/www.fleximat.es\/ar\/wp-json\/wp\/v2\/product"}],"about":[{"href":"https:\/\/www.fleximat.es\/ar\/wp-json\/wp\/v2\/types\/product"}],"wp:featuredmedia":[{"embeddable":true,"href":"https:\/\/www.fleximat.es\/ar\/wp-json\/wp\/v2\/media\/1835"}],"wp:attachment":[{"href":"https:\/\/www.fleximat.es\/ar\/wp-json\/wp\/v2\/media?parent=1801"}],"wp:term":[{"taxonomy":"product_cat","embeddable":true,"href":"https:\/\/www.fleximat.es\/ar\/wp-json\/wp\/v2\/product_cat?post=1801"},{"taxonomy":"product_tag","embeddable":true,"href":"https:\/\/www.fleximat.es\/ar\/wp-json\/wp\/v2\/product_tag?post=1801"}],"curies":[{"name":"wp","href":"https:\/\/api.w.org\/{rel}","templated":true}]}}