{"id":1328,"date":"2023-10-10T18:46:51","date_gmt":"2023-10-10T16:46:51","guid":{"rendered":"https:\/\/www.fleximat.es\/?page_id=1328"},"modified":"2023-11-23T10:51:40","modified_gmt":"2023-11-23T09:51:40","slug":"aviso-legal","status":"publish","type":"page","link":"https:\/\/www.fleximat.es\/bn\/aviso-legal\/","title":{"rendered":"\u0986\u0987\u09a8\u09bf \u09b8\u09a4\u09b0\u09cd\u0995\u09a4\u09be"},"content":{"rendered":"<p><strong>\u099f\u09cd\u09af\u09be\u0995\u09cd\u09b8 \u09a1\u09c7\u099f\u09be<\/strong><\/p>\n\n\n\n<ul class=\"wp-block-list\">\n<li>\u09ae\u09be\u09b2\u09bf\u0995: FLEXIMAT SL<\/li>\n\n\n\n<li>NIF: B61575379<\/li>\n\n\n\n<li>\u09a0\u09bf\u0995\u09be\u09a8\u09be: C\/ Marcel.li Massana, 20, 08206. Sabadell (Barcelona, SPAIN)<\/li>\n\n\n\n<li>\u099f\u09c7\u09b2\u09bf\u09ab\u09cb\u09a8: +34 93 724 71 70<\/li>\n<\/ul>\n\n\n\n<p><strong>\u09ac\u09cd\u09af\u0995\u09cd\u09a4\u09bf\u0997\u09a4 \u09a4\u09a5\u09cd\u09af \u09b8\u09c1\u09b0\u0995\u09cd\u09b7\u09be<\/strong><\/p>\n\n\n\n<p>\u0993\u09af\u09bc\u09c7\u09ac\u09b8\u09be\u0987\u099f\u09c7\u09b0 \u09ae\u09be\u09a7\u09cd\u09af\u09ae\u09c7 \u09b8\u0982\u0997\u09c3\u09b9\u09c0\u09a4 \u09ac\u09cd\u09af\u0995\u09cd\u09a4\u09bf\u0997\u09a4 \u09a4\u09a5\u09cd\u09af \u09b6\u09c1\u09a7\u09c1\u09ae\u09be\u09a4\u09cd\u09b0 \u0985\u09a8\u09c1\u09b0\u09cb\u09a7\u0995\u09c3\u09a4 \u09aa\u09b0\u09bf\u09b7\u09c7\u09ac\u09be \u09aa\u09cd\u09b0\u09a6\u09be\u09a8\u09c7\u09b0 \u09aa\u09be\u09b6\u09be\u09aa\u09be\u09b6\u09bf \u09a4\u09be\u09a6\u09c7\u09b0 \u09ac\u09bf\u09b2\u09bf\u0982 \u0995\u09b0\u09be\u09b0 \u0989\u09a6\u09cd\u09a6\u09c7\u09b6\u09cd\u09af\u09c7 \u09ac\u09cd\u09af\u09ac\u09b9\u09be\u09b0 \u0995\u09b0\u09be \u09b9\u09af\u09bc\u0964 \u0986\u09aa\u09a8\u09be\u09b0 \u09a1\u09c7\u099f\u09be \u09ac\u09bf\u09b2\u09bf\u0982 \u0989\u09a6\u09cd\u09a6\u09c7\u09b6\u09cd\u09af\u09c7 FLEXIMAT SL-\u098f\u09b0 \u09ae\u09be\u09b2\u09bf\u0995\u09be\u09a8\u09be\u09a7\u09c0\u09a8 \u09ab\u09be\u0987\u09b2\u0997\u09c1\u09b2\u09bf\u09a4\u09c7 \u09a5\u09be\u0995\u09ac\u09c7 \u098f\u09ac\u0982 \u0986\u0987\u09a8\u09bf\u09ad\u09be\u09ac\u09c7 \u09aa\u09cd\u09b0\u09af\u09bc\u09cb\u099c\u09a8\u09c0\u09af\u09bc \u09b8\u09ae\u09af\u09bc\u09c7\u09b0 \u099c\u09a8\u09cd\u09af \u09b8\u0982\u09b0\u0995\u09cd\u09b7\u09a3\u09be\u0997\u09be\u09b0\u09ad\u09c1\u0995\u09cd\u09a4 \u0995\u09b0\u09be \u09b9\u09ac\u09c7\u0964 \u0986\u09aa\u09a8\u09bf C\/ Marcel.li Massana, 20, 08206. Sabadell (Barcelona, SPAIN) \u098f FLEXIMAT SL-\u098f\u09b0 \u0995\u09be\u099b\u09c7 \u09b2\u09bf\u0996\u09bf\u09a4\u09ad\u09be\u09ac\u09c7 \u0986\u09aa\u09a8\u09be\u09b0 \u0985\u09cd\u09af\u09be\u0995\u09cd\u09b8\u09c7\u09b8, \u09b8\u0982\u09b6\u09cb\u09a7\u09a8, \u09ac\u09be\u09a4\u09bf\u09b2\u0995\u09b0\u09a3 \u098f\u09ac\u0982 \u09ac\u09bf\u09b0\u09cb\u09a7\u09bf\u09a4\u09be\u09b0 \u0985\u09a7\u09bf\u0995\u09be\u09b0 \u09aa\u09cd\u09b0\u09af\u09bc\u09cb\u0997 \u0995\u09b0\u09a4\u09c7 \u09aa\u09be\u09b0\u09c7\u09a8\u0964<\/p>\n\n\n\n<p><strong>\u09ac\u09cc\u09a6\u09cd\u09a7\u09bf\u0995 \u09b8\u09ae\u09cd\u09aa\u09a4\u09cd\u09a4\u09bf \u098f\u09ac\u0982 \u09ac\u09bf\u09b7\u09af\u09bc\u09ac\u09b8\u09cd\u09a4\u09c1\u09b0 \u09a6\u09be\u09af\u09bc\u09bf\u09a4\u09cd\u09ac<\/strong><\/p>\n\n\n\n<p>\u0993\u09af\u09bc\u09c7\u09ac\u09b8\u09be\u0987\u099f\u09c7\u09b0 \u09b8\u09ae\u09b8\u09cd\u09a4 \u09ac\u09bf\u09b7\u09af\u09bc\u09ac\u09b8\u09cd\u09a4\u09c1\u09b0 \u0995\u09cb\u09a8\u09cb \u09ac\u09cd\u09af\u09ac\u09b9\u09be\u09b0, \u09ac\u09bf\u09b6\u09c7\u09b7 \u0995\u09b0\u09c7 \u09aa\u09be\u09a0\u09cd\u09af, \u09a8\u0995\u09b6\u09be \u098f\u09ac\u0982 \u09b8\u09cb\u09b0\u09cd\u09b8 \u0995\u09cb\u09a1, \u098f\u09b0 \u09ae\u09be\u09b2\u09bf\u0995\u09a6\u09c7\u09b0 \u09b8\u09cd\u09aa\u09b7\u09cd\u099f \u0985\u09a8\u09c1\u09ae\u09cb\u09a6\u09a8 \u099b\u09be\u09a1\u09bc\u09be\u0987 \u09a8\u09bf\u09b7\u09bf\u09a6\u09cd\u09a7\u0964 \u09af\u09c7\u0995\u09cb\u09a8\u09cb \u0985\u09a8\u09a8\u09c1\u09ae\u09cb\u09a6\u09bf\u09a4 \u09ac\u09cd\u09af\u09ac\u09b9\u09be\u09b0 \u09ac\u09c8\u09a7 \u09ae\u09be\u09b2\u09bf\u0995\u09a6\u09c7\u09b0 \u09a6\u09cd\u09ac\u09be\u09b0\u09be \u09af\u09a5\u09be\u09af\u09a5\u09ad\u09be\u09ac\u09c7 \u09ac\u09bf\u099a\u09be\u09b0 \u0995\u09b0\u09be \u09b9\u09ac\u09c7\u0964<\/p>\n\n\n\n<p>LSSICE-\u098f\u09b0 \u09a8\u09bf\u09ac\u09a8\u09cd\u09a7 17-\u098f \u09af\u09be \u09aa\u09cd\u09b0\u09a4\u09bf\u09b7\u09cd\u09a0\u09bf\u09a4 \u09b9\u09af\u09bc\u09c7\u099b\u09c7 \u09a4\u09be \u0985\u09a8\u09c1\u09b8\u09be\u09b0\u09c7, \u0993\u09af\u09bc\u09c7\u09ac\u09b8\u09be\u0987\u099f\u09c7 \u0985\u09ac\u09b8\u09cd\u09a5\u09bf\u09a4 \u09b2\u09bf\u0999\u09cd\u0995\u0997\u09c1\u09b2\u09bf \u09a8\u09bf\u09b0\u09cd\u09a6\u09c7\u09b6\u09bf\u09a4 \u09ac\u09bf\u09b7\u09af\u09bc\u09ac\u09b8\u09cd\u09a4\u09c1\u09b0 \u099c\u09a8\u09cd\u09af \u0993\u09af\u09bc\u09c7\u09ac\u09b8\u09be\u0987\u099f\u09c7\u09b0 \u09ae\u09be\u09b2\u09bf\u0995 \u09a6\u09be\u09af\u09bc\u09c0 \u09a8\u09af\u09bc\u09f7<\/p>","protected":false},"excerpt":{"rendered":"<p>Datos fiscales Protecci\u00f3n de datos personales Los datos de car\u00e1cter personal que se recogen a trav\u00e9s de la p\u00e1gina web, son \u00fanicamente utilizados a efectos de prestar los servicios solicitados as\u00ed como proceder a la facturaci\u00f3n de los mismos. Sus datos ser\u00e1n ubicados en ficheros titularidad de FLEXIMAT SL a efectos de facturaci\u00f3n y ser\u00e1n&#8230;<\/p>","protected":false},"author":1,"featured_media":0,"parent":0,"menu_order":20,"comment_status":"closed","ping_status":"closed","template":"","meta":{"_kad_blocks_custom_css":"","_kad_blocks_head_custom_js":"","_kad_blocks_body_custom_js":"","_kad_blocks_footer_custom_js":"","_kadence_starter_templates_imported_post":false,"_kad_post_transparent":"","_kad_post_title":"","_kad_post_layout":"","_kad_post_sidebar_id":"","_kad_post_content_style":"","_kad_post_vertical_padding":"","_kad_post_feature":"","_kad_post_feature_position":"","_kad_post_header":false,"_kad_post_footer":false,"footnotes":""},"class_list":["post-1328","page","type-page","status-publish","hentry"],"yoast_head":"<!-- This site is optimized with the Yoast SEO plugin v21.7 - https:\/\/yoast.com\/wordpress\/plugins\/seo\/ -->\n<title>Aviso legal - Fleximat<\/title>\n<meta name=\"robots\" content=\"index, follow, max-snippet:-1, max-image-preview:large, max-video-preview:-1\" \/>\n<link rel=\"canonical\" href=\"https:\/\/www.fleximat.es\/bn\/aviso-legal\/\" \/>\n<meta property=\"og:locale\" content=\"en_US\" \/>\n<meta property=\"og:type\" content=\"article\" \/>\n<meta property=\"og:title\" content=\"Aviso legal - Fleximat\" \/>\n<meta property=\"og:description\" content=\"Datos fiscales Protecci\u00f3n de datos personales Los datos de car\u00e1cter personal que se recogen a trav\u00e9s de la p\u00e1gina web, son \u00fanicamente utilizados a efectos de prestar los servicios solicitados as\u00ed como proceder a la facturaci\u00f3n de los mismos. Sus datos ser\u00e1n ubicados en ficheros titularidad de FLEXIMAT SL a efectos de facturaci\u00f3n y ser\u00e1n...\" \/>\n<meta property=\"og:url\" content=\"https:\/\/www.fleximat.es\/bn\/aviso-legal\/\" \/>\n<meta property=\"og:site_name\" content=\"Fleximat\" \/>\n<meta property=\"article:modified_time\" content=\"2023-11-23T09:51:40+00:00\" \/>\n<meta name=\"twitter:card\" content=\"summary_large_image\" \/>\n<meta name=\"twitter:label1\" content=\"Est. reading time\" \/>\n\t<meta name=\"twitter:data1\" content=\"1 \u09ae\u09bf\u09a8\u09bf\u099f\" \/>\n<script type=\"application\/ld+json\" class=\"yoast-schema-graph\">{\"@context\":\"https:\/\/schema.org\",\"@graph\":[{\"@type\":\"WebPage\",\"@id\":\"https:\/\/www.fleximat.es\/aviso-legal\/\",\"url\":\"https:\/\/www.fleximat.es\/aviso-legal\/\",\"name\":\"Aviso legal - Fleximat\",\"isPartOf\":{\"@id\":\"https:\/\/www.fleximat.es\/bn\/#website\"},\"datePublished\":\"2023-10-10T16:46:51+00:00\",\"dateModified\":\"2023-11-23T09:51:40+00:00\",\"breadcrumb\":{\"@id\":\"https:\/\/www.fleximat.es\/aviso-legal\/#breadcrumb\"},\"inLanguage\":\"bn-BD\",\"potentialAction\":[{\"@type\":\"ReadAction\",\"target\":[\"https:\/\/www.fleximat.es\/aviso-legal\/\"]}]},{\"@type\":\"BreadcrumbList\",\"@id\":\"https:\/\/www.fleximat.es\/aviso-legal\/#breadcrumb\",\"itemListElement\":[{\"@type\":\"ListItem\",\"position\":1,\"name\":\"Portada\",\"item\":\"https:\/\/www.fleximat.es\/\"},{\"@type\":\"ListItem\",\"position\":2,\"name\":\"Aviso legal\"}]},{\"@type\":\"WebSite\",\"@id\":\"https:\/\/www.fleximat.es\/bn\/#website\",\"url\":\"https:\/\/www.fleximat.es\/bn\/\",\"name\":\"Fleximat\",\"description\":\"Tu soluci\u00f3n en prensaestopas y tubos flexibles\",\"publisher\":{\"@id\":\"https:\/\/www.fleximat.es\/bn\/#organization\"},\"potentialAction\":[{\"@type\":\"SearchAction\",\"target\":{\"@type\":\"EntryPoint\",\"urlTemplate\":\"https:\/\/www.fleximat.es\/bn\/?s={search_term_string}\"},\"query-input\":\"required name=search_term_string\"}],\"inLanguage\":\"bn-BD\"},{\"@type\":\"Organization\",\"@id\":\"https:\/\/www.fleximat.es\/bn\/#organization\",\"name\":\"Fleximat\",\"url\":\"https:\/\/www.fleximat.es\/bn\/\",\"logo\":{\"@type\":\"ImageObject\",\"inLanguage\":\"bn-BD\",\"@id\":\"https:\/\/www.fleximat.es\/bn\/#\/schema\/logo\/image\/\",\"url\":\"https:\/\/www.fleximat.es\/wp-content\/uploads\/2023\/11\/fleximat-logo-1.png\",\"contentUrl\":\"https:\/\/www.fleximat.es\/wp-content\/uploads\/2023\/11\/fleximat-logo-1.png\",\"width\":1169,\"height\":289,\"caption\":\"Fleximat\"},\"image\":{\"@id\":\"https:\/\/www.fleximat.es\/bn\/#\/schema\/logo\/image\/\"}}]}<\/script>\n<!-- \/ Yoast SEO plugin. -->","yoast_head_json":{"title":"Aviso legal - Fleximat","robots":{"index":"index","follow":"follow","max-snippet":"max-snippet:-1","max-image-preview":"max-image-preview:large","max-video-preview":"max-video-preview:-1"},"canonical":"https:\/\/www.fleximat.es\/bn\/aviso-legal\/","og_locale":"en_US","og_type":"article","og_title":"Aviso legal - Fleximat","og_description":"Datos fiscales Protecci\u00f3n de datos personales Los datos de car\u00e1cter personal que se recogen a trav\u00e9s de la p\u00e1gina web, son \u00fanicamente utilizados a efectos de prestar los servicios solicitados as\u00ed como proceder a la facturaci\u00f3n de los mismos. Sus datos ser\u00e1n ubicados en ficheros titularidad de FLEXIMAT SL a efectos de facturaci\u00f3n y ser\u00e1n...","og_url":"https:\/\/www.fleximat.es\/bn\/aviso-legal\/","og_site_name":"Fleximat","article_modified_time":"2023-11-23T09:51:40+00:00","twitter_card":"summary_large_image","twitter_misc":{"Est. reading time":"1 \u09ae\u09bf\u09a8\u09bf\u099f"},"schema":{"@context":"https:\/\/schema.org","@graph":[{"@type":"WebPage","@id":"https:\/\/www.fleximat.es\/aviso-legal\/","url":"https:\/\/www.fleximat.es\/aviso-legal\/","name":"Aviso legal - Fleximat","isPartOf":{"@id":"https:\/\/www.fleximat.es\/bn\/#website"},"datePublished":"2023-10-10T16:46:51+00:00","dateModified":"2023-11-23T09:51:40+00:00","breadcrumb":{"@id":"https:\/\/www.fleximat.es\/aviso-legal\/#breadcrumb"},"inLanguage":"bn-BD","potentialAction":[{"@type":"ReadAction","target":["https:\/\/www.fleximat.es\/aviso-legal\/"]}]},{"@type":"BreadcrumbList","@id":"https:\/\/www.fleximat.es\/aviso-legal\/#breadcrumb","itemListElement":[{"@type":"ListItem","position":1,"name":"Portada","item":"https:\/\/www.fleximat.es\/"},{"@type":"ListItem","position":2,"name":"Aviso legal"}]},{"@type":"WebSite","@id":"https:\/\/www.fleximat.es\/bn\/#website","url":"https:\/\/www.fleximat.es\/bn\/","name":"Fleximat","description":"Tu soluci\u00f3n en prensaestopas y tubos flexibles","publisher":{"@id":"https:\/\/www.fleximat.es\/bn\/#organization"},"potentialAction":[{"@type":"SearchAction","target":{"@type":"EntryPoint","urlTemplate":"https:\/\/www.fleximat.es\/bn\/?s={search_term_string}"},"query-input":"required name=search_term_string"}],"inLanguage":"bn-BD"},{"@type":"Organization","@id":"https:\/\/www.fleximat.es\/bn\/#organization","name":"Fleximat","url":"https:\/\/www.fleximat.es\/bn\/","logo":{"@type":"ImageObject","inLanguage":"bn-BD","@id":"https:\/\/www.fleximat.es\/bn\/#\/schema\/logo\/image\/","url":"https:\/\/www.fleximat.es\/wp-content\/uploads\/2023\/11\/fleximat-logo-1.png","contentUrl":"https:\/\/www.fleximat.es\/wp-content\/uploads\/2023\/11\/fleximat-logo-1.png","width":1169,"height":289,"caption":"Fleximat"},"image":{"@id":"https:\/\/www.fleximat.es\/bn\/#\/schema\/logo\/image\/"}}]}},"taxonomy_info":[],"featured_image_src_large":false,"author_info":{"display_name":"eloi","author_link":"https:\/\/www.fleximat.es\/bn\/author\/eloi\/"},"comment_info":0,"_links":{"self":[{"href":"https:\/\/www.fleximat.es\/bn\/wp-json\/wp\/v2\/pages\/1328"}],"collection":[{"href":"https:\/\/www.fleximat.es\/bn\/wp-json\/wp\/v2\/pages"}],"about":[{"href":"https:\/\/www.fleximat.es\/bn\/wp-json\/wp\/v2\/types\/page"}],"author":[{"embeddable":true,"href":"https:\/\/www.fleximat.es\/bn\/wp-json\/wp\/v2\/users\/1"}],"replies":[{"embeddable":true,"href":"https:\/\/www.fleximat.es\/bn\/wp-json\/wp\/v2\/comments?post=1328"}],"version-history":[{"count":0,"href":"https:\/\/www.fleximat.es\/bn\/wp-json\/wp\/v2\/pages\/1328\/revisions"}],"wp:attachment":[{"href":"https:\/\/www.fleximat.es\/bn\/wp-json\/wp\/v2\/media?parent=1328"}],"curies":[{"name":"wp","href":"https:\/\/api.w.org\/{rel}","templated":true}]}}