{"id":1331,"date":"2023-10-10T18:47:12","date_gmt":"2023-10-10T16:47:12","guid":{"rendered":"https:\/\/www.fleximat.es\/?page_id=1331"},"modified":"2024-01-24T10:27:40","modified_gmt":"2024-01-24T09:27:40","slug":"declaracion-de-accesibilidad","status":"publish","type":"page","link":"https:\/\/www.fleximat.es\/bn\/declaracion-de-accesibilidad\/","title":{"rendered":"\u0985\u09cd\u09af\u09be\u0995\u09cd\u09b8\u09c7\u09b8\u09af\u09cb\u0997\u09cd\u09af\u09a4\u09be\u09b0 \u09ac\u09bf\u09ac\u09c3\u09a4\u09bf"},"content":{"rendered":"<p>\u09ab\u09cd\u09b2\u09c7\u0995\u09cd\u09b8\u09bf\u09ae\u09cd\u09af\u09be\u099f 7 \u09b8\u09c7\u09aa\u09cd\u099f\u09c7\u09ae\u09cd\u09ac\u09b0\u09c7\u09b0 \u09b0\u09af\u09bc\u09cd\u09af\u09be\u09b2 \u09a1\u09bf\u0995\u09cd\u09b0\u09bf 1112\/2018 \u0985\u09a8\u09c1\u09b8\u09be\u09b0\u09c7, \u09aa\u09be\u09ac\u09b2\u09bf\u0995 \u09b8\u09c7\u0995\u09cd\u099f\u09b0\u09c7 \u09ae\u09cb\u09ac\u09be\u0987\u09b2 \u09a1\u09bf\u09ad\u09be\u0987\u09b8\u0997\u09c1\u09b2\u09bf\u09b0 \u099c\u09a8\u09cd\u09af \u0993\u09af\u09bc\u09c7\u09ac\u09b8\u09be\u0987\u099f \u098f\u09ac\u0982 \u0985\u09cd\u09af\u09be\u09aa\u09cd\u09b2\u09bf\u0995\u09c7\u09b6\u09a8\u0997\u09c1\u09b2\u09bf\u09b0 \u0985\u09cd\u09af\u09be\u0995\u09cd\u09b8\u09c7\u09b8\u09af\u09cb\u0997\u09cd\u09af\u09a4\u09be\u09b0 \u09ac\u09bf\u09b7\u09af\u09bc\u09c7 \u09a4\u09be\u09b0 \u0993\u09af\u09bc\u09c7\u09ac\u09b8\u09be\u0987\u099f \u0985\u09cd\u09af\u09be\u0995\u09cd\u09b8\u09c7\u09b8\u09af\u09cb\u0997\u09cd\u09af \u0995\u09b0\u09be\u09b0 \u09aa\u09cd\u09b0\u09a4\u09bf\u09b6\u09cd\u09b0\u09c1\u09a4\u09bf\u09ac\u09a6\u09cd\u09a7\u0964<\/p>\n\n\n\n<p>\u098f\u0987 \u0985\u09cd\u09af\u09be\u0995\u09cd\u09b8\u09c7\u09b8\u09bf\u09ac\u09bf\u09b2\u09bf\u099f\u09bf \u09ac\u09bf\u09ac\u09c3\u09a4\u09bf \u098f\u0987 \u0993\u09af\u09bc\u09c7\u09ac\u09b8\u09be\u0987\u099f\u09c7 \u09aa\u09cd\u09b0\u09af\u09cb\u099c\u09cd\u09af\u0964<\/p>\n\n\n\n<h2 class=\"wp-block-heading\">\u09b8\u09ae\u09cd\u09ae\u09a4\u09bf \u0985\u09ac\u09b8\u09cd\u09a5\u09be<\/h2>\n\n\n\n<p>\u098f\u0987 \u0993\u09af\u09bc\u09c7\u09ac\u09b8\u09be\u0987\u099f\u099f\u09bf RD 1112\/2018 \u0985\u09a8\u09c1\u09af\u09be\u09af\u09bc\u09c0 \u09a4\u09c8\u09b0\u09bf \u0995\u09b0\u09be \u09b9\u09af\u09bc\u09c7\u099b\u09c7<\/p>\n\n\n\n<h2 class=\"wp-block-heading\">\u09aa\u09b0\u09ac\u09b0\u09cd\u09a4\u09c0 \u0985\u09cd\u09af\u09be\u0995\u09cd\u09b8\u09c7\u09b8\u09bf\u09ac\u09bf\u09b2\u09bf\u099f\u09bf \u09b8\u09cd\u099f\u09c7\u099f\u09ae\u09c7\u09a8\u09cd\u099f\u09c7\u09b0 \u099c\u09a8\u09cd\u09af \u09aa\u09cd\u09b0\u09b8\u09cd\u09a4\u09c1\u09a4\u09bf<\/h2>\n\n\n\n<p>\u098f\u0987 \u09ac\u09bf\u09ac\u09c3\u09a4\u09bf\u099f\u09bf 20 \u09ae\u09c7, 2023 \u098f \u09aa\u09cd\u09b0\u09b8\u09cd\u09a4\u09c1\u09a4 \u0995\u09b0\u09be \u09b9\u09af\u09bc\u09c7\u099b\u09bf\u09b2\u0964<\/p>\n\n\n\n<p>\u0998\u09cb\u09b7\u09a3\u09be\u09aa\u09a4\u09cd\u09b0 \u09aa\u09cd\u09b0\u09b8\u09cd\u09a4\u09c1\u09a4 \u0995\u09b0\u09a4\u09c7 \u09ac\u09cd\u09af\u09ac\u09b9\u09c3\u09a4 \u09aa\u09a6\u09cd\u09a7\u09a4\u09bf\u099f\u09bf \u098f\u0995\u099f\u09bf \u09b8\u09cd\u09ac-\u09ae\u09c2\u09b2\u09cd\u09af\u09be\u09af\u09bc\u09a8 \u09b9\u09af\u09bc\u09c7\u099b\u09c7\u0964<\/p>\n\n\n\n<h2 class=\"wp-block-heading\">\u09aa\u09b0\u09cd\u09af\u09ac\u09c7\u0995\u09cd\u09b7\u09a3 \u098f\u09ac\u0982 \u09af\u09cb\u0997\u09be\u09af\u09cb\u0997\u09c7\u09b0 \u09a4\u09a5\u09cd\u09af<\/h2>\n\n\n\n<p>\u0986\u09aa\u09a8\u09bf \u0985\u09cd\u09af\u09be\u0995\u09cd\u09b8\u09c7\u09b8\u09af\u09cb\u0997\u09cd\u09af\u09a4\u09be\u09b0 \u09aa\u09cd\u09b0\u09af\u09bc\u09cb\u099c\u09a8\u09c0\u09af\u09bc\u09a4\u09be \u09b8\u09ae\u09cd\u09aa\u09b0\u09cd\u0995\u09c7 \u09af\u09cb\u0997\u09be\u09af\u09cb\u0997 \u0995\u09b0\u09a4\u09c7 \u09aa\u09be\u09b0\u09c7\u09a8 (RD 1112\/2018 \u098f\u09b0 10.2.a \u0985\u09a8\u09c1\u099a\u09cd\u099b\u09c7\u09a6) \u09af\u09c7\u09ae\u09a8:<\/p>\n\n\n\n<ul class=\"wp-block-list\">\n<li>\u098f\u0987 \u0993\u09af\u09bc\u09c7\u09ac\u09b8\u09be\u0987\u099f \u09a6\u09cd\u09ac\u09be\u09b0\u09be \u09b8\u09ae\u09cd\u09ad\u09be\u09ac\u09cd\u09af \u09b2\u0999\u09cd\u0998\u09a8 \u09b0\u09bf\u09aa\u09cb\u09b0\u09cd\u099f<\/li>\n\n\n\n<li>\u0985\u09a8\u09cd\u09af\u09be\u09a8\u09cd\u09af \u09ac\u09bf\u09b7\u09af\u09bc\u09ac\u09b8\u09cd\u09a4\u09c1 \u0985\u09cd\u09af\u09be\u0995\u09cd\u09b8\u09c7\u09b8 \u0985\u09b8\u09c1\u09ac\u09bf\u09a7\u09be \u09aa\u09cd\u09b0\u09c7\u09b0\u09a3<\/li>\n\n\n\n<li>\u098f\u09b0 \u09ae\u09be\u09a7\u09cd\u09af\u09ae\u09c7 \u0993\u09af\u09bc\u09c7\u09ac\u09b8\u09be\u0987\u099f\u09c7\u09b0 \u0985\u09cd\u09af\u09be\u0995\u09cd\u09b8\u09c7\u09b8\u09af\u09cb\u0997\u09cd\u09af\u09a4\u09be \u09b8\u0982\u0995\u09cd\u09b0\u09be\u09a8\u09cd\u09a4 \u0989\u09a8\u09cd\u09a8\u09a4\u09bf\u09b0 \u099c\u09a8\u09cd\u09af \u0985\u09a8\u09cd\u09af \u0995\u09cb\u09a8\u09cb \u09aa\u09cd\u09b0\u09b6\u09cd\u09a8 \u09ac\u09be \u09aa\u09b0\u09be\u09ae\u09b0\u09cd\u09b6 \u09a4\u09c8\u09b0\u09bf \u0995\u09b0\u09c1\u09a8\u00a0<a href=\"https:\/\/www.fleximat.es\/bn\/contacto\/\">\u09af\u09cb\u0997\u09be\u09af\u09cb\u0997 \u09ab\u09b0\u09cd\u09ae<\/a>\u00a0\u098f\u0987 \u0993\u09af\u09bc\u09c7\u09ac\u09b8\u09be\u0987\u099f \u09a5\u09c7\u0995\u09c7 \u09ac\u09be \u099f\u09c7\u09b2\u09bf\u09ab\u09cb\u09a8 \u09a8\u09ae\u09cd\u09ac\u09b0 635 72 78 47 \u098f\u09b0 \u09ae\u09be\u09a7\u09cd\u09af\u09ae\u09c7<\/li>\n<\/ul>\n\n\n\n<p>\u0986\u09aa\u09a8\u09bf \u0989\u09aa\u09b8\u09cd\u09a5\u09be\u09aa\u09a8 \u0995\u09b0\u09a4\u09c7 \u09aa\u09be\u09b0\u09c7\u09a8:<\/p>\n\n\n\n<ul class=\"wp-block-list\">\n<li>RD 1112\/2018 \u098f\u09b0 \u09aa\u09cd\u09b0\u09af\u09bc\u09cb\u099c\u09a8\u09c0\u09af\u09bc\u09a4\u09be \u09ae\u09c7\u09a8\u09c7 \u099a\u09b2\u09be \u09b8\u0982\u0995\u09cd\u09b0\u09be\u09a8\u09cd\u09a4 \u0985\u09ad\u09bf\u09af\u09cb\u0997<\/li>\n\n\n\n<li>\u098f\u09b0 \u09b8\u09be\u09a5\u09c7 \u09b8\u09ae\u09cd\u09aa\u09b0\u09cd\u0995\u09bf\u09a4 \u0985\u09cd\u09af\u09be\u0995\u09cd\u09b8\u09c7\u09b8\u09af\u09cb\u0997\u09cd\u09af \u09a4\u09a5\u09cd\u09af\u09c7\u09b0 \u099c\u09a8\u09cd\u09af \u0985\u09a8\u09c1\u09b0\u09cb\u09a7:\n<ul class=\"wp-block-list\">\n<li>\u09af\u09c7 \u09ac\u09bf\u09b7\u09af\u09bc\u09ac\u09b8\u09cd\u09a4\u09c1\u0997\u09c1\u09b2\u09bf RD 1112\/2018 \u098f\u09b0 \u09aa\u09cd\u09b0\u09af\u09bc\u09cb\u0997\u09c7\u09b0 \u09b8\u09c1\u09af\u09cb\u0997 \u09a5\u09c7\u0995\u09c7 \u09ac\u09be\u09a6 \u09a6\u09c7\u0993\u09af\u09bc\u09be \u09b9\u09af\u09bc\u09c7\u099b\u09c7 \u0985\u09a8\u09c1\u099a\u09cd\u099b\u09c7\u09a6 3, \u09a7\u09be\u09b0\u09be 4-\u098f \u09af\u09be \u09aa\u09cd\u09b0\u09a4\u09bf\u09b7\u09cd\u09a0\u09bf\u09a4 \u09b9\u09af\u09bc\u09c7\u099b\u09c7<\/li>\n\n\n\n<li>\u098f\u0995\u099f\u09bf \u0985\u09b8\u09be\u09ae\u099e\u09cd\u099c\u09b8\u09cd\u09af\u09aa\u09c2\u09b0\u09cd\u09a3 \u09ac\u09cb\u099d\u09be \u099a\u09be\u09aa\u09be\u09a8\u09cb\u09b0 \u099c\u09a8\u09cd\u09af \u0985\u09cd\u09af\u09be\u0995\u09cd\u09b8\u09c7\u09b8\u09af\u09cb\u0997\u09cd\u09af\u09a4\u09be\u09b0 \u09aa\u09cd\u09b0\u09af\u09bc\u09cb\u099c\u09a8\u09c0\u09af\u09bc\u09a4\u09be\u09b0 \u09b8\u09be\u09a5\u09c7 \u09b8\u09ae\u09cd\u09ae\u09a4\u09bf \u09a5\u09c7\u0995\u09c7 \u0985\u09ac\u09cd\u09af\u09be\u09b9\u09a4\u09bf\u09aa\u09cd\u09b0\u09be\u09aa\u09cd\u09a4 \u09b8\u09be\u09ae\u0997\u09cd\u09b0\u09c0<\/li>\n\n\n\n<li>\u0985\u09cd\u09af\u09be\u0995\u09cd\u09b8\u09c7\u09b8\u09af\u09cb\u0997\u09cd\u09af \u09a4\u09a5\u09cd\u09af\u09c7\u09b0 \u0985\u09a8\u09c1\u09b0\u09cb\u09a7\u09c7, \u09a4\u09a5\u09cd\u09af, \u0995\u09be\u09b0\u09a3 \u098f\u09ac\u0982 \u0985\u09a8\u09c1\u09b0\u09cb\u09a7\u099f\u09bf \u09b8\u09cd\u09aa\u09b7\u09cd\u099f\u09ad\u09be\u09ac\u09c7 \u0989\u09b2\u09cd\u09b2\u09c7\u0996 \u0995\u09b0\u09a4\u09c7 \u09b9\u09ac\u09c7, \u09af\u09be\u09a4\u09c7 \u098f\u099f\u09bf \u098f\u0995\u099f\u09bf \u09af\u09c1\u0995\u09cd\u09a4\u09bf\u09b8\u0999\u09cd\u0997\u09a4 \u098f\u09ac\u0982 \u09ac\u09c8\u09a7 \u0985\u09a8\u09c1\u09b0\u09cb\u09a7 \u09a4\u09be \u09af\u09be\u099a\u09be\u0987 \u0995\u09b0\u09be \u09af\u09be\u09af\u09bc\u0964<\/li>\n<\/ul>\n<\/li>\n<\/ul>\n\n\n\n<p>\u0985\u09cd\u09af\u09be\u0995\u09cd\u09b8\u09c7\u09b8\u09af\u09cb\u0997\u09cd\u09af \u09a4\u09a5\u09cd\u09af \u09b8\u09ae\u09cd\u09aa\u09b0\u09cd\u0995\u09c7 \u0985\u09ad\u09bf\u09af\u09cb\u0997 \u098f\u09ac\u0982 \u09a6\u09be\u09ac\u09bf\u0997\u09c1\u09b2\u09bf \u0987\u09b2\u09c7\u0995\u099f\u09cd\u09b0\u09a8\u09bf\u0995 \u09b8\u09a6\u09b0 \u09a6\u09aa\u09cd\u09a4\u09b0\u09c7\u09b0 \u09ae\u09be\u09a7\u09cd\u09af\u09ae\u09c7 \u0995\u09b0\u09be \u09b9\u09ac\u09c7 (<a href=\"https:\/\/sede.red.gob.es\/procedimientos\/quejas-y-sugerencias\" target=\"_blank\" rel=\"noreferrer noopener\">https:\/\/sede.red.gob.es\/procedimientos\/quejas-y-sugerencias<\/a>), \u098f\u09ac\u0982 Red.es-\u098f\u09b0 \u0987\u09a8\u09ab\u09b0\u09ae\u09c7\u09b6\u09a8 \u09b8\u09bf\u09b8\u09cd\u099f\u09c7\u09ae \u098f\u09b2\u09be\u0995\u09be \u09a6\u09cd\u09ac\u09be\u09b0\u09be \u09aa\u09cd\u09b0\u09be\u09aa\u09cd\u09a4 \u098f\u09ac\u0982 \u09aa\u09cd\u09b0\u0995\u09cd\u09b0\u09bf\u09af\u09bc\u09be \u0995\u09b0\u09be \u09b9\u09ac\u09c7\u0964<\/p>\n\n\n\n<h2 class=\"wp-block-heading\">\u0990\u099a\u09cd\u099b\u09bf\u0995 \u09ac\u09bf\u09b7\u09af\u09bc\u09ac\u09b8\u09cd\u09a4\u09c1<\/h2>\n\n\n\n<ul class=\"wp-block-list\">\n<li>\u0986\u09aa\u09a8\u09bf \u09af\u09a6\u09bf \u09aa\u09cd\u09b0\u09a7\u09be\u09a8 \u0997\u09cd\u09b0\u09be\u09ab\u09bf\u0995\u09be\u09b2 \u09ac\u09cd\u09b0\u09be\u0989\u099c\u09be\u09b0\u0997\u09c1\u09b2\u09bf\u09a4\u09c7 \u09aa\u09be\u09a0\u09cd\u09af\u09c7\u09b0 \u09ab\u09a8\u09cd\u099f\u09c7\u09b0 \u0986\u0995\u09be\u09b0 \u09aa\u09b0\u09bf\u09ac\u09b0\u09cd\u09a4\u09a8 \u0995\u09b0\u09a4\u09c7 \u099a\u09be\u09a8 \u09a4\u09ac\u09c7 \u09a8\u09bf\u09ae\u09cd\u09a8\u09b2\u09bf\u0996\u09bf\u09a4 \u09ae\u09c7\u09a8\u09c1\u0997\u09c1\u09b2\u09bf \u09ac\u09cd\u09af\u09ac\u09b9\u09be\u09b0 \u0995\u09b0\u09c1\u09a8:<\/li>\n\n\n\n<li>Safari: \u09a6\u09c7\u0996\u09c1\u09a8 &gt; \u099f\u09c7\u0995\u09cd\u09b8\u099f \u09ac\u09a1\u09bc \u0995\u09b0\u09c1\u09a8<\/li>\n\n\n\n<li>Chrome: \u09ac\u09b0\u09cd\u09a4\u09ae\u09be\u09a8 \u09aa\u09c3\u09b7\u09cd\u09a0\u09be &gt; \u09aa\u09be\u09a0\u09cd\u09af\u09c7\u09b0 \u0986\u0995\u09be\u09b0 \u09a8\u09bf\u09af\u09bc\u09a8\u09cd\u09a4\u09cd\u09b0\u09a3 \u0995\u09b0\u09c1\u09a8<\/li>\n<\/ul>\n\n\n\n<p>\u09aa\u09c3\u09b7\u09cd\u09a0\u09be\u09af\u09bc \u09b8\u09ac\u0995\u09bf\u099b\u09c1\u09b0 \u0986\u0995\u09be\u09b0 \u09aa\u09b0\u09bf\u09ac\u09b0\u09cd\u09a4\u09a8 \u0995\u09b0\u09a4\u09c7:<\/p>\n\n\n\n<ul class=\"wp-block-list\">\n<li>Ctrl++ \u09ac\u09be\u09a1\u09bc\u09be\u09a8\u09cb\u09b0 \u099c\u09a8\u09cd\u09af<\/li>\n\n\n\n<li>Ctrl + - \u098f\u099f\u09bf \u0995\u09ae\u09be\u09a4\u09c7<\/li>\n\n\n\n<li>Ctrl + 0 \u09ae\u09c2\u09b2 \u09aa\u09be\u09a0\u09cd\u09af\u09c7\u09b0 \u0986\u0995\u09be\u09b0 \u09aa\u09c1\u09a8\u09b0\u09c1\u09a6\u09cd\u09a7\u09be\u09b0 \u0995\u09b0\u09c7<\/li>\n\n\n\n<li>\u0986\u09aa\u09a8\u09bf \u09af\u09a6\u09bf \u09b8\u09cd\u099f\u09be\u0987\u09b2 \u09b6\u09c0\u099f\u0995\u09c7 \u0993\u09ad\u09be\u09b0\u09b0\u09be\u0987\u09a1 \u0995\u09b0\u09a4\u09c7 \u099a\u09be\u09a8 \u09ac\u09be \u09aa\u09be\u09a0\u09cd\u09af\u09c7\u09b0 \u09b0\u0999 \u09aa\u09b0\u09bf\u09ac\u09b0\u09cd\u09a4\u09a8 \u0995\u09b0\u09a4\u09c7 \u099a\u09be\u09a8 \u09a4\u09ac\u09c7 \u0986\u09aa\u09a8\u09bf WAI-\u098f\u09b0 How to Change Text Size or Colors \u09aa\u09c3\u09b7\u09cd\u09a0\u09be\u09b0 \u09b8\u09be\u09a5\u09c7 \u09aa\u09b0\u09be\u09ae\u09b0\u09cd\u09b6 \u0995\u09b0\u09a4\u09c7 \u09aa\u09be\u09b0\u09c7\u09a8, \u09af\u09c7\u099f\u09bf \u09b8\u09cd\u09aa\u09cd\u09af\u09be\u09a8\u09bf\u09b6 \u09ad\u09be\u09b7\u09be\u09af\u09bc \u0985\u09a8\u09c1\u09ac\u09be\u09a6 \u0995\u09b0\u09c7 \u09aa\u09a1\u09bc\u09a4\u09c7 \u09aa\u09be\u09b0\u09c7\u09a8 \u0995\u09bf\u09ad\u09be\u09ac\u09c7 \u09aa\u09be\u09a0\u09cd\u09af\u09c7\u09b0 \u0986\u0995\u09be\u09b0 \u09ac\u09be \u09b0\u0982 \u09aa\u09b0\u09bf\u09ac\u09b0\u09cd\u09a4\u09a8 \u0995\u09b0\u09ac\u09c7\u09a8?<\/li>\n<\/ul>","protected":false},"excerpt":{"rendered":"<p>Fleximat&nbsp;se ha comprometido a hacer accesible su sitio web, de conformidad con el Real Decreto 1112\/2018, de 7 de septiembre, sobre accesibilidad de los sitios web y aplicaciones para dispositivos m\u00f3viles del sector p\u00fablico. Esta declaraci\u00f3n de accesibilidad se aplica a esta web. Situaci\u00f3n de cumplimiento Este sitio web est\u00e1 desarrollado de acuerdo con el&#8230;<\/p>","protected":false},"author":1,"featured_media":0,"parent":0,"menu_order":19,"comment_status":"closed","ping_status":"closed","template":"","meta":{"_kad_blocks_custom_css":"","_kad_blocks_head_custom_js":"","_kad_blocks_body_custom_js":"","_kad_blocks_footer_custom_js":"","_kadence_starter_templates_imported_post":false,"_kad_post_transparent":"","_kad_post_title":"","_kad_post_layout":"","_kad_post_sidebar_id":"","_kad_post_content_style":"","_kad_post_vertical_padding":"","_kad_post_feature":"","_kad_post_feature_position":"","_kad_post_header":false,"_kad_post_footer":false,"footnotes":""},"class_list":["post-1331","page","type-page","status-publish","hentry"],"yoast_head":"<!-- This site is optimized with the Yoast SEO plugin v21.7 - https:\/\/yoast.com\/wordpress\/plugins\/seo\/ -->\n<title>Declaraci\u00f3n de accesibilidad - Fleximat<\/title>\n<meta name=\"robots\" content=\"index, follow, max-snippet:-1, max-image-preview:large, max-video-preview:-1\" \/>\n<link rel=\"canonical\" href=\"https:\/\/www.fleximat.es\/bn\/declaracion-de-accesibilidad\/\" \/>\n<meta property=\"og:locale\" content=\"en_US\" \/>\n<meta property=\"og:type\" content=\"article\" \/>\n<meta property=\"og:title\" content=\"Declaraci\u00f3n de accesibilidad - Fleximat\" \/>\n<meta property=\"og:description\" content=\"Fleximat&nbsp;se ha comprometido a hacer accesible su sitio web, de conformidad con el Real Decreto 1112\/2018, de 7 de septiembre, sobre accesibilidad de los sitios web y aplicaciones para dispositivos m\u00f3viles del sector p\u00fablico. Esta declaraci\u00f3n de accesibilidad se aplica a esta web. Situaci\u00f3n de cumplimiento Este sitio web est\u00e1 desarrollado de acuerdo con el...\" \/>\n<meta property=\"og:url\" content=\"https:\/\/www.fleximat.es\/bn\/declaracion-de-accesibilidad\/\" \/>\n<meta property=\"og:site_name\" content=\"Fleximat\" \/>\n<meta property=\"article:modified_time\" content=\"2024-01-24T09:27:40+00:00\" \/>\n<meta name=\"twitter:card\" content=\"summary_large_image\" \/>\n<meta name=\"twitter:label1\" content=\"Est. reading time\" \/>\n\t<meta name=\"twitter:data1\" content=\"2 \u09ae\u09bf\u09a8\u09bf\u099f\" \/>\n<script type=\"application\/ld+json\" class=\"yoast-schema-graph\">{\"@context\":\"https:\/\/schema.org\",\"@graph\":[{\"@type\":\"WebPage\",\"@id\":\"https:\/\/www.fleximat.es\/declaracion-de-accesibilidad\/\",\"url\":\"https:\/\/www.fleximat.es\/declaracion-de-accesibilidad\/\",\"name\":\"Declaraci\u00f3n de accesibilidad - Fleximat\",\"isPartOf\":{\"@id\":\"https:\/\/www.fleximat.es\/bn\/#website\"},\"datePublished\":\"2023-10-10T16:47:12+00:00\",\"dateModified\":\"2024-01-24T09:27:40+00:00\",\"breadcrumb\":{\"@id\":\"https:\/\/www.fleximat.es\/declaracion-de-accesibilidad\/#breadcrumb\"},\"inLanguage\":\"bn-BD\",\"potentialAction\":[{\"@type\":\"ReadAction\",\"target\":[\"https:\/\/www.fleximat.es\/declaracion-de-accesibilidad\/\"]}]},{\"@type\":\"BreadcrumbList\",\"@id\":\"https:\/\/www.fleximat.es\/declaracion-de-accesibilidad\/#breadcrumb\",\"itemListElement\":[{\"@type\":\"ListItem\",\"position\":1,\"name\":\"Portada\",\"item\":\"https:\/\/www.fleximat.es\/\"},{\"@type\":\"ListItem\",\"position\":2,\"name\":\"Declaraci\u00f3n de accesibilidad\"}]},{\"@type\":\"WebSite\",\"@id\":\"https:\/\/www.fleximat.es\/bn\/#website\",\"url\":\"https:\/\/www.fleximat.es\/bn\/\",\"name\":\"Fleximat\",\"description\":\"Tu soluci\u00f3n en prensaestopas y tubos flexibles\",\"publisher\":{\"@id\":\"https:\/\/www.fleximat.es\/bn\/#organization\"},\"potentialAction\":[{\"@type\":\"SearchAction\",\"target\":{\"@type\":\"EntryPoint\",\"urlTemplate\":\"https:\/\/www.fleximat.es\/bn\/?s={search_term_string}\"},\"query-input\":\"required name=search_term_string\"}],\"inLanguage\":\"bn-BD\"},{\"@type\":\"Organization\",\"@id\":\"https:\/\/www.fleximat.es\/bn\/#organization\",\"name\":\"Fleximat\",\"url\":\"https:\/\/www.fleximat.es\/bn\/\",\"logo\":{\"@type\":\"ImageObject\",\"inLanguage\":\"bn-BD\",\"@id\":\"https:\/\/www.fleximat.es\/bn\/#\/schema\/logo\/image\/\",\"url\":\"https:\/\/www.fleximat.es\/wp-content\/uploads\/2023\/11\/fleximat-logo-1.png\",\"contentUrl\":\"https:\/\/www.fleximat.es\/wp-content\/uploads\/2023\/11\/fleximat-logo-1.png\",\"width\":1169,\"height\":289,\"caption\":\"Fleximat\"},\"image\":{\"@id\":\"https:\/\/www.fleximat.es\/bn\/#\/schema\/logo\/image\/\"}}]}<\/script>\n<!-- \/ Yoast SEO plugin. -->","yoast_head_json":{"title":"Declaraci\u00f3n de accesibilidad - Fleximat","robots":{"index":"index","follow":"follow","max-snippet":"max-snippet:-1","max-image-preview":"max-image-preview:large","max-video-preview":"max-video-preview:-1"},"canonical":"https:\/\/www.fleximat.es\/bn\/declaracion-de-accesibilidad\/","og_locale":"en_US","og_type":"article","og_title":"Declaraci\u00f3n de accesibilidad - Fleximat","og_description":"Fleximat&nbsp;se ha comprometido a hacer accesible su sitio web, de conformidad con el Real Decreto 1112\/2018, de 7 de septiembre, sobre accesibilidad de los sitios web y aplicaciones para dispositivos m\u00f3viles del sector p\u00fablico. Esta declaraci\u00f3n de accesibilidad se aplica a esta web. Situaci\u00f3n de cumplimiento Este sitio web est\u00e1 desarrollado de acuerdo con el...","og_url":"https:\/\/www.fleximat.es\/bn\/declaracion-de-accesibilidad\/","og_site_name":"Fleximat","article_modified_time":"2024-01-24T09:27:40+00:00","twitter_card":"summary_large_image","twitter_misc":{"Est. reading time":"2 \u09ae\u09bf\u09a8\u09bf\u099f"},"schema":{"@context":"https:\/\/schema.org","@graph":[{"@type":"WebPage","@id":"https:\/\/www.fleximat.es\/declaracion-de-accesibilidad\/","url":"https:\/\/www.fleximat.es\/declaracion-de-accesibilidad\/","name":"Declaraci\u00f3n de accesibilidad - Fleximat","isPartOf":{"@id":"https:\/\/www.fleximat.es\/bn\/#website"},"datePublished":"2023-10-10T16:47:12+00:00","dateModified":"2024-01-24T09:27:40+00:00","breadcrumb":{"@id":"https:\/\/www.fleximat.es\/declaracion-de-accesibilidad\/#breadcrumb"},"inLanguage":"bn-BD","potentialAction":[{"@type":"ReadAction","target":["https:\/\/www.fleximat.es\/declaracion-de-accesibilidad\/"]}]},{"@type":"BreadcrumbList","@id":"https:\/\/www.fleximat.es\/declaracion-de-accesibilidad\/#breadcrumb","itemListElement":[{"@type":"ListItem","position":1,"name":"Portada","item":"https:\/\/www.fleximat.es\/"},{"@type":"ListItem","position":2,"name":"Declaraci\u00f3n de accesibilidad"}]},{"@type":"WebSite","@id":"https:\/\/www.fleximat.es\/bn\/#website","url":"https:\/\/www.fleximat.es\/bn\/","name":"Fleximat","description":"Tu soluci\u00f3n en prensaestopas y tubos flexibles","publisher":{"@id":"https:\/\/www.fleximat.es\/bn\/#organization"},"potentialAction":[{"@type":"SearchAction","target":{"@type":"EntryPoint","urlTemplate":"https:\/\/www.fleximat.es\/bn\/?s={search_term_string}"},"query-input":"required name=search_term_string"}],"inLanguage":"bn-BD"},{"@type":"Organization","@id":"https:\/\/www.fleximat.es\/bn\/#organization","name":"Fleximat","url":"https:\/\/www.fleximat.es\/bn\/","logo":{"@type":"ImageObject","inLanguage":"bn-BD","@id":"https:\/\/www.fleximat.es\/bn\/#\/schema\/logo\/image\/","url":"https:\/\/www.fleximat.es\/wp-content\/uploads\/2023\/11\/fleximat-logo-1.png","contentUrl":"https:\/\/www.fleximat.es\/wp-content\/uploads\/2023\/11\/fleximat-logo-1.png","width":1169,"height":289,"caption":"Fleximat"},"image":{"@id":"https:\/\/www.fleximat.es\/bn\/#\/schema\/logo\/image\/"}}]}},"taxonomy_info":[],"featured_image_src_large":false,"author_info":{"display_name":"eloi","author_link":"https:\/\/www.fleximat.es\/bn\/author\/eloi\/"},"comment_info":0,"_links":{"self":[{"href":"https:\/\/www.fleximat.es\/bn\/wp-json\/wp\/v2\/pages\/1331"}],"collection":[{"href":"https:\/\/www.fleximat.es\/bn\/wp-json\/wp\/v2\/pages"}],"about":[{"href":"https:\/\/www.fleximat.es\/bn\/wp-json\/wp\/v2\/types\/page"}],"author":[{"embeddable":true,"href":"https:\/\/www.fleximat.es\/bn\/wp-json\/wp\/v2\/users\/1"}],"replies":[{"embeddable":true,"href":"https:\/\/www.fleximat.es\/bn\/wp-json\/wp\/v2\/comments?post=1331"}],"version-history":[{"count":1,"href":"https:\/\/www.fleximat.es\/bn\/wp-json\/wp\/v2\/pages\/1331\/revisions"}],"predecessor-version":[{"id":3622,"href":"https:\/\/www.fleximat.es\/bn\/wp-json\/wp\/v2\/pages\/1331\/revisions\/3622"}],"wp:attachment":[{"href":"https:\/\/www.fleximat.es\/bn\/wp-json\/wp\/v2\/media?parent=1331"}],"curies":[{"name":"wp","href":"https:\/\/api.w.org\/{rel}","templated":true}]}}