{"id":1553,"date":"2023-10-18T17:52:50","date_gmt":"2023-10-18T15:52:50","guid":{"rendered":"https:\/\/www.fleximat.es\/?post_type=product&#038;p=1553"},"modified":"2023-12-01T11:03:34","modified_gmt":"2023-12-01T10:03:34","slug":"prensaestopas-metrica-multihole-poliamida-ip-68-gris-claro","status":"publish","type":"product","link":"https:\/\/www.fleximat.es\/bn\/product\/prensaestopas-metrica-multihole-poliamida-ip-68-gris-claro\/","title":{"rendered":"\u09ae\u09c7\u099f\u09cd\u09b0\u09bf\u0995 \u09ae\u09be\u09b2\u09cd\u099f\u09bf\u09b9\u09cb\u09b2 \u0995\u09cd\u09af\u09be\u09ac\u09b2 \u0997\u09cd\u09b2\u09cd\u09af\u09be\u09a8\u09cd\u09a1 \u09aa\u09b2\u09bf\u09ae\u09be\u0987\u09a1 \u0986\u0987\u09aa\u09bf-68 \u09b9\u09be\u09b2\u0995\u09be \u09a7\u09c2\u09b8\u09b0"},"content":{"rendered":"<h4>\u09ac\u09c8\u09b6\u09bf\u09b7\u09cd\u099f\u09cd\u09af<\/h4>\n<p>\u0985\u09cd\u09af\u09be\u09a8\u09cd\u099f\u09bf-\u09ad\u09be\u0987\u09ac\u09cd\u09b0\u09c7\u09b6\u09a8<br \/>\n\u09ac\u09bf\u09b0\u09cb\u09a7\u09c0 \u099f\u09be\u09a8 \u0989\u099a\u09cd\u099a UV \u09aa\u09cd\u09b0\u09a4\u09bf\u09b0\u09cb\u09a7\u09c7\u09b0<br \/>\n\u09b8\u09b9\u099c \u09b8\u09ae\u09be\u09ac\u09c7\u09b6 VDE \u09aa\u09cd\u09b0\u09a4\u09cd\u09af\u09af\u09bc\u09bf\u09a4 (40030037)<br \/>\n\u09b9\u09cd\u09af\u09be\u09b2\u09cb\u099c\u09c7\u09a8 \u09ae\u09c1\u0995\u09cd\u09a4<\/p>\n<h3>\u09aa\u09a3\u09cd\u09af\u09c7\u09b0 \u09ac\u09b0\u09cd\u09a3\u09a8\u09be<\/h3>\n<p>\u09ae\u09be\u09b2\u09cd\u099f\u09bf-\u0995\u09c7\u09ac\u09b2 \u0995\u09cd\u09af\u09be\u09ac\u09b2 \u0997\u09cd\u09b0\u09a8\u09cd\u09a5\u09bf \u09b9\u09b2 \u09b8\u09be\u09a7\u09be\u09b0\u09a3 \u0995\u09c7\u09ac\u09b2 \u0997\u09cd\u09b0\u09a8\u09cd\u09a5\u09bf\u09b0 \u098f\u0995\u099f\u09bf \u09ac\u09c8\u0995\u09b2\u09cd\u09aa\u09bf\u0995 \u09af\u09be \u098f\u0995\u099f\u09bf \u09a8\u09bf\u09b0\u09cd\u09a6\u09bf\u09b7\u09cd\u099f \u09b8\u0982\u0996\u09cd\u09af\u0995 \u09ac\u09c8\u09a6\u09cd\u09af\u09c1\u09a4\u09bf\u0995 \u09a4\u09be\u09b0\u0997\u09c1\u09b2\u09bf \u09aa\u09be\u09b8 \u0995\u09b0\u09be\u09b0 \u099c\u09a8\u09cd\u09af \u0997\u09b0\u09cd\u09a4 \u09b8\u09b9 \u098f\u0995\u099f\u09bf \u0985\u09ad\u09cd\u09af\u09a8\u09cd\u09a4\u09b0\u09c0\u09a3 \u099c\u09af\u09bc\u09c7\u09a8\u09cd\u099f\u0995\u09c7 \u0985\u09a8\u09cd\u09a4\u09b0\u09cd\u09ad\u09c1\u0995\u09cd\u09a4 \u0995\u09b0\u09c7\u0964<\/p>\n<p>\u09a4\u09be\u09b0\u09c7\u09b0 \u09b8\u0982\u09af\u09cb\u0997 \u09b0\u0995\u09cd\u09b7\u09be \u0995\u09b0\u09be\u09b0 \u099c\u09a8\u09cd\u09af \u09ae\u09be\u09b2\u09cd\u099f\u09bf-\u0995\u09c7\u09ac\u09b2 \u0997\u09cd\u09b0\u09a8\u09cd\u09a5\u09bf \u09ac\u09be \u09aa\u09cd\u09b0\u09be\u099a\u09c0\u09b0 \u0997\u09cd\u09b0\u09cb\u09ae\u09c7\u099f \u09ac\u09cd\u09af\u09ac\u09b9\u09be\u09b0 \u0995\u09b0\u09be \u09b9\u09af\u09bc\u0964 \u098f\u09b0 \u09a8\u0995\u09b6\u09be \u098f\u09ac\u0982 \u09af\u09be\u09a8\u09cd\u09a4\u09cd\u09b0\u09bf\u0995 \u0989\u09aa\u09be\u09a6\u09be\u09a8\u0997\u09c1\u09b2\u09bf \u098f\u0995\u099f\u09bf \u0986\u09ac\u09be\u09b8\u09a8\u09c7\u09b0 \u09ae\u09a7\u09cd\u09af\u09c7 \u098f\u0995\u099f\u09bf \u0985\u09ad\u09cd\u09af\u09a8\u09cd\u09a4\u09b0\u09c0\u09a3 \u0987\u09b2\u09be\u09b8\u09cd\u099f\u09cb\u09ae\u09c7\u09b0\u09bf\u0995 \u0997\u09cd\u09af\u09be\u09b8\u0995\u09c7\u099f\u0995\u09c7 \u09b8\u0982\u0995\u09c1\u099a\u09bf\u09a4 \u0995\u09b0\u09c7\u0964 \u0998\u09c1\u09b0\u09c7, \u0985\u09ad\u09cd\u09af\u09a8\u09cd\u09a4\u09b0\u09c0\u09a3 \u099c\u09af\u09bc\u09c7\u09a8\u09cd\u099f \u09aa\u09cd\u09b0\u0995\u09b2\u09cd\u09aa\u09c7\u09b0 \u09ac\u09c8\u09b6\u09bf\u09b7\u09cd\u099f\u09cd\u09af \u0985\u09a8\u09c1\u09af\u09be\u09af\u09bc\u09c0 \u09a4\u09be\u09b0\u09c7\u09b0 \u09ac\u09bf\u09a4\u09b0\u09a3 \u0995\u09b0\u09c7\u0964<\/p>\n<p>\u09ac\u09bf\u09ad\u09bf\u09a8\u09cd\u09a8 \u09a4\u09be\u09b0\u09c7\u09b0 \u099c\u09a8\u09cd\u09af \u09a4\u09be\u09b0\u09c7\u09b0 \u0997\u09cd\u09b0\u09a8\u09cd\u09a5\u09bf\u0997\u09c1\u09b2\u09bf \u09af\u09be\u09a8\u09cd\u09a4\u09cd\u09b0\u09bf\u0995, \u09b0\u09be\u09b8\u09be\u09af\u09bc\u09a8\u09bf\u0995 \u09ac\u09be \u0995\u09be\u09b0\u09cd\u09af\u0995\u09be\u09b0\u09bf\u09a4\u09be \u09af\u09be\u0987 \u09b9\u09cb\u0995 \u09a8\u09be \u0995\u09c7\u09a8 \u09ac\u09c8\u09b6\u09bf\u09b7\u09cd\u099f\u09cd\u09af\u0997\u09c1\u09b2\u09bf\u09b0 \u098f\u0995\u099f\u09bf \u09a6\u09c1\u09b0\u09cd\u09a6\u09be\u09a8\u09cd\u09a4 \u09ac\u09c8\u099a\u09bf\u09a4\u09cd\u09b0\u09cd\u09af \u09b8\u09b0\u09ac\u09b0\u09be\u09b9 \u0995\u09b0\u09c7 \u098f\u09ac\u0982 \u09aa\u09cd\u09b2\u09be\u09b8\u09cd\u099f\u09bf\u0995 \u0989\u09aa\u0995\u09b0\u09a3 \u098f\u09ac\u0982 \u09a7\u09be\u09a4\u09ac \u09b8\u0982\u09b8\u09cd\u0995\u09b0\u09a3 \u0989\u09ad\u09af\u09bc\u09c7\u0987 \u0989\u09aa\u09b2\u09ac\u09cd\u09a7\u0964<\/p>\n<p>\u09ae\u09be\u09b2\u09cd\u099f\u09bf-\u0995\u09c7\u09ac\u09b2 \u0997\u09cd\u09b0\u09a8\u09cd\u09a5\u09bf\u0997\u09c1\u09b2\u09bf \u09a4\u09be\u09a6\u09c7\u09b0 \u099c\u09af\u09bc\u09c7\u09a8\u09cd\u099f\u09c7\u09b0 \u0997\u09b0\u09cd\u09a4\u09c7\u09b0 \u099c\u09a8\u09cd\u09af \u09aa\u09cd\u09b0\u09af\u09bc\u09cb\u099c\u09a8\u09c0\u09af\u09bc \u09a4\u09be\u09b0\u09c7\u09b0 \u098f\u09ac\u0982 \u09ac\u09cd\u09af\u09be\u09b8\u09c7\u09b0 \u098f\u0995\u099f\u09bf \u0996\u09c1\u09ac \u09ac\u09bf\u09b8\u09cd\u09a4\u09c3\u09a4 \u09aa\u09b0\u09bf\u09b8\u09b0\u09c7 \u09ac\u09bf\u09a6\u09cd\u09af\u09ae\u09be\u09a8\u0964<\/p>\n<table class=\"table table-bordered table-striped\">\n<thead>\n<tr>\n<td colspan=\"3\"><strong>\u09a5\u09cd\u09b0\u09c7\u09a1<\/strong><\/td>\n<td><strong>\u0995\u09cb\u09a1<\/strong><\/td>\n<td><strong>\u0997\u09b0\u09cd\u09a4 \u09b8\u0982\u0996\u09cd\u09af\u09be<\/strong><\/td>\n<td><strong>\u09ae\u09bf\u09ae\u09bf<\/strong><\/td>\n<\/tr>\n<\/thead>\n<tbody>\n<tr>\n<td colspan=\"3\">M 16 x 1.5<\/td>\n<td>OMRL 02A3<\/td>\n<td>2<\/td>\n<td>3<\/td>\n<\/tr>\n<tr>\n<td colspan=\"3\">M 16 x 1.5<\/td>\n<td>OMRL 02B3<\/td>\n<td>3<\/td>\n<td>3<\/td>\n<\/tr>\n<tr>\n<td colspan=\"3\">M 16 x 1.5<\/td>\n<td>OMRL 02C3<\/td>\n<td>4<\/td>\n<td>3<\/td>\n<\/tr>\n<tr>\n<td colspan=\"3\">M 16 x 1.5<\/td>\n<td>OMRL 03A4<\/td>\n<td>2<\/td>\n<td>4<\/td>\n<\/tr>\n<tr>\n<td colspan=\"3\">M 16 x 1.5<\/td>\n<td>OMRL 03A5<\/td>\n<td>2<\/td>\n<td>5<\/td>\n<\/tr>\n<tr>\n<td colspan=\"3\">M 16 x 1.5<\/td>\n<td>OMRL 03B4<\/td>\n<td>3<\/td>\n<td>4<\/td>\n<\/tr>\n<tr>\n<td colspan=\"3\">M 16 x 1.5<\/td>\n<td>OMRL 03B5<\/td>\n<td>3<\/td>\n<td>5<\/td>\n<\/tr>\n<tr>\n<td colspan=\"3\">M 20 x 1.5<\/td>\n<td>OMRL 04A5<\/td>\n<td>2<\/td>\n<td>5<\/td>\n<\/tr>\n<tr>\n<td colspan=\"3\">M 20 x 1.5<\/td>\n<td>OMRL 04A6<\/td>\n<td>2<\/td>\n<td>6<\/td>\n<\/tr>\n<tr>\n<td colspan=\"3\">M 20 x 1.5<\/td>\n<td>OMRL 04B4<\/td>\n<td>3<\/td>\n<td>4<\/td>\n<\/tr>\n<tr>\n<td colspan=\"3\">M 20 x 1.5<\/td>\n<td>OMRL 04B5<\/td>\n<td>3<\/td>\n<td>5<\/td>\n<\/tr>\n<tr>\n<td colspan=\"3\">M 20 x 1.5<\/td>\n<td>OMRL 05A4<\/td>\n<td>2<\/td>\n<td>4<\/td>\n<\/tr>\n<tr>\n<td colspan=\"3\">M 20 x 1.5<\/td>\n<td>OMRL 05A7<\/td>\n<td>2<\/td>\n<td>7<\/td>\n<\/tr>\n<tr>\n<td colspan=\"3\">M 20 x 1.5<\/td>\n<td>OMRL 05B4<\/td>\n<td>3<\/td>\n<td>4<\/td>\n<\/tr>\n<tr>\n<td colspan=\"3\">M 20 x 1.5<\/td>\n<td>OMRL 05B6<\/td>\n<td>3<\/td>\n<td>6<\/td>\n<\/tr>\n<tr>\n<td colspan=\"3\">M 20 x 1.5<\/td>\n<td>OMRL 05C5<\/td>\n<td>4<\/td>\n<td>5<\/td>\n<\/tr>\n<tr>\n<td colspan=\"3\">M 25 x 1.5<\/td>\n<td>OMRL 06A8<\/td>\n<td>2<\/td>\n<td>8<\/td>\n<\/tr>\n<tr>\n<td colspan=\"3\">M 25 x 1.5<\/td>\n<td>OMRL 06A9<\/td>\n<td>2<\/td>\n<td>9<\/td>\n<\/tr>\n<tr>\n<td colspan=\"3\">M 25 x 1.5<\/td>\n<td>OMRL 06B5<\/td>\n<td>5<\/td>\n<td>6<\/td>\n<\/tr>\n<tr>\n<td colspan=\"3\">M 25 x 1.5<\/td>\n<td>OMRL 06B7<\/td>\n<td>3<\/td>\n<td>7<\/td>\n<\/tr>\n<tr>\n<td colspan=\"3\">M 25 x 1.5<\/td>\n<td>OMRL 06B8<\/td>\n<td>3<\/td>\n<td>8<\/td>\n<\/tr>\n<tr>\n<td colspan=\"3\">M 25 x 1.5<\/td>\n<td>OMRL 06C7<\/td>\n<td>4<\/td>\n<td>7<\/td>\n<\/tr>\n<tr>\n<td colspan=\"3\">M 25 x 1.5<\/td>\n<td>OMRL 06G3<\/td>\n<td>8<\/td>\n<td>3<\/td>\n<\/tr>\n<tr>\n<td colspan=\"3\">M 25 x 1.5<\/td>\n<td>OMRL 06G4<\/td>\n<td>8<\/td>\n<td>4<\/td>\n<\/tr>\n<tr>\n<td colspan=\"3\">M 32 x 1.5<\/td>\n<td>OMRL 07C9<\/td>\n<td>4<\/td>\n<td>9<\/td>\n<\/tr>\n<tr>\n<td colspan=\"3\">M 32 x 1.5<\/td>\n<td>\u0993\u098f\u09ae\u0986\u09b0\u098f\u09b2 0703<\/td>\n<td>3<\/td>\n<td>16<\/td>\n<\/tr>\n<tr>\n<td colspan=\"3\">M 40 x 1.5<\/td>\n<td>OMRL 08E8<\/td>\n<td>6<\/td>\n<td>8<\/td>\n<\/tr>\n<\/tbody>\n<\/table>\n<p>&nbsp;<\/p>","protected":false},"excerpt":{"rendered":"<h3>\u0989\u09aa\u09be\u09a6\u09be\u09a8<\/h3>\n<table>\n<tbody>\n<tr>\n<td><strong>\u09b6\u09bf\u09b0\u09be\u09ac\u09b0\u09a3<\/strong><\/td>\n<td>\u09aa\u09b2\u09bf\u09ae\u09be\u0987\u09a1 PA6 V2<\/td>\n<\/tr>\n<tr>\n<td><strong>\u09b8\u09bf\u09b2\u09bf\u0982 \u0997\u09cd\u09af\u09be\u09b8\u0995\u09c7\u099f<\/strong><\/td>\n<td>\u098f\u0995\u09be\u09a7\u09bf\u0995 \u09a4\u09be\u09b0 \u098f\u09ac\u0982 \u09ab\u09cd\u09b2\u09cd\u09af\u09be\u099f \u09a4\u09be\u09b0\u09c7\u09b0 \u099c\u09a8\u09cd\u09af \u09ac\u09bf\u09b6\u09c7\u09b7 TPV \u0997\u09cd\u09af\u09be\u09b8\u0995\u09c7\u099f<\/td>\n<\/tr>\n<tr>\n<td><strong>\u09b6\u09b0\u09c0\u09b0<\/strong><\/td>\n<td>\u09aa\u09b2\u09bf\u09ae\u09be\u0987\u09a1 PA6 V2<\/td>\n<\/tr>\n<tr>\n<td><strong>\u0993-\u09b0\u09bf\u0982<\/strong><\/td>\n<td>\u098f\u09a8\u09ac\u09bf\u0986\u09b0<\/td>\n<\/tr>\n<tr>\n<td><strong>\u09a5\u09cd\u09b0\u09c7\u09a1 \u099f\u09be\u0987\u09aa<\/strong><\/td>\n<td>\u09ae\u09c7\u099f\u09cd\u09b0\u09bf\u0995 (EN 60423)<\/td>\n<\/tr>\n<tr>\n<td><strong>\u09a8\u09bf\u09ac\u09bf\u09a1\u09bc\u09a4\u09be<\/strong><\/td>\n<td>IP68<\/td>\n<\/tr>\n<tr>\n<td><strong>\u0995\u09cd\u09b0\u09ae\u09be\u0997\u09a4 \u0995\u09be\u099c\u09c7\u09b0 \u09a4\u09be\u09aa\u09ae\u09be\u09a4\u09cd\u09b0\u09be<\/strong><\/td>\n<td>-30 \u00baC +80 \u00baC +150 \u00baC (\u0985\u09b8\u09cd\u09a5\u09be\u09af\u09bc\u09c0)<\/td>\n<\/tr>\n<\/tbody>\n<\/table>","protected":false},"featured_media":2901,"template":"","meta":{"_kad_blocks_custom_css":"","_kad_blocks_head_custom_js":"","_kad_blocks_body_custom_js":"","_kad_blocks_footer_custom_js":"","_kadence_starter_templates_imported_post":false,"_kad_post_transparent":"default","_kad_post_title":"","_kad_post_layout":"default","_kad_post_sidebar_id":"","_kad_post_content_style":"default","_kad_post_vertical_padding":"default","_kad_post_feature":"","_kad_post_feature_position":"","_kad_post_header":false,"_kad_post_footer":false},"product_cat":[29,49],"product_tag":[],"class_list":{"0":"post-1553","1":"product","2":"type-product","3":"status-publish","4":"has-post-thumbnail","6":"product_cat-prensaestopas-y-accesorios-plasticos-de-poliamida","7":"product_cat-prensaestopas-para-multiples-cables-poliamida-ip-65","9":"first","10":"instock","11":"shipping-taxable","12":"product-type-simple","13":"entry","14":"content-bg","15":"loop-entry"},"yoast_head":"<!-- This site is optimized with the Yoast SEO plugin v21.7 - https:\/\/yoast.com\/wordpress\/plugins\/seo\/ -->\n<title>Prensaestopas M\u00e9trica Multihole Poliamida IP-68 Gris Claro - Fleximat<\/title>\n<meta name=\"robots\" content=\"index, follow, max-snippet:-1, max-image-preview:large, max-video-preview:-1\" \/>\n<link rel=\"canonical\" href=\"https:\/\/www.fleximat.es\/bn\/product\/prensaestopas-metrica-multihole-poliamida-ip-68-gris-claro\/\" \/>\n<meta property=\"og:locale\" content=\"en_US\" \/>\n<meta property=\"og:type\" content=\"article\" \/>\n<meta property=\"og:title\" content=\"Prensaestopas M\u00e9trica Multihole Poliamida IP-68 Gris Claro - Fleximat\" \/>\n<meta property=\"og:description\" content=\"Material    Sombrerete Poliamida PA6 V2   Junta de sellado Junta TPV especial para m\u00faltiples cables y cables planos   Cuerpo Poliamida PA6 V2   Junta t\u00f3rica NBR   Tipo de Rosca M\u00e9trica (EN 60423)   Estanqueidad IP68   Temperatura de trabajo continua -30 \u00baC +80 \u00baC +150 \u00baC (temporal)\" \/>\n<meta property=\"og:url\" content=\"https:\/\/www.fleximat.es\/bn\/product\/prensaestopas-metrica-multihole-poliamida-ip-68-gris-claro\/\" \/>\n<meta property=\"og:site_name\" content=\"Fleximat\" \/>\n<meta property=\"article:modified_time\" content=\"2023-12-01T10:03:34+00:00\" \/>\n<meta property=\"og:image\" content=\"https:\/\/www.fleximat.es\/wp-content\/uploads\/2023\/10\/fleximat-prensa-multihole-poliamida.png\" \/>\n\t<meta property=\"og:image:width\" content=\"600\" \/>\n\t<meta property=\"og:image:height\" content=\"600\" \/>\n\t<meta property=\"og:image:type\" content=\"image\/png\" \/>\n<meta name=\"twitter:card\" content=\"summary_large_image\" \/>\n<meta name=\"twitter:label1\" content=\"Est. reading time\" \/>\n\t<meta name=\"twitter:data1\" content=\"1 \u09ae\u09bf\u09a8\u09bf\u099f\" \/>\n<script type=\"application\/ld+json\" class=\"yoast-schema-graph\">{\"@context\":\"https:\/\/schema.org\",\"@graph\":[{\"@type\":\"WebPage\",\"@id\":\"https:\/\/www.fleximat.es\/producto\/prensaestopas-metrica-multihole-poliamida-ip-68-gris-claro\/\",\"url\":\"https:\/\/www.fleximat.es\/producto\/prensaestopas-metrica-multihole-poliamida-ip-68-gris-claro\/\",\"name\":\"Prensaestopas M\u00e9trica Multihole Poliamida IP-68 Gris Claro - Fleximat\",\"isPartOf\":{\"@id\":\"https:\/\/www.fleximat.es\/bn\/#website\"},\"datePublished\":\"2023-10-18T15:52:50+00:00\",\"dateModified\":\"2023-12-01T10:03:34+00:00\",\"breadcrumb\":{\"@id\":\"https:\/\/www.fleximat.es\/producto\/prensaestopas-metrica-multihole-poliamida-ip-68-gris-claro\/#breadcrumb\"},\"inLanguage\":\"bn-BD\",\"potentialAction\":[{\"@type\":\"ReadAction\",\"target\":[\"https:\/\/www.fleximat.es\/producto\/prensaestopas-metrica-multihole-poliamida-ip-68-gris-claro\/\"]}]},{\"@type\":\"BreadcrumbList\",\"@id\":\"https:\/\/www.fleximat.es\/producto\/prensaestopas-metrica-multihole-poliamida-ip-68-gris-claro\/#breadcrumb\",\"itemListElement\":[{\"@type\":\"ListItem\",\"position\":1,\"name\":\"Portada\",\"item\":\"https:\/\/www.fleximat.es\/\"},{\"@type\":\"ListItem\",\"position\":2,\"name\":\"Productos\",\"item\":\"https:\/\/www.fleximat.es\/en\/productos\/\"},{\"@type\":\"ListItem\",\"position\":3,\"name\":\"Prensaestopas M\u00e9trica Multihole Poliamida IP-68 Gris Claro\"}]},{\"@type\":\"WebSite\",\"@id\":\"https:\/\/www.fleximat.es\/bn\/#website\",\"url\":\"https:\/\/www.fleximat.es\/bn\/\",\"name\":\"Fleximat\",\"description\":\"Tu soluci\u00f3n en prensaestopas y tubos flexibles\",\"publisher\":{\"@id\":\"https:\/\/www.fleximat.es\/bn\/#organization\"},\"potentialAction\":[{\"@type\":\"SearchAction\",\"target\":{\"@type\":\"EntryPoint\",\"urlTemplate\":\"https:\/\/www.fleximat.es\/bn\/?s={search_term_string}\"},\"query-input\":\"required name=search_term_string\"}],\"inLanguage\":\"bn-BD\"},{\"@type\":\"Organization\",\"@id\":\"https:\/\/www.fleximat.es\/bn\/#organization\",\"name\":\"Fleximat\",\"url\":\"https:\/\/www.fleximat.es\/bn\/\",\"logo\":{\"@type\":\"ImageObject\",\"inLanguage\":\"bn-BD\",\"@id\":\"https:\/\/www.fleximat.es\/bn\/#\/schema\/logo\/image\/\",\"url\":\"https:\/\/www.fleximat.es\/wp-content\/uploads\/2023\/11\/fleximat-logo-1.png\",\"contentUrl\":\"https:\/\/www.fleximat.es\/wp-content\/uploads\/2023\/11\/fleximat-logo-1.png\",\"width\":1169,\"height\":289,\"caption\":\"Fleximat\"},\"image\":{\"@id\":\"https:\/\/www.fleximat.es\/bn\/#\/schema\/logo\/image\/\"}}]}<\/script>\n<!-- \/ Yoast SEO plugin. -->","yoast_head_json":{"title":"Prensaestopas M\u00e9trica Multihole Poliamida IP-68 Gris Claro - Fleximat","robots":{"index":"index","follow":"follow","max-snippet":"max-snippet:-1","max-image-preview":"max-image-preview:large","max-video-preview":"max-video-preview:-1"},"canonical":"https:\/\/www.fleximat.es\/bn\/product\/prensaestopas-metrica-multihole-poliamida-ip-68-gris-claro\/","og_locale":"en_US","og_type":"article","og_title":"Prensaestopas M\u00e9trica Multihole Poliamida IP-68 Gris Claro - Fleximat","og_description":"Material    Sombrerete Poliamida PA6 V2   Junta de sellado Junta TPV especial para m\u00faltiples cables y cables planos   Cuerpo Poliamida PA6 V2   Junta t\u00f3rica NBR   Tipo de Rosca M\u00e9trica (EN 60423)   Estanqueidad IP68   Temperatura de trabajo continua -30 \u00baC +80 \u00baC +150 \u00baC (temporal)","og_url":"https:\/\/www.fleximat.es\/bn\/product\/prensaestopas-metrica-multihole-poliamida-ip-68-gris-claro\/","og_site_name":"Fleximat","article_modified_time":"2023-12-01T10:03:34+00:00","og_image":[{"width":600,"height":600,"url":"https:\/\/www.fleximat.es\/wp-content\/uploads\/2023\/10\/fleximat-prensa-multihole-poliamida.png","type":"image\/png"}],"twitter_card":"summary_large_image","twitter_misc":{"Est. reading time":"1 \u09ae\u09bf\u09a8\u09bf\u099f"},"schema":{"@context":"https:\/\/schema.org","@graph":[{"@type":"WebPage","@id":"https:\/\/www.fleximat.es\/producto\/prensaestopas-metrica-multihole-poliamida-ip-68-gris-claro\/","url":"https:\/\/www.fleximat.es\/producto\/prensaestopas-metrica-multihole-poliamida-ip-68-gris-claro\/","name":"Prensaestopas M\u00e9trica Multihole Poliamida IP-68 Gris Claro - Fleximat","isPartOf":{"@id":"https:\/\/www.fleximat.es\/bn\/#website"},"datePublished":"2023-10-18T15:52:50+00:00","dateModified":"2023-12-01T10:03:34+00:00","breadcrumb":{"@id":"https:\/\/www.fleximat.es\/producto\/prensaestopas-metrica-multihole-poliamida-ip-68-gris-claro\/#breadcrumb"},"inLanguage":"bn-BD","potentialAction":[{"@type":"ReadAction","target":["https:\/\/www.fleximat.es\/producto\/prensaestopas-metrica-multihole-poliamida-ip-68-gris-claro\/"]}]},{"@type":"BreadcrumbList","@id":"https:\/\/www.fleximat.es\/producto\/prensaestopas-metrica-multihole-poliamida-ip-68-gris-claro\/#breadcrumb","itemListElement":[{"@type":"ListItem","position":1,"name":"Portada","item":"https:\/\/www.fleximat.es\/"},{"@type":"ListItem","position":2,"name":"Productos","item":"https:\/\/www.fleximat.es\/en\/productos\/"},{"@type":"ListItem","position":3,"name":"Prensaestopas M\u00e9trica Multihole Poliamida IP-68 Gris Claro"}]},{"@type":"WebSite","@id":"https:\/\/www.fleximat.es\/bn\/#website","url":"https:\/\/www.fleximat.es\/bn\/","name":"Fleximat","description":"Tu soluci\u00f3n en prensaestopas y tubos flexibles","publisher":{"@id":"https:\/\/www.fleximat.es\/bn\/#organization"},"potentialAction":[{"@type":"SearchAction","target":{"@type":"EntryPoint","urlTemplate":"https:\/\/www.fleximat.es\/bn\/?s={search_term_string}"},"query-input":"required name=search_term_string"}],"inLanguage":"bn-BD"},{"@type":"Organization","@id":"https:\/\/www.fleximat.es\/bn\/#organization","name":"Fleximat","url":"https:\/\/www.fleximat.es\/bn\/","logo":{"@type":"ImageObject","inLanguage":"bn-BD","@id":"https:\/\/www.fleximat.es\/bn\/#\/schema\/logo\/image\/","url":"https:\/\/www.fleximat.es\/wp-content\/uploads\/2023\/11\/fleximat-logo-1.png","contentUrl":"https:\/\/www.fleximat.es\/wp-content\/uploads\/2023\/11\/fleximat-logo-1.png","width":1169,"height":289,"caption":"Fleximat"},"image":{"@id":"https:\/\/www.fleximat.es\/bn\/#\/schema\/logo\/image\/"}}]}},"taxonomy_info":{"product_cat":[{"value":29,"label":"Prensaestopas y accesorios pl\u00e1sticos de Poliamida"},{"value":49,"label":"Prensaestopas para m\u00faltiples cables poliamida IP-65"}]},"featured_image_src_large":["https:\/\/www.fleximat.es\/wp-content\/uploads\/2023\/10\/fleximat-prensa-multihole-poliamida.png",600,600,false],"author_info":[],"comment_info":"","_links":{"self":[{"href":"https:\/\/www.fleximat.es\/bn\/wp-json\/wp\/v2\/product\/1553"}],"collection":[{"href":"https:\/\/www.fleximat.es\/bn\/wp-json\/wp\/v2\/product"}],"about":[{"href":"https:\/\/www.fleximat.es\/bn\/wp-json\/wp\/v2\/types\/product"}],"wp:featuredmedia":[{"embeddable":true,"href":"https:\/\/www.fleximat.es\/bn\/wp-json\/wp\/v2\/media\/2901"}],"wp:attachment":[{"href":"https:\/\/www.fleximat.es\/bn\/wp-json\/wp\/v2\/media?parent=1553"}],"wp:term":[{"taxonomy":"product_cat","embeddable":true,"href":"https:\/\/www.fleximat.es\/bn\/wp-json\/wp\/v2\/product_cat?post=1553"},{"taxonomy":"product_tag","embeddable":true,"href":"https:\/\/www.fleximat.es\/bn\/wp-json\/wp\/v2\/product_tag?post=1553"}],"curies":[{"name":"wp","href":"https:\/\/api.w.org\/{rel}","templated":true}]}}