{"id":1649,"date":"2023-10-18T17:53:39","date_gmt":"2023-10-18T15:53:39","guid":{"rendered":"https:\/\/www.fleximat.es\/?post_type=product&#038;p=1649"},"modified":"2023-12-04T17:21:49","modified_gmt":"2023-12-04T16:21:49","slug":"tapon-ventilacion-pg-acero-inoxidable-ip-68","status":"publish","type":"product","link":"https:\/\/www.fleximat.es\/bn\/product\/tapon-ventilacion-pg-acero-inoxidable-ip-68\/","title":{"rendered":"\u09aa\u09bf\u099c\u09bf \u09b8\u09cd\u099f\u09c7\u0987\u09a8\u09b2\u09c7\u09b8 \u09b8\u09cd\u099f\u09bf\u09b2 \u09ad\u09c7\u09a8\u09cd\u099f\u09bf\u09b2\u09c7\u09b6\u09a8 \u09aa\u09cd\u09b2\u09be\u0997 \u0986\u0987\u09aa\u09bf-68"},"content":{"rendered":"<h4>\u09ac\u09c8\u09b6\u09bf\u09b7\u09cd\u099f\u09cd\u09af<\/h4>\n<p>\u09ac\u09be\u09af\u09bc\u09c1\u099a\u09b2\u09be\u099a\u09b2 \u09ac\u09cd\u09af\u09ac\u09b8\u09cd\u09a5\u09be: \u09a8\u09be\u0987\u09b2\u09a8 \u09b8\u09ae\u09b0\u09cd\u09a5\u09a8\u09c7 \u098f\u0995\u09cd\u09b0\u09be\u0987\u09b2\u09bf\u0995 \u0995\u09cb-\u09aa\u09b2\u09bf\u09ae\u09be\u09b0 (\u09b9\u09be\u0987\u09a1\u09cd\u09b0\u09cb\u09ab\u09cb\u09ac\u09bf\u0995-\u0993\u09b2\u09bf\u0993\u09ab\u09cb\u09ac\u09bf\u0995)\u0964<\/p>\n<p>\u09b8\u09bf\u09b8\u09cd\u099f\u09c7\u09ae\u09c7\u09b0 \u0985\u09ad\u09cd\u09af\u09a8\u09cd\u09a4\u09b0\u09c0\u09a3 \u098f\u09ac\u0982 \u09ac\u09be\u09b9\u09cd\u09af\u09bf\u0995 \u099a\u09be\u09aa\u09c7\u09b0 \u09b8\u09ae\u09a4\u09be\u0964 \u09ae\u09b9\u09be\u09a8 \u09ac\u09be\u09af\u09bc\u09c1\u099a\u09b2\u09be\u099a\u09b2 \u09aa\u09cd\u09b0\u09ac\u09be\u09b9.<\/p>\n<p>\u09a1\u09bf\u09ad\u09be\u0987\u09b8\u09c7\u09b0 \u09ad\u09bf\u09a4\u09b0\u09c7 \u099c\u09be\u09b0\u09be \u098f\u09ac\u0982 \u099c\u09b2 \u0998\u09a8\u09c0\u09ad\u09ac\u09a8 \u09aa\u09cd\u09b0\u09a4\u09bf\u09b0\u09cb\u09a7 \u0995\u09b0\u09c7\u0964 \u09a1\u09be\u09ac\u09b2 \u09ab\u09be\u0982\u09b6\u09a8: \u09b8\u09cd\u099f\u09be\u09ab\u09bf\u0982 \u09ac\u0995\u09cd\u09b8\/\u09ac\u09be\u09a4\u09be\u09b8 \u099a\u09b2\u09be\u099a\u09b2\u09c7\u09b0 \u0989\u09aa\u09be\u09a6\u09be\u09a8\u0964 \u09aa\u09a3\u09cd\u09af\u09c7\u09b0 \u0986\u09af\u09bc\u09c1 \u09ac\u09c3\u09a6\u09cd\u09a7\u09bf \u0995\u09b0\u09c7 \u09af\u09c7\u0996\u09be\u09a8\u09c7 \u098f\u099f\u09bf \u09aa\u09cd\u09b0\u09af\u09bc\u09cb\u0997 \u0995\u09b0\u09be \u09b9\u09af\u09bc\u0964<\/p>\n<p>\u09aa\u09cd\u09b0\u09a4\u09bf\u09b0\u09cb\u09a7: UV, \u098f\u09a8\u09cd\u099f\u09bf-\u09aa\u09c1\u09b2, \u09b0\u09be\u09b8\u09be\u09af\u09bc\u09a8\u09bf\u0995 \u09aa\u09a3\u09cd\u09af, \u09ac\u09bf\u09b0\u09cb\u09a7\u09c0-\u0995\u09ae\u09cd\u09aa\u09a8\u0964 \u09b8\u09b9\u099c \u09b8\u09ae\u09be\u09ac\u09c7\u09b6 \u098f\u09ac\u0982 \u09b9\u09cd\u09af\u09be\u09b2\u09cb\u099c\u09c7\u09a8 \u09ae\u09c1\u0995\u09cd\u09a4\u0964<\/p>\n<p>\u0985\u09cd\u09af\u09be\u09aa\u09cd\u09b2\u09bf\u0995\u09c7\u09b6\u09a8: \u0986\u09b2\u09cb\u09b0 \u09b8\u09b0\u099e\u09cd\u099c\u09be\u09ae, \u09b8\u09cc\u09b0 \u09aa\u09cd\u09af\u09be\u09a8\u09c7\u09b2, \u0987\u09b2\u09c7\u0995\u099f\u09cd\u09b0\u09a8\u09bf\u0995 \u09b8\u09b0\u099e\u09cd\u099c\u09be\u09ae, \u0985\u099f\u09cb\u09ae\u09c7\u09b6\u09a8, \u09b8\u09cd\u09ac\u09af\u09bc\u0982\u099a\u09be\u09b2\u09bf\u09a4 \u098f\u09ac\u0982 \u09b0\u09c7\u09b2\u0993\u09af\u09bc\u09c7 \u09b6\u09bf\u09b2\u09cd\u09aa<\/p>\n<h3>\u09aa\u09a3\u09cd\u09af\u09c7\u09b0 \u09ac\u09b0\u09cd\u09a3\u09a8\u09be<\/h3>\n<p>\u09ac\u09be\u09af\u09bc\u09c1\u099a\u09b2\u09be\u099a\u09b2 \u09ac\u09be \u0985\u09cd\u09af\u09be\u09a8\u09cd\u099f\u09bf-\u0995\u09a8\u09a1\u09c7\u09a8\u09b8\u09c7\u09b6\u09a8 \u09aa\u09cd\u09b2\u09be\u0997\u0997\u09c1\u09b2\u09bf \u09a4\u09be\u09aa\u09ae\u09be\u09a4\u09cd\u09b0\u09be\u09b0 \u09aa\u09b0\u09bf\u09ac\u09b0\u09cd\u09a4\u09a8\u09c7\u09b0 \u0995\u09be\u09b0\u09a3\u09c7 \u0998\u099f\u09a4\u09c7 \u09aa\u09be\u09b0\u09c7 \u098f\u09ae\u09a8 \u0985\u0995\u09cd\u09b8\u09bf\u09a1\u09c7\u09b6\u09a8 \u098f\u09ac\u0982 \u09ad\u09be\u0999\u09cd\u0997\u09a8 \u09a5\u09c7\u0995\u09c7 \u09b8\u09b0\u099e\u09cd\u099c\u09be\u09ae\u0997\u09c1\u09b2\u09bf\u0995\u09c7 \u09b0\u0995\u09cd\u09b7\u09be \u0995\u09b0\u09a4\u09c7 \u09ac\u09cd\u09af\u09ac\u09b9\u09c3\u09a4 \u09b9\u09af\u09bc\u0964<\/p>\n<p>\u09ad\u09c7\u09a8\u09cd\u099f \u09aa\u09cd\u09b2\u09be\u0997 \u098f\u0995\u099f\u09bf \u09aa\u09b2\u09bf\u09ae\u09be\u09b0 \u09ad\u09be\u09b2\u09ad \u09ac\u09cd\u09af\u09ac\u09b9\u09be\u09b0 \u0995\u09b0\u09c7 \u09af\u09be\u09a4\u09c7 \u09b8\u09a0\u09bf\u0995 \u09ac\u09be\u09af\u09bc\u09c1\u09aa\u09cd\u09b0\u09ac\u09be\u09b9 \u098f\u09ac\u0982 \u099a\u09be\u09aa \u09b8\u09ae\u09be\u09a8 \u09b9\u09af\u09bc\u0964<\/p>\n<p>\u098f\u0987 \u0985\u09cd\u09af\u09be\u09a8\u09cd\u099f\u09bf-\u0995\u09a8\u09a1\u09c7\u09a8\u09b8\u09c7\u09b6\u09a8 \u09aa\u09cd\u09b2\u09be\u0997\u0997\u09c1\u09b2\u09bf \u09b8\u09be\u09a7\u09be\u09b0\u09a3\u09a4 \u098f\u09ae\u09a8 \u09b8\u09b0\u099e\u09cd\u099c\u09be\u09ae\u0997\u09c1\u09b2\u09bf\u09a4\u09c7 \u09ac\u09cd\u09af\u09ac\u09b9\u09c3\u09a4 \u09b9\u09af\u09bc \u09af\u09be \u09ac\u09be\u0987\u09b0\u09c7 \u0995\u09be\u099c \u0995\u09b0\u09c7\u09f7 \u0986\u09ae\u09b0\u09be \u098f\u0997\u09c1\u09b2\u09bf\u0995\u09c7 \u09b8\u09ac \u09a7\u09b0\u09a8\u09c7\u09b0 \u0985\u09cd\u09af\u09be\u09aa\u09cd\u09b2\u09bf\u0995\u09c7\u09b6\u09a8\u09c7\u09b0 \u099c\u09a8\u09cd\u09af \u09b8\u09c1\u09aa\u09be\u09b0\u09bf\u09b6 \u0995\u09b0\u09bf, \u09ac\u09bf\u09b6\u09c7\u09b7 \u0995\u09b0\u09c7 \u0986\u09b2\u09cb\u0995 \u09b8\u09c7\u0995\u09cd\u099f\u09b0\u09c7\u09b0 \u099c\u09a8\u09cd\u09af\u09f7<\/p>\n<table class=\"table table-striped table-bordered\">\n<thead>\n<tr>\n<td>\u09a5\u09cd\u09b0\u09c7\u09a1<\/td>\n<td>\u0995\u09cb\u09a1<\/td>\n<td>\u099c<\/p>\n<p>\u09ae\u09bf\u09ae\u09bf<\/td>\n<td>\u099c\u09bf.\u098f\u09b2.<\/p>\n<p>\u09ae\u09bf\u09ae\u09bf<\/td>\n<td>anahtar \u00e7ap<\/p>\n<p>\u09ae\u09bf\u09ae\u09bf<\/td>\n<td>\u09a5\u09cd\u09b0\u09c7\u09a1 \u09ac\u09cd\u09af\u09be\u09b8<\/p>\n<p>\u09ae\u09bf\u09ae\u09bf<\/td>\n<td>\u0997\u09b0\u09cd\u09a4\u09c7\u09b0 \u09ac\u09cd\u09af\u09be\u09b8<\/p>\n<p>\u09ae\u09bf\u09ae\u09bf<\/td>\n<td>\u09ac\u09be\u09af\u09bc\u09c1 \u09aa\u09cd\u09b0\u09ac\u09be\u09b9 \/ I\/H<\/td>\n<td>\u099c\u09b2 \u0985\u09a8\u09c1\u09aa\u09cd\u09b0\u09ac\u09c7\u09b6<\/p>\n<p>\u0985\u09cd\u09af\u09be\u09ae\u09cd\u09ac\u09be\u09b0<\/td>\n<\/tr>\n<\/thead>\n<tbody>\n<tr>\n<td>M12 x 1.5<\/td>\n<td>OMSVP01S<\/td>\n<td>14<\/td>\n<td>6<\/td>\n<td>17<\/td>\n<td>12<\/td>\n<td>12,3<\/td>\n<td>16<\/td>\n<td>0,8<\/td>\n<\/tr>\n<tr>\n<td>M12 x 1.5<\/td>\n<td>OMSVP01M<\/td>\n<td>14<\/td>\n<td>6<\/td>\n<td>17<\/td>\n<td>12<\/td>\n<td>12,3<\/td>\n<td>25<\/td>\n<td>0,5<\/td>\n<\/tr>\n<tr>\n<td>M12 x 1.5<\/td>\n<td>OMSVP01H<\/td>\n<td>14<\/td>\n<td>6<\/td>\n<td>17<\/td>\n<td>12<\/td>\n<td>12,3<\/td>\n<td>133<\/td>\n<td>0,2<\/td>\n<\/tr>\n<tr>\n<td>M12 x 1.5<\/td>\n<td>OMSVP01UH<\/td>\n<td>14<\/td>\n<td>6<\/td>\n<td>17<\/td>\n<td>12<\/td>\n<td>12,3<\/td>\n<td>300<\/td>\n<td>0,1<\/td>\n<\/tr>\n<tr>\n<td>M12 x 1.5<\/td>\n<td>OMSVP01SL<\/td>\n<td>18<\/td>\n<td>10<\/td>\n<td>17<\/td>\n<td>12<\/td>\n<td>12,3<\/td>\n<td>16<\/td>\n<td>0,8<\/td>\n<\/tr>\n<tr>\n<td>M12 x 1.5<\/td>\n<td>OMSVP01ML<\/td>\n<td>18<\/td>\n<td>10<\/td>\n<td>17<\/td>\n<td>12<\/td>\n<td>12,3<\/td>\n<td>25<\/td>\n<td>0,5<\/td>\n<\/tr>\n<tr>\n<td>M12 x 1.5<\/td>\n<td>OMSVP01HL<\/td>\n<td>18<\/td>\n<td>10<\/td>\n<td>17<\/td>\n<td>12<\/td>\n<td>12,3<\/td>\n<td>133<\/td>\n<td>0,2<\/td>\n<\/tr>\n<tr>\n<td>M12 x 1.5<\/td>\n<td>OMSVP01UHL<\/td>\n<td>18<\/td>\n<td>10<\/td>\n<td>17<\/td>\n<td>12<\/td>\n<td>12,3<\/td>\n<td>300<\/td>\n<td>0,1<\/td>\n<\/tr>\n<\/tbody>\n<\/table>","protected":false},"excerpt":{"rendered":"<h3>\u09ac\u09c8\u09b6\u09bf\u09b7\u09cd\u099f\u09cd\u09af<\/h3>\n<table>\n<tbody>\n<tr>\n<td><strong>\u09a8\u09bf\u09ac\u09bf\u09a1\u09bc\u09a4\u09be<\/strong><\/td>\n<td>IP68<\/td>\n<\/tr>\n<tr>\n<td><strong>\u0995\u09cd\u09b0\u09ae\u09be\u0997\u09a4 \u0995\u09be\u099c\u09c7\u09b0 \u09a4\u09be\u09aa\u09ae\u09be\u09a4\u09cd\u09b0\u09be<\/strong><\/td>\n<td>-40\u00b0C +105\u00b0C<\/td>\n<\/tr>\n<\/tbody>\n<\/table>","protected":false},"featured_media":3088,"template":"","meta":{"_kad_blocks_custom_css":"","_kad_blocks_head_custom_js":"","_kad_blocks_body_custom_js":"","_kad_blocks_footer_custom_js":"","_kadence_starter_templates_imported_post":false,"_kad_post_transparent":"default","_kad_post_title":"","_kad_post_layout":"default","_kad_post_sidebar_id":"","_kad_post_content_style":"default","_kad_post_vertical_padding":"default","_kad_post_feature":"","_kad_post_feature_position":"","_kad_post_header":false,"_kad_post_footer":false},"product_cat":[65,67],"product_tag":[],"class_list":{"0":"post-1649","1":"product","2":"type-product","3":"status-publish","4":"has-post-thumbnail","6":"product_cat-prensaestopas-y-tapones-de-ventilacion","7":"product_cat-tapon-de-ventilacion","9":"first","10":"instock","11":"shipping-taxable","12":"product-type-simple","13":"entry","14":"content-bg","15":"loop-entry"},"yoast_head":"<!-- This site is optimized with the Yoast SEO plugin v21.7 - https:\/\/yoast.com\/wordpress\/plugins\/seo\/ -->\n<title>Tap\u00f3n Ventilaci\u00f3n PG Acero Inoxidable IP-68 - Fleximat<\/title>\n<meta name=\"robots\" content=\"index, follow, max-snippet:-1, max-image-preview:large, max-video-preview:-1\" \/>\n<link rel=\"canonical\" href=\"https:\/\/www.fleximat.es\/bn\/product\/tapon-ventilacion-pg-acero-inoxidable-ip-68\/\" \/>\n<meta property=\"og:locale\" content=\"en_US\" \/>\n<meta property=\"og:type\" content=\"article\" \/>\n<meta property=\"og:title\" content=\"Tap\u00f3n Ventilaci\u00f3n PG Acero Inoxidable IP-68 - Fleximat\" \/>\n<meta property=\"og:description\" content=\"Caracter\u00edsticas    Estanqueidad IP68   Temperatura de trabajo continua -40 \u00b0C +105 \u00b0C\" \/>\n<meta property=\"og:url\" content=\"https:\/\/www.fleximat.es\/bn\/product\/tapon-ventilacion-pg-acero-inoxidable-ip-68\/\" \/>\n<meta property=\"og:site_name\" content=\"Fleximat\" \/>\n<meta property=\"article:modified_time\" content=\"2023-12-04T16:21:49+00:00\" \/>\n<meta property=\"og:image\" content=\"https:\/\/www.fleximat.es\/wp-content\/uploads\/2023\/12\/tapon-ventilacion-acero-inoxidable-ip-68-gris.png\" \/>\n\t<meta property=\"og:image:width\" content=\"700\" \/>\n\t<meta property=\"og:image:height\" content=\"700\" \/>\n\t<meta property=\"og:image:type\" content=\"image\/png\" \/>\n<meta name=\"twitter:card\" content=\"summary_large_image\" \/>\n<meta name=\"twitter:label1\" content=\"Est. reading time\" \/>\n\t<meta name=\"twitter:data1\" content=\"1 \u09ae\u09bf\u09a8\u09bf\u099f\" \/>\n<script type=\"application\/ld+json\" class=\"yoast-schema-graph\">{\"@context\":\"https:\/\/schema.org\",\"@graph\":[{\"@type\":\"WebPage\",\"@id\":\"https:\/\/www.fleximat.es\/producto\/tapon-ventilacion-pg-acero-inoxidable-ip-68\/\",\"url\":\"https:\/\/www.fleximat.es\/producto\/tapon-ventilacion-pg-acero-inoxidable-ip-68\/\",\"name\":\"Tap\u00f3n Ventilaci\u00f3n PG Acero Inoxidable IP-68 - Fleximat\",\"isPartOf\":{\"@id\":\"https:\/\/www.fleximat.es\/bn\/#website\"},\"datePublished\":\"2023-10-18T15:53:39+00:00\",\"dateModified\":\"2023-12-04T16:21:49+00:00\",\"breadcrumb\":{\"@id\":\"https:\/\/www.fleximat.es\/producto\/tapon-ventilacion-pg-acero-inoxidable-ip-68\/#breadcrumb\"},\"inLanguage\":\"bn-BD\",\"potentialAction\":[{\"@type\":\"ReadAction\",\"target\":[\"https:\/\/www.fleximat.es\/producto\/tapon-ventilacion-pg-acero-inoxidable-ip-68\/\"]}]},{\"@type\":\"BreadcrumbList\",\"@id\":\"https:\/\/www.fleximat.es\/producto\/tapon-ventilacion-pg-acero-inoxidable-ip-68\/#breadcrumb\",\"itemListElement\":[{\"@type\":\"ListItem\",\"position\":1,\"name\":\"Portada\",\"item\":\"https:\/\/www.fleximat.es\/\"},{\"@type\":\"ListItem\",\"position\":2,\"name\":\"Productos\",\"item\":\"https:\/\/www.fleximat.es\/en\/productos\/\"},{\"@type\":\"ListItem\",\"position\":3,\"name\":\"Tap\u00f3n Ventilaci\u00f3n PG Acero Inoxidable IP-68\"}]},{\"@type\":\"WebSite\",\"@id\":\"https:\/\/www.fleximat.es\/bn\/#website\",\"url\":\"https:\/\/www.fleximat.es\/bn\/\",\"name\":\"Fleximat\",\"description\":\"Tu soluci\u00f3n en prensaestopas y tubos flexibles\",\"publisher\":{\"@id\":\"https:\/\/www.fleximat.es\/bn\/#organization\"},\"potentialAction\":[{\"@type\":\"SearchAction\",\"target\":{\"@type\":\"EntryPoint\",\"urlTemplate\":\"https:\/\/www.fleximat.es\/bn\/?s={search_term_string}\"},\"query-input\":\"required name=search_term_string\"}],\"inLanguage\":\"bn-BD\"},{\"@type\":\"Organization\",\"@id\":\"https:\/\/www.fleximat.es\/bn\/#organization\",\"name\":\"Fleximat\",\"url\":\"https:\/\/www.fleximat.es\/bn\/\",\"logo\":{\"@type\":\"ImageObject\",\"inLanguage\":\"bn-BD\",\"@id\":\"https:\/\/www.fleximat.es\/bn\/#\/schema\/logo\/image\/\",\"url\":\"https:\/\/www.fleximat.es\/wp-content\/uploads\/2023\/11\/fleximat-logo-1.png\",\"contentUrl\":\"https:\/\/www.fleximat.es\/wp-content\/uploads\/2023\/11\/fleximat-logo-1.png\",\"width\":1169,\"height\":289,\"caption\":\"Fleximat\"},\"image\":{\"@id\":\"https:\/\/www.fleximat.es\/bn\/#\/schema\/logo\/image\/\"}}]}<\/script>\n<!-- \/ Yoast SEO plugin. -->","yoast_head_json":{"title":"Tap\u00f3n Ventilaci\u00f3n PG Acero Inoxidable IP-68 - Fleximat","robots":{"index":"index","follow":"follow","max-snippet":"max-snippet:-1","max-image-preview":"max-image-preview:large","max-video-preview":"max-video-preview:-1"},"canonical":"https:\/\/www.fleximat.es\/bn\/product\/tapon-ventilacion-pg-acero-inoxidable-ip-68\/","og_locale":"en_US","og_type":"article","og_title":"Tap\u00f3n Ventilaci\u00f3n PG Acero Inoxidable IP-68 - Fleximat","og_description":"Caracter\u00edsticas    Estanqueidad IP68   Temperatura de trabajo continua -40 \u00b0C +105 \u00b0C","og_url":"https:\/\/www.fleximat.es\/bn\/product\/tapon-ventilacion-pg-acero-inoxidable-ip-68\/","og_site_name":"Fleximat","article_modified_time":"2023-12-04T16:21:49+00:00","og_image":[{"width":700,"height":700,"url":"https:\/\/www.fleximat.es\/wp-content\/uploads\/2023\/12\/tapon-ventilacion-acero-inoxidable-ip-68-gris.png","type":"image\/png"}],"twitter_card":"summary_large_image","twitter_misc":{"Est. reading time":"1 \u09ae\u09bf\u09a8\u09bf\u099f"},"schema":{"@context":"https:\/\/schema.org","@graph":[{"@type":"WebPage","@id":"https:\/\/www.fleximat.es\/producto\/tapon-ventilacion-pg-acero-inoxidable-ip-68\/","url":"https:\/\/www.fleximat.es\/producto\/tapon-ventilacion-pg-acero-inoxidable-ip-68\/","name":"Tap\u00f3n Ventilaci\u00f3n PG Acero Inoxidable IP-68 - Fleximat","isPartOf":{"@id":"https:\/\/www.fleximat.es\/bn\/#website"},"datePublished":"2023-10-18T15:53:39+00:00","dateModified":"2023-12-04T16:21:49+00:00","breadcrumb":{"@id":"https:\/\/www.fleximat.es\/producto\/tapon-ventilacion-pg-acero-inoxidable-ip-68\/#breadcrumb"},"inLanguage":"bn-BD","potentialAction":[{"@type":"ReadAction","target":["https:\/\/www.fleximat.es\/producto\/tapon-ventilacion-pg-acero-inoxidable-ip-68\/"]}]},{"@type":"BreadcrumbList","@id":"https:\/\/www.fleximat.es\/producto\/tapon-ventilacion-pg-acero-inoxidable-ip-68\/#breadcrumb","itemListElement":[{"@type":"ListItem","position":1,"name":"Portada","item":"https:\/\/www.fleximat.es\/"},{"@type":"ListItem","position":2,"name":"Productos","item":"https:\/\/www.fleximat.es\/en\/productos\/"},{"@type":"ListItem","position":3,"name":"Tap\u00f3n Ventilaci\u00f3n PG Acero Inoxidable IP-68"}]},{"@type":"WebSite","@id":"https:\/\/www.fleximat.es\/bn\/#website","url":"https:\/\/www.fleximat.es\/bn\/","name":"Fleximat","description":"Tu soluci\u00f3n en prensaestopas y tubos flexibles","publisher":{"@id":"https:\/\/www.fleximat.es\/bn\/#organization"},"potentialAction":[{"@type":"SearchAction","target":{"@type":"EntryPoint","urlTemplate":"https:\/\/www.fleximat.es\/bn\/?s={search_term_string}"},"query-input":"required name=search_term_string"}],"inLanguage":"bn-BD"},{"@type":"Organization","@id":"https:\/\/www.fleximat.es\/bn\/#organization","name":"Fleximat","url":"https:\/\/www.fleximat.es\/bn\/","logo":{"@type":"ImageObject","inLanguage":"bn-BD","@id":"https:\/\/www.fleximat.es\/bn\/#\/schema\/logo\/image\/","url":"https:\/\/www.fleximat.es\/wp-content\/uploads\/2023\/11\/fleximat-logo-1.png","contentUrl":"https:\/\/www.fleximat.es\/wp-content\/uploads\/2023\/11\/fleximat-logo-1.png","width":1169,"height":289,"caption":"Fleximat"},"image":{"@id":"https:\/\/www.fleximat.es\/bn\/#\/schema\/logo\/image\/"}}]}},"taxonomy_info":{"product_cat":[{"value":65,"label":"Prensaestopas y tapones de ventilaci\u00f3n"},{"value":67,"label":"Tap\u00f3n de ventilaci\u00f3n"}]},"featured_image_src_large":["https:\/\/www.fleximat.es\/wp-content\/uploads\/2023\/12\/tapon-ventilacion-acero-inoxidable-ip-68-gris.png",700,700,false],"author_info":[],"comment_info":"","_links":{"self":[{"href":"https:\/\/www.fleximat.es\/bn\/wp-json\/wp\/v2\/product\/1649"}],"collection":[{"href":"https:\/\/www.fleximat.es\/bn\/wp-json\/wp\/v2\/product"}],"about":[{"href":"https:\/\/www.fleximat.es\/bn\/wp-json\/wp\/v2\/types\/product"}],"wp:featuredmedia":[{"embeddable":true,"href":"https:\/\/www.fleximat.es\/bn\/wp-json\/wp\/v2\/media\/3088"}],"wp:attachment":[{"href":"https:\/\/www.fleximat.es\/bn\/wp-json\/wp\/v2\/media?parent=1649"}],"wp:term":[{"taxonomy":"product_cat","embeddable":true,"href":"https:\/\/www.fleximat.es\/bn\/wp-json\/wp\/v2\/product_cat?post=1649"},{"taxonomy":"product_tag","embeddable":true,"href":"https:\/\/www.fleximat.es\/bn\/wp-json\/wp\/v2\/product_tag?post=1649"}],"curies":[{"name":"wp","href":"https:\/\/api.w.org\/{rel}","templated":true}]}}