{"id":1762,"date":"2023-10-18T17:54:27","date_gmt":"2023-10-18T15:54:27","guid":{"rendered":"https:\/\/www.fleximat.es\/?post_type=product&#038;p=1762"},"modified":"2023-10-25T09:12:19","modified_gmt":"2023-10-25T07:12:19","slug":"derivacion-para-tubo-poliamida-en-y","status":"publish","type":"product","link":"https:\/\/www.fleximat.es\/bn\/product\/derivacion-para-tubo-poliamida-en-y\/","title":{"rendered":"Y-\u0986\u0995\u09c3\u09a4\u09bf\u09b0 \u09aa\u09b2\u09bf\u09ae\u09be\u0987\u09a1 \u099f\u09bf\u0989\u09ac\u09c7\u09b0 \u099c\u09a8\u09cd\u09af \u09a1\u09c7\u09b0\u09bf\u09ad\u09c7\u09b6\u09a8"},"content":{"rendered":"<h4>\u09ac\u09c8\u09b6\u09bf\u09b7\u09cd\u099f\u09cd\u09af<\/h4>\n<p>\u09aa\u09cd\u09b0\u09ad\u09be\u09ac \u098f\u09ac\u0982 \u09a4\u09be\u09aa\u09ae\u09be\u09a4\u09cd\u09b0\u09be \u0989\u099a\u09cd\u099a \u09aa\u09cd\u09b0\u09a4\u09bf\u09b0\u09cb\u09a7\u09c7\u09b0.<\/p>\n<p>\u09ac\u09bf\u09b8\u09cd\u09a4\u09c3\u09a4 \u09a4\u09be\u09b0\u09c7\u09b0 \u09aa\u09b0\u09bf\u09b8\u09c0\u09ae\u09be \u098f\u0995\u09a4\u09cd\u09b0\u09bf\u09a4 \u0995\u09b0\u09be \u09b8\u09b9\u099c<\/p>\n<p>\u09b9\u09cd\u09af\u09be\u09b2\u09cb\u099c\u09c7\u09a8 \u09ac\u09bf\u09a8\u09be\u09ae\u09c2\u09b2\u09cd\u09af\u09c7<\/p>\n<h3>\u09aa\u09a3\u09cd\u09af\u09c7\u09b0 \u09ac\u09b0\u09cd\u09a3\u09a8\u09be<\/h3>\n<p><span style=\"font-weight: 400;\">\u098f\u0995\u099f\u09bf \u09ac\u09a1\u09bc \u09a4\u09be\u09b0\u09c7\u09b0 \u0997\u09cd\u09b0\u09a8\u09cd\u09a5\u09bf \u09ac\u09be \u09ae\u09cd\u09af\u09be\u0995\u09cd\u09b8\u09bf\u09aa\u09cd\u09b0\u09c7\u09a8\u09b8\u09be\u09aa\u09be\u09b8 \u09a8\u09bf\u09b0\u09cd\u09a6\u09bf\u09b7\u09cd\u099f \u0985\u09cd\u09af\u09be\u09aa\u09cd\u09b2\u09bf\u0995\u09c7\u09b6\u09a8\u09c7\u09b0 \u099c\u09a8\u09cd\u09af \u098f\u0995\u099f\u09bf \u09ac\u09a1\u09bc \u09a4\u09be\u09b0\u09c7\u09b0 \u0997\u09cd\u09b0\u09a8\u09cd\u09a5\u09bf\u0964 \u098f\u0997\u09c1\u09b2\u09bf \u09ac\u09bf\u09b6\u09c7\u09b7 \u098f\u09ac\u0982 \u09a7\u09be\u09a4\u09c1 \u09a6\u09bf\u09af\u09bc\u09c7 \u09a4\u09c8\u09b0\u09bf, \u09b9\u09af\u09bc \u09a8\u09bf\u0995\u09c7\u09b2-\u09a7\u09be\u09a4\u09c1\u09aa\u099f\u09cd\u099f\u09be\u09ac\u09c3\u09a4 \u09aa\u09bf\u09a4\u09b2 \u09ac\u09be \u09b8\u09cd\u099f\u09c7\u0987\u09a8\u09b2\u09c7\u09b8 \u09b8\u09cd\u099f\u09bf\u09b2\u0964<\/span><\/p>\n<p><span style=\"font-weight: 400;\">\u09ae\u09cd\u09af\u09be\u0995\u09cd\u09b8\u09bf \u09b8\u09cd\u099f\u09be\u09ab\u09bf\u0982 \u09ac\u0995\u09cd\u09b8\u099f\u09bf \u09b8\u09be\u09a7\u09be\u09b0\u09a3\u09a4 \u09a4\u09be\u09b0 \u09a7\u09be\u09a4\u09ac \u09b8\u0982\u09b8\u09cd\u0995\u09b0\u09a3\u09c7 \u098f\u09ae\u09a8 \u09aa\u09cd\u09b0\u0995\u09b2\u09cd\u09aa\u0997\u09c1\u09b2\u09bf\u09a4\u09c7 \u09ac\u09cd\u09af\u09ac\u09b9\u09c3\u09a4 \u09b9\u09af\u09bc \u09af\u09c7\u0996\u09be\u09a8\u09c7 \u09a6\u09c1\u09b0\u09cd\u09a6\u09be\u09a8\u09cd\u09a4 \u09af\u09be\u09a8\u09cd\u09a4\u09cd\u09b0\u09bf\u0995 \u098f\u09ac\u0982 \u09b0\u09be\u09b8\u09be\u09af\u09bc\u09a8\u09bf\u0995 \u09b8\u09c1\u09b0\u0995\u09cd\u09b7\u09be \u09aa\u09cd\u09b0\u09af\u09bc\u09cb\u099c\u09a8, \u09af\u09c7\u09ae\u09a8 \u09ac\u09be\u09af\u09bc\u09c1 \u099f\u09be\u09b0\u09ac\u09be\u0987\u09a8\u09c7\u0964\u00a0<\/span><\/p>\n<p><span style=\"font-weight: 400;\">\u09ae\u09cd\u09af\u09be\u0995\u09cd\u09b8\u09bf \u09a4\u09be\u09b0\u09c7\u09b0 \u0997\u09cd\u09b0\u09a8\u09cd\u09a5\u09bf\u0997\u09c1\u09b2\u09bf \u098f\u0995\u099f\u09bf \u09ac\u09c3\u09b9\u09a4\u09cd\u09a4\u09b0 \u09a4\u09be\u09b0\u09c7\u09b0 \u0986\u0981\u099f\u09b8\u09be\u0981\u099f \u09aa\u09b0\u09bf\u09b8\u09c0\u09ae\u09be \u09a5\u09be\u0995\u09be\u09b0 \u09a6\u09cd\u09ac\u09be\u09b0\u09be \u099a\u09bf\u09b9\u09cd\u09a8\u09bf\u09a4 \u0995\u09b0\u09be \u09b9\u09af\u09bc\u0964 \u098f\u0987 \u099f\u09c1\u0995\u09b0\u09cb\u0997\u09c1\u09b2\u09bf\u09b0 \u099c\u09a8\u09cd\u09af \u09a4\u09be\u09b0\u09c7\u09b0 \u0986\u0995\u09be\u09b0 60-70 \u09ae\u09bf\u09ae\u09bf \u09aa\u09b0\u09cd\u09af\u09a8\u09cd\u09a4 (M90 \u09ac\u09be 3&quot; \u09b8\u0982\u09b8\u09cd\u0995\u09b0\u09a3)\u0964<\/span><\/p>\n<table class=\"table table-bordered table-striped\">\n<thead>\n<tr>\n<td>\u09a5\u09cd\u09b0\u09c7\u09a1<\/td>\n<td>\u0995\u09cb\u09a1<\/td>\n<td>\u09b9\u09c1\u09ae<\/td>\n<td>\u099c\u09bf\u098f\u09b2 \u09ae\u09bf\u09ae\u09bf<\/td>\n<td>Bmm<\/td>\n<td>\u0997 \u09ae\u09bf\u09ae\u09bf<\/td>\n<td>\u09ae\u09bf\u09ae\u09bf<\/td>\n<\/tr>\n<\/thead>\n<tbody>\n<tr>\n<td>M 63 X 1.5<\/td>\n<td>OMBG 17<\/td>\n<td>48<\/td>\n<td>15<\/td>\n<td>70<\/td>\n<td>75<\/td>\n<td>45-55<\/td>\n<\/tr>\n<tr>\n<td>M 75 X 1.5<\/td>\n<td>OMBG 18s<\/td>\n<td>48<\/td>\n<td>20<\/td>\n<td>85<\/td>\n<td>75<\/td>\n<td>45-55<\/td>\n<\/tr>\n<tr>\n<td>M 75 X 1.5<\/td>\n<td>OMBG 18<\/td>\n<td>58<\/td>\n<td>20<\/td>\n<td>90<\/td>\n<td>90<\/td>\n<td>50-63<\/td>\n<\/tr>\n<tr>\n<td>M 80 X 2.0<\/td>\n<td>OMBG 1880<\/td>\n<td>58<\/td>\n<td>20<\/td>\n<td>90<\/td>\n<td>90<\/td>\n<td>50-63<\/td>\n<\/tr>\n<tr>\n<td>M 90 X 2.0<\/td>\n<td>OMBG 19<\/td>\n<td>61<\/td>\n<td>20<\/td>\n<td>100<\/td>\n<td>100<\/td>\n<td>60-70<\/td>\n<\/tr>\n<tr>\n<td>2 \u00bd\u00bb<\/td>\n<td>ONBG 18s<\/td>\n<td>48<\/td>\n<td>20<\/td>\n<td>85<\/td>\n<td>75<\/td>\n<td>45-55<\/td>\n<\/tr>\n<tr>\n<td>2 \u00bd\u00bb<\/td>\n<td>ONBG 18<\/td>\n<td>58<\/td>\n<td>20<\/td>\n<td>90<\/td>\n<td>90<\/td>\n<td>50-63<\/td>\n<\/tr>\n<tr>\n<td>3&#8243;<\/td>\n<td>ONBG 19<\/td>\n<td>61<\/td>\n<td>20<\/td>\n<td>100<\/td>\n<td>100<\/td>\n<td>60-70<\/td>\n<\/tr>\n<\/tbody>\n<\/table>","protected":false},"excerpt":{"rendered":"<h3>\u09ac\u09c8\u09b6\u09bf\u09b7\u09cd\u099f\u09cd\u09af<\/h3>\n<table>\n<tbody>\n<tr>\n<td><strong>\u09b6\u09bf\u09b0\u09be\u09ac\u09b0\u09a3<\/strong><\/td>\n<td>\u09a8\u09bf\u0995\u09c7\u09b2 \u09aa\u09cd\u09b2\u09c7\u099f\u09c7\u09a1 \u09ac\u09cd\u09b0\u09be\u09b8<\/td>\n<\/tr>\n<tr>\n<td><strong>\u09b8\u09bf\u09b2\u09bf\u0982 \u0997\u09cd\u09af\u09be\u09b8\u0995\u09c7\u099f<\/strong><\/td>\n<td>\u0987\u09aa\u09bf\u09a1\u09bf\u098f\u09ae<\/td>\n<\/tr>\n<tr>\n<td><strong>\u0993-\u09b0\u09bf\u0982<\/strong><\/td>\n<td>\u098f\u09a8\u09ac\u09bf\u0986\u09b0<\/td>\n<\/tr>\n<tr>\n<td><strong>\u09a5\u09cd\u09b0\u09c7\u09a1 \u099f\u09be\u0987\u09aa<\/strong><\/td>\n<td>\u09ae\u09c7\u099f\u09cd\u09b0\u09bf\u0995 (EN 60423)<\/td>\n<\/tr>\n<tr>\n<td><strong>\u09a8\u09bf\u09ac\u09bf\u09a1\u09bc\u09a4\u09be<\/strong><\/td>\n<td>IP68<\/td>\n<\/tr>\n<tr>\n<td><strong>\u0995\u09cd\u09b0\u09ae\u09be\u0997\u09a4 \u0995\u09be\u099c\u09c7\u09b0 \u09a4\u09be\u09aa\u09ae\u09be\u09a4\u09cd\u09b0\u09be<\/strong><\/td>\n<td>-40 \u00baC +140 \u00baC +150 \u00baC (\u0985\u09b8\u09cd\u09a5\u09be\u09af\u09bc\u09c0)<\/td>\n<\/tr>\n<\/tbody>\n<\/table>","protected":false},"featured_media":1789,"template":"","meta":{"_kad_blocks_custom_css":"","_kad_blocks_head_custom_js":"","_kad_blocks_body_custom_js":"","_kad_blocks_footer_custom_js":"","_kadence_starter_templates_imported_post":false,"_kad_post_transparent":"default","_kad_post_title":"","_kad_post_layout":"default","_kad_post_sidebar_id":"","_kad_post_content_style":"default","_kad_post_vertical_padding":"default","_kad_post_feature":"","_kad_post_feature_position":"","_kad_post_header":false,"_kad_post_footer":false},"product_cat":[68,77],"product_tag":[],"class_list":{"0":"post-1762","1":"product","2":"type-product","3":"status-publish","4":"has-post-thumbnail","6":"product_cat-tubos-flexibles-racores-y-accesorios","7":"product_cat-tubos-flexibles-de-poliamida-y-accesorios","9":"first","10":"instock","11":"shipping-taxable","12":"product-type-simple","13":"entry","14":"content-bg","15":"loop-entry"},"yoast_head":"<!-- This site is optimized with the Yoast SEO plugin v21.7 - https:\/\/yoast.com\/wordpress\/plugins\/seo\/ -->\n<title>Derivaci\u00f3n para tubo poliamida en Y - Fleximat<\/title>\n<meta name=\"robots\" content=\"index, follow, max-snippet:-1, max-image-preview:large, max-video-preview:-1\" \/>\n<link rel=\"canonical\" href=\"https:\/\/www.fleximat.es\/bn\/product\/derivacion-para-tubo-poliamida-en-y\/\" \/>\n<meta property=\"og:locale\" content=\"en_US\" \/>\n<meta property=\"og:type\" content=\"article\" \/>\n<meta property=\"og:title\" content=\"Derivaci\u00f3n para tubo poliamida en Y - Fleximat\" \/>\n<meta property=\"og:description\" content=\"Caracter\u00edsticas    Sombrerete Lat\u00f3n Niquelado   Junta de sellado EPDM   Junta t\u00f3rica NBR   Tipo de Rosca M\u00e9trica (EN 60423)   Estanqueidad IP68   Temperatura de trabajo continua -40 \u00baC +140 \u00baC +150 \u00baC (temporal)\" \/>\n<meta property=\"og:url\" content=\"https:\/\/www.fleximat.es\/bn\/product\/derivacion-para-tubo-poliamida-en-y\/\" \/>\n<meta property=\"og:site_name\" content=\"Fleximat\" \/>\n<meta property=\"article:modified_time\" content=\"2023-10-25T07:12:19+00:00\" \/>\n<meta property=\"og:image\" content=\"https:\/\/www.fleximat.es\/wp-content\/uploads\/2023\/10\/th_crop_1571764021fleximat-y.jpg\" \/>\n\t<meta property=\"og:image:width\" content=\"600\" \/>\n\t<meta property=\"og:image:height\" content=\"600\" \/>\n\t<meta property=\"og:image:type\" content=\"image\/jpeg\" \/>\n<meta name=\"twitter:card\" content=\"summary_large_image\" \/>\n<meta name=\"twitter:label1\" content=\"Est. reading time\" \/>\n\t<meta name=\"twitter:data1\" content=\"1 \u09ae\u09bf\u09a8\u09bf\u099f\" \/>\n<script type=\"application\/ld+json\" class=\"yoast-schema-graph\">{\"@context\":\"https:\/\/schema.org\",\"@graph\":[{\"@type\":\"WebPage\",\"@id\":\"https:\/\/www.fleximat.es\/producto\/derivacion-para-tubo-poliamida-en-y\/\",\"url\":\"https:\/\/www.fleximat.es\/producto\/derivacion-para-tubo-poliamida-en-y\/\",\"name\":\"Derivaci\u00f3n para tubo poliamida en Y - Fleximat\",\"isPartOf\":{\"@id\":\"https:\/\/www.fleximat.es\/bn\/#website\"},\"datePublished\":\"2023-10-18T15:54:27+00:00\",\"dateModified\":\"2023-10-25T07:12:19+00:00\",\"breadcrumb\":{\"@id\":\"https:\/\/www.fleximat.es\/producto\/derivacion-para-tubo-poliamida-en-y\/#breadcrumb\"},\"inLanguage\":\"bn-BD\",\"potentialAction\":[{\"@type\":\"ReadAction\",\"target\":[\"https:\/\/www.fleximat.es\/producto\/derivacion-para-tubo-poliamida-en-y\/\"]}]},{\"@type\":\"BreadcrumbList\",\"@id\":\"https:\/\/www.fleximat.es\/producto\/derivacion-para-tubo-poliamida-en-y\/#breadcrumb\",\"itemListElement\":[{\"@type\":\"ListItem\",\"position\":1,\"name\":\"Portada\",\"item\":\"https:\/\/www.fleximat.es\/\"},{\"@type\":\"ListItem\",\"position\":2,\"name\":\"Productos\",\"item\":\"https:\/\/www.fleximat.es\/en\/productos\/\"},{\"@type\":\"ListItem\",\"position\":3,\"name\":\"Derivaci\u00f3n para tubo poliamida en Y\"}]},{\"@type\":\"WebSite\",\"@id\":\"https:\/\/www.fleximat.es\/bn\/#website\",\"url\":\"https:\/\/www.fleximat.es\/bn\/\",\"name\":\"Fleximat\",\"description\":\"Tu soluci\u00f3n en prensaestopas y tubos flexibles\",\"publisher\":{\"@id\":\"https:\/\/www.fleximat.es\/bn\/#organization\"},\"potentialAction\":[{\"@type\":\"SearchAction\",\"target\":{\"@type\":\"EntryPoint\",\"urlTemplate\":\"https:\/\/www.fleximat.es\/bn\/?s={search_term_string}\"},\"query-input\":\"required name=search_term_string\"}],\"inLanguage\":\"bn-BD\"},{\"@type\":\"Organization\",\"@id\":\"https:\/\/www.fleximat.es\/bn\/#organization\",\"name\":\"Fleximat\",\"url\":\"https:\/\/www.fleximat.es\/bn\/\",\"logo\":{\"@type\":\"ImageObject\",\"inLanguage\":\"bn-BD\",\"@id\":\"https:\/\/www.fleximat.es\/bn\/#\/schema\/logo\/image\/\",\"url\":\"https:\/\/www.fleximat.es\/wp-content\/uploads\/2023\/11\/fleximat-logo-1.png\",\"contentUrl\":\"https:\/\/www.fleximat.es\/wp-content\/uploads\/2023\/11\/fleximat-logo-1.png\",\"width\":1169,\"height\":289,\"caption\":\"Fleximat\"},\"image\":{\"@id\":\"https:\/\/www.fleximat.es\/bn\/#\/schema\/logo\/image\/\"}}]}<\/script>\n<!-- \/ Yoast SEO plugin. -->","yoast_head_json":{"title":"Derivaci\u00f3n para tubo poliamida en Y - Fleximat","robots":{"index":"index","follow":"follow","max-snippet":"max-snippet:-1","max-image-preview":"max-image-preview:large","max-video-preview":"max-video-preview:-1"},"canonical":"https:\/\/www.fleximat.es\/bn\/product\/derivacion-para-tubo-poliamida-en-y\/","og_locale":"en_US","og_type":"article","og_title":"Derivaci\u00f3n para tubo poliamida en Y - Fleximat","og_description":"Caracter\u00edsticas    Sombrerete Lat\u00f3n Niquelado   Junta de sellado EPDM   Junta t\u00f3rica NBR   Tipo de Rosca M\u00e9trica (EN 60423)   Estanqueidad IP68   Temperatura de trabajo continua -40 \u00baC +140 \u00baC +150 \u00baC (temporal)","og_url":"https:\/\/www.fleximat.es\/bn\/product\/derivacion-para-tubo-poliamida-en-y\/","og_site_name":"Fleximat","article_modified_time":"2023-10-25T07:12:19+00:00","og_image":[{"width":600,"height":600,"url":"https:\/\/www.fleximat.es\/wp-content\/uploads\/2023\/10\/th_crop_1571764021fleximat-y.jpg","type":"image\/jpeg"}],"twitter_card":"summary_large_image","twitter_misc":{"Est. reading time":"1 \u09ae\u09bf\u09a8\u09bf\u099f"},"schema":{"@context":"https:\/\/schema.org","@graph":[{"@type":"WebPage","@id":"https:\/\/www.fleximat.es\/producto\/derivacion-para-tubo-poliamida-en-y\/","url":"https:\/\/www.fleximat.es\/producto\/derivacion-para-tubo-poliamida-en-y\/","name":"Derivaci\u00f3n para tubo poliamida en Y - Fleximat","isPartOf":{"@id":"https:\/\/www.fleximat.es\/bn\/#website"},"datePublished":"2023-10-18T15:54:27+00:00","dateModified":"2023-10-25T07:12:19+00:00","breadcrumb":{"@id":"https:\/\/www.fleximat.es\/producto\/derivacion-para-tubo-poliamida-en-y\/#breadcrumb"},"inLanguage":"bn-BD","potentialAction":[{"@type":"ReadAction","target":["https:\/\/www.fleximat.es\/producto\/derivacion-para-tubo-poliamida-en-y\/"]}]},{"@type":"BreadcrumbList","@id":"https:\/\/www.fleximat.es\/producto\/derivacion-para-tubo-poliamida-en-y\/#breadcrumb","itemListElement":[{"@type":"ListItem","position":1,"name":"Portada","item":"https:\/\/www.fleximat.es\/"},{"@type":"ListItem","position":2,"name":"Productos","item":"https:\/\/www.fleximat.es\/en\/productos\/"},{"@type":"ListItem","position":3,"name":"Derivaci\u00f3n para tubo poliamida en Y"}]},{"@type":"WebSite","@id":"https:\/\/www.fleximat.es\/bn\/#website","url":"https:\/\/www.fleximat.es\/bn\/","name":"Fleximat","description":"Tu soluci\u00f3n en prensaestopas y tubos flexibles","publisher":{"@id":"https:\/\/www.fleximat.es\/bn\/#organization"},"potentialAction":[{"@type":"SearchAction","target":{"@type":"EntryPoint","urlTemplate":"https:\/\/www.fleximat.es\/bn\/?s={search_term_string}"},"query-input":"required name=search_term_string"}],"inLanguage":"bn-BD"},{"@type":"Organization","@id":"https:\/\/www.fleximat.es\/bn\/#organization","name":"Fleximat","url":"https:\/\/www.fleximat.es\/bn\/","logo":{"@type":"ImageObject","inLanguage":"bn-BD","@id":"https:\/\/www.fleximat.es\/bn\/#\/schema\/logo\/image\/","url":"https:\/\/www.fleximat.es\/wp-content\/uploads\/2023\/11\/fleximat-logo-1.png","contentUrl":"https:\/\/www.fleximat.es\/wp-content\/uploads\/2023\/11\/fleximat-logo-1.png","width":1169,"height":289,"caption":"Fleximat"},"image":{"@id":"https:\/\/www.fleximat.es\/bn\/#\/schema\/logo\/image\/"}}]}},"taxonomy_info":{"product_cat":[{"value":68,"label":"Tubos flexibles, racores y accesorios"},{"value":77,"label":"Tubos flexibles de poliamida y accesorios"}]},"featured_image_src_large":["https:\/\/www.fleximat.es\/wp-content\/uploads\/2023\/10\/th_crop_1571764021fleximat-y.jpg",600,600,false],"author_info":[],"comment_info":"","_links":{"self":[{"href":"https:\/\/www.fleximat.es\/bn\/wp-json\/wp\/v2\/product\/1762"}],"collection":[{"href":"https:\/\/www.fleximat.es\/bn\/wp-json\/wp\/v2\/product"}],"about":[{"href":"https:\/\/www.fleximat.es\/bn\/wp-json\/wp\/v2\/types\/product"}],"wp:featuredmedia":[{"embeddable":true,"href":"https:\/\/www.fleximat.es\/bn\/wp-json\/wp\/v2\/media\/1789"}],"wp:attachment":[{"href":"https:\/\/www.fleximat.es\/bn\/wp-json\/wp\/v2\/media?parent=1762"}],"wp:term":[{"taxonomy":"product_cat","embeddable":true,"href":"https:\/\/www.fleximat.es\/bn\/wp-json\/wp\/v2\/product_cat?post=1762"},{"taxonomy":"product_tag","embeddable":true,"href":"https:\/\/www.fleximat.es\/bn\/wp-json\/wp\/v2\/product_tag?post=1762"}],"curies":[{"name":"wp","href":"https:\/\/api.w.org\/{rel}","templated":true}]}}