{"id":1522,"date":"2023-10-18T17:52:27","date_gmt":"2023-10-18T15:52:27","guid":{"rendered":"https:\/\/www.fleximat.es\/?post_type=product&#038;p=1522"},"modified":"2023-11-27T11:29:15","modified_gmt":"2023-11-27T10:29:15","slug":"prensaestopas-pg-obturado-poliamida-ip-68-gris-claro","status":"publish","type":"product","link":"https:\/\/www.fleximat.es\/ca\/producte\/prensaestopas-pg-obturado-poliamida-ip-68-gris-claro\/","title":{"rendered":"Premsaestopes PG Obturat Poliamida IP-68 Gris Clar"},"content":{"rendered":"<h4>Propietats<\/h4>\n<p>Antivibraci\u00f3<br \/>\nAnti-tironsAlta resist\u00e8ncia UV<br \/>\nF\u00e0cil muntatgeCertificat VDE (40030037)<br \/>\nLliure d&#039;Hal\u00f2gens<\/p>\n<h3>Descripci\u00f3 del producte<\/h3>\n<p>Un premsaestopes obturat o premsaestopes de junta cega \u00e9s una variant de premsaestopes en qu\u00e8 s&#039;afegeix una pel\u00b7l\u00edcula de goma a la part superior del premsaestopes. Proporciona estanque\u00eftat total en tot moment, protegint l&#039;element de l&#039;entrada de pols o l\u00edquids al caputx\u00f3 en el temps previ al muntatge.<\/p>\n<p>Els premsaestopes obturats porten la junta obturadora ja muntada, de manera que ofereixen m\u00e9s seguretat per al seu equip amb menys feina.<\/p>\n<p>La junta obturadora muntada als premsaestopes est\u00e0 composta d&#039;una barreja de termopl\u00e0stics vulcanitzats i ofereix una gran resist\u00e8ncia a l\u00edquids i corrosi\u00f3.<\/p>\n<table class=\"table table-bordered table-striped\">\n<thead>\n<tr>\n<td><strong>Rosques<\/strong><\/td>\n<td><strong>Codi<\/strong><\/td>\n<td><strong>H mm<\/strong><\/td>\n<td><strong>GL mm<\/strong><\/td>\n<td><strong>mm<\/strong><\/td>\n<td><strong>mm<\/strong><\/td>\n<\/tr>\n<\/thead>\n<tbody>\n<tr>\n<td>PG7<\/td>\n<td>KRL 01<\/td>\n<td>24<\/td>\n<td>8<\/td>\n<td>15<\/td>\n<td>3-6,5<\/td>\n<\/tr>\n<tr>\n<td>PG9<\/td>\n<td>KRL 02<\/td>\n<td>28<\/td>\n<td>8<\/td>\n<td>19<\/td>\n<td>4-8<\/td>\n<\/tr>\n<tr>\n<td>PG11<\/td>\n<td>KRL 03<\/td>\n<td>29<\/td>\n<td>8<\/td>\n<td>22<\/td>\n<td>5-10<\/td>\n<\/tr>\n<tr>\n<td>PG 13,5<\/td>\n<td>KRL 04<\/td>\n<td>29<\/td>\n<td>9<\/td>\n<td>24<\/td>\n<td>6-12<\/td>\n<\/tr>\n<tr>\n<td>PG 16<\/td>\n<td>KRL 05<\/td>\n<td>33<\/td>\n<td>9<\/td>\n<td>27<\/td>\n<td>10-14<\/td>\n<\/tr>\n<tr>\n<td>PG 21<\/td>\n<td>KRL 06<\/td>\n<td>38<\/td>\n<td>11<\/td>\n<td>33<\/td>\n<td>13-18<\/td>\n<\/tr>\n<tr>\n<td>PG 29<\/td>\n<td>KRL 07<\/td>\n<td>41<\/td>\n<td>11<\/td>\n<td>42<\/td>\n<td>18-25<\/td>\n<\/tr>\n<tr>\n<td>PG 36<\/td>\n<td>KRL 08<\/td>\n<td>51<\/td>\n<td>13<\/td>\n<td>53<\/td>\n<td>22-32<\/td>\n<\/tr>\n<tr>\n<td>PG 42<\/td>\n<td>KRL 09<\/td>\n<td>53<\/td>\n<td>13<\/td>\n<td>60<\/td>\n<td>30-38<\/td>\n<\/tr>\n<tr>\n<td>PG 48<\/td>\n<td>KRL 10<\/td>\n<td>55<\/td>\n<td>14<\/td>\n<td>65<\/td>\n<td>34-44<\/td>\n<\/tr>\n<\/tbody>\n<\/table>","protected":false},"excerpt":{"rendered":"<h3>Material<\/h3>\n<table>\n<tbody>\n<tr>\n<td><strong>Barret<\/strong><\/td>\n<td>Poliamida PA6 V2<\/td>\n<\/tr>\n<tr>\n<td><strong>Junta de segellat<\/strong><\/td>\n<td>TPV<\/td>\n<\/tr>\n<tr>\n<td><strong>Cos<\/strong><\/td>\n<td>Poliamida PA6 V2<\/td>\n<\/tr>\n<tr>\n<td><strong>Junta t\u00f2rica<\/strong><\/td>\n<td>NBR<\/td>\n<\/tr>\n<tr>\n<td><strong>Tipus de Rosca<\/strong><\/td>\n<td>PG (DIN 40430)<\/td>\n<\/tr>\n<tr>\n<td><strong>Estanque\u00eftat<\/strong><\/td>\n<td>IP68<\/td>\n<\/tr>\n<tr>\n<td><strong>Temperatura de treball continua<\/strong><\/td>\n<td>-20 \u00baC +100 \u00baC<\/td>\n<\/tr>\n<\/tbody>\n<\/table>","protected":false},"featured_media":2997,"template":"","meta":{"_kad_blocks_custom_css":"","_kad_blocks_head_custom_js":"","_kad_blocks_body_custom_js":"","_kad_blocks_footer_custom_js":"","_kadence_starter_templates_imported_post":false,"_kad_post_transparent":"default","_kad_post_title":"","_kad_post_layout":"default","_kad_post_sidebar_id":"","_kad_post_content_style":"default","_kad_post_vertical_padding":"default","_kad_post_feature":"","_kad_post_feature_position":"","_kad_post_header":false,"_kad_post_footer":false},"product_cat":[29,35],"product_tag":[],"class_list":{"0":"post-1522","1":"product","2":"type-product","3":"status-publish","4":"has-post-thumbnail","6":"product_cat-prensaestopas-y-accesorios-plasticos-de-poliamida","7":"product_cat-prensaestopas-obturado-poliamida-ip-68","9":"first","10":"instock","11":"shipping-taxable","12":"product-type-simple","13":"entry","14":"content-bg","15":"loop-entry"},"yoast_head":"<!-- This site is optimized with the Yoast SEO plugin v21.7 - https:\/\/yoast.com\/wordpress\/plugins\/seo\/ -->\n<title>Prensaestopas PG Obturado Poliamida IP-68 Gris Claro - Fleximat<\/title>\n<meta name=\"robots\" content=\"index, follow, max-snippet:-1, max-image-preview:large, max-video-preview:-1\" \/>\n<link rel=\"canonical\" href=\"https:\/\/www.fleximat.es\/ca\/produto\/prensaestopas-pg-obturado-poliamida-ip-68-gris-claro\/\" \/>\n<meta property=\"og:locale\" content=\"ca_ES\" \/>\n<meta property=\"og:type\" content=\"article\" \/>\n<meta property=\"og:title\" content=\"Prensaestopas PG Obturado Poliamida IP-68 Gris Claro - Fleximat\" \/>\n<meta property=\"og:description\" content=\"Material    Sombrerete Poliamida PA6 V2   Junta de sellado TPV   Cuerpo Poliamida PA6 V2   Junta t\u00f3rica NBR   Tipo de Rosca PG (DIN 40430)   Estanqueidad IP68   Temperatura de trabajo continua -20 \u00baC +100 \u00baC\" \/>\n<meta property=\"og:url\" content=\"https:\/\/www.fleximat.es\/ca\/produto\/prensaestopas-pg-obturado-poliamida-ip-68-gris-claro\/\" \/>\n<meta property=\"og:site_name\" content=\"Fleximat\" \/>\n<meta property=\"article:modified_time\" content=\"2023-11-27T10:29:15+00:00\" \/>\n<meta property=\"og:image\" content=\"https:\/\/www.fleximat.es\/wp-content\/uploads\/2023\/10\/th_crop_1571833004flexitec-obturado-1.png\" \/>\n\t<meta property=\"og:image:width\" content=\"600\" \/>\n\t<meta property=\"og:image:height\" content=\"600\" \/>\n\t<meta property=\"og:image:type\" content=\"image\/png\" \/>\n<meta name=\"twitter:card\" content=\"summary_large_image\" \/>\n<meta name=\"twitter:label1\" content=\"Temps estimat de lectura\" \/>\n\t<meta name=\"twitter:data1\" content=\"1 minut\" \/>\n<script type=\"application\/ld+json\" class=\"yoast-schema-graph\">{\"@context\":\"https:\/\/schema.org\",\"@graph\":[{\"@type\":\"WebPage\",\"@id\":\"https:\/\/www.fleximat.es\/pt\/produto\/prensaestopas-pg-obturado-poliamida-ip-68-gris-claro\/\",\"url\":\"https:\/\/www.fleximat.es\/pt\/produto\/prensaestopas-pg-obturado-poliamida-ip-68-gris-claro\/\",\"name\":\"Prensaestopas PG Obturado Poliamida IP-68 Gris Claro - Fleximat\",\"isPartOf\":{\"@id\":\"https:\/\/www.fleximat.es\/bn\/#website\"},\"datePublished\":\"2023-10-18T15:52:27+00:00\",\"dateModified\":\"2023-11-27T10:29:15+00:00\",\"breadcrumb\":{\"@id\":\"https:\/\/www.fleximat.es\/pt\/produto\/prensaestopas-pg-obturado-poliamida-ip-68-gris-claro\/#breadcrumb\"},\"inLanguage\":\"ca\",\"potentialAction\":[{\"@type\":\"ReadAction\",\"target\":[\"https:\/\/www.fleximat.es\/pt\/produto\/prensaestopas-pg-obturado-poliamida-ip-68-gris-claro\/\"]}]},{\"@type\":\"BreadcrumbList\",\"@id\":\"https:\/\/www.fleximat.es\/pt\/produto\/prensaestopas-pg-obturado-poliamida-ip-68-gris-claro\/#breadcrumb\",\"itemListElement\":[{\"@type\":\"ListItem\",\"position\":1,\"name\":\"Portada\",\"item\":\"https:\/\/www.fleximat.es\/\"},{\"@type\":\"ListItem\",\"position\":2,\"name\":\"Productos\",\"item\":\"https:\/\/www.fleximat.es\/en\/productos\/\"},{\"@type\":\"ListItem\",\"position\":3,\"name\":\"Prensaestopas PG Obturado Poliamida IP-68 Gris Claro\"}]},{\"@type\":\"WebSite\",\"@id\":\"https:\/\/www.fleximat.es\/bn\/#website\",\"url\":\"https:\/\/www.fleximat.es\/bn\/\",\"name\":\"Fleximat\",\"description\":\"Tu soluci\u00f3n en prensaestopas y tubos flexibles\",\"publisher\":{\"@id\":\"https:\/\/www.fleximat.es\/bn\/#organization\"},\"potentialAction\":[{\"@type\":\"SearchAction\",\"target\":{\"@type\":\"EntryPoint\",\"urlTemplate\":\"https:\/\/www.fleximat.es\/bn\/?s={search_term_string}\"},\"query-input\":\"required name=search_term_string\"}],\"inLanguage\":\"ca\"},{\"@type\":\"Organization\",\"@id\":\"https:\/\/www.fleximat.es\/bn\/#organization\",\"name\":\"Fleximat\",\"url\":\"https:\/\/www.fleximat.es\/bn\/\",\"logo\":{\"@type\":\"ImageObject\",\"inLanguage\":\"ca\",\"@id\":\"https:\/\/www.fleximat.es\/bn\/#\/schema\/logo\/image\/\",\"url\":\"https:\/\/www.fleximat.es\/wp-content\/uploads\/2023\/11\/fleximat-logo-1.png\",\"contentUrl\":\"https:\/\/www.fleximat.es\/wp-content\/uploads\/2023\/11\/fleximat-logo-1.png\",\"width\":1169,\"height\":289,\"caption\":\"Fleximat\"},\"image\":{\"@id\":\"https:\/\/www.fleximat.es\/bn\/#\/schema\/logo\/image\/\"}}]}<\/script>\n<!-- \/ Yoast SEO plugin. -->","yoast_head_json":{"title":"Prensaestopas PG Obturado Poliamida IP-68 Gris Claro - Fleximat","robots":{"index":"index","follow":"follow","max-snippet":"max-snippet:-1","max-image-preview":"max-image-preview:large","max-video-preview":"max-video-preview:-1"},"canonical":"https:\/\/www.fleximat.es\/ca\/produto\/prensaestopas-pg-obturado-poliamida-ip-68-gris-claro\/","og_locale":"ca_ES","og_type":"article","og_title":"Prensaestopas PG Obturado Poliamida IP-68 Gris Claro - Fleximat","og_description":"Material    Sombrerete Poliamida PA6 V2   Junta de sellado TPV   Cuerpo Poliamida PA6 V2   Junta t\u00f3rica NBR   Tipo de Rosca PG (DIN 40430)   Estanqueidad IP68   Temperatura de trabajo continua -20 \u00baC +100 \u00baC","og_url":"https:\/\/www.fleximat.es\/ca\/produto\/prensaestopas-pg-obturado-poliamida-ip-68-gris-claro\/","og_site_name":"Fleximat","article_modified_time":"2023-11-27T10:29:15+00:00","og_image":[{"width":600,"height":600,"url":"https:\/\/www.fleximat.es\/wp-content\/uploads\/2023\/10\/th_crop_1571833004flexitec-obturado-1.png","type":"image\/png"}],"twitter_card":"summary_large_image","twitter_misc":{"Temps estimat de lectura":"1 minut"},"schema":{"@context":"https:\/\/schema.org","@graph":[{"@type":"WebPage","@id":"https:\/\/www.fleximat.es\/pt\/produto\/prensaestopas-pg-obturado-poliamida-ip-68-gris-claro\/","url":"https:\/\/www.fleximat.es\/pt\/produto\/prensaestopas-pg-obturado-poliamida-ip-68-gris-claro\/","name":"Prensaestopas PG Obturado Poliamida IP-68 Gris Claro - Fleximat","isPartOf":{"@id":"https:\/\/www.fleximat.es\/bn\/#website"},"datePublished":"2023-10-18T15:52:27+00:00","dateModified":"2023-11-27T10:29:15+00:00","breadcrumb":{"@id":"https:\/\/www.fleximat.es\/pt\/produto\/prensaestopas-pg-obturado-poliamida-ip-68-gris-claro\/#breadcrumb"},"inLanguage":"ca","potentialAction":[{"@type":"ReadAction","target":["https:\/\/www.fleximat.es\/pt\/produto\/prensaestopas-pg-obturado-poliamida-ip-68-gris-claro\/"]}]},{"@type":"BreadcrumbList","@id":"https:\/\/www.fleximat.es\/pt\/produto\/prensaestopas-pg-obturado-poliamida-ip-68-gris-claro\/#breadcrumb","itemListElement":[{"@type":"ListItem","position":1,"name":"Portada","item":"https:\/\/www.fleximat.es\/"},{"@type":"ListItem","position":2,"name":"Productos","item":"https:\/\/www.fleximat.es\/en\/productos\/"},{"@type":"ListItem","position":3,"name":"Prensaestopas PG Obturado Poliamida IP-68 Gris Claro"}]},{"@type":"WebSite","@id":"https:\/\/www.fleximat.es\/bn\/#website","url":"https:\/\/www.fleximat.es\/bn\/","name":"Fleximat","description":"Tu soluci\u00f3n en prensaestopas y tubos flexibles","publisher":{"@id":"https:\/\/www.fleximat.es\/bn\/#organization"},"potentialAction":[{"@type":"SearchAction","target":{"@type":"EntryPoint","urlTemplate":"https:\/\/www.fleximat.es\/bn\/?s={search_term_string}"},"query-input":"required name=search_term_string"}],"inLanguage":"ca"},{"@type":"Organization","@id":"https:\/\/www.fleximat.es\/bn\/#organization","name":"Fleximat","url":"https:\/\/www.fleximat.es\/bn\/","logo":{"@type":"ImageObject","inLanguage":"ca","@id":"https:\/\/www.fleximat.es\/bn\/#\/schema\/logo\/image\/","url":"https:\/\/www.fleximat.es\/wp-content\/uploads\/2023\/11\/fleximat-logo-1.png","contentUrl":"https:\/\/www.fleximat.es\/wp-content\/uploads\/2023\/11\/fleximat-logo-1.png","width":1169,"height":289,"caption":"Fleximat"},"image":{"@id":"https:\/\/www.fleximat.es\/bn\/#\/schema\/logo\/image\/"}}]}},"taxonomy_info":{"product_cat":[{"value":29,"label":"Prensaestopas y accesorios pl\u00e1sticos de Poliamida"},{"value":35,"label":"Prensaestopas Obturado poliamida IP-68"}]},"featured_image_src_large":["https:\/\/www.fleximat.es\/wp-content\/uploads\/2023\/10\/th_crop_1571833004flexitec-obturado-1.png",600,600,false],"author_info":[],"comment_info":"","_links":{"self":[{"href":"https:\/\/www.fleximat.es\/ca\/wp-json\/wp\/v2\/product\/1522"}],"collection":[{"href":"https:\/\/www.fleximat.es\/ca\/wp-json\/wp\/v2\/product"}],"about":[{"href":"https:\/\/www.fleximat.es\/ca\/wp-json\/wp\/v2\/types\/product"}],"wp:featuredmedia":[{"embeddable":true,"href":"https:\/\/www.fleximat.es\/ca\/wp-json\/wp\/v2\/media\/2997"}],"wp:attachment":[{"href":"https:\/\/www.fleximat.es\/ca\/wp-json\/wp\/v2\/media?parent=1522"}],"wp:term":[{"taxonomy":"product_cat","embeddable":true,"href":"https:\/\/www.fleximat.es\/ca\/wp-json\/wp\/v2\/product_cat?post=1522"},{"taxonomy":"product_tag","embeddable":true,"href":"https:\/\/www.fleximat.es\/ca\/wp-json\/wp\/v2\/product_tag?post=1522"}],"curies":[{"name":"wp","href":"https:\/\/api.w.org\/{rel}","templated":true}]}}