{"id":1623,"date":"2023-10-18T17:53:15","date_gmt":"2023-10-18T15:53:15","guid":{"rendered":"https:\/\/www.fleximat.es\/?post_type=product&#038;p=1623"},"modified":"2023-12-04T17:22:01","modified_gmt":"2023-12-04T16:22:01","slug":"tapon-ventilacion-pg-poliamida-ip-68","status":"publish","type":"product","link":"https:\/\/www.fleximat.es\/ca\/producte\/tapon-ventilacion-pg-poliamida-ip-68\/","title":{"rendered":"Tap Ventilaci\u00f3 PG Poliamida IP-68"},"content":{"rendered":"<h4>Propietats<\/h4>\n<p>Sistema de ventilaci\u00f3: Co-Pol\u00edmer acr\u00edlic en un suport de nil\u00f3 (hidrof\u00f2bic-oleof\u00f2bic).<\/p>\n<p>Equalitzaci\u00f3 de la pressi\u00f3 interior i exterior del sistema. Gran flux de ventilaci\u00f3.<\/p>\n<p>Preveu la corrosi\u00f3 i condensaci\u00f3 d&#039;aigua dins l&#039;aparell. Doble funci\u00f3: Premsaestopes\/element de ventliaci\u00f3. Allarga la vida del producte on \u00e9s aplicat.<\/p>\n<p>Resist\u00e8ncia a: UV, Anti-estirada, Productes qu\u00edmics, Antivibraci\u00f3. F\u00e0cil muntatge i lliure de Hal\u00f2gens.<\/p>\n<p>Aplicacions: Equips il\u00b7luminaci\u00f3, panells solars, equips electr\u00f2nics, automatismes, ind\u00fastria automoci\u00f3 i ferrovi\u00e0ria<\/p>\n<h3>Descripci\u00f3 del producte<\/h3>\n<p>Els taps de ventilaci\u00f3 o anticondensaci\u00f3 s&#039;utilitzen per protegir els equips de l&#039;oxidaci\u00f3 i trencament que hi pugui haver degut als canvis de temperatura.<\/p>\n<p>Els taps de ventilaci\u00f3 utilitzen una v\u00e0lvula de pol\u00edmer per permetre un flux daire adequat i equalitzar la pressi\u00f3.<\/p>\n<p>Aquests taps anticondensaci\u00f3 se solen utilitzar en equips que treballen a l&#039;exterior els recomanem per a tot tipus d&#039;aplicacions, especialment el sector de la il\u00b7luminaci\u00f3.<\/p>\n<table class=\"table table-bordered table-striped\">\n<thead>\n<tr>\n<td>Rosca<\/td>\n<td>Codi Gris RAL7035<\/td>\n<td>Codi Negre RAL9005<\/td>\n<td>H<\/p>\n<p>mm.<\/td>\n<td>GL<\/p>\n<p>mm.<\/td>\n<td>mm.<\/td>\n<td>Di\u00e0metre de rosca mm.<\/td>\n<td>Di\u00e0metre del forat mm.<\/td>\n<td>Flux d&#039;aire<\/p>\n<p>\/ I\/H<\/td>\n<td>Intrusi\u00f3 d\u00b4aigua<\/p>\n<p>mbar<\/td>\n<\/tr>\n<\/thead>\n<tbody>\n<tr>\n<td>M12 x 1,5<\/td>\n<td>OMVPL01S<\/td>\n<td>OMVPB01S<\/td>\n<td>15<\/td>\n<td>6<\/td>\n<td>18<\/td>\n<td>12<\/td>\n<td>12,3<\/td>\n<td>16<\/td>\n<td>0,8<\/td>\n<\/tr>\n<tr>\n<td>M12 x 1,5<\/td>\n<td>OMVPL01M<\/td>\n<td>OMVPB01M<\/td>\n<td>15<\/td>\n<td>6<\/td>\n<td>18<\/td>\n<td>12<\/td>\n<td>12,3<\/td>\n<td>25<\/td>\n<td>0,5<\/td>\n<\/tr>\n<tr>\n<td>M12 x 1,5<\/td>\n<td>OMVPL01H<\/td>\n<td>OMVPB01H<\/td>\n<td>15<\/td>\n<td>6<\/td>\n<td>18<\/td>\n<td>12<\/td>\n<td>12,3<\/td>\n<td>133<\/td>\n<td>0,2<\/td>\n<\/tr>\n<tr>\n<td>M12 x 1,5<\/td>\n<td>OMVPL01UH<\/td>\n<td>OMVPB01UH<\/td>\n<td>15<\/td>\n<td>6<\/td>\n<td>18<\/td>\n<td>12<\/td>\n<td>12,3<\/td>\n<td>300<\/td>\n<td>0,1<\/td>\n<\/tr>\n<tr>\n<td>M12 x 1,5<\/td>\n<td>OMVPL01SL<\/td>\n<td>OMVPB01SL<\/td>\n<td>15<\/td>\n<td>10<\/td>\n<td>18<\/td>\n<td>12<\/td>\n<td>12,3<\/td>\n<td>16<\/td>\n<td>0,8<\/td>\n<\/tr>\n<tr>\n<td>M12 x 1,5<\/td>\n<td>OMVPL01ML<\/td>\n<td>OMVPB01ML<\/td>\n<td>15<\/td>\n<td>10<\/td>\n<td>18<\/td>\n<td>12<\/td>\n<td>12,3<\/td>\n<td>25<\/td>\n<td>0,5<\/td>\n<\/tr>\n<tr>\n<td>M12 x 1,5<\/td>\n<td>OMVPL01HL<\/td>\n<td>OMVPB01HL<\/td>\n<td>15<\/td>\n<td>10<\/td>\n<td>18<\/td>\n<td>12<\/td>\n<td>12,3<\/td>\n<td>133<\/td>\n<td>0,2<\/td>\n<\/tr>\n<tr>\n<td>M12 x 1,5<\/td>\n<td>OMVPL01UHL<\/td>\n<td>OMVPB01UHL<\/td>\n<td>15<\/td>\n<td>10<\/td>\n<td>18<\/td>\n<td>12<\/td>\n<td>12,3<\/td>\n<td>300<\/td>\n<td>0,1<\/td>\n<\/tr>\n<\/tbody>\n<\/table>","protected":false},"excerpt":{"rendered":"<h3>Caracter\u00edstiques<\/h3>\n<table>\n<tbody>\n<tr>\n<td><strong>Junta t\u00f2rica<\/strong><\/td>\n<td>NBR \/ EPDM<\/td>\n<\/tr>\n<tr>\n<td><strong>Tipus de Rosca<\/strong><\/td>\n<td>PG (DIN 40430)<\/td>\n<\/tr>\n<tr>\n<td><strong>Estanque\u00eftat<\/strong><\/td>\n<td>IP68<\/td>\n<\/tr>\n<tr>\n<td><strong>Temperatura de treball continua<\/strong><\/td>\n<td>-40 \u00baC +105 \u00baC<\/td>\n<\/tr>\n<\/tbody>\n<\/table>","protected":false},"featured_media":3088,"template":"","meta":{"_kad_blocks_custom_css":"","_kad_blocks_head_custom_js":"","_kad_blocks_body_custom_js":"","_kad_blocks_footer_custom_js":"","_kadence_starter_templates_imported_post":false,"_kad_post_transparent":"default","_kad_post_title":"","_kad_post_layout":"default","_kad_post_sidebar_id":"","_kad_post_content_style":"default","_kad_post_vertical_padding":"default","_kad_post_feature":"","_kad_post_feature_position":"","_kad_post_header":false,"_kad_post_footer":false},"product_cat":[65,67],"product_tag":[],"class_list":{"0":"post-1623","1":"product","2":"type-product","3":"status-publish","4":"has-post-thumbnail","6":"product_cat-prensaestopas-y-tapones-de-ventilacion","7":"product_cat-tapon-de-ventilacion","9":"first","10":"instock","11":"shipping-taxable","12":"product-type-simple","13":"entry","14":"content-bg","15":"loop-entry"},"yoast_head":"<!-- This site is optimized with the Yoast SEO plugin v21.7 - https:\/\/yoast.com\/wordpress\/plugins\/seo\/ -->\n<title>Tap\u00f3n Ventilaci\u00f3n PG Poliamida IP-68 - Fleximat<\/title>\n<meta name=\"robots\" content=\"index, follow, max-snippet:-1, max-image-preview:large, max-video-preview:-1\" \/>\n<link rel=\"canonical\" href=\"https:\/\/www.fleximat.es\/ca\/produto\/tapon-ventilacion-pg-poliamida-ip-68\/\" \/>\n<meta property=\"og:locale\" content=\"ca_ES\" \/>\n<meta property=\"og:type\" content=\"article\" \/>\n<meta property=\"og:title\" content=\"Tap\u00f3n Ventilaci\u00f3n PG Poliamida IP-68 - Fleximat\" \/>\n<meta property=\"og:description\" content=\"Caracter\u00edsticas    Junta t\u00f3rica NBR \/ EPDM   Tipo de Rosca PG (DIN 40430)   Estanqueidad IP68   Temperatura de trabajo continua -40 \u00baC +105 \u00baC\" \/>\n<meta property=\"og:url\" content=\"https:\/\/www.fleximat.es\/ca\/produto\/tapon-ventilacion-pg-poliamida-ip-68\/\" \/>\n<meta property=\"og:site_name\" content=\"Fleximat\" \/>\n<meta property=\"article:modified_time\" content=\"2023-12-04T16:22:01+00:00\" \/>\n<meta property=\"og:image\" content=\"https:\/\/www.fleximat.es\/wp-content\/uploads\/2023\/12\/tapon-ventilacion-acero-inoxidable-ip-68-gris.png\" \/>\n\t<meta property=\"og:image:width\" content=\"700\" \/>\n\t<meta property=\"og:image:height\" content=\"700\" \/>\n\t<meta property=\"og:image:type\" content=\"image\/png\" \/>\n<meta name=\"twitter:card\" content=\"summary_large_image\" \/>\n<meta name=\"twitter:label1\" content=\"Temps estimat de lectura\" \/>\n\t<meta name=\"twitter:data1\" content=\"1 minut\" \/>\n<script type=\"application\/ld+json\" class=\"yoast-schema-graph\">{\"@context\":\"https:\/\/schema.org\",\"@graph\":[{\"@type\":\"WebPage\",\"@id\":\"https:\/\/www.fleximat.es\/pt\/produto\/tapon-ventilacion-pg-poliamida-ip-68\/\",\"url\":\"https:\/\/www.fleximat.es\/pt\/produto\/tapon-ventilacion-pg-poliamida-ip-68\/\",\"name\":\"Tap\u00f3n Ventilaci\u00f3n PG Poliamida IP-68 - Fleximat\",\"isPartOf\":{\"@id\":\"https:\/\/www.fleximat.es\/bn\/#website\"},\"datePublished\":\"2023-10-18T15:53:15+00:00\",\"dateModified\":\"2023-12-04T16:22:01+00:00\",\"breadcrumb\":{\"@id\":\"https:\/\/www.fleximat.es\/pt\/produto\/tapon-ventilacion-pg-poliamida-ip-68\/#breadcrumb\"},\"inLanguage\":\"ca\",\"potentialAction\":[{\"@type\":\"ReadAction\",\"target\":[\"https:\/\/www.fleximat.es\/pt\/produto\/tapon-ventilacion-pg-poliamida-ip-68\/\"]}]},{\"@type\":\"BreadcrumbList\",\"@id\":\"https:\/\/www.fleximat.es\/pt\/produto\/tapon-ventilacion-pg-poliamida-ip-68\/#breadcrumb\",\"itemListElement\":[{\"@type\":\"ListItem\",\"position\":1,\"name\":\"Portada\",\"item\":\"https:\/\/www.fleximat.es\/\"},{\"@type\":\"ListItem\",\"position\":2,\"name\":\"Productos\",\"item\":\"https:\/\/www.fleximat.es\/en\/productos\/\"},{\"@type\":\"ListItem\",\"position\":3,\"name\":\"Tap\u00f3n Ventilaci\u00f3n PG Poliamida IP-68\"}]},{\"@type\":\"WebSite\",\"@id\":\"https:\/\/www.fleximat.es\/bn\/#website\",\"url\":\"https:\/\/www.fleximat.es\/bn\/\",\"name\":\"Fleximat\",\"description\":\"Tu soluci\u00f3n en prensaestopas y tubos flexibles\",\"publisher\":{\"@id\":\"https:\/\/www.fleximat.es\/bn\/#organization\"},\"potentialAction\":[{\"@type\":\"SearchAction\",\"target\":{\"@type\":\"EntryPoint\",\"urlTemplate\":\"https:\/\/www.fleximat.es\/bn\/?s={search_term_string}\"},\"query-input\":\"required name=search_term_string\"}],\"inLanguage\":\"ca\"},{\"@type\":\"Organization\",\"@id\":\"https:\/\/www.fleximat.es\/bn\/#organization\",\"name\":\"Fleximat\",\"url\":\"https:\/\/www.fleximat.es\/bn\/\",\"logo\":{\"@type\":\"ImageObject\",\"inLanguage\":\"ca\",\"@id\":\"https:\/\/www.fleximat.es\/bn\/#\/schema\/logo\/image\/\",\"url\":\"https:\/\/www.fleximat.es\/wp-content\/uploads\/2023\/11\/fleximat-logo-1.png\",\"contentUrl\":\"https:\/\/www.fleximat.es\/wp-content\/uploads\/2023\/11\/fleximat-logo-1.png\",\"width\":1169,\"height\":289,\"caption\":\"Fleximat\"},\"image\":{\"@id\":\"https:\/\/www.fleximat.es\/bn\/#\/schema\/logo\/image\/\"}}]}<\/script>\n<!-- \/ Yoast SEO plugin. -->","yoast_head_json":{"title":"Tap\u00f3n Ventilaci\u00f3n PG Poliamida IP-68 - Fleximat","robots":{"index":"index","follow":"follow","max-snippet":"max-snippet:-1","max-image-preview":"max-image-preview:large","max-video-preview":"max-video-preview:-1"},"canonical":"https:\/\/www.fleximat.es\/ca\/produto\/tapon-ventilacion-pg-poliamida-ip-68\/","og_locale":"ca_ES","og_type":"article","og_title":"Tap\u00f3n Ventilaci\u00f3n PG Poliamida IP-68 - Fleximat","og_description":"Caracter\u00edsticas    Junta t\u00f3rica NBR \/ EPDM   Tipo de Rosca PG (DIN 40430)   Estanqueidad IP68   Temperatura de trabajo continua -40 \u00baC +105 \u00baC","og_url":"https:\/\/www.fleximat.es\/ca\/produto\/tapon-ventilacion-pg-poliamida-ip-68\/","og_site_name":"Fleximat","article_modified_time":"2023-12-04T16:22:01+00:00","og_image":[{"width":700,"height":700,"url":"https:\/\/www.fleximat.es\/wp-content\/uploads\/2023\/12\/tapon-ventilacion-acero-inoxidable-ip-68-gris.png","type":"image\/png"}],"twitter_card":"summary_large_image","twitter_misc":{"Temps estimat de lectura":"1 minut"},"schema":{"@context":"https:\/\/schema.org","@graph":[{"@type":"WebPage","@id":"https:\/\/www.fleximat.es\/pt\/produto\/tapon-ventilacion-pg-poliamida-ip-68\/","url":"https:\/\/www.fleximat.es\/pt\/produto\/tapon-ventilacion-pg-poliamida-ip-68\/","name":"Tap\u00f3n Ventilaci\u00f3n PG Poliamida IP-68 - Fleximat","isPartOf":{"@id":"https:\/\/www.fleximat.es\/bn\/#website"},"datePublished":"2023-10-18T15:53:15+00:00","dateModified":"2023-12-04T16:22:01+00:00","breadcrumb":{"@id":"https:\/\/www.fleximat.es\/pt\/produto\/tapon-ventilacion-pg-poliamida-ip-68\/#breadcrumb"},"inLanguage":"ca","potentialAction":[{"@type":"ReadAction","target":["https:\/\/www.fleximat.es\/pt\/produto\/tapon-ventilacion-pg-poliamida-ip-68\/"]}]},{"@type":"BreadcrumbList","@id":"https:\/\/www.fleximat.es\/pt\/produto\/tapon-ventilacion-pg-poliamida-ip-68\/#breadcrumb","itemListElement":[{"@type":"ListItem","position":1,"name":"Portada","item":"https:\/\/www.fleximat.es\/"},{"@type":"ListItem","position":2,"name":"Productos","item":"https:\/\/www.fleximat.es\/en\/productos\/"},{"@type":"ListItem","position":3,"name":"Tap\u00f3n Ventilaci\u00f3n PG Poliamida IP-68"}]},{"@type":"WebSite","@id":"https:\/\/www.fleximat.es\/bn\/#website","url":"https:\/\/www.fleximat.es\/bn\/","name":"Fleximat","description":"Tu soluci\u00f3n en prensaestopas y tubos flexibles","publisher":{"@id":"https:\/\/www.fleximat.es\/bn\/#organization"},"potentialAction":[{"@type":"SearchAction","target":{"@type":"EntryPoint","urlTemplate":"https:\/\/www.fleximat.es\/bn\/?s={search_term_string}"},"query-input":"required name=search_term_string"}],"inLanguage":"ca"},{"@type":"Organization","@id":"https:\/\/www.fleximat.es\/bn\/#organization","name":"Fleximat","url":"https:\/\/www.fleximat.es\/bn\/","logo":{"@type":"ImageObject","inLanguage":"ca","@id":"https:\/\/www.fleximat.es\/bn\/#\/schema\/logo\/image\/","url":"https:\/\/www.fleximat.es\/wp-content\/uploads\/2023\/11\/fleximat-logo-1.png","contentUrl":"https:\/\/www.fleximat.es\/wp-content\/uploads\/2023\/11\/fleximat-logo-1.png","width":1169,"height":289,"caption":"Fleximat"},"image":{"@id":"https:\/\/www.fleximat.es\/bn\/#\/schema\/logo\/image\/"}}]}},"taxonomy_info":{"product_cat":[{"value":65,"label":"Prensaestopas y tapones de ventilaci\u00f3n"},{"value":67,"label":"Tap\u00f3n de ventilaci\u00f3n"}]},"featured_image_src_large":["https:\/\/www.fleximat.es\/wp-content\/uploads\/2023\/12\/tapon-ventilacion-acero-inoxidable-ip-68-gris.png",700,700,false],"author_info":[],"comment_info":"","_links":{"self":[{"href":"https:\/\/www.fleximat.es\/ca\/wp-json\/wp\/v2\/product\/1623"}],"collection":[{"href":"https:\/\/www.fleximat.es\/ca\/wp-json\/wp\/v2\/product"}],"about":[{"href":"https:\/\/www.fleximat.es\/ca\/wp-json\/wp\/v2\/types\/product"}],"wp:featuredmedia":[{"embeddable":true,"href":"https:\/\/www.fleximat.es\/ca\/wp-json\/wp\/v2\/media\/3088"}],"wp:attachment":[{"href":"https:\/\/www.fleximat.es\/ca\/wp-json\/wp\/v2\/media?parent=1623"}],"wp:term":[{"taxonomy":"product_cat","embeddable":true,"href":"https:\/\/www.fleximat.es\/ca\/wp-json\/wp\/v2\/product_cat?post=1623"},{"taxonomy":"product_tag","embeddable":true,"href":"https:\/\/www.fleximat.es\/ca\/wp-json\/wp\/v2\/product_tag?post=1623"}],"curies":[{"name":"wp","href":"https:\/\/api.w.org\/{rel}","templated":true}]}}