{"id":1762,"date":"2023-10-18T17:54:27","date_gmt":"2023-10-18T15:54:27","guid":{"rendered":"https:\/\/www.fleximat.es\/?post_type=product&#038;p=1762"},"modified":"2023-10-25T09:12:19","modified_gmt":"2023-10-25T07:12:19","slug":"derivacion-para-tubo-poliamida-en-y","status":"publish","type":"product","link":"https:\/\/www.fleximat.es\/ca\/producte\/derivacion-para-tubo-poliamida-en-y\/","title":{"rendered":"Derivaci\u00f3 per a tub poliamida a Y"},"content":{"rendered":"<h4>Propietats<\/h4>\n<p>Alta resist\u00e8ncia a limpacte i la temperatura.<\/p>\n<p>F\u00e0cil de muntarAmpli rang de cable<\/p>\n<p>Lliure d&#039;halogen<\/p>\n<h3>Descripci\u00f3 del producte<\/h3>\n<p><span style=\"font-weight: 400;\">Un premsaestopes de grans dimensions o Maxiprensaestopes \u00e9s un premsaestopes de grans dimensions per a aplicacions concretes. S\u00f3n especials i fabricats en metall, ja sigui llaut\u00f3 niquelat o acer inoxidable.<\/span><\/p>\n<p><span style=\"font-weight: 400;\">El Maxiprensaestopes sol ser utilitzat en la seva versi\u00f3 met\u00e0l\u00b7lica en projectes on s&#039;exigeix una gran protecci\u00f3 mec\u00e0nica i qu\u00edmica, com ara els aerogeneradors.\u00a0<\/span><\/p>\n<p><span style=\"font-weight: 400;\">Els maxiprensaestopes es caracteritzen per tenir un rang d&#039;estrenyi de cable m\u00e9s gran. La mida de cable per a aquestes peces \u00e9s de fins als 60-70mm (versi\u00f3 de M90 o 3\u201d).<\/span><\/p>\n<table class=\"table table-bordered table-striped\">\n<thead>\n<tr>\n<td>Rosca<\/td>\n<td>Codi<\/td>\n<td>H mm<\/td>\n<td>GL mm<\/td>\n<td>B mm<\/td>\n<td>C mm<\/td>\n<td>mm<\/td>\n<\/tr>\n<\/thead>\n<tbody>\n<tr>\n<td>M 63 X 1,5<\/td>\n<td>OMBG 17<\/td>\n<td>48<\/td>\n<td>15<\/td>\n<td>70<\/td>\n<td>75<\/td>\n<td>45-55<\/td>\n<\/tr>\n<tr>\n<td>M 75 X 1,5<\/td>\n<td>OMBG 18s<\/td>\n<td>48<\/td>\n<td>20<\/td>\n<td>85<\/td>\n<td>75<\/td>\n<td>45-55<\/td>\n<\/tr>\n<tr>\n<td>M 75 X 1,5<\/td>\n<td>OMBG 18<\/td>\n<td>58<\/td>\n<td>20<\/td>\n<td>90<\/td>\n<td>90<\/td>\n<td>50-63<\/td>\n<\/tr>\n<tr>\n<td>M 80 X 2,0<\/td>\n<td>OMBG 1880<\/td>\n<td>58<\/td>\n<td>20<\/td>\n<td>90<\/td>\n<td>90<\/td>\n<td>50-63<\/td>\n<\/tr>\n<tr>\n<td>M 90 X 2,0<\/td>\n<td>OMBG 19<\/td>\n<td>61<\/td>\n<td>20<\/td>\n<td>100<\/td>\n<td>100<\/td>\n<td>60-70<\/td>\n<\/tr>\n<tr>\n<td>2 \u00bd\u00bb<\/td>\n<td>ONBG 18s<\/td>\n<td>48<\/td>\n<td>20<\/td>\n<td>85<\/td>\n<td>75<\/td>\n<td>45-55<\/td>\n<\/tr>\n<tr>\n<td>2 \u00bd\u00bb<\/td>\n<td>ONBG 18<\/td>\n<td>58<\/td>\n<td>20<\/td>\n<td>90<\/td>\n<td>90<\/td>\n<td>50-63<\/td>\n<\/tr>\n<tr>\n<td>3&#8243;<\/td>\n<td>ONBG 19<\/td>\n<td>61<\/td>\n<td>20<\/td>\n<td>100<\/td>\n<td>100<\/td>\n<td>60-70<\/td>\n<\/tr>\n<\/tbody>\n<\/table>","protected":false},"excerpt":{"rendered":"<h3>Caracter\u00edstiques<\/h3>\n<table>\n<tbody>\n<tr>\n<td><strong>Barret<\/strong><\/td>\n<td>Llaut\u00f3 Niquelat<\/td>\n<\/tr>\n<tr>\n<td><strong>Junta de segellat<\/strong><\/td>\n<td>EPDM<\/td>\n<\/tr>\n<tr>\n<td><strong>Junta t\u00f2rica<\/strong><\/td>\n<td>NBR<\/td>\n<\/tr>\n<tr>\n<td><strong>Tipus de Rosca<\/strong><\/td>\n<td>M\u00e8trica (EN 60423)<\/td>\n<\/tr>\n<tr>\n<td><strong>Estanque\u00eftat<\/strong><\/td>\n<td>IP68<\/td>\n<\/tr>\n<tr>\n<td><strong>Temperatura de treball continua<\/strong><\/td>\n<td>-40 \u00baC +140 \u00baC +150 \u00baC (temporal)<\/td>\n<\/tr>\n<\/tbody>\n<\/table>","protected":false},"featured_media":1789,"template":"","meta":{"_kad_blocks_custom_css":"","_kad_blocks_head_custom_js":"","_kad_blocks_body_custom_js":"","_kad_blocks_footer_custom_js":"","_kadence_starter_templates_imported_post":false,"_kad_post_transparent":"default","_kad_post_title":"","_kad_post_layout":"default","_kad_post_sidebar_id":"","_kad_post_content_style":"default","_kad_post_vertical_padding":"default","_kad_post_feature":"","_kad_post_feature_position":"","_kad_post_header":false,"_kad_post_footer":false},"product_cat":[68,77],"product_tag":[],"class_list":{"0":"post-1762","1":"product","2":"type-product","3":"status-publish","4":"has-post-thumbnail","6":"product_cat-tubos-flexibles-racores-y-accesorios","7":"product_cat-tubos-flexibles-de-poliamida-y-accesorios","9":"first","10":"instock","11":"shipping-taxable","12":"product-type-simple","13":"entry","14":"content-bg","15":"loop-entry"},"yoast_head":"<!-- This site is optimized with the Yoast SEO plugin v21.7 - https:\/\/yoast.com\/wordpress\/plugins\/seo\/ -->\n<title>Derivaci\u00f3n para tubo poliamida en Y - Fleximat<\/title>\n<meta name=\"robots\" content=\"index, follow, max-snippet:-1, max-image-preview:large, max-video-preview:-1\" \/>\n<link rel=\"canonical\" href=\"https:\/\/www.fleximat.es\/ca\/producte\/derivacion-para-tubo-poliamida-en-y\/\" \/>\n<meta property=\"og:locale\" content=\"ca_ES\" \/>\n<meta property=\"og:type\" content=\"article\" \/>\n<meta property=\"og:title\" content=\"Derivaci\u00f3n para tubo poliamida en Y - Fleximat\" \/>\n<meta property=\"og:description\" content=\"Caracter\u00edsticas    Sombrerete Lat\u00f3n Niquelado   Junta de sellado EPDM   Junta t\u00f3rica NBR   Tipo de Rosca M\u00e9trica (EN 60423)   Estanqueidad IP68   Temperatura de trabajo continua -40 \u00baC +140 \u00baC +150 \u00baC (temporal)\" \/>\n<meta property=\"og:url\" content=\"https:\/\/www.fleximat.es\/ca\/producte\/derivacion-para-tubo-poliamida-en-y\/\" \/>\n<meta property=\"og:site_name\" content=\"Fleximat\" \/>\n<meta property=\"article:modified_time\" content=\"2023-10-25T07:12:19+00:00\" \/>\n<meta property=\"og:image\" content=\"https:\/\/www.fleximat.es\/wp-content\/uploads\/2023\/10\/th_crop_1571764021fleximat-y.jpg\" \/>\n\t<meta property=\"og:image:width\" content=\"600\" \/>\n\t<meta property=\"og:image:height\" content=\"600\" \/>\n\t<meta property=\"og:image:type\" content=\"image\/jpeg\" \/>\n<meta name=\"twitter:card\" content=\"summary_large_image\" \/>\n<meta name=\"twitter:label1\" content=\"Temps estimat de lectura\" \/>\n\t<meta name=\"twitter:data1\" content=\"1 minut\" \/>\n<script type=\"application\/ld+json\" class=\"yoast-schema-graph\">{\"@context\":\"https:\/\/schema.org\",\"@graph\":[{\"@type\":\"WebPage\",\"@id\":\"https:\/\/www.fleximat.es\/producto\/derivacion-para-tubo-poliamida-en-y\/\",\"url\":\"https:\/\/www.fleximat.es\/producto\/derivacion-para-tubo-poliamida-en-y\/\",\"name\":\"Derivaci\u00f3n para tubo poliamida en Y - Fleximat\",\"isPartOf\":{\"@id\":\"https:\/\/www.fleximat.es\/bn\/#website\"},\"datePublished\":\"2023-10-18T15:54:27+00:00\",\"dateModified\":\"2023-10-25T07:12:19+00:00\",\"breadcrumb\":{\"@id\":\"https:\/\/www.fleximat.es\/producto\/derivacion-para-tubo-poliamida-en-y\/#breadcrumb\"},\"inLanguage\":\"ca\",\"potentialAction\":[{\"@type\":\"ReadAction\",\"target\":[\"https:\/\/www.fleximat.es\/producto\/derivacion-para-tubo-poliamida-en-y\/\"]}]},{\"@type\":\"BreadcrumbList\",\"@id\":\"https:\/\/www.fleximat.es\/producto\/derivacion-para-tubo-poliamida-en-y\/#breadcrumb\",\"itemListElement\":[{\"@type\":\"ListItem\",\"position\":1,\"name\":\"Portada\",\"item\":\"https:\/\/www.fleximat.es\/\"},{\"@type\":\"ListItem\",\"position\":2,\"name\":\"Productos\",\"item\":\"https:\/\/www.fleximat.es\/en\/productos\/\"},{\"@type\":\"ListItem\",\"position\":3,\"name\":\"Derivaci\u00f3n para tubo poliamida en Y\"}]},{\"@type\":\"WebSite\",\"@id\":\"https:\/\/www.fleximat.es\/bn\/#website\",\"url\":\"https:\/\/www.fleximat.es\/bn\/\",\"name\":\"Fleximat\",\"description\":\"Tu soluci\u00f3n en prensaestopas y tubos flexibles\",\"publisher\":{\"@id\":\"https:\/\/www.fleximat.es\/bn\/#organization\"},\"potentialAction\":[{\"@type\":\"SearchAction\",\"target\":{\"@type\":\"EntryPoint\",\"urlTemplate\":\"https:\/\/www.fleximat.es\/bn\/?s={search_term_string}\"},\"query-input\":\"required name=search_term_string\"}],\"inLanguage\":\"ca\"},{\"@type\":\"Organization\",\"@id\":\"https:\/\/www.fleximat.es\/bn\/#organization\",\"name\":\"Fleximat\",\"url\":\"https:\/\/www.fleximat.es\/bn\/\",\"logo\":{\"@type\":\"ImageObject\",\"inLanguage\":\"ca\",\"@id\":\"https:\/\/www.fleximat.es\/bn\/#\/schema\/logo\/image\/\",\"url\":\"https:\/\/www.fleximat.es\/wp-content\/uploads\/2023\/11\/fleximat-logo-1.png\",\"contentUrl\":\"https:\/\/www.fleximat.es\/wp-content\/uploads\/2023\/11\/fleximat-logo-1.png\",\"width\":1169,\"height\":289,\"caption\":\"Fleximat\"},\"image\":{\"@id\":\"https:\/\/www.fleximat.es\/bn\/#\/schema\/logo\/image\/\"}}]}<\/script>\n<!-- \/ Yoast SEO plugin. -->","yoast_head_json":{"title":"Derivaci\u00f3n para tubo poliamida en Y - Fleximat","robots":{"index":"index","follow":"follow","max-snippet":"max-snippet:-1","max-image-preview":"max-image-preview:large","max-video-preview":"max-video-preview:-1"},"canonical":"https:\/\/www.fleximat.es\/ca\/producte\/derivacion-para-tubo-poliamida-en-y\/","og_locale":"ca_ES","og_type":"article","og_title":"Derivaci\u00f3n para tubo poliamida en Y - Fleximat","og_description":"Caracter\u00edsticas    Sombrerete Lat\u00f3n Niquelado   Junta de sellado EPDM   Junta t\u00f3rica NBR   Tipo de Rosca M\u00e9trica (EN 60423)   Estanqueidad IP68   Temperatura de trabajo continua -40 \u00baC +140 \u00baC +150 \u00baC (temporal)","og_url":"https:\/\/www.fleximat.es\/ca\/producte\/derivacion-para-tubo-poliamida-en-y\/","og_site_name":"Fleximat","article_modified_time":"2023-10-25T07:12:19+00:00","og_image":[{"width":600,"height":600,"url":"https:\/\/www.fleximat.es\/wp-content\/uploads\/2023\/10\/th_crop_1571764021fleximat-y.jpg","type":"image\/jpeg"}],"twitter_card":"summary_large_image","twitter_misc":{"Temps estimat de lectura":"1 minut"},"schema":{"@context":"https:\/\/schema.org","@graph":[{"@type":"WebPage","@id":"https:\/\/www.fleximat.es\/producto\/derivacion-para-tubo-poliamida-en-y\/","url":"https:\/\/www.fleximat.es\/producto\/derivacion-para-tubo-poliamida-en-y\/","name":"Derivaci\u00f3n para tubo poliamida en Y - Fleximat","isPartOf":{"@id":"https:\/\/www.fleximat.es\/bn\/#website"},"datePublished":"2023-10-18T15:54:27+00:00","dateModified":"2023-10-25T07:12:19+00:00","breadcrumb":{"@id":"https:\/\/www.fleximat.es\/producto\/derivacion-para-tubo-poliamida-en-y\/#breadcrumb"},"inLanguage":"ca","potentialAction":[{"@type":"ReadAction","target":["https:\/\/www.fleximat.es\/producto\/derivacion-para-tubo-poliamida-en-y\/"]}]},{"@type":"BreadcrumbList","@id":"https:\/\/www.fleximat.es\/producto\/derivacion-para-tubo-poliamida-en-y\/#breadcrumb","itemListElement":[{"@type":"ListItem","position":1,"name":"Portada","item":"https:\/\/www.fleximat.es\/"},{"@type":"ListItem","position":2,"name":"Productos","item":"https:\/\/www.fleximat.es\/en\/productos\/"},{"@type":"ListItem","position":3,"name":"Derivaci\u00f3n para tubo poliamida en Y"}]},{"@type":"WebSite","@id":"https:\/\/www.fleximat.es\/bn\/#website","url":"https:\/\/www.fleximat.es\/bn\/","name":"Fleximat","description":"Tu soluci\u00f3n en prensaestopas y tubos flexibles","publisher":{"@id":"https:\/\/www.fleximat.es\/bn\/#organization"},"potentialAction":[{"@type":"SearchAction","target":{"@type":"EntryPoint","urlTemplate":"https:\/\/www.fleximat.es\/bn\/?s={search_term_string}"},"query-input":"required name=search_term_string"}],"inLanguage":"ca"},{"@type":"Organization","@id":"https:\/\/www.fleximat.es\/bn\/#organization","name":"Fleximat","url":"https:\/\/www.fleximat.es\/bn\/","logo":{"@type":"ImageObject","inLanguage":"ca","@id":"https:\/\/www.fleximat.es\/bn\/#\/schema\/logo\/image\/","url":"https:\/\/www.fleximat.es\/wp-content\/uploads\/2023\/11\/fleximat-logo-1.png","contentUrl":"https:\/\/www.fleximat.es\/wp-content\/uploads\/2023\/11\/fleximat-logo-1.png","width":1169,"height":289,"caption":"Fleximat"},"image":{"@id":"https:\/\/www.fleximat.es\/bn\/#\/schema\/logo\/image\/"}}]}},"taxonomy_info":{"product_cat":[{"value":68,"label":"Tubos flexibles, racores y accesorios"},{"value":77,"label":"Tubos flexibles de poliamida y accesorios"}]},"featured_image_src_large":["https:\/\/www.fleximat.es\/wp-content\/uploads\/2023\/10\/th_crop_1571764021fleximat-y.jpg",600,600,false],"author_info":[],"comment_info":"","_links":{"self":[{"href":"https:\/\/www.fleximat.es\/ca\/wp-json\/wp\/v2\/product\/1762"}],"collection":[{"href":"https:\/\/www.fleximat.es\/ca\/wp-json\/wp\/v2\/product"}],"about":[{"href":"https:\/\/www.fleximat.es\/ca\/wp-json\/wp\/v2\/types\/product"}],"wp:featuredmedia":[{"embeddable":true,"href":"https:\/\/www.fleximat.es\/ca\/wp-json\/wp\/v2\/media\/1789"}],"wp:attachment":[{"href":"https:\/\/www.fleximat.es\/ca\/wp-json\/wp\/v2\/media?parent=1762"}],"wp:term":[{"taxonomy":"product_cat","embeddable":true,"href":"https:\/\/www.fleximat.es\/ca\/wp-json\/wp\/v2\/product_cat?post=1762"},{"taxonomy":"product_tag","embeddable":true,"href":"https:\/\/www.fleximat.es\/ca\/wp-json\/wp\/v2\/product_tag?post=1762"}],"curies":[{"name":"wp","href":"https:\/\/api.w.org\/{rel}","templated":true}]}}