{"id":1768,"date":"2023-10-18T17:54:28","date_gmt":"2023-10-18T15:54:28","guid":{"rendered":"https:\/\/www.fleximat.es\/?post_type=product&#038;p=1768"},"modified":"2023-10-25T11:32:24","modified_gmt":"2023-10-25T09:32:24","slug":"racor-con-prensa-pg-pa6","status":"publish","type":"product","link":"https:\/\/www.fleximat.es\/ca\/producte\/racor-con-prensa-pg-pa6\/","title":{"rendered":"Racor amb Premsa PG PA6"},"content":{"rendered":"<h4>Propietats<\/h4>\n<p>F\u00e0cil de muntar<br \/>\nPer a cables amb apantallamentApropiat per a cables amb i sense funda interior<br \/>\nAltament conductiuVersions de fil llarg<br \/>\nLliure d&#039;halogen<\/p>\n<h3>Descripci\u00f3 del producte<\/h3>\n<p>Un premsaestopes met\u00e0l\u00b7lic \u00e9s una pe\u00e7a que permet fer un segellat per compressi\u00f3 en un extrem mentre que assegura la connexi\u00f3 a l&#039;altre extrem mitjan\u00e7ant una rosca mascle.<\/p>\n<p>Els premsaestopes met\u00e0l\u00b7lic ofereixen una gran diversitat de propietats, ja siguin mec\u00e0niques, qu\u00edmiques o prestacionals. Els premsaestopes s\u00f3n de r\u00e0pid muntatge i f\u00e0cil instal\u00b7laci\u00f3. Disposen d\u00b4un ampli rang de temperatura de treball.<\/p>\n<p>Mec\u00e0nicament, suporten i absorbeixen qualsevol tipus d&#039;estirada, vibraci\u00f3 i cops.<\/p>\n<p>El premsaestopes met\u00e0l\u00b7lic \u00e9s present en qualsevol tipus d&#039;instal\u00b7laci\u00f3, maquin\u00e0ria o equip que necessiti de subministrament el\u00e8ctric continu i s&#039;encarrega d&#039;assegurar-ne la connexi\u00f3.<\/p>\n<table class=\"table table-bordered table-striped\" width=\"486\">\n<thead>\n<tr>\n<td>Rosca<\/td>\n<td>Codi<\/td>\n<td>H mm<\/td>\n<td>GL mm<\/td>\n<td>B mm<\/td>\n<td>C mm<\/td>\n<td>mm<\/td>\n<\/tr>\n<\/thead>\n<tbody>\n<tr>\n<td>PG7<\/td>\n<td>OPBT 01<\/td>\n<td>22<\/td>\n<td>6<\/td>\n<td>14<\/td>\n<td>14<\/td>\n<td>3-6,5<\/td>\n<\/tr>\n<tr>\n<td>PG9<\/td>\n<td>OPBT 02<\/td>\n<td>23<\/td>\n<td>6<\/td>\n<td>17<\/td>\n<td>17<\/td>\n<td>4-8<\/td>\n<\/tr>\n<tr>\n<td>PG11<\/td>\n<td>OPBT 03<\/td>\n<td>24,5<\/td>\n<td>6<\/td>\n<td>20<\/td>\n<td>20<\/td>\n<td>5-10<\/td>\n<\/tr>\n<tr>\n<td>PG 13,5<\/td>\n<td>OPBT 04RS<\/td>\n<td>26,5<\/td>\n<td>6,5<\/td>\n<td>22<\/td>\n<td>22<\/td>\n<td>4-10<\/td>\n<\/tr>\n<tr>\n<td>PG 13,5<\/td>\n<td>OPBT 04<\/td>\n<td>26,5<\/td>\n<td>6,5<\/td>\n<td>22<\/td>\n<td>22<\/td>\n<td>6-12<\/td>\n<\/tr>\n<tr>\n<td>PG 16<\/td>\n<td>OPBT 05<\/td>\n<td>28<\/td>\n<td>6,5<\/td>\n<td>24<\/td>\n<td>24<\/td>\n<td>10-14<\/td>\n<\/tr>\n<tr>\n<td>PG 21<\/td>\n<td>OPBT 06<\/td>\n<td>31,5<\/td>\n<td>7<\/td>\n<td>30<\/td>\n<td>30<\/td>\n<td>13-18<\/td>\n<\/tr>\n<tr>\n<td>PG 29<\/td>\n<td>OPBT 07<\/td>\n<td>38<\/td>\n<td>8<\/td>\n<td>40<\/td>\n<td>40<\/td>\n<td>18-25<\/td>\n<\/tr>\n<tr>\n<td>PG 36<\/td>\n<td>OPBT 08<\/td>\n<td>43<\/td>\n<td>10<\/td>\n<td>50<\/td>\n<td>50<\/td>\n<td>22-32<\/td>\n<\/tr>\n<tr>\n<td>PG 42<\/td>\n<td>OPBT 09<\/td>\n<td>47<\/td>\n<td>12<\/td>\n<td>57<\/td>\n<td>57<\/td>\n<td>30-38<\/td>\n<\/tr>\n<tr>\n<td>PG 48<\/td>\n<td>OPBT 10<\/td>\n<td>48<\/td>\n<td>14<\/td>\n<td>64<\/td>\n<td>64<\/td>\n<td>34-44<\/td>\n<\/tr>\n<\/tbody>\n<\/table>","protected":false},"excerpt":{"rendered":"<h3>Caracter\u00edstiques<\/h3>\n<table>\n<tbody>\n<tr>\n<td><strong>Barret<\/strong><\/td>\n<td>Llaut\u00f3 Niquelat<\/td>\n<\/tr>\n<tr>\n<td><strong>Junta de segellat<\/strong><\/td>\n<td>TPV<\/td>\n<\/tr>\n<tr>\n<td><strong>Cos<\/strong><\/td>\n<td>Inserit per cable d&#039;acer-inoxidable: PA6 V2<\/td>\n<\/tr>\n<tr>\n<td><strong>Junta t\u00f2rica<\/strong><\/td>\n<td>NBR<\/td>\n<\/tr>\n<tr>\n<td><strong>Tipus de Rosca<\/strong><\/td>\n<td>M\u00e8trica (EN 60423)<\/td>\n<\/tr>\n<tr>\n<td><strong>Estanque\u00eftat<\/strong><\/td>\n<td>IP68 \u2013 5 bar<\/td>\n<\/tr>\n<tr>\n<td><strong>Temperatura de treball continua<\/strong><\/td>\n<td>-40 \u00baC +100 \u00baC<\/td>\n<\/tr>\n<\/tbody>\n<\/table>","protected":false},"featured_media":1821,"template":"","meta":{"_kad_blocks_custom_css":"","_kad_blocks_head_custom_js":"","_kad_blocks_body_custom_js":"","_kad_blocks_footer_custom_js":"","_kadence_starter_templates_imported_post":false,"_kad_post_transparent":"default","_kad_post_title":"","_kad_post_layout":"default","_kad_post_sidebar_id":"","_kad_post_content_style":"default","_kad_post_vertical_padding":"default","_kad_post_feature":"","_kad_post_feature_position":"","_kad_post_header":false,"_kad_post_footer":false},"product_cat":[77],"product_tag":[],"class_list":{"0":"post-1768","1":"product","2":"type-product","3":"status-publish","4":"has-post-thumbnail","6":"product_cat-tubos-flexibles-de-poliamida-y-accesorios","8":"first","9":"instock","10":"shipping-taxable","11":"product-type-simple","12":"entry","13":"content-bg","14":"loop-entry"},"yoast_head":"<!-- This site is optimized with the Yoast SEO plugin v21.7 - https:\/\/yoast.com\/wordpress\/plugins\/seo\/ -->\n<title>Racor con Prensa PG PA6 - Fleximat<\/title>\n<meta name=\"robots\" content=\"index, follow, max-snippet:-1, max-image-preview:large, max-video-preview:-1\" \/>\n<link rel=\"canonical\" href=\"https:\/\/www.fleximat.es\/ca\/producte\/racor-con-prensa-pg-pa6\/\" \/>\n<meta property=\"og:locale\" content=\"ca_ES\" \/>\n<meta property=\"og:type\" content=\"article\" \/>\n<meta property=\"og:title\" content=\"Racor con Prensa PG PA6 - Fleximat\" \/>\n<meta property=\"og:description\" content=\"Caracter\u00edsticas    Sombrerete Lat\u00f3n Niquelado   Junta de sellado TPV   Cuerpo Inserto para cable de aceroinnoxidable: PA6 V2   Junta t\u00f3rica NBR   Tipo de Rosca M\u00e9trica (EN 60423)   Estanqueidad IP68 - 5 bar   Temperatura de trabajo continua -40 \u00baC +100 \u00baC\" \/>\n<meta property=\"og:url\" content=\"https:\/\/www.fleximat.es\/ca\/producte\/racor-con-prensa-pg-pa6\/\" \/>\n<meta property=\"og:site_name\" content=\"Fleximat\" \/>\n<meta property=\"article:modified_time\" content=\"2023-10-25T09:32:24+00:00\" \/>\n<meta property=\"og:image\" content=\"https:\/\/www.fleximat.es\/wp-content\/uploads\/2023\/10\/racor-con-prensa.jpg\" \/>\n\t<meta property=\"og:image:width\" content=\"650\" \/>\n\t<meta property=\"og:image:height\" content=\"599\" \/>\n\t<meta property=\"og:image:type\" content=\"image\/jpeg\" \/>\n<meta name=\"twitter:card\" content=\"summary_large_image\" \/>\n<meta name=\"twitter:label1\" content=\"Temps estimat de lectura\" \/>\n\t<meta name=\"twitter:data1\" content=\"1 minut\" \/>\n<script type=\"application\/ld+json\" class=\"yoast-schema-graph\">{\"@context\":\"https:\/\/schema.org\",\"@graph\":[{\"@type\":\"WebPage\",\"@id\":\"https:\/\/www.fleximat.es\/producto\/racor-con-prensa-pg-pa6\/\",\"url\":\"https:\/\/www.fleximat.es\/producto\/racor-con-prensa-pg-pa6\/\",\"name\":\"Racor con Prensa PG PA6 - Fleximat\",\"isPartOf\":{\"@id\":\"https:\/\/www.fleximat.es\/bn\/#website\"},\"datePublished\":\"2023-10-18T15:54:28+00:00\",\"dateModified\":\"2023-10-25T09:32:24+00:00\",\"breadcrumb\":{\"@id\":\"https:\/\/www.fleximat.es\/producto\/racor-con-prensa-pg-pa6\/#breadcrumb\"},\"inLanguage\":\"ca\",\"potentialAction\":[{\"@type\":\"ReadAction\",\"target\":[\"https:\/\/www.fleximat.es\/producto\/racor-con-prensa-pg-pa6\/\"]}]},{\"@type\":\"BreadcrumbList\",\"@id\":\"https:\/\/www.fleximat.es\/producto\/racor-con-prensa-pg-pa6\/#breadcrumb\",\"itemListElement\":[{\"@type\":\"ListItem\",\"position\":1,\"name\":\"Portada\",\"item\":\"https:\/\/www.fleximat.es\/\"},{\"@type\":\"ListItem\",\"position\":2,\"name\":\"Productos\",\"item\":\"https:\/\/www.fleximat.es\/en\/productos\/\"},{\"@type\":\"ListItem\",\"position\":3,\"name\":\"Racor con Prensa PG PA6\"}]},{\"@type\":\"WebSite\",\"@id\":\"https:\/\/www.fleximat.es\/bn\/#website\",\"url\":\"https:\/\/www.fleximat.es\/bn\/\",\"name\":\"Fleximat\",\"description\":\"Tu soluci\u00f3n en prensaestopas y tubos flexibles\",\"publisher\":{\"@id\":\"https:\/\/www.fleximat.es\/bn\/#organization\"},\"potentialAction\":[{\"@type\":\"SearchAction\",\"target\":{\"@type\":\"EntryPoint\",\"urlTemplate\":\"https:\/\/www.fleximat.es\/bn\/?s={search_term_string}\"},\"query-input\":\"required name=search_term_string\"}],\"inLanguage\":\"ca\"},{\"@type\":\"Organization\",\"@id\":\"https:\/\/www.fleximat.es\/bn\/#organization\",\"name\":\"Fleximat\",\"url\":\"https:\/\/www.fleximat.es\/bn\/\",\"logo\":{\"@type\":\"ImageObject\",\"inLanguage\":\"ca\",\"@id\":\"https:\/\/www.fleximat.es\/bn\/#\/schema\/logo\/image\/\",\"url\":\"https:\/\/www.fleximat.es\/wp-content\/uploads\/2023\/11\/fleximat-logo-1.png\",\"contentUrl\":\"https:\/\/www.fleximat.es\/wp-content\/uploads\/2023\/11\/fleximat-logo-1.png\",\"width\":1169,\"height\":289,\"caption\":\"Fleximat\"},\"image\":{\"@id\":\"https:\/\/www.fleximat.es\/bn\/#\/schema\/logo\/image\/\"}}]}<\/script>\n<!-- \/ Yoast SEO plugin. -->","yoast_head_json":{"title":"Racor con Prensa PG PA6 - Fleximat","robots":{"index":"index","follow":"follow","max-snippet":"max-snippet:-1","max-image-preview":"max-image-preview:large","max-video-preview":"max-video-preview:-1"},"canonical":"https:\/\/www.fleximat.es\/ca\/producte\/racor-con-prensa-pg-pa6\/","og_locale":"ca_ES","og_type":"article","og_title":"Racor con Prensa PG PA6 - Fleximat","og_description":"Caracter\u00edsticas    Sombrerete Lat\u00f3n Niquelado   Junta de sellado TPV   Cuerpo Inserto para cable de aceroinnoxidable: PA6 V2   Junta t\u00f3rica NBR   Tipo de Rosca M\u00e9trica (EN 60423)   Estanqueidad IP68 - 5 bar   Temperatura de trabajo continua -40 \u00baC +100 \u00baC","og_url":"https:\/\/www.fleximat.es\/ca\/producte\/racor-con-prensa-pg-pa6\/","og_site_name":"Fleximat","article_modified_time":"2023-10-25T09:32:24+00:00","og_image":[{"width":650,"height":599,"url":"https:\/\/www.fleximat.es\/wp-content\/uploads\/2023\/10\/racor-con-prensa.jpg","type":"image\/jpeg"}],"twitter_card":"summary_large_image","twitter_misc":{"Temps estimat de lectura":"1 minut"},"schema":{"@context":"https:\/\/schema.org","@graph":[{"@type":"WebPage","@id":"https:\/\/www.fleximat.es\/producto\/racor-con-prensa-pg-pa6\/","url":"https:\/\/www.fleximat.es\/producto\/racor-con-prensa-pg-pa6\/","name":"Racor con Prensa PG PA6 - Fleximat","isPartOf":{"@id":"https:\/\/www.fleximat.es\/bn\/#website"},"datePublished":"2023-10-18T15:54:28+00:00","dateModified":"2023-10-25T09:32:24+00:00","breadcrumb":{"@id":"https:\/\/www.fleximat.es\/producto\/racor-con-prensa-pg-pa6\/#breadcrumb"},"inLanguage":"ca","potentialAction":[{"@type":"ReadAction","target":["https:\/\/www.fleximat.es\/producto\/racor-con-prensa-pg-pa6\/"]}]},{"@type":"BreadcrumbList","@id":"https:\/\/www.fleximat.es\/producto\/racor-con-prensa-pg-pa6\/#breadcrumb","itemListElement":[{"@type":"ListItem","position":1,"name":"Portada","item":"https:\/\/www.fleximat.es\/"},{"@type":"ListItem","position":2,"name":"Productos","item":"https:\/\/www.fleximat.es\/en\/productos\/"},{"@type":"ListItem","position":3,"name":"Racor con Prensa PG PA6"}]},{"@type":"WebSite","@id":"https:\/\/www.fleximat.es\/bn\/#website","url":"https:\/\/www.fleximat.es\/bn\/","name":"Fleximat","description":"Tu soluci\u00f3n en prensaestopas y tubos flexibles","publisher":{"@id":"https:\/\/www.fleximat.es\/bn\/#organization"},"potentialAction":[{"@type":"SearchAction","target":{"@type":"EntryPoint","urlTemplate":"https:\/\/www.fleximat.es\/bn\/?s={search_term_string}"},"query-input":"required name=search_term_string"}],"inLanguage":"ca"},{"@type":"Organization","@id":"https:\/\/www.fleximat.es\/bn\/#organization","name":"Fleximat","url":"https:\/\/www.fleximat.es\/bn\/","logo":{"@type":"ImageObject","inLanguage":"ca","@id":"https:\/\/www.fleximat.es\/bn\/#\/schema\/logo\/image\/","url":"https:\/\/www.fleximat.es\/wp-content\/uploads\/2023\/11\/fleximat-logo-1.png","contentUrl":"https:\/\/www.fleximat.es\/wp-content\/uploads\/2023\/11\/fleximat-logo-1.png","width":1169,"height":289,"caption":"Fleximat"},"image":{"@id":"https:\/\/www.fleximat.es\/bn\/#\/schema\/logo\/image\/"}}]}},"taxonomy_info":{"product_cat":[{"value":77,"label":"Tubos flexibles de poliamida y accesorios"}]},"featured_image_src_large":["https:\/\/www.fleximat.es\/wp-content\/uploads\/2023\/10\/racor-con-prensa.jpg",650,599,false],"author_info":[],"comment_info":"","_links":{"self":[{"href":"https:\/\/www.fleximat.es\/ca\/wp-json\/wp\/v2\/product\/1768"}],"collection":[{"href":"https:\/\/www.fleximat.es\/ca\/wp-json\/wp\/v2\/product"}],"about":[{"href":"https:\/\/www.fleximat.es\/ca\/wp-json\/wp\/v2\/types\/product"}],"wp:featuredmedia":[{"embeddable":true,"href":"https:\/\/www.fleximat.es\/ca\/wp-json\/wp\/v2\/media\/1821"}],"wp:attachment":[{"href":"https:\/\/www.fleximat.es\/ca\/wp-json\/wp\/v2\/media?parent=1768"}],"wp:term":[{"taxonomy":"product_cat","embeddable":true,"href":"https:\/\/www.fleximat.es\/ca\/wp-json\/wp\/v2\/product_cat?post=1768"},{"taxonomy":"product_tag","embeddable":true,"href":"https:\/\/www.fleximat.es\/ca\/wp-json\/wp\/v2\/product_tag?post=1768"}],"curies":[{"name":"wp","href":"https:\/\/api.w.org\/{rel}","templated":true}]}}