{"id":1802,"date":"2023-10-18T17:54:56","date_gmt":"2023-10-18T15:54:56","guid":{"rendered":"https:\/\/www.fleximat.es\/?post_type=product&#038;p=1802"},"modified":"2023-12-04T17:44:07","modified_gmt":"2023-12-04T16:44:07","slug":"adaptador-cilindrico-atex","status":"publish","type":"product","link":"https:\/\/www.fleximat.es\/ca\/producte\/adaptador-cilindrico-atex\/","title":{"rendered":"Adaptador Cil\u00edndric ATEX"},"content":{"rendered":"<h3>Descripci\u00f3 del producte<\/h3>\n<p><span style=\"font-weight: 400;\">Els Adaptador Cil\u00edndric ATEX s\u00f3n un component amb la finalitat de protegir i segellar un equip. Instal\u00b7lant un tap roscat a un equip el\u00e8ctric aconseguim una major estanquitat i protecci\u00f3.<\/span><\/p>\n<p><span style=\"font-weight: 400;\">Els Adaptador Cil\u00edndric ATEX es fabriquen en diferents materials depenent de la seva aplicaci\u00f3, ja siguin taps hexagonals de poliamida o taps hexagonals met\u00e0l\u00b7lics, aix\u00ed com en versi\u00f3 ATEX<\/span><\/p>\n<p><span style=\"font-weight: 400;\">LAdaptador Cil\u00edndric ATEX \u00e9s una soluci\u00f3 simple i efica\u00e7. Un tap hexagonal \u00e9s necessari per completar la protecci\u00f3 d&#039;equips el\u00e8ctrics que presentin orificis roscats sense terminacions actives.\u00a0<\/span><\/p>\n<table class=\"table table-bordered table-striped\" width=\"675\">\n<thead>\n<tr>\n<td>Grand\u00e0ria<\/td>\n<td>Codi<\/td>\n<td>IG (F)<\/td>\n<td>GI mm<\/td>\n<td>H mm<\/td>\n<td>SW mm<\/td>\n<\/tr>\n<\/thead>\n<tbody>\n<tr>\n<td>M12 x 1,5<\/td>\n<td>APXX\/M12m-N14f<\/td>\n<td>NPT 1\/4\u2033<\/td>\n<td>15<\/td>\n<td>33,5<\/td>\n<td>18<\/td>\n<\/tr>\n<tr>\n<td>M12 x 1,5<\/td>\n<td>APXX\/M12m-N38f<\/td>\n<td>NPT 3\/8\u2033<\/td>\n<td>15<\/td>\n<td>33,5<\/td>\n<td>20<\/td>\n<\/tr>\n<tr>\n<td>M16 x 1,5<\/td>\n<td>APXX\/M16m-N38f<\/td>\n<td>NPT 3\/8\u2033<\/td>\n<td>15<\/td>\n<td>33,5<\/td>\n<td>20<\/td>\n<\/tr>\n<tr>\n<td>M16 x 1,5<\/td>\n<td>APXX\/M16m-N12f<\/td>\n<td>NPT 1\/2\u2033<\/td>\n<td>15<\/td>\n<td>34<\/td>\n<td>25<\/td>\n<\/tr>\n<tr>\n<td>M20 x 1,5<\/td>\n<td>APXX\/M20m-N12f<\/td>\n<td>NPT 1\/2\u2033<\/td>\n<td>15<\/td>\n<td>34<\/td>\n<td>25<\/td>\n<\/tr>\n<tr>\n<td>M20 x 1,5<\/td>\n<td>APXX\/M20m-N34f<\/td>\n<td>NPT 3\/4\u2033<\/td>\n<td>15<\/td>\n<td>34<\/td>\n<td>30<\/td>\n<\/tr>\n<tr>\n<td>M25 x 1,5<\/td>\n<td>APXX\/M25m-N34f<\/td>\n<td>NPT 3\/4\u2033<\/td>\n<td>15<\/td>\n<td>34<\/td>\n<td>30<\/td>\n<\/tr>\n<tr>\n<td>M25 x 1,5<\/td>\n<td>APXX\/M25m-N100f<\/td>\n<td>NPT 1\u2033<\/td>\n<td>15<\/td>\n<td>34<\/td>\n<td>36<\/td>\n<\/tr>\n<tr>\n<td>M32 x 1,5<\/td>\n<td>APXX\/M32m-N100f<\/td>\n<td>NPT 1\u2033<\/td>\n<td>15<\/td>\n<td>34<\/td>\n<td>36<\/td>\n<\/tr>\n<tr>\n<td>M32 x 1,5<\/td>\n<td>APXX\/M32m-N114f<\/td>\n<td>NPT 1 1\/4\u2033<\/td>\n<td>15<\/td>\n<td>37<\/td>\n<td>45<\/td>\n<\/tr>\n<tr>\n<td>M40 x 1,5<\/td>\n<td>APXX\/M40m-N114f<\/td>\n<td>NPT 1 1\/4\u2033<\/td>\n<td>18<\/td>\n<td>40<\/td>\n<td>45<\/td>\n<\/tr>\n<tr>\n<td>M40 x 1,5<\/td>\n<td>APXX\/M40m-N112f<\/td>\n<td>NPT 1 1\/2\u2033<\/td>\n<td>18<\/td>\n<td>40<\/td>\n<td>55<\/td>\n<\/tr>\n<tr>\n<td>M50 x 1,5<\/td>\n<td>APXX\/M50m-N112f<\/td>\n<td>NPT 1 1\/2\u2033<\/td>\n<td>18<\/td>\n<td>40<\/td>\n<td>55<\/td>\n<\/tr>\n<tr>\n<td>M50 x 1,5<\/td>\n<td>APXX\/M50m-N200f<\/td>\n<td>NPT 2\u2033<\/td>\n<td>18<\/td>\n<td>40,5<\/td>\n<td>65<\/td>\n<\/tr>\n<tr>\n<td>M63 x 1,5<\/td>\n<td>APXX\/M63m-N200f<\/td>\n<td>NPT 2\u2033<\/td>\n<td>18<\/td>\n<td>40,5<\/td>\n<td>70<\/td>\n<\/tr>\n<tr>\n<td>M63 x 1,5<\/td>\n<td>APXX\/M63m-N212f<\/td>\n<td>NPT 2 1\/2\u2033<\/td>\n<td>18<\/td>\n<td>40,5<\/td>\n<td>80<\/td>\n<\/tr>\n<tr>\n<td>M75 x 1,5<\/td>\n<td>APXX\/M75m-N212f<\/td>\n<td>NPT 2 1\/2\u2033<\/td>\n<td>18<\/td>\n<td>40,5<\/td>\n<td>80<\/td>\n<\/tr>\n<tr>\n<td>M75 x 1,5<\/td>\n<td>APXX\/M75m-N300f<\/td>\n<td>NPT 3\u2033<\/td>\n<td>18<\/td>\n<td>43,5<\/td>\n<td>95<\/td>\n<\/tr>\n<tr>\n<td>M90 x 1,5<\/td>\n<td>APXX\/M90m-N300f<\/td>\n<td>NPT 3\u2033<\/td>\n<td>21<\/td>\n<td>47<\/td>\n<td>95<\/td>\n<\/tr>\n<tr>\n<td>M90 x 1,5<\/td>\n<td>APXX\/M90m-N400f<\/td>\n<td>NPT 4\u2033<\/td>\n<td>21<\/td>\n<td>47<\/td>\n<td>120<\/td>\n<\/tr>\n<tr>\n<td>M110 x 1,5<\/td>\n<td>APXX\/M110m-N400f<\/td>\n<td>NPT 4\u2033<\/td>\n<td>21<\/td>\n<td>47<\/td>\n<td>120<\/td>\n<\/tr>\n<\/tbody>\n<\/table>\n<p>&nbsp;<\/p>","protected":false},"excerpt":{"rendered":"<table>\n<tbody>\n<tr>\n<td>\n<h3>Caracter\u00edstiques<\/h3>\n<\/td>\n<td><img decoding=\"async\" class=\"size-full wp-image-2038 alignright\" src=\"https:\/\/www.fleximat.es\/wp-content\/uploads\/2023\/10\/directiva-atex-para-entornos-de-trabajo.png\" alt=\"\" width=\"60\" \/><\/td>\n<\/tr>\n<tr>\n<td><strong>Junta t\u00f2rica<\/strong><\/td>\n<td>NBR \/ Silicona<\/td>\n<\/tr>\n<tr>\n<td><strong>Estanque\u00eftat<\/strong><\/td>\n<td>EN 60529 IP66\/68<\/td>\n<\/tr>\n<tr>\n<td><strong>Temperatura de treball continua<\/strong><\/td>\n<td>-30 \u00baC +120 \u00baC NBR -60 \u00baC +180 \u00baC Silicona<\/td>\n<\/tr>\n<\/tbody>\n<\/table>","protected":false},"featured_media":3101,"template":"","meta":{"_kad_blocks_custom_css":"","_kad_blocks_head_custom_js":"","_kad_blocks_body_custom_js":"","_kad_blocks_footer_custom_js":"","_kadence_starter_templates_imported_post":false,"_kad_post_transparent":"default","_kad_post_title":"","_kad_post_layout":"default","_kad_post_sidebar_id":"","_kad_post_content_style":"default","_kad_post_vertical_padding":"default","_kad_post_feature":"","_kad_post_feature_position":"","_kad_post_header":false,"_kad_post_footer":false},"product_cat":[84,86],"product_tag":[],"class_list":{"0":"post-1802","1":"product","2":"type-product","3":"status-publish","4":"has-post-thumbnail","6":"product_cat-prensaestopas-y-accesorios-atex","7":"product_cat-accesorios-atex","9":"first","10":"instock","11":"shipping-taxable","12":"product-type-simple","13":"entry","14":"content-bg","15":"loop-entry"},"yoast_head":"<!-- This site is optimized with the Yoast SEO plugin v21.7 - https:\/\/yoast.com\/wordpress\/plugins\/seo\/ -->\n<title>Adaptador Cil\u00edndrico ATEX - Fleximat<\/title>\n<meta name=\"robots\" content=\"index, follow, max-snippet:-1, max-image-preview:large, max-video-preview:-1\" \/>\n<link rel=\"canonical\" href=\"https:\/\/www.fleximat.es\/ca\/produktua\/adaptador-cilindrico-atex\/\" \/>\n<meta property=\"og:locale\" content=\"ca_ES\" \/>\n<meta property=\"og:type\" content=\"article\" \/>\n<meta property=\"og:title\" content=\"Adaptador Cil\u00edndrico ATEX - Fleximat\" \/>\n<meta property=\"og:description\" content=\"Caracter\u00edsticas     Junta t\u00f3rica NBR \/ Silicona   Estanqueidad EN 60529 IP66 \/ 68   Temperatura de trabajo continua -30 \u00baC +120 \u00baC NBR -60 \u00baC +180 \u00baC Silicona\" \/>\n<meta property=\"og:url\" content=\"https:\/\/www.fleximat.es\/ca\/produktua\/adaptador-cilindrico-atex\/\" \/>\n<meta property=\"og:site_name\" content=\"Fleximat\" \/>\n<meta property=\"article:modified_time\" content=\"2023-12-04T16:44:07+00:00\" \/>\n<meta property=\"og:image\" content=\"https:\/\/www.fleximat.es\/wp-content\/uploads\/2023\/12\/th_crop_1563975216adaptador-cilindrico-atex.png\" \/>\n\t<meta property=\"og:image:width\" content=\"600\" \/>\n\t<meta property=\"og:image:height\" content=\"600\" \/>\n\t<meta property=\"og:image:type\" content=\"image\/png\" \/>\n<meta name=\"twitter:card\" content=\"summary_large_image\" \/>\n<meta name=\"twitter:label1\" content=\"Temps estimat de lectura\" \/>\n\t<meta name=\"twitter:data1\" content=\"1 minut\" \/>\n<script type=\"application\/ld+json\" class=\"yoast-schema-graph\">{\"@context\":\"https:\/\/schema.org\",\"@graph\":[{\"@type\":\"WebPage\",\"@id\":\"https:\/\/www.fleximat.es\/eu\/produktua\/adaptador-cilindrico-atex\/\",\"url\":\"https:\/\/www.fleximat.es\/eu\/produktua\/adaptador-cilindrico-atex\/\",\"name\":\"Adaptador Cil\u00edndrico ATEX - Fleximat\",\"isPartOf\":{\"@id\":\"https:\/\/www.fleximat.es\/bn\/#website\"},\"datePublished\":\"2023-10-18T15:54:56+00:00\",\"dateModified\":\"2023-12-04T16:44:07+00:00\",\"breadcrumb\":{\"@id\":\"https:\/\/www.fleximat.es\/eu\/produktua\/adaptador-cilindrico-atex\/#breadcrumb\"},\"inLanguage\":\"ca\",\"potentialAction\":[{\"@type\":\"ReadAction\",\"target\":[\"https:\/\/www.fleximat.es\/eu\/produktua\/adaptador-cilindrico-atex\/\"]}]},{\"@type\":\"BreadcrumbList\",\"@id\":\"https:\/\/www.fleximat.es\/eu\/produktua\/adaptador-cilindrico-atex\/#breadcrumb\",\"itemListElement\":[{\"@type\":\"ListItem\",\"position\":1,\"name\":\"Portada\",\"item\":\"https:\/\/www.fleximat.es\/\"},{\"@type\":\"ListItem\",\"position\":2,\"name\":\"Productos\",\"item\":\"https:\/\/www.fleximat.es\/en\/productos\/\"},{\"@type\":\"ListItem\",\"position\":3,\"name\":\"Adaptador Cil\u00edndrico ATEX\"}]},{\"@type\":\"WebSite\",\"@id\":\"https:\/\/www.fleximat.es\/bn\/#website\",\"url\":\"https:\/\/www.fleximat.es\/bn\/\",\"name\":\"Fleximat\",\"description\":\"Tu soluci\u00f3n en prensaestopas y tubos flexibles\",\"publisher\":{\"@id\":\"https:\/\/www.fleximat.es\/bn\/#organization\"},\"potentialAction\":[{\"@type\":\"SearchAction\",\"target\":{\"@type\":\"EntryPoint\",\"urlTemplate\":\"https:\/\/www.fleximat.es\/bn\/?s={search_term_string}\"},\"query-input\":\"required name=search_term_string\"}],\"inLanguage\":\"ca\"},{\"@type\":\"Organization\",\"@id\":\"https:\/\/www.fleximat.es\/bn\/#organization\",\"name\":\"Fleximat\",\"url\":\"https:\/\/www.fleximat.es\/bn\/\",\"logo\":{\"@type\":\"ImageObject\",\"inLanguage\":\"ca\",\"@id\":\"https:\/\/www.fleximat.es\/bn\/#\/schema\/logo\/image\/\",\"url\":\"https:\/\/www.fleximat.es\/wp-content\/uploads\/2023\/11\/fleximat-logo-1.png\",\"contentUrl\":\"https:\/\/www.fleximat.es\/wp-content\/uploads\/2023\/11\/fleximat-logo-1.png\",\"width\":1169,\"height\":289,\"caption\":\"Fleximat\"},\"image\":{\"@id\":\"https:\/\/www.fleximat.es\/bn\/#\/schema\/logo\/image\/\"}}]}<\/script>\n<!-- \/ Yoast SEO plugin. -->","yoast_head_json":{"title":"Adaptador Cil\u00edndrico ATEX - Fleximat","robots":{"index":"index","follow":"follow","max-snippet":"max-snippet:-1","max-image-preview":"max-image-preview:large","max-video-preview":"max-video-preview:-1"},"canonical":"https:\/\/www.fleximat.es\/ca\/produktua\/adaptador-cilindrico-atex\/","og_locale":"ca_ES","og_type":"article","og_title":"Adaptador Cil\u00edndrico ATEX - Fleximat","og_description":"Caracter\u00edsticas     Junta t\u00f3rica NBR \/ Silicona   Estanqueidad EN 60529 IP66 \/ 68   Temperatura de trabajo continua -30 \u00baC +120 \u00baC NBR -60 \u00baC +180 \u00baC Silicona","og_url":"https:\/\/www.fleximat.es\/ca\/produktua\/adaptador-cilindrico-atex\/","og_site_name":"Fleximat","article_modified_time":"2023-12-04T16:44:07+00:00","og_image":[{"width":600,"height":600,"url":"https:\/\/www.fleximat.es\/wp-content\/uploads\/2023\/12\/th_crop_1563975216adaptador-cilindrico-atex.png","type":"image\/png"}],"twitter_card":"summary_large_image","twitter_misc":{"Temps estimat de lectura":"1 minut"},"schema":{"@context":"https:\/\/schema.org","@graph":[{"@type":"WebPage","@id":"https:\/\/www.fleximat.es\/eu\/produktua\/adaptador-cilindrico-atex\/","url":"https:\/\/www.fleximat.es\/eu\/produktua\/adaptador-cilindrico-atex\/","name":"Adaptador Cil\u00edndrico ATEX - Fleximat","isPartOf":{"@id":"https:\/\/www.fleximat.es\/bn\/#website"},"datePublished":"2023-10-18T15:54:56+00:00","dateModified":"2023-12-04T16:44:07+00:00","breadcrumb":{"@id":"https:\/\/www.fleximat.es\/eu\/produktua\/adaptador-cilindrico-atex\/#breadcrumb"},"inLanguage":"ca","potentialAction":[{"@type":"ReadAction","target":["https:\/\/www.fleximat.es\/eu\/produktua\/adaptador-cilindrico-atex\/"]}]},{"@type":"BreadcrumbList","@id":"https:\/\/www.fleximat.es\/eu\/produktua\/adaptador-cilindrico-atex\/#breadcrumb","itemListElement":[{"@type":"ListItem","position":1,"name":"Portada","item":"https:\/\/www.fleximat.es\/"},{"@type":"ListItem","position":2,"name":"Productos","item":"https:\/\/www.fleximat.es\/en\/productos\/"},{"@type":"ListItem","position":3,"name":"Adaptador Cil\u00edndrico ATEX"}]},{"@type":"WebSite","@id":"https:\/\/www.fleximat.es\/bn\/#website","url":"https:\/\/www.fleximat.es\/bn\/","name":"Fleximat","description":"Tu soluci\u00f3n en prensaestopas y tubos flexibles","publisher":{"@id":"https:\/\/www.fleximat.es\/bn\/#organization"},"potentialAction":[{"@type":"SearchAction","target":{"@type":"EntryPoint","urlTemplate":"https:\/\/www.fleximat.es\/bn\/?s={search_term_string}"},"query-input":"required name=search_term_string"}],"inLanguage":"ca"},{"@type":"Organization","@id":"https:\/\/www.fleximat.es\/bn\/#organization","name":"Fleximat","url":"https:\/\/www.fleximat.es\/bn\/","logo":{"@type":"ImageObject","inLanguage":"ca","@id":"https:\/\/www.fleximat.es\/bn\/#\/schema\/logo\/image\/","url":"https:\/\/www.fleximat.es\/wp-content\/uploads\/2023\/11\/fleximat-logo-1.png","contentUrl":"https:\/\/www.fleximat.es\/wp-content\/uploads\/2023\/11\/fleximat-logo-1.png","width":1169,"height":289,"caption":"Fleximat"},"image":{"@id":"https:\/\/www.fleximat.es\/bn\/#\/schema\/logo\/image\/"}}]}},"taxonomy_info":{"product_cat":[{"value":84,"label":"Prensaestopas y accesorios ATEX"},{"value":86,"label":"Accesorios ATEX"}]},"featured_image_src_large":["https:\/\/www.fleximat.es\/wp-content\/uploads\/2023\/12\/th_crop_1563975216adaptador-cilindrico-atex.png",600,600,false],"author_info":[],"comment_info":"","_links":{"self":[{"href":"https:\/\/www.fleximat.es\/ca\/wp-json\/wp\/v2\/product\/1802"}],"collection":[{"href":"https:\/\/www.fleximat.es\/ca\/wp-json\/wp\/v2\/product"}],"about":[{"href":"https:\/\/www.fleximat.es\/ca\/wp-json\/wp\/v2\/types\/product"}],"wp:featuredmedia":[{"embeddable":true,"href":"https:\/\/www.fleximat.es\/ca\/wp-json\/wp\/v2\/media\/3101"}],"wp:attachment":[{"href":"https:\/\/www.fleximat.es\/ca\/wp-json\/wp\/v2\/media?parent=1802"}],"wp:term":[{"taxonomy":"product_cat","embeddable":true,"href":"https:\/\/www.fleximat.es\/ca\/wp-json\/wp\/v2\/product_cat?post=1802"},{"taxonomy":"product_tag","embeddable":true,"href":"https:\/\/www.fleximat.es\/ca\/wp-json\/wp\/v2\/product_tag?post=1802"}],"curies":[{"name":"wp","href":"https:\/\/api.w.org\/{rel}","templated":true}]}}