{"id":1328,"date":"2023-10-10T18:46:51","date_gmt":"2023-10-10T16:46:51","guid":{"rendered":"https:\/\/www.fleximat.es\/?page_id=1328"},"modified":"2023-11-23T10:51:40","modified_gmt":"2023-11-23T09:51:40","slug":"aviso-legal","status":"publish","type":"page","link":"https:\/\/www.fleximat.es\/de\/aviso-legal\/","title":{"rendered":"Rechtliche Warnung"},"content":{"rendered":"<p><strong>Steuerdaten<\/strong><\/p>\n\n\n\n<ul class=\"wp-block-list\">\n<li>Eigent\u00fcmer: FLEXIMAT SL<\/li>\n\n\n\n<li>NIF: B61575379<\/li>\n\n\n\n<li>Adresse: C\/ Marcel.li Massana, 20, 08206. Sabadell (Barcelona, SPANIEN)<\/li>\n\n\n\n<li>Telefon: +34 93 724 71 70<\/li>\n<\/ul>\n\n\n\n<p><strong>Schutz personenbezogener Daten<\/strong><\/p>\n\n\n\n<p>Die \u00fcber die Website erhobenen personenbezogenen Daten werden ausschlie\u00dflich zum Zwecke der Erbringung der angeforderten Leistungen sowie deren Abrechnung verwendet. Ihre Daten werden zu Abrechnungszwecken in Dateien von FLEXIMAT SL gespeichert und f\u00fcr den gesetzlich erforderlichen Zeitraum archiviert. Sie k\u00f6nnen Ihre Rechte auf Zugang, Berichtigung, L\u00f6schung und Widerspruch schriftlich an FLEXIMAT SL unter C\/ Marcel.li Massana, 20, 08206 Sabadell (Barcelona, SPANIEN) aus\u00fcben.<\/p>\n\n\n\n<p><strong>Geistiges Eigentum und Verantwortung f\u00fcr den Inhalt<\/strong><\/p>\n\n\n\n<p>Jede Nutzung aller Inhalte der Website, insbesondere der Texte, des Designs und des Quellcodes, ist ohne ausdr\u00fcckliche Genehmigung der Eigent\u00fcmer untersagt. Jede unbefugte Nutzung wird von den rechtm\u00e4\u00dfigen Eigent\u00fcmern ordnungsgem\u00e4\u00df strafrechtlich verfolgt.<\/p>\n\n\n\n<p>Der Eigent\u00fcmer der Website ist gem\u00e4\u00df Artikel 17 des LSSICE nicht f\u00fcr die Inhalte verantwortlich, auf die die dort befindlichen Links verweisen.<\/p>","protected":false},"excerpt":{"rendered":"<p>Datos fiscales Protecci\u00f3n de datos personales Los datos de car\u00e1cter personal que se recogen a trav\u00e9s de la p\u00e1gina web, son \u00fanicamente utilizados a efectos de prestar los servicios solicitados as\u00ed como proceder a la facturaci\u00f3n de los mismos. Sus datos ser\u00e1n ubicados en ficheros titularidad de FLEXIMAT SL a efectos de facturaci\u00f3n y ser\u00e1n&#8230;<\/p>","protected":false},"author":1,"featured_media":0,"parent":0,"menu_order":20,"comment_status":"closed","ping_status":"closed","template":"","meta":{"_kad_blocks_custom_css":"","_kad_blocks_head_custom_js":"","_kad_blocks_body_custom_js":"","_kad_blocks_footer_custom_js":"","_kadence_starter_templates_imported_post":false,"_kad_post_transparent":"","_kad_post_title":"","_kad_post_layout":"","_kad_post_sidebar_id":"","_kad_post_content_style":"","_kad_post_vertical_padding":"","_kad_post_feature":"","_kad_post_feature_position":"","_kad_post_header":false,"_kad_post_footer":false,"footnotes":""},"class_list":["post-1328","page","type-page","status-publish","hentry"],"yoast_head":"<!-- This site is optimized with the Yoast SEO plugin v21.7 - https:\/\/yoast.com\/wordpress\/plugins\/seo\/ -->\n<title>Aviso legal - Fleximat<\/title>\n<meta name=\"robots\" content=\"index, follow, max-snippet:-1, max-image-preview:large, max-video-preview:-1\" \/>\n<link rel=\"canonical\" href=\"https:\/\/www.fleximat.es\/de\/aviso-legal\/\" \/>\n<meta property=\"og:locale\" content=\"de_DE\" \/>\n<meta property=\"og:type\" content=\"article\" \/>\n<meta property=\"og:title\" content=\"Aviso legal - Fleximat\" \/>\n<meta property=\"og:description\" content=\"Datos fiscales Protecci\u00f3n de datos personales Los datos de car\u00e1cter personal que se recogen a trav\u00e9s de la p\u00e1gina web, son \u00fanicamente utilizados a efectos de prestar los servicios solicitados as\u00ed como proceder a la facturaci\u00f3n de los mismos. Sus datos ser\u00e1n ubicados en ficheros titularidad de FLEXIMAT SL a efectos de facturaci\u00f3n y ser\u00e1n...\" \/>\n<meta property=\"og:url\" content=\"https:\/\/www.fleximat.es\/de\/aviso-legal\/\" \/>\n<meta property=\"og:site_name\" content=\"Fleximat\" \/>\n<meta property=\"article:modified_time\" content=\"2023-11-23T09:51:40+00:00\" \/>\n<meta name=\"twitter:card\" content=\"summary_large_image\" \/>\n<meta name=\"twitter:label1\" content=\"Gesch\u00e4tzte Lesezeit\" \/>\n\t<meta name=\"twitter:data1\" content=\"1 Minute\" \/>\n<script type=\"application\/ld+json\" class=\"yoast-schema-graph\">{\"@context\":\"https:\/\/schema.org\",\"@graph\":[{\"@type\":\"WebPage\",\"@id\":\"https:\/\/www.fleximat.es\/aviso-legal\/\",\"url\":\"https:\/\/www.fleximat.es\/aviso-legal\/\",\"name\":\"Aviso legal - Fleximat\",\"isPartOf\":{\"@id\":\"https:\/\/www.fleximat.es\/bn\/#website\"},\"datePublished\":\"2023-10-10T16:46:51+00:00\",\"dateModified\":\"2023-11-23T09:51:40+00:00\",\"breadcrumb\":{\"@id\":\"https:\/\/www.fleximat.es\/aviso-legal\/#breadcrumb\"},\"inLanguage\":\"de-DE\",\"potentialAction\":[{\"@type\":\"ReadAction\",\"target\":[\"https:\/\/www.fleximat.es\/aviso-legal\/\"]}]},{\"@type\":\"BreadcrumbList\",\"@id\":\"https:\/\/www.fleximat.es\/aviso-legal\/#breadcrumb\",\"itemListElement\":[{\"@type\":\"ListItem\",\"position\":1,\"name\":\"Portada\",\"item\":\"https:\/\/www.fleximat.es\/\"},{\"@type\":\"ListItem\",\"position\":2,\"name\":\"Aviso legal\"}]},{\"@type\":\"WebSite\",\"@id\":\"https:\/\/www.fleximat.es\/bn\/#website\",\"url\":\"https:\/\/www.fleximat.es\/bn\/\",\"name\":\"Fleximat\",\"description\":\"Tu soluci\u00f3n en prensaestopas y tubos flexibles\",\"publisher\":{\"@id\":\"https:\/\/www.fleximat.es\/bn\/#organization\"},\"potentialAction\":[{\"@type\":\"SearchAction\",\"target\":{\"@type\":\"EntryPoint\",\"urlTemplate\":\"https:\/\/www.fleximat.es\/bn\/?s={search_term_string}\"},\"query-input\":\"required name=search_term_string\"}],\"inLanguage\":\"de-DE\"},{\"@type\":\"Organization\",\"@id\":\"https:\/\/www.fleximat.es\/bn\/#organization\",\"name\":\"Fleximat\",\"url\":\"https:\/\/www.fleximat.es\/bn\/\",\"logo\":{\"@type\":\"ImageObject\",\"inLanguage\":\"de-DE\",\"@id\":\"https:\/\/www.fleximat.es\/bn\/#\/schema\/logo\/image\/\",\"url\":\"https:\/\/www.fleximat.es\/wp-content\/uploads\/2023\/11\/fleximat-logo-1.png\",\"contentUrl\":\"https:\/\/www.fleximat.es\/wp-content\/uploads\/2023\/11\/fleximat-logo-1.png\",\"width\":1169,\"height\":289,\"caption\":\"Fleximat\"},\"image\":{\"@id\":\"https:\/\/www.fleximat.es\/bn\/#\/schema\/logo\/image\/\"}}]}<\/script>\n<!-- \/ Yoast SEO plugin. -->","yoast_head_json":{"title":"Aviso legal - Fleximat","robots":{"index":"index","follow":"follow","max-snippet":"max-snippet:-1","max-image-preview":"max-image-preview:large","max-video-preview":"max-video-preview:-1"},"canonical":"https:\/\/www.fleximat.es\/de\/aviso-legal\/","og_locale":"de_DE","og_type":"article","og_title":"Aviso legal - Fleximat","og_description":"Datos fiscales Protecci\u00f3n de datos personales Los datos de car\u00e1cter personal que se recogen a trav\u00e9s de la p\u00e1gina web, son \u00fanicamente utilizados a efectos de prestar los servicios solicitados as\u00ed como proceder a la facturaci\u00f3n de los mismos. Sus datos ser\u00e1n ubicados en ficheros titularidad de FLEXIMAT SL a efectos de facturaci\u00f3n y ser\u00e1n...","og_url":"https:\/\/www.fleximat.es\/de\/aviso-legal\/","og_site_name":"Fleximat","article_modified_time":"2023-11-23T09:51:40+00:00","twitter_card":"summary_large_image","twitter_misc":{"Gesch\u00e4tzte Lesezeit":"1 Minute"},"schema":{"@context":"https:\/\/schema.org","@graph":[{"@type":"WebPage","@id":"https:\/\/www.fleximat.es\/aviso-legal\/","url":"https:\/\/www.fleximat.es\/aviso-legal\/","name":"Aviso legal - Fleximat","isPartOf":{"@id":"https:\/\/www.fleximat.es\/bn\/#website"},"datePublished":"2023-10-10T16:46:51+00:00","dateModified":"2023-11-23T09:51:40+00:00","breadcrumb":{"@id":"https:\/\/www.fleximat.es\/aviso-legal\/#breadcrumb"},"inLanguage":"de-DE","potentialAction":[{"@type":"ReadAction","target":["https:\/\/www.fleximat.es\/aviso-legal\/"]}]},{"@type":"BreadcrumbList","@id":"https:\/\/www.fleximat.es\/aviso-legal\/#breadcrumb","itemListElement":[{"@type":"ListItem","position":1,"name":"Portada","item":"https:\/\/www.fleximat.es\/"},{"@type":"ListItem","position":2,"name":"Aviso legal"}]},{"@type":"WebSite","@id":"https:\/\/www.fleximat.es\/bn\/#website","url":"https:\/\/www.fleximat.es\/bn\/","name":"Fleximat","description":"Tu soluci\u00f3n en prensaestopas y tubos flexibles","publisher":{"@id":"https:\/\/www.fleximat.es\/bn\/#organization"},"potentialAction":[{"@type":"SearchAction","target":{"@type":"EntryPoint","urlTemplate":"https:\/\/www.fleximat.es\/bn\/?s={search_term_string}"},"query-input":"required name=search_term_string"}],"inLanguage":"de-DE"},{"@type":"Organization","@id":"https:\/\/www.fleximat.es\/bn\/#organization","name":"Fleximat","url":"https:\/\/www.fleximat.es\/bn\/","logo":{"@type":"ImageObject","inLanguage":"de-DE","@id":"https:\/\/www.fleximat.es\/bn\/#\/schema\/logo\/image\/","url":"https:\/\/www.fleximat.es\/wp-content\/uploads\/2023\/11\/fleximat-logo-1.png","contentUrl":"https:\/\/www.fleximat.es\/wp-content\/uploads\/2023\/11\/fleximat-logo-1.png","width":1169,"height":289,"caption":"Fleximat"},"image":{"@id":"https:\/\/www.fleximat.es\/bn\/#\/schema\/logo\/image\/"}}]}},"taxonomy_info":[],"featured_image_src_large":false,"author_info":{"display_name":"eloi","author_link":"https:\/\/www.fleximat.es\/de\/author\/eloi\/"},"comment_info":0,"_links":{"self":[{"href":"https:\/\/www.fleximat.es\/de\/wp-json\/wp\/v2\/pages\/1328"}],"collection":[{"href":"https:\/\/www.fleximat.es\/de\/wp-json\/wp\/v2\/pages"}],"about":[{"href":"https:\/\/www.fleximat.es\/de\/wp-json\/wp\/v2\/types\/page"}],"author":[{"embeddable":true,"href":"https:\/\/www.fleximat.es\/de\/wp-json\/wp\/v2\/users\/1"}],"replies":[{"embeddable":true,"href":"https:\/\/www.fleximat.es\/de\/wp-json\/wp\/v2\/comments?post=1328"}],"version-history":[{"count":0,"href":"https:\/\/www.fleximat.es\/de\/wp-json\/wp\/v2\/pages\/1328\/revisions"}],"wp:attachment":[{"href":"https:\/\/www.fleximat.es\/de\/wp-json\/wp\/v2\/media?parent=1328"}],"curies":[{"name":"wp","href":"https:\/\/api.w.org\/{rel}","templated":true}]}}