{"id":1330,"date":"2023-10-10T18:47:04","date_gmt":"2023-10-10T16:47:04","guid":{"rendered":"https:\/\/www.fleximat.es\/?page_id=1330"},"modified":"2023-11-23T10:52:13","modified_gmt":"2023-11-23T09:52:13","slug":"politica-de-cookies","status":"publish","type":"page","link":"https:\/\/www.fleximat.es\/de\/politica-de-cookies\/","title":{"rendered":"Cookie-Richtlinie"},"content":{"rendered":"<h2 class=\"wp-block-heading\">Was sind Cookies?<\/h2>\n\n\n\n<p>Ein Cookie ist eine Datei, die auf Ihren Computer heruntergeladen wird, wenn Sie auf bestimmte Webseiten zugreifen. Cookies erm\u00f6glichen es einer Website unter anderem, Informationen \u00fcber die Surfgewohnheiten eines Benutzers oder seiner Ger\u00e4te zu speichern und abzurufen. Abh\u00e4ngig von den darin enthaltenen Informationen und der Art und Weise, wie Sie Ihre Ger\u00e4te verwenden, k\u00f6nnen sie zur Wiedererkennung des Benutzers verwendet werden. Der Browser des Benutzers speichert Cookies nur w\u00e4hrend der aktuellen Sitzung auf der Festplatte, beansprucht dabei nur minimalen Speicherplatz und schadet dem Computer nicht. Cookies enthalten keine spezifischen personenbezogenen Daten und werden zumeist nach Ende der Browsersitzung von der Festplatte gel\u00f6scht (sog. Sitzungscookies).<\/p>\n\n\n\n<p>Die meisten Browser akzeptieren standardm\u00e4\u00dfig Cookies und erlauben oder verhindern unabh\u00e4ngig davon in den Sicherheitseinstellungen tempor\u00e4re oder gespeicherte Cookies.<\/p>\n\n\n\n<p>Ohne Ihre ausdr\u00fcckliche Einwilligung \u2013 durch die Aktivierung von Cookies in Ihrem Browser \u2013 verkn\u00fcpft diese Seite in Cookies nicht die von Ihnen gespeicherten Daten mit Ihren bei der Registrierung oder beim Kauf angegebenen personenbezogenen Daten.<\/p>\n\n\n\n<p><strong>Welche Arten von Cookies verwendet diese Website?<\/strong><\/p>\n\n\n\n<ul class=\"wp-block-list\">\n<li>Technische Cookies: Dabei handelt es sich um solche, die es dem Benutzer erm\u00f6glichen, durch eine Webseite, Plattform oder Anwendung zu navigieren und die verschiedenen dort vorhandenen Optionen oder Dienste zu nutzen, wie zum Beispiel die Steuerung des Datenverkehrs und der Datenkommunikation, die Identifizierung der Sitzung oder den eingeschr\u00e4nkten Zugriff Teile, erinnern Sie sich an die Elemente, aus denen eine Bestellung besteht, f\u00fchren Sie den Kaufvorgang einer Bestellung durch, stellen Sie eine Anfrage zur Registrierung oder Teilnahme an einer Veranstaltung, verwenden Sie Sicherheitselemente w\u00e4hrend der Navigation, speichern Sie Inhalte zur Verbreitung von Videos oder Ton oder teilen Sie Inhalte \u00fcber soziale Netzwerke Netzwerke.<\/li>\n\n\n\n<li>Personalisierungs-Cookies: Dabei handelt es sich um Cookies, die es dem Benutzer erm\u00f6glichen, auf den Dienst mit einigen allgemeinen Merkmalen zuzugreifen, die auf der Grundlage einer Reihe von Kriterien auf dem Endger\u00e4t des Benutzers vordefiniert sind, wie z. B. die Sprache, die Art des Browsers, \u00fcber den der Benutzer auf den Dienst zugreift, das Gebietsschema von wo aus Sie auf den Dienst zugreifen usw.<\/li>\n\n\n\n<li>Analyse-Cookies: Dabei handelt es sich um Cookies, die es uns, wenn sie von uns oder Dritten ordnungsgem\u00e4\u00df verarbeitet werden, erm\u00f6glichen, die Anzahl der Nutzer zu quantifizieren und so die Nutzung des angebotenen Dienstes durch die Nutzer zu messen und statistisch zu analysieren. Dazu wird Ihre Navigation auf unserer Website analysiert, um das Angebot der von uns angebotenen Produkte oder Dienstleistungen zu verbessern.<\/li>\n\n\n\n<li>Werbe-Cookies: Hierbei handelt es sich um Cookies, die es uns, unabh\u00e4ngig davon, ob sie von uns oder von Dritten verarbeitet werden, erm\u00f6glichen, das Angebot von Werbefl\u00e4chen auf der Website so effizient wie m\u00f6glich zu verwalten und den Inhalt der Werbung an den Inhalt des angeforderten Dienstes anzupassen die Nutzung, die Sie von unserer Website aus vornehmen. Zu diesem Zweck k\u00f6nnen wir Ihr Surfverhalten im Internet analysieren und Ihnen Werbung im Zusammenhang mit Ihrem Browserprofil zeigen.<\/li>\n\n\n\n<li>Verhaltensbezogene Werbe-Cookies: Hierbei handelt es sich um Cookies, die eine m\u00f6glichst effiziente Verwaltung der Werbefl\u00e4chen erm\u00f6glichen, die der Herausgeber gegebenenfalls in eine Webseite, Anwendung oder Plattform eingef\u00fcgt hat, von der aus der angeforderte Dienst bereitgestellt wird. Diese Cookies speichern Informationen \u00fcber das Nutzerverhalten, die durch kontinuierliche Beobachtung ihrer Surfgewohnheiten gewonnen werden, was die Entwicklung eines spezifischen Profils erm\u00f6glicht, um darauf basierende Werbung anzuzeigen.<\/li>\n<\/ul>\n\n\n\n<h2 class=\"wp-block-heading\">Cookies von Drittanbietern<\/h2>\n\n\n\n<p>Diese Website kann Dienste Dritter nutzen, die Informationen f\u00fcr statistische Zwecke, die Nutzung der Website durch den Benutzer und f\u00fcr die Bereitstellung anderer Dienste im Zusammenhang mit der Aktivit\u00e4t der Website und anderen Internetdiensten sammeln.<\/p>\n\n\n\n<p>Diese Website verwendet insbesondere:<\/p>\n\n\n\n<ul class=\"wp-block-list\">\n<li>Kekse&nbsp;<a href=\"http:\/\/www.google.com\/intl\/es\/analytics\/privacyoverview.html\" target=\"_blank\" rel=\"noreferrer noopener\">Google Analytics<\/a>- werden zum Zwecke der Analyse und Messung der Nutzung dieser Website durch Besucher verwendet. Die Informationen werden zur Erstellung von Berichten verwendet, die es uns erm\u00f6glichen, diese Website zu verbessern. Sind<em>Kekse<\/em>Sammeln Sie anonym Informationen, einschlie\u00dflich der Anzahl der Besucher der Website, wie sie auf die Website gelangt sind und welche Seiten Sie beim Surfen auf unserer Website besucht haben.<\/li>\n\n\n\n<li>Kekse&nbsp;<a href=\"https:\/\/support.google.com\/youtube\/answer\/2407785?hl=es-419\" target=\"_blank\" rel=\"noreferrer noopener\">Youtube<\/a>: Wird verwendet, um die Anzahl der Aufrufe von Videos zu z\u00e4hlen, die auf anderen Websites eingebettet sind.<\/li>\n\n\n\n<li>Kekse&nbsp;<a href=\"http:\/\/www.addthis.com\/privacy\" target=\"_blank\" rel=\"noreferrer noopener\">F\u00fcge das hinzu<\/a>: ist ein Technologieunternehmen, das es Websites und ihren Benutzern erm\u00f6glicht, Inhalte einfach mit anderen zu teilen, indem sie Symbole und Social-Bookmarking-Ziele teilen. AddThis-Cookies werden verwendet, um das Teilen von Inhalten zu erm\u00f6glichen. AddThis wird auch verwendet, um Informationen dar\u00fcber zu sammeln, wie Website-Inhalte geteilt werden. Cookies helfen dabei, einen Benutzer eindeutig zu identifizieren (allerdings nicht pers\u00f6nlich, sondern anhand seiner Adresse), um zu verhindern, dass sich Aufgaben innerhalb eines bestimmten Zeitraums wiederholen.<\/li>\n\n\n\n<li>Andere Personalisierungs-Cookies: Diese Cookies erm\u00f6glichen es dem Benutzer, einige Merkmale der allgemeinen Optionen der Website festzulegen oder zu personalisieren. Definieren Sie beispielsweise die Sprache, regionale Einstellungen oder den Browsertyp.<a href=\"http:\/\/www.addthis.com\/privacy\" target=\"_blank\" rel=\"noreferrer noopener\">F\u00fcge das hinzu<\/a><br><a href=\"https:\/\/es-es.facebook.com\/help\/cookies\" target=\"_blank\" rel=\"noreferrer noopener\">Facebook<\/a><br><a href=\"https:\/\/twitter.com\/privacy\" target=\"_blank\" rel=\"noreferrer noopener\">Twitter<\/a><br><a href=\"http:\/\/www.google.es\/intl\/es\/policies\/technologies\/types\/\" target=\"_blank\" rel=\"noreferrer noopener\">Google<\/a><br><a href=\"https:\/\/support.google.com\/youtube\/answer\/2407785?hl=es-419\" target=\"_blank\" rel=\"noreferrer noopener\">Youtube<\/a>Durch die Nutzung dieser Website akzeptiert der Nutzer ausdr\u00fccklich die Verarbeitung der gesammelten Informationen in der oben genannten Art und Weise und zu den oben genannten Zwecken. Sie erkennen au\u00dferdem an, dass Sie die M\u00f6glichkeit kennen, die Verarbeitung dieser Daten oder Informationen abzulehnen, indem Sie die Verwendung von Cookies ablehnen, indem Sie in Ihrem Browser die entsprechenden Einstellungen f\u00fcr diesen Zweck ausw\u00e4hlen. Obwohl diese Option zum Blockieren von Cookies in Ihrem Browser es Ihnen m\u00f6glicherweise nicht erm\u00f6glicht, alle Funktionen der Website vollst\u00e4ndig zu nutzen<\/li>\n<\/ul>\n\n\n\n<p>Sie k\u00f6nnen auf Ihrem Computer installierte Cookies zulassen, blockieren oder l\u00f6schen, indem Sie die Optionen des auf Ihrem Computer installierten Browsers konfigurieren:<\/p>\n\n\n\n<ul class=\"wp-block-list\">\n<li><a href=\"http:\/\/support.google.com\/chrome\/bin\/answer.py?hl=es&amp;answer=95647\" target=\"_blank\" rel=\"noreferrer noopener\">Chrom<\/a><\/li>\n\n\n\n<li><a href=\"http:\/\/windows.microsoft.com\/es-es\/windows7\/how-to-manage-cookies-in-internet-explorer-9\" target=\"_blank\" rel=\"noreferrer noopener\">Forscher<\/a><\/li>\n\n\n\n<li><a href=\"http:\/\/support.mozilla.org\/es\/kb\/habilitar-y-deshabilitar-cookies-que-los-sitios-we\" target=\"_blank\" rel=\"noreferrer noopener\">Feuerfuchs<\/a><\/li>\n\n\n\n<li><a href=\"http:\/\/support.apple.com\/kb\/ph5042\" target=\"_blank\" rel=\"noreferrer noopener\">Safari<\/a><\/li>\n<\/ul>\n\n\n\n<p>Wenn Sie Fragen zu dieser Cookie-Richtlinie haben, k\u00f6nnen Sie uns unter kontaktieren&nbsp;<a href=\"mailto:comercial@fleximat.es\">comercial@fleximat.es<\/a><\/p>","protected":false},"excerpt":{"rendered":"<p>\u00bfQu\u00e9 son las cookies? Cookie es un fichero que se descarga en su ordenador al acceder a determinadas p\u00e1ginas web. Las cookies permiten a una p\u00e1gina web, entre otras cosas, almacenar y recuperar informaci\u00f3n sobre los h\u00e1bitos de navegaci\u00f3n de un usuario o de su equipo y, dependiendo de la informaci\u00f3n que contengan y de&#8230;<\/p>","protected":false},"author":1,"featured_media":0,"parent":0,"menu_order":17,"comment_status":"closed","ping_status":"closed","template":"","meta":{"_kad_blocks_custom_css":"","_kad_blocks_head_custom_js":"","_kad_blocks_body_custom_js":"","_kad_blocks_footer_custom_js":"","_kadence_starter_templates_imported_post":false,"_kad_post_transparent":"","_kad_post_title":"","_kad_post_layout":"","_kad_post_sidebar_id":"","_kad_post_content_style":"","_kad_post_vertical_padding":"","_kad_post_feature":"","_kad_post_feature_position":"","_kad_post_header":false,"_kad_post_footer":false,"footnotes":""},"class_list":["post-1330","page","type-page","status-publish","hentry"],"yoast_head":"<!-- This site is optimized with the Yoast SEO plugin v21.7 - https:\/\/yoast.com\/wordpress\/plugins\/seo\/ -->\n<title>Pol\u00edtica de Cookies - Fleximat<\/title>\n<meta name=\"robots\" content=\"index, follow, max-snippet:-1, max-image-preview:large, max-video-preview:-1\" \/>\n<link rel=\"canonical\" href=\"https:\/\/www.fleximat.es\/de\/politica-de-cookies\/\" \/>\n<meta property=\"og:locale\" content=\"de_DE\" \/>\n<meta property=\"og:type\" content=\"article\" \/>\n<meta property=\"og:title\" content=\"Pol\u00edtica de Cookies - Fleximat\" \/>\n<meta property=\"og:description\" content=\"\u00bfQu\u00e9 son las cookies? Cookie es un fichero que se descarga en su ordenador al acceder a determinadas p\u00e1ginas web. Las cookies permiten a una p\u00e1gina web, entre otras cosas, almacenar y recuperar informaci\u00f3n sobre los h\u00e1bitos de navegaci\u00f3n de un usuario o de su equipo y, dependiendo de la informaci\u00f3n que contengan y de...\" \/>\n<meta property=\"og:url\" content=\"https:\/\/www.fleximat.es\/de\/politica-de-cookies\/\" \/>\n<meta property=\"og:site_name\" content=\"Fleximat\" \/>\n<meta property=\"article:modified_time\" content=\"2023-11-23T09:52:13+00:00\" \/>\n<meta name=\"twitter:card\" content=\"summary_large_image\" \/>\n<meta name=\"twitter:label1\" content=\"Gesch\u00e4tzte Lesezeit\" \/>\n\t<meta name=\"twitter:data1\" content=\"5 Minuten\" \/>\n<script type=\"application\/ld+json\" class=\"yoast-schema-graph\">{\"@context\":\"https:\/\/schema.org\",\"@graph\":[{\"@type\":\"WebPage\",\"@id\":\"https:\/\/www.fleximat.es\/politica-de-cookies\/\",\"url\":\"https:\/\/www.fleximat.es\/politica-de-cookies\/\",\"name\":\"Pol\u00edtica de Cookies - Fleximat\",\"isPartOf\":{\"@id\":\"https:\/\/www.fleximat.es\/bn\/#website\"},\"datePublished\":\"2023-10-10T16:47:04+00:00\",\"dateModified\":\"2023-11-23T09:52:13+00:00\",\"breadcrumb\":{\"@id\":\"https:\/\/www.fleximat.es\/politica-de-cookies\/#breadcrumb\"},\"inLanguage\":\"de-DE\",\"potentialAction\":[{\"@type\":\"ReadAction\",\"target\":[\"https:\/\/www.fleximat.es\/politica-de-cookies\/\"]}]},{\"@type\":\"BreadcrumbList\",\"@id\":\"https:\/\/www.fleximat.es\/politica-de-cookies\/#breadcrumb\",\"itemListElement\":[{\"@type\":\"ListItem\",\"position\":1,\"name\":\"Portada\",\"item\":\"https:\/\/www.fleximat.es\/\"},{\"@type\":\"ListItem\",\"position\":2,\"name\":\"Pol\u00edtica de Cookies\"}]},{\"@type\":\"WebSite\",\"@id\":\"https:\/\/www.fleximat.es\/bn\/#website\",\"url\":\"https:\/\/www.fleximat.es\/bn\/\",\"name\":\"Fleximat\",\"description\":\"Tu soluci\u00f3n en prensaestopas y tubos flexibles\",\"publisher\":{\"@id\":\"https:\/\/www.fleximat.es\/bn\/#organization\"},\"potentialAction\":[{\"@type\":\"SearchAction\",\"target\":{\"@type\":\"EntryPoint\",\"urlTemplate\":\"https:\/\/www.fleximat.es\/bn\/?s={search_term_string}\"},\"query-input\":\"required name=search_term_string\"}],\"inLanguage\":\"de-DE\"},{\"@type\":\"Organization\",\"@id\":\"https:\/\/www.fleximat.es\/bn\/#organization\",\"name\":\"Fleximat\",\"url\":\"https:\/\/www.fleximat.es\/bn\/\",\"logo\":{\"@type\":\"ImageObject\",\"inLanguage\":\"de-DE\",\"@id\":\"https:\/\/www.fleximat.es\/bn\/#\/schema\/logo\/image\/\",\"url\":\"https:\/\/www.fleximat.es\/wp-content\/uploads\/2023\/11\/fleximat-logo-1.png\",\"contentUrl\":\"https:\/\/www.fleximat.es\/wp-content\/uploads\/2023\/11\/fleximat-logo-1.png\",\"width\":1169,\"height\":289,\"caption\":\"Fleximat\"},\"image\":{\"@id\":\"https:\/\/www.fleximat.es\/bn\/#\/schema\/logo\/image\/\"}}]}<\/script>\n<!-- \/ Yoast SEO plugin. -->","yoast_head_json":{"title":"Pol\u00edtica de Cookies - Fleximat","robots":{"index":"index","follow":"follow","max-snippet":"max-snippet:-1","max-image-preview":"max-image-preview:large","max-video-preview":"max-video-preview:-1"},"canonical":"https:\/\/www.fleximat.es\/de\/politica-de-cookies\/","og_locale":"de_DE","og_type":"article","og_title":"Pol\u00edtica de Cookies - Fleximat","og_description":"\u00bfQu\u00e9 son las cookies? Cookie es un fichero que se descarga en su ordenador al acceder a determinadas p\u00e1ginas web. Las cookies permiten a una p\u00e1gina web, entre otras cosas, almacenar y recuperar informaci\u00f3n sobre los h\u00e1bitos de navegaci\u00f3n de un usuario o de su equipo y, dependiendo de la informaci\u00f3n que contengan y de...","og_url":"https:\/\/www.fleximat.es\/de\/politica-de-cookies\/","og_site_name":"Fleximat","article_modified_time":"2023-11-23T09:52:13+00:00","twitter_card":"summary_large_image","twitter_misc":{"Gesch\u00e4tzte Lesezeit":"5 Minuten"},"schema":{"@context":"https:\/\/schema.org","@graph":[{"@type":"WebPage","@id":"https:\/\/www.fleximat.es\/politica-de-cookies\/","url":"https:\/\/www.fleximat.es\/politica-de-cookies\/","name":"Pol\u00edtica de Cookies - Fleximat","isPartOf":{"@id":"https:\/\/www.fleximat.es\/bn\/#website"},"datePublished":"2023-10-10T16:47:04+00:00","dateModified":"2023-11-23T09:52:13+00:00","breadcrumb":{"@id":"https:\/\/www.fleximat.es\/politica-de-cookies\/#breadcrumb"},"inLanguage":"de-DE","potentialAction":[{"@type":"ReadAction","target":["https:\/\/www.fleximat.es\/politica-de-cookies\/"]}]},{"@type":"BreadcrumbList","@id":"https:\/\/www.fleximat.es\/politica-de-cookies\/#breadcrumb","itemListElement":[{"@type":"ListItem","position":1,"name":"Portada","item":"https:\/\/www.fleximat.es\/"},{"@type":"ListItem","position":2,"name":"Pol\u00edtica de Cookies"}]},{"@type":"WebSite","@id":"https:\/\/www.fleximat.es\/bn\/#website","url":"https:\/\/www.fleximat.es\/bn\/","name":"Fleximat","description":"Tu soluci\u00f3n en prensaestopas y tubos flexibles","publisher":{"@id":"https:\/\/www.fleximat.es\/bn\/#organization"},"potentialAction":[{"@type":"SearchAction","target":{"@type":"EntryPoint","urlTemplate":"https:\/\/www.fleximat.es\/bn\/?s={search_term_string}"},"query-input":"required name=search_term_string"}],"inLanguage":"de-DE"},{"@type":"Organization","@id":"https:\/\/www.fleximat.es\/bn\/#organization","name":"Fleximat","url":"https:\/\/www.fleximat.es\/bn\/","logo":{"@type":"ImageObject","inLanguage":"de-DE","@id":"https:\/\/www.fleximat.es\/bn\/#\/schema\/logo\/image\/","url":"https:\/\/www.fleximat.es\/wp-content\/uploads\/2023\/11\/fleximat-logo-1.png","contentUrl":"https:\/\/www.fleximat.es\/wp-content\/uploads\/2023\/11\/fleximat-logo-1.png","width":1169,"height":289,"caption":"Fleximat"},"image":{"@id":"https:\/\/www.fleximat.es\/bn\/#\/schema\/logo\/image\/"}}]}},"taxonomy_info":[],"featured_image_src_large":false,"author_info":{"display_name":"eloi","author_link":"https:\/\/www.fleximat.es\/de\/author\/eloi\/"},"comment_info":0,"_links":{"self":[{"href":"https:\/\/www.fleximat.es\/de\/wp-json\/wp\/v2\/pages\/1330"}],"collection":[{"href":"https:\/\/www.fleximat.es\/de\/wp-json\/wp\/v2\/pages"}],"about":[{"href":"https:\/\/www.fleximat.es\/de\/wp-json\/wp\/v2\/types\/page"}],"author":[{"embeddable":true,"href":"https:\/\/www.fleximat.es\/de\/wp-json\/wp\/v2\/users\/1"}],"replies":[{"embeddable":true,"href":"https:\/\/www.fleximat.es\/de\/wp-json\/wp\/v2\/comments?post=1330"}],"version-history":[{"count":0,"href":"https:\/\/www.fleximat.es\/de\/wp-json\/wp\/v2\/pages\/1330\/revisions"}],"wp:attachment":[{"href":"https:\/\/www.fleximat.es\/de\/wp-json\/wp\/v2\/media?parent=1330"}],"curies":[{"name":"wp","href":"https:\/\/api.w.org\/{rel}","templated":true}]}}