{"id":1551,"date":"2023-10-18T17:52:50","date_gmt":"2023-10-18T15:52:50","guid":{"rendered":"https:\/\/www.fleximat.es\/?post_type=product&#038;p=1551"},"modified":"2023-12-01T11:03:54","modified_gmt":"2023-12-01T10:03:54","slug":"prensaestopas-metrica-multihole-poliamida-ip-68-negro","status":"publish","type":"product","link":"https:\/\/www.fleximat.es\/de\/produkt\/prensaestopas-metrica-multihole-poliamida-ip-68-negro\/","title":{"rendered":"Metrische Mehrloch-Kabelverschraubung Polyamid IP-68 Schwarz"},"content":{"rendered":"<h4>Eigenschaften<\/h4>\n<p>Anti-Vibration<br \/>\nAnti-PullHohe UV-Best\u00e4ndigkeit<br \/>\nEinfache MontageVDE zertifiziert (40030037)<br \/>\nFrei von Halogenen<\/p>\n<h3>Produktbeschreibung<\/h3>\n<p>Die Multikabel-Kabelverschraubung ist eine Variante der herk\u00f6mmlichen Kabelverschraubung, die \u00fcber eine Innenverbindung mit L\u00f6chern f\u00fcr die Durchf\u00fchrung einer bestimmten Anzahl elektrischer Kabel verf\u00fcgt.<\/p>\n<p>Die Mehrfachkabelverschraubung oder Wandt\u00fclle dient zum Schutz der Kabelverbindung. Ihr Design und ihre mechanischen Komponenten dr\u00fccken eine interne Elastomerdichtung innerhalb eines Geh\u00e4uses zusammen. Die Innenfuge wiederum verteilt die Kabel entsprechend den Projektvorgaben.<\/p>\n<p>Kabelverschraubungen f\u00fcr verschiedene Kabel bieten eine gro\u00dfe Vielfalt an Eigenschaften, sei es mechanisch, chemisch oder leistungstechnisch, und sind sowohl in Kunststoffmaterialien als auch in einer metallischen Ausf\u00fchrung erh\u00e4ltlich.<\/p>\n<p>Mehrfachkabelverschraubungen gibt es in einem sehr breiten Spektrum an Kabelanzahlen und Durchmessern, die f\u00fcr die L\u00f6cher in ihrer Verbindung erforderlich sind.<\/p>\n<table class=\"table table-bordered table-striped\">\n<tbody>\n<tr>\n<td colspan=\"3\"><strong>Themen<\/strong><\/td>\n<td><strong>Codes<\/strong><\/td>\n<td><strong>Anzahl der L\u00f6cher<\/strong><\/td>\n<td><strong>C mm<\/strong><\/td>\n<\/tr>\n<tr>\n<td colspan=\"3\">M 16 x 1,5<\/td>\n<td>OMRB 02A3<\/td>\n<td>2<\/td>\n<td>3<\/td>\n<\/tr>\n<tr>\n<td colspan=\"3\">M 16 x 1,5<\/td>\n<td>OMRB 02B3<\/td>\n<td>3<\/td>\n<td>3<\/td>\n<\/tr>\n<tr>\n<td colspan=\"3\">M 16 x 1,5<\/td>\n<td>OMRB 02C3<\/td>\n<td>4<\/td>\n<td>3<\/td>\n<\/tr>\n<tr>\n<td colspan=\"3\">M 16 x 1,5<\/td>\n<td>OMRB 03A4<\/td>\n<td>2<\/td>\n<td>4<\/td>\n<\/tr>\n<tr>\n<td colspan=\"3\">M 16 x 1,5<\/td>\n<td>OMRB 03A5<\/td>\n<td>2<\/td>\n<td>5<\/td>\n<\/tr>\n<tr>\n<td colspan=\"3\">M 16 x 1,5<\/td>\n<td>OMRB 03B4<\/td>\n<td>3<\/td>\n<td>4<\/td>\n<\/tr>\n<tr>\n<td colspan=\"3\">M 16 x 1,5<\/td>\n<td>OMRB 03B5<\/td>\n<td>3<\/td>\n<td>5<\/td>\n<\/tr>\n<tr>\n<td colspan=\"3\">M 20 x 1,5<\/td>\n<td>OMRB 04A5<\/td>\n<td>2<\/td>\n<td>5<\/td>\n<\/tr>\n<tr>\n<td colspan=\"3\">M 20 x 1,5<\/td>\n<td>OMRB 04A6<\/td>\n<td>2<\/td>\n<td>6<\/td>\n<\/tr>\n<tr>\n<td colspan=\"3\">M 20 x 1,5<\/td>\n<td>OMRB 04B4<\/td>\n<td>3<\/td>\n<td>4<\/td>\n<\/tr>\n<tr>\n<td colspan=\"3\">M 20 x 1,5<\/td>\n<td>OMRB 04B5<\/td>\n<td>3<\/td>\n<td>5<\/td>\n<\/tr>\n<tr>\n<td colspan=\"3\">M 20 x 1,5<\/td>\n<td>OMRB 05A4<\/td>\n<td>2<\/td>\n<td>4<\/td>\n<\/tr>\n<tr>\n<td colspan=\"3\">M 20 x 1,5<\/td>\n<td>OMRB 05A7<\/td>\n<td>2<\/td>\n<td>7<\/td>\n<\/tr>\n<tr>\n<td colspan=\"3\">M 20 x 1,5<\/td>\n<td>OMRB 05B4<\/td>\n<td>3<\/td>\n<td>4<\/td>\n<\/tr>\n<tr>\n<td colspan=\"3\">M 20 x 1,5<\/td>\n<td>OMRB 05B6<\/td>\n<td>3<\/td>\n<td>6<\/td>\n<\/tr>\n<tr>\n<td colspan=\"3\">M 20 x 1,5<\/td>\n<td>OMRB 05C5<\/td>\n<td>4<\/td>\n<td>5<\/td>\n<\/tr>\n<tr>\n<td colspan=\"3\">M 25 x 1,5<\/td>\n<td>OMRB 06A8<\/td>\n<td>2<\/td>\n<td>8<\/td>\n<\/tr>\n<tr>\n<td colspan=\"3\">M 25 x 1,5<\/td>\n<td>OMRB 06A9<\/td>\n<td>2<\/td>\n<td>9<\/td>\n<\/tr>\n<tr>\n<td colspan=\"3\">M 25 x 1,5<\/td>\n<td>OMRB 06B5<\/td>\n<td>5<\/td>\n<td>6<\/td>\n<\/tr>\n<tr>\n<td colspan=\"3\">M 25 x 1,5<\/td>\n<td>OMRB 06B7<\/td>\n<td>3<\/td>\n<td>7<\/td>\n<\/tr>\n<tr>\n<td colspan=\"3\">M 25 x 1,5<\/td>\n<td>OMRB 06B8<\/td>\n<td>3<\/td>\n<td>8<\/td>\n<\/tr>\n<tr>\n<td colspan=\"3\">M 25 x 1,5<\/td>\n<td>OMRB 06C7<\/td>\n<td>4<\/td>\n<td>7<\/td>\n<\/tr>\n<tr>\n<td colspan=\"3\">M 25 x 1,5<\/td>\n<td>OMRB 06G3<\/td>\n<td>8<\/td>\n<td>3<\/td>\n<\/tr>\n<tr>\n<td colspan=\"3\">M 25 x 1,5<\/td>\n<td>OMRB 06G4<\/td>\n<td>8<\/td>\n<td>4<\/td>\n<\/tr>\n<tr>\n<td colspan=\"3\">M 32 x 1,5<\/td>\n<td>OMRB 07C9<\/td>\n<td>4<\/td>\n<td>9<\/td>\n<\/tr>\n<tr>\n<td colspan=\"3\">M 32 x 1,5<\/td>\n<td>OMRB 0703<\/td>\n<td>3<\/td>\n<td>16<\/td>\n<\/tr>\n<tr>\n<td colspan=\"3\">M 40 x 1,5<\/td>\n<td>OMRB 08E8<\/td>\n<td>6<\/td>\n<td>8<\/td>\n<\/tr>\n<\/tbody>\n<\/table>","protected":false},"excerpt":{"rendered":"<h3>Material<\/h3>\n<table>\n<tbody>\n<tr>\n<td><strong>Motorhaube<\/strong><\/td>\n<td>Polyamid PA6 V2<\/td>\n<\/tr>\n<tr>\n<td><strong>Dichtung<\/strong><\/td>\n<td>Spezielle TPV-Dichtung f\u00fcr Mehrfachkabel und Flachkabel<\/td>\n<\/tr>\n<tr>\n<td><strong>K\u00f6rper<\/strong><\/td>\n<td>Polyamid PA6 V2<\/td>\n<\/tr>\n<tr>\n<td><strong>O-Ring<\/strong><\/td>\n<td>NBR<\/td>\n<\/tr>\n<tr>\n<td><strong>Gewindetyp<\/strong><\/td>\n<td>Metrisch (EN 60423)<\/td>\n<\/tr>\n<tr>\n<td><strong>Dichtheit<\/strong><\/td>\n<td>IP68<\/td>\n<\/tr>\n<tr>\n<td><strong>Kontinuierliche Arbeitstemperatur<\/strong><\/td>\n<td>-30 \u00baC +80 \u00baC +150 \u00baC (vor\u00fcbergehend)<\/td>\n<\/tr>\n<\/tbody>\n<\/table>","protected":false},"featured_media":2900,"template":"","meta":{"_kad_blocks_custom_css":"","_kad_blocks_head_custom_js":"","_kad_blocks_body_custom_js":"","_kad_blocks_footer_custom_js":"","_kadence_starter_templates_imported_post":false,"_kad_post_transparent":"default","_kad_post_title":"","_kad_post_layout":"default","_kad_post_sidebar_id":"","_kad_post_content_style":"default","_kad_post_vertical_padding":"default","_kad_post_feature":"","_kad_post_feature_position":"","_kad_post_header":false,"_kad_post_footer":false},"product_cat":[29,49],"product_tag":[],"class_list":{"0":"post-1551","1":"product","2":"type-product","3":"status-publish","4":"has-post-thumbnail","6":"product_cat-prensaestopas-y-accesorios-plasticos-de-poliamida","7":"product_cat-prensaestopas-para-multiples-cables-poliamida-ip-65","9":"first","10":"instock","11":"shipping-taxable","12":"product-type-simple","13":"entry","14":"content-bg","15":"loop-entry"},"yoast_head":"<!-- This site is optimized with the Yoast SEO plugin v21.7 - https:\/\/yoast.com\/wordpress\/plugins\/seo\/ -->\n<title>Prensaestopas M\u00e9trica Multihole Poliamida IP-68 Negro - Fleximat<\/title>\n<meta name=\"robots\" content=\"index, follow, max-snippet:-1, max-image-preview:large, max-video-preview:-1\" \/>\n<link rel=\"canonical\" href=\"https:\/\/www.fleximat.es\/de\/produkt\/prensaestopas-metrica-multihole-poliamida-ip-68-negro\/\" \/>\n<meta property=\"og:locale\" content=\"de_DE\" \/>\n<meta property=\"og:type\" content=\"article\" \/>\n<meta property=\"og:title\" content=\"Prensaestopas M\u00e9trica Multihole Poliamida IP-68 Negro - Fleximat\" \/>\n<meta property=\"og:description\" content=\"Material    Sombrerete Poliamida PA6 V2   Junta de sellado Junta TPV especial para m\u00faltiples cables y cables planos   Cuerpo Poliamida PA6 V2   Junta t\u00f3rica NBR   Tipo de Rosca M\u00e9trica (EN 60423)   Estanqueidad IP68   Temperatura de trabajo continua -30 \u00baC +80 \u00baC +150 \u00baC (temporal)\" \/>\n<meta property=\"og:url\" content=\"https:\/\/www.fleximat.es\/de\/produkt\/prensaestopas-metrica-multihole-poliamida-ip-68-negro\/\" \/>\n<meta property=\"og:site_name\" content=\"Fleximat\" \/>\n<meta property=\"article:modified_time\" content=\"2023-12-01T10:03:54+00:00\" \/>\n<meta property=\"og:image\" content=\"https:\/\/www.fleximat.es\/wp-content\/uploads\/2023\/10\/fleximat-prensa-multihole-poliamida-negro-jpg.png\" \/>\n\t<meta property=\"og:image:width\" content=\"600\" \/>\n\t<meta property=\"og:image:height\" content=\"600\" \/>\n\t<meta property=\"og:image:type\" content=\"image\/png\" \/>\n<meta name=\"twitter:card\" content=\"summary_large_image\" \/>\n<meta name=\"twitter:label1\" content=\"Gesch\u00e4tzte Lesezeit\" \/>\n\t<meta name=\"twitter:data1\" content=\"1 Minute\" \/>\n<script type=\"application\/ld+json\" class=\"yoast-schema-graph\">{\"@context\":\"https:\/\/schema.org\",\"@graph\":[{\"@type\":\"WebPage\",\"@id\":\"https:\/\/www.fleximat.es\/producto\/prensaestopas-metrica-multihole-poliamida-ip-68-negro\/\",\"url\":\"https:\/\/www.fleximat.es\/producto\/prensaestopas-metrica-multihole-poliamida-ip-68-negro\/\",\"name\":\"Prensaestopas M\u00e9trica Multihole Poliamida IP-68 Negro - Fleximat\",\"isPartOf\":{\"@id\":\"https:\/\/www.fleximat.es\/bn\/#website\"},\"datePublished\":\"2023-10-18T15:52:50+00:00\",\"dateModified\":\"2023-12-01T10:03:54+00:00\",\"breadcrumb\":{\"@id\":\"https:\/\/www.fleximat.es\/producto\/prensaestopas-metrica-multihole-poliamida-ip-68-negro\/#breadcrumb\"},\"inLanguage\":\"de-DE\",\"potentialAction\":[{\"@type\":\"ReadAction\",\"target\":[\"https:\/\/www.fleximat.es\/producto\/prensaestopas-metrica-multihole-poliamida-ip-68-negro\/\"]}]},{\"@type\":\"BreadcrumbList\",\"@id\":\"https:\/\/www.fleximat.es\/producto\/prensaestopas-metrica-multihole-poliamida-ip-68-negro\/#breadcrumb\",\"itemListElement\":[{\"@type\":\"ListItem\",\"position\":1,\"name\":\"Portada\",\"item\":\"https:\/\/www.fleximat.es\/\"},{\"@type\":\"ListItem\",\"position\":2,\"name\":\"Productos\",\"item\":\"https:\/\/www.fleximat.es\/en\/productos\/\"},{\"@type\":\"ListItem\",\"position\":3,\"name\":\"Prensaestopas M\u00e9trica Multihole Poliamida IP-68 Negro\"}]},{\"@type\":\"WebSite\",\"@id\":\"https:\/\/www.fleximat.es\/bn\/#website\",\"url\":\"https:\/\/www.fleximat.es\/bn\/\",\"name\":\"Fleximat\",\"description\":\"Tu soluci\u00f3n en prensaestopas y tubos flexibles\",\"publisher\":{\"@id\":\"https:\/\/www.fleximat.es\/bn\/#organization\"},\"potentialAction\":[{\"@type\":\"SearchAction\",\"target\":{\"@type\":\"EntryPoint\",\"urlTemplate\":\"https:\/\/www.fleximat.es\/bn\/?s={search_term_string}\"},\"query-input\":\"required name=search_term_string\"}],\"inLanguage\":\"de-DE\"},{\"@type\":\"Organization\",\"@id\":\"https:\/\/www.fleximat.es\/bn\/#organization\",\"name\":\"Fleximat\",\"url\":\"https:\/\/www.fleximat.es\/bn\/\",\"logo\":{\"@type\":\"ImageObject\",\"inLanguage\":\"de-DE\",\"@id\":\"https:\/\/www.fleximat.es\/bn\/#\/schema\/logo\/image\/\",\"url\":\"https:\/\/www.fleximat.es\/wp-content\/uploads\/2023\/11\/fleximat-logo-1.png\",\"contentUrl\":\"https:\/\/www.fleximat.es\/wp-content\/uploads\/2023\/11\/fleximat-logo-1.png\",\"width\":1169,\"height\":289,\"caption\":\"Fleximat\"},\"image\":{\"@id\":\"https:\/\/www.fleximat.es\/bn\/#\/schema\/logo\/image\/\"}}]}<\/script>\n<!-- \/ Yoast SEO plugin. -->","yoast_head_json":{"title":"Prensaestopas M\u00e9trica Multihole Poliamida IP-68 Negro - Fleximat","robots":{"index":"index","follow":"follow","max-snippet":"max-snippet:-1","max-image-preview":"max-image-preview:large","max-video-preview":"max-video-preview:-1"},"canonical":"https:\/\/www.fleximat.es\/de\/produkt\/prensaestopas-metrica-multihole-poliamida-ip-68-negro\/","og_locale":"de_DE","og_type":"article","og_title":"Prensaestopas M\u00e9trica Multihole Poliamida IP-68 Negro - Fleximat","og_description":"Material    Sombrerete Poliamida PA6 V2   Junta de sellado Junta TPV especial para m\u00faltiples cables y cables planos   Cuerpo Poliamida PA6 V2   Junta t\u00f3rica NBR   Tipo de Rosca M\u00e9trica (EN 60423)   Estanqueidad IP68   Temperatura de trabajo continua -30 \u00baC +80 \u00baC +150 \u00baC (temporal)","og_url":"https:\/\/www.fleximat.es\/de\/produkt\/prensaestopas-metrica-multihole-poliamida-ip-68-negro\/","og_site_name":"Fleximat","article_modified_time":"2023-12-01T10:03:54+00:00","og_image":[{"width":600,"height":600,"url":"https:\/\/www.fleximat.es\/wp-content\/uploads\/2023\/10\/fleximat-prensa-multihole-poliamida-negro-jpg.png","type":"image\/png"}],"twitter_card":"summary_large_image","twitter_misc":{"Gesch\u00e4tzte Lesezeit":"1 Minute"},"schema":{"@context":"https:\/\/schema.org","@graph":[{"@type":"WebPage","@id":"https:\/\/www.fleximat.es\/producto\/prensaestopas-metrica-multihole-poliamida-ip-68-negro\/","url":"https:\/\/www.fleximat.es\/producto\/prensaestopas-metrica-multihole-poliamida-ip-68-negro\/","name":"Prensaestopas M\u00e9trica Multihole Poliamida IP-68 Negro - Fleximat","isPartOf":{"@id":"https:\/\/www.fleximat.es\/bn\/#website"},"datePublished":"2023-10-18T15:52:50+00:00","dateModified":"2023-12-01T10:03:54+00:00","breadcrumb":{"@id":"https:\/\/www.fleximat.es\/producto\/prensaestopas-metrica-multihole-poliamida-ip-68-negro\/#breadcrumb"},"inLanguage":"de-DE","potentialAction":[{"@type":"ReadAction","target":["https:\/\/www.fleximat.es\/producto\/prensaestopas-metrica-multihole-poliamida-ip-68-negro\/"]}]},{"@type":"BreadcrumbList","@id":"https:\/\/www.fleximat.es\/producto\/prensaestopas-metrica-multihole-poliamida-ip-68-negro\/#breadcrumb","itemListElement":[{"@type":"ListItem","position":1,"name":"Portada","item":"https:\/\/www.fleximat.es\/"},{"@type":"ListItem","position":2,"name":"Productos","item":"https:\/\/www.fleximat.es\/en\/productos\/"},{"@type":"ListItem","position":3,"name":"Prensaestopas M\u00e9trica Multihole Poliamida IP-68 Negro"}]},{"@type":"WebSite","@id":"https:\/\/www.fleximat.es\/bn\/#website","url":"https:\/\/www.fleximat.es\/bn\/","name":"Fleximat","description":"Tu soluci\u00f3n en prensaestopas y tubos flexibles","publisher":{"@id":"https:\/\/www.fleximat.es\/bn\/#organization"},"potentialAction":[{"@type":"SearchAction","target":{"@type":"EntryPoint","urlTemplate":"https:\/\/www.fleximat.es\/bn\/?s={search_term_string}"},"query-input":"required name=search_term_string"}],"inLanguage":"de-DE"},{"@type":"Organization","@id":"https:\/\/www.fleximat.es\/bn\/#organization","name":"Fleximat","url":"https:\/\/www.fleximat.es\/bn\/","logo":{"@type":"ImageObject","inLanguage":"de-DE","@id":"https:\/\/www.fleximat.es\/bn\/#\/schema\/logo\/image\/","url":"https:\/\/www.fleximat.es\/wp-content\/uploads\/2023\/11\/fleximat-logo-1.png","contentUrl":"https:\/\/www.fleximat.es\/wp-content\/uploads\/2023\/11\/fleximat-logo-1.png","width":1169,"height":289,"caption":"Fleximat"},"image":{"@id":"https:\/\/www.fleximat.es\/bn\/#\/schema\/logo\/image\/"}}]}},"taxonomy_info":{"product_cat":[{"value":29,"label":"Prensaestopas y accesorios pl\u00e1sticos de Poliamida"},{"value":49,"label":"Prensaestopas para m\u00faltiples cables poliamida IP-65"}]},"featured_image_src_large":["https:\/\/www.fleximat.es\/wp-content\/uploads\/2023\/10\/fleximat-prensa-multihole-poliamida-negro-jpg.png",600,600,false],"author_info":[],"comment_info":"","_links":{"self":[{"href":"https:\/\/www.fleximat.es\/de\/wp-json\/wp\/v2\/product\/1551"}],"collection":[{"href":"https:\/\/www.fleximat.es\/de\/wp-json\/wp\/v2\/product"}],"about":[{"href":"https:\/\/www.fleximat.es\/de\/wp-json\/wp\/v2\/types\/product"}],"wp:featuredmedia":[{"embeddable":true,"href":"https:\/\/www.fleximat.es\/de\/wp-json\/wp\/v2\/media\/2900"}],"wp:attachment":[{"href":"https:\/\/www.fleximat.es\/de\/wp-json\/wp\/v2\/media?parent=1551"}],"wp:term":[{"taxonomy":"product_cat","embeddable":true,"href":"https:\/\/www.fleximat.es\/de\/wp-json\/wp\/v2\/product_cat?post=1551"},{"taxonomy":"product_tag","embeddable":true,"href":"https:\/\/www.fleximat.es\/de\/wp-json\/wp\/v2\/product_tag?post=1551"}],"curies":[{"name":"wp","href":"https:\/\/api.w.org\/{rel}","templated":true}]}}