{"id":1564,"date":"2023-10-18T17:52:52","date_gmt":"2023-10-18T15:52:52","guid":{"rendered":"https:\/\/www.fleximat.es\/?post_type=product&#038;p=1564"},"modified":"2023-12-01T11:14:48","modified_gmt":"2023-12-01T10:14:48","slug":"prensaestopas-metrica-reductor-poliamida-ip-68-negro","status":"publish","type":"product","link":"https:\/\/www.fleximat.es\/de\/produkt\/prensaestopas-metrica-reductor-poliamida-ip-68-negro\/","title":{"rendered":"Metrisches Kabelverschraubungs-Reduzierst\u00fcck, Polyamid, IP-68, Schwarz"},"content":{"rendered":"<h4>Eigenschaften<\/h4>\n<p>Anti-Vibration<br \/>\nAnti-PullHohe UV-Best\u00e4ndigkeit<br \/>\nEinfache MontageVDE zertifiziert (40030037)<br \/>\nFrei von Halogenen<\/p>\n<h3>Produktbeschreibung<\/h3>\n<p>Eine Verst\u00e4rker-\/Reduzierverschraubung ist eine spezielle Verschraubung, die sich an die Gewindeanforderungen der Installation anpasst. Der Verst\u00e4rker\/Reduzierer kann ein bestimmtes Gewinde oder Geh\u00e4use haben (gr\u00f6\u00dfer oder kleiner als der Standard).<\/p>\n<p>Kabelverschraubungen bieten eine gro\u00dfe Vielfalt an Eigenschaften, sei es mechanisch, chemisch oder leistungstechnisch. Die Kabelverschraubungen sind schnell montiert und einfach zu installieren. Sie verf\u00fcgen \u00fcber einen breiten Arbeitstemperaturbereich.<\/p>\n<p>Mechanisch widerstehen und absorbieren sie jede Art von Zug, Vibration und Sto\u00df.<\/p>\n<p>Die Kabelverschraubung ist in jeder Art von Installation, Maschine oder Ger\u00e4t vorhanden, die eine kontinuierliche Stromversorgung ben\u00f6tigt und f\u00fcr deren Anschluss verantwortlich ist.<\/p>\n<table class=\"table table-bordered table-striped\">\n<thead>\n<tr>\n<td colspan=\"6\"><strong>Themen<\/strong><\/td>\n<td><strong>Code<\/strong><\/td>\n<td colspan=\"4\"><strong>Hmm<\/strong><\/td>\n<td><strong>GL mm<\/strong><\/td>\n<td><strong>mm<\/strong><\/td>\n<td><strong>mm<\/strong><\/td>\n<\/tr>\n<\/thead>\n<tbody>\n<tr>\n<td colspan=\"6\">M 25 x 1,5<\/td>\n<td>OMRB 06<\/td>\n<td colspan=\"4\">35<\/td>\n<td>10<\/td>\n<td>29<\/td>\n<td>11 &#8211; 17<\/td>\n<\/tr>\n<tr>\n<td colspan=\"6\">M 25 x 1,5<\/td>\n<td>OMRB E6-9<\/td>\n<td colspan=\"4\">35<\/td>\n<td>10<\/td>\n<td>29<\/td>\n<td>9 &#8211; 14<\/td>\n<\/tr>\n<tr>\n<td colspan=\"6\">M 32 x 1,5<\/td>\n<td>OMRB E7<\/td>\n<td colspan=\"4\">40<\/td>\n<td>10<\/td>\n<td>36<\/td>\n<td>15 &#8211; 21<\/td>\n<\/tr>\n<tr>\n<td colspan=\"6\">M 40 x 1,5<\/td>\n<td>OMRB E8<\/td>\n<td colspan=\"4\">43<\/td>\n<td>10<\/td>\n<td>46<\/td>\n<td>19 &#8211; 28<\/td>\n<\/tr>\n<tr>\n<td colspan=\"6\">M 25 x 1,5<\/td>\n<td>OMRB E14<\/td>\n<td colspan=\"4\">35<\/td>\n<td>15<\/td>\n<td>29<\/td>\n<td>11 &#8211; 17<\/td>\n<\/tr>\n<tr>\n<td colspan=\"6\">M 25 x 1,5<\/td>\n<td>OMRB E14-9<\/td>\n<td colspan=\"4\">35<\/td>\n<td>15<\/td>\n<td>29<\/td>\n<td>9 &#8211; 14<\/td>\n<\/tr>\n<tr>\n<td colspan=\"6\">M 32 x 1,5<\/td>\n<td>OMRB E15<\/td>\n<td colspan=\"4\">40<\/td>\n<td>15<\/td>\n<td>36<\/td>\n<td>15 &#8211; 21<\/td>\n<\/tr>\n<tr>\n<td colspan=\"6\">M 40 x 1,5<\/td>\n<td>OMRB E16<\/td>\n<td colspan=\"4\">43<\/td>\n<td>15<\/td>\n<td>46<\/td>\n<td>19 &#8211; 28<\/td>\n<\/tr>\n<tr>\n<td colspan=\"6\">M 25 x 1,5<\/td>\n<td>OMRB ES4<\/td>\n<td colspan=\"4\">32<\/td>\n<td>10<\/td>\n<td>29<\/td>\n<td>4 &#8211; 10<\/td>\n<\/tr>\n<tr>\n<td colspan=\"6\">M 25 x 1,5<\/td>\n<td>OMRB ES6<\/td>\n<td colspan=\"4\">32<\/td>\n<td>10<\/td>\n<td>29<\/td>\n<td>6 &#8211; 12<\/td>\n<\/tr>\n<tr>\n<td colspan=\"6\">M 25 x 1,5<\/td>\n<td>OMRB ES14<\/td>\n<td colspan=\"4\">32<\/td>\n<td>15<\/td>\n<td>29<\/td>\n<td>4 &#8211; 10<\/td>\n<\/tr>\n<tr>\n<td colspan=\"6\">M 25 x 1,5<\/td>\n<td>OMRB ES16<\/td>\n<td colspan=\"4\">32<\/td>\n<td>15<\/td>\n<td>\u00a029<\/td>\n<td>6 &#8211; 12<\/td>\n<\/tr>\n<\/tbody>\n<\/table>","protected":false},"excerpt":{"rendered":"<h3>Material<\/h3>\n<table>\n<tbody>\n<tr>\n<td><strong>Motorhaube<\/strong><\/td>\n<td>Polyamid PA6 V2<\/td>\n<\/tr>\n<tr>\n<td><strong>Dichtung<\/strong><\/td>\n<td>POS<\/td>\n<\/tr>\n<tr>\n<td><strong>K\u00f6rper<\/strong><\/td>\n<td>Polyamid PA6 V2<\/td>\n<\/tr>\n<tr>\n<td><strong>O-Ring<\/strong><\/td>\n<td>NBR (optional)<\/td>\n<\/tr>\n<tr>\n<td><strong>Gewindetyp<\/strong><\/td>\n<td>Metrisch (EN 60423)<\/td>\n<\/tr>\n<tr>\n<td><strong>Dichtheit<\/strong><\/td>\n<td>IP68<\/td>\n<\/tr>\n<tr>\n<td><strong>Kontinuierliche Arbeitstemperatur<\/strong><\/td>\n<td>-20 \u00baC +100 \u00baC<\/td>\n<\/tr>\n<\/tbody>\n<\/table>","protected":false},"featured_media":3048,"template":"","meta":{"_kad_blocks_custom_css":"","_kad_blocks_head_custom_js":"","_kad_blocks_body_custom_js":"","_kad_blocks_footer_custom_js":"","_kadence_starter_templates_imported_post":false,"_kad_post_transparent":"default","_kad_post_title":"","_kad_post_layout":"default","_kad_post_sidebar_id":"","_kad_post_content_style":"default","_kad_post_vertical_padding":"default","_kad_post_feature":"","_kad_post_feature_position":"","_kad_post_header":false,"_kad_post_footer":false},"product_cat":[29,52],"product_tag":[],"class_list":{"0":"post-1564","1":"product","2":"type-product","3":"status-publish","4":"has-post-thumbnail","6":"product_cat-prensaestopas-y-accesorios-plasticos-de-poliamida","7":"product_cat-prensaestopas-reductor-poliamida-ip-68","9":"first","10":"instock","11":"shipping-taxable","12":"product-type-simple","13":"entry","14":"content-bg","15":"loop-entry"},"yoast_head":"<!-- This site is optimized with the Yoast SEO plugin v21.7 - https:\/\/yoast.com\/wordpress\/plugins\/seo\/ -->\n<title>Prensaestopas M\u00e9trica Reductor Poliamida IP-68 Negro - Fleximat<\/title>\n<meta name=\"robots\" content=\"index, follow, max-snippet:-1, max-image-preview:large, max-video-preview:-1\" \/>\n<link rel=\"canonical\" href=\"https:\/\/www.fleximat.es\/de\/produkt\/prensaestopas-metrica-reductor-poliamida-ip-68-negro\/\" \/>\n<meta property=\"og:locale\" content=\"de_DE\" \/>\n<meta property=\"og:type\" content=\"article\" \/>\n<meta property=\"og:title\" content=\"Prensaestopas M\u00e9trica Reductor Poliamida IP-68 Negro - Fleximat\" \/>\n<meta property=\"og:description\" content=\"Material    Sombrerete Poliamida PA6 V2   Junta de sellado TPV   Cuerpo Poliamida PA6 V2   Junta t\u00f3rica NBR (opcional)   Tipo de Rosca M\u00e9trica (EN 60423)   Estanqueidad IP68   Temperatura de trabajo continua -20 \u00baC +100 \u00baC\" \/>\n<meta property=\"og:url\" content=\"https:\/\/www.fleximat.es\/de\/produkt\/prensaestopas-metrica-reductor-poliamida-ip-68-negro\/\" \/>\n<meta property=\"og:site_name\" content=\"Fleximat\" \/>\n<meta property=\"article:modified_time\" content=\"2023-12-01T10:14:48+00:00\" \/>\n<meta property=\"og:image\" content=\"https:\/\/www.fleximat.es\/wp-content\/uploads\/2023\/10\/reductor-plastico-modificado-negro.png\" \/>\n\t<meta property=\"og:image:width\" content=\"762\" \/>\n\t<meta property=\"og:image:height\" content=\"762\" \/>\n\t<meta property=\"og:image:type\" content=\"image\/png\" \/>\n<meta name=\"twitter:card\" content=\"summary_large_image\" \/>\n<meta name=\"twitter:label1\" content=\"Gesch\u00e4tzte Lesezeit\" \/>\n\t<meta name=\"twitter:data1\" content=\"1 Minute\" \/>\n<script type=\"application\/ld+json\" class=\"yoast-schema-graph\">{\"@context\":\"https:\/\/schema.org\",\"@graph\":[{\"@type\":\"WebPage\",\"@id\":\"https:\/\/www.fleximat.es\/producto\/prensaestopas-metrica-reductor-poliamida-ip-68-negro\/\",\"url\":\"https:\/\/www.fleximat.es\/producto\/prensaestopas-metrica-reductor-poliamida-ip-68-negro\/\",\"name\":\"Prensaestopas M\u00e9trica Reductor Poliamida IP-68 Negro - Fleximat\",\"isPartOf\":{\"@id\":\"https:\/\/www.fleximat.es\/bn\/#website\"},\"datePublished\":\"2023-10-18T15:52:52+00:00\",\"dateModified\":\"2023-12-01T10:14:48+00:00\",\"breadcrumb\":{\"@id\":\"https:\/\/www.fleximat.es\/producto\/prensaestopas-metrica-reductor-poliamida-ip-68-negro\/#breadcrumb\"},\"inLanguage\":\"de-DE\",\"potentialAction\":[{\"@type\":\"ReadAction\",\"target\":[\"https:\/\/www.fleximat.es\/producto\/prensaestopas-metrica-reductor-poliamida-ip-68-negro\/\"]}]},{\"@type\":\"BreadcrumbList\",\"@id\":\"https:\/\/www.fleximat.es\/producto\/prensaestopas-metrica-reductor-poliamida-ip-68-negro\/#breadcrumb\",\"itemListElement\":[{\"@type\":\"ListItem\",\"position\":1,\"name\":\"Portada\",\"item\":\"https:\/\/www.fleximat.es\/\"},{\"@type\":\"ListItem\",\"position\":2,\"name\":\"Productos\",\"item\":\"https:\/\/www.fleximat.es\/en\/productos\/\"},{\"@type\":\"ListItem\",\"position\":3,\"name\":\"Prensaestopas M\u00e9trica Reductor Poliamida IP-68 Negro\"}]},{\"@type\":\"WebSite\",\"@id\":\"https:\/\/www.fleximat.es\/bn\/#website\",\"url\":\"https:\/\/www.fleximat.es\/bn\/\",\"name\":\"Fleximat\",\"description\":\"Tu soluci\u00f3n en prensaestopas y tubos flexibles\",\"publisher\":{\"@id\":\"https:\/\/www.fleximat.es\/bn\/#organization\"},\"potentialAction\":[{\"@type\":\"SearchAction\",\"target\":{\"@type\":\"EntryPoint\",\"urlTemplate\":\"https:\/\/www.fleximat.es\/bn\/?s={search_term_string}\"},\"query-input\":\"required name=search_term_string\"}],\"inLanguage\":\"de-DE\"},{\"@type\":\"Organization\",\"@id\":\"https:\/\/www.fleximat.es\/bn\/#organization\",\"name\":\"Fleximat\",\"url\":\"https:\/\/www.fleximat.es\/bn\/\",\"logo\":{\"@type\":\"ImageObject\",\"inLanguage\":\"de-DE\",\"@id\":\"https:\/\/www.fleximat.es\/bn\/#\/schema\/logo\/image\/\",\"url\":\"https:\/\/www.fleximat.es\/wp-content\/uploads\/2023\/11\/fleximat-logo-1.png\",\"contentUrl\":\"https:\/\/www.fleximat.es\/wp-content\/uploads\/2023\/11\/fleximat-logo-1.png\",\"width\":1169,\"height\":289,\"caption\":\"Fleximat\"},\"image\":{\"@id\":\"https:\/\/www.fleximat.es\/bn\/#\/schema\/logo\/image\/\"}}]}<\/script>\n<!-- \/ Yoast SEO plugin. -->","yoast_head_json":{"title":"Prensaestopas M\u00e9trica Reductor Poliamida IP-68 Negro - Fleximat","robots":{"index":"index","follow":"follow","max-snippet":"max-snippet:-1","max-image-preview":"max-image-preview:large","max-video-preview":"max-video-preview:-1"},"canonical":"https:\/\/www.fleximat.es\/de\/produkt\/prensaestopas-metrica-reductor-poliamida-ip-68-negro\/","og_locale":"de_DE","og_type":"article","og_title":"Prensaestopas M\u00e9trica Reductor Poliamida IP-68 Negro - Fleximat","og_description":"Material    Sombrerete Poliamida PA6 V2   Junta de sellado TPV   Cuerpo Poliamida PA6 V2   Junta t\u00f3rica NBR (opcional)   Tipo de Rosca M\u00e9trica (EN 60423)   Estanqueidad IP68   Temperatura de trabajo continua -20 \u00baC +100 \u00baC","og_url":"https:\/\/www.fleximat.es\/de\/produkt\/prensaestopas-metrica-reductor-poliamida-ip-68-negro\/","og_site_name":"Fleximat","article_modified_time":"2023-12-01T10:14:48+00:00","og_image":[{"width":762,"height":762,"url":"https:\/\/www.fleximat.es\/wp-content\/uploads\/2023\/10\/reductor-plastico-modificado-negro.png","type":"image\/png"}],"twitter_card":"summary_large_image","twitter_misc":{"Gesch\u00e4tzte Lesezeit":"1 Minute"},"schema":{"@context":"https:\/\/schema.org","@graph":[{"@type":"WebPage","@id":"https:\/\/www.fleximat.es\/producto\/prensaestopas-metrica-reductor-poliamida-ip-68-negro\/","url":"https:\/\/www.fleximat.es\/producto\/prensaestopas-metrica-reductor-poliamida-ip-68-negro\/","name":"Prensaestopas M\u00e9trica Reductor Poliamida IP-68 Negro - Fleximat","isPartOf":{"@id":"https:\/\/www.fleximat.es\/bn\/#website"},"datePublished":"2023-10-18T15:52:52+00:00","dateModified":"2023-12-01T10:14:48+00:00","breadcrumb":{"@id":"https:\/\/www.fleximat.es\/producto\/prensaestopas-metrica-reductor-poliamida-ip-68-negro\/#breadcrumb"},"inLanguage":"de-DE","potentialAction":[{"@type":"ReadAction","target":["https:\/\/www.fleximat.es\/producto\/prensaestopas-metrica-reductor-poliamida-ip-68-negro\/"]}]},{"@type":"BreadcrumbList","@id":"https:\/\/www.fleximat.es\/producto\/prensaestopas-metrica-reductor-poliamida-ip-68-negro\/#breadcrumb","itemListElement":[{"@type":"ListItem","position":1,"name":"Portada","item":"https:\/\/www.fleximat.es\/"},{"@type":"ListItem","position":2,"name":"Productos","item":"https:\/\/www.fleximat.es\/en\/productos\/"},{"@type":"ListItem","position":3,"name":"Prensaestopas M\u00e9trica Reductor Poliamida IP-68 Negro"}]},{"@type":"WebSite","@id":"https:\/\/www.fleximat.es\/bn\/#website","url":"https:\/\/www.fleximat.es\/bn\/","name":"Fleximat","description":"Tu soluci\u00f3n en prensaestopas y tubos flexibles","publisher":{"@id":"https:\/\/www.fleximat.es\/bn\/#organization"},"potentialAction":[{"@type":"SearchAction","target":{"@type":"EntryPoint","urlTemplate":"https:\/\/www.fleximat.es\/bn\/?s={search_term_string}"},"query-input":"required name=search_term_string"}],"inLanguage":"de-DE"},{"@type":"Organization","@id":"https:\/\/www.fleximat.es\/bn\/#organization","name":"Fleximat","url":"https:\/\/www.fleximat.es\/bn\/","logo":{"@type":"ImageObject","inLanguage":"de-DE","@id":"https:\/\/www.fleximat.es\/bn\/#\/schema\/logo\/image\/","url":"https:\/\/www.fleximat.es\/wp-content\/uploads\/2023\/11\/fleximat-logo-1.png","contentUrl":"https:\/\/www.fleximat.es\/wp-content\/uploads\/2023\/11\/fleximat-logo-1.png","width":1169,"height":289,"caption":"Fleximat"},"image":{"@id":"https:\/\/www.fleximat.es\/bn\/#\/schema\/logo\/image\/"}}]}},"taxonomy_info":{"product_cat":[{"value":29,"label":"Prensaestopas y accesorios pl\u00e1sticos de Poliamida"},{"value":52,"label":"Prensaestopas Reductor poliamida IP-68"}]},"featured_image_src_large":["https:\/\/www.fleximat.es\/wp-content\/uploads\/2023\/10\/reductor-plastico-modificado-negro.png",762,762,false],"author_info":[],"comment_info":"","_links":{"self":[{"href":"https:\/\/www.fleximat.es\/de\/wp-json\/wp\/v2\/product\/1564"}],"collection":[{"href":"https:\/\/www.fleximat.es\/de\/wp-json\/wp\/v2\/product"}],"about":[{"href":"https:\/\/www.fleximat.es\/de\/wp-json\/wp\/v2\/types\/product"}],"wp:featuredmedia":[{"embeddable":true,"href":"https:\/\/www.fleximat.es\/de\/wp-json\/wp\/v2\/media\/3048"}],"wp:attachment":[{"href":"https:\/\/www.fleximat.es\/de\/wp-json\/wp\/v2\/media?parent=1564"}],"wp:term":[{"taxonomy":"product_cat","embeddable":true,"href":"https:\/\/www.fleximat.es\/de\/wp-json\/wp\/v2\/product_cat?post=1564"},{"taxonomy":"product_tag","embeddable":true,"href":"https:\/\/www.fleximat.es\/de\/wp-json\/wp\/v2\/product_tag?post=1564"}],"curies":[{"name":"wp","href":"https:\/\/api.w.org\/{rel}","templated":true}]}}