{"id":1566,"date":"2023-10-18T17:52:52","date_gmt":"2023-10-18T15:52:52","guid":{"rendered":"https:\/\/www.fleximat.es\/?post_type=product&#038;p=1566"},"modified":"2023-12-03T13:03:09","modified_gmt":"2023-12-03T12:03:09","slug":"maxiprensaestopas-metrica-metalico-ip-68","status":"publish","type":"product","link":"https:\/\/www.fleximat.es\/de\/produkt\/maxiprensaestopas-metrica-metalico-ip-68\/","title":{"rendered":"MaxiMetric metallische Kabelverschraubungen IP-68"},"content":{"rendered":"<h4>Eigenschaften<\/h4>\n<p>Hohe Schlag- und Temperaturbest\u00e4ndigkeit.<br \/>\nLeicht zusammenzubauen<br \/>\nGro\u00dfes Kabelsortiment<br \/>\nHalogen frei<\/p>\n<h3>Produktbeschreibung<\/h3>\n<p><span style=\"font-weight: 400;\">Eine gro\u00dfe Kabelverschraubung oder Maxiprensapas ist eine gro\u00dfe Kabelverschraubung f\u00fcr bestimmte Anwendungen. Sie sind etwas Besonderes und bestehen aus Metall, entweder vernickeltem Messing oder Edelstahl.<\/span><\/p>\n<p><span style=\"font-weight: 400;\">Die Maxi-Stopfbuchse wird in der metallischen Ausf\u00fchrung \u00fcblicherweise in Projekten eingesetzt, bei denen ein hoher mechanischer und chemischer Schutz erforderlich ist, beispielsweise in Windkraftanlagen.\u00a0<\/span><\/p>\n<p><span style=\"font-weight: 400;\">Maxi-Kabelverschraubungen zeichnen sich durch einen gr\u00f6\u00dferen Kabelklemmbereich aus. Die Kabelgr\u00f6\u00dfe f\u00fcr diese Teile betr\u00e4gt bis zu 60\u201370 mm (M90- oder 3-Zoll-Version).<\/span><\/p>\n<div class=\"table-responsive\">\n<table class=\"table table-bordered table-striped\">\n<thead>\n<tr>\n<td>Faden<\/td>\n<td>Code<\/td>\n<td>Hmm<\/td>\n<td>GL mm<\/td>\n<td>B mm<\/td>\n<td>C mm<\/td>\n<td>mm<\/td>\n<\/tr>\n<\/thead>\n<tbody>\n<tr>\n<td>M 63 x 1,5<\/td>\n<td>OMBG 17<\/td>\n<td>48<\/td>\n<td>15<\/td>\n<td>70<\/td>\n<td>75<\/td>\n<td>45-55<\/td>\n<\/tr>\n<tr>\n<td>M 75 x 1,5<\/td>\n<td>OMBG 18s<\/td>\n<td>48<\/td>\n<td>20<\/td>\n<td>85<\/td>\n<td>75<\/td>\n<td>45-55<\/td>\n<\/tr>\n<tr>\n<td>M 75 x 1,5<\/td>\n<td>OMBG 18<\/td>\n<td>58<\/td>\n<td>20<\/td>\n<td>90<\/td>\n<td>90<\/td>\n<td>50-63<\/td>\n<\/tr>\n<tr>\n<td>M 80 x 2,0<\/td>\n<td>OMBG 1880<\/td>\n<td>58<\/td>\n<td>20<\/td>\n<td>90<\/td>\n<td>90<\/td>\n<td>50-63<\/td>\n<\/tr>\n<tr>\n<td>M 90 x 2,0<\/td>\n<td>OMBG 19<\/td>\n<td>61<\/td>\n<td>20<\/td>\n<td>100<\/td>\n<td>100<\/td>\n<td>60-70<\/td>\n<\/tr>\n<tr>\n<td>2 \u00bd\u00bb<\/td>\n<td>ONBG 18s<\/td>\n<td>48<\/td>\n<td>20<\/td>\n<td>85<\/td>\n<td>75<\/td>\n<td>45-55<\/td>\n<\/tr>\n<tr>\n<td>2 \u00bd\u00bb<\/td>\n<td>ONBG 18<\/td>\n<td>58<\/td>\n<td>20<\/td>\n<td>90<\/td>\n<td>90<\/td>\n<td>50-63<\/td>\n<\/tr>\n<tr>\n<td>3&#8243;<\/td>\n<td>ONBG 19<\/td>\n<td>61<\/td>\n<td>20<\/td>\n<td>100<\/td>\n<td>100<\/td>\n<td>60-70<\/td>\n<\/tr>\n<\/tbody>\n<\/table>\n<\/div>","protected":false},"excerpt":{"rendered":"<h3>Material<\/h3>\n<table>\n<tbody>\n<tr>\n<td><strong>Motorhaube<\/strong><\/td>\n<td>Vernickeltes Messing<\/td>\n<\/tr>\n<tr>\n<td><strong>Dichtung<\/strong><\/td>\n<td>EPDM<\/td>\n<\/tr>\n<tr>\n<td><strong>O-Ring<\/strong><\/td>\n<td>NBR<\/td>\n<\/tr>\n<tr>\n<td><strong>Gewindetyp<\/strong><\/td>\n<td>Metrisch (EN 60423)<\/td>\n<\/tr>\n<tr>\n<td><strong>Dichtheit<\/strong><\/td>\n<td>IP68<\/td>\n<\/tr>\n<tr>\n<td><strong>Kontinuierliche Arbeitstemperatur<\/strong><\/td>\n<td>-40 \u00baC +140 \u00baC +150 \u00baC (vor\u00fcbergehend)<\/td>\n<\/tr>\n<\/tbody>\n<\/table>","protected":false},"featured_media":3078,"template":"","meta":{"_kad_blocks_custom_css":"","_kad_blocks_head_custom_js":"","_kad_blocks_body_custom_js":"","_kad_blocks_footer_custom_js":"","_kadence_starter_templates_imported_post":false,"_kad_post_transparent":"default","_kad_post_title":"","_kad_post_layout":"default","_kad_post_sidebar_id":"","_kad_post_content_style":"default","_kad_post_vertical_padding":"default","_kad_post_feature":"","_kad_post_feature_position":"","_kad_post_header":false,"_kad_post_footer":false},"product_cat":[31,53],"product_tag":[],"class_list":{"0":"post-1566","1":"product","2":"type-product","3":"status-publish","4":"has-post-thumbnail","6":"product_cat-prensaestopas-y-accesorios-metalicos","7":"product_cat-maxiprensaestopas-metalico-ip-68","9":"first","10":"instock","11":"shipping-taxable","12":"product-type-simple","13":"entry","14":"content-bg","15":"loop-entry"},"yoast_head":"<!-- This site is optimized with the Yoast SEO plugin v21.7 - https:\/\/yoast.com\/wordpress\/plugins\/seo\/ -->\n<title>MaxiPrensaestopas M\u00e9trica Met\u00e1lico IP-68 - Fleximat<\/title>\n<meta name=\"robots\" content=\"index, follow, max-snippet:-1, max-image-preview:large, max-video-preview:-1\" \/>\n<link rel=\"canonical\" href=\"https:\/\/www.fleximat.es\/de\/urun\/maxiprensaestopas-metrica-metalico-ip-68\/\" \/>\n<meta property=\"og:locale\" content=\"de_DE\" \/>\n<meta property=\"og:type\" content=\"article\" \/>\n<meta property=\"og:title\" content=\"MaxiPrensaestopas M\u00e9trica Met\u00e1lico IP-68 - Fleximat\" \/>\n<meta property=\"og:description\" content=\"Material    Sombrerete Lat\u00f3n Niquelado   Junta de sellado EPDM   Junta t\u00f3rica NBR   Tipo de Rosca M\u00e9trica (EN 60423)   Estanqueidad IP68   Temperatura de trabajo continua -40 \u00baC +140 \u00baC +150 \u00baC (temporal)\" \/>\n<meta property=\"og:url\" content=\"https:\/\/www.fleximat.es\/de\/urun\/maxiprensaestopas-metrica-metalico-ip-68\/\" \/>\n<meta property=\"og:site_name\" content=\"Fleximat\" \/>\n<meta property=\"article:modified_time\" content=\"2023-12-03T12:03:09+00:00\" \/>\n<meta property=\"og:image\" content=\"https:\/\/www.fleximat.es\/wp-content\/uploads\/2023\/12\/th_crop_1568377692maxiprensaestopas-metalico-ip-68-1.png\" \/>\n\t<meta property=\"og:image:width\" content=\"800\" \/>\n\t<meta property=\"og:image:height\" content=\"800\" \/>\n\t<meta property=\"og:image:type\" content=\"image\/png\" \/>\n<meta name=\"twitter:card\" content=\"summary_large_image\" \/>\n<meta name=\"twitter:label1\" content=\"Gesch\u00e4tzte Lesezeit\" \/>\n\t<meta name=\"twitter:data1\" content=\"1 Minute\" \/>\n<script type=\"application\/ld+json\" class=\"yoast-schema-graph\">{\"@context\":\"https:\/\/schema.org\",\"@graph\":[{\"@type\":\"WebPage\",\"@id\":\"https:\/\/www.fleximat.es\/tr\/urun\/maxiprensaestopas-metrica-metalico-ip-68\/\",\"url\":\"https:\/\/www.fleximat.es\/tr\/urun\/maxiprensaestopas-metrica-metalico-ip-68\/\",\"name\":\"MaxiPrensaestopas M\u00e9trica Met\u00e1lico IP-68 - Fleximat\",\"isPartOf\":{\"@id\":\"https:\/\/www.fleximat.es\/bn\/#website\"},\"datePublished\":\"2023-10-18T15:52:52+00:00\",\"dateModified\":\"2023-12-03T12:03:09+00:00\",\"breadcrumb\":{\"@id\":\"https:\/\/www.fleximat.es\/tr\/urun\/maxiprensaestopas-metrica-metalico-ip-68\/#breadcrumb\"},\"inLanguage\":\"de-DE\",\"potentialAction\":[{\"@type\":\"ReadAction\",\"target\":[\"https:\/\/www.fleximat.es\/tr\/urun\/maxiprensaestopas-metrica-metalico-ip-68\/\"]}]},{\"@type\":\"BreadcrumbList\",\"@id\":\"https:\/\/www.fleximat.es\/tr\/urun\/maxiprensaestopas-metrica-metalico-ip-68\/#breadcrumb\",\"itemListElement\":[{\"@type\":\"ListItem\",\"position\":1,\"name\":\"Portada\",\"item\":\"https:\/\/www.fleximat.es\/\"},{\"@type\":\"ListItem\",\"position\":2,\"name\":\"Productos\",\"item\":\"https:\/\/www.fleximat.es\/en\/productos\/\"},{\"@type\":\"ListItem\",\"position\":3,\"name\":\"MaxiPrensaestopas M\u00e9trica Met\u00e1lico IP-68\"}]},{\"@type\":\"WebSite\",\"@id\":\"https:\/\/www.fleximat.es\/bn\/#website\",\"url\":\"https:\/\/www.fleximat.es\/bn\/\",\"name\":\"Fleximat\",\"description\":\"Tu soluci\u00f3n en prensaestopas y tubos flexibles\",\"publisher\":{\"@id\":\"https:\/\/www.fleximat.es\/bn\/#organization\"},\"potentialAction\":[{\"@type\":\"SearchAction\",\"target\":{\"@type\":\"EntryPoint\",\"urlTemplate\":\"https:\/\/www.fleximat.es\/bn\/?s={search_term_string}\"},\"query-input\":\"required name=search_term_string\"}],\"inLanguage\":\"de-DE\"},{\"@type\":\"Organization\",\"@id\":\"https:\/\/www.fleximat.es\/bn\/#organization\",\"name\":\"Fleximat\",\"url\":\"https:\/\/www.fleximat.es\/bn\/\",\"logo\":{\"@type\":\"ImageObject\",\"inLanguage\":\"de-DE\",\"@id\":\"https:\/\/www.fleximat.es\/bn\/#\/schema\/logo\/image\/\",\"url\":\"https:\/\/www.fleximat.es\/wp-content\/uploads\/2023\/11\/fleximat-logo-1.png\",\"contentUrl\":\"https:\/\/www.fleximat.es\/wp-content\/uploads\/2023\/11\/fleximat-logo-1.png\",\"width\":1169,\"height\":289,\"caption\":\"Fleximat\"},\"image\":{\"@id\":\"https:\/\/www.fleximat.es\/bn\/#\/schema\/logo\/image\/\"}}]}<\/script>\n<!-- \/ Yoast SEO plugin. -->","yoast_head_json":{"title":"MaxiPrensaestopas M\u00e9trica Met\u00e1lico IP-68 - Fleximat","robots":{"index":"index","follow":"follow","max-snippet":"max-snippet:-1","max-image-preview":"max-image-preview:large","max-video-preview":"max-video-preview:-1"},"canonical":"https:\/\/www.fleximat.es\/de\/urun\/maxiprensaestopas-metrica-metalico-ip-68\/","og_locale":"de_DE","og_type":"article","og_title":"MaxiPrensaestopas M\u00e9trica Met\u00e1lico IP-68 - Fleximat","og_description":"Material    Sombrerete Lat\u00f3n Niquelado   Junta de sellado EPDM   Junta t\u00f3rica NBR   Tipo de Rosca M\u00e9trica (EN 60423)   Estanqueidad IP68   Temperatura de trabajo continua -40 \u00baC +140 \u00baC +150 \u00baC (temporal)","og_url":"https:\/\/www.fleximat.es\/de\/urun\/maxiprensaestopas-metrica-metalico-ip-68\/","og_site_name":"Fleximat","article_modified_time":"2023-12-03T12:03:09+00:00","og_image":[{"width":800,"height":800,"url":"https:\/\/www.fleximat.es\/wp-content\/uploads\/2023\/12\/th_crop_1568377692maxiprensaestopas-metalico-ip-68-1.png","type":"image\/png"}],"twitter_card":"summary_large_image","twitter_misc":{"Gesch\u00e4tzte Lesezeit":"1 Minute"},"schema":{"@context":"https:\/\/schema.org","@graph":[{"@type":"WebPage","@id":"https:\/\/www.fleximat.es\/tr\/urun\/maxiprensaestopas-metrica-metalico-ip-68\/","url":"https:\/\/www.fleximat.es\/tr\/urun\/maxiprensaestopas-metrica-metalico-ip-68\/","name":"MaxiPrensaestopas M\u00e9trica Met\u00e1lico IP-68 - Fleximat","isPartOf":{"@id":"https:\/\/www.fleximat.es\/bn\/#website"},"datePublished":"2023-10-18T15:52:52+00:00","dateModified":"2023-12-03T12:03:09+00:00","breadcrumb":{"@id":"https:\/\/www.fleximat.es\/tr\/urun\/maxiprensaestopas-metrica-metalico-ip-68\/#breadcrumb"},"inLanguage":"de-DE","potentialAction":[{"@type":"ReadAction","target":["https:\/\/www.fleximat.es\/tr\/urun\/maxiprensaestopas-metrica-metalico-ip-68\/"]}]},{"@type":"BreadcrumbList","@id":"https:\/\/www.fleximat.es\/tr\/urun\/maxiprensaestopas-metrica-metalico-ip-68\/#breadcrumb","itemListElement":[{"@type":"ListItem","position":1,"name":"Portada","item":"https:\/\/www.fleximat.es\/"},{"@type":"ListItem","position":2,"name":"Productos","item":"https:\/\/www.fleximat.es\/en\/productos\/"},{"@type":"ListItem","position":3,"name":"MaxiPrensaestopas M\u00e9trica Met\u00e1lico IP-68"}]},{"@type":"WebSite","@id":"https:\/\/www.fleximat.es\/bn\/#website","url":"https:\/\/www.fleximat.es\/bn\/","name":"Fleximat","description":"Tu soluci\u00f3n en prensaestopas y tubos flexibles","publisher":{"@id":"https:\/\/www.fleximat.es\/bn\/#organization"},"potentialAction":[{"@type":"SearchAction","target":{"@type":"EntryPoint","urlTemplate":"https:\/\/www.fleximat.es\/bn\/?s={search_term_string}"},"query-input":"required name=search_term_string"}],"inLanguage":"de-DE"},{"@type":"Organization","@id":"https:\/\/www.fleximat.es\/bn\/#organization","name":"Fleximat","url":"https:\/\/www.fleximat.es\/bn\/","logo":{"@type":"ImageObject","inLanguage":"de-DE","@id":"https:\/\/www.fleximat.es\/bn\/#\/schema\/logo\/image\/","url":"https:\/\/www.fleximat.es\/wp-content\/uploads\/2023\/11\/fleximat-logo-1.png","contentUrl":"https:\/\/www.fleximat.es\/wp-content\/uploads\/2023\/11\/fleximat-logo-1.png","width":1169,"height":289,"caption":"Fleximat"},"image":{"@id":"https:\/\/www.fleximat.es\/bn\/#\/schema\/logo\/image\/"}}]}},"taxonomy_info":{"product_cat":[{"value":31,"label":"Prensaestopas y accesorios met\u00e1licos"},{"value":53,"label":"MaxiPrensaestopas Met\u00e1lico IP-68"}]},"featured_image_src_large":["https:\/\/www.fleximat.es\/wp-content\/uploads\/2023\/12\/th_crop_1568377692maxiprensaestopas-metalico-ip-68-1.png",800,800,false],"author_info":[],"comment_info":"","_links":{"self":[{"href":"https:\/\/www.fleximat.es\/de\/wp-json\/wp\/v2\/product\/1566"}],"collection":[{"href":"https:\/\/www.fleximat.es\/de\/wp-json\/wp\/v2\/product"}],"about":[{"href":"https:\/\/www.fleximat.es\/de\/wp-json\/wp\/v2\/types\/product"}],"wp:featuredmedia":[{"embeddable":true,"href":"https:\/\/www.fleximat.es\/de\/wp-json\/wp\/v2\/media\/3078"}],"wp:attachment":[{"href":"https:\/\/www.fleximat.es\/de\/wp-json\/wp\/v2\/media?parent=1566"}],"wp:term":[{"taxonomy":"product_cat","embeddable":true,"href":"https:\/\/www.fleximat.es\/de\/wp-json\/wp\/v2\/product_cat?post=1566"},{"taxonomy":"product_tag","embeddable":true,"href":"https:\/\/www.fleximat.es\/de\/wp-json\/wp\/v2\/product_tag?post=1566"}],"curies":[{"name":"wp","href":"https:\/\/api.w.org\/{rel}","templated":true}]}}