{"id":1608,"date":"2023-10-18T17:53:14","date_gmt":"2023-10-18T15:53:14","guid":{"rendered":"https:\/\/www.fleximat.es\/?post_type=product&#038;p=1608"},"modified":"2023-12-03T12:59:00","modified_gmt":"2023-12-03T11:59:00","slug":"prensaestopas-pg-multihole-metalico-ip-65","status":"publish","type":"product","link":"https:\/\/www.fleximat.es\/de\/produkt\/prensaestopas-pg-multihole-metalico-ip-65\/","title":{"rendered":"PG Mehrloch-Metallkabelverschraubung IP-65"},"content":{"rendered":"<h4>Eigenschaften<\/h4>\n<p>F\u00fcr Mehrfachkabel oder Flachkabel<br \/>\nLeicht zusammenzubauen<br \/>\nVersionen mit langem Gewinde<br \/>\nHalogen frei<\/p>\n<h3>Produktbeschreibung<\/h3>\n<p>Die Metall-Mehrfachkabelverschraubung ist eine Variante der herk\u00f6mmlichen Kabelverschraubung, die \u00fcber ein Innengelenk mit L\u00f6chern f\u00fcr die Durchf\u00fchrung einer bestimmten Anzahl elektrischer Kabel verf\u00fcgt.<\/p>\n<p>Die metallische Mehrfachkabelverschraubung oder Wandt\u00fclle dient zum Schutz der Kabelverbindung. Ihr Design und ihre mechanischen Komponenten dr\u00fccken eine interne Elastomerdichtung innerhalb eines Geh\u00e4uses zusammen. Die Innenfuge wiederum verteilt die Kabel entsprechend den Projektvorgaben.<\/p>\n<p>Kabelverschraubungen f\u00fcr verschiedene Kabel bieten eine gro\u00dfe Vielfalt an Eigenschaften, sei es mechanisch, chemisch oder leistungstechnisch, und sind sowohl in Kunststoffmaterialien als auch in einer metallischen Ausf\u00fchrung erh\u00e4ltlich.<\/p>\n<p>Metallische Mehrkabelverschraubungen gibt es in einem sehr breiten Spektrum an Kabelanzahlen und Durchmessern, die f\u00fcr die L\u00f6cher in ihrer Verbindung erforderlich sind.<\/p>\n<table class=\"table table-bordered table-striped\">\n<thead>\n<tr>\n<td>Faden<\/td>\n<td>Code<\/td>\n<td>Anzahl der L\u00f6cher<\/td>\n<td>C mm<\/td>\n<\/tr>\n<\/thead>\n<tbody>\n<tr>\n<td>S. 9<\/td>\n<td>OPBG 02A3<\/td>\n<td>2<\/td>\n<td>3<\/td>\n<\/tr>\n<tr>\n<td>S. 9<\/td>\n<td>OPBG 02B3<\/td>\n<td>3<\/td>\n<td>3<\/td>\n<\/tr>\n<tr>\n<td>S. 9<\/td>\n<td>OPBG 02C3<\/td>\n<td>4<\/td>\n<td>3<\/td>\n<\/tr>\n<tr>\n<td>S. 11<\/td>\n<td>OPBG 03A4<\/td>\n<td>2<\/td>\n<td>4<\/td>\n<\/tr>\n<tr>\n<td>S. 11<\/td>\n<td>OPBG 03A5<\/td>\n<td>2<\/td>\n<td>5<\/td>\n<\/tr>\n<tr>\n<td>S. 11<\/td>\n<td>OPBG 03B4<\/td>\n<td>3<\/td>\n<td>4<\/td>\n<\/tr>\n<tr>\n<td>S. 11<\/td>\n<td>OPBG 03B5<\/td>\n<td>3<\/td>\n<td>5<\/td>\n<\/tr>\n<tr>\n<td>GP 13.5<\/td>\n<td>OPBG 04A5<\/td>\n<td>2<\/td>\n<td>5<\/td>\n<\/tr>\n<tr>\n<td>GP 13.5<\/td>\n<td>OPBG 04A6<\/td>\n<td>2<\/td>\n<td>6<\/td>\n<\/tr>\n<tr>\n<td>GP 13.5<\/td>\n<td>OPBG 04B4<\/td>\n<td>3<\/td>\n<td>4<\/td>\n<\/tr>\n<tr>\n<td>GP 13.5<\/td>\n<td>OPBG 04B5<\/td>\n<td>3<\/td>\n<td>5<\/td>\n<\/tr>\n<tr>\n<td>S. 16<\/td>\n<td>OPBG 05A4<\/td>\n<td>2<\/td>\n<td>4<\/td>\n<\/tr>\n<tr>\n<td>S. 16<\/td>\n<td>OPBG 05A7<\/td>\n<td>2<\/td>\n<td>7<\/td>\n<\/tr>\n<tr>\n<td>S. 16<\/td>\n<td>OPBG 05B4<\/td>\n<td>3<\/td>\n<td>7<\/td>\n<\/tr>\n<tr>\n<td>S. 16<\/td>\n<td>OPBG 05B6<\/td>\n<td>3<\/td>\n<td>6<\/td>\n<\/tr>\n<tr>\n<td>S. 16<\/td>\n<td>OPBG 05C5<\/td>\n<td>4<\/td>\n<td>5<\/td>\n<\/tr>\n<tr>\n<td>S. 21<\/td>\n<td>OPBG 06A8<\/td>\n<td>2<\/td>\n<td>8<\/td>\n<\/tr>\n<tr>\n<td>S. 21<\/td>\n<td>OPBG 06A9<\/td>\n<td>2<\/td>\n<td>9<\/td>\n<\/tr>\n<tr>\n<td>S. 21<\/td>\n<td>OPBG 06B7<\/td>\n<td>3<\/td>\n<td>7<\/td>\n<\/tr>\n<tr>\n<td>S. 21<\/td>\n<td>OPBG 06B8<\/td>\n<td>3<\/td>\n<td>8<\/td>\n<\/tr>\n<tr>\n<td>S. 21<\/td>\n<td>OPBG 06C7<\/td>\n<td>4<\/td>\n<td>7<\/td>\n<\/tr>\n<tr>\n<td>S. 21<\/td>\n<td>OPBG 06G3<\/td>\n<td>8<\/td>\n<td>3<\/td>\n<\/tr>\n<tr>\n<td>S. 21<\/td>\n<td>OPBG 06G4<\/td>\n<td>8<\/td>\n<td>4<\/td>\n<\/tr>\n<tr>\n<td>S. 21<\/td>\n<td>OPBG 06A5<\/td>\n<td>2<\/td>\n<td>5<\/td>\n<\/tr>\n<tr>\n<td>S. 21<\/td>\n<td>OPBG 06D6<\/td>\n<td>5<\/td>\n<td>6<\/td>\n<\/tr>\n<tr>\n<td>S. 21<\/td>\n<td>OPBG 09F4<\/td>\n<td>9<\/td>\n<td>4<\/td>\n<\/tr>\n<tr>\n<td>S. 29<\/td>\n<td>OPBG 07C9<\/td>\n<td>4<\/td>\n<td>9<\/td>\n<\/tr>\n<tr>\n<td>S. 29<\/td>\n<td>OPBG 0703<\/td>\n<td>16<\/td>\n<td>3<\/td>\n<\/tr>\n<tr>\n<td>S. 36<\/td>\n<td>OPBG 06E8<\/td>\n<td>6<\/td>\n<td>8<\/td>\n<\/tr>\n<tr>\n<td colspan=\"8\">Mehrere Kabel<\/td>\n<\/tr>\n<tr>\n<td>S. 16<\/td>\n<td>YPBG 05<\/td>\n<td>7<\/td>\n<td>13<\/td>\n<\/tr>\n<tr>\n<td>S. 21<\/td>\n<td>YPBG 06<\/td>\n<td>7<\/td>\n<td>15<\/td>\n<\/tr>\n<tr>\n<td>S. 29<\/td>\n<td>YPBG 07<\/td>\n<td>8<\/td>\n<td>22<\/td>\n<\/tr>\n<tr>\n<td>S. 36<\/td>\n<td>YPBG 08<\/td>\n<td>10<\/td>\n<td>28<\/td>\n<\/tr>\n<tr>\n<td>S. 42<\/td>\n<td>YPBG 09<\/td>\n<td>12<\/td>\n<td>33<\/td>\n<\/tr>\n<tr>\n<td>S. 48<\/td>\n<td>YPBG 10<\/td>\n<td>14<\/td>\n<td>45<\/td>\n<\/tr>\n<\/tbody>\n<\/table>","protected":false},"excerpt":{"rendered":"<h3>Eigenschaften<\/h3>\n<table>\n<tbody>\n<tr>\n<td><strong>Motorhaube<\/strong><\/td>\n<td>Vernickeltes Messing<\/td>\n<\/tr>\n<tr>\n<td><strong>Dichtung<\/strong><\/td>\n<td>POS<\/td>\n<\/tr>\n<tr>\n<td><strong>O-Ring<\/strong><\/td>\n<td>NBR<\/td>\n<\/tr>\n<tr>\n<td><strong>Gewindetyp<\/strong><\/td>\n<td>Metrisch (EN 60423)<\/td>\n<\/tr>\n<tr>\n<td><strong>Dichtheit<\/strong><\/td>\n<td>IP65<\/td>\n<\/tr>\n<tr>\n<td><strong>Kontinuierliche Arbeitstemperatur<\/strong><\/td>\n<td>-40 \u00baC +100 \u00baC<\/td>\n<\/tr>\n<\/tbody>\n<\/table>","protected":false},"featured_media":1636,"template":"","meta":{"_kad_blocks_custom_css":"","_kad_blocks_head_custom_js":"","_kad_blocks_body_custom_js":"","_kad_blocks_footer_custom_js":"","_kadence_starter_templates_imported_post":false,"_kad_post_transparent":"default","_kad_post_title":"","_kad_post_layout":"default","_kad_post_sidebar_id":"","_kad_post_content_style":"default","_kad_post_vertical_padding":"default","_kad_post_feature":"","_kad_post_feature_position":"","_kad_post_header":false,"_kad_post_footer":false},"product_cat":[31,63],"product_tag":[],"class_list":{"0":"post-1608","1":"product","2":"type-product","3":"status-publish","4":"has-post-thumbnail","6":"product_cat-prensaestopas-y-accesorios-metalicos","7":"product_cat-prensaestopas-ip-65-multihole","9":"first","10":"instock","11":"shipping-taxable","12":"product-type-simple","13":"entry","14":"content-bg","15":"loop-entry"},"yoast_head":"<!-- This site is optimized with the Yoast SEO plugin v21.7 - https:\/\/yoast.com\/wordpress\/plugins\/seo\/ -->\n<title>Prensaestopas PG Multihole Met\u00e1lico IP-65 - Fleximat<\/title>\n<meta name=\"robots\" content=\"index, follow, max-snippet:-1, max-image-preview:large, max-video-preview:-1\" \/>\n<link rel=\"canonical\" href=\"https:\/\/www.fleximat.es\/de\/produkt\/prensaestopas-pg-multihole-metalico-ip-65\/\" \/>\n<meta property=\"og:locale\" content=\"de_DE\" \/>\n<meta property=\"og:type\" content=\"article\" \/>\n<meta property=\"og:title\" content=\"Prensaestopas PG Multihole Met\u00e1lico IP-65 - Fleximat\" \/>\n<meta property=\"og:description\" content=\"Caracter\u00edsticas    Sombrerete Lat\u00f3n Niquelado   Junta de sellado TPV   Junta t\u00f3rica NBR   Tipo de Rosca M\u00e9trica (EN 60423)   Estanqueidad IP65   Temperatura de trabajo continua -40 \u00baC +100 \u00baC\" \/>\n<meta property=\"og:url\" content=\"https:\/\/www.fleximat.es\/de\/produkt\/prensaestopas-pg-multihole-metalico-ip-65\/\" \/>\n<meta property=\"og:site_name\" content=\"Fleximat\" \/>\n<meta property=\"article:modified_time\" content=\"2023-12-03T11:59:00+00:00\" \/>\n<meta property=\"og:image\" content=\"https:\/\/www.fleximat.es\/wp-content\/uploads\/2023\/10\/th_crop_1571759856multihole-metalico.jpg\" \/>\n\t<meta property=\"og:image:width\" content=\"600\" \/>\n\t<meta property=\"og:image:height\" content=\"600\" \/>\n\t<meta property=\"og:image:type\" content=\"image\/jpeg\" \/>\n<meta name=\"twitter:card\" content=\"summary_large_image\" \/>\n<meta name=\"twitter:label1\" content=\"Gesch\u00e4tzte Lesezeit\" \/>\n\t<meta name=\"twitter:data1\" content=\"1 Minute\" \/>\n<script type=\"application\/ld+json\" class=\"yoast-schema-graph\">{\"@context\":\"https:\/\/schema.org\",\"@graph\":[{\"@type\":\"WebPage\",\"@id\":\"https:\/\/www.fleximat.es\/producto\/prensaestopas-pg-multihole-metalico-ip-65\/\",\"url\":\"https:\/\/www.fleximat.es\/producto\/prensaestopas-pg-multihole-metalico-ip-65\/\",\"name\":\"Prensaestopas PG Multihole Met\u00e1lico IP-65 - Fleximat\",\"isPartOf\":{\"@id\":\"https:\/\/www.fleximat.es\/bn\/#website\"},\"datePublished\":\"2023-10-18T15:53:14+00:00\",\"dateModified\":\"2023-12-03T11:59:00+00:00\",\"breadcrumb\":{\"@id\":\"https:\/\/www.fleximat.es\/producto\/prensaestopas-pg-multihole-metalico-ip-65\/#breadcrumb\"},\"inLanguage\":\"de-DE\",\"potentialAction\":[{\"@type\":\"ReadAction\",\"target\":[\"https:\/\/www.fleximat.es\/producto\/prensaestopas-pg-multihole-metalico-ip-65\/\"]}]},{\"@type\":\"BreadcrumbList\",\"@id\":\"https:\/\/www.fleximat.es\/producto\/prensaestopas-pg-multihole-metalico-ip-65\/#breadcrumb\",\"itemListElement\":[{\"@type\":\"ListItem\",\"position\":1,\"name\":\"Portada\",\"item\":\"https:\/\/www.fleximat.es\/\"},{\"@type\":\"ListItem\",\"position\":2,\"name\":\"Productos\",\"item\":\"https:\/\/www.fleximat.es\/en\/productos\/\"},{\"@type\":\"ListItem\",\"position\":3,\"name\":\"Prensaestopas PG Multihole Met\u00e1lico IP-65\"}]},{\"@type\":\"WebSite\",\"@id\":\"https:\/\/www.fleximat.es\/bn\/#website\",\"url\":\"https:\/\/www.fleximat.es\/bn\/\",\"name\":\"Fleximat\",\"description\":\"Tu soluci\u00f3n en prensaestopas y tubos flexibles\",\"publisher\":{\"@id\":\"https:\/\/www.fleximat.es\/bn\/#organization\"},\"potentialAction\":[{\"@type\":\"SearchAction\",\"target\":{\"@type\":\"EntryPoint\",\"urlTemplate\":\"https:\/\/www.fleximat.es\/bn\/?s={search_term_string}\"},\"query-input\":\"required name=search_term_string\"}],\"inLanguage\":\"de-DE\"},{\"@type\":\"Organization\",\"@id\":\"https:\/\/www.fleximat.es\/bn\/#organization\",\"name\":\"Fleximat\",\"url\":\"https:\/\/www.fleximat.es\/bn\/\",\"logo\":{\"@type\":\"ImageObject\",\"inLanguage\":\"de-DE\",\"@id\":\"https:\/\/www.fleximat.es\/bn\/#\/schema\/logo\/image\/\",\"url\":\"https:\/\/www.fleximat.es\/wp-content\/uploads\/2023\/11\/fleximat-logo-1.png\",\"contentUrl\":\"https:\/\/www.fleximat.es\/wp-content\/uploads\/2023\/11\/fleximat-logo-1.png\",\"width\":1169,\"height\":289,\"caption\":\"Fleximat\"},\"image\":{\"@id\":\"https:\/\/www.fleximat.es\/bn\/#\/schema\/logo\/image\/\"}}]}<\/script>\n<!-- \/ Yoast SEO plugin. -->","yoast_head_json":{"title":"Prensaestopas PG Multihole Met\u00e1lico IP-65 - Fleximat","robots":{"index":"index","follow":"follow","max-snippet":"max-snippet:-1","max-image-preview":"max-image-preview:large","max-video-preview":"max-video-preview:-1"},"canonical":"https:\/\/www.fleximat.es\/de\/produkt\/prensaestopas-pg-multihole-metalico-ip-65\/","og_locale":"de_DE","og_type":"article","og_title":"Prensaestopas PG Multihole Met\u00e1lico IP-65 - Fleximat","og_description":"Caracter\u00edsticas    Sombrerete Lat\u00f3n Niquelado   Junta de sellado TPV   Junta t\u00f3rica NBR   Tipo de Rosca M\u00e9trica (EN 60423)   Estanqueidad IP65   Temperatura de trabajo continua -40 \u00baC +100 \u00baC","og_url":"https:\/\/www.fleximat.es\/de\/produkt\/prensaestopas-pg-multihole-metalico-ip-65\/","og_site_name":"Fleximat","article_modified_time":"2023-12-03T11:59:00+00:00","og_image":[{"width":600,"height":600,"url":"https:\/\/www.fleximat.es\/wp-content\/uploads\/2023\/10\/th_crop_1571759856multihole-metalico.jpg","type":"image\/jpeg"}],"twitter_card":"summary_large_image","twitter_misc":{"Gesch\u00e4tzte Lesezeit":"1 Minute"},"schema":{"@context":"https:\/\/schema.org","@graph":[{"@type":"WebPage","@id":"https:\/\/www.fleximat.es\/producto\/prensaestopas-pg-multihole-metalico-ip-65\/","url":"https:\/\/www.fleximat.es\/producto\/prensaestopas-pg-multihole-metalico-ip-65\/","name":"Prensaestopas PG Multihole Met\u00e1lico IP-65 - Fleximat","isPartOf":{"@id":"https:\/\/www.fleximat.es\/bn\/#website"},"datePublished":"2023-10-18T15:53:14+00:00","dateModified":"2023-12-03T11:59:00+00:00","breadcrumb":{"@id":"https:\/\/www.fleximat.es\/producto\/prensaestopas-pg-multihole-metalico-ip-65\/#breadcrumb"},"inLanguage":"de-DE","potentialAction":[{"@type":"ReadAction","target":["https:\/\/www.fleximat.es\/producto\/prensaestopas-pg-multihole-metalico-ip-65\/"]}]},{"@type":"BreadcrumbList","@id":"https:\/\/www.fleximat.es\/producto\/prensaestopas-pg-multihole-metalico-ip-65\/#breadcrumb","itemListElement":[{"@type":"ListItem","position":1,"name":"Portada","item":"https:\/\/www.fleximat.es\/"},{"@type":"ListItem","position":2,"name":"Productos","item":"https:\/\/www.fleximat.es\/en\/productos\/"},{"@type":"ListItem","position":3,"name":"Prensaestopas PG Multihole Met\u00e1lico IP-65"}]},{"@type":"WebSite","@id":"https:\/\/www.fleximat.es\/bn\/#website","url":"https:\/\/www.fleximat.es\/bn\/","name":"Fleximat","description":"Tu soluci\u00f3n en prensaestopas y tubos flexibles","publisher":{"@id":"https:\/\/www.fleximat.es\/bn\/#organization"},"potentialAction":[{"@type":"SearchAction","target":{"@type":"EntryPoint","urlTemplate":"https:\/\/www.fleximat.es\/bn\/?s={search_term_string}"},"query-input":"required name=search_term_string"}],"inLanguage":"de-DE"},{"@type":"Organization","@id":"https:\/\/www.fleximat.es\/bn\/#organization","name":"Fleximat","url":"https:\/\/www.fleximat.es\/bn\/","logo":{"@type":"ImageObject","inLanguage":"de-DE","@id":"https:\/\/www.fleximat.es\/bn\/#\/schema\/logo\/image\/","url":"https:\/\/www.fleximat.es\/wp-content\/uploads\/2023\/11\/fleximat-logo-1.png","contentUrl":"https:\/\/www.fleximat.es\/wp-content\/uploads\/2023\/11\/fleximat-logo-1.png","width":1169,"height":289,"caption":"Fleximat"},"image":{"@id":"https:\/\/www.fleximat.es\/bn\/#\/schema\/logo\/image\/"}}]}},"taxonomy_info":{"product_cat":[{"value":31,"label":"Prensaestopas y accesorios met\u00e1licos"},{"value":63,"label":"Prensaestopas IP-65 Multihole"}]},"featured_image_src_large":["https:\/\/www.fleximat.es\/wp-content\/uploads\/2023\/10\/th_crop_1571759856multihole-metalico.jpg",600,600,false],"author_info":[],"comment_info":"","_links":{"self":[{"href":"https:\/\/www.fleximat.es\/de\/wp-json\/wp\/v2\/product\/1608"}],"collection":[{"href":"https:\/\/www.fleximat.es\/de\/wp-json\/wp\/v2\/product"}],"about":[{"href":"https:\/\/www.fleximat.es\/de\/wp-json\/wp\/v2\/types\/product"}],"wp:featuredmedia":[{"embeddable":true,"href":"https:\/\/www.fleximat.es\/de\/wp-json\/wp\/v2\/media\/1636"}],"wp:attachment":[{"href":"https:\/\/www.fleximat.es\/de\/wp-json\/wp\/v2\/media?parent=1608"}],"wp:term":[{"taxonomy":"product_cat","embeddable":true,"href":"https:\/\/www.fleximat.es\/de\/wp-json\/wp\/v2\/product_cat?post=1608"},{"taxonomy":"product_tag","embeddable":true,"href":"https:\/\/www.fleximat.es\/de\/wp-json\/wp\/v2\/product_tag?post=1608"}],"curies":[{"name":"wp","href":"https:\/\/api.w.org\/{rel}","templated":true}]}}