{"id":1699,"date":"2023-10-18T17:54:03","date_gmt":"2023-10-18T15:54:03","guid":{"rendered":"https:\/\/www.fleximat.es\/?post_type=product&#038;p=1699"},"modified":"2023-10-25T09:20:15","modified_gmt":"2023-10-25T07:20:15","slug":"racor-giratorio-metrica-metalico-ip-54","status":"publish","type":"product","link":"https:\/\/www.fleximat.es\/de\/produkt\/racor-giratorio-metrica-metalico-ip-54\/","title":{"rendered":"Metrische IP-54-Drehverschraubung aus Metall"},"content":{"rendered":"<h4>Eigenschaften<\/h4>\n<p>Einfache Montage<br \/>\nFrei von Halogenen<br \/>\nErh\u00e4ltlich mit langem Faden<\/p>\n<h3>Produktbeschreibung<\/h3>\n<p><span style=\"font-weight: 400;\">Eine Langgewindeverschraubung ist eine Variante der Standardverschraubung, die sich durch eine l\u00e4ngere Gewindel\u00e4nge auszeichnet.<\/span><\/p>\n<p><span style=\"font-weight: 400;\">Bei der Kabelverschraubungsvariante mit Langgewinde wird die L\u00e4nge des Au\u00dfengewindes der Kabelverschraubung an die spezifischen Anforderungen des Projekts angepasst.<\/span><\/p>\n<p><span style=\"font-weight: 400;\">Bei bestimmten Anwendungen kommt es h\u00e4ufig vor, dass kleine Komponenten an die angebotenen Design- und Verdrahtungsschutzm\u00f6glichkeiten angepasst werden m\u00fcssen. In diesem Fall kann die L\u00e4nge der Gewinde einer Stopfbuchse durch einen Wechsel der Form ver\u00e4ndert werden.<\/span><\/p>\n<p><span style=\"font-weight: 400;\">Lange Gewindeverschraubungen sind wie Standard-Gewindeverschraubungen schnell zu montieren und einfach zu installieren. Sie verf\u00fcgen \u00fcber einen gro\u00dfen Betriebstemperaturbereich und sind sowohl in der Version mit Kunststoff- als auch mit Metallverschraubung erh\u00e4ltlich.<\/span><\/p>\n<table class=\"table table-bordered table-striped\">\n<thead>\n<tr>\n<td>Metriken<\/td>\n<td>Code<\/td>\n<td>Hmm<\/td>\n<td>GL mm<\/td>\n<td>B mm<\/td>\n<td>C mm<\/td>\n<td>mm<\/td>\n<\/tr>\n<\/thead>\n<tbody>\n<tr>\n<td>M 12 x 1,5<\/td>\n<td>OMBGL 01<\/td>\n<td>22<\/td>\n<td>25<\/td>\n<td>14<\/td>\n<td>14<\/td>\n<td>3 &#8211; 6,5<\/td>\n<\/tr>\n<tr>\n<td>M 16 x 1,5<\/td>\n<td>OMBGL 02<\/td>\n<td>23<\/td>\n<td>25<\/td>\n<td>18<\/td>\n<td>17<\/td>\n<td>4 &#8211; 8<\/td>\n<\/tr>\n<tr>\n<td>M 20 x 1,5<\/td>\n<td>OMBGL 03<\/td>\n<td>26,5<\/td>\n<td>25<\/td>\n<td>22<\/td>\n<td>22<\/td>\n<td>6 &#8211; 12<\/td>\n<\/tr>\n<tr>\n<td>M 25 x 1,5<\/td>\n<td>OMBGL 04<\/td>\n<td>28<\/td>\n<td>25<\/td>\n<td>27<\/td>\n<td>24<\/td>\n<td>10 &#8211; 14<\/td>\n<\/tr>\n<tr>\n<td>M 32 x 1,5<\/td>\n<td>OMBGL 05<\/td>\n<td>31,5<\/td>\n<td>25<\/td>\n<td>34<\/td>\n<td>30<\/td>\n<td>13 &#8211; 18<\/td>\n<\/tr>\n<tr>\n<td>M 40 x 1,5<\/td>\n<td>OMBGL 06<\/td>\n<td>38<\/td>\n<td>25<\/td>\n<td>43<\/td>\n<td>40<\/td>\n<td>18 &#8211; 25<\/td>\n<\/tr>\n<\/tbody>\n<\/table>","protected":false},"excerpt":{"rendered":"<h3>Eigenschaften<\/h3>\n<table>\n<tbody>\n<tr>\n<td><strong>Dichtung<\/strong><\/td>\n<td>POS<\/td>\n<\/tr>\n<tr>\n<td><strong>K\u00f6rper<\/strong><\/td>\n<td>Vernickeltes Platon<\/td>\n<\/tr>\n<tr>\n<td><strong>O-Ring<\/strong><\/td>\n<td>NBR<\/td>\n<\/tr>\n<tr>\n<td><strong>Gewindetyp<\/strong><\/td>\n<td>PG (DIN 40430)<\/td>\n<\/tr>\n<tr>\n<td><strong>Dichtheit<\/strong><\/td>\n<td>IP68 \u2013 5 bar<\/td>\n<\/tr>\n<tr>\n<td><strong>Kontinuierliche Arbeitstemperatur<\/strong><\/td>\n<td>-40 \u00baC +100 \u00baC +150 \u00baC (vor\u00fcbergehend)<\/td>\n<\/tr>\n<\/tbody>\n<\/table>","protected":false},"featured_media":1729,"template":"","meta":{"_kad_blocks_custom_css":"","_kad_blocks_head_custom_js":"","_kad_blocks_body_custom_js":"","_kad_blocks_footer_custom_js":"","_kadence_starter_templates_imported_post":false,"_kad_post_transparent":"default","_kad_post_title":"","_kad_post_layout":"default","_kad_post_sidebar_id":"","_kad_post_content_style":"default","_kad_post_vertical_padding":"default","_kad_post_feature":"","_kad_post_feature_position":"","_kad_post_header":false,"_kad_post_footer":false},"product_cat":[68,71],"product_tag":[],"class_list":{"0":"post-1699","1":"product","2":"type-product","3":"status-publish","4":"has-post-thumbnail","6":"product_cat-tubos-flexibles-racores-y-accesorios","7":"product_cat-racores-y-accesorios-metalicos","9":"first","10":"instock","11":"shipping-taxable","12":"product-type-simple","13":"entry","14":"content-bg","15":"loop-entry"},"yoast_head":"<!-- This site is optimized with the Yoast SEO plugin v21.7 - https:\/\/yoast.com\/wordpress\/plugins\/seo\/ -->\n<title>Racor Giratorio M\u00e9trica Met\u00e1lico IP-54 - Fleximat<\/title>\n<meta name=\"robots\" content=\"index, follow, max-snippet:-1, max-image-preview:large, max-video-preview:-1\" \/>\n<link rel=\"canonical\" href=\"https:\/\/www.fleximat.es\/de\/product\/racor-giratorio-metrica-metalico-ip-54\/\" \/>\n<meta property=\"og:locale\" content=\"de_DE\" \/>\n<meta property=\"og:type\" content=\"article\" \/>\n<meta property=\"og:title\" content=\"Racor Giratorio M\u00e9trica Met\u00e1lico IP-54 - Fleximat\" \/>\n<meta property=\"og:description\" content=\"Caracter\u00edsticas    Junta de sellado TPV   Cuerpo Plat\u00f3n Niquelado   Junta t\u00f3rica NBR   Tipo de Rosca PG (DIN 40430)   Estanqueidad IP68 - 5 bar   Temperatura de trabajo continua -40 \u00baC +100 \u00baC +150 \u00baC (temporal)\" \/>\n<meta property=\"og:url\" content=\"https:\/\/www.fleximat.es\/de\/product\/racor-giratorio-metrica-metalico-ip-54\/\" \/>\n<meta property=\"og:site_name\" content=\"Fleximat\" \/>\n<meta property=\"article:modified_time\" content=\"2023-10-25T07:20:15+00:00\" \/>\n<meta property=\"og:image\" content=\"https:\/\/www.fleximat.es\/wp-content\/uploads\/2023\/10\/racor-ip-54-giratorio.jpg\" \/>\n\t<meta property=\"og:image:width\" content=\"571\" \/>\n\t<meta property=\"og:image:height\" content=\"570\" \/>\n\t<meta property=\"og:image:type\" content=\"image\/jpeg\" \/>\n<meta name=\"twitter:card\" content=\"summary_large_image\" \/>\n<meta name=\"twitter:label1\" content=\"Gesch\u00e4tzte Lesezeit\" \/>\n\t<meta name=\"twitter:data1\" content=\"1 Minute\" \/>\n<script type=\"application\/ld+json\" class=\"yoast-schema-graph\">{\"@context\":\"https:\/\/schema.org\",\"@graph\":[{\"@type\":\"WebPage\",\"@id\":\"https:\/\/www.fleximat.es\/bn\/product\/racor-giratorio-metrica-metalico-ip-54\/\",\"url\":\"https:\/\/www.fleximat.es\/bn\/product\/racor-giratorio-metrica-metalico-ip-54\/\",\"name\":\"Racor Giratorio M\u00e9trica Met\u00e1lico IP-54 - Fleximat\",\"isPartOf\":{\"@id\":\"https:\/\/www.fleximat.es\/bn\/#website\"},\"datePublished\":\"2023-10-18T15:54:03+00:00\",\"dateModified\":\"2023-10-25T07:20:15+00:00\",\"breadcrumb\":{\"@id\":\"https:\/\/www.fleximat.es\/bn\/product\/racor-giratorio-metrica-metalico-ip-54\/#breadcrumb\"},\"inLanguage\":\"de-DE\",\"potentialAction\":[{\"@type\":\"ReadAction\",\"target\":[\"https:\/\/www.fleximat.es\/bn\/product\/racor-giratorio-metrica-metalico-ip-54\/\"]}]},{\"@type\":\"BreadcrumbList\",\"@id\":\"https:\/\/www.fleximat.es\/bn\/product\/racor-giratorio-metrica-metalico-ip-54\/#breadcrumb\",\"itemListElement\":[{\"@type\":\"ListItem\",\"position\":1,\"name\":\"Portada\",\"item\":\"https:\/\/www.fleximat.es\/\"},{\"@type\":\"ListItem\",\"position\":2,\"name\":\"Productos\",\"item\":\"https:\/\/www.fleximat.es\/en\/productos\/\"},{\"@type\":\"ListItem\",\"position\":3,\"name\":\"Racor Giratorio M\u00e9trica Met\u00e1lico IP-54\"}]},{\"@type\":\"WebSite\",\"@id\":\"https:\/\/www.fleximat.es\/bn\/#website\",\"url\":\"https:\/\/www.fleximat.es\/bn\/\",\"name\":\"Fleximat\",\"description\":\"Tu soluci\u00f3n en prensaestopas y tubos flexibles\",\"publisher\":{\"@id\":\"https:\/\/www.fleximat.es\/bn\/#organization\"},\"potentialAction\":[{\"@type\":\"SearchAction\",\"target\":{\"@type\":\"EntryPoint\",\"urlTemplate\":\"https:\/\/www.fleximat.es\/bn\/?s={search_term_string}\"},\"query-input\":\"required name=search_term_string\"}],\"inLanguage\":\"de-DE\"},{\"@type\":\"Organization\",\"@id\":\"https:\/\/www.fleximat.es\/bn\/#organization\",\"name\":\"Fleximat\",\"url\":\"https:\/\/www.fleximat.es\/bn\/\",\"logo\":{\"@type\":\"ImageObject\",\"inLanguage\":\"de-DE\",\"@id\":\"https:\/\/www.fleximat.es\/bn\/#\/schema\/logo\/image\/\",\"url\":\"https:\/\/www.fleximat.es\/wp-content\/uploads\/2023\/11\/fleximat-logo-1.png\",\"contentUrl\":\"https:\/\/www.fleximat.es\/wp-content\/uploads\/2023\/11\/fleximat-logo-1.png\",\"width\":1169,\"height\":289,\"caption\":\"Fleximat\"},\"image\":{\"@id\":\"https:\/\/www.fleximat.es\/bn\/#\/schema\/logo\/image\/\"}}]}<\/script>\n<!-- \/ Yoast SEO plugin. -->","yoast_head_json":{"title":"Racor Giratorio M\u00e9trica Met\u00e1lico IP-54 - Fleximat","robots":{"index":"index","follow":"follow","max-snippet":"max-snippet:-1","max-image-preview":"max-image-preview:large","max-video-preview":"max-video-preview:-1"},"canonical":"https:\/\/www.fleximat.es\/de\/product\/racor-giratorio-metrica-metalico-ip-54\/","og_locale":"de_DE","og_type":"article","og_title":"Racor Giratorio M\u00e9trica Met\u00e1lico IP-54 - Fleximat","og_description":"Caracter\u00edsticas    Junta de sellado TPV   Cuerpo Plat\u00f3n Niquelado   Junta t\u00f3rica NBR   Tipo de Rosca PG (DIN 40430)   Estanqueidad IP68 - 5 bar   Temperatura de trabajo continua -40 \u00baC +100 \u00baC +150 \u00baC (temporal)","og_url":"https:\/\/www.fleximat.es\/de\/product\/racor-giratorio-metrica-metalico-ip-54\/","og_site_name":"Fleximat","article_modified_time":"2023-10-25T07:20:15+00:00","og_image":[{"width":571,"height":570,"url":"https:\/\/www.fleximat.es\/wp-content\/uploads\/2023\/10\/racor-ip-54-giratorio.jpg","type":"image\/jpeg"}],"twitter_card":"summary_large_image","twitter_misc":{"Gesch\u00e4tzte Lesezeit":"1 Minute"},"schema":{"@context":"https:\/\/schema.org","@graph":[{"@type":"WebPage","@id":"https:\/\/www.fleximat.es\/bn\/product\/racor-giratorio-metrica-metalico-ip-54\/","url":"https:\/\/www.fleximat.es\/bn\/product\/racor-giratorio-metrica-metalico-ip-54\/","name":"Racor Giratorio M\u00e9trica Met\u00e1lico IP-54 - Fleximat","isPartOf":{"@id":"https:\/\/www.fleximat.es\/bn\/#website"},"datePublished":"2023-10-18T15:54:03+00:00","dateModified":"2023-10-25T07:20:15+00:00","breadcrumb":{"@id":"https:\/\/www.fleximat.es\/bn\/product\/racor-giratorio-metrica-metalico-ip-54\/#breadcrumb"},"inLanguage":"de-DE","potentialAction":[{"@type":"ReadAction","target":["https:\/\/www.fleximat.es\/bn\/product\/racor-giratorio-metrica-metalico-ip-54\/"]}]},{"@type":"BreadcrumbList","@id":"https:\/\/www.fleximat.es\/bn\/product\/racor-giratorio-metrica-metalico-ip-54\/#breadcrumb","itemListElement":[{"@type":"ListItem","position":1,"name":"Portada","item":"https:\/\/www.fleximat.es\/"},{"@type":"ListItem","position":2,"name":"Productos","item":"https:\/\/www.fleximat.es\/en\/productos\/"},{"@type":"ListItem","position":3,"name":"Racor Giratorio M\u00e9trica Met\u00e1lico IP-54"}]},{"@type":"WebSite","@id":"https:\/\/www.fleximat.es\/bn\/#website","url":"https:\/\/www.fleximat.es\/bn\/","name":"Fleximat","description":"Tu soluci\u00f3n en prensaestopas y tubos flexibles","publisher":{"@id":"https:\/\/www.fleximat.es\/bn\/#organization"},"potentialAction":[{"@type":"SearchAction","target":{"@type":"EntryPoint","urlTemplate":"https:\/\/www.fleximat.es\/bn\/?s={search_term_string}"},"query-input":"required name=search_term_string"}],"inLanguage":"de-DE"},{"@type":"Organization","@id":"https:\/\/www.fleximat.es\/bn\/#organization","name":"Fleximat","url":"https:\/\/www.fleximat.es\/bn\/","logo":{"@type":"ImageObject","inLanguage":"de-DE","@id":"https:\/\/www.fleximat.es\/bn\/#\/schema\/logo\/image\/","url":"https:\/\/www.fleximat.es\/wp-content\/uploads\/2023\/11\/fleximat-logo-1.png","contentUrl":"https:\/\/www.fleximat.es\/wp-content\/uploads\/2023\/11\/fleximat-logo-1.png","width":1169,"height":289,"caption":"Fleximat"},"image":{"@id":"https:\/\/www.fleximat.es\/bn\/#\/schema\/logo\/image\/"}}]}},"taxonomy_info":{"product_cat":[{"value":68,"label":"Tubos flexibles, racores y accesorios"},{"value":71,"label":"Racores y accesorios met\u00e1licos"}]},"featured_image_src_large":["https:\/\/www.fleximat.es\/wp-content\/uploads\/2023\/10\/racor-ip-54-giratorio.jpg",571,570,false],"author_info":[],"comment_info":"","_links":{"self":[{"href":"https:\/\/www.fleximat.es\/de\/wp-json\/wp\/v2\/product\/1699"}],"collection":[{"href":"https:\/\/www.fleximat.es\/de\/wp-json\/wp\/v2\/product"}],"about":[{"href":"https:\/\/www.fleximat.es\/de\/wp-json\/wp\/v2\/types\/product"}],"wp:featuredmedia":[{"embeddable":true,"href":"https:\/\/www.fleximat.es\/de\/wp-json\/wp\/v2\/media\/1729"}],"wp:attachment":[{"href":"https:\/\/www.fleximat.es\/de\/wp-json\/wp\/v2\/media?parent=1699"}],"wp:term":[{"taxonomy":"product_cat","embeddable":true,"href":"https:\/\/www.fleximat.es\/de\/wp-json\/wp\/v2\/product_cat?post=1699"},{"taxonomy":"product_tag","embeddable":true,"href":"https:\/\/www.fleximat.es\/de\/wp-json\/wp\/v2\/product_tag?post=1699"}],"curies":[{"name":"wp","href":"https:\/\/api.w.org\/{rel}","templated":true}]}}