{"id":1702,"date":"2023-10-18T17:54:04","date_gmt":"2023-10-18T15:54:04","guid":{"rendered":"https:\/\/www.fleximat.es\/?post_type=product&#038;p=1702"},"modified":"2023-12-01T10:38:25","modified_gmt":"2023-12-01T09:38:25","slug":"tapon-obturador-metrica-pa6","status":"publish","type":"product","link":"https:\/\/www.fleximat.es\/de\/produkt\/tapon-obturador-metrica-pa6\/","title":{"rendered":"Metrischer Blindstopfen aus PA6"},"content":{"rendered":"<h4>Eigenschaften<\/h4>\n<p>Sch\u00fctzt vor Schmutz. Einfache Installation. Wirtschaftlich<\/p>\n<h3>Produktbeschreibung<\/h3>\n<p>Der Blindstopfen dient zum Schutz von Ger\u00e4ten vor Staub und Wasser.<\/p>\n<p>Die Anwendung ist in der Regel vor\u00fcbergehend und wir empfehlen sie f\u00fcr Ger\u00e4te, die \u00fcber einen l\u00e4ngeren Zeitraum nicht installiert werden. So stellen wir sicher, dass die Ger\u00e4te vor Schmutz, Staub und Wasser gesch\u00fctzt sind.<\/p>\n<p>Der Blindstopfen ist eine kosteng\u00fcnstige und zug\u00e4ngliche L\u00f6sung, die von FlexiMat dringend empfohlen wird.<\/p>\n<table class=\"table table-bordered table-striped\">\n<thead>\n<tr>\n<td><strong>Themen<\/strong><\/td>\n<td><strong>Schwarz\/roter Code<\/strong><\/td>\n<\/tr>\n<\/thead>\n<tbody>\n<tr>\n<td>M 12 x 1,5<\/td>\n<td>PTB 01\/PTR 01<\/td>\n<\/tr>\n<tr>\n<td>M 16 x 1,5<\/td>\n<td>PTB 02\/PTR 02<\/td>\n<\/tr>\n<tr>\n<td>M 16 x 1,5<\/td>\n<td>PTB 03\/PTR 03<\/td>\n<\/tr>\n<tr>\n<td>M 20 x 1,5<\/td>\n<td>PTB 04\/PTR 04<\/td>\n<\/tr>\n<tr>\n<td>M 20 x 1,5<\/td>\n<td>PTB 05\/PTR 05<\/td>\n<\/tr>\n<tr>\n<td>M 25 x 1,5<\/td>\n<td>PTB 06\/PTR 06<\/td>\n<\/tr>\n<tr>\n<td>M 32 x 1,5<\/td>\n<td>PTB 07\/PTR 07<\/td>\n<\/tr>\n<tr>\n<td>M 40 x 1,5<\/td>\n<td>PTB 08\/PTR 08<\/td>\n<\/tr>\n<tr>\n<td>M 50 x 1,5<\/td>\n<td>PTB 09\/PTR 09<\/td>\n<\/tr>\n<tr>\n<td>M 63 x 1,5<\/td>\n<td>PTB 10\/PTR 10<\/td>\n<\/tr>\n<\/tbody>\n<\/table>","protected":false},"excerpt":{"rendered":"<h3>Eigenschaften<\/h3>\n<table>\n<tbody>\n<tr>\n<td><strong>Kontinuierliche Arbeitstemperatur<\/strong><\/td>\n<td>-20 \u00baC +100 \u00baC<\/td>\n<\/tr>\n<\/tbody>\n<\/table>","protected":false},"featured_media":2916,"template":"","meta":{"_kad_blocks_custom_css":"","_kad_blocks_head_custom_js":"","_kad_blocks_body_custom_js":"","_kad_blocks_footer_custom_js":"","_kadence_starter_templates_imported_post":false,"_kad_post_transparent":"default","_kad_post_title":"","_kad_post_layout":"default","_kad_post_sidebar_id":"","_kad_post_content_style":"default","_kad_post_vertical_padding":"default","_kad_post_feature":"","_kad_post_feature_position":"","_kad_post_header":false,"_kad_post_footer":false},"product_cat":[29,70],"product_tag":[],"class_list":{"0":"post-1702","1":"product","2":"type-product","3":"status-publish","4":"has-post-thumbnail","6":"product_cat-prensaestopas-y-accesorios-plasticos-de-poliamida","7":"product_cat-tapones","9":"first","10":"instock","11":"shipping-taxable","12":"product-type-simple","13":"entry","14":"content-bg","15":"loop-entry"},"yoast_head":"<!-- This site is optimized with the Yoast SEO plugin v21.7 - https:\/\/yoast.com\/wordpress\/plugins\/seo\/ -->\n<title>Tap\u00f3n Obturador M\u00e9trica PA6 - Fleximat<\/title>\n<meta name=\"robots\" content=\"index, follow, max-snippet:-1, max-image-preview:large, max-video-preview:-1\" \/>\n<link rel=\"canonical\" href=\"https:\/\/www.fleximat.es\/de\/produkt\/tapon-obturador-metrica-pa6\/\" \/>\n<meta property=\"og:locale\" content=\"de_DE\" \/>\n<meta property=\"og:type\" content=\"article\" \/>\n<meta property=\"og:title\" content=\"Tap\u00f3n Obturador M\u00e9trica PA6 - Fleximat\" \/>\n<meta property=\"og:description\" content=\"Caracter\u00edsticas    Temperatura de trabajo continua -20 \u00baC +100 \u00baC\" \/>\n<meta property=\"og:url\" content=\"https:\/\/www.fleximat.es\/de\/produkt\/tapon-obturador-metrica-pa6\/\" \/>\n<meta property=\"og:site_name\" content=\"Fleximat\" \/>\n<meta property=\"article:modified_time\" content=\"2023-12-01T09:38:25+00:00\" \/>\n<meta property=\"og:image\" content=\"https:\/\/www.fleximat.es\/wp-content\/uploads\/2023\/10\/tapon-obturador-negro.png\" \/>\n\t<meta property=\"og:image:width\" content=\"361\" \/>\n\t<meta property=\"og:image:height\" content=\"361\" \/>\n\t<meta property=\"og:image:type\" content=\"image\/png\" \/>\n<meta name=\"twitter:card\" content=\"summary_large_image\" \/>\n<meta name=\"twitter:label1\" content=\"Gesch\u00e4tzte Lesezeit\" \/>\n\t<meta name=\"twitter:data1\" content=\"1 Minute\" \/>\n<script type=\"application\/ld+json\" class=\"yoast-schema-graph\">{\"@context\":\"https:\/\/schema.org\",\"@graph\":[{\"@type\":\"WebPage\",\"@id\":\"https:\/\/www.fleximat.es\/producto\/tapon-obturador-metrica-pa6\/\",\"url\":\"https:\/\/www.fleximat.es\/producto\/tapon-obturador-metrica-pa6\/\",\"name\":\"Tap\u00f3n Obturador M\u00e9trica PA6 - Fleximat\",\"isPartOf\":{\"@id\":\"https:\/\/www.fleximat.es\/bn\/#website\"},\"datePublished\":\"2023-10-18T15:54:04+00:00\",\"dateModified\":\"2023-12-01T09:38:25+00:00\",\"breadcrumb\":{\"@id\":\"https:\/\/www.fleximat.es\/producto\/tapon-obturador-metrica-pa6\/#breadcrumb\"},\"inLanguage\":\"de-DE\",\"potentialAction\":[{\"@type\":\"ReadAction\",\"target\":[\"https:\/\/www.fleximat.es\/producto\/tapon-obturador-metrica-pa6\/\"]}]},{\"@type\":\"BreadcrumbList\",\"@id\":\"https:\/\/www.fleximat.es\/producto\/tapon-obturador-metrica-pa6\/#breadcrumb\",\"itemListElement\":[{\"@type\":\"ListItem\",\"position\":1,\"name\":\"Portada\",\"item\":\"https:\/\/www.fleximat.es\/\"},{\"@type\":\"ListItem\",\"position\":2,\"name\":\"Productos\",\"item\":\"https:\/\/www.fleximat.es\/en\/productos\/\"},{\"@type\":\"ListItem\",\"position\":3,\"name\":\"Tap\u00f3n Obturador M\u00e9trica PA6\"}]},{\"@type\":\"WebSite\",\"@id\":\"https:\/\/www.fleximat.es\/bn\/#website\",\"url\":\"https:\/\/www.fleximat.es\/bn\/\",\"name\":\"Fleximat\",\"description\":\"Tu soluci\u00f3n en prensaestopas y tubos flexibles\",\"publisher\":{\"@id\":\"https:\/\/www.fleximat.es\/bn\/#organization\"},\"potentialAction\":[{\"@type\":\"SearchAction\",\"target\":{\"@type\":\"EntryPoint\",\"urlTemplate\":\"https:\/\/www.fleximat.es\/bn\/?s={search_term_string}\"},\"query-input\":\"required name=search_term_string\"}],\"inLanguage\":\"de-DE\"},{\"@type\":\"Organization\",\"@id\":\"https:\/\/www.fleximat.es\/bn\/#organization\",\"name\":\"Fleximat\",\"url\":\"https:\/\/www.fleximat.es\/bn\/\",\"logo\":{\"@type\":\"ImageObject\",\"inLanguage\":\"de-DE\",\"@id\":\"https:\/\/www.fleximat.es\/bn\/#\/schema\/logo\/image\/\",\"url\":\"https:\/\/www.fleximat.es\/wp-content\/uploads\/2023\/11\/fleximat-logo-1.png\",\"contentUrl\":\"https:\/\/www.fleximat.es\/wp-content\/uploads\/2023\/11\/fleximat-logo-1.png\",\"width\":1169,\"height\":289,\"caption\":\"Fleximat\"},\"image\":{\"@id\":\"https:\/\/www.fleximat.es\/bn\/#\/schema\/logo\/image\/\"}}]}<\/script>\n<!-- \/ Yoast SEO plugin. -->","yoast_head_json":{"title":"Tap\u00f3n Obturador M\u00e9trica PA6 - Fleximat","robots":{"index":"index","follow":"follow","max-snippet":"max-snippet:-1","max-image-preview":"max-image-preview:large","max-video-preview":"max-video-preview:-1"},"canonical":"https:\/\/www.fleximat.es\/de\/produkt\/tapon-obturador-metrica-pa6\/","og_locale":"de_DE","og_type":"article","og_title":"Tap\u00f3n Obturador M\u00e9trica PA6 - Fleximat","og_description":"Caracter\u00edsticas    Temperatura de trabajo continua -20 \u00baC +100 \u00baC","og_url":"https:\/\/www.fleximat.es\/de\/produkt\/tapon-obturador-metrica-pa6\/","og_site_name":"Fleximat","article_modified_time":"2023-12-01T09:38:25+00:00","og_image":[{"width":361,"height":361,"url":"https:\/\/www.fleximat.es\/wp-content\/uploads\/2023\/10\/tapon-obturador-negro.png","type":"image\/png"}],"twitter_card":"summary_large_image","twitter_misc":{"Gesch\u00e4tzte Lesezeit":"1 Minute"},"schema":{"@context":"https:\/\/schema.org","@graph":[{"@type":"WebPage","@id":"https:\/\/www.fleximat.es\/producto\/tapon-obturador-metrica-pa6\/","url":"https:\/\/www.fleximat.es\/producto\/tapon-obturador-metrica-pa6\/","name":"Tap\u00f3n Obturador M\u00e9trica PA6 - Fleximat","isPartOf":{"@id":"https:\/\/www.fleximat.es\/bn\/#website"},"datePublished":"2023-10-18T15:54:04+00:00","dateModified":"2023-12-01T09:38:25+00:00","breadcrumb":{"@id":"https:\/\/www.fleximat.es\/producto\/tapon-obturador-metrica-pa6\/#breadcrumb"},"inLanguage":"de-DE","potentialAction":[{"@type":"ReadAction","target":["https:\/\/www.fleximat.es\/producto\/tapon-obturador-metrica-pa6\/"]}]},{"@type":"BreadcrumbList","@id":"https:\/\/www.fleximat.es\/producto\/tapon-obturador-metrica-pa6\/#breadcrumb","itemListElement":[{"@type":"ListItem","position":1,"name":"Portada","item":"https:\/\/www.fleximat.es\/"},{"@type":"ListItem","position":2,"name":"Productos","item":"https:\/\/www.fleximat.es\/en\/productos\/"},{"@type":"ListItem","position":3,"name":"Tap\u00f3n Obturador M\u00e9trica PA6"}]},{"@type":"WebSite","@id":"https:\/\/www.fleximat.es\/bn\/#website","url":"https:\/\/www.fleximat.es\/bn\/","name":"Fleximat","description":"Tu soluci\u00f3n en prensaestopas y tubos flexibles","publisher":{"@id":"https:\/\/www.fleximat.es\/bn\/#organization"},"potentialAction":[{"@type":"SearchAction","target":{"@type":"EntryPoint","urlTemplate":"https:\/\/www.fleximat.es\/bn\/?s={search_term_string}"},"query-input":"required name=search_term_string"}],"inLanguage":"de-DE"},{"@type":"Organization","@id":"https:\/\/www.fleximat.es\/bn\/#organization","name":"Fleximat","url":"https:\/\/www.fleximat.es\/bn\/","logo":{"@type":"ImageObject","inLanguage":"de-DE","@id":"https:\/\/www.fleximat.es\/bn\/#\/schema\/logo\/image\/","url":"https:\/\/www.fleximat.es\/wp-content\/uploads\/2023\/11\/fleximat-logo-1.png","contentUrl":"https:\/\/www.fleximat.es\/wp-content\/uploads\/2023\/11\/fleximat-logo-1.png","width":1169,"height":289,"caption":"Fleximat"},"image":{"@id":"https:\/\/www.fleximat.es\/bn\/#\/schema\/logo\/image\/"}}]}},"taxonomy_info":{"product_cat":[{"value":29,"label":"Prensaestopas y accesorios pl\u00e1sticos de Poliamida"},{"value":70,"label":"Tapones"}]},"featured_image_src_large":["https:\/\/www.fleximat.es\/wp-content\/uploads\/2023\/10\/tapon-obturador-negro.png",361,361,false],"author_info":[],"comment_info":"","_links":{"self":[{"href":"https:\/\/www.fleximat.es\/de\/wp-json\/wp\/v2\/product\/1702"}],"collection":[{"href":"https:\/\/www.fleximat.es\/de\/wp-json\/wp\/v2\/product"}],"about":[{"href":"https:\/\/www.fleximat.es\/de\/wp-json\/wp\/v2\/types\/product"}],"wp:featuredmedia":[{"embeddable":true,"href":"https:\/\/www.fleximat.es\/de\/wp-json\/wp\/v2\/media\/2916"}],"wp:attachment":[{"href":"https:\/\/www.fleximat.es\/de\/wp-json\/wp\/v2\/media?parent=1702"}],"wp:term":[{"taxonomy":"product_cat","embeddable":true,"href":"https:\/\/www.fleximat.es\/de\/wp-json\/wp\/v2\/product_cat?post=1702"},{"taxonomy":"product_tag","embeddable":true,"href":"https:\/\/www.fleximat.es\/de\/wp-json\/wp\/v2\/product_tag?post=1702"}],"curies":[{"name":"wp","href":"https:\/\/api.w.org\/{rel}","templated":true}]}}