{"id":1744,"date":"2023-10-18T17:54:25","date_gmt":"2023-10-18T15:54:25","guid":{"rendered":"https:\/\/www.fleximat.es\/?post_type=product&#038;p=1744"},"modified":"2023-11-27T10:59:50","modified_gmt":"2023-11-27T09:59:50","slug":"puntera-doble-aislada","status":"publish","type":"product","link":"https:\/\/www.fleximat.es\/de\/produkt\/puntera-doble-aislada\/","title":{"rendered":"Isolierte Doppelzehe"},"content":{"rendered":"<h3>Produktbeschreibung<\/h3>\n<p>Eine doppelt isolierte Schutzh\u00fclse ist ein leichtes, weiches Metallrohr, das auf das Ende eines verseilten Kabels gecrimpt wird, um die Verbindungseigenschaften des Kabels zu verbessern.<\/p>\n<p>Die meisten isolierten Doppelh\u00fclsen bestehen aus Kupfer, meist verzinnt. Jede Aderendh\u00fclse ist f\u00fcr eine bestimmte Drahtst\u00e4rke, sowohl Durchmesser als auch L\u00e4nge, ausgelegt.<\/p>\n<p>Dar\u00fcber hinaus gibt es je nach Einsatzzweck verschiedene Arten von Zehenschutzkappen.<\/p>\n<p>Dazu geh\u00f6ren isolierte Aderendh\u00fclsen, doppelt isolierte Aderendh\u00fclsen, nicht isolierte Aderendh\u00fclsen und isolierte Aderendh\u00fclsen mit Erdungsanschluss. Dar\u00fcber hinaus besteht die M\u00f6glichkeit, sie lose, in Kartuschen oder in verschiedenen Spulengr\u00f6\u00dfen anzuwenden. Wir haben sie alle!<\/p>\n<table width=\"568\">\n<tbody>\n<tr>\n<td width=\"77\">Querschnitt: mm2 \u2013<\/p>\n<p>L\u00e4nge<\/td>\n<td width=\"57\">AWG<\/td>\n<td width=\"56\">Container<\/td>\n<td width=\"62\">Farbe<\/p>\n<p>L\u00c4RM<\/td>\n<td width=\"60\">Art. Nr. 1<\/p>\n<p>&nbsp;<\/td>\n<td width=\"66\">Farbe 1<\/td>\n<td width=\"59\">Art. Nr. 2<\/td>\n<td width=\"62\">Farbe 2<\/td>\n<td width=\"69\">Art. Nr. 3<\/td>\n<\/tr>\n<tr>\n<td>2&#215;0,25-8<\/td>\n<td>2&#215;24<\/td>\n<td>500<\/td>\n<td><\/td>\n<td><\/td>\n<td>violett<\/td>\n<td>Z 105<\/td>\n<td>Hellblau<\/td>\n<td>Z 205<\/td>\n<\/tr>\n<tr>\n<td>2&#215;0,34-8<\/td>\n<td>2&#215;22<\/td>\n<td>500<\/td>\n<td><\/td>\n<td><\/td>\n<td><\/td>\n<td><\/td>\n<td>T\u00fcrkis<\/td>\n<td>Z 208<\/td>\n<\/tr>\n<tr>\n<td>2&#215;0,50-8<\/td>\n<td>2&#215;20<\/td>\n<td>500<\/td>\n<td>Wei\u00df<\/td>\n<td>Z 310<\/td>\n<td>Wei\u00df<\/td>\n<td>Z 310<\/td>\n<td>orange<\/td>\n<td>Z 210<\/td>\n<\/tr>\n<tr>\n<td>2&#215;0,75-8<\/td>\n<td>2&#215;18<\/td>\n<td>500<\/td>\n<td rowspan=\"2\">grau<\/td>\n<td>Z 315<\/td>\n<td rowspan=\"2\">Blau<\/td>\n<td>Z 115<\/td>\n<td rowspan=\"2\">Wei\u00df<\/td>\n<td>Z 215<\/td>\n<\/tr>\n<tr>\n<td>2&#215;0,75-10<\/td>\n<td>2&#215;18<\/td>\n<td>500<\/td>\n<td>Z 318<\/td>\n<td>Z 118<\/td>\n<td>Z 218<\/td>\n<\/tr>\n<tr>\n<td>2&#215;1,00-8<\/td>\n<td>2&#215;18<\/td>\n<td>500<\/td>\n<td rowspan=\"4\">Rot<\/td>\n<td>Z 320<\/td>\n<td rowspan=\"4\">Rot<\/td>\n<td>Z 320<\/td>\n<td rowspan=\"4\">Gelb<\/td>\n<td>Z 220<\/td>\n<\/tr>\n<tr>\n<td>2&#215;1,00-10<\/td>\n<td>2&#215;18<\/td>\n<td>500<\/td>\n<td>Z 323<\/td>\n<td>Z 323<\/td>\n<td>Z 223<\/td>\n<\/tr>\n<tr>\n<td>2&#215;1,00-12<\/td>\n<td>2&#215;18<\/td>\n<td>500<\/td>\n<td>Z 324<\/td>\n<td>Z 324<\/td>\n<td>Z 224<\/td>\n<\/tr>\n<tr>\n<td>2&#215;1,00-18<\/td>\n<td>2&#215;18<\/td>\n<td>500<\/td>\n<td>Z 325<\/td>\n<td>Z 325<\/td>\n<td>Z 225<\/td>\n<\/tr>\n<tr>\n<td>2&#215;1,50-8<\/td>\n<td>2&#215;16<\/td>\n<td>500<\/td>\n<td rowspan=\"3\">Schwarz<\/td>\n<td>Z 330<\/td>\n<td rowspan=\"3\">Schwarz<\/td>\n<td>Z 330<\/td>\n<td rowspan=\"3\">Rot<\/td>\n<td>Z 230<\/td>\n<\/tr>\n<tr>\n<td>2&#215;1,50-12<\/td>\n<td>2&#215;16<\/td>\n<td>500<\/td>\n<td>Z 334<\/td>\n<td>Z 334<\/td>\n<td>Z 234<\/td>\n<\/tr>\n<tr>\n<td>2&#215;1,50-18<\/td>\n<td>2&#215;16<\/td>\n<td>500<\/td>\n<td>Z 335<\/td>\n<td>Z 335<\/td>\n<td>Z 235<\/td>\n<\/tr>\n<tr>\n<td>2&#215;2,50-10<\/td>\n<td>2&#215;14<\/td>\n<td>250<\/td>\n<td rowspan=\"2\">Blau<\/td>\n<td>Z 340<\/td>\n<td rowspan=\"2\">grau<\/td>\n<td>Z 140<\/td>\n<td rowspan=\"2\">Blau<\/td>\n<td>Z 340<\/td>\n<\/tr>\n<tr>\n<td>2&#215;2,50-13<\/td>\n<td>2&#215;14<\/td>\n<td>250<\/td>\n<td>Z 342<\/td>\n<td>Z 142<\/td>\n<td>Z 342<\/td>\n<\/tr>\n<tr>\n<td>2&#215;4,00-12<\/td>\n<td>2&#215;12<\/td>\n<td>100<\/td>\n<td>grau<\/td>\n<td>Z 345<\/td>\n<td>orange<\/td>\n<td>Z 145<\/td>\n<td>grau<\/td>\n<td>Z 345<\/td>\n<\/tr>\n<tr>\n<td>2&#215;6,00-14<\/td>\n<td>2&#215;10<\/td>\n<td>100<\/td>\n<td>Gelb<\/td>\n<td>Z 350<\/td>\n<td>Gr\u00fcn<\/td>\n<td>Z 150<\/td>\n<td>Schwarz<\/td>\n<td>Z 250<\/td>\n<\/tr>\n<tr>\n<td>2&#215;10,00-14<\/td>\n<td>2&#215;8<\/td>\n<td>100<\/td>\n<td>Rot<\/td>\n<td>Z 355<\/td>\n<td>braun<\/td>\n<td>Z 155<\/td>\n<td>Elfenbein<\/td>\n<td>Z 255<\/td>\n<\/tr>\n<tr>\n<td>2&#215;16,00-14<\/td>\n<td>2&#215;6<\/td>\n<td>50<\/td>\n<td>Blau<\/td>\n<td>Z 360<\/td>\n<td>Elfenbein<\/td>\n<td>Z 160<\/td>\n<td>Gr\u00fcn<\/td>\n<td>Z 260<\/td>\n<\/tr>\n<\/tbody>\n<\/table>","protected":false},"excerpt":{"rendered":"<h3>Eigenschaften<\/h3>\n<table>\n<tbody>\n<tr>\n<td><strong>Material<\/strong><\/td>\n<td>E-Kupfer \/ PP 105\u00b0<\/td>\n<\/tr>\n<tr>\n<td><strong>Oberfl\u00e4che<\/strong><\/td>\n<td>Cincada<\/td>\n<\/tr>\n<tr>\n<td><strong>Minimales Badezimmer<\/strong><\/td>\n<td>3\u00b5m<\/td>\n<\/tr>\n<\/tbody>\n<\/table>","protected":false},"featured_media":2987,"template":"","meta":{"_kad_blocks_custom_css":"","_kad_blocks_head_custom_js":"","_kad_blocks_body_custom_js":"","_kad_blocks_footer_custom_js":"","_kadence_starter_templates_imported_post":false,"_kad_post_transparent":"default","_kad_post_title":"","_kad_post_layout":"default","_kad_post_sidebar_id":"","_kad_post_content_style":"default","_kad_post_vertical_padding":"default","_kad_post_feature":"","_kad_post_feature_position":"","_kad_post_header":false,"_kad_post_footer":false},"product_cat":[75,76],"product_tag":[],"class_list":{"0":"post-1744","1":"product","2":"type-product","3":"status-publish","4":"has-post-thumbnail","6":"product_cat-punteras-de-conexion","7":"product_cat-punteras","9":"first","10":"instock","11":"shipping-taxable","12":"product-type-simple","13":"entry","14":"content-bg","15":"loop-entry"},"yoast_head":"<!-- This site is optimized with the Yoast SEO plugin v21.7 - https:\/\/yoast.com\/wordpress\/plugins\/seo\/ -->\n<title>Puntera Doble Aislada - Fleximat<\/title>\n<meta name=\"robots\" content=\"index, follow, max-snippet:-1, max-image-preview:large, max-video-preview:-1\" \/>\n<link rel=\"canonical\" href=\"https:\/\/www.fleximat.es\/de\/produkt\/puntera-doble-aislada\/\" \/>\n<meta property=\"og:locale\" content=\"de_DE\" \/>\n<meta property=\"og:type\" content=\"article\" \/>\n<meta property=\"og:title\" content=\"Puntera Doble Aislada - Fleximat\" \/>\n<meta property=\"og:description\" content=\"Caracter\u00edsticas    Material E-Cobre \/ PP 105\u00b0   Superficie Cincada   Ba\u00f1o m\u00ednimo 3\u00b5m\" \/>\n<meta property=\"og:url\" content=\"https:\/\/www.fleximat.es\/de\/produkt\/puntera-doble-aislada\/\" \/>\n<meta property=\"og:site_name\" content=\"Fleximat\" \/>\n<meta property=\"article:modified_time\" content=\"2023-11-27T09:59:50+00:00\" \/>\n<meta property=\"og:image\" content=\"https:\/\/www.fleximat.es\/wp-content\/uploads\/2023\/10\/puntera-doble-aislada-1.png\" \/>\n\t<meta property=\"og:image:width\" content=\"600\" \/>\n\t<meta property=\"og:image:height\" content=\"600\" \/>\n\t<meta property=\"og:image:type\" content=\"image\/png\" \/>\n<meta name=\"twitter:card\" content=\"summary_large_image\" \/>\n<meta name=\"twitter:label1\" content=\"Gesch\u00e4tzte Lesezeit\" \/>\n\t<meta name=\"twitter:data1\" content=\"1 Minute\" \/>\n<script type=\"application\/ld+json\" class=\"yoast-schema-graph\">{\"@context\":\"https:\/\/schema.org\",\"@graph\":[{\"@type\":\"WebPage\",\"@id\":\"https:\/\/www.fleximat.es\/producto\/puntera-doble-aislada\/\",\"url\":\"https:\/\/www.fleximat.es\/producto\/puntera-doble-aislada\/\",\"name\":\"Puntera Doble Aislada - Fleximat\",\"isPartOf\":{\"@id\":\"https:\/\/www.fleximat.es\/bn\/#website\"},\"datePublished\":\"2023-10-18T15:54:25+00:00\",\"dateModified\":\"2023-11-27T09:59:50+00:00\",\"breadcrumb\":{\"@id\":\"https:\/\/www.fleximat.es\/producto\/puntera-doble-aislada\/#breadcrumb\"},\"inLanguage\":\"de-DE\",\"potentialAction\":[{\"@type\":\"ReadAction\",\"target\":[\"https:\/\/www.fleximat.es\/producto\/puntera-doble-aislada\/\"]}]},{\"@type\":\"BreadcrumbList\",\"@id\":\"https:\/\/www.fleximat.es\/producto\/puntera-doble-aislada\/#breadcrumb\",\"itemListElement\":[{\"@type\":\"ListItem\",\"position\":1,\"name\":\"Portada\",\"item\":\"https:\/\/www.fleximat.es\/\"},{\"@type\":\"ListItem\",\"position\":2,\"name\":\"Productos\",\"item\":\"https:\/\/www.fleximat.es\/en\/productos\/\"},{\"@type\":\"ListItem\",\"position\":3,\"name\":\"Puntera Doble Aislada\"}]},{\"@type\":\"WebSite\",\"@id\":\"https:\/\/www.fleximat.es\/bn\/#website\",\"url\":\"https:\/\/www.fleximat.es\/bn\/\",\"name\":\"Fleximat\",\"description\":\"Tu soluci\u00f3n en prensaestopas y tubos flexibles\",\"publisher\":{\"@id\":\"https:\/\/www.fleximat.es\/bn\/#organization\"},\"potentialAction\":[{\"@type\":\"SearchAction\",\"target\":{\"@type\":\"EntryPoint\",\"urlTemplate\":\"https:\/\/www.fleximat.es\/bn\/?s={search_term_string}\"},\"query-input\":\"required name=search_term_string\"}],\"inLanguage\":\"de-DE\"},{\"@type\":\"Organization\",\"@id\":\"https:\/\/www.fleximat.es\/bn\/#organization\",\"name\":\"Fleximat\",\"url\":\"https:\/\/www.fleximat.es\/bn\/\",\"logo\":{\"@type\":\"ImageObject\",\"inLanguage\":\"de-DE\",\"@id\":\"https:\/\/www.fleximat.es\/bn\/#\/schema\/logo\/image\/\",\"url\":\"https:\/\/www.fleximat.es\/wp-content\/uploads\/2023\/11\/fleximat-logo-1.png\",\"contentUrl\":\"https:\/\/www.fleximat.es\/wp-content\/uploads\/2023\/11\/fleximat-logo-1.png\",\"width\":1169,\"height\":289,\"caption\":\"Fleximat\"},\"image\":{\"@id\":\"https:\/\/www.fleximat.es\/bn\/#\/schema\/logo\/image\/\"}}]}<\/script>\n<!-- \/ Yoast SEO plugin. -->","yoast_head_json":{"title":"Puntera Doble Aislada - Fleximat","robots":{"index":"index","follow":"follow","max-snippet":"max-snippet:-1","max-image-preview":"max-image-preview:large","max-video-preview":"max-video-preview:-1"},"canonical":"https:\/\/www.fleximat.es\/de\/produkt\/puntera-doble-aislada\/","og_locale":"de_DE","og_type":"article","og_title":"Puntera Doble Aislada - Fleximat","og_description":"Caracter\u00edsticas    Material E-Cobre \/ PP 105\u00b0   Superficie Cincada   Ba\u00f1o m\u00ednimo 3\u00b5m","og_url":"https:\/\/www.fleximat.es\/de\/produkt\/puntera-doble-aislada\/","og_site_name":"Fleximat","article_modified_time":"2023-11-27T09:59:50+00:00","og_image":[{"width":600,"height":600,"url":"https:\/\/www.fleximat.es\/wp-content\/uploads\/2023\/10\/puntera-doble-aislada-1.png","type":"image\/png"}],"twitter_card":"summary_large_image","twitter_misc":{"Gesch\u00e4tzte Lesezeit":"1 Minute"},"schema":{"@context":"https:\/\/schema.org","@graph":[{"@type":"WebPage","@id":"https:\/\/www.fleximat.es\/producto\/puntera-doble-aislada\/","url":"https:\/\/www.fleximat.es\/producto\/puntera-doble-aislada\/","name":"Puntera Doble Aislada - Fleximat","isPartOf":{"@id":"https:\/\/www.fleximat.es\/bn\/#website"},"datePublished":"2023-10-18T15:54:25+00:00","dateModified":"2023-11-27T09:59:50+00:00","breadcrumb":{"@id":"https:\/\/www.fleximat.es\/producto\/puntera-doble-aislada\/#breadcrumb"},"inLanguage":"de-DE","potentialAction":[{"@type":"ReadAction","target":["https:\/\/www.fleximat.es\/producto\/puntera-doble-aislada\/"]}]},{"@type":"BreadcrumbList","@id":"https:\/\/www.fleximat.es\/producto\/puntera-doble-aislada\/#breadcrumb","itemListElement":[{"@type":"ListItem","position":1,"name":"Portada","item":"https:\/\/www.fleximat.es\/"},{"@type":"ListItem","position":2,"name":"Productos","item":"https:\/\/www.fleximat.es\/en\/productos\/"},{"@type":"ListItem","position":3,"name":"Puntera Doble Aislada"}]},{"@type":"WebSite","@id":"https:\/\/www.fleximat.es\/bn\/#website","url":"https:\/\/www.fleximat.es\/bn\/","name":"Fleximat","description":"Tu soluci\u00f3n en prensaestopas y tubos flexibles","publisher":{"@id":"https:\/\/www.fleximat.es\/bn\/#organization"},"potentialAction":[{"@type":"SearchAction","target":{"@type":"EntryPoint","urlTemplate":"https:\/\/www.fleximat.es\/bn\/?s={search_term_string}"},"query-input":"required name=search_term_string"}],"inLanguage":"de-DE"},{"@type":"Organization","@id":"https:\/\/www.fleximat.es\/bn\/#organization","name":"Fleximat","url":"https:\/\/www.fleximat.es\/bn\/","logo":{"@type":"ImageObject","inLanguage":"de-DE","@id":"https:\/\/www.fleximat.es\/bn\/#\/schema\/logo\/image\/","url":"https:\/\/www.fleximat.es\/wp-content\/uploads\/2023\/11\/fleximat-logo-1.png","contentUrl":"https:\/\/www.fleximat.es\/wp-content\/uploads\/2023\/11\/fleximat-logo-1.png","width":1169,"height":289,"caption":"Fleximat"},"image":{"@id":"https:\/\/www.fleximat.es\/bn\/#\/schema\/logo\/image\/"}}]}},"taxonomy_info":{"product_cat":[{"value":75,"label":"Punteras de conexi\u00f3n"},{"value":76,"label":"Punteras"}]},"featured_image_src_large":["https:\/\/www.fleximat.es\/wp-content\/uploads\/2023\/10\/puntera-doble-aislada-1.png",600,600,false],"author_info":[],"comment_info":"","_links":{"self":[{"href":"https:\/\/www.fleximat.es\/de\/wp-json\/wp\/v2\/product\/1744"}],"collection":[{"href":"https:\/\/www.fleximat.es\/de\/wp-json\/wp\/v2\/product"}],"about":[{"href":"https:\/\/www.fleximat.es\/de\/wp-json\/wp\/v2\/types\/product"}],"wp:featuredmedia":[{"embeddable":true,"href":"https:\/\/www.fleximat.es\/de\/wp-json\/wp\/v2\/media\/2987"}],"wp:attachment":[{"href":"https:\/\/www.fleximat.es\/de\/wp-json\/wp\/v2\/media?parent=1744"}],"wp:term":[{"taxonomy":"product_cat","embeddable":true,"href":"https:\/\/www.fleximat.es\/de\/wp-json\/wp\/v2\/product_cat?post=1744"},{"taxonomy":"product_tag","embeddable":true,"href":"https:\/\/www.fleximat.es\/de\/wp-json\/wp\/v2\/product_tag?post=1744"}],"curies":[{"name":"wp","href":"https:\/\/api.w.org\/{rel}","templated":true}]}}