{"id":1748,"date":"2023-10-18T17:54:26","date_gmt":"2023-10-18T15:54:26","guid":{"rendered":"https:\/\/www.fleximat.es\/?post_type=product&#038;p=1748"},"modified":"2023-11-27T10:53:45","modified_gmt":"2023-11-27T09:53:45","slug":"puntera-aislada-en-bobina","status":"publish","type":"product","link":"https:\/\/www.fleximat.es\/de\/produkt\/puntera-aislada-en-bobina\/","title":{"rendered":"Isolierte Spiralzehe"},"content":{"rendered":"<h3>Produktbeschreibung<\/h3>\n<p>Eine spulenisolierte Aderendh\u00fclse ist ein leichtes, weiches Metallrohr, das auf das Ende eines verseilten Kabels gecrimpt wird, um die Verbindungseigenschaften des Kabels zu verbessern.<\/p>\n<p>Die meisten spulenisolierten Aderendh\u00fclsen bestehen aus Kupfer, normalerweise verzinnt. Jede Aderendh\u00fclse ist f\u00fcr eine bestimmte Drahtst\u00e4rke, sowohl Durchmesser als auch L\u00e4nge, ausgelegt.<\/p>\n<p>Dar\u00fcber hinaus gibt es je nach Verwendungszweck verschiedene Arten von Zehenkappen.<\/p>\n<p>Dazu geh\u00f6ren spulenisolierte Aderendh\u00fclsen, doppelt isolierte Aderendh\u00fclsen, nicht isolierte Aderendh\u00fclsen und isolierte Aderendh\u00fclsen mit Erdungsanschluss. Dar\u00fcber hinaus besteht die M\u00f6glichkeit, sie lose, in Kartuschen oder in verschiedenen Spulengr\u00f6\u00dfen anzuwenden. Wir haben sie alle!<\/p>\n<h4>Klein<\/h4>\n<table width=\"536\">\n<tbody>\n<tr>\n<td width=\"89\">Querschnitt: mm2 \u2013<\/p>\n<p>L\u00e4nge<\/td>\n<td width=\"47\">AWG<\/td>\n<td width=\"48\">Container<\/td>\n<td width=\"59\">Farbe<\/p>\n<p>L\u00c4RM<\/td>\n<td width=\"51\">Art. Nr. 1<\/td>\n<td width=\"62\">Farbe 1<\/td>\n<td width=\"55\">Art. Nr. 2<\/td>\n<td width=\"69\">Farbe 2<\/td>\n<td width=\"56\">Art. Nr. 3<\/td>\n<\/tr>\n<tr>\n<td>0,50-8<\/td>\n<td>20<\/td>\n<td>1.100<\/td>\n<td>Wei\u00df<\/td>\n<td>K 310<\/td>\n<td>Wei\u00df<\/td>\n<td>K 310<\/td>\n<td>orange<\/td>\n<td>K 210<\/td>\n<\/tr>\n<tr>\n<td>0,75-8<\/td>\n<td>18<\/td>\n<td>1.100<\/td>\n<td>grau<\/td>\n<td>K 315<\/td>\n<td>Hellblau<\/td>\n<td>K 115<\/td>\n<td>Wei\u00df<\/td>\n<td>K 215<\/td>\n<\/tr>\n<tr>\n<td>1,00-8<\/td>\n<td>18<\/td>\n<td>800<\/td>\n<td>Rot<\/td>\n<td>K320<\/td>\n<td>Rot<\/td>\n<td>K320<\/td>\n<td>Gelb<\/td>\n<td>K220<\/td>\n<\/tr>\n<tr>\n<td>1,50-8<\/td>\n<td>16<\/td>\n<td>800<\/td>\n<td>Schwarz<\/td>\n<td>K330<\/td>\n<td>Schwarz<\/td>\n<td>K330<\/td>\n<td>Bourdeos<\/td>\n<td>K230<\/td>\n<\/tr>\n<tr>\n<td>2,50-8<\/td>\n<td>14<\/td>\n<td>500<\/td>\n<td>Blau<\/td>\n<td>K340<\/td>\n<td>grau<\/td>\n<td>K140<\/td>\n<td>Blau<\/td>\n<td>K340<\/td>\n<\/tr>\n<\/tbody>\n<\/table>\n<h4>Median<\/h4>\n<table width=\"536\">\n<tbody>\n<tr>\n<td width=\"89\">Querschnitt: mm2 \u2013<\/p>\n<p>L\u00e4nge<\/td>\n<td width=\"47\">AWG<\/td>\n<td width=\"48\">Container<\/td>\n<td width=\"59\">Farbe<\/p>\n<p>L\u00c4RM<\/td>\n<td width=\"51\">Art. Nr. 1<\/td>\n<td width=\"62\">Farbe 1<\/td>\n<td width=\"55\">Art. Nr. 2<\/td>\n<td width=\"69\">Farbe 2<\/td>\n<td width=\"56\">Art. Nr. 3<\/td>\n<\/tr>\n<tr>\n<td>0,50-8<\/td>\n<td>20<\/td>\n<td>4.000<\/td>\n<td>Wei\u00df<\/td>\n<td>C 310<\/td>\n<td>Wei\u00df<\/td>\n<td>C 310<\/td>\n<td>orange<\/td>\n<td>C 210<\/td>\n<\/tr>\n<tr>\n<td>0,75-8<\/td>\n<td>18<\/td>\n<td>4.000<\/td>\n<td>grau<\/td>\n<td>C 315<\/td>\n<td>Hellblau<\/td>\n<td>C 115<\/td>\n<td>Wei\u00df<\/td>\n<td>C 215<\/td>\n<\/tr>\n<tr>\n<td>1,00-8<\/td>\n<td>18<\/td>\n<td>3.500<\/td>\n<td>Rot<\/td>\n<td>C 320<\/td>\n<td>Rot<\/td>\n<td>C 320<\/td>\n<td>Gelb<\/td>\n<td>C 220<\/td>\n<\/tr>\n<tr>\n<td>1,50-8<\/td>\n<td>16<\/td>\n<td>3.000<\/td>\n<td>Schwarz<\/td>\n<td>C 330<\/td>\n<td>Schwarz<\/td>\n<td>C 330<\/td>\n<td>Dunkelrot<\/td>\n<td>C 230<\/td>\n<\/tr>\n<tr>\n<td>2,50-8<\/td>\n<td>14<\/td>\n<td>2.500<\/td>\n<td>Blau<\/td>\n<td>C 340<\/td>\n<td>grau<\/td>\n<td>C 140<\/td>\n<td>Blau<\/td>\n<td>C 340<\/td>\n<\/tr>\n<\/tbody>\n<\/table>\n<h4>Gro\u00df<\/h4>\n<table width=\"536\">\n<tbody>\n<tr>\n<td width=\"89\">Querschnitt: mm2 \u2013<\/p>\n<p>L\u00e4nge<\/td>\n<td width=\"47\">AWG<\/td>\n<td width=\"48\">Container<\/td>\n<td width=\"59\">Farbe<\/p>\n<p>L\u00c4RM<\/td>\n<td width=\"51\">Art. Nr. 1<\/p>\n<p>&nbsp;<\/td>\n<td width=\"62\">Farbe 1<\/td>\n<td width=\"55\">Art. Nr. 2<\/td>\n<td width=\"69\">Farbe 2<\/td>\n<td width=\"56\">Art. Nr. 3<\/td>\n<\/tr>\n<tr>\n<td>0,50-8<\/td>\n<td>20<\/td>\n<td>10.000<\/td>\n<td>Wei\u00df<\/td>\n<td>M 310<\/td>\n<td>Wei\u00df<\/td>\n<td>M 310<\/td>\n<td>orange<\/td>\n<td>M 210<\/td>\n<\/tr>\n<tr>\n<td>0,75-8<\/td>\n<td>18<\/td>\n<td>10.000<\/td>\n<td>grau<\/td>\n<td>M 315<\/td>\n<td>Hellblau<\/td>\n<td>M 115<\/td>\n<td>Wei\u00df<\/td>\n<td>M 215<\/td>\n<\/tr>\n<tr>\n<td>1,00-8<\/td>\n<td>18<\/td>\n<td>7.500<\/td>\n<td>Rot<\/td>\n<td>M320<\/td>\n<td>Rot<\/td>\n<td>M320<\/td>\n<td>Gelb<\/td>\n<td>M 220<\/td>\n<\/tr>\n<tr>\n<td>1,50-8<\/td>\n<td>16<\/td>\n<td>7.500<\/td>\n<td>Schwarz<\/td>\n<td>M330<\/td>\n<td>Schwarz<\/td>\n<td>M330<\/td>\n<td>Dunkelrot<\/td>\n<td>M 230<\/td>\n<\/tr>\n<tr>\n<td>2,50-8<\/td>\n<td>14<\/td>\n<td>5.000<\/td>\n<td>Blau<\/td>\n<td>M340<\/td>\n<td>grau<\/td>\n<td>M 140<\/td>\n<td>Blau<\/td>\n<td>M340<\/td>\n<\/tr>\n<\/tbody>\n<\/table>","protected":false},"excerpt":{"rendered":"<h3>Eigenschaften<\/h3>\n<table>\n<tbody>\n<tr>\n<td><strong>Material<\/strong><\/td>\n<td>E-Kupfer \/ PP 105\u00b0<\/td>\n<\/tr>\n<tr>\n<td><strong>Oberfl\u00e4che<\/strong><\/td>\n<td>Cincada<\/td>\n<\/tr>\n<tr>\n<td><strong>Minimales Badezimmer<\/strong><\/td>\n<td>3\u00b5m<\/td>\n<\/tr>\n<\/tbody>\n<\/table>","protected":false},"featured_media":2985,"template":"","meta":{"_kad_blocks_custom_css":"","_kad_blocks_head_custom_js":"","_kad_blocks_body_custom_js":"","_kad_blocks_footer_custom_js":"","_kadence_starter_templates_imported_post":false,"_kad_post_transparent":"default","_kad_post_title":"","_kad_post_layout":"default","_kad_post_sidebar_id":"","_kad_post_content_style":"default","_kad_post_vertical_padding":"default","_kad_post_feature":"","_kad_post_feature_position":"","_kad_post_header":false,"_kad_post_footer":false},"product_cat":[75,76],"product_tag":[],"class_list":{"0":"post-1748","1":"product","2":"type-product","3":"status-publish","4":"has-post-thumbnail","6":"product_cat-punteras-de-conexion","7":"product_cat-punteras","9":"first","10":"instock","11":"shipping-taxable","12":"product-type-simple","13":"entry","14":"content-bg","15":"loop-entry"},"yoast_head":"<!-- This site is optimized with the Yoast SEO plugin v21.7 - https:\/\/yoast.com\/wordpress\/plugins\/seo\/ -->\n<title>Puntera Aislada en Bobina - Fleximat<\/title>\n<meta name=\"robots\" content=\"index, follow, max-snippet:-1, max-image-preview:large, max-video-preview:-1\" \/>\n<link rel=\"canonical\" href=\"https:\/\/www.fleximat.es\/de\/produkt\/puntera-aislada-en-bobina\/\" \/>\n<meta property=\"og:locale\" content=\"de_DE\" \/>\n<meta property=\"og:type\" content=\"article\" \/>\n<meta property=\"og:title\" content=\"Puntera Aislada en Bobina - Fleximat\" \/>\n<meta property=\"og:description\" content=\"Caracter\u00edsticas    Material E-Cobre \/ PP 105\u00b0   Superficie Cincada   Ba\u00f1o m\u00ednimo 3\u00b5m\" \/>\n<meta property=\"og:url\" content=\"https:\/\/www.fleximat.es\/de\/produkt\/puntera-aislada-en-bobina\/\" \/>\n<meta property=\"og:site_name\" content=\"Fleximat\" \/>\n<meta property=\"article:modified_time\" content=\"2023-11-27T09:53:45+00:00\" \/>\n<meta property=\"og:image\" content=\"https:\/\/www.fleximat.es\/wp-content\/uploads\/2023\/10\/th_crop_1571679415puntera-aislada-bobina-1.png\" \/>\n\t<meta property=\"og:image:width\" content=\"700\" \/>\n\t<meta property=\"og:image:height\" content=\"700\" \/>\n\t<meta property=\"og:image:type\" content=\"image\/png\" \/>\n<meta name=\"twitter:card\" content=\"summary_large_image\" \/>\n<meta name=\"twitter:label1\" content=\"Gesch\u00e4tzte Lesezeit\" \/>\n\t<meta name=\"twitter:data1\" content=\"2 Minuten\" \/>\n<script type=\"application\/ld+json\" class=\"yoast-schema-graph\">{\"@context\":\"https:\/\/schema.org\",\"@graph\":[{\"@type\":\"WebPage\",\"@id\":\"https:\/\/www.fleximat.es\/producto\/puntera-aislada-en-bobina\/\",\"url\":\"https:\/\/www.fleximat.es\/producto\/puntera-aislada-en-bobina\/\",\"name\":\"Puntera Aislada en Bobina - Fleximat\",\"isPartOf\":{\"@id\":\"https:\/\/www.fleximat.es\/bn\/#website\"},\"datePublished\":\"2023-10-18T15:54:26+00:00\",\"dateModified\":\"2023-11-27T09:53:45+00:00\",\"breadcrumb\":{\"@id\":\"https:\/\/www.fleximat.es\/producto\/puntera-aislada-en-bobina\/#breadcrumb\"},\"inLanguage\":\"de-DE\",\"potentialAction\":[{\"@type\":\"ReadAction\",\"target\":[\"https:\/\/www.fleximat.es\/producto\/puntera-aislada-en-bobina\/\"]}]},{\"@type\":\"BreadcrumbList\",\"@id\":\"https:\/\/www.fleximat.es\/producto\/puntera-aislada-en-bobina\/#breadcrumb\",\"itemListElement\":[{\"@type\":\"ListItem\",\"position\":1,\"name\":\"Portada\",\"item\":\"https:\/\/www.fleximat.es\/\"},{\"@type\":\"ListItem\",\"position\":2,\"name\":\"Productos\",\"item\":\"https:\/\/www.fleximat.es\/en\/productos\/\"},{\"@type\":\"ListItem\",\"position\":3,\"name\":\"Puntera Aislada en Bobina\"}]},{\"@type\":\"WebSite\",\"@id\":\"https:\/\/www.fleximat.es\/bn\/#website\",\"url\":\"https:\/\/www.fleximat.es\/bn\/\",\"name\":\"Fleximat\",\"description\":\"Tu soluci\u00f3n en prensaestopas y tubos flexibles\",\"publisher\":{\"@id\":\"https:\/\/www.fleximat.es\/bn\/#organization\"},\"potentialAction\":[{\"@type\":\"SearchAction\",\"target\":{\"@type\":\"EntryPoint\",\"urlTemplate\":\"https:\/\/www.fleximat.es\/bn\/?s={search_term_string}\"},\"query-input\":\"required name=search_term_string\"}],\"inLanguage\":\"de-DE\"},{\"@type\":\"Organization\",\"@id\":\"https:\/\/www.fleximat.es\/bn\/#organization\",\"name\":\"Fleximat\",\"url\":\"https:\/\/www.fleximat.es\/bn\/\",\"logo\":{\"@type\":\"ImageObject\",\"inLanguage\":\"de-DE\",\"@id\":\"https:\/\/www.fleximat.es\/bn\/#\/schema\/logo\/image\/\",\"url\":\"https:\/\/www.fleximat.es\/wp-content\/uploads\/2023\/11\/fleximat-logo-1.png\",\"contentUrl\":\"https:\/\/www.fleximat.es\/wp-content\/uploads\/2023\/11\/fleximat-logo-1.png\",\"width\":1169,\"height\":289,\"caption\":\"Fleximat\"},\"image\":{\"@id\":\"https:\/\/www.fleximat.es\/bn\/#\/schema\/logo\/image\/\"}}]}<\/script>\n<!-- \/ Yoast SEO plugin. -->","yoast_head_json":{"title":"Puntera Aislada en Bobina - Fleximat","robots":{"index":"index","follow":"follow","max-snippet":"max-snippet:-1","max-image-preview":"max-image-preview:large","max-video-preview":"max-video-preview:-1"},"canonical":"https:\/\/www.fleximat.es\/de\/produkt\/puntera-aislada-en-bobina\/","og_locale":"de_DE","og_type":"article","og_title":"Puntera Aislada en Bobina - Fleximat","og_description":"Caracter\u00edsticas    Material E-Cobre \/ PP 105\u00b0   Superficie Cincada   Ba\u00f1o m\u00ednimo 3\u00b5m","og_url":"https:\/\/www.fleximat.es\/de\/produkt\/puntera-aislada-en-bobina\/","og_site_name":"Fleximat","article_modified_time":"2023-11-27T09:53:45+00:00","og_image":[{"width":700,"height":700,"url":"https:\/\/www.fleximat.es\/wp-content\/uploads\/2023\/10\/th_crop_1571679415puntera-aislada-bobina-1.png","type":"image\/png"}],"twitter_card":"summary_large_image","twitter_misc":{"Gesch\u00e4tzte Lesezeit":"2 Minuten"},"schema":{"@context":"https:\/\/schema.org","@graph":[{"@type":"WebPage","@id":"https:\/\/www.fleximat.es\/producto\/puntera-aislada-en-bobina\/","url":"https:\/\/www.fleximat.es\/producto\/puntera-aislada-en-bobina\/","name":"Puntera Aislada en Bobina - Fleximat","isPartOf":{"@id":"https:\/\/www.fleximat.es\/bn\/#website"},"datePublished":"2023-10-18T15:54:26+00:00","dateModified":"2023-11-27T09:53:45+00:00","breadcrumb":{"@id":"https:\/\/www.fleximat.es\/producto\/puntera-aislada-en-bobina\/#breadcrumb"},"inLanguage":"de-DE","potentialAction":[{"@type":"ReadAction","target":["https:\/\/www.fleximat.es\/producto\/puntera-aislada-en-bobina\/"]}]},{"@type":"BreadcrumbList","@id":"https:\/\/www.fleximat.es\/producto\/puntera-aislada-en-bobina\/#breadcrumb","itemListElement":[{"@type":"ListItem","position":1,"name":"Portada","item":"https:\/\/www.fleximat.es\/"},{"@type":"ListItem","position":2,"name":"Productos","item":"https:\/\/www.fleximat.es\/en\/productos\/"},{"@type":"ListItem","position":3,"name":"Puntera Aislada en Bobina"}]},{"@type":"WebSite","@id":"https:\/\/www.fleximat.es\/bn\/#website","url":"https:\/\/www.fleximat.es\/bn\/","name":"Fleximat","description":"Tu soluci\u00f3n en prensaestopas y tubos flexibles","publisher":{"@id":"https:\/\/www.fleximat.es\/bn\/#organization"},"potentialAction":[{"@type":"SearchAction","target":{"@type":"EntryPoint","urlTemplate":"https:\/\/www.fleximat.es\/bn\/?s={search_term_string}"},"query-input":"required name=search_term_string"}],"inLanguage":"de-DE"},{"@type":"Organization","@id":"https:\/\/www.fleximat.es\/bn\/#organization","name":"Fleximat","url":"https:\/\/www.fleximat.es\/bn\/","logo":{"@type":"ImageObject","inLanguage":"de-DE","@id":"https:\/\/www.fleximat.es\/bn\/#\/schema\/logo\/image\/","url":"https:\/\/www.fleximat.es\/wp-content\/uploads\/2023\/11\/fleximat-logo-1.png","contentUrl":"https:\/\/www.fleximat.es\/wp-content\/uploads\/2023\/11\/fleximat-logo-1.png","width":1169,"height":289,"caption":"Fleximat"},"image":{"@id":"https:\/\/www.fleximat.es\/bn\/#\/schema\/logo\/image\/"}}]}},"taxonomy_info":{"product_cat":[{"value":75,"label":"Punteras de conexi\u00f3n"},{"value":76,"label":"Punteras"}]},"featured_image_src_large":["https:\/\/www.fleximat.es\/wp-content\/uploads\/2023\/10\/th_crop_1571679415puntera-aislada-bobina-1.png",700,700,false],"author_info":[],"comment_info":"","_links":{"self":[{"href":"https:\/\/www.fleximat.es\/de\/wp-json\/wp\/v2\/product\/1748"}],"collection":[{"href":"https:\/\/www.fleximat.es\/de\/wp-json\/wp\/v2\/product"}],"about":[{"href":"https:\/\/www.fleximat.es\/de\/wp-json\/wp\/v2\/types\/product"}],"wp:featuredmedia":[{"embeddable":true,"href":"https:\/\/www.fleximat.es\/de\/wp-json\/wp\/v2\/media\/2985"}],"wp:attachment":[{"href":"https:\/\/www.fleximat.es\/de\/wp-json\/wp\/v2\/media?parent=1748"}],"wp:term":[{"taxonomy":"product_cat","embeddable":true,"href":"https:\/\/www.fleximat.es\/de\/wp-json\/wp\/v2\/product_cat?post=1748"},{"taxonomy":"product_tag","embeddable":true,"href":"https:\/\/www.fleximat.es\/de\/wp-json\/wp\/v2\/product_tag?post=1748"}],"curies":[{"name":"wp","href":"https:\/\/api.w.org\/{rel}","templated":true}]}}