{"id":1752,"date":"2023-10-18T17:54:26","date_gmt":"2023-10-18T15:54:26","guid":{"rendered":"https:\/\/www.fleximat.es\/?post_type=product&#038;p=1752"},"modified":"2023-11-27T10:56:25","modified_gmt":"2023-11-27T09:56:25","slug":"caja-surtido-punteras-aisladas-dobles","status":"publish","type":"product","link":"https:\/\/www.fleximat.es\/de\/produkt\/caja-surtido-punteras-aisladas-dobles\/","title":{"rendered":"Doppelt isolierte Spitzen-Sortimentsbox"},"content":{"rendered":"<h3>Produktbeschreibung<\/h3>\n<p>Eine isolierte Erdungsh\u00fclse ist ein leichtes, weiches Metallrohr, das auf das Ende eines verseilten Kabels gecrimpt wird, um die Verbindungseigenschaften des Kabels zu verbessern.<\/p>\n<p>Die meisten isolierten Erdungsh\u00fclsen bestehen aus Kupfer, meist verzinnt. Jede Aderendh\u00fclse ist f\u00fcr eine bestimmte Drahtst\u00e4rke, sowohl Durchmesser als auch L\u00e4nge, ausgelegt.<\/p>\n<p>Dar\u00fcber hinaus gibt es je nach Verwendungszweck verschiedene Arten von Zehenkappen.<\/p>\n<p>Dazu geh\u00f6ren spulenisolierte Aderendh\u00fclsen, doppelt isolierte Aderendh\u00fclsen, nicht isolierte Aderendh\u00fclsen und isolierte Aderendh\u00fclsen mit Erdungsanschluss. Dar\u00fcber hinaus besteht die M\u00f6glichkeit, sie lose, in Kartuschen oder in verschiedenen Spulengr\u00f6\u00dfen anzuwenden. Wir haben sie alle!<\/p>\n<table width=\"423\">\n<tbody>\n<tr>\n<td width=\"38\"><\/td>\n<td width=\"226\">Inhalt<\/td>\n<td width=\"67\">Farbe<\/td>\n<td width=\"92\">Kunst nein.<\/td>\n<\/tr>\n<tr>\n<td rowspan=\"3\">Typ 1<\/td>\n<td rowspan=\"3\" width=\"226\">50 Einheiten<\/p>\n<p>2 x 0,75-8\/ 2 x 1,00-8\/<\/p>\n<p>2 x 1,50-8\/ 2 x 2,50-10<\/td>\n<td>L\u00c4RM<\/td>\n<td>ESD 555<\/td>\n<\/tr>\n<tr>\n<td>1<\/td>\n<td>ESD 555<\/td>\n<\/tr>\n<tr>\n<td>2<\/td>\n<td>ESD 555<\/td>\n<\/tr>\n<tr>\n<td rowspan=\"3\">Typ 2<\/td>\n<td>20 Einheiten 2 x4.00-12<\/td>\n<td>L\u00c4RM<\/td>\n<td>ESD 666<\/td>\n<\/tr>\n<tr>\n<td>10 Einheiten 2 x6,00-14\/ 2\u00d710,00-14<\/td>\n<td>1<\/td>\n<td>ESD 6<\/td>\n<\/tr>\n<tr>\n<td>5 Einheiten 2\u00d716.00-14<\/td>\n<td>2<\/td>\n<td>ESD 66<\/td>\n<\/tr>\n<\/tbody>\n<\/table>","protected":false},"excerpt":{"rendered":"<h3>Eigenschaften<\/h3>\n<table>\n<tbody>\n<tr>\n<td><strong>Material<\/strong><\/td>\n<td>E-Kupfer \/ PP 105\u00b0<\/td>\n<\/tr>\n<tr>\n<td><strong>Oberfl\u00e4che<\/strong><\/td>\n<td>Cincada<\/td>\n<\/tr>\n<tr>\n<td><strong>Minimales Badezimmer<\/strong><\/td>\n<td>3\u00b5m<\/td>\n<\/tr>\n<\/tbody>\n<\/table>","protected":false},"featured_media":2986,"template":"","meta":{"_kad_blocks_custom_css":"","_kad_blocks_head_custom_js":"","_kad_blocks_body_custom_js":"","_kad_blocks_footer_custom_js":"","_kadence_starter_templates_imported_post":false,"_kad_post_transparent":"default","_kad_post_title":"","_kad_post_layout":"default","_kad_post_sidebar_id":"","_kad_post_content_style":"default","_kad_post_vertical_padding":"default","_kad_post_feature":"","_kad_post_feature_position":"","_kad_post_header":false,"_kad_post_footer":false},"product_cat":[75,79],"product_tag":[],"class_list":{"0":"post-1752","1":"product","2":"type-product","3":"status-publish","4":"has-post-thumbnail","6":"product_cat-punteras-de-conexion","7":"product_cat-surtido-punteras","9":"first","10":"instock","11":"shipping-taxable","12":"product-type-simple","13":"entry","14":"content-bg","15":"loop-entry"},"yoast_head":"<!-- This site is optimized with the Yoast SEO plugin v21.7 - https:\/\/yoast.com\/wordpress\/plugins\/seo\/ -->\n<title>Caja Surtido Punteras Aisladas Dobles - Fleximat<\/title>\n<meta name=\"robots\" content=\"index, follow, max-snippet:-1, max-image-preview:large, max-video-preview:-1\" \/>\n<link rel=\"canonical\" href=\"https:\/\/www.fleximat.es\/de\/produkt\/caja-surtido-punteras-aisladas-dobles\/\" \/>\n<meta property=\"og:locale\" content=\"de_DE\" \/>\n<meta property=\"og:type\" content=\"article\" \/>\n<meta property=\"og:title\" content=\"Caja Surtido Punteras Aisladas Dobles - Fleximat\" \/>\n<meta property=\"og:description\" content=\"Caracter\u00edsticas    Material E-Cobre \/ PP 105\u00b0   Superficie Cincada   Ba\u00f1o m\u00ednimo 3\u00b5m\" \/>\n<meta property=\"og:url\" content=\"https:\/\/www.fleximat.es\/de\/produkt\/caja-surtido-punteras-aisladas-dobles\/\" \/>\n<meta property=\"og:site_name\" content=\"Fleximat\" \/>\n<meta property=\"article:modified_time\" content=\"2023-11-27T09:56:25+00:00\" \/>\n<meta property=\"og:image\" content=\"https:\/\/www.fleximat.es\/wp-content\/uploads\/2023\/10\/caja-surtido-puntera-aislada-1.png\" \/>\n\t<meta property=\"og:image:width\" content=\"700\" \/>\n\t<meta property=\"og:image:height\" content=\"700\" \/>\n\t<meta property=\"og:image:type\" content=\"image\/png\" \/>\n<meta name=\"twitter:card\" content=\"summary_large_image\" \/>\n<meta name=\"twitter:label1\" content=\"Gesch\u00e4tzte Lesezeit\" \/>\n\t<meta name=\"twitter:data1\" content=\"1 Minute\" \/>\n<script type=\"application\/ld+json\" class=\"yoast-schema-graph\">{\"@context\":\"https:\/\/schema.org\",\"@graph\":[{\"@type\":\"WebPage\",\"@id\":\"https:\/\/www.fleximat.es\/producto\/caja-surtido-punteras-aisladas-dobles\/\",\"url\":\"https:\/\/www.fleximat.es\/producto\/caja-surtido-punteras-aisladas-dobles\/\",\"name\":\"Caja Surtido Punteras Aisladas Dobles - Fleximat\",\"isPartOf\":{\"@id\":\"https:\/\/www.fleximat.es\/bn\/#website\"},\"datePublished\":\"2023-10-18T15:54:26+00:00\",\"dateModified\":\"2023-11-27T09:56:25+00:00\",\"breadcrumb\":{\"@id\":\"https:\/\/www.fleximat.es\/producto\/caja-surtido-punteras-aisladas-dobles\/#breadcrumb\"},\"inLanguage\":\"de-DE\",\"potentialAction\":[{\"@type\":\"ReadAction\",\"target\":[\"https:\/\/www.fleximat.es\/producto\/caja-surtido-punteras-aisladas-dobles\/\"]}]},{\"@type\":\"BreadcrumbList\",\"@id\":\"https:\/\/www.fleximat.es\/producto\/caja-surtido-punteras-aisladas-dobles\/#breadcrumb\",\"itemListElement\":[{\"@type\":\"ListItem\",\"position\":1,\"name\":\"Portada\",\"item\":\"https:\/\/www.fleximat.es\/\"},{\"@type\":\"ListItem\",\"position\":2,\"name\":\"Productos\",\"item\":\"https:\/\/www.fleximat.es\/en\/productos\/\"},{\"@type\":\"ListItem\",\"position\":3,\"name\":\"Caja Surtido Punteras Aisladas Dobles\"}]},{\"@type\":\"WebSite\",\"@id\":\"https:\/\/www.fleximat.es\/bn\/#website\",\"url\":\"https:\/\/www.fleximat.es\/bn\/\",\"name\":\"Fleximat\",\"description\":\"Tu soluci\u00f3n en prensaestopas y tubos flexibles\",\"publisher\":{\"@id\":\"https:\/\/www.fleximat.es\/bn\/#organization\"},\"potentialAction\":[{\"@type\":\"SearchAction\",\"target\":{\"@type\":\"EntryPoint\",\"urlTemplate\":\"https:\/\/www.fleximat.es\/bn\/?s={search_term_string}\"},\"query-input\":\"required name=search_term_string\"}],\"inLanguage\":\"de-DE\"},{\"@type\":\"Organization\",\"@id\":\"https:\/\/www.fleximat.es\/bn\/#organization\",\"name\":\"Fleximat\",\"url\":\"https:\/\/www.fleximat.es\/bn\/\",\"logo\":{\"@type\":\"ImageObject\",\"inLanguage\":\"de-DE\",\"@id\":\"https:\/\/www.fleximat.es\/bn\/#\/schema\/logo\/image\/\",\"url\":\"https:\/\/www.fleximat.es\/wp-content\/uploads\/2023\/11\/fleximat-logo-1.png\",\"contentUrl\":\"https:\/\/www.fleximat.es\/wp-content\/uploads\/2023\/11\/fleximat-logo-1.png\",\"width\":1169,\"height\":289,\"caption\":\"Fleximat\"},\"image\":{\"@id\":\"https:\/\/www.fleximat.es\/bn\/#\/schema\/logo\/image\/\"}}]}<\/script>\n<!-- \/ Yoast SEO plugin. -->","yoast_head_json":{"title":"Caja Surtido Punteras Aisladas Dobles - Fleximat","robots":{"index":"index","follow":"follow","max-snippet":"max-snippet:-1","max-image-preview":"max-image-preview:large","max-video-preview":"max-video-preview:-1"},"canonical":"https:\/\/www.fleximat.es\/de\/produkt\/caja-surtido-punteras-aisladas-dobles\/","og_locale":"de_DE","og_type":"article","og_title":"Caja Surtido Punteras Aisladas Dobles - Fleximat","og_description":"Caracter\u00edsticas    Material E-Cobre \/ PP 105\u00b0   Superficie Cincada   Ba\u00f1o m\u00ednimo 3\u00b5m","og_url":"https:\/\/www.fleximat.es\/de\/produkt\/caja-surtido-punteras-aisladas-dobles\/","og_site_name":"Fleximat","article_modified_time":"2023-11-27T09:56:25+00:00","og_image":[{"width":700,"height":700,"url":"https:\/\/www.fleximat.es\/wp-content\/uploads\/2023\/10\/caja-surtido-puntera-aislada-1.png","type":"image\/png"}],"twitter_card":"summary_large_image","twitter_misc":{"Gesch\u00e4tzte Lesezeit":"1 Minute"},"schema":{"@context":"https:\/\/schema.org","@graph":[{"@type":"WebPage","@id":"https:\/\/www.fleximat.es\/producto\/caja-surtido-punteras-aisladas-dobles\/","url":"https:\/\/www.fleximat.es\/producto\/caja-surtido-punteras-aisladas-dobles\/","name":"Caja Surtido Punteras Aisladas Dobles - Fleximat","isPartOf":{"@id":"https:\/\/www.fleximat.es\/bn\/#website"},"datePublished":"2023-10-18T15:54:26+00:00","dateModified":"2023-11-27T09:56:25+00:00","breadcrumb":{"@id":"https:\/\/www.fleximat.es\/producto\/caja-surtido-punteras-aisladas-dobles\/#breadcrumb"},"inLanguage":"de-DE","potentialAction":[{"@type":"ReadAction","target":["https:\/\/www.fleximat.es\/producto\/caja-surtido-punteras-aisladas-dobles\/"]}]},{"@type":"BreadcrumbList","@id":"https:\/\/www.fleximat.es\/producto\/caja-surtido-punteras-aisladas-dobles\/#breadcrumb","itemListElement":[{"@type":"ListItem","position":1,"name":"Portada","item":"https:\/\/www.fleximat.es\/"},{"@type":"ListItem","position":2,"name":"Productos","item":"https:\/\/www.fleximat.es\/en\/productos\/"},{"@type":"ListItem","position":3,"name":"Caja Surtido Punteras Aisladas Dobles"}]},{"@type":"WebSite","@id":"https:\/\/www.fleximat.es\/bn\/#website","url":"https:\/\/www.fleximat.es\/bn\/","name":"Fleximat","description":"Tu soluci\u00f3n en prensaestopas y tubos flexibles","publisher":{"@id":"https:\/\/www.fleximat.es\/bn\/#organization"},"potentialAction":[{"@type":"SearchAction","target":{"@type":"EntryPoint","urlTemplate":"https:\/\/www.fleximat.es\/bn\/?s={search_term_string}"},"query-input":"required name=search_term_string"}],"inLanguage":"de-DE"},{"@type":"Organization","@id":"https:\/\/www.fleximat.es\/bn\/#organization","name":"Fleximat","url":"https:\/\/www.fleximat.es\/bn\/","logo":{"@type":"ImageObject","inLanguage":"de-DE","@id":"https:\/\/www.fleximat.es\/bn\/#\/schema\/logo\/image\/","url":"https:\/\/www.fleximat.es\/wp-content\/uploads\/2023\/11\/fleximat-logo-1.png","contentUrl":"https:\/\/www.fleximat.es\/wp-content\/uploads\/2023\/11\/fleximat-logo-1.png","width":1169,"height":289,"caption":"Fleximat"},"image":{"@id":"https:\/\/www.fleximat.es\/bn\/#\/schema\/logo\/image\/"}}]}},"taxonomy_info":{"product_cat":[{"value":75,"label":"Punteras de conexi\u00f3n"},{"value":79,"label":"Surtido Punteras"}]},"featured_image_src_large":["https:\/\/www.fleximat.es\/wp-content\/uploads\/2023\/10\/caja-surtido-puntera-aislada-1.png",700,700,false],"author_info":[],"comment_info":"","_links":{"self":[{"href":"https:\/\/www.fleximat.es\/de\/wp-json\/wp\/v2\/product\/1752"}],"collection":[{"href":"https:\/\/www.fleximat.es\/de\/wp-json\/wp\/v2\/product"}],"about":[{"href":"https:\/\/www.fleximat.es\/de\/wp-json\/wp\/v2\/types\/product"}],"wp:featuredmedia":[{"embeddable":true,"href":"https:\/\/www.fleximat.es\/de\/wp-json\/wp\/v2\/media\/2986"}],"wp:attachment":[{"href":"https:\/\/www.fleximat.es\/de\/wp-json\/wp\/v2\/media?parent=1752"}],"wp:term":[{"taxonomy":"product_cat","embeddable":true,"href":"https:\/\/www.fleximat.es\/de\/wp-json\/wp\/v2\/product_cat?post=1752"},{"taxonomy":"product_tag","embeddable":true,"href":"https:\/\/www.fleximat.es\/de\/wp-json\/wp\/v2\/product_tag?post=1752"}],"curies":[{"name":"wp","href":"https:\/\/api.w.org\/{rel}","templated":true}]}}