{"id":1331,"date":"2023-10-10T18:47:12","date_gmt":"2023-10-10T16:47:12","guid":{"rendered":"https:\/\/www.fleximat.es\/?page_id=1331"},"modified":"2024-01-24T10:27:40","modified_gmt":"2024-01-24T09:27:40","slug":"declaracion-de-accesibilidad","status":"publish","type":"page","link":"https:\/\/www.fleximat.es\/el\/declaracion-de-accesibilidad\/","title":{"rendered":"\u0394\u03ae\u03bb\u03c9\u03c3\u03b7 \u03c0\u03c1\u03bf\u03c3\u03b2\u03b1\u03c3\u03b9\u03bc\u03cc\u03c4\u03b7\u03c4\u03b1\u03c2"},"content":{"rendered":"<p>\u0397 Fleximat \u03ad\u03c7\u03b5\u03b9 \u03b4\u03b5\u03c3\u03bc\u03b5\u03c5\u03c4\u03b5\u03af \u03bd\u03b1 \u03ba\u03ac\u03bd\u03b5\u03b9 \u03c4\u03bf\u03bd \u03b9\u03c3\u03c4\u03cc\u03c4\u03bf\u03c0\u03cc \u03c4\u03b7\u03c2 \u03c0\u03c1\u03bf\u03c3\u03b2\u03ac\u03c3\u03b9\u03bc\u03bf, \u03c3\u03cd\u03bc\u03c6\u03c9\u03bd\u03b1 \u03bc\u03b5 \u03c4\u03bf \u0392\u03b1\u03c3\u03b9\u03bb\u03b9\u03ba\u03cc \u0394\u03b9\u03ac\u03c4\u03b1\u03b3\u03bc\u03b1 1112\/2018, \u03c4\u03b7\u03c2 7\u03b7\u03c2 \u03a3\u03b5\u03c0\u03c4\u03b5\u03bc\u03b2\u03c1\u03af\u03bf\u03c5, \u03c3\u03c7\u03b5\u03c4\u03b9\u03ba\u03ac \u03bc\u03b5 \u03c4\u03b7\u03bd \u03c0\u03c1\u03bf\u03c3\u03b2\u03b1\u03c3\u03b9\u03bc\u03cc\u03c4\u03b7\u03c4\u03b1 \u03b9\u03c3\u03c4\u03bf\u03c3\u03b5\u03bb\u03af\u03b4\u03c9\u03bd \u03ba\u03b1\u03b9 \u03b5\u03c6\u03b1\u03c1\u03bc\u03bf\u03b3\u03ce\u03bd \u03b3\u03b9\u03b1 \u03ba\u03b9\u03bd\u03b7\u03c4\u03ad\u03c2 \u03c3\u03c5\u03c3\u03ba\u03b5\u03c5\u03ad\u03c2 \u03c3\u03c4\u03bf \u03b4\u03b7\u03bc\u03cc\u03c3\u03b9\u03bf \u03c4\u03bf\u03bc\u03ad\u03b1.<\/p>\n\n\n\n<p>\u0391\u03c5\u03c4\u03ae \u03b7 \u03b4\u03ae\u03bb\u03c9\u03c3\u03b7 \u03c0\u03c1\u03bf\u03c3\u03b2\u03b1\u03c3\u03b9\u03bc\u03cc\u03c4\u03b7\u03c4\u03b1\u03c2 \u03b9\u03c3\u03c7\u03cd\u03b5\u03b9 \u03b3\u03b9\u03b1 \u03b1\u03c5\u03c4\u03cc\u03bd \u03c4\u03bf\u03bd \u03b9\u03c3\u03c4\u03cc\u03c4\u03bf\u03c0\u03bf.<\/p>\n\n\n\n<h2 class=\"wp-block-heading\">\u039a\u03b1\u03c4\u03ac\u03c3\u03c4\u03b1\u03c3\u03b7 \u03c3\u03c5\u03bc\u03bc\u03cc\u03c1\u03c6\u03c9\u03c3\u03b7\u03c2<\/h2>\n\n\n\n<p>\u0391\u03c5\u03c4\u03cc\u03c2 \u03bf \u03b9\u03c3\u03c4\u03cc\u03c4\u03bf\u03c0\u03bf\u03c2 \u03ad\u03c7\u03b5\u03b9 \u03b1\u03bd\u03b1\u03c0\u03c4\u03c5\u03c7\u03b8\u03b5\u03af \u03c3\u03cd\u03bc\u03c6\u03c9\u03bd\u03b1 \u03bc\u03b5 \u03c4\u03bf RD 1112\/2018<\/p>\n\n\n\n<h2 class=\"wp-block-heading\">\u03a0\u03c1\u03bf\u03b5\u03c4\u03bf\u03b9\u03bc\u03b1\u03c3\u03af\u03b1 \u03b3\u03b9\u03b1 \u03c4\u03b7\u03bd \u03b5\u03c0\u03cc\u03bc\u03b5\u03bd\u03b7 \u03b4\u03ae\u03bb\u03c9\u03c3\u03b7 \u03c0\u03c1\u03bf\u03c3\u03b2\u03b1\u03c3\u03b9\u03bc\u03cc\u03c4\u03b7\u03c4\u03b1\u03c2<\/h2>\n\n\n\n<p>\u0397 \u03c0\u03b1\u03c1\u03bf\u03cd\u03c3\u03b1 \u03b4\u03ae\u03bb\u03c9\u03c3\u03b7 \u03c3\u03c5\u03bd\u03c4\u03ac\u03c7\u03b8\u03b7\u03ba\u03b5 \u03c3\u03c4\u03b9\u03c2 20 \u039c\u03b1\u0390\u03bf\u03c5 2023.<\/p>\n\n\n\n<p>\u0397 \u03bc\u03ad\u03b8\u03bf\u03b4\u03bf\u03c2 \u03c0\u03bf\u03c5 \u03c7\u03c1\u03b7\u03c3\u03b9\u03bc\u03bf\u03c0\u03bf\u03b9\u03ae\u03b8\u03b7\u03ba\u03b5 \u03b3\u03b9\u03b1 \u03c4\u03b7\u03bd \u03c0\u03c1\u03bf\u03b5\u03c4\u03bf\u03b9\u03bc\u03b1\u03c3\u03af\u03b1 \u03c4\u03b7\u03c2 \u03b4\u03ae\u03bb\u03c9\u03c3\u03b7\u03c2 \u03ae\u03c4\u03b1\u03bd \u03b7 \u03b1\u03c5\u03c4\u03bf\u03b1\u03be\u03b9\u03bf\u03bb\u03cc\u03b3\u03b7\u03c3\u03b7.<\/p>\n\n\n\n<h2 class=\"wp-block-heading\">\u03a0\u03b1\u03c1\u03b1\u03c4\u03b7\u03c1\u03ae\u03c3\u03b5\u03b9\u03c2 \u03ba\u03b1\u03b9 \u03c3\u03c4\u03bf\u03b9\u03c7\u03b5\u03af\u03b1 \u03b5\u03c0\u03b9\u03ba\u03bf\u03b9\u03bd\u03c9\u03bd\u03af\u03b1\u03c2<\/h2>\n\n\n\n<p>\u039c\u03c0\u03bf\u03c1\u03b5\u03af\u03c4\u03b5 \u03bd\u03b1 \u03c0\u03c1\u03b1\u03b3\u03bc\u03b1\u03c4\u03bf\u03c0\u03bf\u03b9\u03b5\u03af\u03c4\u03b5 \u03b5\u03c0\u03b9\u03ba\u03bf\u03b9\u03bd\u03c9\u03bd\u03af\u03b5\u03c2 \u03c3\u03c7\u03b5\u03c4\u03b9\u03ba\u03ac \u03bc\u03b5 \u03c4\u03b9\u03c2 \u03b1\u03c0\u03b1\u03b9\u03c4\u03ae\u03c3\u03b5\u03b9\u03c2 \u03c0\u03c1\u03bf\u03c3\u03b2\u03b1\u03c3\u03b9\u03bc\u03cc\u03c4\u03b7\u03c4\u03b1\u03c2 (\u03ac\u03c1\u03b8\u03c1\u03bf 10.2.\u03b1 \u03c4\u03bf\u03c5 \u03a5\u0394 1112\/2018) \u03cc\u03c0\u03c9\u03c2:<\/p>\n\n\n\n<ul class=\"wp-block-list\">\n<li>\u0391\u03bd\u03b1\u03c6\u03ad\u03c1\u03b5\u03c4\u03b5 \u03bf\u03c0\u03bf\u03b9\u03b1\u03b4\u03ae\u03c0\u03bf\u03c4\u03b5 \u03c0\u03b9\u03b8\u03b1\u03bd\u03ae \u03c0\u03b1\u03c1\u03b1\u03b2\u03af\u03b1\u03c3\u03b7 \u03b1\u03c0\u03cc \u03b1\u03c5\u03c4\u03cc\u03bd \u03c4\u03bf\u03bd \u03b9\u03c3\u03c4\u03cc\u03c4\u03bf\u03c0\u03bf<\/li>\n\n\n\n<li>\u039c\u03b5\u03c4\u03ac\u03b4\u03bf\u03c3\u03b7 \u03ac\u03bb\u03bb\u03c9\u03bd \u03b4\u03c5\u03c3\u03ba\u03bf\u03bb\u03b9\u03ce\u03bd \u03c0\u03c1\u03cc\u03c3\u03b2\u03b1\u03c3\u03b7\u03c2 \u03c3\u03c4\u03bf \u03c0\u03b5\u03c1\u03b9\u03b5\u03c7\u03cc\u03bc\u03b5\u03bd\u03bf<\/li>\n\n\n\n<li>\u0394\u03b9\u03b1\u03c4\u03c5\u03c0\u03ce\u03c3\u03c4\u03b5 \u03bf\u03c0\u03bf\u03b9\u03bf\u03b4\u03ae\u03c0\u03bf\u03c4\u03b5 \u03ac\u03bb\u03bb\u03bf \u03b5\u03c1\u03ce\u03c4\u03b7\u03bc\u03b1 \u03ae \u03c0\u03c1\u03cc\u03c4\u03b1\u03c3\u03b7 \u03b3\u03b9\u03b1 \u03b2\u03b5\u03bb\u03c4\u03af\u03c9\u03c3\u03b7 \u03c3\u03c7\u03b5\u03c4\u03b9\u03ba\u03ac \u03bc\u03b5 \u03c4\u03b7\u03bd \u03c0\u03c1\u03bf\u03c3\u03b2\u03b1\u03c3\u03b9\u03bc\u03cc\u03c4\u03b7\u03c4\u03b1 \u03c4\u03bf\u03c5 \u03b9\u03c3\u03c4\u03cc\u03c4\u03bf\u03c0\u03bf\u03c5 \u03bc\u03ad\u03c3\u03c9 \u03c4\u03bf\u03c5\u00a0<a href=\"https:\/\/www.fleximat.es\/el\/contacto\/\">\u03a6\u03cc\u03c1\u03bc\u03b1 \u0395\u03c0\u03b9\u03ba\u03bf\u03b9\u03bd\u03c9\u03bd\u03af\u03b1\u03c2<\/a>\u00a0\u03b1\u03c0\u03cc \u03b1\u03c5\u03c4\u03cc\u03bd \u03c4\u03bf\u03bd \u03b9\u03c3\u03c4\u03cc\u03c4\u03bf\u03c0\u03bf \u03ae \u03bc\u03ad\u03c3\u03c9 \u03c4\u03bf\u03c5 \u03b1\u03c1\u03b9\u03b8\u03bc\u03bf\u03cd \u03c4\u03b7\u03bb\u03b5\u03c6\u03ce\u03bd\u03bf\u03c5 635 72 78 47<\/li>\n<\/ul>\n\n\n\n<p>\u039c\u03c0\u03bf\u03c1\u03b5\u03af\u03c4\u03b5 \u03bd\u03b1 \u03c0\u03b1\u03c1\u03bf\u03c5\u03c3\u03b9\u03ac\u03c3\u03b5\u03c4\u03b5:<\/p>\n\n\n\n<ul class=\"wp-block-list\">\n<li>\u039a\u03b1\u03c4\u03b1\u03b3\u03b3\u03b5\u03bb\u03af\u03b1 \u03c3\u03c7\u03b5\u03c4\u03b9\u03ba\u03ac \u03bc\u03b5 \u03c4\u03b7 \u03c3\u03c5\u03bc\u03bc\u03cc\u03c1\u03c6\u03c9\u03c3\u03b7 \u03bc\u03b5 \u03c4\u03b9\u03c2 \u03b1\u03c0\u03b1\u03b9\u03c4\u03ae\u03c3\u03b5\u03b9\u03c2 \u03c4\u03bf\u03c5 \u03a5\u0394 1112\/2018<\/li>\n\n\n\n<li>\u0391\u03af\u03c4\u03b7\u03bc\u03b1 \u03b3\u03b9\u03b1 \u03c0\u03c1\u03bf\u03c3\u03b2\u03ac\u03c3\u03b9\u03bc\u03b5\u03c2 \u03c0\u03bb\u03b7\u03c1\u03bf\u03c6\u03bf\u03c1\u03af\u03b5\u03c2 \u03c3\u03c7\u03b5\u03c4\u03b9\u03ba\u03ac \u03bc\u03b5:\n<ul class=\"wp-block-list\">\n<li>\u03a0\u03b5\u03c1\u03b9\u03b5\u03c7\u03cc\u03bc\u03b5\u03bd\u03b1 \u03c0\u03bf\u03c5 \u03b5\u03be\u03b1\u03b9\u03c1\u03bf\u03cd\u03bd\u03c4\u03b1\u03b9 \u03b1\u03c0\u03cc \u03c4\u03bf \u03c0\u03b5\u03b4\u03af\u03bf \u03b5\u03c6\u03b1\u03c1\u03bc\u03bf\u03b3\u03ae\u03c2 \u03c4\u03bf\u03c5 \u03a5\u0394 1112\/2018 \u03c3\u03cd\u03bc\u03c6\u03c9\u03bd\u03b1 \u03bc\u03b5 \u03cc\u03c3\u03b1 \u03bf\u03c1\u03af\u03b6\u03bf\u03bd\u03c4\u03b1\u03b9 \u03c3\u03c4\u03bf \u03ac\u03c1\u03b8\u03c1\u03bf 3 \u03b5\u03b4\u03ac\u03c6\u03b9\u03bf 4<\/li>\n\n\n\n<li>\u03a0\u03b5\u03c1\u03b9\u03b5\u03c7\u03cc\u03bc\u03b5\u03bd\u03bf \u03c0\u03bf\u03c5 \u03b5\u03be\u03b1\u03b9\u03c1\u03b5\u03af\u03c4\u03b1\u03b9 \u03b1\u03c0\u03cc \u03c4\u03b7 \u03c3\u03c5\u03bc\u03bc\u03cc\u03c1\u03c6\u03c9\u03c3\u03b7 \u03bc\u03b5 \u03c4\u03b9\u03c2 \u03b1\u03c0\u03b1\u03b9\u03c4\u03ae\u03c3\u03b5\u03b9\u03c2 \u03c0\u03c1\u03bf\u03c3\u03b2\u03b1\u03c3\u03b9\u03bc\u03cc\u03c4\u03b7\u03c4\u03b1\u03c2 \u03b3\u03b9\u03b1 \u03c4\u03b7\u03bd \u03b5\u03c0\u03b9\u03b2\u03bf\u03bb\u03ae \u03b4\u03c5\u03c3\u03b1\u03bd\u03ac\u03bb\u03bf\u03b3\u03b7\u03c2 \u03b5\u03c0\u03b9\u03b2\u03ac\u03c1\u03c5\u03bd\u03c3\u03b7\u03c2<\/li>\n\n\n\n<li>\u03a3\u03c4\u03b7\u03bd \u0391\u03af\u03c4\u03b7\u03c3\u03b7 \u03b3\u03b9\u03b1 \u03c0\u03c1\u03bf\u03c3\u03b2\u03ac\u03c3\u03b9\u03bc\u03b5\u03c2 \u03c0\u03bb\u03b7\u03c1\u03bf\u03c6\u03bf\u03c1\u03af\u03b5\u03c2, \u03c4\u03b1 \u03b3\u03b5\u03b3\u03bf\u03bd\u03cc\u03c4\u03b1, \u03bf\u03b9 \u03bb\u03cc\u03b3\u03bf\u03b9 \u03ba\u03b1\u03b9 \u03c4\u03bf \u03b1\u03af\u03c4\u03b7\u03bc\u03b1 \u03c0\u03c1\u03ad\u03c0\u03b5\u03b9 \u03bd\u03b1 \u03c0\u03c1\u03bf\u03c3\u03b4\u03b9\u03bf\u03c1\u03af\u03b6\u03bf\u03bd\u03c4\u03b1\u03b9 \u03bc\u03b5 \u03c3\u03b1\u03c6\u03ae\u03bd\u03b5\u03b9\u03b1, \u03b5\u03c0\u03b9\u03c4\u03c1\u03ad\u03c0\u03bf\u03bd\u03c4\u03ac\u03c2 \u03c4\u03bf\u03c5 \u03bd\u03b1 \u03b5\u03c0\u03b1\u03bb\u03b7\u03b8\u03b5\u03c5\u03c4\u03b5\u03af \u03cc\u03c4\u03b9 \u03c0\u03c1\u03cc\u03ba\u03b5\u03b9\u03c4\u03b1\u03b9 \u03b3\u03b9\u03b1 \u03b5\u03cd\u03bb\u03bf\u03b3\u03bf \u03ba\u03b1\u03b9 \u03bd\u03cc\u03bc\u03b9\u03bc\u03bf \u03b1\u03af\u03c4\u03b7\u03bc\u03b1.<\/li>\n<\/ul>\n<\/li>\n<\/ul>\n\n\n\n<p>\u03a4\u03b1 \u03c0\u03b1\u03c1\u03ac\u03c0\u03bf\u03bd\u03b1 \u03ba\u03b1\u03b9 \u03bf\u03b9 \u03b9\u03c3\u03c7\u03c5\u03c1\u03b9\u03c3\u03bc\u03bf\u03af \u03b3\u03b9\u03b1 \u03c0\u03c1\u03bf\u03c3\u03b2\u03ac\u03c3\u03b9\u03bc\u03b5\u03c2 \u03c0\u03bb\u03b7\u03c1\u03bf\u03c6\u03bf\u03c1\u03af\u03b5\u03c2 \u03b8\u03b1 \u03b3\u03af\u03bd\u03bf\u03bd\u03c4\u03b1\u03b9 \u03bc\u03ad\u03c3\u03c9 \u03c4\u03b7\u03c2 \u03b7\u03bb\u03b5\u03ba\u03c4\u03c1\u03bf\u03bd\u03b9\u03ba\u03ae\u03c2 \u03ad\u03b4\u03c1\u03b1\u03c2 (<a href=\"https:\/\/sede.red.gob.es\/procedimientos\/quejas-y-sugerencias\" target=\"_blank\" rel=\"noreferrer noopener\">https:\/\/sede.red.gob.es\/procedimientos\/quejas-y-sugerencias<\/a>), \u03ba\u03b1\u03b9 \u03b8\u03b1 \u03c0\u03b1\u03c1\u03b1\u03bb\u03b7\u03c6\u03b8\u03bf\u03cd\u03bd \u03ba\u03b1\u03b9 \u03b8\u03b1 \u03c5\u03c0\u03bf\u03b2\u03bb\u03b7\u03b8\u03bf\u03cd\u03bd \u03c3\u03b5 \u03b5\u03c0\u03b5\u03be\u03b5\u03c1\u03b3\u03b1\u03c3\u03af\u03b1 \u03b1\u03c0\u03cc \u03c4\u03b7\u03bd \u03c0\u03b5\u03c1\u03b9\u03bf\u03c7\u03ae \u03a0\u03bb\u03b7\u03c1\u03bf\u03c6\u03bf\u03c1\u03b9\u03b1\u03ba\u03ce\u03bd \u03a3\u03c5\u03c3\u03c4\u03b7\u03bc\u03ac\u03c4\u03c9\u03bd \u03c4\u03b7\u03c2 Red.es.<\/p>\n\n\n\n<h2 class=\"wp-block-heading\">\u03a0\u03c1\u03bf\u03b1\u03b9\u03c1\u03b5\u03c4\u03b9\u03ba\u03cc \u03c0\u03b5\u03c1\u03b9\u03b5\u03c7\u03cc\u03bc\u03b5\u03bd\u03bf<\/h2>\n\n\n\n<ul class=\"wp-block-list\">\n<li>\u0395\u03ac\u03bd \u03b8\u03ad\u03bb\u03b5\u03c4\u03b5 \u03bd\u03b1 \u03b1\u03bb\u03bb\u03ac\u03be\u03b5\u03c4\u03b5 \u03c4\u03bf \u03bc\u03ad\u03b3\u03b5\u03b8\u03bf\u03c2 \u03b3\u03c1\u03b1\u03bc\u03bc\u03b1\u03c4\u03bf\u03c3\u03b5\u03b9\u03c1\u03ac\u03c2 \u03c4\u03bf\u03c5 \u03ba\u03b5\u03b9\u03bc\u03ad\u03bd\u03bf\u03c5 \u03c3\u03c4\u03b1 \u03ba\u03cd\u03c1\u03b9\u03b1 \u03c0\u03c1\u03bf\u03b3\u03c1\u03ac\u03bc\u03bc\u03b1\u03c4\u03b1 \u03c0\u03b5\u03c1\u03b9\u03ae\u03b3\u03b7\u03c3\u03b7\u03c2 \u03b3\u03c1\u03b1\u03c6\u03b9\u03ba\u03ce\u03bd, \u03c7\u03c1\u03b7\u03c3\u03b9\u03bc\u03bf\u03c0\u03bf\u03b9\u03ae\u03c3\u03c4\u03b5 \u03c4\u03b1 \u03b1\u03ba\u03cc\u03bb\u03bf\u03c5\u03b8\u03b1 \u03bc\u03b5\u03bd\u03bf\u03cd:<\/li>\n\n\n\n<li>Safari: \u03a0\u03c1\u03bf\u03b2\u03bf\u03bb\u03ae &gt; \u039c\u03b5\u03b3\u03b1\u03bb\u03cd\u03c4\u03b5\u03c1\u03bf \u03ba\u03b5\u03af\u03bc\u03b5\u03bd\u03bf<\/li>\n\n\n\n<li>Chrome: \u0395\u03bb\u03ad\u03b3\u03be\u03c4\u03b5 \u03c4\u03b7\u03bd \u03c4\u03c1\u03ad\u03c7\u03bf\u03c5\u03c3\u03b1 \u03c3\u03b5\u03bb\u03af\u03b4\u03b1 &gt; \u039c\u03ad\u03b3\u03b5\u03b8\u03bf\u03c2 \u03ba\u03b5\u03b9\u03bc\u03ad\u03bd\u03bf\u03c5<\/li>\n<\/ul>\n\n\n\n<p>\u0393\u03b9\u03b1 \u03bd\u03b1 \u03b1\u03bb\u03bb\u03ac\u03be\u03b5\u03c4\u03b5 \u03c4\u03bf \u03bc\u03ad\u03b3\u03b5\u03b8\u03bf\u03c2 \u03cc\u03bb\u03c9\u03bd \u03c4\u03c9\u03bd \u03c3\u03c4\u03bf\u03b9\u03c7\u03b5\u03af\u03c9\u03bd \u03c3\u03c4\u03b7 \u03c3\u03b5\u03bb\u03af\u03b4\u03b1:<\/p>\n\n\n\n<ul class=\"wp-block-list\">\n<li>Ctrl++ \u03b3\u03b9\u03b1 \u03bd\u03b1 \u03c4\u03bf \u03b1\u03c5\u03be\u03ae\u03c3\u03b5\u03c4\u03b5<\/li>\n\n\n\n<li>Ctrl + \u2013 \u03b3\u03b9\u03b1 \u03bd\u03b1 \u03c4\u03bf \u03bc\u03b5\u03b9\u03ce\u03c3\u03b5\u03c4\u03b5<\/li>\n\n\n\n<li>Ctrl + 0 \u03b5\u03c0\u03b1\u03bd\u03b1\u03c6\u03ad\u03c1\u03b5\u03b9 \u03c4\u03bf \u03b1\u03c1\u03c7\u03b9\u03ba\u03cc \u03bc\u03ad\u03b3\u03b5\u03b8\u03bf\u03c2 \u03ba\u03b5\u03b9\u03bc\u03ad\u03bd\u03bf\u03c5<\/li>\n\n\n\n<li>\u0395\u03ac\u03bd \u03b1\u03c5\u03c4\u03cc \u03c0\u03bf\u03c5 \u03b8\u03ad\u03bb\u03b5\u03c4\u03b5 \u03b5\u03af\u03bd\u03b1\u03b9 \u03bd\u03b1 \u03c0\u03b1\u03c1\u03b1\u03ba\u03ac\u03bc\u03c8\u03b5\u03c4\u03b5 \u03c4\u03bf \u03c6\u03cd\u03bb\u03bb\u03bf \u03c3\u03c4\u03c5\u03bb \u03ae \u03bd\u03b1 \u03c4\u03c1\u03bf\u03c0\u03bf\u03c0\u03bf\u03b9\u03ae\u03c3\u03b5\u03c4\u03b5 \u03c4\u03bf \u03c7\u03c1\u03ce\u03bc\u03b1 \u03c4\u03bf\u03c5 \u03ba\u03b5\u03b9\u03bc\u03ad\u03bd\u03bf\u03c5, \u03bc\u03c0\u03bf\u03c1\u03b5\u03af\u03c4\u03b5 \u03bd\u03b1 \u03c3\u03c5\u03bc\u03b2\u03bf\u03c5\u03bb\u03b5\u03c5\u03c4\u03b5\u03af\u03c4\u03b5 \u03c4\u03b7 \u03c3\u03b5\u03bb\u03af\u03b4\u03b1 \u03a4\u03c1\u03cc\u03c0\u03bf\u03c2 \u03b1\u03bb\u03bb\u03b1\u03b3\u03ae\u03c2 \u03bc\u03b5\u03b3\u03ad\u03b8\u03bf\u03c5\u03c2 \u03ba\u03b5\u03b9\u03bc\u03ad\u03bd\u03bf\u03c5 \u03ae \u03c7\u03c1\u03c9\u03bc\u03ac\u03c4\u03c9\u03bd \u03c4\u03bf\u03c5 WAI, \u03b7 \u03bf\u03c0\u03bf\u03af\u03b1 \u03bc\u03c0\u03bf\u03c1\u03b5\u03af \u03bd\u03b1 \u03b4\u03b9\u03b1\u03b2\u03b1\u03c3\u03c4\u03b5\u03af \u03bc\u03b5\u03c4\u03b1\u03c6\u03c1\u03b1\u03c3\u03bc\u03ad\u03bd\u03b7 \u03c3\u03c4\u03b1 \u0399\u03c3\u03c0\u03b1\u03bd\u03b9\u03ba\u03ac \u03c3\u03c4\u03bf \u03a0\u03ce\u03c2 \u03bd\u03b1 \u03b1\u03bb\u03bb\u03ac\u03be\u03b5\u03c4\u03b5 \u03c4\u03bf \u03bc\u03ad\u03b3\u03b5\u03b8\u03bf\u03c2 \u03ae \u03c4\u03b1 \u03c7\u03c1\u03ce\u03bc\u03b1\u03c4\u03b1 \u03c4\u03bf\u03c5 \u03ba\u03b5\u03b9\u03bc\u03ad\u03bd\u03bf\u03c5;<\/li>\n<\/ul>","protected":false},"excerpt":{"rendered":"<p>Fleximat&nbsp;se ha comprometido a hacer accesible su sitio web, de conformidad con el Real Decreto 1112\/2018, de 7 de septiembre, sobre accesibilidad de los sitios web y aplicaciones para dispositivos m\u00f3viles del sector p\u00fablico. Esta declaraci\u00f3n de accesibilidad se aplica a esta web. Situaci\u00f3n de cumplimiento Este sitio web est\u00e1 desarrollado de acuerdo con el&#8230;<\/p>","protected":false},"author":1,"featured_media":0,"parent":0,"menu_order":19,"comment_status":"closed","ping_status":"closed","template":"","meta":{"_kad_blocks_custom_css":"","_kad_blocks_head_custom_js":"","_kad_blocks_body_custom_js":"","_kad_blocks_footer_custom_js":"","_kadence_starter_templates_imported_post":false,"_kad_post_transparent":"","_kad_post_title":"","_kad_post_layout":"","_kad_post_sidebar_id":"","_kad_post_content_style":"","_kad_post_vertical_padding":"","_kad_post_feature":"","_kad_post_feature_position":"","_kad_post_header":false,"_kad_post_footer":false,"footnotes":""},"class_list":["post-1331","page","type-page","status-publish","hentry"],"yoast_head":"<!-- This site is optimized with the Yoast SEO plugin v21.7 - https:\/\/yoast.com\/wordpress\/plugins\/seo\/ -->\n<title>Declaraci\u00f3n de accesibilidad - Fleximat<\/title>\n<meta name=\"robots\" content=\"index, follow, max-snippet:-1, max-image-preview:large, max-video-preview:-1\" \/>\n<link rel=\"canonical\" href=\"https:\/\/www.fleximat.es\/el\/declaracion-de-accesibilidad\/\" \/>\n<meta property=\"og:locale\" content=\"el_GR\" \/>\n<meta property=\"og:type\" content=\"article\" \/>\n<meta property=\"og:title\" content=\"Declaraci\u00f3n de accesibilidad - Fleximat\" \/>\n<meta property=\"og:description\" content=\"Fleximat&nbsp;se ha comprometido a hacer accesible su sitio web, de conformidad con el Real Decreto 1112\/2018, de 7 de septiembre, sobre accesibilidad de los sitios web y aplicaciones para dispositivos m\u00f3viles del sector p\u00fablico. Esta declaraci\u00f3n de accesibilidad se aplica a esta web. Situaci\u00f3n de cumplimiento Este sitio web est\u00e1 desarrollado de acuerdo con el...\" \/>\n<meta property=\"og:url\" content=\"https:\/\/www.fleximat.es\/el\/declaracion-de-accesibilidad\/\" \/>\n<meta property=\"og:site_name\" content=\"Fleximat\" \/>\n<meta property=\"article:modified_time\" content=\"2024-01-24T09:27:40+00:00\" \/>\n<meta name=\"twitter:card\" content=\"summary_large_image\" \/>\n<meta name=\"twitter:label1\" content=\"\u0395\u03ba\u03c4\u03b9\u03bc\u03ce\u03bc\u03b5\u03bd\u03bf\u03c2 \u03c7\u03c1\u03cc\u03bd\u03bf\u03c2 \u03b1\u03bd\u03ac\u03b3\u03bd\u03c9\u03c3\u03b7\u03c2\" \/>\n\t<meta name=\"twitter:data1\" content=\"2 \u03bb\u03b5\u03c0\u03c4\u03ac\" \/>\n<script type=\"application\/ld+json\" class=\"yoast-schema-graph\">{\"@context\":\"https:\/\/schema.org\",\"@graph\":[{\"@type\":\"WebPage\",\"@id\":\"https:\/\/www.fleximat.es\/declaracion-de-accesibilidad\/\",\"url\":\"https:\/\/www.fleximat.es\/declaracion-de-accesibilidad\/\",\"name\":\"Declaraci\u00f3n de accesibilidad - Fleximat\",\"isPartOf\":{\"@id\":\"https:\/\/www.fleximat.es\/bn\/#website\"},\"datePublished\":\"2023-10-10T16:47:12+00:00\",\"dateModified\":\"2024-01-24T09:27:40+00:00\",\"breadcrumb\":{\"@id\":\"https:\/\/www.fleximat.es\/declaracion-de-accesibilidad\/#breadcrumb\"},\"inLanguage\":\"el\",\"potentialAction\":[{\"@type\":\"ReadAction\",\"target\":[\"https:\/\/www.fleximat.es\/declaracion-de-accesibilidad\/\"]}]},{\"@type\":\"BreadcrumbList\",\"@id\":\"https:\/\/www.fleximat.es\/declaracion-de-accesibilidad\/#breadcrumb\",\"itemListElement\":[{\"@type\":\"ListItem\",\"position\":1,\"name\":\"Portada\",\"item\":\"https:\/\/www.fleximat.es\/\"},{\"@type\":\"ListItem\",\"position\":2,\"name\":\"Declaraci\u00f3n de accesibilidad\"}]},{\"@type\":\"WebSite\",\"@id\":\"https:\/\/www.fleximat.es\/bn\/#website\",\"url\":\"https:\/\/www.fleximat.es\/bn\/\",\"name\":\"Fleximat\",\"description\":\"Tu soluci\u00f3n en prensaestopas y tubos flexibles\",\"publisher\":{\"@id\":\"https:\/\/www.fleximat.es\/bn\/#organization\"},\"potentialAction\":[{\"@type\":\"SearchAction\",\"target\":{\"@type\":\"EntryPoint\",\"urlTemplate\":\"https:\/\/www.fleximat.es\/bn\/?s={search_term_string}\"},\"query-input\":\"required name=search_term_string\"}],\"inLanguage\":\"el\"},{\"@type\":\"Organization\",\"@id\":\"https:\/\/www.fleximat.es\/bn\/#organization\",\"name\":\"Fleximat\",\"url\":\"https:\/\/www.fleximat.es\/bn\/\",\"logo\":{\"@type\":\"ImageObject\",\"inLanguage\":\"el\",\"@id\":\"https:\/\/www.fleximat.es\/bn\/#\/schema\/logo\/image\/\",\"url\":\"https:\/\/www.fleximat.es\/wp-content\/uploads\/2023\/11\/fleximat-logo-1.png\",\"contentUrl\":\"https:\/\/www.fleximat.es\/wp-content\/uploads\/2023\/11\/fleximat-logo-1.png\",\"width\":1169,\"height\":289,\"caption\":\"Fleximat\"},\"image\":{\"@id\":\"https:\/\/www.fleximat.es\/bn\/#\/schema\/logo\/image\/\"}}]}<\/script>\n<!-- \/ Yoast SEO plugin. -->","yoast_head_json":{"title":"Declaraci\u00f3n de accesibilidad - Fleximat","robots":{"index":"index","follow":"follow","max-snippet":"max-snippet:-1","max-image-preview":"max-image-preview:large","max-video-preview":"max-video-preview:-1"},"canonical":"https:\/\/www.fleximat.es\/el\/declaracion-de-accesibilidad\/","og_locale":"el_GR","og_type":"article","og_title":"Declaraci\u00f3n de accesibilidad - Fleximat","og_description":"Fleximat&nbsp;se ha comprometido a hacer accesible su sitio web, de conformidad con el Real Decreto 1112\/2018, de 7 de septiembre, sobre accesibilidad de los sitios web y aplicaciones para dispositivos m\u00f3viles del sector p\u00fablico. Esta declaraci\u00f3n de accesibilidad se aplica a esta web. Situaci\u00f3n de cumplimiento Este sitio web est\u00e1 desarrollado de acuerdo con el...","og_url":"https:\/\/www.fleximat.es\/el\/declaracion-de-accesibilidad\/","og_site_name":"Fleximat","article_modified_time":"2024-01-24T09:27:40+00:00","twitter_card":"summary_large_image","twitter_misc":{"\u0395\u03ba\u03c4\u03b9\u03bc\u03ce\u03bc\u03b5\u03bd\u03bf\u03c2 \u03c7\u03c1\u03cc\u03bd\u03bf\u03c2 \u03b1\u03bd\u03ac\u03b3\u03bd\u03c9\u03c3\u03b7\u03c2":"2 \u03bb\u03b5\u03c0\u03c4\u03ac"},"schema":{"@context":"https:\/\/schema.org","@graph":[{"@type":"WebPage","@id":"https:\/\/www.fleximat.es\/declaracion-de-accesibilidad\/","url":"https:\/\/www.fleximat.es\/declaracion-de-accesibilidad\/","name":"Declaraci\u00f3n de accesibilidad - Fleximat","isPartOf":{"@id":"https:\/\/www.fleximat.es\/bn\/#website"},"datePublished":"2023-10-10T16:47:12+00:00","dateModified":"2024-01-24T09:27:40+00:00","breadcrumb":{"@id":"https:\/\/www.fleximat.es\/declaracion-de-accesibilidad\/#breadcrumb"},"inLanguage":"el","potentialAction":[{"@type":"ReadAction","target":["https:\/\/www.fleximat.es\/declaracion-de-accesibilidad\/"]}]},{"@type":"BreadcrumbList","@id":"https:\/\/www.fleximat.es\/declaracion-de-accesibilidad\/#breadcrumb","itemListElement":[{"@type":"ListItem","position":1,"name":"Portada","item":"https:\/\/www.fleximat.es\/"},{"@type":"ListItem","position":2,"name":"Declaraci\u00f3n de accesibilidad"}]},{"@type":"WebSite","@id":"https:\/\/www.fleximat.es\/bn\/#website","url":"https:\/\/www.fleximat.es\/bn\/","name":"Fleximat","description":"Tu soluci\u00f3n en prensaestopas y tubos flexibles","publisher":{"@id":"https:\/\/www.fleximat.es\/bn\/#organization"},"potentialAction":[{"@type":"SearchAction","target":{"@type":"EntryPoint","urlTemplate":"https:\/\/www.fleximat.es\/bn\/?s={search_term_string}"},"query-input":"required name=search_term_string"}],"inLanguage":"el"},{"@type":"Organization","@id":"https:\/\/www.fleximat.es\/bn\/#organization","name":"Fleximat","url":"https:\/\/www.fleximat.es\/bn\/","logo":{"@type":"ImageObject","inLanguage":"el","@id":"https:\/\/www.fleximat.es\/bn\/#\/schema\/logo\/image\/","url":"https:\/\/www.fleximat.es\/wp-content\/uploads\/2023\/11\/fleximat-logo-1.png","contentUrl":"https:\/\/www.fleximat.es\/wp-content\/uploads\/2023\/11\/fleximat-logo-1.png","width":1169,"height":289,"caption":"Fleximat"},"image":{"@id":"https:\/\/www.fleximat.es\/bn\/#\/schema\/logo\/image\/"}}]}},"taxonomy_info":[],"featured_image_src_large":false,"author_info":{"display_name":"eloi","author_link":"https:\/\/www.fleximat.es\/el\/author\/eloi\/"},"comment_info":0,"_links":{"self":[{"href":"https:\/\/www.fleximat.es\/el\/wp-json\/wp\/v2\/pages\/1331"}],"collection":[{"href":"https:\/\/www.fleximat.es\/el\/wp-json\/wp\/v2\/pages"}],"about":[{"href":"https:\/\/www.fleximat.es\/el\/wp-json\/wp\/v2\/types\/page"}],"author":[{"embeddable":true,"href":"https:\/\/www.fleximat.es\/el\/wp-json\/wp\/v2\/users\/1"}],"replies":[{"embeddable":true,"href":"https:\/\/www.fleximat.es\/el\/wp-json\/wp\/v2\/comments?post=1331"}],"version-history":[{"count":1,"href":"https:\/\/www.fleximat.es\/el\/wp-json\/wp\/v2\/pages\/1331\/revisions"}],"predecessor-version":[{"id":3622,"href":"https:\/\/www.fleximat.es\/el\/wp-json\/wp\/v2\/pages\/1331\/revisions\/3622"}],"wp:attachment":[{"href":"https:\/\/www.fleximat.es\/el\/wp-json\/wp\/v2\/media?parent=1331"}],"curies":[{"name":"wp","href":"https:\/\/api.w.org\/{rel}","templated":true}]}}