{"id":1605,"date":"2023-10-18T17:53:13","date_gmt":"2023-10-18T15:53:13","guid":{"rendered":"https:\/\/www.fleximat.es\/?post_type=product&#038;p=1605"},"modified":"2023-12-01T12:00:56","modified_gmt":"2023-12-01T11:00:56","slug":"tuerca-hexagonal-metrica-pa6-f-v-negro","status":"publish","type":"product","link":"https:\/\/www.fleximat.es\/el\/product\/tuerca-hexagonal-metrica-pa6-f-v-negro\/","title":{"rendered":"\u039c\u03b5\u03c4\u03c1\u03b9\u03ba\u03cc \u03c0\u03b1\u03be\u03b9\u03bc\u03ac\u03b4\u03b9 \u03b1\u03c0\u03cc \u03c0\u03bf\u03bb\u03c5\u03b1\u03bc\u03af\u03b4\u03b9\u03bf PA6 \u039c\u03b1\u03cd\u03c1\u03bf"},"content":{"rendered":"<h4>\u0399\u03b4\u03b9\u03cc\u03c4\u03b7\u03c4\u03b5\u03c2<\/h4>\n<div id=\"eSelTextTrans\" dir=\"ltr\">\u0393\u03b9\u03b1 \u03bd\u03b1 \u03c3\u03c6\u03af\u03be\u03b5\u03c4\u03b5 \u03c4\u03b1 \u03b3\u03b5\u03bc\u03b9\u03c3\u03c4\u03ac \u03ba\u03bf\u03c5\u03c4\u03b9\u03ac<\/div>\n<div dir=\"ltr\">\u03a0\u03b5\u03c1\u03b9\u03ad\u03c7\u03b5\u03b9 fiberglass 30%<\/div>\n<p>\u0391\u03bd\u03c4\u03bf\u03c7\u03ae \u03c3\u03c4\u03b7\u03bd \u03c5\u03c0\u03b5\u03c1\u03b9\u03ce\u03b4\u03b7 \u03b1\u03ba\u03c4\u03b9\u03bd\u03bf\u03b2\u03bf\u03bb\u03af\u03b1 \u03a7\u03c9\u03c1\u03af\u03c2 \u03b1\u03bb\u03bf\u03b3\u03cc\u03bd\u03bf<\/p>\n<h3>\u03a0\u03b5\u03c1\u03b9\u03b3\u03c1\u03b1\u03c6\u03ae \u03c0\u03c1\u03bf\u03ca\u03cc\u03bd\u03c4\u03bf\u03c2<\/h3>\n<p>\u03a4\u03bf \u03c0\u03b1\u03be\u03b9\u03bc\u03ac\u03b4\u03b9 \u03b5\u03af\u03bd\u03b1\u03b9 \u03c4\u03bf \u03ba\u03cd\u03c1\u03b9\u03bf \u03b5\u03be\u03ac\u03c1\u03c4\u03b7\u03bc\u03b1 \u03c4\u03bf\u03c5 \u03ba\u03bf\u03c5\u03c4\u03b9\u03bf\u03cd \u03b3\u03ad\u03bc\u03b9\u03c3\u03b7\u03c2, \u03c7\u03c1\u03b7\u03c3\u03b9\u03bc\u03b5\u03cd\u03b5\u03b9 \u03b3\u03b9\u03b1 \u03bd\u03b1 \u03c4\u03bf \u03c3\u03c6\u03af\u03be\u03b5\u03c4\u03b5 \u03ba\u03b1\u03b9 \u03ad\u03c4\u03c3\u03b9 \u03bd\u03b1 \u03ad\u03c7\u03b5\u03c4\u03b5 \u03bc\u03b5\u03b3\u03b1\u03bb\u03cd\u03c4\u03b5\u03c1\u03b7 \u03b1\u03c3\u03c6\u03ac\u03bb\u03b5\u03b9\u03b1 \u03c3\u03c4\u03b7 \u03c3\u03cd\u03bd\u03b4\u03b5\u03c3\u03b7.<\/p>\n<p>\u03a4\u03b1 \u03c0\u03b1\u03be\u03b9\u03bc\u03ac\u03b4\u03b9\u03b1 \u03b4\u03b9\u03b1\u03c4\u03af\u03b8\u03b5\u03bd\u03c4\u03b1\u03b9 \u03c3\u03c4\u03b1 \u03af\u03b4\u03b9\u03b1 \u03bc\u03b5\u03b3\u03ad\u03b8\u03b7 \u03bc\u03b5 \u03c4\u03bf\u03c5\u03c2 \u03c3\u03c4\u03c5\u03c0\u03b9\u03bf\u03b8\u03bb\u03af\u03c0\u03c4\u03b5\u03c2 \u03ba\u03b1\u03bb\u03c9\u03b4\u03af\u03c9\u03bd.<\/p>\n<p>\u03a4\u03b1 \u03c0\u03b1\u03be\u03b9\u03bc\u03ac\u03b4\u03b9\u03b1 \u03c0\u03bf\u03bb\u03c5\u03b1\u03bc\u03b9\u03b4\u03af\u03bf\u03c5 \u03c0\u03c1\u03bf\u03c3\u03b8\u03ad\u03c4\u03bf\u03c5\u03bd \u03ad\u03bd\u03b1 fiberglass 30% \u03c3\u03c4\u03b7 \u03c3\u03cd\u03bd\u03b8\u03b5\u03c3\u03ae \u03c4\u03bf\u03c5\u03c2, \u03c4\u03bf \u03bf\u03c0\u03bf\u03af\u03bf \u03c4\u03bf\u03c5\u03c2 \u03c0\u03c1\u03bf\u03c3\u03b4\u03af\u03b4\u03b5\u03b9 \u03b5\u03be\u03b1\u03b9\u03c1\u03b5\u03c4\u03b9\u03ba\u03ad\u03c2 \u03b9\u03b4\u03b9\u03cc\u03c4\u03b7\u03c4\u03b5\u03c2 \u03bc\u03b7\u03c7\u03b1\u03bd\u03b9\u03ba\u03ae\u03c2 \u03b1\u03bd\u03c4\u03bf\u03c7\u03ae\u03c2.<\/p>\n<p>\u03a4\u03b1 \u03b5\u03be\u03ac\u03b3\u03c9\u03bd\u03b1 \u03c0\u03b1\u03be\u03b9\u03bc\u03ac\u03b4\u03b9\u03b1 \u03b4\u03b9\u03b1\u03c4\u03af\u03b8\u03b5\u03bd\u03c4\u03b1\u03b9 \u03ba\u03b1\u03b9 \u03bc\u03b5 \u03c3\u03c4\u03c1\u03bf\u03b3\u03b3\u03c5\u03bb\u03ae \u03b2\u03ac\u03c3\u03b7.<\/p>\n<table class=\"table table-bordered table-striped\">\n<thead>\n<tr>\n<td><strong>\u039d\u03ae\u03bc\u03b1\u03c4\u03b1<\/strong><\/td>\n<td><strong>\u039a\u03ce\u03b4\u03b9\u03ba\u03b1\u03c2<\/strong><\/td>\n<td><strong>\u03a7\u03bc\u03bc<\/strong><\/td>\n<td><strong>mm<\/strong><\/td>\n<\/tr>\n<\/thead>\n<tbody>\n<tr>\n<td>\u039c 12 x 1,5<\/td>\n<td>MSB 01<\/td>\n<td>5<\/td>\n<td>18<\/td>\n<\/tr>\n<tr>\n<td>\u039c 16 x 1,5<\/td>\n<td>MSB 01<\/td>\n<td>5<\/td>\n<td>22<\/td>\n<\/tr>\n<tr>\n<td>\u039c 20 x 1,5<\/td>\n<td>MSB 01<\/td>\n<td>6<\/td>\n<td>26<\/td>\n<\/tr>\n<tr>\n<td>\u039c 25 x 1,5<\/td>\n<td>MSB 01<\/td>\n<td>6<\/td>\n<td>32<\/td>\n<\/tr>\n<tr>\n<td>\u039c 32 x 1,5<\/td>\n<td>MSB 01<\/td>\n<td>7<\/td>\n<td>41<\/td>\n<\/tr>\n<tr>\n<td>\u039c 40 x 1,5<\/td>\n<td>MSB 01<\/td>\n<td>7<\/td>\n<td>50<\/td>\n<\/tr>\n<tr>\n<td>\u039c 50 x 1,5<\/td>\n<td>MSB 01<\/td>\n<td>8<\/td>\n<td>60<\/td>\n<\/tr>\n<tr>\n<td>\u039c 63 x 1,5<\/td>\n<td>MSB 01<\/td>\n<td>8<\/td>\n<td>75<\/td>\n<\/tr>\n<\/tbody>\n<\/table>","protected":false},"excerpt":{"rendered":"<h3>\u03a7\u03b1\u03c1\u03b1\u03ba\u03c4\u03b7\u03c1\u03b9\u03c3\u03c4\u03b9\u03ba\u03ac<\/h3>\n<table>\n<tbody>\n<tr>\n<td><strong>\u03a4\u03cd\u03c0\u03bf\u03c2 \u03bd\u03ae\u03bc\u03b1\u03c4\u03bf\u03c2<\/strong><\/td>\n<td>\u039c\u03b5\u03c4\u03c1\u03b9\u03ba\u03cc EN 60423<\/td>\n<\/tr>\n<tr>\n<td><strong>\u03a3\u03c5\u03bd\u03b5\u03c7\u03ae\u03c2 \u03b8\u03b5\u03c1\u03bc\u03bf\u03ba\u03c1\u03b1\u03c3\u03af\u03b1 \u03b5\u03c1\u03b3\u03b1\u03c3\u03af\u03b1\u03c2<\/strong><\/td>\n<td>-20 \u00baC +100 \u00baC<\/td>\n<\/tr>\n<\/tbody>\n<\/table>","protected":false},"featured_media":3061,"template":"","meta":{"_kad_blocks_custom_css":"","_kad_blocks_head_custom_js":"","_kad_blocks_body_custom_js":"","_kad_blocks_footer_custom_js":"","_kadence_starter_templates_imported_post":false,"_kad_post_transparent":"default","_kad_post_title":"","_kad_post_layout":"default","_kad_post_sidebar_id":"","_kad_post_content_style":"default","_kad_post_vertical_padding":"default","_kad_post_feature":"","_kad_post_feature_position":"","_kad_post_header":false,"_kad_post_footer":false},"product_cat":[29,61],"product_tag":[],"class_list":{"0":"post-1605","1":"product","2":"type-product","3":"status-publish","4":"has-post-thumbnail","6":"product_cat-prensaestopas-y-accesorios-plasticos-de-poliamida","7":"product_cat-tuercas-de-poliamida","9":"first","10":"instock","11":"shipping-taxable","12":"product-type-simple","13":"entry","14":"content-bg","15":"loop-entry"},"yoast_head":"<!-- This site is optimized with the Yoast SEO plugin v21.7 - https:\/\/yoast.com\/wordpress\/plugins\/seo\/ -->\n<title>Tuerca Poliamida M\u00e9trica PA6 Negro - Fleximat<\/title>\n<meta name=\"robots\" content=\"index, follow, max-snippet:-1, max-image-preview:large, max-video-preview:-1\" \/>\n<link rel=\"canonical\" href=\"https:\/\/www.fleximat.es\/el\/product\/tuerca-hexagonal-metrica-pa6-f-v-negro\/\" \/>\n<meta property=\"og:locale\" content=\"el_GR\" \/>\n<meta property=\"og:type\" content=\"article\" \/>\n<meta property=\"og:title\" content=\"Tuerca Poliamida M\u00e9trica PA6 Negro - Fleximat\" \/>\n<meta property=\"og:description\" content=\"Caracter\u00edsticas    Tipo de Rosca M\u00e9trica EN 60423   Temperatura de trabajo continua -20 \u00baC +100 \u00baC\" \/>\n<meta property=\"og:url\" content=\"https:\/\/www.fleximat.es\/el\/product\/tuerca-hexagonal-metrica-pa6-f-v-negro\/\" \/>\n<meta property=\"og:site_name\" content=\"Fleximat\" \/>\n<meta property=\"article:modified_time\" content=\"2023-12-01T11:00:56+00:00\" \/>\n<meta property=\"og:image\" content=\"https:\/\/www.fleximat.es\/wp-content\/uploads\/2023\/10\/tuerca-hexagonal-con-base-redonda-pa6-700x529-1-negro-1.png\" \/>\n\t<meta property=\"og:image:width\" content=\"700\" \/>\n\t<meta property=\"og:image:height\" content=\"700\" \/>\n\t<meta property=\"og:image:type\" content=\"image\/png\" \/>\n<meta name=\"twitter:card\" content=\"summary_large_image\" \/>\n<meta name=\"twitter:label1\" content=\"\u0395\u03ba\u03c4\u03b9\u03bc\u03ce\u03bc\u03b5\u03bd\u03bf\u03c2 \u03c7\u03c1\u03cc\u03bd\u03bf\u03c2 \u03b1\u03bd\u03ac\u03b3\u03bd\u03c9\u03c3\u03b7\u03c2\" \/>\n\t<meta name=\"twitter:data1\" content=\"1 \u03bb\u03b5\u03c0\u03c4\u03cc\" \/>\n<script type=\"application\/ld+json\" class=\"yoast-schema-graph\">{\"@context\":\"https:\/\/schema.org\",\"@graph\":[{\"@type\":\"WebPage\",\"@id\":\"https:\/\/www.fleximat.es\/producto\/tuerca-hexagonal-metrica-pa6-f-v-negro\/\",\"url\":\"https:\/\/www.fleximat.es\/producto\/tuerca-hexagonal-metrica-pa6-f-v-negro\/\",\"name\":\"Tuerca Poliamida M\u00e9trica PA6 Negro - Fleximat\",\"isPartOf\":{\"@id\":\"https:\/\/www.fleximat.es\/bn\/#website\"},\"datePublished\":\"2023-10-18T15:53:13+00:00\",\"dateModified\":\"2023-12-01T11:00:56+00:00\",\"breadcrumb\":{\"@id\":\"https:\/\/www.fleximat.es\/producto\/tuerca-hexagonal-metrica-pa6-f-v-negro\/#breadcrumb\"},\"inLanguage\":\"el\",\"potentialAction\":[{\"@type\":\"ReadAction\",\"target\":[\"https:\/\/www.fleximat.es\/producto\/tuerca-hexagonal-metrica-pa6-f-v-negro\/\"]}]},{\"@type\":\"BreadcrumbList\",\"@id\":\"https:\/\/www.fleximat.es\/producto\/tuerca-hexagonal-metrica-pa6-f-v-negro\/#breadcrumb\",\"itemListElement\":[{\"@type\":\"ListItem\",\"position\":1,\"name\":\"Portada\",\"item\":\"https:\/\/www.fleximat.es\/\"},{\"@type\":\"ListItem\",\"position\":2,\"name\":\"Productos\",\"item\":\"https:\/\/www.fleximat.es\/en\/productos\/\"},{\"@type\":\"ListItem\",\"position\":3,\"name\":\"Tuerca Poliamida M\u00e9trica PA6 Negro\"}]},{\"@type\":\"WebSite\",\"@id\":\"https:\/\/www.fleximat.es\/bn\/#website\",\"url\":\"https:\/\/www.fleximat.es\/bn\/\",\"name\":\"Fleximat\",\"description\":\"Tu soluci\u00f3n en prensaestopas y tubos flexibles\",\"publisher\":{\"@id\":\"https:\/\/www.fleximat.es\/bn\/#organization\"},\"potentialAction\":[{\"@type\":\"SearchAction\",\"target\":{\"@type\":\"EntryPoint\",\"urlTemplate\":\"https:\/\/www.fleximat.es\/bn\/?s={search_term_string}\"},\"query-input\":\"required name=search_term_string\"}],\"inLanguage\":\"el\"},{\"@type\":\"Organization\",\"@id\":\"https:\/\/www.fleximat.es\/bn\/#organization\",\"name\":\"Fleximat\",\"url\":\"https:\/\/www.fleximat.es\/bn\/\",\"logo\":{\"@type\":\"ImageObject\",\"inLanguage\":\"el\",\"@id\":\"https:\/\/www.fleximat.es\/bn\/#\/schema\/logo\/image\/\",\"url\":\"https:\/\/www.fleximat.es\/wp-content\/uploads\/2023\/11\/fleximat-logo-1.png\",\"contentUrl\":\"https:\/\/www.fleximat.es\/wp-content\/uploads\/2023\/11\/fleximat-logo-1.png\",\"width\":1169,\"height\":289,\"caption\":\"Fleximat\"},\"image\":{\"@id\":\"https:\/\/www.fleximat.es\/bn\/#\/schema\/logo\/image\/\"}}]}<\/script>\n<!-- \/ Yoast SEO plugin. -->","yoast_head_json":{"title":"Tuerca Poliamida M\u00e9trica PA6 Negro - Fleximat","robots":{"index":"index","follow":"follow","max-snippet":"max-snippet:-1","max-image-preview":"max-image-preview:large","max-video-preview":"max-video-preview:-1"},"canonical":"https:\/\/www.fleximat.es\/el\/product\/tuerca-hexagonal-metrica-pa6-f-v-negro\/","og_locale":"el_GR","og_type":"article","og_title":"Tuerca Poliamida M\u00e9trica PA6 Negro - Fleximat","og_description":"Caracter\u00edsticas    Tipo de Rosca M\u00e9trica EN 60423   Temperatura de trabajo continua -20 \u00baC +100 \u00baC","og_url":"https:\/\/www.fleximat.es\/el\/product\/tuerca-hexagonal-metrica-pa6-f-v-negro\/","og_site_name":"Fleximat","article_modified_time":"2023-12-01T11:00:56+00:00","og_image":[{"width":700,"height":700,"url":"https:\/\/www.fleximat.es\/wp-content\/uploads\/2023\/10\/tuerca-hexagonal-con-base-redonda-pa6-700x529-1-negro-1.png","type":"image\/png"}],"twitter_card":"summary_large_image","twitter_misc":{"\u0395\u03ba\u03c4\u03b9\u03bc\u03ce\u03bc\u03b5\u03bd\u03bf\u03c2 \u03c7\u03c1\u03cc\u03bd\u03bf\u03c2 \u03b1\u03bd\u03ac\u03b3\u03bd\u03c9\u03c3\u03b7\u03c2":"1 \u03bb\u03b5\u03c0\u03c4\u03cc"},"schema":{"@context":"https:\/\/schema.org","@graph":[{"@type":"WebPage","@id":"https:\/\/www.fleximat.es\/producto\/tuerca-hexagonal-metrica-pa6-f-v-negro\/","url":"https:\/\/www.fleximat.es\/producto\/tuerca-hexagonal-metrica-pa6-f-v-negro\/","name":"Tuerca Poliamida M\u00e9trica PA6 Negro - Fleximat","isPartOf":{"@id":"https:\/\/www.fleximat.es\/bn\/#website"},"datePublished":"2023-10-18T15:53:13+00:00","dateModified":"2023-12-01T11:00:56+00:00","breadcrumb":{"@id":"https:\/\/www.fleximat.es\/producto\/tuerca-hexagonal-metrica-pa6-f-v-negro\/#breadcrumb"},"inLanguage":"el","potentialAction":[{"@type":"ReadAction","target":["https:\/\/www.fleximat.es\/producto\/tuerca-hexagonal-metrica-pa6-f-v-negro\/"]}]},{"@type":"BreadcrumbList","@id":"https:\/\/www.fleximat.es\/producto\/tuerca-hexagonal-metrica-pa6-f-v-negro\/#breadcrumb","itemListElement":[{"@type":"ListItem","position":1,"name":"Portada","item":"https:\/\/www.fleximat.es\/"},{"@type":"ListItem","position":2,"name":"Productos","item":"https:\/\/www.fleximat.es\/en\/productos\/"},{"@type":"ListItem","position":3,"name":"Tuerca Poliamida M\u00e9trica PA6 Negro"}]},{"@type":"WebSite","@id":"https:\/\/www.fleximat.es\/bn\/#website","url":"https:\/\/www.fleximat.es\/bn\/","name":"Fleximat","description":"Tu soluci\u00f3n en prensaestopas y tubos flexibles","publisher":{"@id":"https:\/\/www.fleximat.es\/bn\/#organization"},"potentialAction":[{"@type":"SearchAction","target":{"@type":"EntryPoint","urlTemplate":"https:\/\/www.fleximat.es\/bn\/?s={search_term_string}"},"query-input":"required name=search_term_string"}],"inLanguage":"el"},{"@type":"Organization","@id":"https:\/\/www.fleximat.es\/bn\/#organization","name":"Fleximat","url":"https:\/\/www.fleximat.es\/bn\/","logo":{"@type":"ImageObject","inLanguage":"el","@id":"https:\/\/www.fleximat.es\/bn\/#\/schema\/logo\/image\/","url":"https:\/\/www.fleximat.es\/wp-content\/uploads\/2023\/11\/fleximat-logo-1.png","contentUrl":"https:\/\/www.fleximat.es\/wp-content\/uploads\/2023\/11\/fleximat-logo-1.png","width":1169,"height":289,"caption":"Fleximat"},"image":{"@id":"https:\/\/www.fleximat.es\/bn\/#\/schema\/logo\/image\/"}}]}},"taxonomy_info":{"product_cat":[{"value":29,"label":"Prensaestopas y accesorios pl\u00e1sticos de Poliamida"},{"value":61,"label":"Tuercas de poliamida"}]},"featured_image_src_large":["https:\/\/www.fleximat.es\/wp-content\/uploads\/2023\/10\/tuerca-hexagonal-con-base-redonda-pa6-700x529-1-negro-1.png",700,700,false],"author_info":[],"comment_info":"","_links":{"self":[{"href":"https:\/\/www.fleximat.es\/el\/wp-json\/wp\/v2\/product\/1605"}],"collection":[{"href":"https:\/\/www.fleximat.es\/el\/wp-json\/wp\/v2\/product"}],"about":[{"href":"https:\/\/www.fleximat.es\/el\/wp-json\/wp\/v2\/types\/product"}],"wp:featuredmedia":[{"embeddable":true,"href":"https:\/\/www.fleximat.es\/el\/wp-json\/wp\/v2\/media\/3061"}],"wp:attachment":[{"href":"https:\/\/www.fleximat.es\/el\/wp-json\/wp\/v2\/media?parent=1605"}],"wp:term":[{"taxonomy":"product_cat","embeddable":true,"href":"https:\/\/www.fleximat.es\/el\/wp-json\/wp\/v2\/product_cat?post=1605"},{"taxonomy":"product_tag","embeddable":true,"href":"https:\/\/www.fleximat.es\/el\/wp-json\/wp\/v2\/product_tag?post=1605"}],"curies":[{"name":"wp","href":"https:\/\/api.w.org\/{rel}","templated":true}]}}