{"id":1745,"date":"2023-10-18T17:54:26","date_gmt":"2023-10-18T15:54:26","guid":{"rendered":"https:\/\/www.fleximat.es\/?post_type=product&#038;p=1745"},"modified":"2023-11-27T10:51:32","modified_gmt":"2023-11-27T09:51:32","slug":"puntera-aislada-en-cartucho","status":"publish","type":"product","link":"https:\/\/www.fleximat.es\/el\/product\/puntera-aislada-en-cartucho\/","title":{"rendered":"\u0391\u03c0\u03bf\u03bc\u03bf\u03bd\u03c9\u03bc\u03ad\u03bd\u03bf \u03b4\u03ac\u03ba\u03c4\u03c5\u03bb\u03bf \u03c6\u03c5\u03c3\u03b9\u03b3\u03b3\u03af\u03c9\u03bd"},"content":{"rendered":"<h4>\u0399\u03b4\u03b9\u03cc\u03c4\u03b7\u03c4\u03b5\u03c2<\/h4>\n<p>\u0393\u03b9\u03b1 \u03c0\u03bf\u03bb\u03bb\u03ac \u03ba\u03b1\u03bb\u03ce\u03b4\u03b9\u03b1 \u03ae \u03b5\u03c0\u03af\u03c0\u03b5\u03b4\u03b1 \u03ba\u03b1\u03bb\u03ce\u03b4\u03b9\u03b1<br \/>\n\u0391\u03bd\u03c4\u03b9\u03ba\u03c1\u03b1\u03b4\u03b1\u03c3\u03bc\u03b9\u03ba\u03ae \u03c0\u03c1\u03bf\u03c3\u03c4\u03b1\u03c3\u03af\u03b1 \u0395\u03cd\u03ba\u03bf\u03bb\u03b7 \u03c3\u03c5\u03bd\u03b1\u03c1\u03bc\u03bf\u03bb\u03cc\u03b3\u03b7\u03c3\u03b7<br \/>\n\u0391\u03bd\u03c4\u03af\u03c3\u03c4\u03b1\u03c3\u03b7 \u03c7\u03c9\u03c1\u03af\u03c2 \u03c5\u03c0\u03b5\u03c1\u03b9\u03ce\u03b4\u03b7 \u03b1\u03ba\u03c4\u03b9\u03bd\u03bf\u03b2\u03bf\u03bb\u03af\u03b1 \u03b1\u03bb\u03bf\u03b3\u03cc\u03bd\u03bf\u03c5<\/p>\n<h3>\u03a0\u03b5\u03c1\u03b9\u03b3\u03c1\u03b1\u03c6\u03ae \u03c0\u03c1\u03bf\u03ca\u03cc\u03bd\u03c4\u03bf\u03c2<\/h3>\n<p>\u039f \u03c3\u03c4\u03c5\u03c0\u03b9\u03bf\u03b8\u03bb\u03af\u03c0\u03c4\u03b7\u03c2 \u03ba\u03b1\u03bb\u03c9\u03b4\u03af\u03bf\u03c5 \u03c0\u03bf\u03bb\u03bb\u03b1\u03c0\u03bb\u03ce\u03bd \u03ba\u03b1\u03bb\u03c9\u03b4\u03af\u03c9\u03bd \u03b5\u03af\u03bd\u03b1\u03b9 \u03bc\u03b9\u03b1 \u03c0\u03b1\u03c1\u03b1\u03bb\u03bb\u03b1\u03b3\u03ae \u03c4\u03bf\u03c5 \u03ba\u03bf\u03b9\u03bd\u03bf\u03cd \u03c3\u03c4\u03c5\u03c0\u03b9\u03bf\u03b8\u03bb\u03af\u03c0\u03c4\u03b7 \u03ba\u03b1\u03bb\u03c9\u03b4\u03af\u03bf\u03c5 \u03c0\u03bf\u03c5 \u03b5\u03bd\u03c3\u03c9\u03bc\u03b1\u03c4\u03ce\u03bd\u03b5\u03b9 \u03ad\u03bd\u03b1\u03bd \u03b5\u03c3\u03c9\u03c4\u03b5\u03c1\u03b9\u03ba\u03cc \u03c3\u03cd\u03bd\u03b4\u03b5\u03c3\u03bc\u03bf \u03bc\u03b5 \u03bf\u03c0\u03ad\u03c2 \u03b3\u03b9\u03b1 \u03c4\u03b7 \u03b4\u03b9\u03ad\u03bb\u03b5\u03c5\u03c3\u03b7 \u03b5\u03bd\u03cc\u03c2 \u03c3\u03c5\u03b3\u03ba\u03b5\u03ba\u03c1\u03b9\u03bc\u03ad\u03bd\u03bf\u03c5 \u03b1\u03c1\u03b9\u03b8\u03bc\u03bf\u03cd \u03b7\u03bb\u03b5\u03ba\u03c4\u03c1\u03b9\u03ba\u03ce\u03bd \u03ba\u03b1\u03bb\u03c9\u03b4\u03af\u03c9\u03bd.<\/p>\n<p>\u039f \u03c3\u03c4\u03c5\u03c0\u03b9\u03bf\u03b8\u03bb\u03af\u03c0\u03c4\u03b7\u03c2 \u03c0\u03bf\u03bb\u03bb\u03b1\u03c0\u03bb\u03ce\u03bd \u03ba\u03b1\u03bb\u03c9\u03b4\u03af\u03c9\u03bd \u03ae \u03bf \u03b4\u03b1\u03ba\u03c4\u03cd\u03bb\u03b9\u03bf\u03c2 \u03c4\u03bf\u03af\u03c7\u03bf\u03c5 \u03c7\u03c1\u03b7\u03c3\u03b9\u03bc\u03bf\u03c0\u03bf\u03b9\u03b5\u03af\u03c4\u03b1\u03b9 \u03b3\u03b9\u03b1 \u03c4\u03b7\u03bd \u03c0\u03c1\u03bf\u03c3\u03c4\u03b1\u03c3\u03af\u03b1 \u03c4\u03b7\u03c2 \u03c3\u03cd\u03bd\u03b4\u03b5\u03c3\u03b7\u03c2 \u03ba\u03b1\u03bb\u03c9\u03b4\u03af\u03c9\u03c3\u03b7\u03c2 \u039f \u03c3\u03c7\u03b5\u03b4\u03b9\u03b1\u03c3\u03bc\u03cc\u03c2 \u03ba\u03b1\u03b9 \u03c4\u03b1 \u03bc\u03b7\u03c7\u03b1\u03bd\u03b9\u03ba\u03ac \u03c4\u03bf\u03c5 \u03c3\u03c4\u03bf\u03b9\u03c7\u03b5\u03af\u03b1 \u03c3\u03c5\u03bc\u03c0\u03b9\u03ad\u03b6\u03bf\u03c5\u03bd \u03bc\u03b9\u03b1 \u03b5\u03c3\u03c9\u03c4\u03b5\u03c1\u03b9\u03ba\u03ae \u03b5\u03bb\u03b1\u03c3\u03c4\u03bf\u03bc\u03b5\u03c1\u03ae \u03c6\u03bb\u03ac\u03bd\u03c4\u03b6\u03b1 \u03bc\u03ad\u03c3\u03b1 \u03c3\u03b5 \u03ad\u03bd\u03b1 \u03c0\u03b5\u03c1\u03af\u03b2\u03bb\u03b7\u03bc\u03b1. \u039c\u03b5 \u03c4\u03b7 \u03c3\u03b5\u03b9\u03c1\u03ac \u03c4\u03bf\u03c5, \u03bf \u03b5\u03c3\u03c9\u03c4\u03b5\u03c1\u03b9\u03ba\u03cc\u03c2 \u03c3\u03cd\u03bd\u03b4\u03b5\u03c3\u03bc\u03bf\u03c2 \u03ba\u03b1\u03c4\u03b1\u03bd\u03ad\u03bc\u03b5\u03b9 \u03c4\u03b1 \u03ba\u03b1\u03bb\u03ce\u03b4\u03b9\u03b1 \u03c3\u03cd\u03bc\u03c6\u03c9\u03bd\u03b1 \u03bc\u03b5 \u03c4\u03b9\u03c2 \u03c0\u03c1\u03bf\u03b4\u03b9\u03b1\u03b3\u03c1\u03b1\u03c6\u03ad\u03c2 \u03c4\u03bf\u03c5 \u03ad\u03c1\u03b3\u03bf\u03c5.<\/p>\n<p>\u039f\u03b9 \u03c3\u03c4\u03c5\u03c0\u03b9\u03bf\u03b8\u03bb\u03af\u03c0\u03c4\u03b5\u03c2 \u03ba\u03b1\u03bb\u03c9\u03b4\u03af\u03c9\u03bd \u03b3\u03b9\u03b1 \u03b4\u03b9\u03ac\u03c6\u03bf\u03c1\u03b1 \u03ba\u03b1\u03bb\u03ce\u03b4\u03b9\u03b1 \u03c0\u03c1\u03bf\u03c3\u03c6\u03ad\u03c1\u03bf\u03c5\u03bd \u03bc\u03b5\u03b3\u03ac\u03bb\u03b7 \u03c0\u03bf\u03b9\u03ba\u03b9\u03bb\u03af\u03b1 \u03b9\u03b4\u03b9\u03bf\u03c4\u03ae\u03c4\u03c9\u03bd, \u03bc\u03b7\u03c7\u03b1\u03bd\u03b9\u03ba\u03ce\u03bd, \u03c7\u03b7\u03bc\u03b9\u03ba\u03ce\u03bd \u03ae \u03b5\u03c0\u03b9\u03b4\u03cc\u03c3\u03b5\u03c9\u03bd, \u03ba\u03b1\u03b9 \u03b4\u03b9\u03b1\u03c4\u03af\u03b8\u03b5\u03bd\u03c4\u03b1\u03b9 \u03c4\u03cc\u03c3\u03bf \u03c3\u03b5 \u03c0\u03bb\u03b1\u03c3\u03c4\u03b9\u03ba\u03ac \u03c5\u03bb\u03b9\u03ba\u03ac \u03cc\u03c3\u03bf \u03ba\u03b1\u03b9 \u03c3\u03b5 \u03bc\u03b5\u03c4\u03b1\u03bb\u03bb\u03b9\u03ba\u03ae \u03ad\u03ba\u03b4\u03bf\u03c3\u03b7.<\/p>\n<p>\u039f\u03b9 \u03c3\u03c4\u03c5\u03c0\u03b9\u03bf\u03b8\u03bb\u03af\u03c0\u03c4\u03b5\u03c2 \u03c0\u03bf\u03bb\u03bb\u03b1\u03c0\u03bb\u03ce\u03bd \u03ba\u03b1\u03bb\u03c9\u03b4\u03af\u03c9\u03bd \u03c5\u03c0\u03ac\u03c1\u03c7\u03bf\u03c5\u03bd \u03c3\u03b5 \u03ad\u03bd\u03b1 \u03c0\u03bf\u03bb\u03cd \u03bc\u03b5\u03b3\u03ac\u03bb\u03bf \u03b5\u03cd\u03c1\u03bf\u03c2 \u03b1\u03c1\u03b9\u03b8\u03bc\u03bf\u03cd \u03ba\u03b1\u03bb\u03c9\u03b4\u03af\u03c9\u03bd \u03ba\u03b1\u03b9 \u03b4\u03b9\u03b1\u03bc\u03ad\u03c4\u03c1\u03bf\u03c5 \u03c0\u03bf\u03c5 \u03b1\u03c0\u03b1\u03b9\u03c4\u03bf\u03cd\u03bd\u03c4\u03b1\u03b9 \u03b3\u03b9\u03b1 \u03c4\u03b9\u03c2 \u03bf\u03c0\u03ad\u03c2 \u03c3\u03c4\u03bf\u03bd \u03c3\u03cd\u03bd\u03b4\u03b5\u03c3\u03bc\u03bf \u03c4\u03bf\u03c5\u03c2.<\/p>\n<table class=\"table table-bordered table-striped\">\n<thead>\n<tr>\n<td colspan=\"3\"><strong>\u039d\u03ae\u03bc\u03b1\u03c4\u03b1<\/strong><\/td>\n<td><strong>\u039a\u03ce\u03b4\u03b9\u03ba\u03b1\u03c2<\/strong><\/td>\n<td><strong>\u0391\u03c1\u03b9\u03b8\u03bc\u03cc\u03c2 \u03bf\u03c0\u03ce\u03bd<\/strong><\/td>\n<td><strong>\u03b5\u03ba\u03b1\u03c4\u03bf\u03c3\u03c4\u03ac<\/strong><\/td>\n<\/tr>\n<\/thead>\n<tbody>\n<tr>\n<td colspan=\"3\">PG 9<\/td>\n<td>ORB 02A3<\/td>\n<td>2<\/td>\n<td>3<\/td>\n<\/tr>\n<tr>\n<td colspan=\"3\">PG 9<\/td>\n<td>ORB 02B3<\/td>\n<td>3<\/td>\n<td>3<\/td>\n<\/tr>\n<tr>\n<td colspan=\"3\">PG 9<\/td>\n<td>ORB 02C3<\/td>\n<td>4<\/td>\n<td>3<\/td>\n<\/tr>\n<tr>\n<td colspan=\"3\">PG 11<\/td>\n<td>ORB 03A4<\/td>\n<td>2<\/td>\n<td>4<\/td>\n<\/tr>\n<tr>\n<td colspan=\"3\">PG 11<\/td>\n<td>ORB 03A5<\/td>\n<td>2<\/td>\n<td>5<\/td>\n<\/tr>\n<tr>\n<td colspan=\"3\">PG 11<\/td>\n<td>ORB 03B4<\/td>\n<td>3<\/td>\n<td>4<\/td>\n<\/tr>\n<tr>\n<td colspan=\"3\">PG 11<\/td>\n<td>ORB 03B5<\/td>\n<td>3<\/td>\n<td>5<\/td>\n<\/tr>\n<tr>\n<td colspan=\"3\">\u0393\u03a0 13,5<\/td>\n<td>ORB 04A5<\/td>\n<td>2<\/td>\n<td>5<\/td>\n<\/tr>\n<tr>\n<td colspan=\"3\">\u0393\u03a0 13,5<\/td>\n<td>ORB 04A6<\/td>\n<td>2<\/td>\n<td>6<\/td>\n<\/tr>\n<tr>\n<td colspan=\"3\">\u0393\u03a0 13,5<\/td>\n<td>ORB 04B4<\/td>\n<td>3<\/td>\n<td>4<\/td>\n<\/tr>\n<tr>\n<td colspan=\"3\">\u0393\u03a0 13,5<\/td>\n<td>ORB 04B5<\/td>\n<td>3<\/td>\n<td>5<\/td>\n<\/tr>\n<tr>\n<td colspan=\"3\">PG 16<\/td>\n<td>ORB 05A4<\/td>\n<td>2<\/td>\n<td>4<\/td>\n<\/tr>\n<tr>\n<td colspan=\"3\">PG 16<\/td>\n<td>ORB 05A7<\/td>\n<td>2<\/td>\n<td>7<\/td>\n<\/tr>\n<tr>\n<td colspan=\"3\">PG 16<\/td>\n<td>ORB 05B4<\/td>\n<td>3<\/td>\n<td>4<\/td>\n<\/tr>\n<tr>\n<td colspan=\"3\">PG 16<\/td>\n<td>ORB 05B6<\/td>\n<td>3<\/td>\n<td>6<\/td>\n<\/tr>\n<tr>\n<td colspan=\"3\">PG 16<\/td>\n<td>ORB 05C5<\/td>\n<td>4<\/td>\n<td>5<\/td>\n<\/tr>\n<tr>\n<td colspan=\"3\">PG 21<\/td>\n<td>ORB 06A8<\/td>\n<td>2<\/td>\n<td>8<\/td>\n<\/tr>\n<tr>\n<td colspan=\"3\">PG 21<\/td>\n<td>ORB 06A9<\/td>\n<td>2<\/td>\n<td>9<\/td>\n<\/tr>\n<tr>\n<td colspan=\"3\">PG 21<\/td>\n<td>ORB 06B5<\/td>\n<td>5<\/td>\n<td>6<\/td>\n<\/tr>\n<tr>\n<td colspan=\"3\">PG 21<\/td>\n<td>ORB 06B7<\/td>\n<td>3<\/td>\n<td>7<\/td>\n<\/tr>\n<tr>\n<td colspan=\"3\">PG 21<\/td>\n<td>ORB 06B8<\/td>\n<td>3<\/td>\n<td>8<\/td>\n<\/tr>\n<tr>\n<td colspan=\"3\">PG 21<\/td>\n<td>ORB 06C7<\/td>\n<td>4<\/td>\n<td>7<\/td>\n<\/tr>\n<tr>\n<td colspan=\"3\">PG 21<\/td>\n<td>ORB 06G3<\/td>\n<td>8<\/td>\n<td>3<\/td>\n<\/tr>\n<tr>\n<td colspan=\"3\">PG 21<\/td>\n<td>ORB 06G4<\/td>\n<td>8<\/td>\n<td>4<\/td>\n<\/tr>\n<tr>\n<td colspan=\"3\">PG 29<\/td>\n<td>ORB 07C9<\/td>\n<td>4<\/td>\n<td>9<\/td>\n<\/tr>\n<tr>\n<td colspan=\"3\">PG 29<\/td>\n<td>ORB 0703<\/td>\n<td>16<\/td>\n<td>3<\/td>\n<\/tr>\n<tr>\n<td colspan=\"3\">PG 36<\/td>\n<td>ORB 08E8<\/td>\n<td>6<\/td>\n<td>8<\/td>\n<\/tr>\n<tr>\n<td colspan=\"3\">\u0395\u03a0\u0399\u03a0\u0395\u0394\u0397 \u0395\u039a\u0394\u039f\u03a3\u0397 \u039a\u0391\u039b\u03a9\u0394\u0399\u039f\u03a5<\/td>\n<td>\u039c\u0391\u03a5\u03a1\u039f\u03a3 \u039a\u03a9\u0394<\/td>\n<td><\/td>\n<td><\/td>\n<\/tr>\n<tr>\n<td colspan=\"3\">PG 16<\/td>\n<td>YRB 05<\/td>\n<td>7<\/td>\n<td>13<\/td>\n<\/tr>\n<tr>\n<td colspan=\"3\">PG 21<\/td>\n<td>YRB 06<\/td>\n<td>7<\/td>\n<td>15<\/td>\n<\/tr>\n<tr>\n<td colspan=\"3\">PG 29<\/td>\n<td>YRB 07<\/td>\n<td>8<\/td>\n<td>22<\/td>\n<\/tr>\n<tr>\n<td colspan=\"3\">PG 36<\/td>\n<td>YRB 08<\/td>\n<td>10<\/td>\n<td>28<\/td>\n<\/tr>\n<tr>\n<td colspan=\"3\">PG 42<\/td>\n<td>YRB 09<\/td>\n<td>12<\/td>\n<td>33<\/td>\n<\/tr>\n<tr>\n<td colspan=\"3\">PG 48<\/td>\n<td>YRB 10<\/td>\n<td>14<\/td>\n<td>45<\/td>\n<\/tr>\n<\/tbody>\n<\/table>","protected":false},"excerpt":{"rendered":"<h3>\u03a7\u03b1\u03c1\u03b1\u03ba\u03c4\u03b7\u03c1\u03b9\u03c3\u03c4\u03b9\u03ba\u03ac<\/h3>\n<table>\n<tbody>\n<tr>\n<td><strong>\u0393\u03c5\u03bd\u03b1\u03b9\u03ba\u03b5\u03af\u03bf \u03ba\u03b1\u03c0\u03b5\u03bb\u03bb\u03ac\u03ba\u03b9<\/strong><\/td>\n<td>\u03a0\u03bf\u03bb\u03c5\u03b1\u03bc\u03af\u03b4\u03b9\u03bf PA6 V2<\/td>\n<\/tr>\n<tr>\n<td><strong>\u03a3\u03c4\u03b5\u03b3\u03b1\u03bd\u03bf\u03c0\u03bf\u03b9\u03b7\u03c4\u03b9\u03ba\u03cc \u03c0\u03b1\u03c1\u03ad\u03bc\u03b2\u03c5\u03c3\u03bc\u03b1<\/strong><\/td>\n<td>\u0395\u03b9\u03b4\u03b9\u03ba\u03ae \u03c6\u03bb\u03ac\u03bd\u03c4\u03b6\u03b1 TPV \u03b3\u03b9\u03b1 \u03c0\u03bf\u03bb\u03bb\u03b1\u03c0\u03bb\u03ac \u03ba\u03b1\u03bb\u03ce\u03b4\u03b9\u03b1 \u03ba\u03b1\u03b9 \u03b5\u03c0\u03af\u03c0\u03b5\u03b4\u03b1 \u03ba\u03b1\u03bb\u03ce\u03b4\u03b9\u03b1<\/td>\n<\/tr>\n<tr>\n<td><strong>\u03a3\u03ce\u03bc\u03b1<\/strong><\/td>\n<td>\u03a0\u03bf\u03bb\u03c5\u03b1\u03bc\u03af\u03b4\u03b9\u03bf PA6 V2<\/td>\n<\/tr>\n<tr>\n<td><strong>O-ring<\/strong><\/td>\n<td>NBR (\u03c0\u03c1\u03bf\u03b1\u03b9\u03c1\u03b5\u03c4\u03b9\u03ba\u03cc)<\/td>\n<\/tr>\n<tr>\n<td><strong>\u03a4\u03cd\u03c0\u03bf\u03c2 \u03bd\u03ae\u03bc\u03b1\u03c4\u03bf\u03c2<\/strong><\/td>\n<td>PG (DIN 40430)<\/td>\n<\/tr>\n<tr>\n<td><strong>\u03a3\u03c6\u03b9\u03ba\u03c4\u03cc\u03c4\u03b7\u03c4\u03b1<\/strong><\/td>\n<td>IP68<\/td>\n<\/tr>\n<tr>\n<td><strong>\u03a3\u03c5\u03bd\u03b5\u03c7\u03ae\u03c2 \u03b8\u03b5\u03c1\u03bc\u03bf\u03ba\u03c1\u03b1\u03c3\u03af\u03b1 \u03b5\u03c1\u03b3\u03b1\u03c3\u03af\u03b1\u03c2<\/strong><\/td>\n<td>-30 \u00baC +80 \u00baC +150 \u00baC (\u03c0\u03c1\u03bf\u03c3\u03c9\u03c1\u03b9\u03bd\u03cc)<\/td>\n<\/tr>\n<\/tbody>\n<\/table>","protected":false},"featured_media":2984,"template":"","meta":{"_kad_blocks_custom_css":"","_kad_blocks_head_custom_js":"","_kad_blocks_body_custom_js":"","_kad_blocks_footer_custom_js":"","_kadence_starter_templates_imported_post":false,"_kad_post_transparent":"default","_kad_post_title":"","_kad_post_layout":"default","_kad_post_sidebar_id":"","_kad_post_content_style":"default","_kad_post_vertical_padding":"default","_kad_post_feature":"","_kad_post_feature_position":"","_kad_post_header":false,"_kad_post_footer":false},"product_cat":[75,76],"product_tag":[],"class_list":{"0":"post-1745","1":"product","2":"type-product","3":"status-publish","4":"has-post-thumbnail","6":"product_cat-punteras-de-conexion","7":"product_cat-punteras","9":"first","10":"instock","11":"shipping-taxable","12":"product-type-simple","13":"entry","14":"content-bg","15":"loop-entry"},"yoast_head":"<!-- This site is optimized with the Yoast SEO plugin v21.7 - https:\/\/yoast.com\/wordpress\/plugins\/seo\/ -->\n<title>Puntera Aislada en Cartucho - Fleximat<\/title>\n<meta name=\"robots\" content=\"index, follow, max-snippet:-1, max-image-preview:large, max-video-preview:-1\" \/>\n<link rel=\"canonical\" href=\"https:\/\/www.fleximat.es\/el\/product\/puntera-aislada-en-cartucho\/\" \/>\n<meta property=\"og:locale\" content=\"el_GR\" \/>\n<meta property=\"og:type\" content=\"article\" \/>\n<meta property=\"og:title\" content=\"Puntera Aislada en Cartucho - Fleximat\" \/>\n<meta property=\"og:description\" content=\"Caracter\u00edsticas    Sombrerete Poliamida PA6 V2   Junta de sellado Junta TPV especial para m\u00faltiples cables y cables planos   Cuerpo Poliamida PA6 V2   Junta t\u00f3rica NBR (opcional)   Tipo de Rosca PG (DIN 40430)   Estanqueidad IP68   Temperatura de trabajo continua -30 \u00baC +80 \u00baC +150 \u00baC (temporal)\" \/>\n<meta property=\"og:url\" content=\"https:\/\/www.fleximat.es\/el\/product\/puntera-aislada-en-cartucho\/\" \/>\n<meta property=\"og:site_name\" content=\"Fleximat\" \/>\n<meta property=\"article:modified_time\" content=\"2023-11-27T09:51:32+00:00\" \/>\n<meta property=\"og:image\" content=\"https:\/\/www.fleximat.es\/wp-content\/uploads\/2023\/10\/puntera-aislada-en-cartucho-1.png\" \/>\n\t<meta property=\"og:image:width\" content=\"525\" \/>\n\t<meta property=\"og:image:height\" content=\"525\" \/>\n\t<meta property=\"og:image:type\" content=\"image\/png\" \/>\n<meta name=\"twitter:card\" content=\"summary_large_image\" \/>\n<meta name=\"twitter:label1\" content=\"\u0395\u03ba\u03c4\u03b9\u03bc\u03ce\u03bc\u03b5\u03bd\u03bf\u03c2 \u03c7\u03c1\u03cc\u03bd\u03bf\u03c2 \u03b1\u03bd\u03ac\u03b3\u03bd\u03c9\u03c3\u03b7\u03c2\" \/>\n\t<meta name=\"twitter:data1\" content=\"1 \u03bb\u03b5\u03c0\u03c4\u03cc\" \/>\n<script type=\"application\/ld+json\" class=\"yoast-schema-graph\">{\"@context\":\"https:\/\/schema.org\",\"@graph\":[{\"@type\":\"WebPage\",\"@id\":\"https:\/\/www.fleximat.es\/producto\/puntera-aislada-en-cartucho\/\",\"url\":\"https:\/\/www.fleximat.es\/producto\/puntera-aislada-en-cartucho\/\",\"name\":\"Puntera Aislada en Cartucho - Fleximat\",\"isPartOf\":{\"@id\":\"https:\/\/www.fleximat.es\/bn\/#website\"},\"datePublished\":\"2023-10-18T15:54:26+00:00\",\"dateModified\":\"2023-11-27T09:51:32+00:00\",\"breadcrumb\":{\"@id\":\"https:\/\/www.fleximat.es\/producto\/puntera-aislada-en-cartucho\/#breadcrumb\"},\"inLanguage\":\"el\",\"potentialAction\":[{\"@type\":\"ReadAction\",\"target\":[\"https:\/\/www.fleximat.es\/producto\/puntera-aislada-en-cartucho\/\"]}]},{\"@type\":\"BreadcrumbList\",\"@id\":\"https:\/\/www.fleximat.es\/producto\/puntera-aislada-en-cartucho\/#breadcrumb\",\"itemListElement\":[{\"@type\":\"ListItem\",\"position\":1,\"name\":\"Portada\",\"item\":\"https:\/\/www.fleximat.es\/\"},{\"@type\":\"ListItem\",\"position\":2,\"name\":\"Productos\",\"item\":\"https:\/\/www.fleximat.es\/en\/productos\/\"},{\"@type\":\"ListItem\",\"position\":3,\"name\":\"Puntera Aislada en Cartucho\"}]},{\"@type\":\"WebSite\",\"@id\":\"https:\/\/www.fleximat.es\/bn\/#website\",\"url\":\"https:\/\/www.fleximat.es\/bn\/\",\"name\":\"Fleximat\",\"description\":\"Tu soluci\u00f3n en prensaestopas y tubos flexibles\",\"publisher\":{\"@id\":\"https:\/\/www.fleximat.es\/bn\/#organization\"},\"potentialAction\":[{\"@type\":\"SearchAction\",\"target\":{\"@type\":\"EntryPoint\",\"urlTemplate\":\"https:\/\/www.fleximat.es\/bn\/?s={search_term_string}\"},\"query-input\":\"required name=search_term_string\"}],\"inLanguage\":\"el\"},{\"@type\":\"Organization\",\"@id\":\"https:\/\/www.fleximat.es\/bn\/#organization\",\"name\":\"Fleximat\",\"url\":\"https:\/\/www.fleximat.es\/bn\/\",\"logo\":{\"@type\":\"ImageObject\",\"inLanguage\":\"el\",\"@id\":\"https:\/\/www.fleximat.es\/bn\/#\/schema\/logo\/image\/\",\"url\":\"https:\/\/www.fleximat.es\/wp-content\/uploads\/2023\/11\/fleximat-logo-1.png\",\"contentUrl\":\"https:\/\/www.fleximat.es\/wp-content\/uploads\/2023\/11\/fleximat-logo-1.png\",\"width\":1169,\"height\":289,\"caption\":\"Fleximat\"},\"image\":{\"@id\":\"https:\/\/www.fleximat.es\/bn\/#\/schema\/logo\/image\/\"}}]}<\/script>\n<!-- \/ Yoast SEO plugin. -->","yoast_head_json":{"title":"Puntera Aislada en Cartucho - Fleximat","robots":{"index":"index","follow":"follow","max-snippet":"max-snippet:-1","max-image-preview":"max-image-preview:large","max-video-preview":"max-video-preview:-1"},"canonical":"https:\/\/www.fleximat.es\/el\/product\/puntera-aislada-en-cartucho\/","og_locale":"el_GR","og_type":"article","og_title":"Puntera Aislada en Cartucho - Fleximat","og_description":"Caracter\u00edsticas    Sombrerete Poliamida PA6 V2   Junta de sellado Junta TPV especial para m\u00faltiples cables y cables planos   Cuerpo Poliamida PA6 V2   Junta t\u00f3rica NBR (opcional)   Tipo de Rosca PG (DIN 40430)   Estanqueidad IP68   Temperatura de trabajo continua -30 \u00baC +80 \u00baC +150 \u00baC (temporal)","og_url":"https:\/\/www.fleximat.es\/el\/product\/puntera-aislada-en-cartucho\/","og_site_name":"Fleximat","article_modified_time":"2023-11-27T09:51:32+00:00","og_image":[{"width":525,"height":525,"url":"https:\/\/www.fleximat.es\/wp-content\/uploads\/2023\/10\/puntera-aislada-en-cartucho-1.png","type":"image\/png"}],"twitter_card":"summary_large_image","twitter_misc":{"\u0395\u03ba\u03c4\u03b9\u03bc\u03ce\u03bc\u03b5\u03bd\u03bf\u03c2 \u03c7\u03c1\u03cc\u03bd\u03bf\u03c2 \u03b1\u03bd\u03ac\u03b3\u03bd\u03c9\u03c3\u03b7\u03c2":"1 \u03bb\u03b5\u03c0\u03c4\u03cc"},"schema":{"@context":"https:\/\/schema.org","@graph":[{"@type":"WebPage","@id":"https:\/\/www.fleximat.es\/producto\/puntera-aislada-en-cartucho\/","url":"https:\/\/www.fleximat.es\/producto\/puntera-aislada-en-cartucho\/","name":"Puntera Aislada en Cartucho - Fleximat","isPartOf":{"@id":"https:\/\/www.fleximat.es\/bn\/#website"},"datePublished":"2023-10-18T15:54:26+00:00","dateModified":"2023-11-27T09:51:32+00:00","breadcrumb":{"@id":"https:\/\/www.fleximat.es\/producto\/puntera-aislada-en-cartucho\/#breadcrumb"},"inLanguage":"el","potentialAction":[{"@type":"ReadAction","target":["https:\/\/www.fleximat.es\/producto\/puntera-aislada-en-cartucho\/"]}]},{"@type":"BreadcrumbList","@id":"https:\/\/www.fleximat.es\/producto\/puntera-aislada-en-cartucho\/#breadcrumb","itemListElement":[{"@type":"ListItem","position":1,"name":"Portada","item":"https:\/\/www.fleximat.es\/"},{"@type":"ListItem","position":2,"name":"Productos","item":"https:\/\/www.fleximat.es\/en\/productos\/"},{"@type":"ListItem","position":3,"name":"Puntera Aislada en Cartucho"}]},{"@type":"WebSite","@id":"https:\/\/www.fleximat.es\/bn\/#website","url":"https:\/\/www.fleximat.es\/bn\/","name":"Fleximat","description":"Tu soluci\u00f3n en prensaestopas y tubos flexibles","publisher":{"@id":"https:\/\/www.fleximat.es\/bn\/#organization"},"potentialAction":[{"@type":"SearchAction","target":{"@type":"EntryPoint","urlTemplate":"https:\/\/www.fleximat.es\/bn\/?s={search_term_string}"},"query-input":"required name=search_term_string"}],"inLanguage":"el"},{"@type":"Organization","@id":"https:\/\/www.fleximat.es\/bn\/#organization","name":"Fleximat","url":"https:\/\/www.fleximat.es\/bn\/","logo":{"@type":"ImageObject","inLanguage":"el","@id":"https:\/\/www.fleximat.es\/bn\/#\/schema\/logo\/image\/","url":"https:\/\/www.fleximat.es\/wp-content\/uploads\/2023\/11\/fleximat-logo-1.png","contentUrl":"https:\/\/www.fleximat.es\/wp-content\/uploads\/2023\/11\/fleximat-logo-1.png","width":1169,"height":289,"caption":"Fleximat"},"image":{"@id":"https:\/\/www.fleximat.es\/bn\/#\/schema\/logo\/image\/"}}]}},"taxonomy_info":{"product_cat":[{"value":75,"label":"Punteras de conexi\u00f3n"},{"value":76,"label":"Punteras"}]},"featured_image_src_large":["https:\/\/www.fleximat.es\/wp-content\/uploads\/2023\/10\/puntera-aislada-en-cartucho-1.png",525,525,false],"author_info":[],"comment_info":"","_links":{"self":[{"href":"https:\/\/www.fleximat.es\/el\/wp-json\/wp\/v2\/product\/1745"}],"collection":[{"href":"https:\/\/www.fleximat.es\/el\/wp-json\/wp\/v2\/product"}],"about":[{"href":"https:\/\/www.fleximat.es\/el\/wp-json\/wp\/v2\/types\/product"}],"wp:featuredmedia":[{"embeddable":true,"href":"https:\/\/www.fleximat.es\/el\/wp-json\/wp\/v2\/media\/2984"}],"wp:attachment":[{"href":"https:\/\/www.fleximat.es\/el\/wp-json\/wp\/v2\/media?parent=1745"}],"wp:term":[{"taxonomy":"product_cat","embeddable":true,"href":"https:\/\/www.fleximat.es\/el\/wp-json\/wp\/v2\/product_cat?post=1745"},{"taxonomy":"product_tag","embeddable":true,"href":"https:\/\/www.fleximat.es\/el\/wp-json\/wp\/v2\/product_tag?post=1745"}],"curies":[{"name":"wp","href":"https:\/\/api.w.org\/{rel}","templated":true}]}}