{"id":1813,"date":"2023-10-18T17:54:57","date_gmt":"2023-10-18T15:54:57","guid":{"rendered":"https:\/\/www.fleximat.es\/?post_type=product&#038;p=1813"},"modified":"2023-12-04T17:28:09","modified_gmt":"2023-12-04T16:28:09","slug":"prensaestopas-para-cables-sin-armar","status":"publish","type":"product","link":"https:\/\/www.fleximat.es\/el\/product\/prensaestopas-para-cables-sin-armar\/","title":{"rendered":"\u039c\u03b7 \u03c3\u03c5\u03bd\u03b1\u03c1\u03bc\u03bf\u03bb\u03bf\u03b3\u03b7\u03bc\u03ad\u03bd\u03bf\u03b9 \u03c3\u03c4\u03c5\u03c0\u03b9\u03bf\u03b8\u03bb\u03af\u03c0\u03c4\u03b5\u03c2 \u03ba\u03b1\u03bb\u03c9\u03b4\u03af\u03c9\u03bd"},"content":{"rendered":"<h4>\u0399\u03b4\u03b9\u03cc\u03c4\u03b7\u03c4\u03b5\u03c2<\/h4>\n<p>\u03a3\u03cd\u03c3\u03c4\u03b7\u03bc\u03b1 \u03b5\u03be\u03b1\u03b5\u03c1\u03b9\u03c3\u03bc\u03bf\u03cd: \u0391\u03ba\u03c1\u03c5\u03bb\u03b9\u03ba\u03cc \u03a3\u03c5\u03bc\u03c0\u03bf\u03bb\u03c5\u03bc\u03b5\u03c1\u03ad\u03c2 \u03c3\u03b5 \u03bd\u03ac\u03b9\u03bb\u03bf\u03bd \u03c3\u03c4\u03ae\u03c1\u03b9\u03b3\u03bc\u03b1 (\u03c5\u03b4\u03c1\u03cc\u03c6\u03bf\u03b2\u03bf-\u03b5\u03bb\u03b1\u03b9\u03cc\u03c6\u03bf\u03b2\u03bf).<\/p>\n<p>\u0395\u03be\u03af\u03c3\u03c9\u03c3\u03b7 \u03c4\u03b7\u03c2 \u03b5\u03c3\u03c9\u03c4\u03b5\u03c1\u03b9\u03ba\u03ae\u03c2 \u03ba\u03b1\u03b9 \u03b5\u03be\u03c9\u03c4\u03b5\u03c1\u03b9\u03ba\u03ae\u03c2 \u03c0\u03af\u03b5\u03c3\u03b7\u03c2 \u03c4\u03bf\u03c5 \u03c3\u03c5\u03c3\u03c4\u03ae\u03bc\u03b1\u03c4\u03bf\u03c2. \u039c\u03b5\u03b3\u03ac\u03bb\u03b7 \u03c1\u03bf\u03ae \u03b5\u03be\u03b1\u03b5\u03c1\u03b9\u03c3\u03bc\u03bf\u03cd.<\/p>\n<p>\u0391\u03c0\u03bf\u03c4\u03c1\u03ad\u03c0\u03b5\u03b9 \u03c4\u03b7 \u03b4\u03b9\u03ac\u03b2\u03c1\u03c9\u03c3\u03b7 \u03ba\u03b1\u03b9 \u03c4\u03b7 \u03c3\u03c5\u03bc\u03c0\u03cd\u03ba\u03bd\u03c9\u03c3\u03b7 \u03bd\u03b5\u03c1\u03bf\u03cd \u03c3\u03c4\u03bf \u03b5\u03c3\u03c9\u03c4\u03b5\u03c1\u03b9\u03ba\u03cc \u03c4\u03b7\u03c2 \u03c3\u03c5\u03c3\u03ba\u03b5\u03c5\u03ae\u03c2 \u0394\u03b9\u03c0\u03bb\u03ae \u03bb\u03b5\u03b9\u03c4\u03bf\u03c5\u03c1\u03b3\u03af\u03b1: \u039a\u03bf\u03c5\u03c4\u03af \u03c0\u03bb\u03ae\u03c1\u03c9\u03c3\u03b7\u03c2\/\u03c3\u03c4\u03bf\u03b9\u03c7\u03b5\u03af\u03bf \u03b5\u03be\u03b1\u03b5\u03c1\u03b9\u03c3\u03bc\u03bf\u03cd. \u03a0\u03b1\u03c1\u03b1\u03c4\u03b5\u03af\u03bd\u03b5\u03b9 \u03c4\u03b7 \u03b4\u03b9\u03ac\u03c1\u03ba\u03b5\u03b9\u03b1 \u03b6\u03c9\u03ae\u03c2 \u03c4\u03bf\u03c5 \u03c0\u03c1\u03bf\u03ca\u03cc\u03bd\u03c4\u03bf\u03c2 \u03cc\u03c0\u03bf\u03c5 \u03b5\u03c6\u03b1\u03c1\u03bc\u03cc\u03b6\u03b5\u03c4\u03b1\u03b9.<\/p>\n<p>\u0391\u03bd\u03c4\u03bf\u03c7\u03ae \u03c3\u03b5: UV, Anti-pull, \u03a7\u03b7\u03bc\u03b9\u03ba\u03ac \u03c0\u03c1\u03bf\u03ca\u03cc\u03bd\u03c4\u03b1, \u0391\u03bd\u03c4\u03b9\u03ba\u03c1\u03b1\u03b4\u03b1\u03c3\u03bc\u03b9\u03ba\u03cc \u0395\u03cd\u03ba\u03bf\u03bb\u03b7 \u03c3\u03c5\u03bd\u03b1\u03c1\u03bc\u03bf\u03bb\u03cc\u03b3\u03b7\u03c3\u03b7 \u03ba\u03b1\u03b9 \u03a7\u03c9\u03c1\u03af\u03c2 \u03b1\u03bb\u03bf\u03b3\u03cc\u03bd\u03bf.<\/p>\n<p>\u0395\u03c6\u03b1\u03c1\u03bc\u03bf\u03b3\u03ad\u03c2: \u0395\u03be\u03bf\u03c0\u03bb\u03b9\u03c3\u03bc\u03cc\u03c2 \u03c6\u03c9\u03c4\u03b9\u03c3\u03bc\u03bf\u03cd, \u03b7\u03bb\u03b9\u03b1\u03ba\u03bf\u03af \u03c3\u03c5\u03bb\u03bb\u03ad\u03ba\u03c4\u03b5\u03c2, \u03b7\u03bb\u03b5\u03ba\u03c4\u03c1\u03bf\u03bd\u03b9\u03ba\u03cc\u03c2 \u03b5\u03be\u03bf\u03c0\u03bb\u03b9\u03c3\u03bc\u03cc\u03c2, \u03b1\u03c5\u03c4\u03bf\u03bc\u03b1\u03c4\u03b9\u03c3\u03bc\u03bf\u03af, \u03b1\u03c5\u03c4\u03bf\u03ba\u03b9\u03bd\u03b7\u03c4\u03bf\u03b2\u03b9\u03bf\u03bc\u03b7\u03c7\u03b1\u03bd\u03af\u03b1 \u03ba\u03b1\u03b9 \u03c3\u03b9\u03b4\u03b7\u03c1\u03bf\u03b4\u03c1\u03bf\u03bc\u03b9\u03ba\u03ae \u03b2\u03b9\u03bf\u03bc\u03b7\u03c7\u03b1\u03bd\u03af\u03b1<\/p>\n<h3>\u03a0\u03b5\u03c1\u03b9\u03b3\u03c1\u03b1\u03c6\u03ae \u03c0\u03c1\u03bf\u03ca\u03cc\u03bd\u03c4\u03bf\u03c2<\/h3>\n<p>\u039f\u03b9 \u03b1\u03b4\u03ad\u03bd\u03b5\u03c2 \u03b1\u03b5\u03c1\u03b9\u03c3\u03bc\u03bf\u03cd \u03ae \u03b1\u03bd\u03c4\u03b9\u03c3\u03c5\u03bc\u03c0\u03cd\u03ba\u03bd\u03c9\u03c3\u03b7\u03c2 \u03c7\u03c1\u03b7\u03c3\u03b9\u03bc\u03bf\u03c0\u03bf\u03b9\u03bf\u03cd\u03bd\u03c4\u03b1\u03b9 \u03b3\u03b9\u03b1 \u03c4\u03b7\u03bd \u03c0\u03c1\u03bf\u03c3\u03c4\u03b1\u03c3\u03af\u03b1 \u03c4\u03bf\u03c5 \u03b5\u03be\u03bf\u03c0\u03bb\u03b9\u03c3\u03bc\u03bf\u03cd \u03b1\u03c0\u03cc \u03c4\u03b7\u03bd \u03bf\u03be\u03b5\u03af\u03b4\u03c9\u03c3\u03b7 \u03ba\u03b1\u03b9 \u03c4\u03b7 \u03b8\u03c1\u03b1\u03cd\u03c3\u03b7 \u03c0\u03bf\u03c5 \u03bc\u03c0\u03bf\u03c1\u03b5\u03af \u03bd\u03b1 \u03c0\u03c1\u03bf\u03ba\u03cd\u03c8\u03b5\u03b9 \u03bb\u03cc\u03b3\u03c9 \u03b1\u03bb\u03bb\u03b1\u03b3\u03ce\u03bd \u03b8\u03b5\u03c1\u03bc\u03bf\u03ba\u03c1\u03b1\u03c3\u03af\u03b1\u03c2.<\/p>\n<p>\u039f\u03b9 \u03b1\u03b4\u03ad\u03bd\u03b5\u03c2 \u03b5\u03be\u03b1\u03b5\u03c1\u03b9\u03c3\u03bc\u03bf\u03cd \u03c7\u03c1\u03b7\u03c3\u03b9\u03bc\u03bf\u03c0\u03bf\u03b9\u03bf\u03cd\u03bd \u03bc\u03b9\u03b1 \u03b2\u03b1\u03bb\u03b2\u03af\u03b4\u03b1 \u03c0\u03bf\u03bb\u03c5\u03bc\u03b5\u03c1\u03bf\u03cd\u03c2 \u03b3\u03b9\u03b1 \u03bd\u03b1 \u03b5\u03c0\u03b9\u03c4\u03c1\u03ad\u03c0\u03bf\u03c5\u03bd \u03c4\u03b7 \u03c3\u03c9\u03c3\u03c4\u03ae \u03c1\u03bf\u03ae \u03b1\u03ad\u03c1\u03b1 \u03ba\u03b1\u03b9 \u03bd\u03b1 \u03b5\u03be\u03b9\u03c3\u03bf\u03c1\u03c1\u03bf\u03c0\u03bf\u03cd\u03bd \u03c4\u03b7\u03bd \u03c0\u03af\u03b5\u03c3\u03b7.<\/p>\n<p>\u0391\u03c5\u03c4\u03bf\u03af \u03bf\u03b9 \u03c3\u03c4\u03c5\u03c0\u03b9\u03bf\u03b8\u03bb\u03af\u03c0\u03c4\u03b5\u03c2 \u03ba\u03b1\u03bb\u03c9\u03b4\u03af\u03c9\u03bd \u03ba\u03b1\u03c4\u03ac \u03c4\u03b7\u03c2 \u03c3\u03c5\u03bc\u03c0\u03cd\u03ba\u03bd\u03c9\u03c3\u03b7\u03c2 \u03c7\u03c1\u03b7\u03c3\u03b9\u03bc\u03bf\u03c0\u03bf\u03b9\u03bf\u03cd\u03bd\u03c4\u03b1\u03b9 \u03c3\u03c5\u03bd\u03ae\u03b8\u03c9\u03c2 \u03c3\u03b5 \u03b5\u03be\u03bf\u03c0\u03bb\u03b9\u03c3\u03bc\u03cc \u03c0\u03bf\u03c5 \u03bb\u03b5\u03b9\u03c4\u03bf\u03c5\u03c1\u03b3\u03b5\u03af \u03c3\u03b5 \u03b5\u03be\u03c9\u03c4\u03b5\u03c1\u03b9\u03ba\u03bf\u03cd\u03c2 \u03c7\u03ce\u03c1\u03bf\u03c5\u03c2.\u03a4\u03bf\u03c5\u03c2 \u03c3\u03c5\u03bd\u03b9\u03c3\u03c4\u03bf\u03cd\u03bc\u03b5 \u03b3\u03b9\u03b1 \u03cc\u03bb\u03bf\u03c5\u03c2 \u03c4\u03bf\u03c5\u03c2 \u03c4\u03cd\u03c0\u03bf\u03c5\u03c2 \u03b5\u03c6\u03b1\u03c1\u03bc\u03bf\u03b3\u03ce\u03bd, \u03b9\u03b4\u03b9\u03b1\u03af\u03c4\u03b5\u03c1\u03b1 \u03c3\u03c4\u03bf\u03bd \u03c4\u03bf\u03bc\u03ad\u03b1 \u03c4\u03bf\u03c5 \u03c6\u03c9\u03c4\u03b9\u03c3\u03bc\u03bf\u03cd.<\/p>\n<table class=\"table table-bordered table-striped\">\n<thead>\n<tr>\n<td>\u039d\u03ae\u03bc\u03b1<\/td>\n<td>\u03ba\u03cd\u03c1\u03b9\u03bf\u03c2 \u03ba\u03c9\u03b4\u03b9\u03ba\u03cc\u03c2<\/td>\n<td>Paslanmaz kod<\/td>\n<td>\u03a7\u03bc\u03bc<\/td>\n<td>GL mm<\/td>\n<td>Anahtar a\u011fz\u0131 mm<\/td>\n<td>\u03c3\u03c5\u03bd\u03b1\u03c1\u03bc\u03bf\u03bb\u03cc\u03b3\u03b7\u03c3\u03b7 \u00e7ap\u0131 mm<\/td>\n<td>s\u0131kma \u00e7ap\u0131 mm<\/td>\n<\/tr>\n<\/thead>\n<tbody>\n<tr>\n<td>M12 x 1,5<\/td>\n<td>OMBVGL01<\/td>\n<td>OMSVGL01<\/td>\n<td>31,5<\/td>\n<td>6<\/td>\n<td>17<\/td>\n<td>12,3<\/td>\n<td>4-8<\/td>\n<\/tr>\n<tr>\n<td>\u039c12 x 1,5<\/td>\n<td>OMBVGL01L<\/td>\n<td>OMSVGL01L<\/td>\n<td>31,5<\/td>\n<td>8<\/td>\n<td>17<\/td>\n<td>12,3<\/td>\n<td>4-8<\/td>\n<\/tr>\n<tr>\n<td>\u039c16 x 1,5<\/td>\n<td>OMBVGL02R<\/td>\n<td>OMSVGL02R<\/td>\n<td>31,5<\/td>\n<td>6<\/td>\n<td>17<\/td>\n<td>16,3<\/td>\n<td>4-8<\/td>\n<\/tr>\n<tr>\n<td>\u039c16 x 1,5<\/td>\n<td>OMBVGL02RL<\/td>\n<td>OMSVGL02RL<\/td>\n<td>31,5<\/td>\n<td>8<\/td>\n<td>17<\/td>\n<td>16,3<\/td>\n<td>4-8<\/td>\n<\/tr>\n<tr>\n<td>\u039c16 x 1,5<\/td>\n<td>OMBVGL02<\/td>\n<td>OMSVGL02<\/td>\n<td>31,5<\/td>\n<td>6<\/td>\n<td>20<\/td>\n<td>16,3<\/td>\n<td>5-10<\/td>\n<\/tr>\n<tr>\n<td>\u039c16 x 1,5<\/td>\n<td>OMBVGL02L<\/td>\n<td>OMSVGL02L<\/td>\n<td>31,5<\/td>\n<td>8<\/td>\n<td>20<\/td>\n<td>16,3<\/td>\n<td>5-10<\/td>\n<\/tr>\n<tr>\n<td>\u039c20\u03a71,5<\/td>\n<td>OMBVGL03<\/td>\n<td>OMSVGL03<\/td>\n<td>35<\/td>\n<td>8<\/td>\n<td>22<\/td>\n<td>20,3<\/td>\n<td>6-12<\/td>\n<\/tr>\n<\/tbody>\n<\/table>","protected":false},"excerpt":{"rendered":"<h3>\u03a7\u03b1\u03c1\u03b1\u03ba\u03c4\u03b7\u03c1\u03b9\u03c3\u03c4\u03b9\u03ba\u03ac<\/h3>\n<table>\n<tbody>\n<tr>\n<td><strong>\u03a3\u03c4\u03b5\u03b3\u03b1\u03bd\u03bf\u03c0\u03bf\u03b9\u03b7\u03c4\u03b9\u03ba\u03cc \u03c0\u03b1\u03c1\u03ad\u03bc\u03b2\u03c5\u03c3\u03bc\u03b1<\/strong><\/td>\n<td>POS \/ \u03a3\u03b9\u03bb\u03b9\u03ba\u03cc\u03bd\u03b7<\/td>\n<\/tr>\n<tr>\n<td><strong>O-ring<\/strong><\/td>\n<td>NBR\/EPDM\/\u03a3\u03b9\u03bb\u03b9\u03ba\u03cc\u03bd\u03b7<\/td>\n<\/tr>\n<tr>\n<td><strong>\u03a4\u03cd\u03c0\u03bf\u03c2 \u03bd\u03ae\u03bc\u03b1\u03c4\u03bf\u03c2<\/strong><\/td>\n<td>\u039c\u03b5\u03c4\u03c1\u03b9\u03ba\u03ae (EN 60423)<\/td>\n<\/tr>\n<tr>\n<td><strong>\u03a3\u03c6\u03b9\u03ba\u03c4\u03cc\u03c4\u03b7\u03c4\u03b1<\/strong><\/td>\n<td>IP68<\/td>\n<\/tr>\n<tr>\n<td><strong>\u03a3\u03c5\u03bd\u03b5\u03c7\u03ae\u03c2 \u03b8\u03b5\u03c1\u03bc\u03bf\u03ba\u03c1\u03b1\u03c3\u03af\u03b1 \u03b5\u03c1\u03b3\u03b1\u03c3\u03af\u03b1\u03c2<\/strong><\/td>\n<td>-40 \u00baC +105 \u00baC<\/td>\n<\/tr>\n<\/tbody>\n<\/table>","protected":false},"featured_media":3092,"template":"","meta":{"_kad_blocks_custom_css":"","_kad_blocks_head_custom_js":"","_kad_blocks_body_custom_js":"","_kad_blocks_footer_custom_js":"","_kadence_starter_templates_imported_post":false,"_kad_post_transparent":"default","_kad_post_title":"","_kad_post_layout":"default","_kad_post_sidebar_id":"","_kad_post_content_style":"default","_kad_post_vertical_padding":"default","_kad_post_feature":"","_kad_post_feature_position":"","_kad_post_header":false,"_kad_post_footer":false},"product_cat":[88],"product_tag":[],"class_list":{"0":"post-1813","1":"product","2":"type-product","3":"status-publish","4":"has-post-thumbnail","6":"product_cat-prensaestopas-y-accesorios-industriales","8":"first","9":"instock","10":"shipping-taxable","11":"product-type-simple","12":"entry","13":"content-bg","14":"loop-entry"},"yoast_head":"<!-- This site is optimized with the Yoast SEO plugin v21.7 - https:\/\/yoast.com\/wordpress\/plugins\/seo\/ -->\n<title>Prensaestopas para cables Sin Armar - Fleximat<\/title>\n<meta name=\"robots\" content=\"index, follow, max-snippet:-1, max-image-preview:large, max-video-preview:-1\" \/>\n<link rel=\"canonical\" href=\"https:\/\/www.fleximat.es\/el\/product\/prensaestopas-para-cables-sin-armar\/\" \/>\n<meta property=\"og:locale\" content=\"el_GR\" \/>\n<meta property=\"og:type\" content=\"article\" \/>\n<meta property=\"og:title\" content=\"Prensaestopas para cables Sin Armar - Fleximat\" \/>\n<meta property=\"og:description\" content=\"Caracter\u00edsticas    Junta de sellado TPV \/ Silicone   Junta t\u00f3rica NBR \/ EPDM \/ Silicone   Tipo de Rosca Metric (EN 60423)   Estanqueidad IP68   Temperatura de trabajo continua -40 \u00baC +105 \u00baC\" \/>\n<meta property=\"og:url\" content=\"https:\/\/www.fleximat.es\/el\/product\/prensaestopas-para-cables-sin-armar\/\" \/>\n<meta property=\"og:site_name\" content=\"Fleximat\" \/>\n<meta property=\"article:modified_time\" content=\"2023-12-04T16:28:09+00:00\" \/>\n<meta property=\"og:image\" content=\"https:\/\/www.fleximat.es\/wp-content\/uploads\/2023\/12\/th_crop_1571911660prensaestopas-sin-armar-1.png\" \/>\n\t<meta property=\"og:image:width\" content=\"700\" \/>\n\t<meta property=\"og:image:height\" content=\"700\" \/>\n\t<meta property=\"og:image:type\" content=\"image\/png\" \/>\n<meta name=\"twitter:card\" content=\"summary_large_image\" \/>\n<meta name=\"twitter:label1\" content=\"\u0395\u03ba\u03c4\u03b9\u03bc\u03ce\u03bc\u03b5\u03bd\u03bf\u03c2 \u03c7\u03c1\u03cc\u03bd\u03bf\u03c2 \u03b1\u03bd\u03ac\u03b3\u03bd\u03c9\u03c3\u03b7\u03c2\" \/>\n\t<meta name=\"twitter:data1\" content=\"1 \u03bb\u03b5\u03c0\u03c4\u03cc\" \/>\n<script type=\"application\/ld+json\" class=\"yoast-schema-graph\">{\"@context\":\"https:\/\/schema.org\",\"@graph\":[{\"@type\":\"WebPage\",\"@id\":\"https:\/\/www.fleximat.es\/producto\/prensaestopas-para-cables-sin-armar\/\",\"url\":\"https:\/\/www.fleximat.es\/producto\/prensaestopas-para-cables-sin-armar\/\",\"name\":\"Prensaestopas para cables Sin Armar - Fleximat\",\"isPartOf\":{\"@id\":\"https:\/\/www.fleximat.es\/bn\/#website\"},\"datePublished\":\"2023-10-18T15:54:57+00:00\",\"dateModified\":\"2023-12-04T16:28:09+00:00\",\"breadcrumb\":{\"@id\":\"https:\/\/www.fleximat.es\/producto\/prensaestopas-para-cables-sin-armar\/#breadcrumb\"},\"inLanguage\":\"el\",\"potentialAction\":[{\"@type\":\"ReadAction\",\"target\":[\"https:\/\/www.fleximat.es\/producto\/prensaestopas-para-cables-sin-armar\/\"]}]},{\"@type\":\"BreadcrumbList\",\"@id\":\"https:\/\/www.fleximat.es\/producto\/prensaestopas-para-cables-sin-armar\/#breadcrumb\",\"itemListElement\":[{\"@type\":\"ListItem\",\"position\":1,\"name\":\"Portada\",\"item\":\"https:\/\/www.fleximat.es\/\"},{\"@type\":\"ListItem\",\"position\":2,\"name\":\"Productos\",\"item\":\"https:\/\/www.fleximat.es\/en\/productos\/\"},{\"@type\":\"ListItem\",\"position\":3,\"name\":\"Prensaestopas para cables Sin Armar\"}]},{\"@type\":\"WebSite\",\"@id\":\"https:\/\/www.fleximat.es\/bn\/#website\",\"url\":\"https:\/\/www.fleximat.es\/bn\/\",\"name\":\"Fleximat\",\"description\":\"Tu soluci\u00f3n en prensaestopas y tubos flexibles\",\"publisher\":{\"@id\":\"https:\/\/www.fleximat.es\/bn\/#organization\"},\"potentialAction\":[{\"@type\":\"SearchAction\",\"target\":{\"@type\":\"EntryPoint\",\"urlTemplate\":\"https:\/\/www.fleximat.es\/bn\/?s={search_term_string}\"},\"query-input\":\"required name=search_term_string\"}],\"inLanguage\":\"el\"},{\"@type\":\"Organization\",\"@id\":\"https:\/\/www.fleximat.es\/bn\/#organization\",\"name\":\"Fleximat\",\"url\":\"https:\/\/www.fleximat.es\/bn\/\",\"logo\":{\"@type\":\"ImageObject\",\"inLanguage\":\"el\",\"@id\":\"https:\/\/www.fleximat.es\/bn\/#\/schema\/logo\/image\/\",\"url\":\"https:\/\/www.fleximat.es\/wp-content\/uploads\/2023\/11\/fleximat-logo-1.png\",\"contentUrl\":\"https:\/\/www.fleximat.es\/wp-content\/uploads\/2023\/11\/fleximat-logo-1.png\",\"width\":1169,\"height\":289,\"caption\":\"Fleximat\"},\"image\":{\"@id\":\"https:\/\/www.fleximat.es\/bn\/#\/schema\/logo\/image\/\"}}]}<\/script>\n<!-- \/ Yoast SEO plugin. -->","yoast_head_json":{"title":"Prensaestopas para cables Sin Armar - Fleximat","robots":{"index":"index","follow":"follow","max-snippet":"max-snippet:-1","max-image-preview":"max-image-preview:large","max-video-preview":"max-video-preview:-1"},"canonical":"https:\/\/www.fleximat.es\/el\/product\/prensaestopas-para-cables-sin-armar\/","og_locale":"el_GR","og_type":"article","og_title":"Prensaestopas para cables Sin Armar - Fleximat","og_description":"Caracter\u00edsticas    Junta de sellado TPV \/ Silicone   Junta t\u00f3rica NBR \/ EPDM \/ Silicone   Tipo de Rosca Metric (EN 60423)   Estanqueidad IP68   Temperatura de trabajo continua -40 \u00baC +105 \u00baC","og_url":"https:\/\/www.fleximat.es\/el\/product\/prensaestopas-para-cables-sin-armar\/","og_site_name":"Fleximat","article_modified_time":"2023-12-04T16:28:09+00:00","og_image":[{"width":700,"height":700,"url":"https:\/\/www.fleximat.es\/wp-content\/uploads\/2023\/12\/th_crop_1571911660prensaestopas-sin-armar-1.png","type":"image\/png"}],"twitter_card":"summary_large_image","twitter_misc":{"\u0395\u03ba\u03c4\u03b9\u03bc\u03ce\u03bc\u03b5\u03bd\u03bf\u03c2 \u03c7\u03c1\u03cc\u03bd\u03bf\u03c2 \u03b1\u03bd\u03ac\u03b3\u03bd\u03c9\u03c3\u03b7\u03c2":"1 \u03bb\u03b5\u03c0\u03c4\u03cc"},"schema":{"@context":"https:\/\/schema.org","@graph":[{"@type":"WebPage","@id":"https:\/\/www.fleximat.es\/producto\/prensaestopas-para-cables-sin-armar\/","url":"https:\/\/www.fleximat.es\/producto\/prensaestopas-para-cables-sin-armar\/","name":"Prensaestopas para cables Sin Armar - Fleximat","isPartOf":{"@id":"https:\/\/www.fleximat.es\/bn\/#website"},"datePublished":"2023-10-18T15:54:57+00:00","dateModified":"2023-12-04T16:28:09+00:00","breadcrumb":{"@id":"https:\/\/www.fleximat.es\/producto\/prensaestopas-para-cables-sin-armar\/#breadcrumb"},"inLanguage":"el","potentialAction":[{"@type":"ReadAction","target":["https:\/\/www.fleximat.es\/producto\/prensaestopas-para-cables-sin-armar\/"]}]},{"@type":"BreadcrumbList","@id":"https:\/\/www.fleximat.es\/producto\/prensaestopas-para-cables-sin-armar\/#breadcrumb","itemListElement":[{"@type":"ListItem","position":1,"name":"Portada","item":"https:\/\/www.fleximat.es\/"},{"@type":"ListItem","position":2,"name":"Productos","item":"https:\/\/www.fleximat.es\/en\/productos\/"},{"@type":"ListItem","position":3,"name":"Prensaestopas para cables Sin Armar"}]},{"@type":"WebSite","@id":"https:\/\/www.fleximat.es\/bn\/#website","url":"https:\/\/www.fleximat.es\/bn\/","name":"Fleximat","description":"Tu soluci\u00f3n en prensaestopas y tubos flexibles","publisher":{"@id":"https:\/\/www.fleximat.es\/bn\/#organization"},"potentialAction":[{"@type":"SearchAction","target":{"@type":"EntryPoint","urlTemplate":"https:\/\/www.fleximat.es\/bn\/?s={search_term_string}"},"query-input":"required name=search_term_string"}],"inLanguage":"el"},{"@type":"Organization","@id":"https:\/\/www.fleximat.es\/bn\/#organization","name":"Fleximat","url":"https:\/\/www.fleximat.es\/bn\/","logo":{"@type":"ImageObject","inLanguage":"el","@id":"https:\/\/www.fleximat.es\/bn\/#\/schema\/logo\/image\/","url":"https:\/\/www.fleximat.es\/wp-content\/uploads\/2023\/11\/fleximat-logo-1.png","contentUrl":"https:\/\/www.fleximat.es\/wp-content\/uploads\/2023\/11\/fleximat-logo-1.png","width":1169,"height":289,"caption":"Fleximat"},"image":{"@id":"https:\/\/www.fleximat.es\/bn\/#\/schema\/logo\/image\/"}}]}},"taxonomy_info":{"product_cat":[{"value":88,"label":"Prensaestopas y accesorios Industriales"}]},"featured_image_src_large":["https:\/\/www.fleximat.es\/wp-content\/uploads\/2023\/12\/th_crop_1571911660prensaestopas-sin-armar-1.png",700,700,false],"author_info":[],"comment_info":"","_links":{"self":[{"href":"https:\/\/www.fleximat.es\/el\/wp-json\/wp\/v2\/product\/1813"}],"collection":[{"href":"https:\/\/www.fleximat.es\/el\/wp-json\/wp\/v2\/product"}],"about":[{"href":"https:\/\/www.fleximat.es\/el\/wp-json\/wp\/v2\/types\/product"}],"wp:featuredmedia":[{"embeddable":true,"href":"https:\/\/www.fleximat.es\/el\/wp-json\/wp\/v2\/media\/3092"}],"wp:attachment":[{"href":"https:\/\/www.fleximat.es\/el\/wp-json\/wp\/v2\/media?parent=1813"}],"wp:term":[{"taxonomy":"product_cat","embeddable":true,"href":"https:\/\/www.fleximat.es\/el\/wp-json\/wp\/v2\/product_cat?post=1813"},{"taxonomy":"product_tag","embeddable":true,"href":"https:\/\/www.fleximat.es\/el\/wp-json\/wp\/v2\/product_tag?post=1813"}],"curies":[{"name":"wp","href":"https:\/\/api.w.org\/{rel}","templated":true}]}}