{"id":3124,"date":"2023-12-11T13:06:32","date_gmt":"2023-12-11T12:06:32","guid":{"rendered":"https:\/\/www.fleximat.es\/?post_type=product&#038;p=3124"},"modified":"2023-12-13T12:54:03","modified_gmt":"2023-12-13T11:54:03","slug":"tapon-redondo-pg-metalico-ip-68","status":"publish","type":"product","link":"https:\/\/www.fleximat.es\/el\/product\/tapon-redondo-pg-metalico-ip-68\/","title":{"rendered":"IP-68 \u039c\u03b5\u03c4\u03b1\u03bb\u03bb\u03b9\u03ba\u03cc PG \u03c3\u03c4\u03c1\u03bf\u03b3\u03b3\u03c5\u03bb\u03cc \u03b2\u03cd\u03c3\u03bc\u03b1"},"content":{"rendered":"<h4 class=\"whiteLetter\">\u0399\u03b4\u03b9\u03cc\u03c4\u03b7\u03c4\u03b5\u03c2<\/h4>\n<p>\u0393\u03b9\u03b1 \u03b1\u03c7\u03c1\u03b7\u03c3\u03b9\u03bc\u03bf\u03c0\u03bf\u03af\u03b7\u03c4\u03b5\u03c2 \u03c4\u03c1\u03cd\u03c0\u03b5\u03c2 \u03bc\u03b5 \u03c3\u03c0\u03b5\u03af\u03c1\u03c9\u03bc\u03b1<br \/>\n\u03a3\u03c5\u03bd\u03b1\u03c1\u03bc\u03bf\u03bb\u03cc\u03b3\u03b7\u03c3\u03b7 \u03ba\u03b1\u03c4\u03c3\u03b1\u03b2\u03b9\u03b4\u03b9\u03bf\u03cd<br \/>\n\u039a\u03b1\u03c4\u03b1\u03c3\u03ba\u03b5\u03c5\u03ae \u03bc\u03b7\u03c7\u03b1\u03bd\u03b7\u03bc\u03ac\u03c4\u03c9\u03bd \u03ba\u03b1\u03b9 \u03b5\u03be\u03bf\u03c0\u03bb\u03b9\u03c3\u03bc\u03bf\u03cd.<br \/>\n\u039a\u03b1\u03c4\u03b1\u03c3\u03ba\u03b5\u03c5\u03ae \u03b7\u03bb\u03b5\u03ba\u03c4\u03c1\u03bf\u03ba\u03b9\u03bd\u03b7\u03c4\u03ae\u03c1\u03c9\u03bd.<\/p>\n<table class=\"table table-bordered table-striped\">\n<thead>\n<tr>\n<td><strong>\u039c\u03b5\u03c4\u03c1\u03b9\u03ba\u03cc \u03bd\u03ae\u03bc\u03b1<\/strong><\/td>\n<td><strong>\u039a\u03ce\u03b4\u03b9\u03ba\u03b1\u03c2<\/strong><\/td>\n<td><strong>\u03a7\u03bc\u03bc<\/strong><\/td>\n<td><strong>GL mm<\/strong><\/td>\n<td><strong>Dmm<\/strong><\/td>\n<\/tr>\n<\/thead>\n<tbody>\n<tr>\n<td>PG 7<\/td>\n<td>OPBK 01<\/td>\n<td>8<\/td>\n<td>5<\/td>\n<td>14<\/td>\n<\/tr>\n<tr>\n<td>PG 9<\/td>\n<td>OPBK 02<\/td>\n<td>9<\/td>\n<td>6<\/td>\n<td>17<\/td>\n<\/tr>\n<tr>\n<td>PG 11<\/td>\n<td>OPBK 03<\/td>\n<td>9<\/td>\n<td>6<\/td>\n<td>20<\/td>\n<\/tr>\n<tr>\n<td>\u0393\u03a0 13,5<\/td>\n<td>OPBK 04<\/td>\n<td>9,5<\/td>\n<td>6,5<\/td>\n<td>22<\/td>\n<\/tr>\n<tr>\n<td>PG 16<\/td>\n<td>OPBK 05<\/td>\n<td>9,5<\/td>\n<td>6,5<\/td>\n<td>24<\/td>\n<\/tr>\n<tr>\n<td>PG 21<\/td>\n<td>OPBK 06<\/td>\n<td>11<\/td>\n<td>7<\/td>\n<td>30<\/td>\n<\/tr>\n<tr>\n<td>PG 29<\/td>\n<td>OPBK 07<\/td>\n<td>12<\/td>\n<td>8<\/td>\n<td>39<\/td>\n<\/tr>\n<tr>\n<td>PG 36<\/td>\n<td>OPBK 08<\/td>\n<td>15<\/td>\n<td>9<\/td>\n<td>50<\/td>\n<\/tr>\n<tr>\n<td>PG 42<\/td>\n<td>OPBK 09<\/td>\n<td>16<\/td>\n<td>10<\/td>\n<td>57<\/td>\n<\/tr>\n<tr>\n<td>PG 48<\/td>\n<td>OPBK 10<\/td>\n<td>16<\/td>\n<td>10<\/td>\n<td>64<\/td>\n<\/tr>\n<\/tbody>\n<\/table>","protected":false},"excerpt":{"rendered":"<h3>\u03a5\u03bb\u03b9\u03ba\u03cc<\/h3>\n<table>\n<tbody>\n<tr>\n<td>O-ring<\/td>\n<td>NBR<\/td>\n<\/tr>\n<tr>\n<td>\u03a4\u03cd\u03c0\u03bf\u03c2 \u03bd\u03ae\u03bc\u03b1\u03c4\u03bf\u03c2<\/td>\n<td>\u039c\u03b5\u03c4\u03c1\u03b9\u03ba\u03ae (EN 60423)<\/td>\n<\/tr>\n<tr>\n<td>\u03a3\u03c6\u03b9\u03ba\u03c4\u03cc\u03c4\u03b7\u03c4\u03b1<\/td>\n<td>IP68<\/td>\n<\/tr>\n<tr>\n<td>\u03a3\u03c5\u03bd\u03b5\u03c7\u03ae\u03c2 \u03b8\u03b5\u03c1\u03bc\u03bf\u03ba\u03c1\u03b1\u03c3\u03af\u03b1 \u03b5\u03c1\u03b3\u03b1\u03c3\u03af\u03b1\u03c2<\/td>\n<td>-40 \u00baC +100 \u00baC<\/td>\n<\/tr>\n<\/tbody>\n<\/table>","protected":false},"featured_media":3417,"template":"","meta":{"_kad_blocks_custom_css":"","_kad_blocks_head_custom_js":"","_kad_blocks_body_custom_js":"","_kad_blocks_footer_custom_js":"","_kadence_starter_templates_imported_post":false,"_kad_post_transparent":"default","_kad_post_title":"","_kad_post_layout":"default","_kad_post_sidebar_id":"","_kad_post_content_style":"default","_kad_post_vertical_padding":"default","_kad_post_feature":"","_kad_post_feature_position":"","_kad_post_header":false,"_kad_post_footer":false},"product_cat":[125,124],"product_tag":[],"class_list":{"0":"post-3124","1":"product","2":"type-product","3":"status-publish","4":"has-post-thumbnail","6":"product_cat-tapones-accesorios","7":"product_cat-accesorios","9":"first","10":"instock","11":"shipping-taxable","12":"product-type-simple","13":"entry","14":"content-bg","15":"loop-entry"},"yoast_head":"<!-- This site is optimized with the Yoast SEO plugin v21.7 - https:\/\/yoast.com\/wordpress\/plugins\/seo\/ -->\n<title>Tap\u00f3n Redondo PG Met\u00e1lico IP-68 - Fleximat<\/title>\n<meta name=\"robots\" content=\"index, follow, max-snippet:-1, max-image-preview:large, max-video-preview:-1\" \/>\n<link rel=\"canonical\" href=\"https:\/\/www.fleximat.es\/el\/product\/tapon-redondo-pg-metalico-ip-68\/\" \/>\n<meta property=\"og:locale\" content=\"el_GR\" \/>\n<meta property=\"og:type\" content=\"article\" \/>\n<meta property=\"og:title\" content=\"Tap\u00f3n Redondo PG Met\u00e1lico IP-68 - Fleximat\" \/>\n<meta property=\"og:description\" content=\"Material    Junta t\u00f3rica NBR   Tipo de Rosca Metric (EN 60423)   Estanqueidad IP68   Temperatura de trabajo continua -40 \u00baC +100 \u00baC\" \/>\n<meta property=\"og:url\" content=\"https:\/\/www.fleximat.es\/el\/product\/tapon-redondo-pg-metalico-ip-68\/\" \/>\n<meta property=\"og:site_name\" content=\"Fleximat\" \/>\n<meta property=\"article:modified_time\" content=\"2023-12-13T11:54:03+00:00\" \/>\n<meta property=\"og:image\" content=\"https:\/\/www.fleximat.es\/wp-content\/uploads\/2023\/12\/tapon-redondo-metalico-ip-68-1.png\" \/>\n\t<meta property=\"og:image:width\" content=\"760\" \/>\n\t<meta property=\"og:image:height\" content=\"760\" \/>\n\t<meta property=\"og:image:type\" content=\"image\/png\" \/>\n<meta name=\"twitter:card\" content=\"summary_large_image\" \/>\n<script type=\"application\/ld+json\" class=\"yoast-schema-graph\">{\"@context\":\"https:\/\/schema.org\",\"@graph\":[{\"@type\":\"WebPage\",\"@id\":\"https:\/\/www.fleximat.es\/producto\/tapon-redondo-pg-metalico-ip-68\/\",\"url\":\"https:\/\/www.fleximat.es\/producto\/tapon-redondo-pg-metalico-ip-68\/\",\"name\":\"Tap\u00f3n Redondo PG Met\u00e1lico IP-68 - Fleximat\",\"isPartOf\":{\"@id\":\"https:\/\/www.fleximat.es\/bn\/#website\"},\"datePublished\":\"2023-12-11T12:06:32+00:00\",\"dateModified\":\"2023-12-13T11:54:03+00:00\",\"breadcrumb\":{\"@id\":\"https:\/\/www.fleximat.es\/producto\/tapon-redondo-pg-metalico-ip-68\/#breadcrumb\"},\"inLanguage\":\"el\",\"potentialAction\":[{\"@type\":\"ReadAction\",\"target\":[\"https:\/\/www.fleximat.es\/producto\/tapon-redondo-pg-metalico-ip-68\/\"]}]},{\"@type\":\"BreadcrumbList\",\"@id\":\"https:\/\/www.fleximat.es\/producto\/tapon-redondo-pg-metalico-ip-68\/#breadcrumb\",\"itemListElement\":[{\"@type\":\"ListItem\",\"position\":1,\"name\":\"Portada\",\"item\":\"https:\/\/www.fleximat.es\/\"},{\"@type\":\"ListItem\",\"position\":2,\"name\":\"Productos\",\"item\":\"https:\/\/www.fleximat.es\/en\/productos\/\"},{\"@type\":\"ListItem\",\"position\":3,\"name\":\"Tap\u00f3n Redondo PG Met\u00e1lico IP-68\"}]},{\"@type\":\"WebSite\",\"@id\":\"https:\/\/www.fleximat.es\/bn\/#website\",\"url\":\"https:\/\/www.fleximat.es\/bn\/\",\"name\":\"Fleximat\",\"description\":\"Tu soluci\u00f3n en prensaestopas y tubos flexibles\",\"publisher\":{\"@id\":\"https:\/\/www.fleximat.es\/bn\/#organization\"},\"potentialAction\":[{\"@type\":\"SearchAction\",\"target\":{\"@type\":\"EntryPoint\",\"urlTemplate\":\"https:\/\/www.fleximat.es\/bn\/?s={search_term_string}\"},\"query-input\":\"required name=search_term_string\"}],\"inLanguage\":\"el\"},{\"@type\":\"Organization\",\"@id\":\"https:\/\/www.fleximat.es\/bn\/#organization\",\"name\":\"Fleximat\",\"url\":\"https:\/\/www.fleximat.es\/bn\/\",\"logo\":{\"@type\":\"ImageObject\",\"inLanguage\":\"el\",\"@id\":\"https:\/\/www.fleximat.es\/bn\/#\/schema\/logo\/image\/\",\"url\":\"https:\/\/www.fleximat.es\/wp-content\/uploads\/2023\/11\/fleximat-logo-1.png\",\"contentUrl\":\"https:\/\/www.fleximat.es\/wp-content\/uploads\/2023\/11\/fleximat-logo-1.png\",\"width\":1169,\"height\":289,\"caption\":\"Fleximat\"},\"image\":{\"@id\":\"https:\/\/www.fleximat.es\/bn\/#\/schema\/logo\/image\/\"}}]}<\/script>\n<!-- \/ Yoast SEO plugin. -->","yoast_head_json":{"title":"Tap\u00f3n Redondo PG Met\u00e1lico IP-68 - Fleximat","robots":{"index":"index","follow":"follow","max-snippet":"max-snippet:-1","max-image-preview":"max-image-preview:large","max-video-preview":"max-video-preview:-1"},"canonical":"https:\/\/www.fleximat.es\/el\/product\/tapon-redondo-pg-metalico-ip-68\/","og_locale":"el_GR","og_type":"article","og_title":"Tap\u00f3n Redondo PG Met\u00e1lico IP-68 - Fleximat","og_description":"Material    Junta t\u00f3rica NBR   Tipo de Rosca Metric (EN 60423)   Estanqueidad IP68   Temperatura de trabajo continua -40 \u00baC +100 \u00baC","og_url":"https:\/\/www.fleximat.es\/el\/product\/tapon-redondo-pg-metalico-ip-68\/","og_site_name":"Fleximat","article_modified_time":"2023-12-13T11:54:03+00:00","og_image":[{"width":760,"height":760,"url":"https:\/\/www.fleximat.es\/wp-content\/uploads\/2023\/12\/tapon-redondo-metalico-ip-68-1.png","type":"image\/png"}],"twitter_card":"summary_large_image","schema":{"@context":"https:\/\/schema.org","@graph":[{"@type":"WebPage","@id":"https:\/\/www.fleximat.es\/producto\/tapon-redondo-pg-metalico-ip-68\/","url":"https:\/\/www.fleximat.es\/producto\/tapon-redondo-pg-metalico-ip-68\/","name":"Tap\u00f3n Redondo PG Met\u00e1lico IP-68 - Fleximat","isPartOf":{"@id":"https:\/\/www.fleximat.es\/bn\/#website"},"datePublished":"2023-12-11T12:06:32+00:00","dateModified":"2023-12-13T11:54:03+00:00","breadcrumb":{"@id":"https:\/\/www.fleximat.es\/producto\/tapon-redondo-pg-metalico-ip-68\/#breadcrumb"},"inLanguage":"el","potentialAction":[{"@type":"ReadAction","target":["https:\/\/www.fleximat.es\/producto\/tapon-redondo-pg-metalico-ip-68\/"]}]},{"@type":"BreadcrumbList","@id":"https:\/\/www.fleximat.es\/producto\/tapon-redondo-pg-metalico-ip-68\/#breadcrumb","itemListElement":[{"@type":"ListItem","position":1,"name":"Portada","item":"https:\/\/www.fleximat.es\/"},{"@type":"ListItem","position":2,"name":"Productos","item":"https:\/\/www.fleximat.es\/en\/productos\/"},{"@type":"ListItem","position":3,"name":"Tap\u00f3n Redondo PG Met\u00e1lico IP-68"}]},{"@type":"WebSite","@id":"https:\/\/www.fleximat.es\/bn\/#website","url":"https:\/\/www.fleximat.es\/bn\/","name":"Fleximat","description":"Tu soluci\u00f3n en prensaestopas y tubos flexibles","publisher":{"@id":"https:\/\/www.fleximat.es\/bn\/#organization"},"potentialAction":[{"@type":"SearchAction","target":{"@type":"EntryPoint","urlTemplate":"https:\/\/www.fleximat.es\/bn\/?s={search_term_string}"},"query-input":"required name=search_term_string"}],"inLanguage":"el"},{"@type":"Organization","@id":"https:\/\/www.fleximat.es\/bn\/#organization","name":"Fleximat","url":"https:\/\/www.fleximat.es\/bn\/","logo":{"@type":"ImageObject","inLanguage":"el","@id":"https:\/\/www.fleximat.es\/bn\/#\/schema\/logo\/image\/","url":"https:\/\/www.fleximat.es\/wp-content\/uploads\/2023\/11\/fleximat-logo-1.png","contentUrl":"https:\/\/www.fleximat.es\/wp-content\/uploads\/2023\/11\/fleximat-logo-1.png","width":1169,"height":289,"caption":"Fleximat"},"image":{"@id":"https:\/\/www.fleximat.es\/bn\/#\/schema\/logo\/image\/"}}]}},"taxonomy_info":{"product_cat":[{"value":125,"label":"Tapones"},{"value":124,"label":"Accesorios"}]},"featured_image_src_large":["https:\/\/www.fleximat.es\/wp-content\/uploads\/2023\/12\/tapon-redondo-metalico-ip-68-1.png",760,760,false],"author_info":[],"comment_info":"","_links":{"self":[{"href":"https:\/\/www.fleximat.es\/el\/wp-json\/wp\/v2\/product\/3124"}],"collection":[{"href":"https:\/\/www.fleximat.es\/el\/wp-json\/wp\/v2\/product"}],"about":[{"href":"https:\/\/www.fleximat.es\/el\/wp-json\/wp\/v2\/types\/product"}],"wp:featuredmedia":[{"embeddable":true,"href":"https:\/\/www.fleximat.es\/el\/wp-json\/wp\/v2\/media\/3417"}],"wp:attachment":[{"href":"https:\/\/www.fleximat.es\/el\/wp-json\/wp\/v2\/media?parent=3124"}],"wp:term":[{"taxonomy":"product_cat","embeddable":true,"href":"https:\/\/www.fleximat.es\/el\/wp-json\/wp\/v2\/product_cat?post=3124"},{"taxonomy":"product_tag","embeddable":true,"href":"https:\/\/www.fleximat.es\/el\/wp-json\/wp\/v2\/product_tag?post=3124"}],"curies":[{"name":"wp","href":"https:\/\/api.w.org\/{rel}","templated":true}]}}