{"id":1563,"date":"2023-10-18T17:52:51","date_gmt":"2023-10-18T15:52:51","guid":{"rendered":"https:\/\/www.fleximat.es\/?post_type=product&#038;p=1563"},"modified":"2023-12-03T13:06:35","modified_gmt":"2023-12-03T12:06:35","slug":"miniprensaestopas-metrica-metalico-ip-68","status":"publish","type":"product","link":"https:\/\/www.fleximat.es\/en\/product\/miniprensaestopas-metrica-metalico-ip-68\/","title":{"rendered":"IP-68 Metallic Metric Mini Cable Gland"},"content":{"rendered":"<h4>Properties<\/h4>\n<p>Easy to assemble<br \/>\nSuitable for use in a limited application area<br \/>\nHalogen free<br \/>\nThe best solution for the lighting industry.<\/p>\n<h3>Product description<\/h3>\n<p><span style=\"font-weight: 400;\">A mini cable gland is a variation of the standard cable gland that is manufactured in small dimensions.<\/span><\/p>\n<p><span style=\"font-weight: 400;\">Mini cable glands are manufactured in metal due to the complexity of the design and its required precision. With the metal manufacturing process it is possible to obtain these special cable glands for reduced sizes.<\/span><\/p>\n<p><span style=\"font-weight: 400;\">The applications for mini cable glands are usually used in small electronic equipment, industrial weighing, sensors, etc...\u00a0<\/span><\/p>\n<p><span style=\"font-weight: 400;\">Mini cable glands offer the same mechanical, chemical or performance properties as standard cable glands.<\/span><\/p>\n<div class=\"table-responsive\">\n<table class=\"table table-bordered table-striped\">\n<thead>\n<tr>\n<td>Thread<\/td>\n<td>Code<\/td>\n<td>Hmm<\/td>\n<td>GL mm<\/td>\n<td>mm<\/td>\n<td>mm<\/td>\n<\/tr>\n<\/thead>\n<tbody>\n<tr>\n<td>M 6 x 1.0<\/td>\n<td>MGM6-23<\/td>\n<td>10,5<\/td>\n<td>6<\/td>\n<td>8<\/td>\n<td>2-3<\/td>\n<\/tr>\n<tr>\n<td>M 8 x 1.25<\/td>\n<td>MGM8s-35<\/td>\n<td>13,5<\/td>\n<td>6<\/td>\n<td>11<\/td>\n<td>3-5<\/td>\n<\/tr>\n<tr>\n<td>M 8 x 1.25<\/td>\n<td>MGM8-24<\/td>\n<td>15<\/td>\n<td>6<\/td>\n<td>14<\/td>\n<td>2-4<\/td>\n<\/tr>\n<tr>\n<td>M 10 x 1.5<\/td>\n<td>MGM10s-46<\/td>\n<td>14,5<\/td>\n<td>6<\/td>\n<td>12<\/td>\n<td>4-6<\/td>\n<\/tr>\n<tr>\n<td>M 10 x 1.5<\/td>\n<td>MGM10-24<\/td>\n<td>15<\/td>\n<td>6<\/td>\n<td>14<\/td>\n<td>2-4<\/td>\n<\/tr>\n<tr>\n<td>M 10 x 1.5<\/td>\n<td>MGM10-36<\/td>\n<td>15<\/td>\n<td>6<\/td>\n<td>14<\/td>\n<td>3-6<\/td>\n<\/tr>\n<tr>\n<td>M 12 x 1.5<\/td>\n<td>MGM12-24<\/td>\n<td>15<\/td>\n<td>6<\/td>\n<td>14<\/td>\n<td>2-4<\/td>\n<\/tr>\n<tr>\n<td>M 12 x 1.5<\/td>\n<td>MGM12-36<\/td>\n<td>15<\/td>\n<td>6<\/td>\n<td>14<\/td>\n<td>3-6<\/td>\n<\/tr>\n<\/tbody>\n<\/table>\n<\/div>","protected":false},"excerpt":{"rendered":"<h3>Material<\/h3>\n<table>\n<tbody>\n<tr>\n<td><strong>Bonnet<\/strong><\/td>\n<td>Nickel Plated Brass<\/td>\n<\/tr>\n<tr>\n<td><strong>Sealing gasket<\/strong><\/td>\n<td>TPV \/ Silicone \/ EPDM<\/td>\n<\/tr>\n<tr>\n<td><strong>Body<\/strong><\/td>\n<td>Stainless Steel-AISI316L)<\/td>\n<\/tr>\n<tr>\n<td><strong>O-ring<\/strong><\/td>\n<td>NBR \/ TPV \/ Silicone \/ EPDM<\/td>\n<\/tr>\n<tr>\n<td><strong>Thread Type<\/strong><\/td>\n<td>Metric (EN 60423)<\/td>\n<\/tr>\n<tr>\n<td><strong>Tightness<\/strong><\/td>\n<td>IP68 \u2013 3 bar<\/td>\n<\/tr>\n<tr>\n<td><strong>Continuous working temperature<\/strong><\/td>\n<td>-40 \u00baC +100 \u00baC<\/td>\n<\/tr>\n<\/tbody>\n<\/table>","protected":false},"featured_media":3079,"template":"","meta":{"_kad_blocks_custom_css":"","_kad_blocks_head_custom_js":"","_kad_blocks_body_custom_js":"","_kad_blocks_footer_custom_js":"","_kadence_starter_templates_imported_post":false,"_kad_post_transparent":"default","_kad_post_title":"","_kad_post_layout":"default","_kad_post_sidebar_id":"","_kad_post_content_style":"default","_kad_post_vertical_padding":"default","_kad_post_feature":"","_kad_post_feature_position":"","_kad_post_header":false,"_kad_post_footer":false},"product_cat":[31,51],"product_tag":[],"class_list":{"0":"post-1563","1":"product","2":"type-product","3":"status-publish","4":"has-post-thumbnail","6":"product_cat-prensaestopas-y-accesorios-metalicos","7":"product_cat-mini-prensaestopas-metalico-ip-68","9":"first","10":"instock","11":"shipping-taxable","12":"product-type-simple","13":"entry","14":"content-bg","15":"loop-entry"},"yoast_head":"<!-- This site is optimized with the Yoast SEO plugin v21.7 - https:\/\/yoast.com\/wordpress\/plugins\/seo\/ -->\n<title>MiniPrensaestopas M\u00e9trica Met\u00e1lico IP-68 - Fleximat<\/title>\n<meta name=\"robots\" content=\"index, follow, max-snippet:-1, max-image-preview:large, max-video-preview:-1\" \/>\n<link rel=\"canonical\" href=\"https:\/\/www.fleximat.es\/en\/product\/miniprensaestopas-metrica-metalico-ip-68\/\" \/>\n<meta property=\"og:locale\" content=\"en_GB\" \/>\n<meta property=\"og:type\" content=\"article\" \/>\n<meta property=\"og:title\" content=\"MiniPrensaestopas M\u00e9trica Met\u00e1lico IP-68 - Fleximat\" \/>\n<meta property=\"og:description\" content=\"Material    Sombrerete Lat\u00f3n Niquelado   Junta de sellado TPV \/ Silicona\/ EPDM   Cuerpo Acero Inoxidable-AISI316L)   Junta t\u00f3rica NBR \/ TPV \/ Silicona\/ EPDM   Tipo de Rosca M\u00e9trica (EN 60423)   Estanqueidad IP68 - 3 bar   Temperatura de trabajo continua -40 \u00baC +100 \u00baC\" \/>\n<meta property=\"og:url\" content=\"https:\/\/www.fleximat.es\/en\/product\/miniprensaestopas-metrica-metalico-ip-68\/\" \/>\n<meta property=\"og:site_name\" content=\"Fleximat\" \/>\n<meta property=\"article:modified_time\" content=\"2023-12-03T12:06:35+00:00\" \/>\n<meta property=\"og:image\" content=\"https:\/\/www.fleximat.es\/wp-content\/uploads\/2023\/12\/miniprensaestopas-metalico-ip-68-1.png\" \/>\n\t<meta property=\"og:image:width\" content=\"600\" \/>\n\t<meta property=\"og:image:height\" content=\"600\" \/>\n\t<meta property=\"og:image:type\" content=\"image\/png\" \/>\n<meta name=\"twitter:card\" content=\"summary_large_image\" \/>\n<meta name=\"twitter:label1\" content=\"Estimated reading time\" \/>\n\t<meta name=\"twitter:data1\" content=\"1 minute\" \/>\n<script type=\"application\/ld+json\" class=\"yoast-schema-graph\">{\"@context\":\"https:\/\/schema.org\",\"@graph\":[{\"@type\":\"WebPage\",\"@id\":\"https:\/\/www.fleximat.es\/producto\/miniprensaestopas-metrica-metalico-ip-68\/\",\"url\":\"https:\/\/www.fleximat.es\/producto\/miniprensaestopas-metrica-metalico-ip-68\/\",\"name\":\"MiniPrensaestopas M\u00e9trica Met\u00e1lico IP-68 - Fleximat\",\"isPartOf\":{\"@id\":\"https:\/\/www.fleximat.es\/bn\/#website\"},\"datePublished\":\"2023-10-18T15:52:51+00:00\",\"dateModified\":\"2023-12-03T12:06:35+00:00\",\"breadcrumb\":{\"@id\":\"https:\/\/www.fleximat.es\/producto\/miniprensaestopas-metrica-metalico-ip-68\/#breadcrumb\"},\"inLanguage\":\"en-GB\",\"potentialAction\":[{\"@type\":\"ReadAction\",\"target\":[\"https:\/\/www.fleximat.es\/producto\/miniprensaestopas-metrica-metalico-ip-68\/\"]}]},{\"@type\":\"BreadcrumbList\",\"@id\":\"https:\/\/www.fleximat.es\/producto\/miniprensaestopas-metrica-metalico-ip-68\/#breadcrumb\",\"itemListElement\":[{\"@type\":\"ListItem\",\"position\":1,\"name\":\"Portada\",\"item\":\"https:\/\/www.fleximat.es\/\"},{\"@type\":\"ListItem\",\"position\":2,\"name\":\"Productos\",\"item\":\"https:\/\/www.fleximat.es\/en\/productos\/\"},{\"@type\":\"ListItem\",\"position\":3,\"name\":\"MiniPrensaestopas M\u00e9trica Met\u00e1lico IP-68\"}]},{\"@type\":\"WebSite\",\"@id\":\"https:\/\/www.fleximat.es\/bn\/#website\",\"url\":\"https:\/\/www.fleximat.es\/bn\/\",\"name\":\"Fleximat\",\"description\":\"Tu soluci\u00f3n en prensaestopas y tubos flexibles\",\"publisher\":{\"@id\":\"https:\/\/www.fleximat.es\/bn\/#organization\"},\"potentialAction\":[{\"@type\":\"SearchAction\",\"target\":{\"@type\":\"EntryPoint\",\"urlTemplate\":\"https:\/\/www.fleximat.es\/bn\/?s={search_term_string}\"},\"query-input\":\"required name=search_term_string\"}],\"inLanguage\":\"en-GB\"},{\"@type\":\"Organization\",\"@id\":\"https:\/\/www.fleximat.es\/bn\/#organization\",\"name\":\"Fleximat\",\"url\":\"https:\/\/www.fleximat.es\/bn\/\",\"logo\":{\"@type\":\"ImageObject\",\"inLanguage\":\"en-GB\",\"@id\":\"https:\/\/www.fleximat.es\/bn\/#\/schema\/logo\/image\/\",\"url\":\"https:\/\/www.fleximat.es\/wp-content\/uploads\/2023\/11\/fleximat-logo-1.png\",\"contentUrl\":\"https:\/\/www.fleximat.es\/wp-content\/uploads\/2023\/11\/fleximat-logo-1.png\",\"width\":1169,\"height\":289,\"caption\":\"Fleximat\"},\"image\":{\"@id\":\"https:\/\/www.fleximat.es\/bn\/#\/schema\/logo\/image\/\"}}]}<\/script>\n<!-- \/ Yoast SEO plugin. -->","yoast_head_json":{"title":"MiniPrensaestopas M\u00e9trica Met\u00e1lico IP-68 - Fleximat","robots":{"index":"index","follow":"follow","max-snippet":"max-snippet:-1","max-image-preview":"max-image-preview:large","max-video-preview":"max-video-preview:-1"},"canonical":"https:\/\/www.fleximat.es\/en\/product\/miniprensaestopas-metrica-metalico-ip-68\/","og_locale":"en_GB","og_type":"article","og_title":"MiniPrensaestopas M\u00e9trica Met\u00e1lico IP-68 - Fleximat","og_description":"Material    Sombrerete Lat\u00f3n Niquelado   Junta de sellado TPV \/ Silicona\/ EPDM   Cuerpo Acero Inoxidable-AISI316L)   Junta t\u00f3rica NBR \/ TPV \/ Silicona\/ EPDM   Tipo de Rosca M\u00e9trica (EN 60423)   Estanqueidad IP68 - 3 bar   Temperatura de trabajo continua -40 \u00baC +100 \u00baC","og_url":"https:\/\/www.fleximat.es\/en\/product\/miniprensaestopas-metrica-metalico-ip-68\/","og_site_name":"Fleximat","article_modified_time":"2023-12-03T12:06:35+00:00","og_image":[{"width":600,"height":600,"url":"https:\/\/www.fleximat.es\/wp-content\/uploads\/2023\/12\/miniprensaestopas-metalico-ip-68-1.png","type":"image\/png"}],"twitter_card":"summary_large_image","twitter_misc":{"Estimated reading time":"1 minute"},"schema":{"@context":"https:\/\/schema.org","@graph":[{"@type":"WebPage","@id":"https:\/\/www.fleximat.es\/producto\/miniprensaestopas-metrica-metalico-ip-68\/","url":"https:\/\/www.fleximat.es\/producto\/miniprensaestopas-metrica-metalico-ip-68\/","name":"MiniPrensaestopas M\u00e9trica Met\u00e1lico IP-68 - Fleximat","isPartOf":{"@id":"https:\/\/www.fleximat.es\/bn\/#website"},"datePublished":"2023-10-18T15:52:51+00:00","dateModified":"2023-12-03T12:06:35+00:00","breadcrumb":{"@id":"https:\/\/www.fleximat.es\/producto\/miniprensaestopas-metrica-metalico-ip-68\/#breadcrumb"},"inLanguage":"en-GB","potentialAction":[{"@type":"ReadAction","target":["https:\/\/www.fleximat.es\/producto\/miniprensaestopas-metrica-metalico-ip-68\/"]}]},{"@type":"BreadcrumbList","@id":"https:\/\/www.fleximat.es\/producto\/miniprensaestopas-metrica-metalico-ip-68\/#breadcrumb","itemListElement":[{"@type":"ListItem","position":1,"name":"Portada","item":"https:\/\/www.fleximat.es\/"},{"@type":"ListItem","position":2,"name":"Productos","item":"https:\/\/www.fleximat.es\/en\/productos\/"},{"@type":"ListItem","position":3,"name":"MiniPrensaestopas M\u00e9trica Met\u00e1lico IP-68"}]},{"@type":"WebSite","@id":"https:\/\/www.fleximat.es\/bn\/#website","url":"https:\/\/www.fleximat.es\/bn\/","name":"Fleximat","description":"Tu soluci\u00f3n en prensaestopas y tubos flexibles","publisher":{"@id":"https:\/\/www.fleximat.es\/bn\/#organization"},"potentialAction":[{"@type":"SearchAction","target":{"@type":"EntryPoint","urlTemplate":"https:\/\/www.fleximat.es\/bn\/?s={search_term_string}"},"query-input":"required name=search_term_string"}],"inLanguage":"en-GB"},{"@type":"Organization","@id":"https:\/\/www.fleximat.es\/bn\/#organization","name":"Fleximat","url":"https:\/\/www.fleximat.es\/bn\/","logo":{"@type":"ImageObject","inLanguage":"en-GB","@id":"https:\/\/www.fleximat.es\/bn\/#\/schema\/logo\/image\/","url":"https:\/\/www.fleximat.es\/wp-content\/uploads\/2023\/11\/fleximat-logo-1.png","contentUrl":"https:\/\/www.fleximat.es\/wp-content\/uploads\/2023\/11\/fleximat-logo-1.png","width":1169,"height":289,"caption":"Fleximat"},"image":{"@id":"https:\/\/www.fleximat.es\/bn\/#\/schema\/logo\/image\/"}}]}},"taxonomy_info":{"product_cat":[{"value":31,"label":"Prensaestopas y accesorios met\u00e1licos"},{"value":51,"label":"MINI Prensaestopas Met\u00e1lico IP-68"}]},"featured_image_src_large":["https:\/\/www.fleximat.es\/wp-content\/uploads\/2023\/12\/miniprensaestopas-metalico-ip-68-1.png",600,600,false],"author_info":[],"comment_info":"","_links":{"self":[{"href":"https:\/\/www.fleximat.es\/en\/wp-json\/wp\/v2\/product\/1563"}],"collection":[{"href":"https:\/\/www.fleximat.es\/en\/wp-json\/wp\/v2\/product"}],"about":[{"href":"https:\/\/www.fleximat.es\/en\/wp-json\/wp\/v2\/types\/product"}],"wp:featuredmedia":[{"embeddable":true,"href":"https:\/\/www.fleximat.es\/en\/wp-json\/wp\/v2\/media\/3079"}],"wp:attachment":[{"href":"https:\/\/www.fleximat.es\/en\/wp-json\/wp\/v2\/media?parent=1563"}],"wp:term":[{"taxonomy":"product_cat","embeddable":true,"href":"https:\/\/www.fleximat.es\/en\/wp-json\/wp\/v2\/product_cat?post=1563"},{"taxonomy":"product_tag","embeddable":true,"href":"https:\/\/www.fleximat.es\/en\/wp-json\/wp\/v2\/product_tag?post=1563"}],"curies":[{"name":"wp","href":"https:\/\/api.w.org\/{rel}","templated":true}]}}