{"id":1712,"date":"2023-10-18T17:54:05","date_gmt":"2023-10-18T15:54:05","guid":{"rendered":"https:\/\/www.fleximat.es\/?post_type=product&#038;p=1712"},"modified":"2023-11-27T11:07:47","modified_gmt":"2023-11-27T10:07:47","slug":"racor-hembra-liquid-tight-pg-metalico-ip-67","status":"publish","type":"product","link":"https:\/\/www.fleximat.es\/en\/product\/racor-hembra-liquid-tight-pg-metalico-ip-67\/","title":{"rendered":"LIQUID TIGHT PG Metallic Female Fitting IP-67"},"content":{"rendered":"<h4>Properties<\/h4>\n<p>Easy to assembleFixed or rotating body versionOrder with LGT or CTS, CTPS ducts<\/p>\n<h3>Product description<\/h3>\n<p>A swivel fitting is a tube connection accessory.<\/p>\n<p>Swivel fittings can have different bodies and threads depending on the need for protection.<\/p>\n<p>The rotating fittings can be plastic or metal.<\/p>\n<p>We have versions with rotating bodies and with built-in stuffing box.<\/p>\n<table class=\"table table-bordered table-striped\">\n<thead>\n<tr>\n<td>PG (Code)<\/td>\n<td>Metric (Code)<\/td>\n<td>PG (AG Thread)<\/td>\n<td>Metric (AG Thread)<\/td>\n<td>Spiral length<\/td>\n<td>GL mm<\/td>\n<td>B mm<\/td>\n<td>C mm<\/td>\n<\/tr>\n<\/thead>\n<tbody>\n<tr>\n<td>LSRP 00<\/td>\n<td>LSRM 00<\/td>\n<td>PG 7<\/td>\n<td>M 12 x 1.5<\/td>\n<td>10 &#8211; 1\/4&#8243;<\/td>\n<td>10<\/td>\n<td>20<\/td>\n<td>22<\/td>\n<\/tr>\n<tr>\n<td>LSRP 1A<\/td>\n<td>LSRM 1A<\/td>\n<td>PG 9<\/td>\n<td>M 16 x 1.5<\/td>\n<td>12 &#8211; 1\/4&#8243;<\/td>\n<td>10<\/td>\n<td>20<\/td>\n<td>22<\/td>\n<\/tr>\n<tr>\n<td>LSRP 01<\/td>\n<td>LSRM 01<\/td>\n<td>PG 11<\/td>\n<td>M 16 x 1.5<\/td>\n<td>13 &#8211; 3\/8&#8243;<\/td>\n<td>11,5<\/td>\n<td>24<\/td>\n<td>26<\/td>\n<\/tr>\n<tr>\n<td>LSRP 2A<\/td>\n<td>LSRM 2A<\/td>\n<td>GP 13.5<\/td>\n<td>M 20 x 1.5<\/td>\n<td>16 &#8211; 1\/2&#8243;<\/td>\n<td>13<\/td>\n<td>27<\/td>\n<td>29<\/td>\n<\/tr>\n<tr>\n<td>LSRP 02<\/td>\n<td>LSRM 02<\/td>\n<td>PG 16<\/td>\n<td>M 20 x 1.5<\/td>\n<td>16 &#8211; 1\/2&#8243;<\/td>\n<td>13<\/td>\n<td>27<\/td>\n<td>29<\/td>\n<\/tr>\n<tr>\n<td>LSRP 03<\/td>\n<td>LSRM 03<\/td>\n<td>PG 21<\/td>\n<td>M 25 x 1.5<\/td>\n<td>21 &#8211; 3\/4&#8243;<\/td>\n<td>15<\/td>\n<td>33<\/td>\n<td>35<\/td>\n<\/tr>\n<tr>\n<td>LSRP 04<\/td>\n<td>LSRM 04<\/td>\n<td>PG 29<\/td>\n<td>M 32 x 1.5<\/td>\n<td>26 &#8211; 1&#8243;<\/td>\n<td>15<\/td>\n<td>43<\/td>\n<td>45<\/td>\n<\/tr>\n<tr>\n<td>LSRP 05<\/td>\n<td>LSRM 05<\/td>\n<td>PG 36<\/td>\n<td>M 40 x 1.5<\/td>\n<td>35 &#8211; 1 1\/4&#8243;<\/td>\n<td>16<\/td>\n<td>52<\/td>\n<td>54<\/td>\n<\/tr>\n<tr>\n<td>LSRP 06<\/td>\n<td>LSRM 06<\/td>\n<td>PG 42<\/td>\n<td>M 50 x 1.5<\/td>\n<td>40 &#8211; 1 1\/2&#8243;<\/td>\n<td>18<\/td>\n<td>60<\/td>\n<td>63<\/td>\n<\/tr>\n<tr>\n<td>LSRP 07<\/td>\n<td>LSRM 07<\/td>\n<td>PG 48<\/td>\n<td>M 63 x 1.5<\/td>\n<td>51 &#8211; 2&#8243;<\/td>\n<td>20<\/td>\n<td>74<\/td>\n<td>77<\/td>\n<\/tr>\n<tr>\n<td colspan=\"21\">SWIWEL BODY<\/td>\n<\/tr>\n<tr>\n<td>LSRDP 00<\/td>\n<td>LSRDM 00<\/td>\n<td>PG 7<\/td>\n<td>M 12 x 1.5<\/td>\n<td>10 &#8211; 1\/4&#8243;<\/td>\n<td>10<\/td>\n<td>20<\/td>\n<td>22<\/td>\n<\/tr>\n<tr>\n<td>LSRDP 1A<\/td>\n<td>LSRDM 1A<\/td>\n<td>PG 9<\/td>\n<td>M 16 x 1.5<\/td>\n<td>12 &#8211; 1\/4&#8243;<\/td>\n<td>10<\/td>\n<td>20<\/td>\n<td>22<\/td>\n<\/tr>\n<tr>\n<td>LSRDP 01<\/td>\n<td>LSRDM 01<\/td>\n<td>PG 11<\/td>\n<td>M 16 x 1.5<\/td>\n<td>13 &#8211; 3\/8&#8243;<\/td>\n<td>11,5<\/td>\n<td>24<\/td>\n<td>26<\/td>\n<\/tr>\n<tr>\n<td>LSRDP 2A<\/td>\n<td>LSRDM 2A<\/td>\n<td>GP 13.5<\/td>\n<td>M 20 x 1.5<\/td>\n<td>16 &#8211; 1\/2&#8243;<\/td>\n<td>13<\/td>\n<td>27<\/td>\n<td>29<\/td>\n<\/tr>\n<tr>\n<td>LSRDP 02<\/td>\n<td>LSRDM 02<\/td>\n<td>PG 16<\/td>\n<td>M 20 x 1.5<\/td>\n<td>16 &#8211; 1\/2&#8243;<\/td>\n<td>13<\/td>\n<td>27<\/td>\n<td>29<\/td>\n<\/tr>\n<tr>\n<td>LSRDP 03<\/td>\n<td>LSRDM 03<\/td>\n<td>PG 21<\/td>\n<td>M 25 x 1.5<\/td>\n<td>21 &#8211; 3\/4&#8243;<\/td>\n<td>15<\/td>\n<td>33<\/td>\n<td>35<\/td>\n<\/tr>\n<tr>\n<td>LSRDP 04<\/td>\n<td>LSRDM 04<\/td>\n<td>PG 29<\/td>\n<td>M 32 x 1.5<\/td>\n<td>26 &#8211; 1&#8243;<\/td>\n<td>15<\/td>\n<td>43<\/td>\n<td>45<\/td>\n<\/tr>\n<tr>\n<td>LSRDP 05<\/td>\n<td>LSRDM 05<\/td>\n<td>PG 36<\/td>\n<td>M 40 x 1.5<\/td>\n<td>35 &#8211; 1 1\/4&#8243;<\/td>\n<td>16<\/td>\n<td>52<\/td>\n<td>54<\/td>\n<\/tr>\n<tr>\n<td>LSRDP 06<\/td>\n<td>LSRDM 06<\/td>\n<td>PG 42<\/td>\n<td>M 50 x 1.5<\/td>\n<td>40 &#8211; 1 1\/2&#8243;<\/td>\n<td>18<\/td>\n<td>60<\/td>\n<td>63<\/td>\n<\/tr>\n<tr>\n<td>LSRDP 07<\/td>\n<td>LSRDM 07<\/td>\n<td>PG 48<\/td>\n<td>M 63 x 1.5<\/td>\n<td>51 &#8211; 2&#8243;<\/td>\n<td>20<\/td>\n<td>74<\/td>\n<td>77<\/td>\n<\/tr>\n<\/tbody>\n<\/table>","protected":false},"excerpt":{"rendered":"<h3>Characteristics<\/h3>\n<table>\n<tbody>\n<tr>\n<td><strong>Bonnet<\/strong><\/td>\n<td>Nickel Plated Brass<\/td>\n<\/tr>\n<tr>\n<td><strong>Sealing gasket<\/strong><\/td>\n<td>POS<\/td>\n<\/tr>\n<tr>\n<td><strong>O-ring<\/strong><\/td>\n<td>NBR<\/td>\n<\/tr>\n<tr>\n<td><strong>Tightness<\/strong><\/td>\n<td>IP67<\/td>\n<\/tr>\n<tr>\n<td><strong>Continuous working temperature<\/strong><\/td>\n<td>-20 \u00baC +100 \u00baC<\/td>\n<\/tr>\n<\/tbody>\n<\/table>","protected":false},"featured_media":2991,"template":"","meta":{"_kad_blocks_custom_css":"","_kad_blocks_head_custom_js":"","_kad_blocks_body_custom_js":"","_kad_blocks_footer_custom_js":"","_kadence_starter_templates_imported_post":false,"_kad_post_transparent":"default","_kad_post_title":"","_kad_post_layout":"default","_kad_post_sidebar_id":"","_kad_post_content_style":"default","_kad_post_vertical_padding":"default","_kad_post_feature":"","_kad_post_feature_position":"","_kad_post_header":false,"_kad_post_footer":false},"product_cat":[68,71],"product_tag":[],"class_list":{"0":"post-1712","1":"product","2":"type-product","3":"status-publish","4":"has-post-thumbnail","6":"product_cat-tubos-flexibles-racores-y-accesorios","7":"product_cat-racores-y-accesorios-metalicos","9":"first","10":"instock","11":"shipping-taxable","12":"product-type-simple","13":"entry","14":"content-bg","15":"loop-entry"},"yoast_head":"<!-- This site is optimized with the Yoast SEO plugin v21.7 - https:\/\/yoast.com\/wordpress\/plugins\/seo\/ -->\n<title>Racor Hembra LIQUID TIGHT PG Met\u00e1lico IP-67 - Fleximat<\/title>\n<meta name=\"robots\" content=\"index, follow, max-snippet:-1, max-image-preview:large, max-video-preview:-1\" \/>\n<link rel=\"canonical\" href=\"https:\/\/www.fleximat.es\/en\/product\/racor-hembra-liquid-tight-pg-metalico-ip-67\/\" \/>\n<meta property=\"og:locale\" content=\"en_GB\" \/>\n<meta property=\"og:type\" content=\"article\" \/>\n<meta property=\"og:title\" content=\"Racor Hembra LIQUID TIGHT PG Met\u00e1lico IP-67 - Fleximat\" \/>\n<meta property=\"og:description\" content=\"Caracter\u00edsticas    Sombrerete Lat\u00f3n Niquelado   Junta de sellado TPV   Junta t\u00f3rica NBR   Estanqueidad IP67   Temperatura de trabajo continua -20 \u00baC +100 \u00baC\" \/>\n<meta property=\"og:url\" content=\"https:\/\/www.fleximat.es\/en\/product\/racor-hembra-liquid-tight-pg-metalico-ip-67\/\" \/>\n<meta property=\"og:site_name\" content=\"Fleximat\" \/>\n<meta property=\"article:modified_time\" content=\"2023-11-27T10:07:47+00:00\" \/>\n<meta property=\"og:image\" content=\"https:\/\/www.fleximat.es\/wp-content\/uploads\/2023\/10\/racor-hembra-liquid-tight-ip-67-700x524-1.png\" \/>\n\t<meta property=\"og:image:width\" content=\"600\" \/>\n\t<meta property=\"og:image:height\" content=\"600\" \/>\n\t<meta property=\"og:image:type\" content=\"image\/png\" \/>\n<meta name=\"twitter:card\" content=\"summary_large_image\" \/>\n<meta name=\"twitter:label1\" content=\"Estimated reading time\" \/>\n\t<meta name=\"twitter:data1\" content=\"1 minute\" \/>\n<script type=\"application\/ld+json\" class=\"yoast-schema-graph\">{\"@context\":\"https:\/\/schema.org\",\"@graph\":[{\"@type\":\"WebPage\",\"@id\":\"https:\/\/www.fleximat.es\/producto\/racor-hembra-liquid-tight-pg-metalico-ip-67\/\",\"url\":\"https:\/\/www.fleximat.es\/producto\/racor-hembra-liquid-tight-pg-metalico-ip-67\/\",\"name\":\"Racor Hembra LIQUID TIGHT PG Met\u00e1lico IP-67 - Fleximat\",\"isPartOf\":{\"@id\":\"https:\/\/www.fleximat.es\/bn\/#website\"},\"datePublished\":\"2023-10-18T15:54:05+00:00\",\"dateModified\":\"2023-11-27T10:07:47+00:00\",\"breadcrumb\":{\"@id\":\"https:\/\/www.fleximat.es\/producto\/racor-hembra-liquid-tight-pg-metalico-ip-67\/#breadcrumb\"},\"inLanguage\":\"en-GB\",\"potentialAction\":[{\"@type\":\"ReadAction\",\"target\":[\"https:\/\/www.fleximat.es\/producto\/racor-hembra-liquid-tight-pg-metalico-ip-67\/\"]}]},{\"@type\":\"BreadcrumbList\",\"@id\":\"https:\/\/www.fleximat.es\/producto\/racor-hembra-liquid-tight-pg-metalico-ip-67\/#breadcrumb\",\"itemListElement\":[{\"@type\":\"ListItem\",\"position\":1,\"name\":\"Portada\",\"item\":\"https:\/\/www.fleximat.es\/\"},{\"@type\":\"ListItem\",\"position\":2,\"name\":\"Productos\",\"item\":\"https:\/\/www.fleximat.es\/en\/productos\/\"},{\"@type\":\"ListItem\",\"position\":3,\"name\":\"Racor Hembra LIQUID TIGHT PG Met\u00e1lico IP-67\"}]},{\"@type\":\"WebSite\",\"@id\":\"https:\/\/www.fleximat.es\/bn\/#website\",\"url\":\"https:\/\/www.fleximat.es\/bn\/\",\"name\":\"Fleximat\",\"description\":\"Tu soluci\u00f3n en prensaestopas y tubos flexibles\",\"publisher\":{\"@id\":\"https:\/\/www.fleximat.es\/bn\/#organization\"},\"potentialAction\":[{\"@type\":\"SearchAction\",\"target\":{\"@type\":\"EntryPoint\",\"urlTemplate\":\"https:\/\/www.fleximat.es\/bn\/?s={search_term_string}\"},\"query-input\":\"required name=search_term_string\"}],\"inLanguage\":\"en-GB\"},{\"@type\":\"Organization\",\"@id\":\"https:\/\/www.fleximat.es\/bn\/#organization\",\"name\":\"Fleximat\",\"url\":\"https:\/\/www.fleximat.es\/bn\/\",\"logo\":{\"@type\":\"ImageObject\",\"inLanguage\":\"en-GB\",\"@id\":\"https:\/\/www.fleximat.es\/bn\/#\/schema\/logo\/image\/\",\"url\":\"https:\/\/www.fleximat.es\/wp-content\/uploads\/2023\/11\/fleximat-logo-1.png\",\"contentUrl\":\"https:\/\/www.fleximat.es\/wp-content\/uploads\/2023\/11\/fleximat-logo-1.png\",\"width\":1169,\"height\":289,\"caption\":\"Fleximat\"},\"image\":{\"@id\":\"https:\/\/www.fleximat.es\/bn\/#\/schema\/logo\/image\/\"}}]}<\/script>\n<!-- \/ Yoast SEO plugin. -->","yoast_head_json":{"title":"Racor Hembra LIQUID TIGHT PG Met\u00e1lico IP-67 - Fleximat","robots":{"index":"index","follow":"follow","max-snippet":"max-snippet:-1","max-image-preview":"max-image-preview:large","max-video-preview":"max-video-preview:-1"},"canonical":"https:\/\/www.fleximat.es\/en\/product\/racor-hembra-liquid-tight-pg-metalico-ip-67\/","og_locale":"en_GB","og_type":"article","og_title":"Racor Hembra LIQUID TIGHT PG Met\u00e1lico IP-67 - Fleximat","og_description":"Caracter\u00edsticas    Sombrerete Lat\u00f3n Niquelado   Junta de sellado TPV   Junta t\u00f3rica NBR   Estanqueidad IP67   Temperatura de trabajo continua -20 \u00baC +100 \u00baC","og_url":"https:\/\/www.fleximat.es\/en\/product\/racor-hembra-liquid-tight-pg-metalico-ip-67\/","og_site_name":"Fleximat","article_modified_time":"2023-11-27T10:07:47+00:00","og_image":[{"width":600,"height":600,"url":"https:\/\/www.fleximat.es\/wp-content\/uploads\/2023\/10\/racor-hembra-liquid-tight-ip-67-700x524-1.png","type":"image\/png"}],"twitter_card":"summary_large_image","twitter_misc":{"Estimated reading time":"1 minute"},"schema":{"@context":"https:\/\/schema.org","@graph":[{"@type":"WebPage","@id":"https:\/\/www.fleximat.es\/producto\/racor-hembra-liquid-tight-pg-metalico-ip-67\/","url":"https:\/\/www.fleximat.es\/producto\/racor-hembra-liquid-tight-pg-metalico-ip-67\/","name":"Racor Hembra LIQUID TIGHT PG Met\u00e1lico IP-67 - Fleximat","isPartOf":{"@id":"https:\/\/www.fleximat.es\/bn\/#website"},"datePublished":"2023-10-18T15:54:05+00:00","dateModified":"2023-11-27T10:07:47+00:00","breadcrumb":{"@id":"https:\/\/www.fleximat.es\/producto\/racor-hembra-liquid-tight-pg-metalico-ip-67\/#breadcrumb"},"inLanguage":"en-GB","potentialAction":[{"@type":"ReadAction","target":["https:\/\/www.fleximat.es\/producto\/racor-hembra-liquid-tight-pg-metalico-ip-67\/"]}]},{"@type":"BreadcrumbList","@id":"https:\/\/www.fleximat.es\/producto\/racor-hembra-liquid-tight-pg-metalico-ip-67\/#breadcrumb","itemListElement":[{"@type":"ListItem","position":1,"name":"Portada","item":"https:\/\/www.fleximat.es\/"},{"@type":"ListItem","position":2,"name":"Productos","item":"https:\/\/www.fleximat.es\/en\/productos\/"},{"@type":"ListItem","position":3,"name":"Racor Hembra LIQUID TIGHT PG Met\u00e1lico IP-67"}]},{"@type":"WebSite","@id":"https:\/\/www.fleximat.es\/bn\/#website","url":"https:\/\/www.fleximat.es\/bn\/","name":"Fleximat","description":"Tu soluci\u00f3n en prensaestopas y tubos flexibles","publisher":{"@id":"https:\/\/www.fleximat.es\/bn\/#organization"},"potentialAction":[{"@type":"SearchAction","target":{"@type":"EntryPoint","urlTemplate":"https:\/\/www.fleximat.es\/bn\/?s={search_term_string}"},"query-input":"required name=search_term_string"}],"inLanguage":"en-GB"},{"@type":"Organization","@id":"https:\/\/www.fleximat.es\/bn\/#organization","name":"Fleximat","url":"https:\/\/www.fleximat.es\/bn\/","logo":{"@type":"ImageObject","inLanguage":"en-GB","@id":"https:\/\/www.fleximat.es\/bn\/#\/schema\/logo\/image\/","url":"https:\/\/www.fleximat.es\/wp-content\/uploads\/2023\/11\/fleximat-logo-1.png","contentUrl":"https:\/\/www.fleximat.es\/wp-content\/uploads\/2023\/11\/fleximat-logo-1.png","width":1169,"height":289,"caption":"Fleximat"},"image":{"@id":"https:\/\/www.fleximat.es\/bn\/#\/schema\/logo\/image\/"}}]}},"taxonomy_info":{"product_cat":[{"value":68,"label":"Tubos flexibles, racores y accesorios"},{"value":71,"label":"Racores y accesorios met\u00e1licos"}]},"featured_image_src_large":["https:\/\/www.fleximat.es\/wp-content\/uploads\/2023\/10\/racor-hembra-liquid-tight-ip-67-700x524-1.png",600,600,false],"author_info":[],"comment_info":"","_links":{"self":[{"href":"https:\/\/www.fleximat.es\/en\/wp-json\/wp\/v2\/product\/1712"}],"collection":[{"href":"https:\/\/www.fleximat.es\/en\/wp-json\/wp\/v2\/product"}],"about":[{"href":"https:\/\/www.fleximat.es\/en\/wp-json\/wp\/v2\/types\/product"}],"wp:featuredmedia":[{"embeddable":true,"href":"https:\/\/www.fleximat.es\/en\/wp-json\/wp\/v2\/media\/2991"}],"wp:attachment":[{"href":"https:\/\/www.fleximat.es\/en\/wp-json\/wp\/v2\/media?parent=1712"}],"wp:term":[{"taxonomy":"product_cat","embeddable":true,"href":"https:\/\/www.fleximat.es\/en\/wp-json\/wp\/v2\/product_cat?post=1712"},{"taxonomy":"product_tag","embeddable":true,"href":"https:\/\/www.fleximat.es\/en\/wp-json\/wp\/v2\/product_tag?post=1712"}],"curies":[{"name":"wp","href":"https:\/\/api.w.org\/{rel}","templated":true}]}}