{"id":1330,"date":"2023-10-10T18:47:04","date_gmt":"2023-10-10T16:47:04","guid":{"rendered":"https:\/\/www.fleximat.es\/?page_id=1330"},"modified":"2023-11-23T10:52:13","modified_gmt":"2023-11-23T09:52:13","slug":"politica-de-cookies","status":"publish","type":"page","link":"https:\/\/www.fleximat.es\/eu\/politica-de-cookies\/","title":{"rendered":"Cookieen politika"},"content":{"rendered":"<h2 class=\"wp-block-heading\">Zer dira cookieak?<\/h2>\n\n\n\n<p>Cookie-a zure ordenagailura deskargatzen den fitxategi bat da, web orri jakin batzuetara sartzen zarenean. Cookieei esker, webgune bati, besteak beste, erabiltzaile baten edo bere ekipoen nabigazio-ohiturei buruzko informazioa gorde eta berreskuratu eta, daukaten informazioaren eta zure ekipoa erabiltzeko moduaren arabera, erabiltzailea ezagutzeko erabil daitezke. Erabiltzailearen nabigatzaileak disko gogorrean uneko saioan soilik gordetzen ditu cookieak, memoria gutxieneko espazioa hartuz eta ordenagailua kaltetu gabe. Cookieek ez dute informazio pertsonal zehatzik, eta gehienak disko gogorretik ezabatzen dira arakatzailearen saioaren amaieran (saioko cookieak deiturikoak).<\/p>\n\n\n\n<p>Nabigatzaile gehienek cookie-ak onartzen dituzte estandar gisa, eta, horiek alde batera utzita, segurtasun-ezarpenetan behin-behineko edo memorizatutako cookie-ak onartzen edo eragozten dituzte.<\/p>\n\n\n\n<p>Zure berariazko baimenik gabe, zure nabigatzailean cookieak aktibatuz, orrialde honek ez ditu lotuko cookieetan erregistratu edo erostean emandako datu pertsonalekin gordetako datuak.<\/p>\n\n\n\n<p><strong>Zein cookie mota erabiltzen ditu webgune honek?<\/strong><\/p>\n\n\n\n<ul class=\"wp-block-list\">\n<li>Cookie teknikoak: Erabiltzaileari web orri, plataforma edo aplikazio batetik nabigatzeko eta bertan dauden aukera edo zerbitzu desberdinak erabiltzeko aukera ematen diotenak dira, adibidez, trafikoa eta datuen komunikazioa kontrolatzea, saioa identifikatzea, sarbide mugatua atzitzea. zatiak, gogoratu eskaera bat osatzen duten elementuak, eskaera baten erosketa-prozesua burutzea, izen-ematea edo ekitaldi batean parte hartzeko eskaera egitea, nabigazioan segurtasun-elementuak erabiltzea, bideoak edo soinuak zabaltzeko edukia gordetzea edo edukia sozialen bidez partekatzea. sareak.<\/li>\n\n\n\n<li>Pertsonalizazio-cookieak: Erabiltzaileari zerbitzura sartzeko aukera ematen diotenak dira, erabiltzailearen terminalean hainbat irizpideren arabera aurrez zehaztutako ezaugarri orokor batzuekin, hala nola hizkuntza, erabiltzailea zerbitzura sartzeko nabigatzaile mota. , lokalizazioa. zerbitzura sartzen zaren tokitik, etab.<\/li>\n\n\n\n<li>Analisi-cookieak: Guk edo hirugarrenek ondo tratatuta, erabiltzaile-kopurua kuantifikatzeko aukera ematen digutenak dira eta, horrela, eskainitako zerbitzuaren erabiltzaileek egiten duten erabileraren neurketa eta analisi estatistikoa egiteko. Horretarako, gure webgunean egiten duzun nabigazioa aztertzen da, eskaintzen ditugun produktu edo zerbitzuen eskaintza hobetzeko.<\/li>\n\n\n\n<li>Publizitate-cookieak: Guk edo hirugarrenek tratatuak izan, webguneko publizitate-espazioen eskaintza ahalik eta modu eraginkorrenean kudeatzeko aukera ematen digutenak dira, iragarkiaren edukia eskatutako zerbitzuaren edukira edo egokituz. gure webgunetik egiten duzun erabilera. Horretarako, zure Interneten nabigatzeko ohiturak aztertu ditzakegu eta zure nabigazio-profilarekin lotutako publizitatea erakutsi diezazukegu.<\/li>\n\n\n\n<li>Jokabideen publizitate-cookieak: Eskatutako zerbitzua eskaintzen den web orri, aplikazio edo plataforma batean, hala badagokio, editoreak sartu dituen publizitate-espazioak ahalik eta modu eraginkorrenean kudeatzea ahalbidetzen dutenak dira. Cookie hauek beren nabigazio ohituren etengabeko behaketaren bidez lortutako erabiltzailearen portaerari buruzko informazioa gordetzen dute, eta horri esker, profil zehatz bat garatzen da bertan oinarritutako publizitatea bistaratzeko.<\/li>\n<\/ul>\n\n\n\n<h2 class=\"wp-block-heading\">Hirugarrenen cookieak<\/h2>\n\n\n\n<p>Webgune honek hirugarrenen zerbitzuak erabil ditzake, informazioa bilduko duten helburu estatistikoetarako, erabiltzaileak Webgunea erabiltzeko eta Webgunearen jarduerarekin eta Interneteko beste zerbitzu batzuekin lotutako beste zerbitzu batzuk eskaintzeko.<\/p>\n\n\n\n<p>Bereziki, webgune honek:<\/p>\n\n\n\n<ul class=\"wp-block-list\">\n<li>Cookieak&nbsp;<a href=\"http:\/\/www.google.com\/intl\/es\/analytics\/privacyoverview.html\" target=\"_blank\" rel=\"noreferrer noopener\">Google Analytics<\/a>- Bisitariek webgune hau nola erabiltzen duten aztertzeko eta neurtzeko erabiltzen dira. Informazioa gune hau hobetzeko aukera ematen duten txostenak prestatzeko erabiltzen da. Are<em>cookieak<\/em>informazioa modu anonimoan biltzea, webguneko bisitari kopurua, gunera nola iritsi diren eta gure webgunea nabigatzean bisitatu dituzun orrialdeak barne.<\/li>\n\n\n\n<li>Cookieak&nbsp;<a href=\"https:\/\/support.google.com\/youtube\/answer\/2407785?hl=es-419\" target=\"_blank\" rel=\"noreferrer noopener\">Youtube<\/a>: beste webguneetan txertatutako bideoen ikustaldi kopurua zenbatzeko erabiltzen da.<\/li>\n\n\n\n<li>Cookieak&nbsp;<a href=\"http:\/\/www.addthis.com\/privacy\" target=\"_blank\" rel=\"noreferrer noopener\">Gehitu hau<\/a>: webguneei eta haien erabiltzaileei edukia besteekin erraz partekatzeko aukera ematen dien enpresa teknologikoa da, ikonoak eta laster-marka sozialen helmugak partekatuz. AddThis cookieak edukia partekatu ahal izateko erabiltzen dira. AddThis webgunearen edukia nola partekatzen den informazioa biltzeko ere erabiltzen da. Cookieek erabiltzailea modu berezian identifikatzen laguntzen dute (pertsonalki ez bada ere, helbidearen arabera baizik), denbora zehatz batean zereginak ez errepikatzeko.<\/li>\n\n\n\n<li>Beste pertsonalizazio-cookie batzuk: cookie hauek erabiltzaileari webgunearen aukera orokorren ezaugarri batzuk zehaztu edo pertsonaliza ditzake. Adibidez, zehaztu hizkuntza, eskualdeko ezarpenak edo arakatzaile mota.<a href=\"http:\/\/www.addthis.com\/privacy\" target=\"_blank\" rel=\"noreferrer noopener\">Gehitu hau<\/a><br><a href=\"https:\/\/es-es.facebook.com\/help\/cookies\" target=\"_blank\" rel=\"noreferrer noopener\">Facebook<\/a><br><a href=\"https:\/\/twitter.com\/privacy\" target=\"_blank\" rel=\"noreferrer noopener\">Twitter<\/a><br><a href=\"http:\/\/www.google.es\/intl\/es\/policies\/technologies\/types\/\" target=\"_blank\" rel=\"noreferrer noopener\">Google<\/a><br><a href=\"https:\/\/support.google.com\/youtube\/answer\/2407785?hl=es-419\" target=\"_blank\" rel=\"noreferrer noopener\">Youtube<\/a>Erabiltzaileak berariaz onartzen du, Gune hau erabiliz, bildutako informazioa goian aipatutako moduan eta helburuetarako tratatzea. Era berean, onartzen duzu datu edo informazio horien tratamendua baztertzeko aukera ezagutzen duzula Cookieen erabilera baztertuz, zure nabigatzailean horretarako konfigurazio egokiak hautatuz. Nahiz eta zure nabigatzailean Cookieak blokeatzeko aukera honek Webgunearen eginbide guztiak guztiz erabiltzeko aukera emango ez dizun arren<\/li>\n<\/ul>\n\n\n\n<p>Zure ordenagailuan instalatutako cookieak baimendu, blokeatu edo ezabatu ditzakezu zure ordenagailuan instalatutako arakatzailearen aukerak konfiguratuz:<\/p>\n\n\n\n<ul class=\"wp-block-list\">\n<li><a href=\"http:\/\/support.google.com\/chrome\/bin\/answer.py?hl=es&amp;answer=95647\" target=\"_blank\" rel=\"noreferrer noopener\">Chrome<\/a><\/li>\n\n\n\n<li><a href=\"http:\/\/windows.microsoft.com\/es-es\/windows7\/how-to-manage-cookies-in-internet-explorer-9\" target=\"_blank\" rel=\"noreferrer noopener\">esploratzailea<\/a><\/li>\n\n\n\n<li><a href=\"http:\/\/support.mozilla.org\/es\/kb\/habilitar-y-deshabilitar-cookies-que-los-sitios-we\" target=\"_blank\" rel=\"noreferrer noopener\">Firefox<\/a><\/li>\n\n\n\n<li><a href=\"http:\/\/support.apple.com\/kb\/ph5042\" target=\"_blank\" rel=\"noreferrer noopener\">Safaria<\/a><\/li>\n<\/ul>\n\n\n\n<p>Cookie politika honi buruzko galderarik baduzu, gurekin harremanetan jar zaitezke helbide honetan&nbsp;<a href=\"mailto:comercial@fleximat.es\">comercial@fleximat.es<\/a><\/p>","protected":false},"excerpt":{"rendered":"<p>\u00bfQu\u00e9 son las cookies? Cookie es un fichero que se descarga en su ordenador al acceder a determinadas p\u00e1ginas web. Las cookies permiten a una p\u00e1gina web, entre otras cosas, almacenar y recuperar informaci\u00f3n sobre los h\u00e1bitos de navegaci\u00f3n de un usuario o de su equipo y, dependiendo de la informaci\u00f3n que contengan y de&#8230;<\/p>","protected":false},"author":1,"featured_media":0,"parent":0,"menu_order":17,"comment_status":"closed","ping_status":"closed","template":"","meta":{"_kad_blocks_custom_css":"","_kad_blocks_head_custom_js":"","_kad_blocks_body_custom_js":"","_kad_blocks_footer_custom_js":"","_kadence_starter_templates_imported_post":false,"_kad_post_transparent":"","_kad_post_title":"","_kad_post_layout":"","_kad_post_sidebar_id":"","_kad_post_content_style":"","_kad_post_vertical_padding":"","_kad_post_feature":"","_kad_post_feature_position":"","_kad_post_header":false,"_kad_post_footer":false,"footnotes":""},"class_list":["post-1330","page","type-page","status-publish","hentry"],"yoast_head":"<!-- This site is optimized with the Yoast SEO plugin v21.7 - https:\/\/yoast.com\/wordpress\/plugins\/seo\/ -->\n<title>Pol\u00edtica de Cookies - Fleximat<\/title>\n<meta name=\"robots\" content=\"index, follow, max-snippet:-1, max-image-preview:large, max-video-preview:-1\" \/>\n<link rel=\"canonical\" href=\"https:\/\/www.fleximat.es\/eu\/politica-de-cookies\/\" \/>\n<meta property=\"og:locale\" content=\"en_US\" \/>\n<meta property=\"og:type\" content=\"article\" \/>\n<meta property=\"og:title\" content=\"Pol\u00edtica de Cookies - Fleximat\" \/>\n<meta property=\"og:description\" content=\"\u00bfQu\u00e9 son las cookies? Cookie es un fichero que se descarga en su ordenador al acceder a determinadas p\u00e1ginas web. Las cookies permiten a una p\u00e1gina web, entre otras cosas, almacenar y recuperar informaci\u00f3n sobre los h\u00e1bitos de navegaci\u00f3n de un usuario o de su equipo y, dependiendo de la informaci\u00f3n que contengan y de...\" \/>\n<meta property=\"og:url\" content=\"https:\/\/www.fleximat.es\/eu\/politica-de-cookies\/\" \/>\n<meta property=\"og:site_name\" content=\"Fleximat\" \/>\n<meta property=\"article:modified_time\" content=\"2023-11-23T09:52:13+00:00\" \/>\n<meta name=\"twitter:card\" content=\"summary_large_image\" \/>\n<meta name=\"twitter:label1\" content=\"Est. reading time\" \/>\n\t<meta name=\"twitter:data1\" content=\"5 minutua\" \/>\n<script type=\"application\/ld+json\" class=\"yoast-schema-graph\">{\"@context\":\"https:\/\/schema.org\",\"@graph\":[{\"@type\":\"WebPage\",\"@id\":\"https:\/\/www.fleximat.es\/politica-de-cookies\/\",\"url\":\"https:\/\/www.fleximat.es\/politica-de-cookies\/\",\"name\":\"Pol\u00edtica de Cookies - Fleximat\",\"isPartOf\":{\"@id\":\"https:\/\/www.fleximat.es\/bn\/#website\"},\"datePublished\":\"2023-10-10T16:47:04+00:00\",\"dateModified\":\"2023-11-23T09:52:13+00:00\",\"breadcrumb\":{\"@id\":\"https:\/\/www.fleximat.es\/politica-de-cookies\/#breadcrumb\"},\"inLanguage\":\"eu\",\"potentialAction\":[{\"@type\":\"ReadAction\",\"target\":[\"https:\/\/www.fleximat.es\/politica-de-cookies\/\"]}]},{\"@type\":\"BreadcrumbList\",\"@id\":\"https:\/\/www.fleximat.es\/politica-de-cookies\/#breadcrumb\",\"itemListElement\":[{\"@type\":\"ListItem\",\"position\":1,\"name\":\"Portada\",\"item\":\"https:\/\/www.fleximat.es\/\"},{\"@type\":\"ListItem\",\"position\":2,\"name\":\"Pol\u00edtica de Cookies\"}]},{\"@type\":\"WebSite\",\"@id\":\"https:\/\/www.fleximat.es\/bn\/#website\",\"url\":\"https:\/\/www.fleximat.es\/bn\/\",\"name\":\"Fleximat\",\"description\":\"Tu soluci\u00f3n en prensaestopas y tubos flexibles\",\"publisher\":{\"@id\":\"https:\/\/www.fleximat.es\/bn\/#organization\"},\"potentialAction\":[{\"@type\":\"SearchAction\",\"target\":{\"@type\":\"EntryPoint\",\"urlTemplate\":\"https:\/\/www.fleximat.es\/bn\/?s={search_term_string}\"},\"query-input\":\"required name=search_term_string\"}],\"inLanguage\":\"eu\"},{\"@type\":\"Organization\",\"@id\":\"https:\/\/www.fleximat.es\/bn\/#organization\",\"name\":\"Fleximat\",\"url\":\"https:\/\/www.fleximat.es\/bn\/\",\"logo\":{\"@type\":\"ImageObject\",\"inLanguage\":\"eu\",\"@id\":\"https:\/\/www.fleximat.es\/bn\/#\/schema\/logo\/image\/\",\"url\":\"https:\/\/www.fleximat.es\/wp-content\/uploads\/2023\/11\/fleximat-logo-1.png\",\"contentUrl\":\"https:\/\/www.fleximat.es\/wp-content\/uploads\/2023\/11\/fleximat-logo-1.png\",\"width\":1169,\"height\":289,\"caption\":\"Fleximat\"},\"image\":{\"@id\":\"https:\/\/www.fleximat.es\/bn\/#\/schema\/logo\/image\/\"}}]}<\/script>\n<!-- \/ Yoast SEO plugin. -->","yoast_head_json":{"title":"Pol\u00edtica de Cookies - Fleximat","robots":{"index":"index","follow":"follow","max-snippet":"max-snippet:-1","max-image-preview":"max-image-preview:large","max-video-preview":"max-video-preview:-1"},"canonical":"https:\/\/www.fleximat.es\/eu\/politica-de-cookies\/","og_locale":"en_US","og_type":"article","og_title":"Pol\u00edtica de Cookies - Fleximat","og_description":"\u00bfQu\u00e9 son las cookies? Cookie es un fichero que se descarga en su ordenador al acceder a determinadas p\u00e1ginas web. Las cookies permiten a una p\u00e1gina web, entre otras cosas, almacenar y recuperar informaci\u00f3n sobre los h\u00e1bitos de navegaci\u00f3n de un usuario o de su equipo y, dependiendo de la informaci\u00f3n que contengan y de...","og_url":"https:\/\/www.fleximat.es\/eu\/politica-de-cookies\/","og_site_name":"Fleximat","article_modified_time":"2023-11-23T09:52:13+00:00","twitter_card":"summary_large_image","twitter_misc":{"Est. reading time":"5 minutua"},"schema":{"@context":"https:\/\/schema.org","@graph":[{"@type":"WebPage","@id":"https:\/\/www.fleximat.es\/politica-de-cookies\/","url":"https:\/\/www.fleximat.es\/politica-de-cookies\/","name":"Pol\u00edtica de Cookies - Fleximat","isPartOf":{"@id":"https:\/\/www.fleximat.es\/bn\/#website"},"datePublished":"2023-10-10T16:47:04+00:00","dateModified":"2023-11-23T09:52:13+00:00","breadcrumb":{"@id":"https:\/\/www.fleximat.es\/politica-de-cookies\/#breadcrumb"},"inLanguage":"eu","potentialAction":[{"@type":"ReadAction","target":["https:\/\/www.fleximat.es\/politica-de-cookies\/"]}]},{"@type":"BreadcrumbList","@id":"https:\/\/www.fleximat.es\/politica-de-cookies\/#breadcrumb","itemListElement":[{"@type":"ListItem","position":1,"name":"Portada","item":"https:\/\/www.fleximat.es\/"},{"@type":"ListItem","position":2,"name":"Pol\u00edtica de Cookies"}]},{"@type":"WebSite","@id":"https:\/\/www.fleximat.es\/bn\/#website","url":"https:\/\/www.fleximat.es\/bn\/","name":"Fleximat","description":"Tu soluci\u00f3n en prensaestopas y tubos flexibles","publisher":{"@id":"https:\/\/www.fleximat.es\/bn\/#organization"},"potentialAction":[{"@type":"SearchAction","target":{"@type":"EntryPoint","urlTemplate":"https:\/\/www.fleximat.es\/bn\/?s={search_term_string}"},"query-input":"required name=search_term_string"}],"inLanguage":"eu"},{"@type":"Organization","@id":"https:\/\/www.fleximat.es\/bn\/#organization","name":"Fleximat","url":"https:\/\/www.fleximat.es\/bn\/","logo":{"@type":"ImageObject","inLanguage":"eu","@id":"https:\/\/www.fleximat.es\/bn\/#\/schema\/logo\/image\/","url":"https:\/\/www.fleximat.es\/wp-content\/uploads\/2023\/11\/fleximat-logo-1.png","contentUrl":"https:\/\/www.fleximat.es\/wp-content\/uploads\/2023\/11\/fleximat-logo-1.png","width":1169,"height":289,"caption":"Fleximat"},"image":{"@id":"https:\/\/www.fleximat.es\/bn\/#\/schema\/logo\/image\/"}}]}},"taxonomy_info":[],"featured_image_src_large":false,"author_info":{"display_name":"eloi","author_link":"https:\/\/www.fleximat.es\/eu\/author\/eloi\/"},"comment_info":0,"_links":{"self":[{"href":"https:\/\/www.fleximat.es\/eu\/wp-json\/wp\/v2\/pages\/1330"}],"collection":[{"href":"https:\/\/www.fleximat.es\/eu\/wp-json\/wp\/v2\/pages"}],"about":[{"href":"https:\/\/www.fleximat.es\/eu\/wp-json\/wp\/v2\/types\/page"}],"author":[{"embeddable":true,"href":"https:\/\/www.fleximat.es\/eu\/wp-json\/wp\/v2\/users\/1"}],"replies":[{"embeddable":true,"href":"https:\/\/www.fleximat.es\/eu\/wp-json\/wp\/v2\/comments?post=1330"}],"version-history":[{"count":0,"href":"https:\/\/www.fleximat.es\/eu\/wp-json\/wp\/v2\/pages\/1330\/revisions"}],"wp:attachment":[{"href":"https:\/\/www.fleximat.es\/eu\/wp-json\/wp\/v2\/media?parent=1330"}],"curies":[{"name":"wp","href":"https:\/\/api.w.org\/{rel}","templated":true}]}}