{"id":1722,"date":"2023-10-18T17:54:06","date_gmt":"2023-10-18T15:54:06","guid":{"rendered":"https:\/\/www.fleximat.es\/?post_type=product&#038;p=1722"},"modified":"2023-10-25T09:15:17","modified_gmt":"2023-10-25T07:15:17","slug":"tubo-pa12-hb","status":"publish","type":"product","link":"https:\/\/www.fleximat.es\/eu\/produktua\/tubo-pa12-hb\/","title":{"rendered":"PA12 HB hodia"},"content":{"rendered":"<h4>Propietateak<\/h4>\n<p>Bibrazioen aurkakoa<br \/>\nTiraren aurkako UV erresistentzia handia<br \/>\nMuntaketa erraza VDE ziurtagiria (40030037)<br \/>\nHalogenorik gabe<\/p>\n<h3>Produktuaren Deskribapena<\/h3>\n<p>Hari luzeko kable gurutzadura estandarraren aldaera bat da, eta hari luzera luzeagoa eskaintzen du, proiektuaren behar zehatzetara egokituz.<\/p>\n<p>Kable-gurutzea kableatuaren konexioa babesteko erabiltzen da. Bere diseinuak eta osagai mekanikoek barne-junta elastomero bat konprimitzen dute karkasa baten barruan.<\/p>\n<p>Ohikoa da aplikazio espezifikoetan osagai txikiak egokitu behar izatea aurkezten diren diseinu eta kableatuaren babes-aukeretara. Kasu honetan, betetzeko kaxa baten harien luzera alda daiteke moldearen aldaketaren bidez.<\/p>\n<p>Hari-guruin luzeak azkar muntatzen dira eta erraz instalatzen dira, hari-guruin estandarrak bezalaxe. Laneko tenperatura-tarte zabala dute eta plastikozko guruinetan zein metalezko guruinetan eskuragarri daude.<\/p>\n<table class=\"table table-bordered table-striped\">\n<thead>\n<tr>\n<td><strong>Hariak<\/strong><\/td>\n<td><strong>Kodea<\/strong><\/td>\n<td><strong>Hmm<\/strong><\/td>\n<td><strong>GL mm<\/strong><\/td>\n<td><strong>mm<\/strong><\/td>\n<td><strong>mm<\/strong><\/td>\n<\/tr>\n<\/thead>\n<tbody>\n<tr>\n<td>M 12 X 1,5<\/td>\n<td>OMRL 01L<\/td>\n<td>24<\/td>\n<td>8<\/td>\n<td>15<\/td>\n<td>3-65<\/td>\n<\/tr>\n<tr>\n<td>M 16 X 1,5<\/td>\n<td>OMRL 11S<\/td>\n<td>28<\/td>\n<td>8<\/td>\n<td>19<\/td>\n<td>3-65<\/td>\n<\/tr>\n<tr>\n<td>M 16 X 1,5<\/td>\n<td>OMRL 11<\/td>\n<td>29<\/td>\n<td>15<\/td>\n<td>22<\/td>\n<td>5-10<\/td>\n<\/tr>\n<tr>\n<td>M 20 X 1,5<\/td>\n<td>OMRL 12RS<\/td>\n<td>29<\/td>\n<td>15<\/td>\n<td>24<\/td>\n<td>4-10<\/td>\n<\/tr>\n<tr>\n<td>M 20 X 1,5<\/td>\n<td>OMRL 12<\/td>\n<td>29<\/td>\n<td>15<\/td>\n<td>24<\/td>\n<td>6-12<\/td>\n<\/tr>\n<tr>\n<td>M 25 X 1,5<\/td>\n<td>OMRL 13<\/td>\n<td>33<\/td>\n<td>15<\/td>\n<td>27<\/td>\n<td>10-14<\/td>\n<\/tr>\n<tr>\n<td>M 25 X 1,5<\/td>\n<td>OMRL 14<\/td>\n<td>38<\/td>\n<td>15<\/td>\n<td>33<\/td>\n<td>13-18<\/td>\n<\/tr>\n<tr>\n<td>M 32 X 1,5<\/td>\n<td>OMRL 15<\/td>\n<td>41<\/td>\n<td>18<\/td>\n<td>42<\/td>\n<td>18-25<\/td>\n<\/tr>\n<tr>\n<td>M 40 X 1,5<\/td>\n<td>OMRL 16<\/td>\n<td>51<\/td>\n<td>18<\/td>\n<td>23<\/td>\n<td>22-32<\/td>\n<\/tr>\n<\/tbody>\n<\/table>","protected":false},"excerpt":{"rendered":"<h3>Ezaugarriak<\/h3>\n<table>\n<tbody>\n<tr>\n<td><strong>Boneta<\/strong><\/td>\n<td>Poliamida PA6 V2<\/td>\n<\/tr>\n<tr>\n<td><strong>Zigilatzeko junta<\/strong><\/td>\n<td>POS<\/td>\n<\/tr>\n<tr>\n<td><strong>Gorputza<\/strong><\/td>\n<td>Poliamida PA6 V2<\/td>\n<\/tr>\n<tr>\n<td><strong>O-ringa<\/strong><\/td>\n<td>NBR<\/td>\n<\/tr>\n<tr>\n<td><strong>Hari mota<\/strong><\/td>\n<td>Metrikoa (EN 60423)<\/td>\n<\/tr>\n<tr>\n<td><strong>Estutasuna<\/strong><\/td>\n<td>IP68 - 5 bar<\/td>\n<\/tr>\n<tr>\n<td><strong>Etengabeko lan-tenperatura<\/strong><\/td>\n<td>-20 \u00baC +100 \u00baC<\/td>\n<\/tr>\n<\/tbody>\n<\/table>","protected":false},"featured_media":1742,"template":"","meta":{"_kad_blocks_custom_css":"","_kad_blocks_head_custom_js":"","_kad_blocks_body_custom_js":"","_kad_blocks_footer_custom_js":"","_kadence_starter_templates_imported_post":false,"_kad_post_transparent":"default","_kad_post_title":"","_kad_post_layout":"default","_kad_post_sidebar_id":"","_kad_post_content_style":"default","_kad_post_vertical_padding":"default","_kad_post_feature":"","_kad_post_feature_position":"","_kad_post_header":false,"_kad_post_footer":false},"product_cat":[68,77,78],"product_tag":[],"class_list":{"0":"post-1722","1":"product","2":"type-product","3":"status-publish","4":"has-post-thumbnail","6":"product_cat-tubos-flexibles-racores-y-accesorios","7":"product_cat-tubos-flexibles-de-poliamida-y-accesorios","8":"product_cat-tubos-flexibles-poliamida-especiales","10":"first","11":"instock","12":"shipping-taxable","13":"product-type-simple","14":"entry","15":"content-bg","16":"loop-entry"},"yoast_head":"<!-- This site is optimized with the Yoast SEO plugin v21.7 - https:\/\/yoast.com\/wordpress\/plugins\/seo\/ -->\n<title>Tubo PA12 HB - Fleximat<\/title>\n<meta name=\"robots\" content=\"index, follow, max-snippet:-1, max-image-preview:large, max-video-preview:-1\" \/>\n<link rel=\"canonical\" href=\"https:\/\/www.fleximat.es\/eu\/product\/tubo-pa12-hb\/\" \/>\n<meta property=\"og:locale\" content=\"en_US\" \/>\n<meta property=\"og:type\" content=\"article\" \/>\n<meta property=\"og:title\" content=\"Tubo PA12 HB - Fleximat\" \/>\n<meta property=\"og:description\" content=\"Caracter\u00edsticas    Sombrerete Poliamida PA6 V2   Junta de sellado TPV   Cuerpo Poliamida PA6 V2   Junta t\u00f3rica NBR   Tipo de Rosca M\u00e9trica (EN 60423)   Estanqueidad IP68 - 5 bar   Temperatura de trabajo continua -20 \u00baC +100 \u00baC\" \/>\n<meta property=\"og:url\" content=\"https:\/\/www.fleximat.es\/eu\/product\/tubo-pa12-hb\/\" \/>\n<meta property=\"og:site_name\" content=\"Fleximat\" \/>\n<meta property=\"article:modified_time\" content=\"2023-10-25T07:15:17+00:00\" \/>\n<meta property=\"og:image\" content=\"https:\/\/www.fleximat.es\/wp-content\/uploads\/2023\/10\/th_crop_1572264382todos-tipos-tubos.jpg\" \/>\n\t<meta property=\"og:image:width\" content=\"600\" \/>\n\t<meta property=\"og:image:height\" content=\"600\" \/>\n\t<meta property=\"og:image:type\" content=\"image\/jpeg\" \/>\n<meta name=\"twitter:card\" content=\"summary_large_image\" \/>\n<meta name=\"twitter:label1\" content=\"Est. reading time\" \/>\n\t<meta name=\"twitter:data1\" content=\"1 minutua\" \/>\n<script type=\"application\/ld+json\" class=\"yoast-schema-graph\">{\"@context\":\"https:\/\/schema.org\",\"@graph\":[{\"@type\":\"WebPage\",\"@id\":\"https:\/\/www.fleximat.es\/ja\/product\/tubo-pa12-hb\/\",\"url\":\"https:\/\/www.fleximat.es\/ja\/product\/tubo-pa12-hb\/\",\"name\":\"Tubo PA12 HB - Fleximat\",\"isPartOf\":{\"@id\":\"https:\/\/www.fleximat.es\/bn\/#website\"},\"datePublished\":\"2023-10-18T15:54:06+00:00\",\"dateModified\":\"2023-10-25T07:15:17+00:00\",\"breadcrumb\":{\"@id\":\"https:\/\/www.fleximat.es\/ja\/product\/tubo-pa12-hb\/#breadcrumb\"},\"inLanguage\":\"eu\",\"potentialAction\":[{\"@type\":\"ReadAction\",\"target\":[\"https:\/\/www.fleximat.es\/ja\/product\/tubo-pa12-hb\/\"]}]},{\"@type\":\"BreadcrumbList\",\"@id\":\"https:\/\/www.fleximat.es\/ja\/product\/tubo-pa12-hb\/#breadcrumb\",\"itemListElement\":[{\"@type\":\"ListItem\",\"position\":1,\"name\":\"Portada\",\"item\":\"https:\/\/www.fleximat.es\/\"},{\"@type\":\"ListItem\",\"position\":2,\"name\":\"Productos\",\"item\":\"https:\/\/www.fleximat.es\/en\/productos\/\"},{\"@type\":\"ListItem\",\"position\":3,\"name\":\"Tubo PA12 HB\"}]},{\"@type\":\"WebSite\",\"@id\":\"https:\/\/www.fleximat.es\/bn\/#website\",\"url\":\"https:\/\/www.fleximat.es\/bn\/\",\"name\":\"Fleximat\",\"description\":\"Tu soluci\u00f3n en prensaestopas y tubos flexibles\",\"publisher\":{\"@id\":\"https:\/\/www.fleximat.es\/bn\/#organization\"},\"potentialAction\":[{\"@type\":\"SearchAction\",\"target\":{\"@type\":\"EntryPoint\",\"urlTemplate\":\"https:\/\/www.fleximat.es\/bn\/?s={search_term_string}\"},\"query-input\":\"required name=search_term_string\"}],\"inLanguage\":\"eu\"},{\"@type\":\"Organization\",\"@id\":\"https:\/\/www.fleximat.es\/bn\/#organization\",\"name\":\"Fleximat\",\"url\":\"https:\/\/www.fleximat.es\/bn\/\",\"logo\":{\"@type\":\"ImageObject\",\"inLanguage\":\"eu\",\"@id\":\"https:\/\/www.fleximat.es\/bn\/#\/schema\/logo\/image\/\",\"url\":\"https:\/\/www.fleximat.es\/wp-content\/uploads\/2023\/11\/fleximat-logo-1.png\",\"contentUrl\":\"https:\/\/www.fleximat.es\/wp-content\/uploads\/2023\/11\/fleximat-logo-1.png\",\"width\":1169,\"height\":289,\"caption\":\"Fleximat\"},\"image\":{\"@id\":\"https:\/\/www.fleximat.es\/bn\/#\/schema\/logo\/image\/\"}}]}<\/script>\n<!-- \/ Yoast SEO plugin. -->","yoast_head_json":{"title":"Tubo PA12 HB - Fleximat","robots":{"index":"index","follow":"follow","max-snippet":"max-snippet:-1","max-image-preview":"max-image-preview:large","max-video-preview":"max-video-preview:-1"},"canonical":"https:\/\/www.fleximat.es\/eu\/product\/tubo-pa12-hb\/","og_locale":"en_US","og_type":"article","og_title":"Tubo PA12 HB - Fleximat","og_description":"Caracter\u00edsticas    Sombrerete Poliamida PA6 V2   Junta de sellado TPV   Cuerpo Poliamida PA6 V2   Junta t\u00f3rica NBR   Tipo de Rosca M\u00e9trica (EN 60423)   Estanqueidad IP68 - 5 bar   Temperatura de trabajo continua -20 \u00baC +100 \u00baC","og_url":"https:\/\/www.fleximat.es\/eu\/product\/tubo-pa12-hb\/","og_site_name":"Fleximat","article_modified_time":"2023-10-25T07:15:17+00:00","og_image":[{"width":600,"height":600,"url":"https:\/\/www.fleximat.es\/wp-content\/uploads\/2023\/10\/th_crop_1572264382todos-tipos-tubos.jpg","type":"image\/jpeg"}],"twitter_card":"summary_large_image","twitter_misc":{"Est. reading time":"1 minutua"},"schema":{"@context":"https:\/\/schema.org","@graph":[{"@type":"WebPage","@id":"https:\/\/www.fleximat.es\/ja\/product\/tubo-pa12-hb\/","url":"https:\/\/www.fleximat.es\/ja\/product\/tubo-pa12-hb\/","name":"Tubo PA12 HB - Fleximat","isPartOf":{"@id":"https:\/\/www.fleximat.es\/bn\/#website"},"datePublished":"2023-10-18T15:54:06+00:00","dateModified":"2023-10-25T07:15:17+00:00","breadcrumb":{"@id":"https:\/\/www.fleximat.es\/ja\/product\/tubo-pa12-hb\/#breadcrumb"},"inLanguage":"eu","potentialAction":[{"@type":"ReadAction","target":["https:\/\/www.fleximat.es\/ja\/product\/tubo-pa12-hb\/"]}]},{"@type":"BreadcrumbList","@id":"https:\/\/www.fleximat.es\/ja\/product\/tubo-pa12-hb\/#breadcrumb","itemListElement":[{"@type":"ListItem","position":1,"name":"Portada","item":"https:\/\/www.fleximat.es\/"},{"@type":"ListItem","position":2,"name":"Productos","item":"https:\/\/www.fleximat.es\/en\/productos\/"},{"@type":"ListItem","position":3,"name":"Tubo PA12 HB"}]},{"@type":"WebSite","@id":"https:\/\/www.fleximat.es\/bn\/#website","url":"https:\/\/www.fleximat.es\/bn\/","name":"Fleximat","description":"Tu soluci\u00f3n en prensaestopas y tubos flexibles","publisher":{"@id":"https:\/\/www.fleximat.es\/bn\/#organization"},"potentialAction":[{"@type":"SearchAction","target":{"@type":"EntryPoint","urlTemplate":"https:\/\/www.fleximat.es\/bn\/?s={search_term_string}"},"query-input":"required name=search_term_string"}],"inLanguage":"eu"},{"@type":"Organization","@id":"https:\/\/www.fleximat.es\/bn\/#organization","name":"Fleximat","url":"https:\/\/www.fleximat.es\/bn\/","logo":{"@type":"ImageObject","inLanguage":"eu","@id":"https:\/\/www.fleximat.es\/bn\/#\/schema\/logo\/image\/","url":"https:\/\/www.fleximat.es\/wp-content\/uploads\/2023\/11\/fleximat-logo-1.png","contentUrl":"https:\/\/www.fleximat.es\/wp-content\/uploads\/2023\/11\/fleximat-logo-1.png","width":1169,"height":289,"caption":"Fleximat"},"image":{"@id":"https:\/\/www.fleximat.es\/bn\/#\/schema\/logo\/image\/"}}]}},"taxonomy_info":{"product_cat":[{"value":68,"label":"Tubos flexibles, racores y accesorios"},{"value":77,"label":"Tubos flexibles de poliamida y accesorios"},{"value":78,"label":"Tubos Flexibles Poliamida Especiales"}]},"featured_image_src_large":["https:\/\/www.fleximat.es\/wp-content\/uploads\/2023\/10\/th_crop_1572264382todos-tipos-tubos.jpg",600,600,false],"author_info":[],"comment_info":"","_links":{"self":[{"href":"https:\/\/www.fleximat.es\/eu\/wp-json\/wp\/v2\/product\/1722"}],"collection":[{"href":"https:\/\/www.fleximat.es\/eu\/wp-json\/wp\/v2\/product"}],"about":[{"href":"https:\/\/www.fleximat.es\/eu\/wp-json\/wp\/v2\/types\/product"}],"wp:featuredmedia":[{"embeddable":true,"href":"https:\/\/www.fleximat.es\/eu\/wp-json\/wp\/v2\/media\/1742"}],"wp:attachment":[{"href":"https:\/\/www.fleximat.es\/eu\/wp-json\/wp\/v2\/media?parent=1722"}],"wp:term":[{"taxonomy":"product_cat","embeddable":true,"href":"https:\/\/www.fleximat.es\/eu\/wp-json\/wp\/v2\/product_cat?post=1722"},{"taxonomy":"product_tag","embeddable":true,"href":"https:\/\/www.fleximat.es\/eu\/wp-json\/wp\/v2\/product_tag?post=1722"}],"curies":[{"name":"wp","href":"https:\/\/api.w.org\/{rel}","templated":true}]}}