{"id":1745,"date":"2023-10-18T17:54:26","date_gmt":"2023-10-18T15:54:26","guid":{"rendered":"https:\/\/www.fleximat.es\/?post_type=product&#038;p=1745"},"modified":"2023-11-27T10:51:32","modified_gmt":"2023-11-27T09:51:32","slug":"puntera-aislada-en-cartucho","status":"publish","type":"product","link":"https:\/\/www.fleximat.es\/eu\/produktua\/puntera-aislada-en-cartucho\/","title":{"rendered":"Kartutxo isolatua"},"content":{"rendered":"<h4>Propietateak<\/h4>\n<p>Hainbat kable edo kable lauetarako<br \/>\nBibrazioen aurkako babesa Muntaketa erraza<br \/>\nHalogenorik gabeko UV Erresistentzia<\/p>\n<h3>Produktuaren Deskribapena<\/h3>\n<p>Kable anitzeko kable-ahokadura arruntaren aldaera bat da, eta barne-juntura bat dauka, zulodun kable elektriko kopuru jakin bat pasatzeko.<\/p>\n<p>Kable anitzeko guruina edo horma-harreila kableatu-konexioa babesteko erabiltzen da. Bere diseinuak eta osagai mekanikoek barruko elastomeriko junta bat konprimitzen dute karkasa baten barruan. Era berean, barruko juntadurak proiektuaren zehaztapenen arabera banatzen ditu kableak.<\/p>\n<p>Hainbat kableentzako kable-hoinek propietate aniztasun handia eskaintzen dute, mekanikoak, kimikoak edo errendimenduak izan, eta material plastikoetan zein metalezko bertsioan daude eskuragarri.<\/p>\n<p>Kable anitzeko guruinek beren juntadurako zuloetarako beharrezkoak diren kable kopuru eta diametro ugaritan daude.<\/p>\n<table class=\"table table-bordered table-striped\">\n<thead>\n<tr>\n<td colspan=\"3\"><strong>Hariak<\/strong><\/td>\n<td><strong>Kodea<\/strong><\/td>\n<td><strong>Zulo kopurua<\/strong><\/td>\n<td><strong>Cmm<\/strong><\/td>\n<\/tr>\n<\/thead>\n<tbody>\n<tr>\n<td colspan=\"3\">PG 9<\/td>\n<td>ORB 02A3<\/td>\n<td>2<\/td>\n<td>3<\/td>\n<\/tr>\n<tr>\n<td colspan=\"3\">PG 9<\/td>\n<td>ORB 02B3<\/td>\n<td>3<\/td>\n<td>3<\/td>\n<\/tr>\n<tr>\n<td colspan=\"3\">PG 9<\/td>\n<td>ORB 02C3<\/td>\n<td>4<\/td>\n<td>3<\/td>\n<\/tr>\n<tr>\n<td colspan=\"3\">PG 11<\/td>\n<td>ORB 03A4<\/td>\n<td>2<\/td>\n<td>4<\/td>\n<\/tr>\n<tr>\n<td colspan=\"3\">PG 11<\/td>\n<td>ORB 03A5<\/td>\n<td>2<\/td>\n<td>5<\/td>\n<\/tr>\n<tr>\n<td colspan=\"3\">PG 11<\/td>\n<td>ORB 03B4<\/td>\n<td>3<\/td>\n<td>4<\/td>\n<\/tr>\n<tr>\n<td colspan=\"3\">PG 11<\/td>\n<td>ORB 03B5<\/td>\n<td>3<\/td>\n<td>5<\/td>\n<\/tr>\n<tr>\n<td colspan=\"3\">GP 13.5<\/td>\n<td>ORB 04A5<\/td>\n<td>2<\/td>\n<td>5<\/td>\n<\/tr>\n<tr>\n<td colspan=\"3\">GP 13.5<\/td>\n<td>ORB 04A6<\/td>\n<td>2<\/td>\n<td>6<\/td>\n<\/tr>\n<tr>\n<td colspan=\"3\">GP 13.5<\/td>\n<td>ORB 04B4<\/td>\n<td>3<\/td>\n<td>4<\/td>\n<\/tr>\n<tr>\n<td colspan=\"3\">GP 13.5<\/td>\n<td>ORB 04B5<\/td>\n<td>3<\/td>\n<td>5<\/td>\n<\/tr>\n<tr>\n<td colspan=\"3\">PG 16<\/td>\n<td>ORB 05A4<\/td>\n<td>2<\/td>\n<td>4<\/td>\n<\/tr>\n<tr>\n<td colspan=\"3\">PG 16<\/td>\n<td>ORB 05A7<\/td>\n<td>2<\/td>\n<td>7<\/td>\n<\/tr>\n<tr>\n<td colspan=\"3\">PG 16<\/td>\n<td>ORB 05B4<\/td>\n<td>3<\/td>\n<td>4<\/td>\n<\/tr>\n<tr>\n<td colspan=\"3\">PG 16<\/td>\n<td>ORB 05B6<\/td>\n<td>3<\/td>\n<td>6<\/td>\n<\/tr>\n<tr>\n<td colspan=\"3\">PG 16<\/td>\n<td>ORB 05C5<\/td>\n<td>4<\/td>\n<td>5<\/td>\n<\/tr>\n<tr>\n<td colspan=\"3\">PG 21<\/td>\n<td>ORB 06A8<\/td>\n<td>2<\/td>\n<td>8<\/td>\n<\/tr>\n<tr>\n<td colspan=\"3\">PG 21<\/td>\n<td>ORB 06A9<\/td>\n<td>2<\/td>\n<td>9<\/td>\n<\/tr>\n<tr>\n<td colspan=\"3\">PG 21<\/td>\n<td>ORB 06B5<\/td>\n<td>5<\/td>\n<td>6<\/td>\n<\/tr>\n<tr>\n<td colspan=\"3\">PG 21<\/td>\n<td>ORB 06B7<\/td>\n<td>3<\/td>\n<td>7<\/td>\n<\/tr>\n<tr>\n<td colspan=\"3\">PG 21<\/td>\n<td>ORB 06B8<\/td>\n<td>3<\/td>\n<td>8<\/td>\n<\/tr>\n<tr>\n<td colspan=\"3\">PG 21<\/td>\n<td>ORB 06C7<\/td>\n<td>4<\/td>\n<td>7<\/td>\n<\/tr>\n<tr>\n<td colspan=\"3\">PG 21<\/td>\n<td>ORB 06G3<\/td>\n<td>8<\/td>\n<td>3<\/td>\n<\/tr>\n<tr>\n<td colspan=\"3\">PG 21<\/td>\n<td>ORB 06G4<\/td>\n<td>8<\/td>\n<td>4<\/td>\n<\/tr>\n<tr>\n<td colspan=\"3\">PG 29<\/td>\n<td>ORB 07C9<\/td>\n<td>4<\/td>\n<td>9<\/td>\n<\/tr>\n<tr>\n<td colspan=\"3\">PG 29<\/td>\n<td>ORB 0703<\/td>\n<td>16<\/td>\n<td>3<\/td>\n<\/tr>\n<tr>\n<td colspan=\"3\">PG 36<\/td>\n<td>ORB 08E8<\/td>\n<td>6<\/td>\n<td>8<\/td>\n<\/tr>\n<tr>\n<td colspan=\"3\">KABLE LAUA BERTSIOA<\/td>\n<td>KODE BELTZA<\/td>\n<td><\/td>\n<td><\/td>\n<\/tr>\n<tr>\n<td colspan=\"3\">PG 16<\/td>\n<td>YRB 05<\/td>\n<td>7<\/td>\n<td>13<\/td>\n<\/tr>\n<tr>\n<td colspan=\"3\">PG 21<\/td>\n<td>YRB 06<\/td>\n<td>7<\/td>\n<td>15<\/td>\n<\/tr>\n<tr>\n<td colspan=\"3\">PG 29<\/td>\n<td>YRB 07<\/td>\n<td>8<\/td>\n<td>22<\/td>\n<\/tr>\n<tr>\n<td colspan=\"3\">PG 36<\/td>\n<td>YRB 08<\/td>\n<td>10<\/td>\n<td>28<\/td>\n<\/tr>\n<tr>\n<td colspan=\"3\">PG 42<\/td>\n<td>YRB 09<\/td>\n<td>12<\/td>\n<td>33<\/td>\n<\/tr>\n<tr>\n<td colspan=\"3\">PG 48<\/td>\n<td>YRB 10<\/td>\n<td>14<\/td>\n<td>45<\/td>\n<\/tr>\n<\/tbody>\n<\/table>","protected":false},"excerpt":{"rendered":"<h3>Ezaugarriak<\/h3>\n<table>\n<tbody>\n<tr>\n<td><strong>Boneta<\/strong><\/td>\n<td>Poliamida PA6 V2<\/td>\n<\/tr>\n<tr>\n<td><strong>Zigilatzeko junta<\/strong><\/td>\n<td>TPV junta berezia kable anitzeko eta kable lauetarako<\/td>\n<\/tr>\n<tr>\n<td><strong>Gorputza<\/strong><\/td>\n<td>Poliamida PA6 V2<\/td>\n<\/tr>\n<tr>\n<td><strong>O-ringa<\/strong><\/td>\n<td>NBR (aukerakoa)<\/td>\n<\/tr>\n<tr>\n<td><strong>Hari mota<\/strong><\/td>\n<td>PG (DIN 40430)<\/td>\n<\/tr>\n<tr>\n<td><strong>Estutasuna<\/strong><\/td>\n<td>IP68<\/td>\n<\/tr>\n<tr>\n<td><strong>Etengabeko lan-tenperatura<\/strong><\/td>\n<td>-30 \u00baC +80 \u00baC +150 \u00baC (aldi baterako)<\/td>\n<\/tr>\n<\/tbody>\n<\/table>","protected":false},"featured_media":2984,"template":"","meta":{"_kad_blocks_custom_css":"","_kad_blocks_head_custom_js":"","_kad_blocks_body_custom_js":"","_kad_blocks_footer_custom_js":"","_kadence_starter_templates_imported_post":false,"_kad_post_transparent":"default","_kad_post_title":"","_kad_post_layout":"default","_kad_post_sidebar_id":"","_kad_post_content_style":"default","_kad_post_vertical_padding":"default","_kad_post_feature":"","_kad_post_feature_position":"","_kad_post_header":false,"_kad_post_footer":false},"product_cat":[75,76],"product_tag":[],"class_list":{"0":"post-1745","1":"product","2":"type-product","3":"status-publish","4":"has-post-thumbnail","6":"product_cat-punteras-de-conexion","7":"product_cat-punteras","9":"first","10":"instock","11":"shipping-taxable","12":"product-type-simple","13":"entry","14":"content-bg","15":"loop-entry"},"yoast_head":"<!-- This site is optimized with the Yoast SEO plugin v21.7 - https:\/\/yoast.com\/wordpress\/plugins\/seo\/ -->\n<title>Puntera Aislada en Cartucho - Fleximat<\/title>\n<meta name=\"robots\" content=\"index, follow, max-snippet:-1, max-image-preview:large, max-video-preview:-1\" \/>\n<link rel=\"canonical\" href=\"https:\/\/www.fleximat.es\/eu\/produktua\/puntera-aislada-en-cartucho\/\" \/>\n<meta property=\"og:locale\" content=\"en_US\" \/>\n<meta property=\"og:type\" content=\"article\" \/>\n<meta property=\"og:title\" content=\"Puntera Aislada en Cartucho - Fleximat\" \/>\n<meta property=\"og:description\" content=\"Caracter\u00edsticas    Sombrerete Poliamida PA6 V2   Junta de sellado Junta TPV especial para m\u00faltiples cables y cables planos   Cuerpo Poliamida PA6 V2   Junta t\u00f3rica NBR (opcional)   Tipo de Rosca PG (DIN 40430)   Estanqueidad IP68   Temperatura de trabajo continua -30 \u00baC +80 \u00baC +150 \u00baC (temporal)\" \/>\n<meta property=\"og:url\" content=\"https:\/\/www.fleximat.es\/eu\/produktua\/puntera-aislada-en-cartucho\/\" \/>\n<meta property=\"og:site_name\" content=\"Fleximat\" \/>\n<meta property=\"article:modified_time\" content=\"2023-11-27T09:51:32+00:00\" \/>\n<meta property=\"og:image\" content=\"https:\/\/www.fleximat.es\/wp-content\/uploads\/2023\/10\/puntera-aislada-en-cartucho-1.png\" \/>\n\t<meta property=\"og:image:width\" content=\"525\" \/>\n\t<meta property=\"og:image:height\" content=\"525\" \/>\n\t<meta property=\"og:image:type\" content=\"image\/png\" \/>\n<meta name=\"twitter:card\" content=\"summary_large_image\" \/>\n<meta name=\"twitter:label1\" content=\"Est. reading time\" \/>\n\t<meta name=\"twitter:data1\" content=\"1 minutua\" \/>\n<script type=\"application\/ld+json\" class=\"yoast-schema-graph\">{\"@context\":\"https:\/\/schema.org\",\"@graph\":[{\"@type\":\"WebPage\",\"@id\":\"https:\/\/www.fleximat.es\/producto\/puntera-aislada-en-cartucho\/\",\"url\":\"https:\/\/www.fleximat.es\/producto\/puntera-aislada-en-cartucho\/\",\"name\":\"Puntera Aislada en Cartucho - Fleximat\",\"isPartOf\":{\"@id\":\"https:\/\/www.fleximat.es\/bn\/#website\"},\"datePublished\":\"2023-10-18T15:54:26+00:00\",\"dateModified\":\"2023-11-27T09:51:32+00:00\",\"breadcrumb\":{\"@id\":\"https:\/\/www.fleximat.es\/producto\/puntera-aislada-en-cartucho\/#breadcrumb\"},\"inLanguage\":\"eu\",\"potentialAction\":[{\"@type\":\"ReadAction\",\"target\":[\"https:\/\/www.fleximat.es\/producto\/puntera-aislada-en-cartucho\/\"]}]},{\"@type\":\"BreadcrumbList\",\"@id\":\"https:\/\/www.fleximat.es\/producto\/puntera-aislada-en-cartucho\/#breadcrumb\",\"itemListElement\":[{\"@type\":\"ListItem\",\"position\":1,\"name\":\"Portada\",\"item\":\"https:\/\/www.fleximat.es\/\"},{\"@type\":\"ListItem\",\"position\":2,\"name\":\"Productos\",\"item\":\"https:\/\/www.fleximat.es\/en\/productos\/\"},{\"@type\":\"ListItem\",\"position\":3,\"name\":\"Puntera Aislada en Cartucho\"}]},{\"@type\":\"WebSite\",\"@id\":\"https:\/\/www.fleximat.es\/bn\/#website\",\"url\":\"https:\/\/www.fleximat.es\/bn\/\",\"name\":\"Fleximat\",\"description\":\"Tu soluci\u00f3n en prensaestopas y tubos flexibles\",\"publisher\":{\"@id\":\"https:\/\/www.fleximat.es\/bn\/#organization\"},\"potentialAction\":[{\"@type\":\"SearchAction\",\"target\":{\"@type\":\"EntryPoint\",\"urlTemplate\":\"https:\/\/www.fleximat.es\/bn\/?s={search_term_string}\"},\"query-input\":\"required name=search_term_string\"}],\"inLanguage\":\"eu\"},{\"@type\":\"Organization\",\"@id\":\"https:\/\/www.fleximat.es\/bn\/#organization\",\"name\":\"Fleximat\",\"url\":\"https:\/\/www.fleximat.es\/bn\/\",\"logo\":{\"@type\":\"ImageObject\",\"inLanguage\":\"eu\",\"@id\":\"https:\/\/www.fleximat.es\/bn\/#\/schema\/logo\/image\/\",\"url\":\"https:\/\/www.fleximat.es\/wp-content\/uploads\/2023\/11\/fleximat-logo-1.png\",\"contentUrl\":\"https:\/\/www.fleximat.es\/wp-content\/uploads\/2023\/11\/fleximat-logo-1.png\",\"width\":1169,\"height\":289,\"caption\":\"Fleximat\"},\"image\":{\"@id\":\"https:\/\/www.fleximat.es\/bn\/#\/schema\/logo\/image\/\"}}]}<\/script>\n<!-- \/ Yoast SEO plugin. -->","yoast_head_json":{"title":"Puntera Aislada en Cartucho - Fleximat","robots":{"index":"index","follow":"follow","max-snippet":"max-snippet:-1","max-image-preview":"max-image-preview:large","max-video-preview":"max-video-preview:-1"},"canonical":"https:\/\/www.fleximat.es\/eu\/produktua\/puntera-aislada-en-cartucho\/","og_locale":"en_US","og_type":"article","og_title":"Puntera Aislada en Cartucho - Fleximat","og_description":"Caracter\u00edsticas    Sombrerete Poliamida PA6 V2   Junta de sellado Junta TPV especial para m\u00faltiples cables y cables planos   Cuerpo Poliamida PA6 V2   Junta t\u00f3rica NBR (opcional)   Tipo de Rosca PG (DIN 40430)   Estanqueidad IP68   Temperatura de trabajo continua -30 \u00baC +80 \u00baC +150 \u00baC (temporal)","og_url":"https:\/\/www.fleximat.es\/eu\/produktua\/puntera-aislada-en-cartucho\/","og_site_name":"Fleximat","article_modified_time":"2023-11-27T09:51:32+00:00","og_image":[{"width":525,"height":525,"url":"https:\/\/www.fleximat.es\/wp-content\/uploads\/2023\/10\/puntera-aislada-en-cartucho-1.png","type":"image\/png"}],"twitter_card":"summary_large_image","twitter_misc":{"Est. reading time":"1 minutua"},"schema":{"@context":"https:\/\/schema.org","@graph":[{"@type":"WebPage","@id":"https:\/\/www.fleximat.es\/producto\/puntera-aislada-en-cartucho\/","url":"https:\/\/www.fleximat.es\/producto\/puntera-aislada-en-cartucho\/","name":"Puntera Aislada en Cartucho - Fleximat","isPartOf":{"@id":"https:\/\/www.fleximat.es\/bn\/#website"},"datePublished":"2023-10-18T15:54:26+00:00","dateModified":"2023-11-27T09:51:32+00:00","breadcrumb":{"@id":"https:\/\/www.fleximat.es\/producto\/puntera-aislada-en-cartucho\/#breadcrumb"},"inLanguage":"eu","potentialAction":[{"@type":"ReadAction","target":["https:\/\/www.fleximat.es\/producto\/puntera-aislada-en-cartucho\/"]}]},{"@type":"BreadcrumbList","@id":"https:\/\/www.fleximat.es\/producto\/puntera-aislada-en-cartucho\/#breadcrumb","itemListElement":[{"@type":"ListItem","position":1,"name":"Portada","item":"https:\/\/www.fleximat.es\/"},{"@type":"ListItem","position":2,"name":"Productos","item":"https:\/\/www.fleximat.es\/en\/productos\/"},{"@type":"ListItem","position":3,"name":"Puntera Aislada en Cartucho"}]},{"@type":"WebSite","@id":"https:\/\/www.fleximat.es\/bn\/#website","url":"https:\/\/www.fleximat.es\/bn\/","name":"Fleximat","description":"Tu soluci\u00f3n en prensaestopas y tubos flexibles","publisher":{"@id":"https:\/\/www.fleximat.es\/bn\/#organization"},"potentialAction":[{"@type":"SearchAction","target":{"@type":"EntryPoint","urlTemplate":"https:\/\/www.fleximat.es\/bn\/?s={search_term_string}"},"query-input":"required name=search_term_string"}],"inLanguage":"eu"},{"@type":"Organization","@id":"https:\/\/www.fleximat.es\/bn\/#organization","name":"Fleximat","url":"https:\/\/www.fleximat.es\/bn\/","logo":{"@type":"ImageObject","inLanguage":"eu","@id":"https:\/\/www.fleximat.es\/bn\/#\/schema\/logo\/image\/","url":"https:\/\/www.fleximat.es\/wp-content\/uploads\/2023\/11\/fleximat-logo-1.png","contentUrl":"https:\/\/www.fleximat.es\/wp-content\/uploads\/2023\/11\/fleximat-logo-1.png","width":1169,"height":289,"caption":"Fleximat"},"image":{"@id":"https:\/\/www.fleximat.es\/bn\/#\/schema\/logo\/image\/"}}]}},"taxonomy_info":{"product_cat":[{"value":75,"label":"Punteras de conexi\u00f3n"},{"value":76,"label":"Punteras"}]},"featured_image_src_large":["https:\/\/www.fleximat.es\/wp-content\/uploads\/2023\/10\/puntera-aislada-en-cartucho-1.png",525,525,false],"author_info":[],"comment_info":"","_links":{"self":[{"href":"https:\/\/www.fleximat.es\/eu\/wp-json\/wp\/v2\/product\/1745"}],"collection":[{"href":"https:\/\/www.fleximat.es\/eu\/wp-json\/wp\/v2\/product"}],"about":[{"href":"https:\/\/www.fleximat.es\/eu\/wp-json\/wp\/v2\/types\/product"}],"wp:featuredmedia":[{"embeddable":true,"href":"https:\/\/www.fleximat.es\/eu\/wp-json\/wp\/v2\/media\/2984"}],"wp:attachment":[{"href":"https:\/\/www.fleximat.es\/eu\/wp-json\/wp\/v2\/media?parent=1745"}],"wp:term":[{"taxonomy":"product_cat","embeddable":true,"href":"https:\/\/www.fleximat.es\/eu\/wp-json\/wp\/v2\/product_cat?post=1745"},{"taxonomy":"product_tag","embeddable":true,"href":"https:\/\/www.fleximat.es\/eu\/wp-json\/wp\/v2\/product_tag?post=1745"}],"curies":[{"name":"wp","href":"https:\/\/api.w.org\/{rel}","templated":true}]}}