{"id":1773,"date":"2023-10-18T17:54:29","date_gmt":"2023-10-18T15:54:29","guid":{"rendered":"https:\/\/www.fleximat.es\/?post_type=product&#038;p=1773"},"modified":"2023-12-04T17:56:47","modified_gmt":"2023-12-04T16:56:47","slug":"prensaestopas-atex-para-cable-armado-una-compresion-acg","status":"publish","type":"product","link":"https:\/\/www.fleximat.es\/eu\/produktua\/prensaestopas-atex-para-cable-armado-una-compresion-acg\/","title":{"rendered":"Kable blindatuetarako ATEX kable-hoina (konpresio bakarra) ACG"},"content":{"rendered":"<h3>Produktuaren Deskribapena<\/h3>\n<p>Kable blindatu guztientzat ATEX kable guruin mota berezi bat dago bertsio estandarraren aldean<\/p>\n<p><span style=\"font-weight: 400;\">ATEX kable-guruinak babes handitu bereziko kable-guruin mota bat dira, sailkatutako ingurune arriskutsuetarako. Oro har, nikelez estalitako letoiaz edo altzairu herdoilgaitzez egina <\/span><span style=\"font-weight: 400;\">.<\/span><\/p>\n<p>Kableek jasan dezaketen aplikazio berezietarako, diseinatu dugu <span style=\"font-weight: 400;\">ATEX kable-gurutzea.<\/span><\/p>\n<p>Kable blindatuek beste diseinu bat eta babes gehiago behar dituzte.<\/p>\n<table class=\"table table-bordered table-striped\">\n<thead>\n<tr>\n<td>Tamaina<\/td>\n<td>Kodea<\/td>\n<td>Hari estandarra<\/td>\n<td>Hari metrikoa<\/td>\n<td>NPT haria<\/td>\n<td>Min<\/td>\n<td>B Min<\/td>\n<td>B Max<\/td>\n<td>\u00d8 d (Armatua) Min<\/td>\n<td>\u00d8 d (Armatua) Max<\/td>\n<td>GL mm<\/td>\n<td>mm<\/td>\n<\/tr>\n<\/thead>\n<tbody>\n<tr>\n<td colspan=\"3\">16<\/td>\n<td>ACGXX\/16\/X<\/td>\n<td>M16x1,5<\/td>\n<td>1\/2&#8243;<\/td>\n<td colspan=\"2\">PG9<\/td>\n<td>8,6<\/td>\n<td>6,1<\/td>\n<td>13,2<\/td>\n<td>0,8<\/td>\n<td>1,0<\/td>\n<td>15<\/td>\n<td>24<\/td>\n<\/tr>\n<tr>\n<td colspan=\"3\">20ss<\/td>\n<td>ACGXX\/20ss\/X<\/td>\n<td>M20ssx1.5<\/td>\n<td>1\/2&#8243;<\/td>\n<td colspan=\"2\">PG11ss<\/td>\n<td>8,6<\/td>\n<td>6,1<\/td>\n<td>13,2<\/td>\n<td>0,8<\/td>\n<td>1,0<\/td>\n<td>15<\/td>\n<td>24<\/td>\n<\/tr>\n<tr>\n<td colspan=\"3\">20ko hamarkada<\/td>\n<td>ACGXX\/20s\/X<\/td>\n<td>M20sx1.5<\/td>\n<td>1\/2&#8243;<\/td>\n<td colspan=\"2\">PG11ak<\/td>\n<td>11,6<\/td>\n<td>9,5<\/td>\n<td>15,9<\/td>\n<td>0,8<\/td>\n<td>1,25<\/td>\n<td>15<\/td>\n<td>24<\/td>\n<\/tr>\n<tr>\n<td colspan=\"3\">20<\/td>\n<td>ACGXX\/20\/X<\/td>\n<td>M20x1,5<\/td>\n<td>1\/2&#8243;<\/td>\n<td colspan=\"2\">PG13.5<\/td>\n<td>13,9<\/td>\n<td>12,5<\/td>\n<td>20,9<\/td>\n<td>0,8<\/td>\n<td>1,25<\/td>\n<td>15<\/td>\n<td>30<\/td>\n<\/tr>\n<tr>\n<td colspan=\"3\">25s<\/td>\n<td>ACGXX\/25s\/X<\/td>\n<td>M25sx1.5<\/td>\n<td>3\/4&#8243;<\/td>\n<td colspan=\"2\">PG21ak<\/td>\n<td>19,9<\/td>\n<td>14<\/td>\n<td>22<\/td>\n<td>1,25<\/td>\n<td>1,60<\/td>\n<td>15<\/td>\n<td>38<\/td>\n<\/tr>\n<tr>\n<td colspan=\"3\">25<\/td>\n<td>ACGXX\/25\/X<\/td>\n<td>M25x1,5<\/td>\n<td>3\/4&#8243;<\/td>\n<td colspan=\"2\">PG21<\/td>\n<td>19,9<\/td>\n<td>18,2<\/td>\n<td>26,2<\/td>\n<td>1,25<\/td>\n<td>1,60<\/td>\n<td>15<\/td>\n<td>38<\/td>\n<\/tr>\n<tr>\n<td colspan=\"3\">32<\/td>\n<td>ACGXX\/32\/X<\/td>\n<td>M32x1,5<\/td>\n<td>1&#8243;<\/td>\n<td colspan=\"2\">PG29<\/td>\n<td>26,2<\/td>\n<td>23,7<\/td>\n<td>33,9<\/td>\n<td>1,6<\/td>\n<td>2,0<\/td>\n<td>15<\/td>\n<td>45<\/td>\n<\/tr>\n<tr>\n<td colspan=\"3\">40<\/td>\n<td>ACGXX\/40\/X<\/td>\n<td>M40x1,5<\/td>\n<td>11\/4&#8243;<\/td>\n<td colspan=\"2\">PG36ak<\/td>\n<td>33,9<\/td>\n<td>27,9<\/td>\n<td>40,4<\/td>\n<td>1,6<\/td>\n<td>2,0<\/td>\n<td>15<\/td>\n<td>55<\/td>\n<\/tr>\n<tr>\n<td colspan=\"3\">50eko hamarkada<\/td>\n<td>ACGXX\/50s\/X<\/td>\n<td>M50sx1.5<\/td>\n<td>11\/2&#8243;<\/td>\n<td colspan=\"2\">PG36<\/td>\n<td>38,1<\/td>\n<td>35,2<\/td>\n<td>46,7<\/td>\n<td>2,0<\/td>\n<td>2,5<\/td>\n<td>15<\/td>\n<td>60<\/td>\n<\/tr>\n<tr>\n<td colspan=\"3\">50<\/td>\n<td>ACGXX\/50\/X<\/td>\n<td>M50x1,5<\/td>\n<td>2&#8243;<\/td>\n<td colspan=\"2\">PG42<\/td>\n<td>44,0<\/td>\n<td>40,4<\/td>\n<td>53,1<\/td>\n<td>2,0<\/td>\n<td>2,5<\/td>\n<td>15<\/td>\n<td>70<\/td>\n<\/tr>\n<tr>\n<td colspan=\"3\">63s<\/td>\n<td>ACGXX\/63s\/X<\/td>\n<td>M63sx1.5<\/td>\n<td>2&#8243;<\/td>\n<td colspan=\"2\">PG48<\/td>\n<td>49,9<\/td>\n<td>45,6<\/td>\n<td>59,4<\/td>\n<td>2,0<\/td>\n<td>2,5<\/td>\n<td>15<\/td>\n<td>75<\/td>\n<\/tr>\n<tr>\n<td colspan=\"3\">63<\/td>\n<td>ACGXX\/63\/X<\/td>\n<td>M63x1,5<\/td>\n<td>21\/2&#8243;<\/td>\n<td colspan=\"2\">&#8211;<\/td>\n<td>55,9<\/td>\n<td>54,6<\/td>\n<td>65,9<\/td>\n<td>2,0<\/td>\n<td>2,5<\/td>\n<td>15<\/td>\n<td>80<\/td>\n<\/tr>\n<tr>\n<td colspan=\"3\">75s<\/td>\n<td>ACGXX\/75s\/X<\/td>\n<td>M75sx1.5<\/td>\n<td>21\/2&#8243;<\/td>\n<td colspan=\"2\">&#8211;<\/td>\n<td>61,9<\/td>\n<td>59<\/td>\n<td>72,1<\/td>\n<td>2,0<\/td>\n<td>2,5<\/td>\n<td>15<\/td>\n<td>90<\/td>\n<\/tr>\n<tr>\n<td colspan=\"3\">75<\/td>\n<td>ACGXX\/75\/X<\/td>\n<td>M75x1,5<\/td>\n<td>3&#8243;<\/td>\n<td colspan=\"2\">&#8211;<\/td>\n<td>67,9<\/td>\n<td>66,7<\/td>\n<td>78,5<\/td>\n<td>2,5<\/td>\n<td>3,0<\/td>\n<td>15<\/td>\n<td>100<\/td>\n<\/tr>\n<tr>\n<td colspan=\"3\">90<\/td>\n<td>ACGXX\/90\/X<\/td>\n<td>M90x2.0<\/td>\n<td>3&#8243;<\/td>\n<td colspan=\"2\">&#8211;<\/td>\n<td>79,9<\/td>\n<td>76,2<\/td>\n<td>90,4<\/td>\n<td>3,0<\/td>\n<td>3,5<\/td>\n<td>15<\/td>\n<td>115<\/td>\n<\/tr>\n<tr>\n<td colspan=\"3\">100<\/td>\n<td>ACGXX\/100\/X<\/td>\n<td>M100x2.0<\/td>\n<td>&#8211;<\/td>\n<td colspan=\"2\">&#8211;<\/td>\n<td>90<\/td>\n<td>86,1<\/td>\n<td>101,5<\/td>\n<td>3,15<\/td>\n<td>4,0<\/td>\n<td>15<\/td>\n<td>123<\/td>\n<\/tr>\n<tr>\n<td colspan=\"3\">115<\/td>\n<td>ACGXX\/115\/X<\/td>\n<td>M115x2.0<\/td>\n<td>&#8211;<\/td>\n<td colspan=\"2\">&#8211;<\/td>\n<td>97,9<\/td>\n<td>101,5<\/td>\n<td>110,3<\/td>\n<td>3,15<\/td>\n<td>4,0<\/td>\n<td>15<\/td>\n<td>133<\/td>\n<\/tr>\n<tr>\n<td colspan=\"3\">130<\/td>\n<td>ACGXX\/130\/X<\/td>\n<td>M130x2.0<\/td>\n<td>&#8211;<\/td>\n<td colspan=\"2\">&#8211;<\/td>\n<td>11,4<\/td>\n<td>114,2<\/td>\n<td>123,3<\/td>\n<td>3,15<\/td>\n<td>4,0<\/td>\n<td>15<\/td>\n<td>146<\/td>\n<\/tr>\n<\/tbody>\n<\/table>","protected":false},"excerpt":{"rendered":"<h3>Ezaugarriak<\/h3>\n<table>\n<tbody>\n<tr>\n<td><strong>Babes Maila<\/strong><\/td>\n<td>:<\/td>\n<td>II 2G Ex eb IIC Gb II 2D Ex tb IIIC Db<\/td>\n<\/tr>\n<tr>\n<td><strong>Ziurtagiria\u00a0<\/strong><\/td>\n<td>:<\/td>\n<td>IEP 20 ATEX 0750 X ATEX, ROHS, CE, PT, TUV<\/td>\n<\/tr>\n<tr>\n<td><strong>Gorputza<\/strong><\/td>\n<td>:<\/td>\n<td>Poliamida PA6<\/td>\n<\/tr>\n<tr>\n<td><strong>Haria<\/strong><\/td>\n<td>:<\/td>\n<td>PG (DIN 40430)<\/td>\n<\/tr>\n<tr>\n<td><strong>Kolore<\/strong><\/td>\n<td>:<\/td>\n<td>Urdina (RAL 5012)<\/td>\n<\/tr>\n<tr>\n<td><strong>Estandarra<\/strong><\/td>\n<td>:<\/td>\n<td>EN 60079-0, 60079-7, 60079-31<\/td>\n<\/tr>\n<tr>\n<td><strong>Estutasuna<\/strong><\/td>\n<td>:<\/td>\n<td>IP68 5 barra<\/td>\n<\/tr>\n<tr>\n<td><strong>Laneko tenperatura<\/strong><\/td>\n<td>:<\/td>\n<td>-30\u00b0C +100\u00b0C<\/td>\n<\/tr>\n<tr>\n<td><strong>Aplikazioak<\/strong><\/td>\n<td>:<\/td>\n<td>ZONE1, ZONE2, ZONE21, ZONE22, Gas Group IIA, IIB, IIC<\/td>\n<\/tr>\n<\/tbody>\n<\/table>","protected":false},"featured_media":3113,"template":"","meta":{"_kad_blocks_custom_css":"","_kad_blocks_head_custom_js":"","_kad_blocks_body_custom_js":"","_kad_blocks_footer_custom_js":"","_kadence_starter_templates_imported_post":false,"_kad_post_transparent":"default","_kad_post_title":"","_kad_post_layout":"default","_kad_post_sidebar_id":"","_kad_post_content_style":"default","_kad_post_vertical_padding":"default","_kad_post_feature":"","_kad_post_feature_position":"","_kad_post_header":false,"_kad_post_footer":false},"product_cat":[84,85],"product_tag":[],"class_list":{"0":"post-1773","1":"product","2":"type-product","3":"status-publish","4":"has-post-thumbnail","6":"product_cat-prensaestopas-y-accesorios-atex","7":"product_cat-prensaestopas-atex","9":"first","10":"instock","11":"shipping-taxable","12":"product-type-simple","13":"entry","14":"content-bg","15":"loop-entry"},"yoast_head":"<!-- This site is optimized with the Yoast SEO plugin v21.7 - https:\/\/yoast.com\/wordpress\/plugins\/seo\/ -->\n<title>Prensaestopas ATEX para cable armado (Una compresi\u00f3n) ACG - Fleximat<\/title>\n<meta name=\"robots\" content=\"index, follow, max-snippet:-1, max-image-preview:large, max-video-preview:-1\" \/>\n<link rel=\"canonical\" href=\"https:\/\/www.fleximat.es\/eu\/produktua\/prensaestopas-atex-para-cable-armado-una-compresion-acg\/\" \/>\n<meta property=\"og:locale\" content=\"en_US\" \/>\n<meta property=\"og:type\" content=\"article\" \/>\n<meta property=\"og:title\" content=\"Prensaestopas ATEX para cable armado (Una compresi\u00f3n) ACG - Fleximat\" \/>\n<meta property=\"og:description\" content=\"Caracter\u00edsticas    Nivel Protecci\u00f3n : II 2G Ex eb IIC Gb II 2D Ex tb IIIC Db   Certificado\u00a0 : IEP 20 ATEX 0750 X ATEX, ROHS, CE, PT, TUV   Cuerpo : Poliamida PA6   Rosca : PG (DIN 40430)   Color : Azul (RAL 5012)   Est\u00e1ndar : EN 60079-0, 60079-7, 60079-31   Estanqueidad : IP68 5 Bar   Temperatura de trabajo : -30 \u00b0C +100 \u00b0C   Aplicaciones : ZONE1, ZONE2, ZONE21, ZONE22, Gas Group IIA, IIB, IIC\" \/>\n<meta property=\"og:url\" content=\"https:\/\/www.fleximat.es\/eu\/produktua\/prensaestopas-atex-para-cable-armado-una-compresion-acg\/\" \/>\n<meta property=\"og:site_name\" content=\"Fleximat\" \/>\n<meta property=\"article:modified_time\" content=\"2023-12-04T16:56:47+00:00\" \/>\n<meta property=\"og:image\" content=\"https:\/\/www.fleximat.es\/wp-content\/uploads\/2023\/12\/th_crop_1571915494prensaestopas-atex-armado-1.png\" \/>\n\t<meta property=\"og:image:width\" content=\"600\" \/>\n\t<meta property=\"og:image:height\" content=\"600\" \/>\n\t<meta property=\"og:image:type\" content=\"image\/png\" \/>\n<meta name=\"twitter:card\" content=\"summary_large_image\" \/>\n<meta name=\"twitter:label1\" content=\"Est. reading time\" \/>\n\t<meta name=\"twitter:data1\" content=\"1 minutua\" \/>\n<script type=\"application\/ld+json\" class=\"yoast-schema-graph\">{\"@context\":\"https:\/\/schema.org\",\"@graph\":[{\"@type\":\"WebPage\",\"@id\":\"https:\/\/www.fleximat.es\/producto\/prensaestopas-atex-para-cable-armado-una-compresion-acg\/\",\"url\":\"https:\/\/www.fleximat.es\/producto\/prensaestopas-atex-para-cable-armado-una-compresion-acg\/\",\"name\":\"Prensaestopas ATEX para cable armado (Una compresi\u00f3n) ACG - Fleximat\",\"isPartOf\":{\"@id\":\"https:\/\/www.fleximat.es\/bn\/#website\"},\"datePublished\":\"2023-10-18T15:54:29+00:00\",\"dateModified\":\"2023-12-04T16:56:47+00:00\",\"breadcrumb\":{\"@id\":\"https:\/\/www.fleximat.es\/producto\/prensaestopas-atex-para-cable-armado-una-compresion-acg\/#breadcrumb\"},\"inLanguage\":\"eu\",\"potentialAction\":[{\"@type\":\"ReadAction\",\"target\":[\"https:\/\/www.fleximat.es\/producto\/prensaestopas-atex-para-cable-armado-una-compresion-acg\/\"]}]},{\"@type\":\"BreadcrumbList\",\"@id\":\"https:\/\/www.fleximat.es\/producto\/prensaestopas-atex-para-cable-armado-una-compresion-acg\/#breadcrumb\",\"itemListElement\":[{\"@type\":\"ListItem\",\"position\":1,\"name\":\"Portada\",\"item\":\"https:\/\/www.fleximat.es\/\"},{\"@type\":\"ListItem\",\"position\":2,\"name\":\"Productos\",\"item\":\"https:\/\/www.fleximat.es\/en\/productos\/\"},{\"@type\":\"ListItem\",\"position\":3,\"name\":\"Prensaestopas ATEX para cable armado (Una compresi\u00f3n) ACG\"}]},{\"@type\":\"WebSite\",\"@id\":\"https:\/\/www.fleximat.es\/bn\/#website\",\"url\":\"https:\/\/www.fleximat.es\/bn\/\",\"name\":\"Fleximat\",\"description\":\"Tu soluci\u00f3n en prensaestopas y tubos flexibles\",\"publisher\":{\"@id\":\"https:\/\/www.fleximat.es\/bn\/#organization\"},\"potentialAction\":[{\"@type\":\"SearchAction\",\"target\":{\"@type\":\"EntryPoint\",\"urlTemplate\":\"https:\/\/www.fleximat.es\/bn\/?s={search_term_string}\"},\"query-input\":\"required name=search_term_string\"}],\"inLanguage\":\"eu\"},{\"@type\":\"Organization\",\"@id\":\"https:\/\/www.fleximat.es\/bn\/#organization\",\"name\":\"Fleximat\",\"url\":\"https:\/\/www.fleximat.es\/bn\/\",\"logo\":{\"@type\":\"ImageObject\",\"inLanguage\":\"eu\",\"@id\":\"https:\/\/www.fleximat.es\/bn\/#\/schema\/logo\/image\/\",\"url\":\"https:\/\/www.fleximat.es\/wp-content\/uploads\/2023\/11\/fleximat-logo-1.png\",\"contentUrl\":\"https:\/\/www.fleximat.es\/wp-content\/uploads\/2023\/11\/fleximat-logo-1.png\",\"width\":1169,\"height\":289,\"caption\":\"Fleximat\"},\"image\":{\"@id\":\"https:\/\/www.fleximat.es\/bn\/#\/schema\/logo\/image\/\"}}]}<\/script>\n<!-- \/ Yoast SEO plugin. -->","yoast_head_json":{"title":"Prensaestopas ATEX para cable armado (Una compresi\u00f3n) ACG - Fleximat","robots":{"index":"index","follow":"follow","max-snippet":"max-snippet:-1","max-image-preview":"max-image-preview:large","max-video-preview":"max-video-preview:-1"},"canonical":"https:\/\/www.fleximat.es\/eu\/produktua\/prensaestopas-atex-para-cable-armado-una-compresion-acg\/","og_locale":"en_US","og_type":"article","og_title":"Prensaestopas ATEX para cable armado (Una compresi\u00f3n) ACG - Fleximat","og_description":"Caracter\u00edsticas    Nivel Protecci\u00f3n : II 2G Ex eb IIC Gb II 2D Ex tb IIIC Db   Certificado\u00a0 : IEP 20 ATEX 0750 X ATEX, ROHS, CE, PT, TUV   Cuerpo : Poliamida PA6   Rosca : PG (DIN 40430)   Color : Azul (RAL 5012)   Est\u00e1ndar : EN 60079-0, 60079-7, 60079-31   Estanqueidad : IP68 5 Bar   Temperatura de trabajo : -30 \u00b0C +100 \u00b0C   Aplicaciones : ZONE1, ZONE2, ZONE21, ZONE22, Gas Group IIA, IIB, IIC","og_url":"https:\/\/www.fleximat.es\/eu\/produktua\/prensaestopas-atex-para-cable-armado-una-compresion-acg\/","og_site_name":"Fleximat","article_modified_time":"2023-12-04T16:56:47+00:00","og_image":[{"width":600,"height":600,"url":"https:\/\/www.fleximat.es\/wp-content\/uploads\/2023\/12\/th_crop_1571915494prensaestopas-atex-armado-1.png","type":"image\/png"}],"twitter_card":"summary_large_image","twitter_misc":{"Est. reading time":"1 minutua"},"schema":{"@context":"https:\/\/schema.org","@graph":[{"@type":"WebPage","@id":"https:\/\/www.fleximat.es\/producto\/prensaestopas-atex-para-cable-armado-una-compresion-acg\/","url":"https:\/\/www.fleximat.es\/producto\/prensaestopas-atex-para-cable-armado-una-compresion-acg\/","name":"Prensaestopas ATEX para cable armado (Una compresi\u00f3n) ACG - Fleximat","isPartOf":{"@id":"https:\/\/www.fleximat.es\/bn\/#website"},"datePublished":"2023-10-18T15:54:29+00:00","dateModified":"2023-12-04T16:56:47+00:00","breadcrumb":{"@id":"https:\/\/www.fleximat.es\/producto\/prensaestopas-atex-para-cable-armado-una-compresion-acg\/#breadcrumb"},"inLanguage":"eu","potentialAction":[{"@type":"ReadAction","target":["https:\/\/www.fleximat.es\/producto\/prensaestopas-atex-para-cable-armado-una-compresion-acg\/"]}]},{"@type":"BreadcrumbList","@id":"https:\/\/www.fleximat.es\/producto\/prensaestopas-atex-para-cable-armado-una-compresion-acg\/#breadcrumb","itemListElement":[{"@type":"ListItem","position":1,"name":"Portada","item":"https:\/\/www.fleximat.es\/"},{"@type":"ListItem","position":2,"name":"Productos","item":"https:\/\/www.fleximat.es\/en\/productos\/"},{"@type":"ListItem","position":3,"name":"Prensaestopas ATEX para cable armado (Una compresi\u00f3n) ACG"}]},{"@type":"WebSite","@id":"https:\/\/www.fleximat.es\/bn\/#website","url":"https:\/\/www.fleximat.es\/bn\/","name":"Fleximat","description":"Tu soluci\u00f3n en prensaestopas y tubos flexibles","publisher":{"@id":"https:\/\/www.fleximat.es\/bn\/#organization"},"potentialAction":[{"@type":"SearchAction","target":{"@type":"EntryPoint","urlTemplate":"https:\/\/www.fleximat.es\/bn\/?s={search_term_string}"},"query-input":"required name=search_term_string"}],"inLanguage":"eu"},{"@type":"Organization","@id":"https:\/\/www.fleximat.es\/bn\/#organization","name":"Fleximat","url":"https:\/\/www.fleximat.es\/bn\/","logo":{"@type":"ImageObject","inLanguage":"eu","@id":"https:\/\/www.fleximat.es\/bn\/#\/schema\/logo\/image\/","url":"https:\/\/www.fleximat.es\/wp-content\/uploads\/2023\/11\/fleximat-logo-1.png","contentUrl":"https:\/\/www.fleximat.es\/wp-content\/uploads\/2023\/11\/fleximat-logo-1.png","width":1169,"height":289,"caption":"Fleximat"},"image":{"@id":"https:\/\/www.fleximat.es\/bn\/#\/schema\/logo\/image\/"}}]}},"taxonomy_info":{"product_cat":[{"value":84,"label":"Prensaestopas y accesorios ATEX"},{"value":85,"label":"Prensaestopas ATEX"}]},"featured_image_src_large":["https:\/\/www.fleximat.es\/wp-content\/uploads\/2023\/12\/th_crop_1571915494prensaestopas-atex-armado-1.png",600,600,false],"author_info":[],"comment_info":"","_links":{"self":[{"href":"https:\/\/www.fleximat.es\/eu\/wp-json\/wp\/v2\/product\/1773"}],"collection":[{"href":"https:\/\/www.fleximat.es\/eu\/wp-json\/wp\/v2\/product"}],"about":[{"href":"https:\/\/www.fleximat.es\/eu\/wp-json\/wp\/v2\/types\/product"}],"wp:featuredmedia":[{"embeddable":true,"href":"https:\/\/www.fleximat.es\/eu\/wp-json\/wp\/v2\/media\/3113"}],"wp:attachment":[{"href":"https:\/\/www.fleximat.es\/eu\/wp-json\/wp\/v2\/media?parent=1773"}],"wp:term":[{"taxonomy":"product_cat","embeddable":true,"href":"https:\/\/www.fleximat.es\/eu\/wp-json\/wp\/v2\/product_cat?post=1773"},{"taxonomy":"product_tag","embeddable":true,"href":"https:\/\/www.fleximat.es\/eu\/wp-json\/wp\/v2\/product_tag?post=1773"}],"curies":[{"name":"wp","href":"https:\/\/api.w.org\/{rel}","templated":true}]}}