{"id":1623,"date":"2023-10-18T17:53:15","date_gmt":"2023-10-18T15:53:15","guid":{"rendered":"https:\/\/www.fleximat.es\/?post_type=product&#038;p=1623"},"modified":"2023-12-04T17:22:01","modified_gmt":"2023-12-04T16:22:01","slug":"tapon-ventilacion-pg-poliamida-ip-68","status":"publish","type":"product","link":"https:\/\/www.fleximat.es\/fr\/produit\/tapon-ventilacion-pg-poliamida-ip-68\/","title":{"rendered":"Bouchon de ventilation en polyamide PG IP-68"},"content":{"rendered":"<h4>Propri\u00e9t\u00e9s<\/h4>\n<p>Syst\u00e8me de ventilation : Co-Polym\u00e8re Acrylique sur support nylon (hydrophobe-ol\u00e9ophobe).<\/p>\n<p>\u00c9galisation de la pression interne et externe du syst\u00e8me. Excellent d\u00e9bit de ventilation.<\/p>\n<p>Emp\u00eache la corrosion et la condensation d&#039;eau \u00e0 l&#039;int\u00e9rieur de l&#039;appareil.Double fonction : Presse-\u00e9toupe\/\u00e9l\u00e9ment de ventilation. Prolonge la dur\u00e9e de vie du produit l\u00e0 o\u00f9 il est appliqu\u00e9.<\/p>\n<p>R\u00e9sistance aux : UV, Anti-arrachement, Produits chimiques, Anti-vibration.Montage facile et sans Halog\u00e8ne.<\/p>\n<p>Applications\u00a0:\u00a0\u00e9quipements d&#039;\u00e9clairage, panneaux solaires, \u00e9quipements \u00e9lectroniques, automatisation, industrie automobile et ferroviaire<\/p>\n<h3>description du produit<\/h3>\n<p>Des bouchons de ventilation ou anti-condensation permettent de prot\u00e9ger les \u00e9quipements de l&#039;oxydation et des bris pouvant survenir en raison des changements de temp\u00e9rature.<\/p>\n<p>Les bouchons d&#039;a\u00e9ration utilisent une valve en polym\u00e8re pour permettre une bonne circulation de l&#039;air et \u00e9galiser la pression.<\/p>\n<p>Ces bouchons anti-condensation sont g\u00e9n\u00e9ralement utilis\u00e9s dans les \u00e9quipements fonctionnant \u00e0 l&#039;ext\u00e9rieur et nous les recommandons pour tout type d&#039;applications, notamment dans le secteur de l&#039;\u00e9clairage.<\/p>\n<table class=\"table table-bordered table-striped\">\n<thead>\n<tr>\n<td>Fil<\/td>\n<td>Codigo Gris RAL7035<\/td>\n<td>C\u00f3digo Negro\u00a0 RAL9005<\/td>\n<td>h<\/p>\n<p>mm.<\/td>\n<td>G.L.<\/p>\n<p>mm.<\/td>\n<td>mm.<\/td>\n<td>Diametro de rosca mm.<\/td>\n<td>Diam\u00e8tre du trou mm.<\/td>\n<td>Flujo de aire<\/p>\n<p>\/ I\/H<\/td>\n<td>intrusion d&#039;eau<\/p>\n<p>ambre<\/td>\n<\/tr>\n<\/thead>\n<tbody>\n<tr>\n<td>M12 x 1,5<\/td>\n<td>OMVPL01S<\/td>\n<td>OMVPB01S<\/td>\n<td>15<\/td>\n<td>6<\/td>\n<td>18<\/td>\n<td>12<\/td>\n<td>12,3<\/td>\n<td>16<\/td>\n<td>0,8<\/td>\n<\/tr>\n<tr>\n<td>M12 x 1,5<\/td>\n<td>OMVPL01M<\/td>\n<td>OMVPB01M<\/td>\n<td>15<\/td>\n<td>6<\/td>\n<td>18<\/td>\n<td>12<\/td>\n<td>12,3<\/td>\n<td>25<\/td>\n<td>0,5<\/td>\n<\/tr>\n<tr>\n<td>M12 x 1,5<\/td>\n<td>OMVPL01H<\/td>\n<td>OMVPB01H<\/td>\n<td>15<\/td>\n<td>6<\/td>\n<td>18<\/td>\n<td>12<\/td>\n<td>12,3<\/td>\n<td>133<\/td>\n<td>0,2<\/td>\n<\/tr>\n<tr>\n<td>M12 x 1,5<\/td>\n<td>OMVPL01UH<\/td>\n<td>OMVPB01UH<\/td>\n<td>15<\/td>\n<td>6<\/td>\n<td>18<\/td>\n<td>12<\/td>\n<td>12,3<\/td>\n<td>300<\/td>\n<td>0,1<\/td>\n<\/tr>\n<tr>\n<td>M12 x 1,5<\/td>\n<td>OMVPL01SL<\/td>\n<td>OMVPB01SL<\/td>\n<td>15<\/td>\n<td>10<\/td>\n<td>18<\/td>\n<td>12<\/td>\n<td>12,3<\/td>\n<td>16<\/td>\n<td>0,8<\/td>\n<\/tr>\n<tr>\n<td>M12 x 1,5<\/td>\n<td>OMVPL01ML<\/td>\n<td>OMVPB01ML<\/td>\n<td>15<\/td>\n<td>10<\/td>\n<td>18<\/td>\n<td>12<\/td>\n<td>12,3<\/td>\n<td>25<\/td>\n<td>0,5<\/td>\n<\/tr>\n<tr>\n<td>M12 x 1,5<\/td>\n<td>OMVPL01HL<\/td>\n<td>OMVPB01HL<\/td>\n<td>15<\/td>\n<td>10<\/td>\n<td>18<\/td>\n<td>12<\/td>\n<td>12,3<\/td>\n<td>133<\/td>\n<td>0,2<\/td>\n<\/tr>\n<tr>\n<td>M12 x 1,5<\/td>\n<td>OMVPL01UHL<\/td>\n<td>OMVPB01UHL<\/td>\n<td>15<\/td>\n<td>10<\/td>\n<td>18<\/td>\n<td>12<\/td>\n<td>12,3<\/td>\n<td>300<\/td>\n<td>0,1<\/td>\n<\/tr>\n<\/tbody>\n<\/table>","protected":false},"excerpt":{"rendered":"<h3>Caract\u00e9ristiques<\/h3>\n<table>\n<tbody>\n<tr>\n<td><strong>Joint torique<\/strong><\/td>\n<td>NBR\/EPDM<\/td>\n<\/tr>\n<tr>\n<td><strong>Type de filetage<\/strong><\/td>\n<td>GE (DIN 40430)<\/td>\n<\/tr>\n<tr>\n<td><strong>\u00c9tanch\u00e9it\u00e9<\/strong><\/td>\n<td>IP68<\/td>\n<\/tr>\n<tr>\n<td><strong>Temp\u00e9rature de travail continue<\/strong><\/td>\n<td>-40 \u00baC +105 \u00baC<\/td>\n<\/tr>\n<\/tbody>\n<\/table>","protected":false},"featured_media":3088,"template":"","meta":{"_kad_blocks_custom_css":"","_kad_blocks_head_custom_js":"","_kad_blocks_body_custom_js":"","_kad_blocks_footer_custom_js":"","_kadence_starter_templates_imported_post":false,"_kad_post_transparent":"default","_kad_post_title":"","_kad_post_layout":"default","_kad_post_sidebar_id":"","_kad_post_content_style":"default","_kad_post_vertical_padding":"default","_kad_post_feature":"","_kad_post_feature_position":"","_kad_post_header":false,"_kad_post_footer":false},"product_cat":[65,67],"product_tag":[],"class_list":{"0":"post-1623","1":"product","2":"type-product","3":"status-publish","4":"has-post-thumbnail","6":"product_cat-prensaestopas-y-tapones-de-ventilacion","7":"product_cat-tapon-de-ventilacion","9":"first","10":"instock","11":"shipping-taxable","12":"product-type-simple","13":"entry","14":"content-bg","15":"loop-entry"},"yoast_head":"<!-- This site is optimized with the Yoast SEO plugin v21.7 - https:\/\/yoast.com\/wordpress\/plugins\/seo\/ -->\n<title>Tap\u00f3n Ventilaci\u00f3n PG Poliamida IP-68 - Fleximat<\/title>\n<meta name=\"robots\" content=\"index, follow, max-snippet:-1, max-image-preview:large, max-video-preview:-1\" \/>\n<link rel=\"canonical\" href=\"https:\/\/www.fleximat.es\/fr\/produto\/tapon-ventilacion-pg-poliamida-ip-68\/\" \/>\n<meta property=\"og:locale\" content=\"fr_FR\" \/>\n<meta property=\"og:type\" content=\"article\" \/>\n<meta property=\"og:title\" content=\"Tap\u00f3n Ventilaci\u00f3n PG Poliamida IP-68 - Fleximat\" \/>\n<meta property=\"og:description\" content=\"Caracter\u00edsticas    Junta t\u00f3rica NBR \/ EPDM   Tipo de Rosca PG (DIN 40430)   Estanqueidad IP68   Temperatura de trabajo continua -40 \u00baC +105 \u00baC\" \/>\n<meta property=\"og:url\" content=\"https:\/\/www.fleximat.es\/fr\/produto\/tapon-ventilacion-pg-poliamida-ip-68\/\" \/>\n<meta property=\"og:site_name\" content=\"Fleximat\" \/>\n<meta property=\"article:modified_time\" content=\"2023-12-04T16:22:01+00:00\" \/>\n<meta property=\"og:image\" content=\"https:\/\/www.fleximat.es\/wp-content\/uploads\/2023\/12\/tapon-ventilacion-acero-inoxidable-ip-68-gris.png\" \/>\n\t<meta property=\"og:image:width\" content=\"700\" \/>\n\t<meta property=\"og:image:height\" content=\"700\" \/>\n\t<meta property=\"og:image:type\" content=\"image\/png\" \/>\n<meta name=\"twitter:card\" content=\"summary_large_image\" \/>\n<meta name=\"twitter:label1\" content=\"Dur\u00e9e de lecture estim\u00e9e\" \/>\n\t<meta name=\"twitter:data1\" content=\"1 minute\" \/>\n<script type=\"application\/ld+json\" class=\"yoast-schema-graph\">{\"@context\":\"https:\/\/schema.org\",\"@graph\":[{\"@type\":\"WebPage\",\"@id\":\"https:\/\/www.fleximat.es\/pt\/produto\/tapon-ventilacion-pg-poliamida-ip-68\/\",\"url\":\"https:\/\/www.fleximat.es\/pt\/produto\/tapon-ventilacion-pg-poliamida-ip-68\/\",\"name\":\"Tap\u00f3n Ventilaci\u00f3n PG Poliamida IP-68 - Fleximat\",\"isPartOf\":{\"@id\":\"https:\/\/www.fleximat.es\/bn\/#website\"},\"datePublished\":\"2023-10-18T15:53:15+00:00\",\"dateModified\":\"2023-12-04T16:22:01+00:00\",\"breadcrumb\":{\"@id\":\"https:\/\/www.fleximat.es\/pt\/produto\/tapon-ventilacion-pg-poliamida-ip-68\/#breadcrumb\"},\"inLanguage\":\"fr-FR\",\"potentialAction\":[{\"@type\":\"ReadAction\",\"target\":[\"https:\/\/www.fleximat.es\/pt\/produto\/tapon-ventilacion-pg-poliamida-ip-68\/\"]}]},{\"@type\":\"BreadcrumbList\",\"@id\":\"https:\/\/www.fleximat.es\/pt\/produto\/tapon-ventilacion-pg-poliamida-ip-68\/#breadcrumb\",\"itemListElement\":[{\"@type\":\"ListItem\",\"position\":1,\"name\":\"Portada\",\"item\":\"https:\/\/www.fleximat.es\/\"},{\"@type\":\"ListItem\",\"position\":2,\"name\":\"Productos\",\"item\":\"https:\/\/www.fleximat.es\/en\/productos\/\"},{\"@type\":\"ListItem\",\"position\":3,\"name\":\"Tap\u00f3n Ventilaci\u00f3n PG Poliamida IP-68\"}]},{\"@type\":\"WebSite\",\"@id\":\"https:\/\/www.fleximat.es\/bn\/#website\",\"url\":\"https:\/\/www.fleximat.es\/bn\/\",\"name\":\"Fleximat\",\"description\":\"Tu soluci\u00f3n en prensaestopas y tubos flexibles\",\"publisher\":{\"@id\":\"https:\/\/www.fleximat.es\/bn\/#organization\"},\"potentialAction\":[{\"@type\":\"SearchAction\",\"target\":{\"@type\":\"EntryPoint\",\"urlTemplate\":\"https:\/\/www.fleximat.es\/bn\/?s={search_term_string}\"},\"query-input\":\"required name=search_term_string\"}],\"inLanguage\":\"fr-FR\"},{\"@type\":\"Organization\",\"@id\":\"https:\/\/www.fleximat.es\/bn\/#organization\",\"name\":\"Fleximat\",\"url\":\"https:\/\/www.fleximat.es\/bn\/\",\"logo\":{\"@type\":\"ImageObject\",\"inLanguage\":\"fr-FR\",\"@id\":\"https:\/\/www.fleximat.es\/bn\/#\/schema\/logo\/image\/\",\"url\":\"https:\/\/www.fleximat.es\/wp-content\/uploads\/2023\/11\/fleximat-logo-1.png\",\"contentUrl\":\"https:\/\/www.fleximat.es\/wp-content\/uploads\/2023\/11\/fleximat-logo-1.png\",\"width\":1169,\"height\":289,\"caption\":\"Fleximat\"},\"image\":{\"@id\":\"https:\/\/www.fleximat.es\/bn\/#\/schema\/logo\/image\/\"}}]}<\/script>\n<!-- \/ Yoast SEO plugin. -->","yoast_head_json":{"title":"Tap\u00f3n Ventilaci\u00f3n PG Poliamida IP-68 - Fleximat","robots":{"index":"index","follow":"follow","max-snippet":"max-snippet:-1","max-image-preview":"max-image-preview:large","max-video-preview":"max-video-preview:-1"},"canonical":"https:\/\/www.fleximat.es\/fr\/produto\/tapon-ventilacion-pg-poliamida-ip-68\/","og_locale":"fr_FR","og_type":"article","og_title":"Tap\u00f3n Ventilaci\u00f3n PG Poliamida IP-68 - Fleximat","og_description":"Caracter\u00edsticas    Junta t\u00f3rica NBR \/ EPDM   Tipo de Rosca PG (DIN 40430)   Estanqueidad IP68   Temperatura de trabajo continua -40 \u00baC +105 \u00baC","og_url":"https:\/\/www.fleximat.es\/fr\/produto\/tapon-ventilacion-pg-poliamida-ip-68\/","og_site_name":"Fleximat","article_modified_time":"2023-12-04T16:22:01+00:00","og_image":[{"width":700,"height":700,"url":"https:\/\/www.fleximat.es\/wp-content\/uploads\/2023\/12\/tapon-ventilacion-acero-inoxidable-ip-68-gris.png","type":"image\/png"}],"twitter_card":"summary_large_image","twitter_misc":{"Dur\u00e9e de lecture estim\u00e9e":"1 minute"},"schema":{"@context":"https:\/\/schema.org","@graph":[{"@type":"WebPage","@id":"https:\/\/www.fleximat.es\/pt\/produto\/tapon-ventilacion-pg-poliamida-ip-68\/","url":"https:\/\/www.fleximat.es\/pt\/produto\/tapon-ventilacion-pg-poliamida-ip-68\/","name":"Tap\u00f3n Ventilaci\u00f3n PG Poliamida IP-68 - Fleximat","isPartOf":{"@id":"https:\/\/www.fleximat.es\/bn\/#website"},"datePublished":"2023-10-18T15:53:15+00:00","dateModified":"2023-12-04T16:22:01+00:00","breadcrumb":{"@id":"https:\/\/www.fleximat.es\/pt\/produto\/tapon-ventilacion-pg-poliamida-ip-68\/#breadcrumb"},"inLanguage":"fr-FR","potentialAction":[{"@type":"ReadAction","target":["https:\/\/www.fleximat.es\/pt\/produto\/tapon-ventilacion-pg-poliamida-ip-68\/"]}]},{"@type":"BreadcrumbList","@id":"https:\/\/www.fleximat.es\/pt\/produto\/tapon-ventilacion-pg-poliamida-ip-68\/#breadcrumb","itemListElement":[{"@type":"ListItem","position":1,"name":"Portada","item":"https:\/\/www.fleximat.es\/"},{"@type":"ListItem","position":2,"name":"Productos","item":"https:\/\/www.fleximat.es\/en\/productos\/"},{"@type":"ListItem","position":3,"name":"Tap\u00f3n Ventilaci\u00f3n PG Poliamida IP-68"}]},{"@type":"WebSite","@id":"https:\/\/www.fleximat.es\/bn\/#website","url":"https:\/\/www.fleximat.es\/bn\/","name":"Fleximat","description":"Tu soluci\u00f3n en prensaestopas y tubos flexibles","publisher":{"@id":"https:\/\/www.fleximat.es\/bn\/#organization"},"potentialAction":[{"@type":"SearchAction","target":{"@type":"EntryPoint","urlTemplate":"https:\/\/www.fleximat.es\/bn\/?s={search_term_string}"},"query-input":"required name=search_term_string"}],"inLanguage":"fr-FR"},{"@type":"Organization","@id":"https:\/\/www.fleximat.es\/bn\/#organization","name":"Fleximat","url":"https:\/\/www.fleximat.es\/bn\/","logo":{"@type":"ImageObject","inLanguage":"fr-FR","@id":"https:\/\/www.fleximat.es\/bn\/#\/schema\/logo\/image\/","url":"https:\/\/www.fleximat.es\/wp-content\/uploads\/2023\/11\/fleximat-logo-1.png","contentUrl":"https:\/\/www.fleximat.es\/wp-content\/uploads\/2023\/11\/fleximat-logo-1.png","width":1169,"height":289,"caption":"Fleximat"},"image":{"@id":"https:\/\/www.fleximat.es\/bn\/#\/schema\/logo\/image\/"}}]}},"taxonomy_info":{"product_cat":[{"value":65,"label":"Prensaestopas y tapones de ventilaci\u00f3n"},{"value":67,"label":"Tap\u00f3n de ventilaci\u00f3n"}]},"featured_image_src_large":["https:\/\/www.fleximat.es\/wp-content\/uploads\/2023\/12\/tapon-ventilacion-acero-inoxidable-ip-68-gris.png",700,700,false],"author_info":[],"comment_info":"","_links":{"self":[{"href":"https:\/\/www.fleximat.es\/fr\/wp-json\/wp\/v2\/product\/1623"}],"collection":[{"href":"https:\/\/www.fleximat.es\/fr\/wp-json\/wp\/v2\/product"}],"about":[{"href":"https:\/\/www.fleximat.es\/fr\/wp-json\/wp\/v2\/types\/product"}],"wp:featuredmedia":[{"embeddable":true,"href":"https:\/\/www.fleximat.es\/fr\/wp-json\/wp\/v2\/media\/3088"}],"wp:attachment":[{"href":"https:\/\/www.fleximat.es\/fr\/wp-json\/wp\/v2\/media?parent=1623"}],"wp:term":[{"taxonomy":"product_cat","embeddable":true,"href":"https:\/\/www.fleximat.es\/fr\/wp-json\/wp\/v2\/product_cat?post=1623"},{"taxonomy":"product_tag","embeddable":true,"href":"https:\/\/www.fleximat.es\/fr\/wp-json\/wp\/v2\/product_tag?post=1623"}],"curies":[{"name":"wp","href":"https:\/\/api.w.org\/{rel}","templated":true}]}}