{"id":1667,"date":"2023-10-18T17:53:40","date_gmt":"2023-10-18T15:53:40","guid":{"rendered":"https:\/\/www.fleximat.es\/?post_type=product&#038;p=1667"},"modified":"2023-10-25T09:23:21","modified_gmt":"2023-10-25T07:23:21","slug":"tubo-espiral-liquid-tight-acero-galvanizado-con-recubrimiento-pvc-y-malla-metalica","status":"publish","type":"product","link":"https:\/\/www.fleximat.es\/fr\/produit\/tubo-espiral-liquid-tight-acero-galvanizado-con-recubrimiento-pvc-y-malla-metalica\/","title":{"rendered":"Tube spiral\u00e9 LIQUID TIGHT en acier galvanis\u00e9 avec rev\u00eatement PVC et treillis m\u00e9tallique"},"content":{"rendered":"<h4>Propri\u00e9t\u00e9s<\/h4>\n<p>Haute r\u00e9sistance aux chocs<br \/>\nAuto-extinguible<br \/>\nHaute r\u00e9sistance aux UV (noir)<br \/>\nEmballage enti\u00e8rement r\u00e9tractable<\/p>\n<h3>description du produit<\/h3>\n<p>Le tube spiral\u00e9 LIQUID TIGHT en acier galvanis\u00e9 avec rev\u00eatement PVC et treillis m\u00e9tallique poss\u00e8de de nombreuses propri\u00e9t\u00e9s m\u00e9caniques tout en pouvant \u00eatre moul\u00e9 et adapt\u00e9 pour l&#039;installation n\u00e9cessaire.<\/p>\n<p>Le tube spiral\u00e9 LIQUID TIGHT en acier galvanis\u00e9 avec rev\u00eatement PVC et treillis m\u00e9tallique appartient \u00e0 la famille des tubes m\u00e9talliques flexibles, qui sont sp\u00e9ciaux et se distinguent du tube flexible classique en polyamide.<\/p>\n<p>Les tubes en spirale LIQUID TIGHT en acier galvanis\u00e9 avec rev\u00eatement PVC et treillis m\u00e9tallique sont disponibles dans de nombreux diam\u00e8tres. Contactez-nous pour des demandes personnalis\u00e9es.<\/p>\n<p>Nous proposons un service de d\u00e9coupe de tubes et de fabrication de tubes flexibles dans n\u2019importe quelle couleur sur demande.<\/p>\n<table class=\"table table-bordered table-striped\">\n<thead>\n<tr>\n<td>Code<\/td>\n<td>\u00c9tendue<\/td>\n<td>dmm<\/td>\n<td>d1mm<\/td>\n<td>Longueur du rouleau (m\u00e8tres)<\/td>\n<\/tr>\n<\/thead>\n<tbody>\n<tr>\n<td>LGT10<\/td>\n<td>1\/4&#8243;<\/td>\n<td>10,3 \u00a0 10,5<\/td>\n<td>15,5 \u00a0 16<\/td>\n<td>30<\/td>\n<\/tr>\n<tr>\n<td>LGT12<\/td>\n<td>3\/8&#8243;<\/td>\n<td>12,3\u00a0 12,7<\/td>\n<td>17,5 \u00a0 18<\/td>\n<td>30<\/td>\n<\/tr>\n<tr>\n<td>LGT16<\/td>\n<td>1\/2&#8243;<\/td>\n<td>15,5 \u00a0 16,3<\/td>\n<td>20,8 \u00a0 21,4<\/td>\n<td>30<\/td>\n<\/tr>\n<tr>\n<td>LGT21<\/td>\n<td>3\/4&#8243;<\/td>\n<td>20,9 \u00a0 21,3<\/td>\n<td>26,2 \u00a0 26,5<\/td>\n<td>30<\/td>\n<\/tr>\n<tr>\n<td>LGT27<\/td>\n<td>1&#8243;<\/td>\n<td>26,5 \u00a0 27<\/td>\n<td>32,7 \u00a0 33,3<\/td>\n<td>30<\/td>\n<\/tr>\n<tr>\n<td>LGT35<\/td>\n<td>1 1\/4&#8243;<\/td>\n<td>35 \u00a0 35,5<\/td>\n<td>41,5 \u00a0 42<\/td>\n<td>15<\/td>\n<\/tr>\n<tr>\n<td>LGT40<\/td>\n<td>1 1\/2&#8243;<\/td>\n<td>40 \u00a0 40,5<\/td>\n<td>47,3 \u00a0 48,2<\/td>\n<td>15<\/td>\n<\/tr>\n<tr>\n<td>LGT51<\/td>\n<td>2&#8243;<\/td>\n<td>51,5 \u00a0 51,9<\/td>\n<td>59,5 \u00a060<\/td>\n<td>15<\/td>\n<\/tr>\n<tr>\n<td>LGT63<\/td>\n<td>2 1\/2&#8243;<\/td>\n<td>63 \u00a0 63,5<\/td>\n<td>72,2 \u00a0 73<\/td>\n<td>7,5<\/td>\n<\/tr>\n<tr>\n<td>LGT78<\/td>\n<td>3&#8243;<\/td>\n<td>78 \u00a0 78,5<\/td>\n<td>88 \u00a0 88,5<\/td>\n<td>7,5<\/td>\n<\/tr>\n<tr>\n<td>LGT91<\/td>\n<td>3 1\/2&#8243;<\/td>\n<td>88,9 \u00a0 89,9<\/td>\n<td>100,6 \u00a0 101,6<\/td>\n<td>7,5<\/td>\n<\/tr>\n<tr>\n<td>LGT102<\/td>\n<td>4&#8243;<\/td>\n<td>101,6 \u00a0 102,6<\/td>\n<td>113,3 \u00a0 114,3<\/td>\n<td>7,5<\/td>\n<\/tr>\n<\/tbody>\n<\/table>","protected":false},"excerpt":{"rendered":"<h3>Caract\u00e9ristiques<\/h3>\n<table>\n<tbody>\n<tr>\n<td><strong>\u00c9tanch\u00e9it\u00e9<\/strong><\/td>\n<td>IP40<\/td>\n<\/tr>\n<tr>\n<td><strong>Temp\u00e9rature de travail continue<\/strong><\/td>\n<td>-100 \u00baC +300 \u00baC<\/td>\n<\/tr>\n<\/tbody>\n<\/table>","protected":false},"featured_media":1690,"template":"","meta":{"_kad_blocks_custom_css":"","_kad_blocks_head_custom_js":"","_kad_blocks_body_custom_js":"","_kad_blocks_footer_custom_js":"","_kadence_starter_templates_imported_post":false,"_kad_post_transparent":"default","_kad_post_title":"","_kad_post_layout":"default","_kad_post_sidebar_id":"","_kad_post_content_style":"default","_kad_post_vertical_padding":"default","_kad_post_feature":"","_kad_post_feature_position":"","_kad_post_header":false,"_kad_post_footer":false},"product_cat":[68,69],"product_tag":[],"class_list":{"0":"post-1667","1":"product","2":"type-product","3":"status-publish","4":"has-post-thumbnail","6":"product_cat-tubos-flexibles-racores-y-accesorios","7":"product_cat-tubos-flexibles-metalicos","9":"first","10":"instock","11":"shipping-taxable","12":"product-type-simple","13":"entry","14":"content-bg","15":"loop-entry"},"yoast_head":"<!-- This site is optimized with the Yoast SEO plugin v21.7 - https:\/\/yoast.com\/wordpress\/plugins\/seo\/ -->\n<title>Tubo Espiral LIQUID TIGHT Acero Galvanizado con recubrimiento PVC y Malla Met\u00e1lica - Fleximat<\/title>\n<meta name=\"robots\" content=\"index, follow, max-snippet:-1, max-image-preview:large, max-video-preview:-1\" \/>\n<link rel=\"canonical\" href=\"https:\/\/www.fleximat.es\/fr\/produkt\/tubo-espiral-liquid-tight-acero-galvanizado-con-recubrimiento-pvc-y-malla-metalica\/\" \/>\n<meta property=\"og:locale\" content=\"fr_FR\" \/>\n<meta property=\"og:type\" content=\"article\" \/>\n<meta property=\"og:title\" content=\"Tubo Espiral LIQUID TIGHT Acero Galvanizado con recubrimiento PVC y Malla Met\u00e1lica - Fleximat\" \/>\n<meta property=\"og:description\" content=\"Caracter\u00edsticas    Estanqueidad IP40   Temperatura de trabajo continua -100 \u00baC +300 \u00baC\" \/>\n<meta property=\"og:url\" content=\"https:\/\/www.fleximat.es\/fr\/produkt\/tubo-espiral-liquid-tight-acero-galvanizado-con-recubrimiento-pvc-y-malla-metalica\/\" \/>\n<meta property=\"og:site_name\" content=\"Fleximat\" \/>\n<meta property=\"article:modified_time\" content=\"2023-10-25T07:23:21+00:00\" \/>\n<meta property=\"og:image\" content=\"https:\/\/www.fleximat.es\/wp-content\/uploads\/2023\/10\/tubo-espiral-acero-galvanizado-con-recubrimiento-pvc11-1.jpg\" \/>\n\t<meta property=\"og:image:width\" content=\"500\" \/>\n\t<meta property=\"og:image:height\" content=\"500\" \/>\n\t<meta property=\"og:image:type\" content=\"image\/jpeg\" \/>\n<meta name=\"twitter:card\" content=\"summary_large_image\" \/>\n<meta name=\"twitter:label1\" content=\"Dur\u00e9e de lecture estim\u00e9e\" \/>\n\t<meta name=\"twitter:data1\" content=\"1 minute\" \/>\n<script type=\"application\/ld+json\" class=\"yoast-schema-graph\">{\"@context\":\"https:\/\/schema.org\",\"@graph\":[{\"@type\":\"WebPage\",\"@id\":\"https:\/\/www.fleximat.es\/nb\/produkt\/tubo-espiral-liquid-tight-acero-galvanizado-con-recubrimiento-pvc-y-malla-metalica\/\",\"url\":\"https:\/\/www.fleximat.es\/nb\/produkt\/tubo-espiral-liquid-tight-acero-galvanizado-con-recubrimiento-pvc-y-malla-metalica\/\",\"name\":\"Tubo Espiral LIQUID TIGHT Acero Galvanizado con recubrimiento PVC y Malla Met\u00e1lica - Fleximat\",\"isPartOf\":{\"@id\":\"https:\/\/www.fleximat.es\/bn\/#website\"},\"datePublished\":\"2023-10-18T15:53:40+00:00\",\"dateModified\":\"2023-10-25T07:23:21+00:00\",\"breadcrumb\":{\"@id\":\"https:\/\/www.fleximat.es\/nb\/produkt\/tubo-espiral-liquid-tight-acero-galvanizado-con-recubrimiento-pvc-y-malla-metalica\/#breadcrumb\"},\"inLanguage\":\"fr-FR\",\"potentialAction\":[{\"@type\":\"ReadAction\",\"target\":[\"https:\/\/www.fleximat.es\/nb\/produkt\/tubo-espiral-liquid-tight-acero-galvanizado-con-recubrimiento-pvc-y-malla-metalica\/\"]}]},{\"@type\":\"BreadcrumbList\",\"@id\":\"https:\/\/www.fleximat.es\/nb\/produkt\/tubo-espiral-liquid-tight-acero-galvanizado-con-recubrimiento-pvc-y-malla-metalica\/#breadcrumb\",\"itemListElement\":[{\"@type\":\"ListItem\",\"position\":1,\"name\":\"Portada\",\"item\":\"https:\/\/www.fleximat.es\/\"},{\"@type\":\"ListItem\",\"position\":2,\"name\":\"Productos\",\"item\":\"https:\/\/www.fleximat.es\/en\/productos\/\"},{\"@type\":\"ListItem\",\"position\":3,\"name\":\"Tubo Espiral LIQUID TIGHT Acero Galvanizado con recubrimiento PVC y Malla Met\u00e1lica\"}]},{\"@type\":\"WebSite\",\"@id\":\"https:\/\/www.fleximat.es\/bn\/#website\",\"url\":\"https:\/\/www.fleximat.es\/bn\/\",\"name\":\"Fleximat\",\"description\":\"Tu soluci\u00f3n en prensaestopas y tubos flexibles\",\"publisher\":{\"@id\":\"https:\/\/www.fleximat.es\/bn\/#organization\"},\"potentialAction\":[{\"@type\":\"SearchAction\",\"target\":{\"@type\":\"EntryPoint\",\"urlTemplate\":\"https:\/\/www.fleximat.es\/bn\/?s={search_term_string}\"},\"query-input\":\"required name=search_term_string\"}],\"inLanguage\":\"fr-FR\"},{\"@type\":\"Organization\",\"@id\":\"https:\/\/www.fleximat.es\/bn\/#organization\",\"name\":\"Fleximat\",\"url\":\"https:\/\/www.fleximat.es\/bn\/\",\"logo\":{\"@type\":\"ImageObject\",\"inLanguage\":\"fr-FR\",\"@id\":\"https:\/\/www.fleximat.es\/bn\/#\/schema\/logo\/image\/\",\"url\":\"https:\/\/www.fleximat.es\/wp-content\/uploads\/2023\/11\/fleximat-logo-1.png\",\"contentUrl\":\"https:\/\/www.fleximat.es\/wp-content\/uploads\/2023\/11\/fleximat-logo-1.png\",\"width\":1169,\"height\":289,\"caption\":\"Fleximat\"},\"image\":{\"@id\":\"https:\/\/www.fleximat.es\/bn\/#\/schema\/logo\/image\/\"}}]}<\/script>\n<!-- \/ Yoast SEO plugin. -->","yoast_head_json":{"title":"Tubo Espiral LIQUID TIGHT Acero Galvanizado con recubrimiento PVC y Malla Met\u00e1lica - Fleximat","robots":{"index":"index","follow":"follow","max-snippet":"max-snippet:-1","max-image-preview":"max-image-preview:large","max-video-preview":"max-video-preview:-1"},"canonical":"https:\/\/www.fleximat.es\/fr\/produkt\/tubo-espiral-liquid-tight-acero-galvanizado-con-recubrimiento-pvc-y-malla-metalica\/","og_locale":"fr_FR","og_type":"article","og_title":"Tubo Espiral LIQUID TIGHT Acero Galvanizado con recubrimiento PVC y Malla Met\u00e1lica - Fleximat","og_description":"Caracter\u00edsticas    Estanqueidad IP40   Temperatura de trabajo continua -100 \u00baC +300 \u00baC","og_url":"https:\/\/www.fleximat.es\/fr\/produkt\/tubo-espiral-liquid-tight-acero-galvanizado-con-recubrimiento-pvc-y-malla-metalica\/","og_site_name":"Fleximat","article_modified_time":"2023-10-25T07:23:21+00:00","og_image":[{"width":500,"height":500,"url":"https:\/\/www.fleximat.es\/wp-content\/uploads\/2023\/10\/tubo-espiral-acero-galvanizado-con-recubrimiento-pvc11-1.jpg","type":"image\/jpeg"}],"twitter_card":"summary_large_image","twitter_misc":{"Dur\u00e9e de lecture estim\u00e9e":"1 minute"},"schema":{"@context":"https:\/\/schema.org","@graph":[{"@type":"WebPage","@id":"https:\/\/www.fleximat.es\/nb\/produkt\/tubo-espiral-liquid-tight-acero-galvanizado-con-recubrimiento-pvc-y-malla-metalica\/","url":"https:\/\/www.fleximat.es\/nb\/produkt\/tubo-espiral-liquid-tight-acero-galvanizado-con-recubrimiento-pvc-y-malla-metalica\/","name":"Tubo Espiral LIQUID TIGHT Acero Galvanizado con recubrimiento PVC y Malla Met\u00e1lica - Fleximat","isPartOf":{"@id":"https:\/\/www.fleximat.es\/bn\/#website"},"datePublished":"2023-10-18T15:53:40+00:00","dateModified":"2023-10-25T07:23:21+00:00","breadcrumb":{"@id":"https:\/\/www.fleximat.es\/nb\/produkt\/tubo-espiral-liquid-tight-acero-galvanizado-con-recubrimiento-pvc-y-malla-metalica\/#breadcrumb"},"inLanguage":"fr-FR","potentialAction":[{"@type":"ReadAction","target":["https:\/\/www.fleximat.es\/nb\/produkt\/tubo-espiral-liquid-tight-acero-galvanizado-con-recubrimiento-pvc-y-malla-metalica\/"]}]},{"@type":"BreadcrumbList","@id":"https:\/\/www.fleximat.es\/nb\/produkt\/tubo-espiral-liquid-tight-acero-galvanizado-con-recubrimiento-pvc-y-malla-metalica\/#breadcrumb","itemListElement":[{"@type":"ListItem","position":1,"name":"Portada","item":"https:\/\/www.fleximat.es\/"},{"@type":"ListItem","position":2,"name":"Productos","item":"https:\/\/www.fleximat.es\/en\/productos\/"},{"@type":"ListItem","position":3,"name":"Tubo Espiral LIQUID TIGHT Acero Galvanizado con recubrimiento PVC y Malla Met\u00e1lica"}]},{"@type":"WebSite","@id":"https:\/\/www.fleximat.es\/bn\/#website","url":"https:\/\/www.fleximat.es\/bn\/","name":"Fleximat","description":"Tu soluci\u00f3n en prensaestopas y tubos flexibles","publisher":{"@id":"https:\/\/www.fleximat.es\/bn\/#organization"},"potentialAction":[{"@type":"SearchAction","target":{"@type":"EntryPoint","urlTemplate":"https:\/\/www.fleximat.es\/bn\/?s={search_term_string}"},"query-input":"required name=search_term_string"}],"inLanguage":"fr-FR"},{"@type":"Organization","@id":"https:\/\/www.fleximat.es\/bn\/#organization","name":"Fleximat","url":"https:\/\/www.fleximat.es\/bn\/","logo":{"@type":"ImageObject","inLanguage":"fr-FR","@id":"https:\/\/www.fleximat.es\/bn\/#\/schema\/logo\/image\/","url":"https:\/\/www.fleximat.es\/wp-content\/uploads\/2023\/11\/fleximat-logo-1.png","contentUrl":"https:\/\/www.fleximat.es\/wp-content\/uploads\/2023\/11\/fleximat-logo-1.png","width":1169,"height":289,"caption":"Fleximat"},"image":{"@id":"https:\/\/www.fleximat.es\/bn\/#\/schema\/logo\/image\/"}}]}},"taxonomy_info":{"product_cat":[{"value":68,"label":"Tubos flexibles, racores y accesorios"},{"value":69,"label":"Tubos flexibles met\u00e1licos"}]},"featured_image_src_large":["https:\/\/www.fleximat.es\/wp-content\/uploads\/2023\/10\/tubo-espiral-acero-galvanizado-con-recubrimiento-pvc11-1.jpg",500,500,false],"author_info":[],"comment_info":"","_links":{"self":[{"href":"https:\/\/www.fleximat.es\/fr\/wp-json\/wp\/v2\/product\/1667"}],"collection":[{"href":"https:\/\/www.fleximat.es\/fr\/wp-json\/wp\/v2\/product"}],"about":[{"href":"https:\/\/www.fleximat.es\/fr\/wp-json\/wp\/v2\/types\/product"}],"wp:featuredmedia":[{"embeddable":true,"href":"https:\/\/www.fleximat.es\/fr\/wp-json\/wp\/v2\/media\/1690"}],"wp:attachment":[{"href":"https:\/\/www.fleximat.es\/fr\/wp-json\/wp\/v2\/media?parent=1667"}],"wp:term":[{"taxonomy":"product_cat","embeddable":true,"href":"https:\/\/www.fleximat.es\/fr\/wp-json\/wp\/v2\/product_cat?post=1667"},{"taxonomy":"product_tag","embeddable":true,"href":"https:\/\/www.fleximat.es\/fr\/wp-json\/wp\/v2\/product_tag?post=1667"}],"curies":[{"name":"wp","href":"https:\/\/api.w.org\/{rel}","templated":true}]}}