{"id":1698,"date":"2023-10-18T17:54:03","date_gmt":"2023-10-18T15:54:03","guid":{"rendered":"https:\/\/www.fleximat.es\/?post_type=product&#038;p=1698"},"modified":"2023-10-25T09:20:06","modified_gmt":"2023-10-25T07:20:06","slug":"racor-giratorio-pg-metalico-ip-54","status":"publish","type":"product","link":"https:\/\/www.fleximat.es\/fr\/produit\/racor-giratorio-pg-metalico-ip-54\/","title":{"rendered":"Raccord pivotant m\u00e9tallique PG IP-54"},"content":{"rendered":"<h4>Propri\u00e9t\u00e9s<\/h4>\n<p>Facile \u00e0 assemblerVersion corps fixe ou tournantCommander avec conduits OCS et OPCS<\/p>\n<h3>description du produit<\/h3>\n<p>Un raccord est un accessoire de raccordement pour un tube.<\/p>\n<p>Les raccords peuvent avoir des corps et des filetages diff\u00e9rents en fonction du besoin de protection.<\/p>\n<p>Les raccords peuvent \u00eatre en plastique ou en m\u00e9tal.<\/p>\n<p>Nous disposons de versions avec corps rotatifs et avec presse-\u00e9toupe int\u00e9gr\u00e9.<\/p>\n<table class=\"table table-bordered table-striped\" width=\"606\">\n<thead>\n<tr>\n<td>Fil<\/td>\n<td>Code<\/td>\n<td>h<\/p>\n<p>mm.<\/td>\n<td>G.L.<\/p>\n<p>mm.<\/td>\n<td>je<\/p>\n<p>mm.<\/td>\n<td>d<\/p>\n<p>mm.<\/td>\n<td>mm.<\/td>\n<td>ET<\/p>\n<p>mm.<\/td>\n<\/tr>\n<\/thead>\n<tbody>\n<tr>\n<td>M12x1,5<\/td>\n<td>MDM12<\/td>\n<td>27<\/td>\n<td>8<\/td>\n<td>13<\/td>\n<td>6<\/td>\n<td>15<\/td>\n<td>7,5 x 11,5<\/td>\n<\/tr>\n<tr>\n<td>M16x1,5<\/td>\n<td>MDM16<\/td>\n<td>27<\/td>\n<td>8<\/td>\n<td>13<\/td>\n<td>7<\/td>\n<td>20<\/td>\n<td>9x13<\/td>\n<\/tr>\n<tr>\n<td>M16x1,5<\/td>\n<td>MDM116<\/td>\n<td>29<\/td>\n<td>10<\/td>\n<td>13<\/td>\n<td>9<\/td>\n<td>20<\/td>\n<td>11x15<\/td>\n<\/tr>\n<tr>\n<td>M20x1,5<\/td>\n<td>MDM20<\/td>\n<td>29<\/td>\n<td>10<\/td>\n<td>13<\/td>\n<td>12<\/td>\n<td>22<\/td>\n<td>14x18<\/td>\n<\/tr>\n<tr>\n<td>M20x1,5<\/td>\n<td>MDM120<\/td>\n<td>29<\/td>\n<td>10<\/td>\n<td>13<\/td>\n<td>14<\/td>\n<td>22<\/td>\n<td>16x20<\/td>\n<\/tr>\n<tr>\n<td>M25x1,5<\/td>\n<td>MDM25<\/td>\n<td>31<\/td>\n<td>10<\/td>\n<td>13<\/td>\n<td>18<\/td>\n<td>28<\/td>\n<td>21x25<\/td>\n<\/tr>\n<tr>\n<td>M32x1,5<\/td>\n<td>MDM32<\/td>\n<td>35<\/td>\n<td>12<\/td>\n<td>15<\/td>\n<td>23<\/td>\n<td>35<\/td>\n<td>26x31<\/td>\n<\/tr>\n<tr>\n<td>M40x1,5<\/td>\n<td>MDM40<\/td>\n<td>41<\/td>\n<td>14<\/td>\n<td>17<\/td>\n<td>33,5<\/td>\n<td>45<\/td>\n<td>37x42<\/td>\n<\/tr>\n<tr>\n<td>M50x1,5<\/td>\n<td>MDM50<\/td>\n<td>41<\/td>\n<td>14<\/td>\n<td>17<\/td>\n<td>37<\/td>\n<td>55<\/td>\n<td>40x45<\/td>\n<\/tr>\n<tr>\n<td>M63x1,5<\/td>\n<td>MDM63<\/td>\n<td>41<\/td>\n<td>14<\/td>\n<td>17<\/td>\n<td>46<\/td>\n<td>65<\/td>\n<td>51x56<\/td>\n<\/tr>\n<\/tbody>\n<\/table>","protected":false},"excerpt":{"rendered":"<h3>Caract\u00e9ristiques<\/h3>\n<table>\n<tbody>\n<tr>\n<td><strong>Joint torique<\/strong><\/td>\n<td>NBR<\/td>\n<\/tr>\n<tr>\n<td><strong>Type de filetage<\/strong><\/td>\n<td>GE (DIN 40430)<\/td>\n<\/tr>\n<tr>\n<td><strong>\u00c9tanch\u00e9it\u00e9<\/strong><\/td>\n<td>IP40<\/td>\n<\/tr>\n<tr>\n<td><strong>Temp\u00e9rature de travail continue<\/strong><\/td>\n<td>-20 \u00baC +80 \u00baC<\/td>\n<\/tr>\n<\/tbody>\n<\/table>","protected":false},"featured_media":1729,"template":"","meta":{"_kad_blocks_custom_css":"","_kad_blocks_head_custom_js":"","_kad_blocks_body_custom_js":"","_kad_blocks_footer_custom_js":"","_kadence_starter_templates_imported_post":false,"_kad_post_transparent":"default","_kad_post_title":"","_kad_post_layout":"default","_kad_post_sidebar_id":"","_kad_post_content_style":"default","_kad_post_vertical_padding":"default","_kad_post_feature":"","_kad_post_feature_position":"","_kad_post_header":false,"_kad_post_footer":false},"product_cat":[68,71],"product_tag":[],"class_list":{"0":"post-1698","1":"product","2":"type-product","3":"status-publish","4":"has-post-thumbnail","6":"product_cat-tubos-flexibles-racores-y-accesorios","7":"product_cat-racores-y-accesorios-metalicos","9":"first","10":"instock","11":"shipping-taxable","12":"product-type-simple","13":"entry","14":"content-bg","15":"loop-entry"},"yoast_head":"<!-- This site is optimized with the Yoast SEO plugin v21.7 - https:\/\/yoast.com\/wordpress\/plugins\/seo\/ -->\n<title>Racor Giratorio PG Met\u00e1lico IP-54 - Fleximat<\/title>\n<meta name=\"robots\" content=\"index, follow, max-snippet:-1, max-image-preview:large, max-video-preview:-1\" \/>\n<link rel=\"canonical\" href=\"https:\/\/www.fleximat.es\/fr\/produto\/racor-giratorio-pg-metalico-ip-54\/\" \/>\n<meta property=\"og:locale\" content=\"fr_FR\" \/>\n<meta property=\"og:type\" content=\"article\" \/>\n<meta property=\"og:title\" content=\"Racor Giratorio PG Met\u00e1lico IP-54 - Fleximat\" \/>\n<meta property=\"og:description\" content=\"Caracter\u00edsticas    Junta t\u00f3rica NBR   Tipo de Rosca PG (DIN 40430)   Estanqueidad IP40   Temperatura de trabajo continua -20 \u00baC +80 \u00baC\" \/>\n<meta property=\"og:url\" content=\"https:\/\/www.fleximat.es\/fr\/produto\/racor-giratorio-pg-metalico-ip-54\/\" \/>\n<meta property=\"og:site_name\" content=\"Fleximat\" \/>\n<meta property=\"article:modified_time\" content=\"2023-10-25T07:20:06+00:00\" \/>\n<meta property=\"og:image\" content=\"https:\/\/www.fleximat.es\/wp-content\/uploads\/2023\/10\/racor-ip-54-giratorio.jpg\" \/>\n\t<meta property=\"og:image:width\" content=\"571\" \/>\n\t<meta property=\"og:image:height\" content=\"570\" \/>\n\t<meta property=\"og:image:type\" content=\"image\/jpeg\" \/>\n<meta name=\"twitter:card\" content=\"summary_large_image\" \/>\n<meta name=\"twitter:label1\" content=\"Dur\u00e9e de lecture estim\u00e9e\" \/>\n\t<meta name=\"twitter:data1\" content=\"1 minute\" \/>\n<script type=\"application\/ld+json\" class=\"yoast-schema-graph\">{\"@context\":\"https:\/\/schema.org\",\"@graph\":[{\"@type\":\"WebPage\",\"@id\":\"https:\/\/www.fleximat.es\/pt\/produto\/racor-giratorio-pg-metalico-ip-54\/\",\"url\":\"https:\/\/www.fleximat.es\/pt\/produto\/racor-giratorio-pg-metalico-ip-54\/\",\"name\":\"Racor Giratorio PG Met\u00e1lico IP-54 - Fleximat\",\"isPartOf\":{\"@id\":\"https:\/\/www.fleximat.es\/bn\/#website\"},\"datePublished\":\"2023-10-18T15:54:03+00:00\",\"dateModified\":\"2023-10-25T07:20:06+00:00\",\"breadcrumb\":{\"@id\":\"https:\/\/www.fleximat.es\/pt\/produto\/racor-giratorio-pg-metalico-ip-54\/#breadcrumb\"},\"inLanguage\":\"fr-FR\",\"potentialAction\":[{\"@type\":\"ReadAction\",\"target\":[\"https:\/\/www.fleximat.es\/pt\/produto\/racor-giratorio-pg-metalico-ip-54\/\"]}]},{\"@type\":\"BreadcrumbList\",\"@id\":\"https:\/\/www.fleximat.es\/pt\/produto\/racor-giratorio-pg-metalico-ip-54\/#breadcrumb\",\"itemListElement\":[{\"@type\":\"ListItem\",\"position\":1,\"name\":\"Portada\",\"item\":\"https:\/\/www.fleximat.es\/\"},{\"@type\":\"ListItem\",\"position\":2,\"name\":\"Productos\",\"item\":\"https:\/\/www.fleximat.es\/en\/productos\/\"},{\"@type\":\"ListItem\",\"position\":3,\"name\":\"Racor Giratorio PG Met\u00e1lico IP-54\"}]},{\"@type\":\"WebSite\",\"@id\":\"https:\/\/www.fleximat.es\/bn\/#website\",\"url\":\"https:\/\/www.fleximat.es\/bn\/\",\"name\":\"Fleximat\",\"description\":\"Tu soluci\u00f3n en prensaestopas y tubos flexibles\",\"publisher\":{\"@id\":\"https:\/\/www.fleximat.es\/bn\/#organization\"},\"potentialAction\":[{\"@type\":\"SearchAction\",\"target\":{\"@type\":\"EntryPoint\",\"urlTemplate\":\"https:\/\/www.fleximat.es\/bn\/?s={search_term_string}\"},\"query-input\":\"required name=search_term_string\"}],\"inLanguage\":\"fr-FR\"},{\"@type\":\"Organization\",\"@id\":\"https:\/\/www.fleximat.es\/bn\/#organization\",\"name\":\"Fleximat\",\"url\":\"https:\/\/www.fleximat.es\/bn\/\",\"logo\":{\"@type\":\"ImageObject\",\"inLanguage\":\"fr-FR\",\"@id\":\"https:\/\/www.fleximat.es\/bn\/#\/schema\/logo\/image\/\",\"url\":\"https:\/\/www.fleximat.es\/wp-content\/uploads\/2023\/11\/fleximat-logo-1.png\",\"contentUrl\":\"https:\/\/www.fleximat.es\/wp-content\/uploads\/2023\/11\/fleximat-logo-1.png\",\"width\":1169,\"height\":289,\"caption\":\"Fleximat\"},\"image\":{\"@id\":\"https:\/\/www.fleximat.es\/bn\/#\/schema\/logo\/image\/\"}}]}<\/script>\n<!-- \/ Yoast SEO plugin. -->","yoast_head_json":{"title":"Racor Giratorio PG Met\u00e1lico IP-54 - Fleximat","robots":{"index":"index","follow":"follow","max-snippet":"max-snippet:-1","max-image-preview":"max-image-preview:large","max-video-preview":"max-video-preview:-1"},"canonical":"https:\/\/www.fleximat.es\/fr\/produto\/racor-giratorio-pg-metalico-ip-54\/","og_locale":"fr_FR","og_type":"article","og_title":"Racor Giratorio PG Met\u00e1lico IP-54 - Fleximat","og_description":"Caracter\u00edsticas    Junta t\u00f3rica NBR   Tipo de Rosca PG (DIN 40430)   Estanqueidad IP40   Temperatura de trabajo continua -20 \u00baC +80 \u00baC","og_url":"https:\/\/www.fleximat.es\/fr\/produto\/racor-giratorio-pg-metalico-ip-54\/","og_site_name":"Fleximat","article_modified_time":"2023-10-25T07:20:06+00:00","og_image":[{"width":571,"height":570,"url":"https:\/\/www.fleximat.es\/wp-content\/uploads\/2023\/10\/racor-ip-54-giratorio.jpg","type":"image\/jpeg"}],"twitter_card":"summary_large_image","twitter_misc":{"Dur\u00e9e de lecture estim\u00e9e":"1 minute"},"schema":{"@context":"https:\/\/schema.org","@graph":[{"@type":"WebPage","@id":"https:\/\/www.fleximat.es\/pt\/produto\/racor-giratorio-pg-metalico-ip-54\/","url":"https:\/\/www.fleximat.es\/pt\/produto\/racor-giratorio-pg-metalico-ip-54\/","name":"Racor Giratorio PG Met\u00e1lico IP-54 - Fleximat","isPartOf":{"@id":"https:\/\/www.fleximat.es\/bn\/#website"},"datePublished":"2023-10-18T15:54:03+00:00","dateModified":"2023-10-25T07:20:06+00:00","breadcrumb":{"@id":"https:\/\/www.fleximat.es\/pt\/produto\/racor-giratorio-pg-metalico-ip-54\/#breadcrumb"},"inLanguage":"fr-FR","potentialAction":[{"@type":"ReadAction","target":["https:\/\/www.fleximat.es\/pt\/produto\/racor-giratorio-pg-metalico-ip-54\/"]}]},{"@type":"BreadcrumbList","@id":"https:\/\/www.fleximat.es\/pt\/produto\/racor-giratorio-pg-metalico-ip-54\/#breadcrumb","itemListElement":[{"@type":"ListItem","position":1,"name":"Portada","item":"https:\/\/www.fleximat.es\/"},{"@type":"ListItem","position":2,"name":"Productos","item":"https:\/\/www.fleximat.es\/en\/productos\/"},{"@type":"ListItem","position":3,"name":"Racor Giratorio PG Met\u00e1lico IP-54"}]},{"@type":"WebSite","@id":"https:\/\/www.fleximat.es\/bn\/#website","url":"https:\/\/www.fleximat.es\/bn\/","name":"Fleximat","description":"Tu soluci\u00f3n en prensaestopas y tubos flexibles","publisher":{"@id":"https:\/\/www.fleximat.es\/bn\/#organization"},"potentialAction":[{"@type":"SearchAction","target":{"@type":"EntryPoint","urlTemplate":"https:\/\/www.fleximat.es\/bn\/?s={search_term_string}"},"query-input":"required name=search_term_string"}],"inLanguage":"fr-FR"},{"@type":"Organization","@id":"https:\/\/www.fleximat.es\/bn\/#organization","name":"Fleximat","url":"https:\/\/www.fleximat.es\/bn\/","logo":{"@type":"ImageObject","inLanguage":"fr-FR","@id":"https:\/\/www.fleximat.es\/bn\/#\/schema\/logo\/image\/","url":"https:\/\/www.fleximat.es\/wp-content\/uploads\/2023\/11\/fleximat-logo-1.png","contentUrl":"https:\/\/www.fleximat.es\/wp-content\/uploads\/2023\/11\/fleximat-logo-1.png","width":1169,"height":289,"caption":"Fleximat"},"image":{"@id":"https:\/\/www.fleximat.es\/bn\/#\/schema\/logo\/image\/"}}]}},"taxonomy_info":{"product_cat":[{"value":68,"label":"Tubos flexibles, racores y accesorios"},{"value":71,"label":"Racores y accesorios met\u00e1licos"}]},"featured_image_src_large":["https:\/\/www.fleximat.es\/wp-content\/uploads\/2023\/10\/racor-ip-54-giratorio.jpg",571,570,false],"author_info":[],"comment_info":"","_links":{"self":[{"href":"https:\/\/www.fleximat.es\/fr\/wp-json\/wp\/v2\/product\/1698"}],"collection":[{"href":"https:\/\/www.fleximat.es\/fr\/wp-json\/wp\/v2\/product"}],"about":[{"href":"https:\/\/www.fleximat.es\/fr\/wp-json\/wp\/v2\/types\/product"}],"wp:featuredmedia":[{"embeddable":true,"href":"https:\/\/www.fleximat.es\/fr\/wp-json\/wp\/v2\/media\/1729"}],"wp:attachment":[{"href":"https:\/\/www.fleximat.es\/fr\/wp-json\/wp\/v2\/media?parent=1698"}],"wp:term":[{"taxonomy":"product_cat","embeddable":true,"href":"https:\/\/www.fleximat.es\/fr\/wp-json\/wp\/v2\/product_cat?post=1698"},{"taxonomy":"product_tag","embeddable":true,"href":"https:\/\/www.fleximat.es\/fr\/wp-json\/wp\/v2\/product_tag?post=1698"}],"curies":[{"name":"wp","href":"https:\/\/api.w.org\/{rel}","templated":true}]}}