{"id":1744,"date":"2023-10-18T17:54:25","date_gmt":"2023-10-18T15:54:25","guid":{"rendered":"https:\/\/www.fleximat.es\/?post_type=product&#038;p=1744"},"modified":"2023-11-27T10:59:50","modified_gmt":"2023-11-27T09:59:50","slug":"puntera-doble-aislada","status":"publish","type":"product","link":"https:\/\/www.fleximat.es\/fr\/produit\/puntera-doble-aislada\/","title":{"rendered":"Double bout isol\u00e9"},"content":{"rendered":"<h3>description du produit<\/h3>\n<p>Une virole de protection \u00e0 double isolation est un tube en m\u00e9tal souple l\u00e9ger qui se sertit sur l&#039;extr\u00e9mit\u00e9 d&#039;un c\u00e2ble toronn\u00e9 pour am\u00e9liorer les caract\u00e9ristiques de connexion du c\u00e2ble.<\/p>\n<p>La plupart des viroles doubles isol\u00e9es sont en cuivre, g\u00e9n\u00e9ralement \u00e9tam\u00e9. Chaque virole est con\u00e7ue pour un calibre de fil sp\u00e9cifique, \u00e0 la fois en diam\u00e8tre et en longueur.<\/p>\n<p>De plus, il existe plusieurs types d\u2019embouts de protection en fonction de leur application.<\/p>\n<p>Il s&#039;agit notamment des ferrules isol\u00e9es, des ferrules \u00e0 double isolation, des ferrules non isol\u00e9es et des ferrules isol\u00e9es avec connexion \u00e0 la terre. A cela s&#039;ajoute la possibilit\u00e9 de les appliquer en vrac, en cartouche ou en diff\u00e9rentes tailles de bobines. Nous les avons tous !<\/p>\n<table width=\"568\">\n<tbody>\n<tr>\n<td width=\"77\">Section : mm2 \u2013<\/p>\n<p>Longueur<\/td>\n<td width=\"57\">AWG<\/td>\n<td width=\"56\">R\u00e9cipient<\/td>\n<td width=\"62\">Couleur<\/p>\n<p>VACARME<\/td>\n<td width=\"60\">Article n\u00b01<\/p>\n<p>&nbsp;<\/td>\n<td width=\"66\">Couleur 1<\/td>\n<td width=\"59\">Article n\u00b02<\/td>\n<td width=\"62\">Couleur 2<\/td>\n<td width=\"69\">Article n\u00b03<\/td>\n<\/tr>\n<tr>\n<td>2&#215;0,25-8<\/td>\n<td>2&#215;24<\/td>\n<td>500<\/td>\n<td><\/td>\n<td><\/td>\n<td>violette<\/td>\n<td>Z105<\/td>\n<td>bleu clair<\/td>\n<td>Z205<\/td>\n<\/tr>\n<tr>\n<td>2&#215;0,34-8<\/td>\n<td>2&#215;22<\/td>\n<td>500<\/td>\n<td><\/td>\n<td><\/td>\n<td><\/td>\n<td><\/td>\n<td>turquoise<\/td>\n<td>Z208<\/td>\n<\/tr>\n<tr>\n<td>2&#215;0,50-8<\/td>\n<td>2&#215;20<\/td>\n<td>500<\/td>\n<td>blanc<\/td>\n<td>Z310<\/td>\n<td>blanc<\/td>\n<td>Z310<\/td>\n<td>Orange<\/td>\n<td>Z210<\/td>\n<\/tr>\n<tr>\n<td>2&#215;0,75-8<\/td>\n<td>2&#215;18<\/td>\n<td>500<\/td>\n<td rowspan=\"2\">gris<\/td>\n<td>Z 315<\/td>\n<td rowspan=\"2\">bleu<\/td>\n<td>Z115<\/td>\n<td rowspan=\"2\">blanc<\/td>\n<td>Z215<\/td>\n<\/tr>\n<tr>\n<td>2&#215;0,75-10<\/td>\n<td>2&#215;18<\/td>\n<td>500<\/td>\n<td>Z 318<\/td>\n<td>Z118<\/td>\n<td>Z218<\/td>\n<\/tr>\n<tr>\n<td>2&#215;1,00-8<\/td>\n<td>2&#215;18<\/td>\n<td>500<\/td>\n<td rowspan=\"4\">rouge<\/td>\n<td>Z320<\/td>\n<td rowspan=\"4\">rouge<\/td>\n<td>Z320<\/td>\n<td rowspan=\"4\">jaune<\/td>\n<td>Z220<\/td>\n<\/tr>\n<tr>\n<td>2&#215;1,00-10<\/td>\n<td>2&#215;18<\/td>\n<td>500<\/td>\n<td>Z 323<\/td>\n<td>Z 323<\/td>\n<td>Z223<\/td>\n<\/tr>\n<tr>\n<td>2&#215;1,00-12<\/td>\n<td>2&#215;18<\/td>\n<td>500<\/td>\n<td>Z 324<\/td>\n<td>Z 324<\/td>\n<td>Z224<\/td>\n<\/tr>\n<tr>\n<td>2&#215;1,00-18<\/td>\n<td>2&#215;18<\/td>\n<td>500<\/td>\n<td>Z325<\/td>\n<td>Z325<\/td>\n<td>Z225<\/td>\n<\/tr>\n<tr>\n<td>2&#215;1,50-8<\/td>\n<td>2&#215;16<\/td>\n<td>500<\/td>\n<td rowspan=\"3\">noir<\/td>\n<td>Z330<\/td>\n<td rowspan=\"3\">noir<\/td>\n<td>Z330<\/td>\n<td rowspan=\"3\">rouge<\/td>\n<td>Z230<\/td>\n<\/tr>\n<tr>\n<td>2&#215;1,50-12<\/td>\n<td>2&#215;16<\/td>\n<td>500<\/td>\n<td>Z 334<\/td>\n<td>Z 334<\/td>\n<td>Z234<\/td>\n<\/tr>\n<tr>\n<td>2&#215;1,50-18<\/td>\n<td>2&#215;16<\/td>\n<td>500<\/td>\n<td>Z 335<\/td>\n<td>Z 335<\/td>\n<td>Z235<\/td>\n<\/tr>\n<tr>\n<td>2&#215;2,50-10<\/td>\n<td>2&#215;14<\/td>\n<td>250<\/td>\n<td rowspan=\"2\">bleu<\/td>\n<td>Z340<\/td>\n<td rowspan=\"2\">gris<\/td>\n<td>Z140<\/td>\n<td rowspan=\"2\">bleu<\/td>\n<td>Z340<\/td>\n<\/tr>\n<tr>\n<td>2&#215;2,50-13<\/td>\n<td>2&#215;14<\/td>\n<td>250<\/td>\n<td>Z 342<\/td>\n<td>Z142<\/td>\n<td>Z 342<\/td>\n<\/tr>\n<tr>\n<td>2&#215;4,00-12<\/td>\n<td>2&#215;12<\/td>\n<td>100<\/td>\n<td>gris<\/td>\n<td>Z 345<\/td>\n<td>Orange<\/td>\n<td>Z145<\/td>\n<td>gris<\/td>\n<td>Z 345<\/td>\n<\/tr>\n<tr>\n<td>2&#215;6,00-14<\/td>\n<td>2&#215;10<\/td>\n<td>100<\/td>\n<td>jaune<\/td>\n<td>Z350<\/td>\n<td>vert<\/td>\n<td>Z150<\/td>\n<td>noir<\/td>\n<td>Z250<\/td>\n<\/tr>\n<tr>\n<td>2&#215;10,00-14<\/td>\n<td>2&#215;8<\/td>\n<td>100<\/td>\n<td>rouge<\/td>\n<td>Z 355<\/td>\n<td>brun<\/td>\n<td>Z155<\/td>\n<td>Ivoire<\/td>\n<td>Z255<\/td>\n<\/tr>\n<tr>\n<td>2&#215;16,00-14<\/td>\n<td>2&#215;6<\/td>\n<td>50<\/td>\n<td>bleu<\/td>\n<td>Z 360<\/td>\n<td>Ivoire<\/td>\n<td>Z160<\/td>\n<td>vert<\/td>\n<td>Z260<\/td>\n<\/tr>\n<\/tbody>\n<\/table>","protected":false},"excerpt":{"rendered":"<h3>Caract\u00e9ristiques<\/h3>\n<table>\n<tbody>\n<tr>\n<td><strong>Mat\u00e9riel<\/strong><\/td>\n<td>E-Cuivre \/ PP 105\u00b0<\/td>\n<\/tr>\n<tr>\n<td><strong>Surface<\/strong><\/td>\n<td>Cincada<\/td>\n<\/tr>\n<tr>\n<td><strong>Salle de bain minimale<\/strong><\/td>\n<td>3\u00b5m<\/td>\n<\/tr>\n<\/tbody>\n<\/table>","protected":false},"featured_media":2987,"template":"","meta":{"_kad_blocks_custom_css":"","_kad_blocks_head_custom_js":"","_kad_blocks_body_custom_js":"","_kad_blocks_footer_custom_js":"","_kadence_starter_templates_imported_post":false,"_kad_post_transparent":"default","_kad_post_title":"","_kad_post_layout":"default","_kad_post_sidebar_id":"","_kad_post_content_style":"default","_kad_post_vertical_padding":"default","_kad_post_feature":"","_kad_post_feature_position":"","_kad_post_header":false,"_kad_post_footer":false},"product_cat":[75,76],"product_tag":[],"class_list":{"0":"post-1744","1":"product","2":"type-product","3":"status-publish","4":"has-post-thumbnail","6":"product_cat-punteras-de-conexion","7":"product_cat-punteras","9":"first","10":"instock","11":"shipping-taxable","12":"product-type-simple","13":"entry","14":"content-bg","15":"loop-entry"},"yoast_head":"<!-- This site is optimized with the Yoast SEO plugin v21.7 - https:\/\/yoast.com\/wordpress\/plugins\/seo\/ -->\n<title>Puntera Doble Aislada - Fleximat<\/title>\n<meta name=\"robots\" content=\"index, follow, max-snippet:-1, max-image-preview:large, max-video-preview:-1\" \/>\n<link rel=\"canonical\" href=\"https:\/\/www.fleximat.es\/fr\/produit\/puntera-doble-aislada\/\" \/>\n<meta property=\"og:locale\" content=\"fr_FR\" \/>\n<meta property=\"og:type\" content=\"article\" \/>\n<meta property=\"og:title\" content=\"Puntera Doble Aislada - Fleximat\" \/>\n<meta property=\"og:description\" content=\"Caracter\u00edsticas    Material E-Cobre \/ PP 105\u00b0   Superficie Cincada   Ba\u00f1o m\u00ednimo 3\u00b5m\" \/>\n<meta property=\"og:url\" content=\"https:\/\/www.fleximat.es\/fr\/produit\/puntera-doble-aislada\/\" \/>\n<meta property=\"og:site_name\" content=\"Fleximat\" \/>\n<meta property=\"article:modified_time\" content=\"2023-11-27T09:59:50+00:00\" \/>\n<meta property=\"og:image\" content=\"https:\/\/www.fleximat.es\/wp-content\/uploads\/2023\/10\/puntera-doble-aislada-1.png\" \/>\n\t<meta property=\"og:image:width\" content=\"600\" \/>\n\t<meta property=\"og:image:height\" content=\"600\" \/>\n\t<meta property=\"og:image:type\" content=\"image\/png\" \/>\n<meta name=\"twitter:card\" content=\"summary_large_image\" \/>\n<meta name=\"twitter:label1\" content=\"Dur\u00e9e de lecture estim\u00e9e\" \/>\n\t<meta name=\"twitter:data1\" content=\"1 minute\" \/>\n<script type=\"application\/ld+json\" class=\"yoast-schema-graph\">{\"@context\":\"https:\/\/schema.org\",\"@graph\":[{\"@type\":\"WebPage\",\"@id\":\"https:\/\/www.fleximat.es\/producto\/puntera-doble-aislada\/\",\"url\":\"https:\/\/www.fleximat.es\/producto\/puntera-doble-aislada\/\",\"name\":\"Puntera Doble Aislada - Fleximat\",\"isPartOf\":{\"@id\":\"https:\/\/www.fleximat.es\/bn\/#website\"},\"datePublished\":\"2023-10-18T15:54:25+00:00\",\"dateModified\":\"2023-11-27T09:59:50+00:00\",\"breadcrumb\":{\"@id\":\"https:\/\/www.fleximat.es\/producto\/puntera-doble-aislada\/#breadcrumb\"},\"inLanguage\":\"fr-FR\",\"potentialAction\":[{\"@type\":\"ReadAction\",\"target\":[\"https:\/\/www.fleximat.es\/producto\/puntera-doble-aislada\/\"]}]},{\"@type\":\"BreadcrumbList\",\"@id\":\"https:\/\/www.fleximat.es\/producto\/puntera-doble-aislada\/#breadcrumb\",\"itemListElement\":[{\"@type\":\"ListItem\",\"position\":1,\"name\":\"Portada\",\"item\":\"https:\/\/www.fleximat.es\/\"},{\"@type\":\"ListItem\",\"position\":2,\"name\":\"Productos\",\"item\":\"https:\/\/www.fleximat.es\/en\/productos\/\"},{\"@type\":\"ListItem\",\"position\":3,\"name\":\"Puntera Doble Aislada\"}]},{\"@type\":\"WebSite\",\"@id\":\"https:\/\/www.fleximat.es\/bn\/#website\",\"url\":\"https:\/\/www.fleximat.es\/bn\/\",\"name\":\"Fleximat\",\"description\":\"Tu soluci\u00f3n en prensaestopas y tubos flexibles\",\"publisher\":{\"@id\":\"https:\/\/www.fleximat.es\/bn\/#organization\"},\"potentialAction\":[{\"@type\":\"SearchAction\",\"target\":{\"@type\":\"EntryPoint\",\"urlTemplate\":\"https:\/\/www.fleximat.es\/bn\/?s={search_term_string}\"},\"query-input\":\"required name=search_term_string\"}],\"inLanguage\":\"fr-FR\"},{\"@type\":\"Organization\",\"@id\":\"https:\/\/www.fleximat.es\/bn\/#organization\",\"name\":\"Fleximat\",\"url\":\"https:\/\/www.fleximat.es\/bn\/\",\"logo\":{\"@type\":\"ImageObject\",\"inLanguage\":\"fr-FR\",\"@id\":\"https:\/\/www.fleximat.es\/bn\/#\/schema\/logo\/image\/\",\"url\":\"https:\/\/www.fleximat.es\/wp-content\/uploads\/2023\/11\/fleximat-logo-1.png\",\"contentUrl\":\"https:\/\/www.fleximat.es\/wp-content\/uploads\/2023\/11\/fleximat-logo-1.png\",\"width\":1169,\"height\":289,\"caption\":\"Fleximat\"},\"image\":{\"@id\":\"https:\/\/www.fleximat.es\/bn\/#\/schema\/logo\/image\/\"}}]}<\/script>\n<!-- \/ Yoast SEO plugin. -->","yoast_head_json":{"title":"Puntera Doble Aislada - Fleximat","robots":{"index":"index","follow":"follow","max-snippet":"max-snippet:-1","max-image-preview":"max-image-preview:large","max-video-preview":"max-video-preview:-1"},"canonical":"https:\/\/www.fleximat.es\/fr\/produit\/puntera-doble-aislada\/","og_locale":"fr_FR","og_type":"article","og_title":"Puntera Doble Aislada - Fleximat","og_description":"Caracter\u00edsticas    Material E-Cobre \/ PP 105\u00b0   Superficie Cincada   Ba\u00f1o m\u00ednimo 3\u00b5m","og_url":"https:\/\/www.fleximat.es\/fr\/produit\/puntera-doble-aislada\/","og_site_name":"Fleximat","article_modified_time":"2023-11-27T09:59:50+00:00","og_image":[{"width":600,"height":600,"url":"https:\/\/www.fleximat.es\/wp-content\/uploads\/2023\/10\/puntera-doble-aislada-1.png","type":"image\/png"}],"twitter_card":"summary_large_image","twitter_misc":{"Dur\u00e9e de lecture estim\u00e9e":"1 minute"},"schema":{"@context":"https:\/\/schema.org","@graph":[{"@type":"WebPage","@id":"https:\/\/www.fleximat.es\/producto\/puntera-doble-aislada\/","url":"https:\/\/www.fleximat.es\/producto\/puntera-doble-aislada\/","name":"Puntera Doble Aislada - Fleximat","isPartOf":{"@id":"https:\/\/www.fleximat.es\/bn\/#website"},"datePublished":"2023-10-18T15:54:25+00:00","dateModified":"2023-11-27T09:59:50+00:00","breadcrumb":{"@id":"https:\/\/www.fleximat.es\/producto\/puntera-doble-aislada\/#breadcrumb"},"inLanguage":"fr-FR","potentialAction":[{"@type":"ReadAction","target":["https:\/\/www.fleximat.es\/producto\/puntera-doble-aislada\/"]}]},{"@type":"BreadcrumbList","@id":"https:\/\/www.fleximat.es\/producto\/puntera-doble-aislada\/#breadcrumb","itemListElement":[{"@type":"ListItem","position":1,"name":"Portada","item":"https:\/\/www.fleximat.es\/"},{"@type":"ListItem","position":2,"name":"Productos","item":"https:\/\/www.fleximat.es\/en\/productos\/"},{"@type":"ListItem","position":3,"name":"Puntera Doble Aislada"}]},{"@type":"WebSite","@id":"https:\/\/www.fleximat.es\/bn\/#website","url":"https:\/\/www.fleximat.es\/bn\/","name":"Fleximat","description":"Tu soluci\u00f3n en prensaestopas y tubos flexibles","publisher":{"@id":"https:\/\/www.fleximat.es\/bn\/#organization"},"potentialAction":[{"@type":"SearchAction","target":{"@type":"EntryPoint","urlTemplate":"https:\/\/www.fleximat.es\/bn\/?s={search_term_string}"},"query-input":"required name=search_term_string"}],"inLanguage":"fr-FR"},{"@type":"Organization","@id":"https:\/\/www.fleximat.es\/bn\/#organization","name":"Fleximat","url":"https:\/\/www.fleximat.es\/bn\/","logo":{"@type":"ImageObject","inLanguage":"fr-FR","@id":"https:\/\/www.fleximat.es\/bn\/#\/schema\/logo\/image\/","url":"https:\/\/www.fleximat.es\/wp-content\/uploads\/2023\/11\/fleximat-logo-1.png","contentUrl":"https:\/\/www.fleximat.es\/wp-content\/uploads\/2023\/11\/fleximat-logo-1.png","width":1169,"height":289,"caption":"Fleximat"},"image":{"@id":"https:\/\/www.fleximat.es\/bn\/#\/schema\/logo\/image\/"}}]}},"taxonomy_info":{"product_cat":[{"value":75,"label":"Punteras de conexi\u00f3n"},{"value":76,"label":"Punteras"}]},"featured_image_src_large":["https:\/\/www.fleximat.es\/wp-content\/uploads\/2023\/10\/puntera-doble-aislada-1.png",600,600,false],"author_info":[],"comment_info":"","_links":{"self":[{"href":"https:\/\/www.fleximat.es\/fr\/wp-json\/wp\/v2\/product\/1744"}],"collection":[{"href":"https:\/\/www.fleximat.es\/fr\/wp-json\/wp\/v2\/product"}],"about":[{"href":"https:\/\/www.fleximat.es\/fr\/wp-json\/wp\/v2\/types\/product"}],"wp:featuredmedia":[{"embeddable":true,"href":"https:\/\/www.fleximat.es\/fr\/wp-json\/wp\/v2\/media\/2987"}],"wp:attachment":[{"href":"https:\/\/www.fleximat.es\/fr\/wp-json\/wp\/v2\/media?parent=1744"}],"wp:term":[{"taxonomy":"product_cat","embeddable":true,"href":"https:\/\/www.fleximat.es\/fr\/wp-json\/wp\/v2\/product_cat?post=1744"},{"taxonomy":"product_tag","embeddable":true,"href":"https:\/\/www.fleximat.es\/fr\/wp-json\/wp\/v2\/product_tag?post=1744"}],"curies":[{"name":"wp","href":"https:\/\/api.w.org\/{rel}","templated":true}]}}