{"id":1747,"date":"2023-10-18T17:54:26","date_gmt":"2023-10-18T15:54:26","guid":{"rendered":"https:\/\/www.fleximat.es\/?post_type=product&#038;p=1747"},"modified":"2023-10-25T09:13:14","modified_gmt":"2023-10-25T07:13:14","slug":"tubo-pp","status":"publish","type":"product","link":"https:\/\/www.fleximat.es\/fr\/produit\/tubo-pp\/","title":{"rendered":"Tube PP"},"content":{"rendered":"<h4>Propri\u00e9t\u00e9s<\/h4>\n<p>Anti-vibrations<br \/>\nAnti-tractionHaute r\u00e9sistance aux UV<br \/>\nAssemblage facileCertifi\u00e9 VDE (40030037)<br \/>\nSans halog\u00e8nes<\/p>\n<h3>description du produit<\/h3>\n<p>Le presse-\u00e9toupe multi-c\u00e2bles est une variante du presse-\u00e9toupe commun qui int\u00e8gre un joint interne perc\u00e9 de trous pour faire passer un certain nombre de c\u00e2bles \u00e9lectriques.<\/p>\n<p>Le presse-\u00e9toupe multi-c\u00e2bles ou passe-fil mural est utilis\u00e9 pour prot\u00e9ger la connexion \u00e9lectrique. Sa conception et ses composants m\u00e9caniques compriment un joint \u00e9lastom\u00e8re interne \u00e0 l&#039;int\u00e9rieur d&#039;un bo\u00eetier. \u00c0 son tour, le joint int\u00e9rieur r\u00e9partit les c\u00e2bles selon les sp\u00e9cifications du projet.<\/p>\n<p>Les presse-\u00e9toupes pour diff\u00e9rents c\u00e2bles offrent une grande diversit\u00e9 de propri\u00e9t\u00e9s, qu&#039;elles soient m\u00e9caniques, chimiques ou de performances, et sont disponibles aussi bien en mati\u00e8re plastique qu&#039;en version m\u00e9tallique.<\/p>\n<p>Les presse-\u00e9toupes multi-c\u00e2bles existent dans une tr\u00e8s large gamme de nombres de c\u00e2bles et de diam\u00e8tres n\u00e9cessaires aux trous de leur jonction.<\/p>\n<table class=\"table table-bordered table-striped\">\n<thead>\n<tr>\n<td colspan=\"3\">Sujets<\/td>\n<td>Code<\/td>\n<td>Nombre de trous<\/td>\n<td>Pour c\u00e2bles \u00d8 mm<\/td>\n<\/tr>\n<\/thead>\n<tbody>\n<tr>\n<td colspan=\"3\">page 9<\/td>\n<td>ORL 02A3<\/td>\n<td>2<\/td>\n<td>3<\/td>\n<\/tr>\n<tr>\n<td colspan=\"3\">page 9<\/td>\n<td>ORL 02B3<\/td>\n<td>3<\/td>\n<td>3<\/td>\n<\/tr>\n<tr>\n<td colspan=\"3\">page 9<\/td>\n<td>ORL 02C3<\/td>\n<td>4<\/td>\n<td>3<\/td>\n<\/tr>\n<tr>\n<td colspan=\"3\">page 11<\/td>\n<td>ORL 03A4<\/td>\n<td>2<\/td>\n<td>4<\/td>\n<\/tr>\n<tr>\n<td colspan=\"3\">page 11<\/td>\n<td>ORL 03A5<\/td>\n<td>2<\/td>\n<td>5<\/td>\n<\/tr>\n<tr>\n<td colspan=\"3\">page 11<\/td>\n<td>ORL 03B4<\/td>\n<td>3<\/td>\n<td>4<\/td>\n<\/tr>\n<tr>\n<td colspan=\"3\">page 11<\/td>\n<td>ORL 03B5<\/td>\n<td>3<\/td>\n<td>5<\/td>\n<\/tr>\n<tr>\n<td colspan=\"3\">GP 13.5<\/td>\n<td>ORL 04A5<\/td>\n<td>2<\/td>\n<td>5<\/td>\n<\/tr>\n<tr>\n<td colspan=\"3\">GP 13.5<\/td>\n<td>ORL 04A6<\/td>\n<td>2<\/td>\n<td>6<\/td>\n<\/tr>\n<tr>\n<td colspan=\"3\">GP 13.5<\/td>\n<td>ORL 04B4<\/td>\n<td>3<\/td>\n<td>4<\/td>\n<\/tr>\n<tr>\n<td colspan=\"3\">GP 13.5<\/td>\n<td>ORL 04B5<\/td>\n<td>3<\/td>\n<td>5<\/td>\n<\/tr>\n<tr>\n<td colspan=\"3\">page 16<\/td>\n<td>ORL 05A4<\/td>\n<td>2<\/td>\n<td>4<\/td>\n<\/tr>\n<tr>\n<td colspan=\"3\">page 16<\/td>\n<td>ORL 05A7<\/td>\n<td>2<\/td>\n<td>7<\/td>\n<\/tr>\n<tr>\n<td colspan=\"3\">page 16<\/td>\n<td>ORL 05B4<\/td>\n<td>3<\/td>\n<td>4<\/td>\n<\/tr>\n<tr>\n<td colspan=\"3\">page 16<\/td>\n<td>ORL 05B6<\/td>\n<td>3<\/td>\n<td>6<\/td>\n<\/tr>\n<tr>\n<td colspan=\"3\">page 16<\/td>\n<td>ORL 05C5<\/td>\n<td>4<\/td>\n<td>5<\/td>\n<\/tr>\n<tr>\n<td colspan=\"3\">page 21<\/td>\n<td>ORL 06A8<\/td>\n<td>2<\/td>\n<td>8<\/td>\n<\/tr>\n<tr>\n<td colspan=\"3\">page 21<\/td>\n<td>ORL 06A9<\/td>\n<td>2<\/td>\n<td>9<\/td>\n<\/tr>\n<tr>\n<td colspan=\"3\">page 21<\/td>\n<td>ORL 06B5<\/td>\n<td>5<\/td>\n<td>6<\/td>\n<\/tr>\n<tr>\n<td colspan=\"3\">page 21<\/td>\n<td>ORL 06B7<\/td>\n<td>3<\/td>\n<td>7<\/td>\n<\/tr>\n<tr>\n<td colspan=\"3\">page 21<\/td>\n<td>ORL 06B8<\/td>\n<td>3<\/td>\n<td>8<\/td>\n<\/tr>\n<tr>\n<td colspan=\"3\">page 21<\/td>\n<td>ORL 06C7<\/td>\n<td>4<\/td>\n<td>7<\/td>\n<\/tr>\n<tr>\n<td colspan=\"3\">page 21<\/td>\n<td>ORL 06G3<\/td>\n<td>8<\/td>\n<td>3<\/td>\n<\/tr>\n<tr>\n<td colspan=\"3\">page 21<\/td>\n<td>ORL 06G4<\/td>\n<td>8<\/td>\n<td>4<\/td>\n<\/tr>\n<tr>\n<td colspan=\"3\">page 29<\/td>\n<td>ORL 07C9<\/td>\n<td>4<\/td>\n<td>9<\/td>\n<\/tr>\n<tr>\n<td colspan=\"3\">page 29<\/td>\n<td>ORL0703<\/td>\n<td>16<\/td>\n<td>3<\/td>\n<\/tr>\n<tr>\n<td colspan=\"3\">page 36<\/td>\n<td>ORL 08E8<\/td>\n<td>6<\/td>\n<td>8<\/td>\n<\/tr>\n<tr>\n<td colspan=\"6\">PRESSE-\u00c9TOUPE POUR C\u00c2BLE PLAT<\/td>\n<\/tr>\n<tr>\n<td colspan=\"3\">page 16<\/td>\n<td>YML 05<\/td>\n<td>7<\/td>\n<td>13<\/td>\n<\/tr>\n<tr>\n<td colspan=\"3\">page 21<\/td>\n<td>YML 06<\/td>\n<td>7<\/td>\n<td>15<\/td>\n<\/tr>\n<tr>\n<td colspan=\"3\">page 29<\/td>\n<td>YML 07<\/td>\n<td>8<\/td>\n<td>22<\/td>\n<\/tr>\n<tr>\n<td colspan=\"3\">page 36<\/td>\n<td>YML 08<\/td>\n<td>10<\/td>\n<td>28<\/td>\n<\/tr>\n<tr>\n<td colspan=\"3\">Page 42<\/td>\n<td>YML 09<\/td>\n<td>12<\/td>\n<td>33<\/td>\n<\/tr>\n<tr>\n<td colspan=\"3\">page 48<\/td>\n<td>YML10<\/td>\n<td>14<\/td>\n<td>45<\/td>\n<\/tr>\n<\/tbody>\n<\/table>","protected":false},"excerpt":{"rendered":"<h3>Caract\u00e9ristiques<\/h3>\n<table>\n<tbody>\n<tr>\n<td><strong>Joint d&#039;\u00e9tanch\u00e9it\u00e9<\/strong><\/td>\n<td>Joint TPV sp\u00e9cial pour c\u00e2bles multiples et c\u00e2bles plats<\/td>\n<\/tr>\n<tr>\n<td><strong>Corps<\/strong><\/td>\n<td>Polyamide PA6 V2<\/td>\n<\/tr>\n<tr>\n<td><strong>Joint torique<\/strong><\/td>\n<td>NBR (facultatif)<\/td>\n<\/tr>\n<tr>\n<td><strong>Type de filetage<\/strong><\/td>\n<td>GE (DIN 40430)<\/td>\n<\/tr>\n<tr>\n<td><strong>\u00c9tanch\u00e9it\u00e9<\/strong><\/td>\n<td>IP68<\/td>\n<\/tr>\n<tr>\n<td><strong>Temp\u00e9rature de travail continue<\/strong><\/td>\n<td>-30 \u00baC +80 \u00baC +150 \u00baC (temporaire)<\/td>\n<\/tr>\n<\/tbody>\n<\/table>","protected":false},"featured_media":1742,"template":"","meta":{"_kad_blocks_custom_css":"","_kad_blocks_head_custom_js":"","_kad_blocks_body_custom_js":"","_kad_blocks_footer_custom_js":"","_kadence_starter_templates_imported_post":false,"_kad_post_transparent":"default","_kad_post_title":"","_kad_post_layout":"default","_kad_post_sidebar_id":"","_kad_post_content_style":"default","_kad_post_vertical_padding":"default","_kad_post_feature":"","_kad_post_feature_position":"","_kad_post_header":false,"_kad_post_footer":false},"product_cat":[68,77,78],"product_tag":[],"class_list":{"0":"post-1747","1":"product","2":"type-product","3":"status-publish","4":"has-post-thumbnail","6":"product_cat-tubos-flexibles-racores-y-accesorios","7":"product_cat-tubos-flexibles-de-poliamida-y-accesorios","8":"product_cat-tubos-flexibles-poliamida-especiales","10":"first","11":"instock","12":"shipping-taxable","13":"product-type-simple","14":"entry","15":"content-bg","16":"loop-entry"},"yoast_head":"<!-- This site is optimized with the Yoast SEO plugin v21.7 - https:\/\/yoast.com\/wordpress\/plugins\/seo\/ -->\n<title>Tubo PP - Fleximat<\/title>\n<meta name=\"robots\" content=\"index, follow, max-snippet:-1, max-image-preview:large, max-video-preview:-1\" \/>\n<link rel=\"canonical\" href=\"https:\/\/www.fleximat.es\/fr\/produit\/tubo-pp\/\" \/>\n<meta property=\"og:locale\" content=\"fr_FR\" \/>\n<meta property=\"og:type\" content=\"article\" \/>\n<meta property=\"og:title\" content=\"Tubo PP - Fleximat\" \/>\n<meta property=\"og:description\" content=\"Caracter\u00edsticas    Junta de sellado Junta TPV especial para m\u00faltiples cables y cables planos   Cuerpo Poliamida PA6 V2   Junta t\u00f3rica NBR (opcional)   Tipo de Rosca PG (DIN 40430)   Estanqueidad IP68   Temperatura de trabajo continua -30 \u00baC +80 \u00baC +150 \u00baC (temporal)\" \/>\n<meta property=\"og:url\" content=\"https:\/\/www.fleximat.es\/fr\/produit\/tubo-pp\/\" \/>\n<meta property=\"og:site_name\" content=\"Fleximat\" \/>\n<meta property=\"article:modified_time\" content=\"2023-10-25T07:13:14+00:00\" \/>\n<meta property=\"og:image\" content=\"https:\/\/www.fleximat.es\/wp-content\/uploads\/2023\/10\/th_crop_1572264382todos-tipos-tubos.jpg\" \/>\n\t<meta property=\"og:image:width\" content=\"600\" \/>\n\t<meta property=\"og:image:height\" content=\"600\" \/>\n\t<meta property=\"og:image:type\" content=\"image\/jpeg\" \/>\n<meta name=\"twitter:card\" content=\"summary_large_image\" \/>\n<meta name=\"twitter:label1\" content=\"Dur\u00e9e de lecture estim\u00e9e\" \/>\n\t<meta name=\"twitter:data1\" content=\"1 minute\" \/>\n<script type=\"application\/ld+json\" class=\"yoast-schema-graph\">{\"@context\":\"https:\/\/schema.org\",\"@graph\":[{\"@type\":\"WebPage\",\"@id\":\"https:\/\/www.fleximat.es\/producto\/tubo-pp\/\",\"url\":\"https:\/\/www.fleximat.es\/producto\/tubo-pp\/\",\"name\":\"Tubo PP - Fleximat\",\"isPartOf\":{\"@id\":\"https:\/\/www.fleximat.es\/bn\/#website\"},\"datePublished\":\"2023-10-18T15:54:26+00:00\",\"dateModified\":\"2023-10-25T07:13:14+00:00\",\"breadcrumb\":{\"@id\":\"https:\/\/www.fleximat.es\/producto\/tubo-pp\/#breadcrumb\"},\"inLanguage\":\"fr-FR\",\"potentialAction\":[{\"@type\":\"ReadAction\",\"target\":[\"https:\/\/www.fleximat.es\/producto\/tubo-pp\/\"]}]},{\"@type\":\"BreadcrumbList\",\"@id\":\"https:\/\/www.fleximat.es\/producto\/tubo-pp\/#breadcrumb\",\"itemListElement\":[{\"@type\":\"ListItem\",\"position\":1,\"name\":\"Portada\",\"item\":\"https:\/\/www.fleximat.es\/\"},{\"@type\":\"ListItem\",\"position\":2,\"name\":\"Productos\",\"item\":\"https:\/\/www.fleximat.es\/en\/productos\/\"},{\"@type\":\"ListItem\",\"position\":3,\"name\":\"Tubo PP\"}]},{\"@type\":\"WebSite\",\"@id\":\"https:\/\/www.fleximat.es\/bn\/#website\",\"url\":\"https:\/\/www.fleximat.es\/bn\/\",\"name\":\"Fleximat\",\"description\":\"Tu soluci\u00f3n en prensaestopas y tubos flexibles\",\"publisher\":{\"@id\":\"https:\/\/www.fleximat.es\/bn\/#organization\"},\"potentialAction\":[{\"@type\":\"SearchAction\",\"target\":{\"@type\":\"EntryPoint\",\"urlTemplate\":\"https:\/\/www.fleximat.es\/bn\/?s={search_term_string}\"},\"query-input\":\"required name=search_term_string\"}],\"inLanguage\":\"fr-FR\"},{\"@type\":\"Organization\",\"@id\":\"https:\/\/www.fleximat.es\/bn\/#organization\",\"name\":\"Fleximat\",\"url\":\"https:\/\/www.fleximat.es\/bn\/\",\"logo\":{\"@type\":\"ImageObject\",\"inLanguage\":\"fr-FR\",\"@id\":\"https:\/\/www.fleximat.es\/bn\/#\/schema\/logo\/image\/\",\"url\":\"https:\/\/www.fleximat.es\/wp-content\/uploads\/2023\/11\/fleximat-logo-1.png\",\"contentUrl\":\"https:\/\/www.fleximat.es\/wp-content\/uploads\/2023\/11\/fleximat-logo-1.png\",\"width\":1169,\"height\":289,\"caption\":\"Fleximat\"},\"image\":{\"@id\":\"https:\/\/www.fleximat.es\/bn\/#\/schema\/logo\/image\/\"}}]}<\/script>\n<!-- \/ Yoast SEO plugin. -->","yoast_head_json":{"title":"Tubo PP - Fleximat","robots":{"index":"index","follow":"follow","max-snippet":"max-snippet:-1","max-image-preview":"max-image-preview:large","max-video-preview":"max-video-preview:-1"},"canonical":"https:\/\/www.fleximat.es\/fr\/produit\/tubo-pp\/","og_locale":"fr_FR","og_type":"article","og_title":"Tubo PP - Fleximat","og_description":"Caracter\u00edsticas    Junta de sellado Junta TPV especial para m\u00faltiples cables y cables planos   Cuerpo Poliamida PA6 V2   Junta t\u00f3rica NBR (opcional)   Tipo de Rosca PG (DIN 40430)   Estanqueidad IP68   Temperatura de trabajo continua -30 \u00baC +80 \u00baC +150 \u00baC (temporal)","og_url":"https:\/\/www.fleximat.es\/fr\/produit\/tubo-pp\/","og_site_name":"Fleximat","article_modified_time":"2023-10-25T07:13:14+00:00","og_image":[{"width":600,"height":600,"url":"https:\/\/www.fleximat.es\/wp-content\/uploads\/2023\/10\/th_crop_1572264382todos-tipos-tubos.jpg","type":"image\/jpeg"}],"twitter_card":"summary_large_image","twitter_misc":{"Dur\u00e9e de lecture estim\u00e9e":"1 minute"},"schema":{"@context":"https:\/\/schema.org","@graph":[{"@type":"WebPage","@id":"https:\/\/www.fleximat.es\/producto\/tubo-pp\/","url":"https:\/\/www.fleximat.es\/producto\/tubo-pp\/","name":"Tubo PP - Fleximat","isPartOf":{"@id":"https:\/\/www.fleximat.es\/bn\/#website"},"datePublished":"2023-10-18T15:54:26+00:00","dateModified":"2023-10-25T07:13:14+00:00","breadcrumb":{"@id":"https:\/\/www.fleximat.es\/producto\/tubo-pp\/#breadcrumb"},"inLanguage":"fr-FR","potentialAction":[{"@type":"ReadAction","target":["https:\/\/www.fleximat.es\/producto\/tubo-pp\/"]}]},{"@type":"BreadcrumbList","@id":"https:\/\/www.fleximat.es\/producto\/tubo-pp\/#breadcrumb","itemListElement":[{"@type":"ListItem","position":1,"name":"Portada","item":"https:\/\/www.fleximat.es\/"},{"@type":"ListItem","position":2,"name":"Productos","item":"https:\/\/www.fleximat.es\/en\/productos\/"},{"@type":"ListItem","position":3,"name":"Tubo PP"}]},{"@type":"WebSite","@id":"https:\/\/www.fleximat.es\/bn\/#website","url":"https:\/\/www.fleximat.es\/bn\/","name":"Fleximat","description":"Tu soluci\u00f3n en prensaestopas y tubos flexibles","publisher":{"@id":"https:\/\/www.fleximat.es\/bn\/#organization"},"potentialAction":[{"@type":"SearchAction","target":{"@type":"EntryPoint","urlTemplate":"https:\/\/www.fleximat.es\/bn\/?s={search_term_string}"},"query-input":"required name=search_term_string"}],"inLanguage":"fr-FR"},{"@type":"Organization","@id":"https:\/\/www.fleximat.es\/bn\/#organization","name":"Fleximat","url":"https:\/\/www.fleximat.es\/bn\/","logo":{"@type":"ImageObject","inLanguage":"fr-FR","@id":"https:\/\/www.fleximat.es\/bn\/#\/schema\/logo\/image\/","url":"https:\/\/www.fleximat.es\/wp-content\/uploads\/2023\/11\/fleximat-logo-1.png","contentUrl":"https:\/\/www.fleximat.es\/wp-content\/uploads\/2023\/11\/fleximat-logo-1.png","width":1169,"height":289,"caption":"Fleximat"},"image":{"@id":"https:\/\/www.fleximat.es\/bn\/#\/schema\/logo\/image\/"}}]}},"taxonomy_info":{"product_cat":[{"value":68,"label":"Tubos flexibles, racores y accesorios"},{"value":77,"label":"Tubos flexibles de poliamida y accesorios"},{"value":78,"label":"Tubos Flexibles Poliamida Especiales"}]},"featured_image_src_large":["https:\/\/www.fleximat.es\/wp-content\/uploads\/2023\/10\/th_crop_1572264382todos-tipos-tubos.jpg",600,600,false],"author_info":[],"comment_info":"","_links":{"self":[{"href":"https:\/\/www.fleximat.es\/fr\/wp-json\/wp\/v2\/product\/1747"}],"collection":[{"href":"https:\/\/www.fleximat.es\/fr\/wp-json\/wp\/v2\/product"}],"about":[{"href":"https:\/\/www.fleximat.es\/fr\/wp-json\/wp\/v2\/types\/product"}],"wp:featuredmedia":[{"embeddable":true,"href":"https:\/\/www.fleximat.es\/fr\/wp-json\/wp\/v2\/media\/1742"}],"wp:attachment":[{"href":"https:\/\/www.fleximat.es\/fr\/wp-json\/wp\/v2\/media?parent=1747"}],"wp:term":[{"taxonomy":"product_cat","embeddable":true,"href":"https:\/\/www.fleximat.es\/fr\/wp-json\/wp\/v2\/product_cat?post=1747"},{"taxonomy":"product_tag","embeddable":true,"href":"https:\/\/www.fleximat.es\/fr\/wp-json\/wp\/v2\/product_tag?post=1747"}],"curies":[{"name":"wp","href":"https:\/\/api.w.org\/{rel}","templated":true}]}}