{"id":1757,"date":"2023-10-18T17:54:27","date_gmt":"2023-10-18T15:54:27","guid":{"rendered":"https:\/\/www.fleximat.es\/?post_type=product&#038;p=1757"},"modified":"2023-10-25T09:10:48","modified_gmt":"2023-10-25T07:10:48","slug":"tubo-twinflex-pa6","status":"publish","type":"product","link":"https:\/\/www.fleximat.es\/fr\/produit\/tubo-twinflex-pa6\/","title":{"rendered":"Tube TWINFLEX PA6"},"content":{"rendered":"<h4>Propri\u00e9t\u00e9s<\/h4>\n<p>Facile \u00e0 assembler<\/p>\n<p>Convient pour une utilisation dans un domaine d&#039;application limit\u00e9<\/p>\n<p>Sans halog\u00e8ne<\/p>\n<p>La meilleure solution pour l&#039;industrie de l&#039;\u00e9clairage.<\/p>\n<h3>description du produit<\/h3>\n<p><span style=\"font-weight: 400;\">Un mini presse-\u00e9toupe est une variante du presse-\u00e9toupe standard fabriqu\u00e9 dans de petites dimensions.<\/span><\/p>\n<p><span style=\"font-weight: 400;\">Les mini presse-\u00e9toupes sont fabriqu\u00e9s en m\u00e9tal en raison de la complexit\u00e9 de la conception et de la pr\u00e9cision requise. Gr\u00e2ce au processus de fabrication m\u00e9tallique, il est possible d&#039;obtenir ces presse-\u00e9toupes sp\u00e9ciaux pour des dimensions r\u00e9duites.<\/span><\/p>\n<p><span style=\"font-weight: 400;\">Les applications des mini presse-\u00e9toupes sont g\u00e9n\u00e9ralement utilis\u00e9es dans les petits \u00e9quipements \u00e9lectroniques, le pesage industriel, les capteurs, etc...\u00a0<\/span><\/p>\n<p><span style=\"font-weight: 400;\">Les mini presse-\u00e9toupes offrent les m\u00eames propri\u00e9t\u00e9s m\u00e9caniques, chimiques ou de performances que les presse-\u00e9toupes standards.<\/span><\/p>\n<table class=\"table table-bordered table-striped\">\n<thead>\n<tr>\n<td>Fil<\/td>\n<td>Code<\/td>\n<td>Hmm<\/td>\n<td>GLmm<\/td>\n<td>mm<\/td>\n<td>mm<\/td>\n<\/tr>\n<\/thead>\n<tbody>\n<tr>\n<td>M6x1,0<\/td>\n<td>MGM6-23<\/td>\n<td>10,5<\/td>\n<td>6<\/td>\n<td>8<\/td>\n<td>2-3<\/td>\n<\/tr>\n<tr>\n<td>M8x1,25<\/td>\n<td>MGM8s-35<\/td>\n<td>13,5<\/td>\n<td>6<\/td>\n<td>11<\/td>\n<td>3-5<\/td>\n<\/tr>\n<tr>\n<td>M8x1,25<\/td>\n<td>MGM8-24<\/td>\n<td>15<\/td>\n<td>6<\/td>\n<td>14<\/td>\n<td>2-4<\/td>\n<\/tr>\n<tr>\n<td>M10x1,5<\/td>\n<td>MGM10s-46<\/td>\n<td>14,5<\/td>\n<td>6<\/td>\n<td>12<\/td>\n<td>4-6<\/td>\n<\/tr>\n<tr>\n<td>M10x1,5<\/td>\n<td>MGM10-24<\/td>\n<td>15<\/td>\n<td>6<\/td>\n<td>14<\/td>\n<td>2-4<\/td>\n<\/tr>\n<tr>\n<td>M10x1,5<\/td>\n<td>MGM10-36<\/td>\n<td>15<\/td>\n<td>6<\/td>\n<td>14<\/td>\n<td>3-6<\/td>\n<\/tr>\n<tr>\n<td>M12x1,5<\/td>\n<td>MGM12-24<\/td>\n<td>15<\/td>\n<td>6<\/td>\n<td>14<\/td>\n<td>2-4<\/td>\n<\/tr>\n<tr>\n<td>M12x1,5<\/td>\n<td>MGM12-36<\/td>\n<td>15<\/td>\n<td>6<\/td>\n<td>14<\/td>\n<td>3-6<\/td>\n<\/tr>\n<\/tbody>\n<\/table>","protected":false},"excerpt":{"rendered":"<h3>Caract\u00e9ristiques<\/h3>\n<table>\n<tbody>\n<tr>\n<td><strong>Bonnet<\/strong><\/td>\n<td>Laiton nickel\u00e9<\/td>\n<\/tr>\n<tr>\n<td><strong>Joint d&#039;\u00e9tanch\u00e9it\u00e9<\/strong><\/td>\n<td>TPV \/ Silicone \/ EPDM<\/td>\n<\/tr>\n<tr>\n<td><strong>Corps<\/strong><\/td>\n<td>Acier inoxydable-AISI316L)<\/td>\n<\/tr>\n<tr>\n<td><strong>Joint torique<\/strong><\/td>\n<td>NBR \/ TPV \/ Silicone \/ EPDM<\/td>\n<\/tr>\n<tr>\n<td><strong>Type de filetage<\/strong><\/td>\n<td>M\u00e9trique (EN 60423)<\/td>\n<\/tr>\n<tr>\n<td><strong>\u00c9tanch\u00e9it\u00e9<\/strong><\/td>\n<td>IP68 \u2013 3 bars<\/td>\n<\/tr>\n<tr>\n<td><strong>Temp\u00e9rature de travail continue<\/strong><\/td>\n<td>-40 \u00baC +100 \u00baC<\/td>\n<\/tr>\n<\/tbody>\n<\/table>","protected":false},"featured_media":1782,"template":"","meta":{"_kad_blocks_custom_css":"","_kad_blocks_head_custom_js":"","_kad_blocks_body_custom_js":"","_kad_blocks_footer_custom_js":"","_kadence_starter_templates_imported_post":false,"_kad_post_transparent":"default","_kad_post_title":"","_kad_post_layout":"default","_kad_post_sidebar_id":"","_kad_post_content_style":"default","_kad_post_vertical_padding":"default","_kad_post_feature":"","_kad_post_feature_position":"","_kad_post_header":false,"_kad_post_footer":false},"product_cat":[68,77,81],"product_tag":[],"class_list":{"0":"post-1757","1":"product","2":"type-product","3":"status-publish","4":"has-post-thumbnail","6":"product_cat-tubos-flexibles-racores-y-accesorios","7":"product_cat-tubos-flexibles-de-poliamida-y-accesorios","8":"product_cat-tubos-flexibles-poliamida-twinflex","10":"first","11":"instock","12":"shipping-taxable","13":"product-type-simple","14":"entry","15":"content-bg","16":"loop-entry"},"yoast_head":"<!-- This site is optimized with the Yoast SEO plugin v21.7 - https:\/\/yoast.com\/wordpress\/plugins\/seo\/ -->\n<title>Tubo TWINFLEX PA6 - Fleximat<\/title>\n<meta name=\"robots\" content=\"index, follow, max-snippet:-1, max-image-preview:large, max-video-preview:-1\" \/>\n<link rel=\"canonical\" href=\"https:\/\/www.fleximat.es\/fr\/produit\/tubo-twinflex-pa6\/\" \/>\n<meta property=\"og:locale\" content=\"fr_FR\" \/>\n<meta property=\"og:type\" content=\"article\" \/>\n<meta property=\"og:title\" content=\"Tubo TWINFLEX PA6 - Fleximat\" \/>\n<meta property=\"og:description\" content=\"Caracter\u00edsticas    Sombrerete Lat\u00f3n Niquelado   Junta de sellado TPV \/ Silicona\/ EPDM   Cuerpo Acero Inoxidable-AISI316L)   Junta t\u00f3rica NBR \/ TPV \/ Silicona\/ EPDM   Tipo de Rosca M\u00e9trica (EN 60423)   Estanqueidad IP68 - 3 bar   Temperatura de trabajo continua -40 \u00baC +100 \u00baC\" \/>\n<meta property=\"og:url\" content=\"https:\/\/www.fleximat.es\/fr\/produit\/tubo-twinflex-pa6\/\" \/>\n<meta property=\"og:site_name\" content=\"Fleximat\" \/>\n<meta property=\"article:modified_time\" content=\"2023-10-25T07:10:48+00:00\" \/>\n<meta property=\"og:image\" content=\"https:\/\/www.fleximat.es\/wp-content\/uploads\/2023\/10\/tubo-twinflex.jpg\" \/>\n\t<meta property=\"og:image:width\" content=\"807\" \/>\n\t<meta property=\"og:image:height\" content=\"454\" \/>\n\t<meta property=\"og:image:type\" content=\"image\/jpeg\" \/>\n<meta name=\"twitter:card\" content=\"summary_large_image\" \/>\n<meta name=\"twitter:label1\" content=\"Dur\u00e9e de lecture estim\u00e9e\" \/>\n\t<meta name=\"twitter:data1\" content=\"1 minute\" \/>\n<script type=\"application\/ld+json\" class=\"yoast-schema-graph\">{\"@context\":\"https:\/\/schema.org\",\"@graph\":[{\"@type\":\"WebPage\",\"@id\":\"https:\/\/www.fleximat.es\/producto\/tubo-twinflex-pa6\/\",\"url\":\"https:\/\/www.fleximat.es\/producto\/tubo-twinflex-pa6\/\",\"name\":\"Tubo TWINFLEX PA6 - Fleximat\",\"isPartOf\":{\"@id\":\"https:\/\/www.fleximat.es\/bn\/#website\"},\"datePublished\":\"2023-10-18T15:54:27+00:00\",\"dateModified\":\"2023-10-25T07:10:48+00:00\",\"breadcrumb\":{\"@id\":\"https:\/\/www.fleximat.es\/producto\/tubo-twinflex-pa6\/#breadcrumb\"},\"inLanguage\":\"fr-FR\",\"potentialAction\":[{\"@type\":\"ReadAction\",\"target\":[\"https:\/\/www.fleximat.es\/producto\/tubo-twinflex-pa6\/\"]}]},{\"@type\":\"BreadcrumbList\",\"@id\":\"https:\/\/www.fleximat.es\/producto\/tubo-twinflex-pa6\/#breadcrumb\",\"itemListElement\":[{\"@type\":\"ListItem\",\"position\":1,\"name\":\"Portada\",\"item\":\"https:\/\/www.fleximat.es\/\"},{\"@type\":\"ListItem\",\"position\":2,\"name\":\"Productos\",\"item\":\"https:\/\/www.fleximat.es\/en\/productos\/\"},{\"@type\":\"ListItem\",\"position\":3,\"name\":\"Tubo TWINFLEX PA6\"}]},{\"@type\":\"WebSite\",\"@id\":\"https:\/\/www.fleximat.es\/bn\/#website\",\"url\":\"https:\/\/www.fleximat.es\/bn\/\",\"name\":\"Fleximat\",\"description\":\"Tu soluci\u00f3n en prensaestopas y tubos flexibles\",\"publisher\":{\"@id\":\"https:\/\/www.fleximat.es\/bn\/#organization\"},\"potentialAction\":[{\"@type\":\"SearchAction\",\"target\":{\"@type\":\"EntryPoint\",\"urlTemplate\":\"https:\/\/www.fleximat.es\/bn\/?s={search_term_string}\"},\"query-input\":\"required name=search_term_string\"}],\"inLanguage\":\"fr-FR\"},{\"@type\":\"Organization\",\"@id\":\"https:\/\/www.fleximat.es\/bn\/#organization\",\"name\":\"Fleximat\",\"url\":\"https:\/\/www.fleximat.es\/bn\/\",\"logo\":{\"@type\":\"ImageObject\",\"inLanguage\":\"fr-FR\",\"@id\":\"https:\/\/www.fleximat.es\/bn\/#\/schema\/logo\/image\/\",\"url\":\"https:\/\/www.fleximat.es\/wp-content\/uploads\/2023\/11\/fleximat-logo-1.png\",\"contentUrl\":\"https:\/\/www.fleximat.es\/wp-content\/uploads\/2023\/11\/fleximat-logo-1.png\",\"width\":1169,\"height\":289,\"caption\":\"Fleximat\"},\"image\":{\"@id\":\"https:\/\/www.fleximat.es\/bn\/#\/schema\/logo\/image\/\"}}]}<\/script>\n<!-- \/ Yoast SEO plugin. -->","yoast_head_json":{"title":"Tubo TWINFLEX PA6 - Fleximat","robots":{"index":"index","follow":"follow","max-snippet":"max-snippet:-1","max-image-preview":"max-image-preview:large","max-video-preview":"max-video-preview:-1"},"canonical":"https:\/\/www.fleximat.es\/fr\/produit\/tubo-twinflex-pa6\/","og_locale":"fr_FR","og_type":"article","og_title":"Tubo TWINFLEX PA6 - Fleximat","og_description":"Caracter\u00edsticas    Sombrerete Lat\u00f3n Niquelado   Junta de sellado TPV \/ Silicona\/ EPDM   Cuerpo Acero Inoxidable-AISI316L)   Junta t\u00f3rica NBR \/ TPV \/ Silicona\/ EPDM   Tipo de Rosca M\u00e9trica (EN 60423)   Estanqueidad IP68 - 3 bar   Temperatura de trabajo continua -40 \u00baC +100 \u00baC","og_url":"https:\/\/www.fleximat.es\/fr\/produit\/tubo-twinflex-pa6\/","og_site_name":"Fleximat","article_modified_time":"2023-10-25T07:10:48+00:00","og_image":[{"width":807,"height":454,"url":"https:\/\/www.fleximat.es\/wp-content\/uploads\/2023\/10\/tubo-twinflex.jpg","type":"image\/jpeg"}],"twitter_card":"summary_large_image","twitter_misc":{"Dur\u00e9e de lecture estim\u00e9e":"1 minute"},"schema":{"@context":"https:\/\/schema.org","@graph":[{"@type":"WebPage","@id":"https:\/\/www.fleximat.es\/producto\/tubo-twinflex-pa6\/","url":"https:\/\/www.fleximat.es\/producto\/tubo-twinflex-pa6\/","name":"Tubo TWINFLEX PA6 - Fleximat","isPartOf":{"@id":"https:\/\/www.fleximat.es\/bn\/#website"},"datePublished":"2023-10-18T15:54:27+00:00","dateModified":"2023-10-25T07:10:48+00:00","breadcrumb":{"@id":"https:\/\/www.fleximat.es\/producto\/tubo-twinflex-pa6\/#breadcrumb"},"inLanguage":"fr-FR","potentialAction":[{"@type":"ReadAction","target":["https:\/\/www.fleximat.es\/producto\/tubo-twinflex-pa6\/"]}]},{"@type":"BreadcrumbList","@id":"https:\/\/www.fleximat.es\/producto\/tubo-twinflex-pa6\/#breadcrumb","itemListElement":[{"@type":"ListItem","position":1,"name":"Portada","item":"https:\/\/www.fleximat.es\/"},{"@type":"ListItem","position":2,"name":"Productos","item":"https:\/\/www.fleximat.es\/en\/productos\/"},{"@type":"ListItem","position":3,"name":"Tubo TWINFLEX PA6"}]},{"@type":"WebSite","@id":"https:\/\/www.fleximat.es\/bn\/#website","url":"https:\/\/www.fleximat.es\/bn\/","name":"Fleximat","description":"Tu soluci\u00f3n en prensaestopas y tubos flexibles","publisher":{"@id":"https:\/\/www.fleximat.es\/bn\/#organization"},"potentialAction":[{"@type":"SearchAction","target":{"@type":"EntryPoint","urlTemplate":"https:\/\/www.fleximat.es\/bn\/?s={search_term_string}"},"query-input":"required name=search_term_string"}],"inLanguage":"fr-FR"},{"@type":"Organization","@id":"https:\/\/www.fleximat.es\/bn\/#organization","name":"Fleximat","url":"https:\/\/www.fleximat.es\/bn\/","logo":{"@type":"ImageObject","inLanguage":"fr-FR","@id":"https:\/\/www.fleximat.es\/bn\/#\/schema\/logo\/image\/","url":"https:\/\/www.fleximat.es\/wp-content\/uploads\/2023\/11\/fleximat-logo-1.png","contentUrl":"https:\/\/www.fleximat.es\/wp-content\/uploads\/2023\/11\/fleximat-logo-1.png","width":1169,"height":289,"caption":"Fleximat"},"image":{"@id":"https:\/\/www.fleximat.es\/bn\/#\/schema\/logo\/image\/"}}]}},"taxonomy_info":{"product_cat":[{"value":68,"label":"Tubos flexibles, racores y accesorios"},{"value":77,"label":"Tubos flexibles de poliamida y accesorios"},{"value":81,"label":"Tubos Flexibles Poliamida TWINFLEX"}]},"featured_image_src_large":["https:\/\/www.fleximat.es\/wp-content\/uploads\/2023\/10\/tubo-twinflex.jpg",807,454,false],"author_info":[],"comment_info":"","_links":{"self":[{"href":"https:\/\/www.fleximat.es\/fr\/wp-json\/wp\/v2\/product\/1757"}],"collection":[{"href":"https:\/\/www.fleximat.es\/fr\/wp-json\/wp\/v2\/product"}],"about":[{"href":"https:\/\/www.fleximat.es\/fr\/wp-json\/wp\/v2\/types\/product"}],"wp:featuredmedia":[{"embeddable":true,"href":"https:\/\/www.fleximat.es\/fr\/wp-json\/wp\/v2\/media\/1782"}],"wp:attachment":[{"href":"https:\/\/www.fleximat.es\/fr\/wp-json\/wp\/v2\/media?parent=1757"}],"wp:term":[{"taxonomy":"product_cat","embeddable":true,"href":"https:\/\/www.fleximat.es\/fr\/wp-json\/wp\/v2\/product_cat?post=1757"},{"taxonomy":"product_tag","embeddable":true,"href":"https:\/\/www.fleximat.es\/fr\/wp-json\/wp\/v2\/product_tag?post=1757"}],"curies":[{"name":"wp","href":"https:\/\/api.w.org\/{rel}","templated":true}]}}