{"id":1758,"date":"2023-10-18T17:54:27","date_gmt":"2023-10-18T15:54:27","guid":{"rendered":"https:\/\/www.fleximat.es\/?post_type=product&#038;p=1758"},"modified":"2023-11-27T10:46:15","modified_gmt":"2023-11-27T09:46:15","slug":"soporte-con-tapa-fleximat-pa6-negro","status":"publish","type":"product","link":"https:\/\/www.fleximat.es\/fr\/produit\/soporte-con-tapa-fleximat-pa6-negro\/","title":{"rendered":"Support avec Couvercle FLEXIMAT PA6 Noir"},"content":{"rendered":"<h4>Propri\u00e9t\u00e9s<\/h4>\n<p>R\u00e9sistance aux UV<br \/>\nFacile \u00e0 assemblerSans halog\u00e8neAppliquer avec des conduits PA ou PP<\/p>\n<h3>description du produit<\/h3>\n<p><span style=\"font-weight: 400;\">Le support pour tubes en polyamide fait partie de l&#039;ensemble d&#039;accessoires pour tubes flexibles. De conception simple et de montage facile, il est charg\u00e9 de fournir un support et de guider le tube dans l&#039;installation pour assurer le bon fonctionnement et la distribution du c\u00e2blage \u00e9lectrique.<\/span><\/p>\n<p><span style=\"font-weight: 400;\">Les supports en polyamide sont disponibles en gris ral 7031 et noir ral 9005. Les supports en plastique avec couvercle pour tubes flexibles peuvent \u00eatre utilis\u00e9s pour les tubes en polyamide et en polypropyl\u00e8ne.<\/span><\/p>\n<p><span style=\"font-weight: 400;\">La temp\u00e9rature de fonctionnement des supports en polyamide est de -40 \u00e0 +120 degr\u00e9s Celsius, ils sont sans halog\u00e8ne et r\u00e9sistants aux rayons ultraviolets.<\/span><\/p>\n<p><span style=\"font-weight: 400;\">Les supports en polyamide sont certifi\u00e9s CE et ROHS.<\/span><\/p>\n<table class=\"table table-bordered table-striped\">\n<thead>\n<tr>\n<td>Code Noir<\/td>\n<td>Pour tube<\/td>\n<td>Lmm<\/td>\n<td>Hmm<\/td>\n<td>\u00d8Dmm<\/td>\n<\/tr>\n<\/thead>\n<tbody>\n<tr>\n<td>ODBK10<\/td>\n<td>LPMO 7<\/td>\n<td>24,5<\/td>\n<td>15<\/td>\n<td>10<\/td>\n<\/tr>\n<tr>\n<td>ODBK13<\/td>\n<td>LPMO 9<\/td>\n<td>24,5<\/td>\n<td>15<\/td>\n<td>11,6<\/td>\n<\/tr>\n<tr>\n<td>ODBK15<\/td>\n<td>LPOG 11<\/td>\n<td>30<\/td>\n<td>21<\/td>\n<td>16<\/td>\n<\/tr>\n<tr>\n<td>ODBK18<\/td>\n<td>LPOG 13.5<\/td>\n<td>34<\/td>\n<td>24<\/td>\n<td>18,5<\/td>\n<\/tr>\n<tr>\n<td>ODBK21<\/td>\n<td>LPMO 16<\/td>\n<td>39<\/td>\n<td>28<\/td>\n<td>21,5<\/td>\n<\/tr>\n<tr>\n<td>ODBK28<\/td>\n<td>LPOG 21<\/td>\n<td>51<\/td>\n<td>37<\/td>\n<td>28,5<\/td>\n<\/tr>\n<tr>\n<td>ODBK34<\/td>\n<td>LPOG 29<\/td>\n<td>62<\/td>\n<td>45,5<\/td>\n<td>35<\/td>\n<\/tr>\n<tr>\n<td>ODBK42<\/td>\n<td>LPOG 36<\/td>\n<td>74,5<\/td>\n<td>55,5<\/td>\n<td>42,5<\/td>\n<\/tr>\n<tr>\n<td>ODBK54<\/td>\n<td>LPOG 48<\/td>\n<td>95,5<\/td>\n<td>71<\/td>\n<td>55<\/td>\n<\/tr>\n<\/tbody>\n<\/table>","protected":false},"excerpt":{"rendered":"<h3>Caract\u00e9ristiques<\/h3>\n<table>\n<tbody>\n<tr>\n<td><strong>Type de filetage<\/strong><\/td>\n<td>GE (DIN 40430)<\/td>\n<\/tr>\n<tr>\n<td><strong>Temp\u00e9rature de travail continue<\/strong><\/td>\n<td>-30 \u00baC +80 \u00baC<\/td>\n<\/tr>\n<\/tbody>\n<\/table>","protected":false},"featured_media":2980,"template":"","meta":{"_kad_blocks_custom_css":"","_kad_blocks_head_custom_js":"","_kad_blocks_body_custom_js":"","_kad_blocks_footer_custom_js":"","_kadence_starter_templates_imported_post":false,"_kad_post_transparent":"default","_kad_post_title":"","_kad_post_layout":"default","_kad_post_sidebar_id":"","_kad_post_content_style":"default","_kad_post_vertical_padding":"default","_kad_post_feature":"","_kad_post_feature_position":"","_kad_post_header":false,"_kad_post_footer":false},"product_cat":[68,77],"product_tag":[],"class_list":{"0":"post-1758","1":"product","2":"type-product","3":"status-publish","4":"has-post-thumbnail","6":"product_cat-tubos-flexibles-racores-y-accesorios","7":"product_cat-tubos-flexibles-de-poliamida-y-accesorios","9":"first","10":"instock","11":"shipping-taxable","12":"product-type-simple","13":"entry","14":"content-bg","15":"loop-entry"},"yoast_head":"<!-- This site is optimized with the Yoast SEO plugin v21.7 - https:\/\/yoast.com\/wordpress\/plugins\/seo\/ -->\n<title>Soporte con Tapa FLEXIMAT PA6 Negro - Fleximat<\/title>\n<meta name=\"robots\" content=\"index, follow, max-snippet:-1, max-image-preview:large, max-video-preview:-1\" \/>\n<link rel=\"canonical\" href=\"https:\/\/www.fleximat.es\/fr\/produit\/soporte-con-tapa-fleximat-pa6-negro\/\" \/>\n<meta property=\"og:locale\" content=\"fr_FR\" \/>\n<meta property=\"og:type\" content=\"article\" \/>\n<meta property=\"og:title\" content=\"Soporte con Tapa FLEXIMAT PA6 Negro - Fleximat\" \/>\n<meta property=\"og:description\" content=\"Caracter\u00edsticas    Tipo de Rosca PG (DIN 40430)   Temperatura de trabajo continua -30 \u00baC +80 \u00baC\" \/>\n<meta property=\"og:url\" content=\"https:\/\/www.fleximat.es\/fr\/produit\/soporte-con-tapa-fleximat-pa6-negro\/\" \/>\n<meta property=\"og:site_name\" content=\"Fleximat\" \/>\n<meta property=\"article:modified_time\" content=\"2023-11-27T09:46:15+00:00\" \/>\n<meta property=\"og:image\" content=\"https:\/\/www.fleximat.es\/wp-content\/uploads\/2023\/10\/SOPORTE-PA6-NEGRO-1.png\" \/>\n\t<meta property=\"og:image:width\" content=\"402\" \/>\n\t<meta property=\"og:image:height\" content=\"402\" \/>\n\t<meta property=\"og:image:type\" content=\"image\/png\" \/>\n<meta name=\"twitter:card\" content=\"summary_large_image\" \/>\n<meta name=\"twitter:label1\" content=\"Dur\u00e9e de lecture estim\u00e9e\" \/>\n\t<meta name=\"twitter:data1\" content=\"1 minute\" \/>\n<script type=\"application\/ld+json\" class=\"yoast-schema-graph\">{\"@context\":\"https:\/\/schema.org\",\"@graph\":[{\"@type\":\"WebPage\",\"@id\":\"https:\/\/www.fleximat.es\/producto\/soporte-con-tapa-fleximat-pa6-negro\/\",\"url\":\"https:\/\/www.fleximat.es\/producto\/soporte-con-tapa-fleximat-pa6-negro\/\",\"name\":\"Soporte con Tapa FLEXIMAT PA6 Negro - Fleximat\",\"isPartOf\":{\"@id\":\"https:\/\/www.fleximat.es\/bn\/#website\"},\"datePublished\":\"2023-10-18T15:54:27+00:00\",\"dateModified\":\"2023-11-27T09:46:15+00:00\",\"breadcrumb\":{\"@id\":\"https:\/\/www.fleximat.es\/producto\/soporte-con-tapa-fleximat-pa6-negro\/#breadcrumb\"},\"inLanguage\":\"fr-FR\",\"potentialAction\":[{\"@type\":\"ReadAction\",\"target\":[\"https:\/\/www.fleximat.es\/producto\/soporte-con-tapa-fleximat-pa6-negro\/\"]}]},{\"@type\":\"BreadcrumbList\",\"@id\":\"https:\/\/www.fleximat.es\/producto\/soporte-con-tapa-fleximat-pa6-negro\/#breadcrumb\",\"itemListElement\":[{\"@type\":\"ListItem\",\"position\":1,\"name\":\"Portada\",\"item\":\"https:\/\/www.fleximat.es\/\"},{\"@type\":\"ListItem\",\"position\":2,\"name\":\"Productos\",\"item\":\"https:\/\/www.fleximat.es\/en\/productos\/\"},{\"@type\":\"ListItem\",\"position\":3,\"name\":\"Soporte con Tapa FLEXIMAT PA6 Negro\"}]},{\"@type\":\"WebSite\",\"@id\":\"https:\/\/www.fleximat.es\/bn\/#website\",\"url\":\"https:\/\/www.fleximat.es\/bn\/\",\"name\":\"Fleximat\",\"description\":\"Tu soluci\u00f3n en prensaestopas y tubos flexibles\",\"publisher\":{\"@id\":\"https:\/\/www.fleximat.es\/bn\/#organization\"},\"potentialAction\":[{\"@type\":\"SearchAction\",\"target\":{\"@type\":\"EntryPoint\",\"urlTemplate\":\"https:\/\/www.fleximat.es\/bn\/?s={search_term_string}\"},\"query-input\":\"required name=search_term_string\"}],\"inLanguage\":\"fr-FR\"},{\"@type\":\"Organization\",\"@id\":\"https:\/\/www.fleximat.es\/bn\/#organization\",\"name\":\"Fleximat\",\"url\":\"https:\/\/www.fleximat.es\/bn\/\",\"logo\":{\"@type\":\"ImageObject\",\"inLanguage\":\"fr-FR\",\"@id\":\"https:\/\/www.fleximat.es\/bn\/#\/schema\/logo\/image\/\",\"url\":\"https:\/\/www.fleximat.es\/wp-content\/uploads\/2023\/11\/fleximat-logo-1.png\",\"contentUrl\":\"https:\/\/www.fleximat.es\/wp-content\/uploads\/2023\/11\/fleximat-logo-1.png\",\"width\":1169,\"height\":289,\"caption\":\"Fleximat\"},\"image\":{\"@id\":\"https:\/\/www.fleximat.es\/bn\/#\/schema\/logo\/image\/\"}}]}<\/script>\n<!-- \/ Yoast SEO plugin. -->","yoast_head_json":{"title":"Soporte con Tapa FLEXIMAT PA6 Negro - Fleximat","robots":{"index":"index","follow":"follow","max-snippet":"max-snippet:-1","max-image-preview":"max-image-preview:large","max-video-preview":"max-video-preview:-1"},"canonical":"https:\/\/www.fleximat.es\/fr\/produit\/soporte-con-tapa-fleximat-pa6-negro\/","og_locale":"fr_FR","og_type":"article","og_title":"Soporte con Tapa FLEXIMAT PA6 Negro - Fleximat","og_description":"Caracter\u00edsticas    Tipo de Rosca PG (DIN 40430)   Temperatura de trabajo continua -30 \u00baC +80 \u00baC","og_url":"https:\/\/www.fleximat.es\/fr\/produit\/soporte-con-tapa-fleximat-pa6-negro\/","og_site_name":"Fleximat","article_modified_time":"2023-11-27T09:46:15+00:00","og_image":[{"width":402,"height":402,"url":"https:\/\/www.fleximat.es\/wp-content\/uploads\/2023\/10\/SOPORTE-PA6-NEGRO-1.png","type":"image\/png"}],"twitter_card":"summary_large_image","twitter_misc":{"Dur\u00e9e de lecture estim\u00e9e":"1 minute"},"schema":{"@context":"https:\/\/schema.org","@graph":[{"@type":"WebPage","@id":"https:\/\/www.fleximat.es\/producto\/soporte-con-tapa-fleximat-pa6-negro\/","url":"https:\/\/www.fleximat.es\/producto\/soporte-con-tapa-fleximat-pa6-negro\/","name":"Soporte con Tapa FLEXIMAT PA6 Negro - Fleximat","isPartOf":{"@id":"https:\/\/www.fleximat.es\/bn\/#website"},"datePublished":"2023-10-18T15:54:27+00:00","dateModified":"2023-11-27T09:46:15+00:00","breadcrumb":{"@id":"https:\/\/www.fleximat.es\/producto\/soporte-con-tapa-fleximat-pa6-negro\/#breadcrumb"},"inLanguage":"fr-FR","potentialAction":[{"@type":"ReadAction","target":["https:\/\/www.fleximat.es\/producto\/soporte-con-tapa-fleximat-pa6-negro\/"]}]},{"@type":"BreadcrumbList","@id":"https:\/\/www.fleximat.es\/producto\/soporte-con-tapa-fleximat-pa6-negro\/#breadcrumb","itemListElement":[{"@type":"ListItem","position":1,"name":"Portada","item":"https:\/\/www.fleximat.es\/"},{"@type":"ListItem","position":2,"name":"Productos","item":"https:\/\/www.fleximat.es\/en\/productos\/"},{"@type":"ListItem","position":3,"name":"Soporte con Tapa FLEXIMAT PA6 Negro"}]},{"@type":"WebSite","@id":"https:\/\/www.fleximat.es\/bn\/#website","url":"https:\/\/www.fleximat.es\/bn\/","name":"Fleximat","description":"Tu soluci\u00f3n en prensaestopas y tubos flexibles","publisher":{"@id":"https:\/\/www.fleximat.es\/bn\/#organization"},"potentialAction":[{"@type":"SearchAction","target":{"@type":"EntryPoint","urlTemplate":"https:\/\/www.fleximat.es\/bn\/?s={search_term_string}"},"query-input":"required name=search_term_string"}],"inLanguage":"fr-FR"},{"@type":"Organization","@id":"https:\/\/www.fleximat.es\/bn\/#organization","name":"Fleximat","url":"https:\/\/www.fleximat.es\/bn\/","logo":{"@type":"ImageObject","inLanguage":"fr-FR","@id":"https:\/\/www.fleximat.es\/bn\/#\/schema\/logo\/image\/","url":"https:\/\/www.fleximat.es\/wp-content\/uploads\/2023\/11\/fleximat-logo-1.png","contentUrl":"https:\/\/www.fleximat.es\/wp-content\/uploads\/2023\/11\/fleximat-logo-1.png","width":1169,"height":289,"caption":"Fleximat"},"image":{"@id":"https:\/\/www.fleximat.es\/bn\/#\/schema\/logo\/image\/"}}]}},"taxonomy_info":{"product_cat":[{"value":68,"label":"Tubos flexibles, racores y accesorios"},{"value":77,"label":"Tubos flexibles de poliamida y accesorios"}]},"featured_image_src_large":["https:\/\/www.fleximat.es\/wp-content\/uploads\/2023\/10\/SOPORTE-PA6-NEGRO-1.png",402,402,false],"author_info":[],"comment_info":"","_links":{"self":[{"href":"https:\/\/www.fleximat.es\/fr\/wp-json\/wp\/v2\/product\/1758"}],"collection":[{"href":"https:\/\/www.fleximat.es\/fr\/wp-json\/wp\/v2\/product"}],"about":[{"href":"https:\/\/www.fleximat.es\/fr\/wp-json\/wp\/v2\/types\/product"}],"wp:featuredmedia":[{"embeddable":true,"href":"https:\/\/www.fleximat.es\/fr\/wp-json\/wp\/v2\/media\/2980"}],"wp:attachment":[{"href":"https:\/\/www.fleximat.es\/fr\/wp-json\/wp\/v2\/media?parent=1758"}],"wp:term":[{"taxonomy":"product_cat","embeddable":true,"href":"https:\/\/www.fleximat.es\/fr\/wp-json\/wp\/v2\/product_cat?post=1758"},{"taxonomy":"product_tag","embeddable":true,"href":"https:\/\/www.fleximat.es\/fr\/wp-json\/wp\/v2\/product_tag?post=1758"}],"curies":[{"name":"wp","href":"https:\/\/api.w.org\/{rel}","templated":true}]}}