{"id":1760,"date":"2023-10-18T17:54:27","date_gmt":"2023-10-18T15:54:27","guid":{"rendered":"https:\/\/www.fleximat.es\/?post_type=product&#038;p=1760"},"modified":"2023-10-25T09:11:18","modified_gmt":"2023-10-25T07:11:18","slug":"derivacion-para-tubo-poliamida-en-t","status":"publish","type":"product","link":"https:\/\/www.fleximat.es\/fr\/produit\/derivacion-para-tubo-poliamida-en-t\/","title":{"rendered":"D\u00e9rivation pour tube polyamide en forme de T"},"content":{"rendered":"<h4>Propri\u00e9t\u00e9s<\/h4>\n<p>R\u00e9sistance aux UV<\/p>\n<p>Facile \u00e0 assemblerSans halog\u00e8neAppliquer avec des conduits PA ou PP<\/p>\n<h3>description du produit<\/h3>\n<p>Une d\u00e9rivation pour tube en polyamide est un \u00e9l\u00e9ment de distribution du c\u00e2blage \u00e9lectrique des \u00e9quipements et installations. Utilis\u00e9es dans les applications n\u00e9cessitant plusieurs c\u00e2blages, les d\u00e9rivations contiennent plusieurs entr\u00e9es et sorties pour tubes flexibles en polyamide.<\/p>\n<p>Les d\u00e9rivations pour tubes en polyamide constituent une solution efficace de protection et de connexion des c\u00e2bles avec une conception r\u00e9sistante qui offre une finition professionnelle pour l&#039;installation du c\u00e2blage.<\/p>\n<p>Son utilisation est r\u00e9pandue dans le secteur automobile, \u00e9tant l&#039;une des pi\u00e8ces les plus appr\u00e9ci\u00e9es par les fabricants et les installateurs d&#039;\u00e9quipements \u00e9lectriques dans leurs projets de c\u00e2blage.<\/p>\n<p>Nous disposons de plusieurs types de d\u00e9rivations et de diam\u00e8tres pour tous types de tubes flexibles en polyamide. Les d\u00e9rivations les plus courantes sont en forme de T, en forme de Y ou en forme de A.<\/p>\n<table class=\"table table-bordered table-striped\">\n<thead>\n<tr>\n<td>Code Gris<\/td>\n<td>Pour tube<\/td>\n<td>Lmm<\/td>\n<td>Hmm<\/td>\n<td>\u00d8Dmm<\/td>\n<\/tr>\n<\/thead>\n<tbody>\n<tr>\n<td>ODGK10<\/td>\n<td>LPMO 7<\/td>\n<td>24,5<\/td>\n<td>15<\/td>\n<td>10<\/td>\n<\/tr>\n<tr>\n<td>ODGK13<\/td>\n<td>LPMO 9<\/td>\n<td>24,5<\/td>\n<td>15<\/td>\n<td>11,6<\/td>\n<\/tr>\n<tr>\n<td>ODGK15<\/td>\n<td>LPOG 11<\/td>\n<td>30<\/td>\n<td>21<\/td>\n<td>16<\/td>\n<\/tr>\n<tr>\n<td>ODGK18<\/td>\n<td>LPOG 13.5<\/td>\n<td>34<\/td>\n<td>24<\/td>\n<td>18,5<\/td>\n<\/tr>\n<tr>\n<td>ODGK21<\/td>\n<td>LPMO 16<\/td>\n<td>39<\/td>\n<td>28<\/td>\n<td>21,5<\/td>\n<\/tr>\n<tr>\n<td>ODGK28<\/td>\n<td>LPOG 21<\/td>\n<td>51<\/td>\n<td>37<\/td>\n<td>28,5<\/td>\n<\/tr>\n<tr>\n<td>ODGK34<\/td>\n<td>LPOG 29<\/td>\n<td>62<\/td>\n<td>45,5<\/td>\n<td>35<\/td>\n<\/tr>\n<tr>\n<td>ODGK42<\/td>\n<td>LPOG 36<\/td>\n<td>74,5<\/td>\n<td>55,5<\/td>\n<td>42,5<\/td>\n<\/tr>\n<tr>\n<td>ODGK54<\/td>\n<td>LPOG 48<\/td>\n<td>95,5<\/td>\n<td>71<\/td>\n<td>55<\/td>\n<\/tr>\n<\/tbody>\n<\/table>","protected":false},"excerpt":{"rendered":"<h3>Caract\u00e9ristiques<\/h3>\n<table>\n<tbody>\n<tr>\n<td><strong>Type de filetage<\/strong><\/td>\n<td>GE (DIN 40430)<\/td>\n<\/tr>\n<tr>\n<td><strong>Temp\u00e9rature de travail continue<\/strong><\/td>\n<td>-30 \u00baC +80 \u00baC<\/td>\n<\/tr>\n<\/tbody>\n<\/table>","protected":false},"featured_media":1787,"template":"","meta":{"_kad_blocks_custom_css":"","_kad_blocks_head_custom_js":"","_kad_blocks_body_custom_js":"","_kad_blocks_footer_custom_js":"","_kadence_starter_templates_imported_post":false,"_kad_post_transparent":"default","_kad_post_title":"","_kad_post_layout":"default","_kad_post_sidebar_id":"","_kad_post_content_style":"default","_kad_post_vertical_padding":"default","_kad_post_feature":"","_kad_post_feature_position":"","_kad_post_header":false,"_kad_post_footer":false},"product_cat":[68,77],"product_tag":[],"class_list":{"0":"post-1760","1":"product","2":"type-product","3":"status-publish","4":"has-post-thumbnail","6":"product_cat-tubos-flexibles-racores-y-accesorios","7":"product_cat-tubos-flexibles-de-poliamida-y-accesorios","9":"first","10":"instock","11":"shipping-taxable","12":"product-type-simple","13":"entry","14":"content-bg","15":"loop-entry"},"yoast_head":"<!-- This site is optimized with the Yoast SEO plugin v21.7 - https:\/\/yoast.com\/wordpress\/plugins\/seo\/ -->\n<title>Derivaci\u00f3n para tubo poliamida en T - Fleximat<\/title>\n<meta name=\"robots\" content=\"index, follow, max-snippet:-1, max-image-preview:large, max-video-preview:-1\" \/>\n<link rel=\"canonical\" href=\"https:\/\/www.fleximat.es\/fr\/product\/derivacion-para-tubo-poliamida-en-t\/\" \/>\n<meta property=\"og:locale\" content=\"fr_FR\" \/>\n<meta property=\"og:type\" content=\"article\" \/>\n<meta property=\"og:title\" content=\"Derivaci\u00f3n para tubo poliamida en T - Fleximat\" \/>\n<meta property=\"og:description\" content=\"Caracter\u00edsticas    Tipo de Rosca PG (DIN 40430)   Temperatura de trabajo continua -30 \u00baC +80 \u00baC\" \/>\n<meta property=\"og:url\" content=\"https:\/\/www.fleximat.es\/fr\/product\/derivacion-para-tubo-poliamida-en-t\/\" \/>\n<meta property=\"og:site_name\" content=\"Fleximat\" \/>\n<meta property=\"article:modified_time\" content=\"2023-10-25T07:11:18+00:00\" \/>\n<meta property=\"og:image\" content=\"https:\/\/www.fleximat.es\/wp-content\/uploads\/2023\/10\/th_crop_1563970964derivacion-t-exterior.jpg\" \/>\n\t<meta property=\"og:image:width\" content=\"600\" \/>\n\t<meta property=\"og:image:height\" content=\"600\" \/>\n\t<meta property=\"og:image:type\" content=\"image\/jpeg\" \/>\n<meta name=\"twitter:card\" content=\"summary_large_image\" \/>\n<meta name=\"twitter:label1\" content=\"Dur\u00e9e de lecture estim\u00e9e\" \/>\n\t<meta name=\"twitter:data1\" content=\"1 minute\" \/>\n<script type=\"application\/ld+json\" class=\"yoast-schema-graph\">{\"@context\":\"https:\/\/schema.org\",\"@graph\":[{\"@type\":\"WebPage\",\"@id\":\"https:\/\/www.fleximat.es\/zh\/product\/derivacion-para-tubo-poliamida-en-t\/\",\"url\":\"https:\/\/www.fleximat.es\/zh\/product\/derivacion-para-tubo-poliamida-en-t\/\",\"name\":\"Derivaci\u00f3n para tubo poliamida en T - Fleximat\",\"isPartOf\":{\"@id\":\"https:\/\/www.fleximat.es\/bn\/#website\"},\"datePublished\":\"2023-10-18T15:54:27+00:00\",\"dateModified\":\"2023-10-25T07:11:18+00:00\",\"breadcrumb\":{\"@id\":\"https:\/\/www.fleximat.es\/zh\/product\/derivacion-para-tubo-poliamida-en-t\/#breadcrumb\"},\"inLanguage\":\"fr-FR\",\"potentialAction\":[{\"@type\":\"ReadAction\",\"target\":[\"https:\/\/www.fleximat.es\/zh\/product\/derivacion-para-tubo-poliamida-en-t\/\"]}]},{\"@type\":\"BreadcrumbList\",\"@id\":\"https:\/\/www.fleximat.es\/zh\/product\/derivacion-para-tubo-poliamida-en-t\/#breadcrumb\",\"itemListElement\":[{\"@type\":\"ListItem\",\"position\":1,\"name\":\"Portada\",\"item\":\"https:\/\/www.fleximat.es\/\"},{\"@type\":\"ListItem\",\"position\":2,\"name\":\"Productos\",\"item\":\"https:\/\/www.fleximat.es\/en\/productos\/\"},{\"@type\":\"ListItem\",\"position\":3,\"name\":\"Derivaci\u00f3n para tubo poliamida en T\"}]},{\"@type\":\"WebSite\",\"@id\":\"https:\/\/www.fleximat.es\/bn\/#website\",\"url\":\"https:\/\/www.fleximat.es\/bn\/\",\"name\":\"Fleximat\",\"description\":\"Tu soluci\u00f3n en prensaestopas y tubos flexibles\",\"publisher\":{\"@id\":\"https:\/\/www.fleximat.es\/bn\/#organization\"},\"potentialAction\":[{\"@type\":\"SearchAction\",\"target\":{\"@type\":\"EntryPoint\",\"urlTemplate\":\"https:\/\/www.fleximat.es\/bn\/?s={search_term_string}\"},\"query-input\":\"required name=search_term_string\"}],\"inLanguage\":\"fr-FR\"},{\"@type\":\"Organization\",\"@id\":\"https:\/\/www.fleximat.es\/bn\/#organization\",\"name\":\"Fleximat\",\"url\":\"https:\/\/www.fleximat.es\/bn\/\",\"logo\":{\"@type\":\"ImageObject\",\"inLanguage\":\"fr-FR\",\"@id\":\"https:\/\/www.fleximat.es\/bn\/#\/schema\/logo\/image\/\",\"url\":\"https:\/\/www.fleximat.es\/wp-content\/uploads\/2023\/11\/fleximat-logo-1.png\",\"contentUrl\":\"https:\/\/www.fleximat.es\/wp-content\/uploads\/2023\/11\/fleximat-logo-1.png\",\"width\":1169,\"height\":289,\"caption\":\"Fleximat\"},\"image\":{\"@id\":\"https:\/\/www.fleximat.es\/bn\/#\/schema\/logo\/image\/\"}}]}<\/script>\n<!-- \/ Yoast SEO plugin. -->","yoast_head_json":{"title":"Derivaci\u00f3n para tubo poliamida en T - Fleximat","robots":{"index":"index","follow":"follow","max-snippet":"max-snippet:-1","max-image-preview":"max-image-preview:large","max-video-preview":"max-video-preview:-1"},"canonical":"https:\/\/www.fleximat.es\/fr\/product\/derivacion-para-tubo-poliamida-en-t\/","og_locale":"fr_FR","og_type":"article","og_title":"Derivaci\u00f3n para tubo poliamida en T - Fleximat","og_description":"Caracter\u00edsticas    Tipo de Rosca PG (DIN 40430)   Temperatura de trabajo continua -30 \u00baC +80 \u00baC","og_url":"https:\/\/www.fleximat.es\/fr\/product\/derivacion-para-tubo-poliamida-en-t\/","og_site_name":"Fleximat","article_modified_time":"2023-10-25T07:11:18+00:00","og_image":[{"width":600,"height":600,"url":"https:\/\/www.fleximat.es\/wp-content\/uploads\/2023\/10\/th_crop_1563970964derivacion-t-exterior.jpg","type":"image\/jpeg"}],"twitter_card":"summary_large_image","twitter_misc":{"Dur\u00e9e de lecture estim\u00e9e":"1 minute"},"schema":{"@context":"https:\/\/schema.org","@graph":[{"@type":"WebPage","@id":"https:\/\/www.fleximat.es\/zh\/product\/derivacion-para-tubo-poliamida-en-t\/","url":"https:\/\/www.fleximat.es\/zh\/product\/derivacion-para-tubo-poliamida-en-t\/","name":"Derivaci\u00f3n para tubo poliamida en T - Fleximat","isPartOf":{"@id":"https:\/\/www.fleximat.es\/bn\/#website"},"datePublished":"2023-10-18T15:54:27+00:00","dateModified":"2023-10-25T07:11:18+00:00","breadcrumb":{"@id":"https:\/\/www.fleximat.es\/zh\/product\/derivacion-para-tubo-poliamida-en-t\/#breadcrumb"},"inLanguage":"fr-FR","potentialAction":[{"@type":"ReadAction","target":["https:\/\/www.fleximat.es\/zh\/product\/derivacion-para-tubo-poliamida-en-t\/"]}]},{"@type":"BreadcrumbList","@id":"https:\/\/www.fleximat.es\/zh\/product\/derivacion-para-tubo-poliamida-en-t\/#breadcrumb","itemListElement":[{"@type":"ListItem","position":1,"name":"Portada","item":"https:\/\/www.fleximat.es\/"},{"@type":"ListItem","position":2,"name":"Productos","item":"https:\/\/www.fleximat.es\/en\/productos\/"},{"@type":"ListItem","position":3,"name":"Derivaci\u00f3n para tubo poliamida en T"}]},{"@type":"WebSite","@id":"https:\/\/www.fleximat.es\/bn\/#website","url":"https:\/\/www.fleximat.es\/bn\/","name":"Fleximat","description":"Tu soluci\u00f3n en prensaestopas y tubos flexibles","publisher":{"@id":"https:\/\/www.fleximat.es\/bn\/#organization"},"potentialAction":[{"@type":"SearchAction","target":{"@type":"EntryPoint","urlTemplate":"https:\/\/www.fleximat.es\/bn\/?s={search_term_string}"},"query-input":"required name=search_term_string"}],"inLanguage":"fr-FR"},{"@type":"Organization","@id":"https:\/\/www.fleximat.es\/bn\/#organization","name":"Fleximat","url":"https:\/\/www.fleximat.es\/bn\/","logo":{"@type":"ImageObject","inLanguage":"fr-FR","@id":"https:\/\/www.fleximat.es\/bn\/#\/schema\/logo\/image\/","url":"https:\/\/www.fleximat.es\/wp-content\/uploads\/2023\/11\/fleximat-logo-1.png","contentUrl":"https:\/\/www.fleximat.es\/wp-content\/uploads\/2023\/11\/fleximat-logo-1.png","width":1169,"height":289,"caption":"Fleximat"},"image":{"@id":"https:\/\/www.fleximat.es\/bn\/#\/schema\/logo\/image\/"}}]}},"taxonomy_info":{"product_cat":[{"value":68,"label":"Tubos flexibles, racores y accesorios"},{"value":77,"label":"Tubos flexibles de poliamida y accesorios"}]},"featured_image_src_large":["https:\/\/www.fleximat.es\/wp-content\/uploads\/2023\/10\/th_crop_1563970964derivacion-t-exterior.jpg",600,600,false],"author_info":[],"comment_info":"","_links":{"self":[{"href":"https:\/\/www.fleximat.es\/fr\/wp-json\/wp\/v2\/product\/1760"}],"collection":[{"href":"https:\/\/www.fleximat.es\/fr\/wp-json\/wp\/v2\/product"}],"about":[{"href":"https:\/\/www.fleximat.es\/fr\/wp-json\/wp\/v2\/types\/product"}],"wp:featuredmedia":[{"embeddable":true,"href":"https:\/\/www.fleximat.es\/fr\/wp-json\/wp\/v2\/media\/1787"}],"wp:attachment":[{"href":"https:\/\/www.fleximat.es\/fr\/wp-json\/wp\/v2\/media?parent=1760"}],"wp:term":[{"taxonomy":"product_cat","embeddable":true,"href":"https:\/\/www.fleximat.es\/fr\/wp-json\/wp\/v2\/product_cat?post=1760"},{"taxonomy":"product_tag","embeddable":true,"href":"https:\/\/www.fleximat.es\/fr\/wp-json\/wp\/v2\/product_tag?post=1760"}],"curies":[{"name":"wp","href":"https:\/\/api.w.org\/{rel}","templated":true}]}}