{"id":1838,"date":"2023-10-18T17:55:20","date_gmt":"2023-10-18T15:55:20","guid":{"rendered":"https:\/\/www.fleximat.es\/?post_type=product&#038;p=1838"},"modified":"2023-10-25T09:00:01","modified_gmt":"2023-10-25T07:00:01","slug":"caja-surtido-punteras-sin-aislar","status":"publish","type":"product","link":"https:\/\/www.fleximat.es\/fr\/produit\/caja-surtido-punteras-sin-aislar\/","title":{"rendered":"Bo\u00eete d&#039;assortiment de pointes non isol\u00e9es"},"content":{"rendered":"<h3>description du produit<\/h3>\n<p>Une virole de mise \u00e0 la terre isol\u00e9e est un tube en m\u00e9tal souple l\u00e9ger qui se sertit sur l&#039;extr\u00e9mit\u00e9 d&#039;un c\u00e2ble toronn\u00e9 pour am\u00e9liorer les caract\u00e9ristiques de connexion du c\u00e2ble.<\/p>\n<p>La plupart des viroles de mise \u00e0 la terre isol\u00e9es sont en cuivre, g\u00e9n\u00e9ralement \u00e9tam\u00e9. Chaque virole est con\u00e7ue pour un calibre de fil sp\u00e9cifique, \u00e0 la fois en diam\u00e8tre et en longueur.<\/p>\n<p>De plus, il existe plusieurs types d\u2019embouts en fonction de leur application.<\/p>\n<p>Il s&#039;agit notamment des ferrules isol\u00e9es par bobine, des ferrules \u00e0 double isolation, des ferrules non isol\u00e9es et des ferrules isol\u00e9es avec connexion \u00e0 la terre. A cela s&#039;ajoute la possibilit\u00e9 de les appliquer en vrac, en cartouche ou en diff\u00e9rentes tailles de bobines. Nous les avons tous !<\/p>\n<table width=\"423\">\n<tbody>\n<tr>\n<td width=\"226\">Contenu<\/td>\n<td width=\"67\">Couleur<\/td>\n<td width=\"92\">Num\u00e9ro d&#039;art.<\/td>\n<\/tr>\n<tr>\n<td>Type 1<\/td>\n<td width=\"226\">500 x 0,25-5\/ 034-5\/<\/p>\n<p>0,50-6\/ 0,75-6\/ 1,00-6<\/td>\n<td>0,25 &#8211; 1,00<\/td>\n<td>025 USD<\/td>\n<\/tr>\n<tr>\n<td rowspan=\"3\">Type 2<\/td>\n<td>500 x 0,50-6\/ 0,75-6<\/td>\n<td>0,50 &#8211; 2,50<\/td>\n<td rowspan=\"3\">050\u00a0USD<\/td>\n<\/tr>\n<tr>\n<td>400 x 1,00-6\/ 300 x 1,50-7<\/td>\n<td><\/td>\n<\/tr>\n<tr>\n<td>200 x 2,50-7<\/td>\n<td><\/td>\n<\/tr>\n<tr>\n<td rowspan=\"3\">Tapez 3<\/td>\n<td>150x4.00-9<\/td>\n<td rowspan=\"3\">4,00 &#8211; 16,00<\/td>\n<td rowspan=\"3\">400 USD<\/td>\n<\/tr>\n<tr>\n<td>75 x 6h00-12h \/ 10h00-12h00<\/td>\n<\/tr>\n<tr>\n<td>50 x 16h00-12h00<\/td>\n<\/tr>\n<\/tbody>\n<\/table>","protected":false},"excerpt":{"rendered":"<h3>Caract\u00e9ristiques<\/h3>\n<table>\n<tbody>\n<tr>\n<td><strong>Mat\u00e9riel<\/strong><\/td>\n<td>E-Cuivre \/ PP 105\u00b0<\/td>\n<\/tr>\n<tr>\n<td><strong>Surface<\/strong><\/td>\n<td>Cincada<\/td>\n<\/tr>\n<tr>\n<td><strong>Salle de bain minimale<\/strong><\/td>\n<td>3\u00b5m<\/td>\n<\/tr>\n<\/tbody>\n<\/table>","protected":false},"featured_media":1861,"template":"","meta":{"_kad_blocks_custom_css":"","_kad_blocks_head_custom_js":"","_kad_blocks_body_custom_js":"","_kad_blocks_footer_custom_js":"","_kadence_starter_templates_imported_post":false,"_kad_post_transparent":"default","_kad_post_title":"","_kad_post_layout":"default","_kad_post_sidebar_id":"","_kad_post_content_style":"default","_kad_post_vertical_padding":"default","_kad_post_feature":"","_kad_post_feature_position":"","_kad_post_header":false,"_kad_post_footer":false},"product_cat":[75,79],"product_tag":[],"class_list":{"0":"post-1838","1":"product","2":"type-product","3":"status-publish","4":"has-post-thumbnail","6":"product_cat-punteras-de-conexion","7":"product_cat-surtido-punteras","9":"first","10":"instock","11":"shipping-taxable","12":"product-type-simple","13":"entry","14":"content-bg","15":"loop-entry"},"yoast_head":"<!-- This site is optimized with the Yoast SEO plugin v21.7 - https:\/\/yoast.com\/wordpress\/plugins\/seo\/ -->\n<title>Caja Surtido Punteras Sin Aislar - Fleximat<\/title>\n<meta name=\"robots\" content=\"index, follow, max-snippet:-1, max-image-preview:large, max-video-preview:-1\" \/>\n<link rel=\"canonical\" href=\"https:\/\/www.fleximat.es\/fr\/produit\/caja-surtido-punteras-sin-aislar\/\" \/>\n<meta property=\"og:locale\" content=\"fr_FR\" \/>\n<meta property=\"og:type\" content=\"article\" \/>\n<meta property=\"og:title\" content=\"Caja Surtido Punteras Sin Aislar - Fleximat\" \/>\n<meta property=\"og:description\" content=\"Caracter\u00edsticas    Material E-Cobre \/ PP 105\u00b0   Superficie Cincada   Ba\u00f1o m\u00ednimo 3\u00b5m\" \/>\n<meta property=\"og:url\" content=\"https:\/\/www.fleximat.es\/fr\/produit\/caja-surtido-punteras-sin-aislar\/\" \/>\n<meta property=\"og:site_name\" content=\"Fleximat\" \/>\n<meta property=\"article:modified_time\" content=\"2023-10-25T07:00:01+00:00\" \/>\n<meta property=\"og:image\" content=\"https:\/\/www.fleximat.es\/wp-content\/uploads\/2023\/10\/th_crop_1568882669caja-surtido-puntera-sin-aislar.png\" \/>\n\t<meta property=\"og:image:width\" content=\"600\" \/>\n\t<meta property=\"og:image:height\" content=\"600\" \/>\n\t<meta property=\"og:image:type\" content=\"image\/png\" \/>\n<meta name=\"twitter:card\" content=\"summary_large_image\" \/>\n<meta name=\"twitter:label1\" content=\"Dur\u00e9e de lecture estim\u00e9e\" \/>\n\t<meta name=\"twitter:data1\" content=\"1 minute\" \/>\n<script type=\"application\/ld+json\" class=\"yoast-schema-graph\">{\"@context\":\"https:\/\/schema.org\",\"@graph\":[{\"@type\":\"WebPage\",\"@id\":\"https:\/\/www.fleximat.es\/producto\/caja-surtido-punteras-sin-aislar\/\",\"url\":\"https:\/\/www.fleximat.es\/producto\/caja-surtido-punteras-sin-aislar\/\",\"name\":\"Caja Surtido Punteras Sin Aislar - Fleximat\",\"isPartOf\":{\"@id\":\"https:\/\/www.fleximat.es\/bn\/#website\"},\"datePublished\":\"2023-10-18T15:55:20+00:00\",\"dateModified\":\"2023-10-25T07:00:01+00:00\",\"breadcrumb\":{\"@id\":\"https:\/\/www.fleximat.es\/producto\/caja-surtido-punteras-sin-aislar\/#breadcrumb\"},\"inLanguage\":\"fr-FR\",\"potentialAction\":[{\"@type\":\"ReadAction\",\"target\":[\"https:\/\/www.fleximat.es\/producto\/caja-surtido-punteras-sin-aislar\/\"]}]},{\"@type\":\"BreadcrumbList\",\"@id\":\"https:\/\/www.fleximat.es\/producto\/caja-surtido-punteras-sin-aislar\/#breadcrumb\",\"itemListElement\":[{\"@type\":\"ListItem\",\"position\":1,\"name\":\"Portada\",\"item\":\"https:\/\/www.fleximat.es\/\"},{\"@type\":\"ListItem\",\"position\":2,\"name\":\"Productos\",\"item\":\"https:\/\/www.fleximat.es\/en\/productos\/\"},{\"@type\":\"ListItem\",\"position\":3,\"name\":\"Caja Surtido Punteras Sin Aislar\"}]},{\"@type\":\"WebSite\",\"@id\":\"https:\/\/www.fleximat.es\/bn\/#website\",\"url\":\"https:\/\/www.fleximat.es\/bn\/\",\"name\":\"Fleximat\",\"description\":\"Tu soluci\u00f3n en prensaestopas y tubos flexibles\",\"publisher\":{\"@id\":\"https:\/\/www.fleximat.es\/bn\/#organization\"},\"potentialAction\":[{\"@type\":\"SearchAction\",\"target\":{\"@type\":\"EntryPoint\",\"urlTemplate\":\"https:\/\/www.fleximat.es\/bn\/?s={search_term_string}\"},\"query-input\":\"required name=search_term_string\"}],\"inLanguage\":\"fr-FR\"},{\"@type\":\"Organization\",\"@id\":\"https:\/\/www.fleximat.es\/bn\/#organization\",\"name\":\"Fleximat\",\"url\":\"https:\/\/www.fleximat.es\/bn\/\",\"logo\":{\"@type\":\"ImageObject\",\"inLanguage\":\"fr-FR\",\"@id\":\"https:\/\/www.fleximat.es\/bn\/#\/schema\/logo\/image\/\",\"url\":\"https:\/\/www.fleximat.es\/wp-content\/uploads\/2023\/11\/fleximat-logo-1.png\",\"contentUrl\":\"https:\/\/www.fleximat.es\/wp-content\/uploads\/2023\/11\/fleximat-logo-1.png\",\"width\":1169,\"height\":289,\"caption\":\"Fleximat\"},\"image\":{\"@id\":\"https:\/\/www.fleximat.es\/bn\/#\/schema\/logo\/image\/\"}}]}<\/script>\n<!-- \/ Yoast SEO plugin. -->","yoast_head_json":{"title":"Caja Surtido Punteras Sin Aislar - Fleximat","robots":{"index":"index","follow":"follow","max-snippet":"max-snippet:-1","max-image-preview":"max-image-preview:large","max-video-preview":"max-video-preview:-1"},"canonical":"https:\/\/www.fleximat.es\/fr\/produit\/caja-surtido-punteras-sin-aislar\/","og_locale":"fr_FR","og_type":"article","og_title":"Caja Surtido Punteras Sin Aislar - Fleximat","og_description":"Caracter\u00edsticas    Material E-Cobre \/ PP 105\u00b0   Superficie Cincada   Ba\u00f1o m\u00ednimo 3\u00b5m","og_url":"https:\/\/www.fleximat.es\/fr\/produit\/caja-surtido-punteras-sin-aislar\/","og_site_name":"Fleximat","article_modified_time":"2023-10-25T07:00:01+00:00","og_image":[{"width":600,"height":600,"url":"https:\/\/www.fleximat.es\/wp-content\/uploads\/2023\/10\/th_crop_1568882669caja-surtido-puntera-sin-aislar.png","type":"image\/png"}],"twitter_card":"summary_large_image","twitter_misc":{"Dur\u00e9e de lecture estim\u00e9e":"1 minute"},"schema":{"@context":"https:\/\/schema.org","@graph":[{"@type":"WebPage","@id":"https:\/\/www.fleximat.es\/producto\/caja-surtido-punteras-sin-aislar\/","url":"https:\/\/www.fleximat.es\/producto\/caja-surtido-punteras-sin-aislar\/","name":"Caja Surtido Punteras Sin Aislar - Fleximat","isPartOf":{"@id":"https:\/\/www.fleximat.es\/bn\/#website"},"datePublished":"2023-10-18T15:55:20+00:00","dateModified":"2023-10-25T07:00:01+00:00","breadcrumb":{"@id":"https:\/\/www.fleximat.es\/producto\/caja-surtido-punteras-sin-aislar\/#breadcrumb"},"inLanguage":"fr-FR","potentialAction":[{"@type":"ReadAction","target":["https:\/\/www.fleximat.es\/producto\/caja-surtido-punteras-sin-aislar\/"]}]},{"@type":"BreadcrumbList","@id":"https:\/\/www.fleximat.es\/producto\/caja-surtido-punteras-sin-aislar\/#breadcrumb","itemListElement":[{"@type":"ListItem","position":1,"name":"Portada","item":"https:\/\/www.fleximat.es\/"},{"@type":"ListItem","position":2,"name":"Productos","item":"https:\/\/www.fleximat.es\/en\/productos\/"},{"@type":"ListItem","position":3,"name":"Caja Surtido Punteras Sin Aislar"}]},{"@type":"WebSite","@id":"https:\/\/www.fleximat.es\/bn\/#website","url":"https:\/\/www.fleximat.es\/bn\/","name":"Fleximat","description":"Tu soluci\u00f3n en prensaestopas y tubos flexibles","publisher":{"@id":"https:\/\/www.fleximat.es\/bn\/#organization"},"potentialAction":[{"@type":"SearchAction","target":{"@type":"EntryPoint","urlTemplate":"https:\/\/www.fleximat.es\/bn\/?s={search_term_string}"},"query-input":"required name=search_term_string"}],"inLanguage":"fr-FR"},{"@type":"Organization","@id":"https:\/\/www.fleximat.es\/bn\/#organization","name":"Fleximat","url":"https:\/\/www.fleximat.es\/bn\/","logo":{"@type":"ImageObject","inLanguage":"fr-FR","@id":"https:\/\/www.fleximat.es\/bn\/#\/schema\/logo\/image\/","url":"https:\/\/www.fleximat.es\/wp-content\/uploads\/2023\/11\/fleximat-logo-1.png","contentUrl":"https:\/\/www.fleximat.es\/wp-content\/uploads\/2023\/11\/fleximat-logo-1.png","width":1169,"height":289,"caption":"Fleximat"},"image":{"@id":"https:\/\/www.fleximat.es\/bn\/#\/schema\/logo\/image\/"}}]}},"taxonomy_info":{"product_cat":[{"value":75,"label":"Punteras de conexi\u00f3n"},{"value":79,"label":"Surtido Punteras"}]},"featured_image_src_large":["https:\/\/www.fleximat.es\/wp-content\/uploads\/2023\/10\/th_crop_1568882669caja-surtido-puntera-sin-aislar.png",600,600,false],"author_info":[],"comment_info":"","_links":{"self":[{"href":"https:\/\/www.fleximat.es\/fr\/wp-json\/wp\/v2\/product\/1838"}],"collection":[{"href":"https:\/\/www.fleximat.es\/fr\/wp-json\/wp\/v2\/product"}],"about":[{"href":"https:\/\/www.fleximat.es\/fr\/wp-json\/wp\/v2\/types\/product"}],"wp:featuredmedia":[{"embeddable":true,"href":"https:\/\/www.fleximat.es\/fr\/wp-json\/wp\/v2\/media\/1861"}],"wp:attachment":[{"href":"https:\/\/www.fleximat.es\/fr\/wp-json\/wp\/v2\/media?parent=1838"}],"wp:term":[{"taxonomy":"product_cat","embeddable":true,"href":"https:\/\/www.fleximat.es\/fr\/wp-json\/wp\/v2\/product_cat?post=1838"},{"taxonomy":"product_tag","embeddable":true,"href":"https:\/\/www.fleximat.es\/fr\/wp-json\/wp\/v2\/product_tag?post=1838"}],"curies":[{"name":"wp","href":"https:\/\/api.w.org\/{rel}","templated":true}]}}